{"id":63396,"date":"2022-11-04T08:28:17","date_gmt":"2022-11-04T08:28:17","guid":{"rendered":"https:\/\/www.accuratereviews.com\/?page_id=63396"},"modified":"2022-11-04T08:28:17","modified_gmt":"2022-11-04T08:28:17","slug":"glasswire-recensione","status":"publish","type":"page","link":"https:\/\/www.accuratereviews.com\/it\/software-di-crittografia\/glasswire-recensione\/","title":{"rendered":"GlassWire"},"content":{"rendered":"<p><strong>GlassWire<\/strong> \u00e8 una<strong> piattaforma di monitoraggio<\/strong> e<strong> sicurezza della rete<\/strong> che fornisce alle aziende strumenti tra cui il monitoraggio della rete in tempo reale, un firewall integrato, funzionalit\u00e0 di sicurezza Internet, avvisi, monitoraggio dell&#8217;utilizzo della larghezza di banda, controllo del server e altro ancora. Offre un&#8217;app Android per consentire agli utenti di monitorare le reti in movimento utilizzando qualsiasi dispositivo Android abilitato a Internet.\u00a0Con gli strumenti di monitoraggio visivo della rete all&#8217;interno di <strong>GlassWire<\/strong>, le aziende possono visualizzare l&#8217;attivit\u00e0 di rete passata e presente e approfondire quali applicazioni utilizzano la maggior parte della larghezza di banda. Tutti i dati sono presentati in report visivi e grafici di facile comprensione per aiutare gli utenti a capire meglio come viene utilizzata la rete. L&#8217;utilizzo della rete pu\u00f2 essere monitorato in base a un&#8217;ora, un giorno, una settimana o un mese specifici utilizzando la visualizzazione sequenza temporale.<\/p>\n<h2>GLASSWIRE &#8211; TUTORIAL<\/h2>\n<div id=\"fluid-wrapper-counter-1\" class=\"g1-fluid-wrapper \" style=\"width:686px;\">\n<div style=\"padding-bottom:56.268221574344%;\"><iframe loading=\"lazy\" title=\"VideoGuide - Controllare Traffico Dati, Programmi, Attivit\u00e0 Sospette su Smartphone con Glasswire App\" width=\"686\" height=\"386\" src=\"https:\/\/www.youtube.com\/embed\/t3UAJF6ksK0?feature=oembed&amp;wmode=transparent&amp;autohide=1&amp;autoplay=0&amp;disablekb=0&amp;fs=1&amp;loop=0&amp;enablejsapi=1&amp;rel=0&amp;controls=2&amp;showinfo=0&amp;wmode=transparent&amp;autohide=2&amp;autoplay=0&amp;disablekb=0&amp;fs=1&amp;loop=0&amp;enablejsapi=1&amp;rel=0&amp;controls=2&amp;showinfo=1\" frameborder=\"0\" allow=\"accelerometer; autoplay; clipboard-write; encrypted-media; gyroscope; picture-in-picture\" allowfullscreen><\/iframe><\/div>\n<\/div>\n<h3>GLASSWIRE &#8211; CARATTERISTICHE<\/h3>\n<ul>\n<li>Visualizza tutti i dati di rete passati e presenti in un grafico dal design accattivante e di facile comprensione.<\/li>\n<li>Al centro, la sicurezza degli endpoint il programma protegge i tuoi dispositivi con una combinazione semplice ma potente di monitoraggio e blocco dei dati scambiati, tramite un firewall personale dedicato. Inizia a filtrare app e dati potenzialmente pericolosi.<\/li>\n<li>Tieni traccia dei dati che ogni singola app sta scambiando. Ricevi un avviso in caso di picchi di traffico anormali e impedisci il download o il caricamento di software di cui non ti fidi.<\/li>\n<li>Un sistema di notifica avanzato previene gli avvisi ridondanti. Nuove connessioni, consumo anomalo di dati e modifiche alle versioni del software attivano immediatamente un avviso.<\/li>\n<li>Puoi configurare profili di sicurezza personalizzati e attivarli in un solo clic. Imposta le configurazioni predefinite per consentire o negare gruppi di app in base alle tue esigenze.<\/li>\n<li>Installa la soluzione sui tuoi server remoti e virtuali e configura il software per consentire solo fonti di traffico affidabili. Previeni le app dannose e blocca le attivit\u00e0 sospette.<\/li>\n<li>Naviga in Internet in sicurezza. Visualizza tutti i dati di rete passati e presenti dai tuoi dispositivi e server in un grafico meravigliosamente informativo.<\/li>\n<li>Monitora continuamente le applicazioni e i processi che comunicano su Internet e con chi o da dove comunicano le tue applicazioni.<\/li>\n<li>Gli avvisi intelligenti ti avviseranno ogni volta che una nuova applicazione accede alla rete in modo che tu possa identificare potenziali vulnerabilit\u00e0 e bloccarle in modo proattivo.<\/li>\n<\/ul>\n<h4>LE RECENSIONI DEGLI UTENTI<\/h4>\n<p><strong>Youssef &#8220;Monitorare l&#8217;utilizzo della rete e aggiornare la sicurezza della rete&#8221;<\/strong><br \/>\n<strong>Pro<\/strong>: con una connessione a consumo dovevo monitorare il mio utilizzo ed \u00e8 allora che entra in gioco GlassWire, il software ha monitorato il mio utilizzo dei dati mi ha aiutato ad analizzare il mio utilizzo come quale app utilizzava pi\u00f9 dati e mi ha fornito una panoramica del mio utilizzo<br \/>\n<strong>Contro<\/strong>: non ci sono veri contro ma ho riscontrato un problema con il software: in due anni di utilizzo dell&#8217;app non riesco a ricordare un aggiornamento \/ funzionalit\u00e0 aggiunta significativa ottimo software ma manca di nuove funzionalit\u00e0 da aggiungere ogni tanto<\/p>\n<p><strong>Krasimir &#8220;Semplice ed efficace&#8221;<\/strong><br \/>\n<strong>Commenti<\/strong>: Sono stato un utente gratuito per un po&#8217; e alla fine ho deciso di passare a un abbonamento, perch\u00e9 voglio davvero supportare il team e il loro fantastico prodotto.<br \/>\n<strong>Pro<\/strong>: Lo uso da molto tempo, perch\u00e9 si \u00e8 dimostrato uno degli strumenti pi\u00f9 utili che puoi avere sul tuo computer personale o di lavoro. \u00c8 ottimo per tracciare il tuo traffico e rilevare le intrusioni in un&#8217;interfaccia semplice da usare.<br \/>\n<strong>Contro<\/strong>: La versione gratuita del software non include un firewall e fornisce solo statistiche, ma \u00e8 comunque ottima per un software gratuito.<\/p>\n<p><strong>Ankit<\/strong> <strong>&#8220;Altamente raccomandato&#8221;<\/strong><br \/>\n<strong>Commenti<\/strong>: ottimo strumento e altamente raccomandato<br \/>\n<strong>Pro<\/strong>: Ottimo strumento per monitorare grafico, utilizzo basato su app, traffico e parte dell&#8217;editore. . Ottieni opzioni per verificare quali dispositivi sono collegati alla tua rete . Gli avvisi per la connessione di rete sono istantanei. Tema personalizzabile, avviso posticipato, modalit\u00e0 di navigazione in incognito sono alcune funzionalit\u00e0 aggiuntive. Ottieni opzioni per controllare la tua rete e un potere per approvare o negare la richiesta di rete. . Ottieni opzioni per rimuovere utenti dalla rete. Prezzo saggio perfetto e tascabile con il numero di utenti e le opzioni che ottieni.<br \/>\n<strong>Contro<\/strong>: Molte personalizzazioni che possono confondere l&#8217;utente. . La notifica pu\u00f2 essere fastidiosa poich\u00e9 ricevi un avviso per ogni attivit\u00e0 sulla rete.<\/p>\n","protected":false},"excerpt":{"rendered":"<p>GlassWire \u00e8 una piattaforma di monitoraggio e sicurezza della rete che fornisce alle aziende strumenti tra cui il monitoraggio della rete in tempo reale, un firewall integrato, funzionalit\u00e0 di sicurezza Internet, avvisi, monitoraggio dell&#8217;utilizzo della larghezza di banda, controllo del server e altro ancora. Offre un&#8217;app Android per consentire agli utenti di monitorare le reti in movimento utilizzando qualsiasi dispositivo Android abilitato a Internet.\u00a0<\/p>\n","protected":false},"author":19,"featured_media":63400,"parent":62847,"menu_order":0,"comment_status":"open","ping_status":"closed","template":"g1_template_page_review_new.php","meta":{"_acf_changed":false,"cwp_meta_box_check":"No","cwp_rev_product_name":"","cwp_rev_product_image":"","wppr_links":[],"cwp_rev_price":"","wppr_options":[],"wppr_pros":[],"wppr_cons":[],"_monsterinsights_skip_tracking":false,"_monsterinsights_sitenote_active":false,"_monsterinsights_sitenote_note":"","_monsterinsights_sitenote_category":0,"footnotes":""},"categories":[13617],"tags":[13619,730,13683,13618,13614,13612,13613],"features":[],"class_list":{"0":"post-63396","1":"page","2":"type-page","3":"status-publish","4":"has-post-thumbnail","6":"category-software-crittografia-cat","7":"tag-app-di-crittografia","8":"tag-crittografia","9":"tag-glasswire","10":"tag-piattaforma-di-crittografia","11":"tag-programma-di-crittografia","12":"tag-software-di-crittografia","13":"tag-soluzione-di-crittografia"},"wppr_data":{"cwp_meta_box_check":"No"},"acf":[],"yoast_head":"<!-- This site is optimized with the Yoast SEO plugin v27.4 - https:\/\/yoast.com\/product\/yoast-seo-wordpress\/ -->\n<title>GlassWire: recensione software di crittografia - Accurate Reviews<\/title>\n<meta name=\"description\" content=\"GlassWire: recensione piattaforma di monitoraggio e sicurezza della rete che fornisce alle aziende strumenti potenti e robusti.\" \/>\n<meta name=\"robots\" content=\"index, follow, max-snippet:-1, max-image-preview:large, max-video-preview:-1\" \/>\n<link rel=\"canonical\" href=\"https:\/\/www.accuratereviews.com\/it\/software-di-crittografia\/glasswire-recensione\/\" \/>\n<meta property=\"og:locale\" content=\"it_IT\" \/>\n<meta property=\"og:type\" content=\"article\" \/>\n<meta property=\"og:title\" content=\"GlassWire: recensione software di crittografia - Accurate Reviews\" \/>\n<meta property=\"og:description\" content=\"GlassWire: recensione piattaforma di monitoraggio e sicurezza della rete che fornisce alle aziende strumenti potenti e robusti.\" \/>\n<meta property=\"og:url\" content=\"https:\/\/www.accuratereviews.com\/it\/software-di-crittografia\/glasswire-recensione\/\" \/>\n<meta property=\"og:site_name\" content=\"Accurate Reviews\" \/>\n<meta property=\"og:image\" content=\"https:\/\/www.accuratereviews.com\/wp-content\/uploads\/2022\/11\/glasswire-logo.png\" \/>\n\t<meta property=\"og:image:width\" content=\"229\" \/>\n\t<meta property=\"og:image:height\" content=\"214\" \/>\n\t<meta property=\"og:image:type\" content=\"image\/png\" \/>\n<meta name=\"twitter:card\" content=\"summary_large_image\" \/>\n<meta name=\"twitter:label1\" content=\"Tempo di lettura stimato\" \/>\n\t<meta name=\"twitter:data1\" content=\"4 minuti\" \/>\n<script type=\"application\/ld+json\" class=\"yoast-schema-graph\">{\"@context\":\"https:\\\/\\\/schema.org\",\"@graph\":[{\"@type\":\"WebPage\",\"@id\":\"https:\\\/\\\/www.accuratereviews.com\\\/it\\\/software-di-crittografia\\\/glasswire-recensione\\\/\",\"url\":\"https:\\\/\\\/www.accuratereviews.com\\\/it\\\/software-di-crittografia\\\/glasswire-recensione\\\/\",\"name\":\"GlassWire: recensione software di crittografia - Accurate Reviews\",\"isPartOf\":{\"@id\":\"https:\\\/\\\/www.accuratereviews.com\\\/it\\\/#website\"},\"primaryImageOfPage\":{\"@id\":\"https:\\\/\\\/www.accuratereviews.com\\\/it\\\/software-di-crittografia\\\/glasswire-recensione\\\/#primaryimage\"},\"image\":{\"@id\":\"https:\\\/\\\/www.accuratereviews.com\\\/it\\\/software-di-crittografia\\\/glasswire-recensione\\\/#primaryimage\"},\"thumbnailUrl\":\"https:\\\/\\\/www.accuratereviews.com\\\/wp-content\\\/uploads\\\/2022\\\/11\\\/glasswire-logo.png\",\"datePublished\":\"2022-11-04T08:28:17+00:00\",\"description\":\"GlassWire: recensione piattaforma di monitoraggio e sicurezza della rete che fornisce alle aziende strumenti potenti e robusti.\",\"breadcrumb\":{\"@id\":\"https:\\\/\\\/www.accuratereviews.com\\\/it\\\/software-di-crittografia\\\/glasswire-recensione\\\/#breadcrumb\"},\"inLanguage\":\"it-IT\",\"potentialAction\":[{\"@type\":\"ReadAction\",\"target\":[\"https:\\\/\\\/www.accuratereviews.com\\\/it\\\/software-di-crittografia\\\/glasswire-recensione\\\/\"]}]},{\"@type\":\"ImageObject\",\"inLanguage\":\"it-IT\",\"@id\":\"https:\\\/\\\/www.accuratereviews.com\\\/it\\\/software-di-crittografia\\\/glasswire-recensione\\\/#primaryimage\",\"url\":\"https:\\\/\\\/www.accuratereviews.com\\\/wp-content\\\/uploads\\\/2022\\\/11\\\/glasswire-logo.png\",\"contentUrl\":\"https:\\\/\\\/www.accuratereviews.com\\\/wp-content\\\/uploads\\\/2022\\\/11\\\/glasswire-logo.png\",\"width\":229,\"height\":214},{\"@type\":\"BreadcrumbList\",\"@id\":\"https:\\\/\\\/www.accuratereviews.com\\\/it\\\/software-di-crittografia\\\/glasswire-recensione\\\/#breadcrumb\",\"itemListElement\":[{\"@type\":\"ListItem\",\"position\":1,\"name\":\"Home\",\"item\":\"https:\\\/\\\/www.accuratereviews.com\\\/it\\\/\"},{\"@type\":\"ListItem\",\"position\":2,\"name\":\"Software di crittografia\",\"item\":\"https:\\\/\\\/www.accuratereviews.com\\\/it\\\/software-di-crittografia\\\/\"},{\"@type\":\"ListItem\",\"position\":3,\"name\":\"GlassWire\"}]},{\"@type\":\"WebSite\",\"@id\":\"https:\\\/\\\/www.accuratereviews.com\\\/it\\\/#website\",\"url\":\"https:\\\/\\\/www.accuratereviews.com\\\/it\\\/\",\"name\":\"Accurate Reviews\",\"description\":\"\",\"potentialAction\":[{\"@type\":\"SearchAction\",\"target\":{\"@type\":\"EntryPoint\",\"urlTemplate\":\"https:\\\/\\\/www.accuratereviews.com\\\/it\\\/?s={search_term_string}\"},\"query-input\":{\"@type\":\"PropertyValueSpecification\",\"valueRequired\":true,\"valueName\":\"search_term_string\"}}],\"inLanguage\":\"it-IT\"}]}<\/script>\n<!-- \/ Yoast SEO plugin. -->","yoast_head_json":{"title":"GlassWire: recensione software di crittografia - Accurate Reviews","description":"GlassWire: recensione piattaforma di monitoraggio e sicurezza della rete che fornisce alle aziende strumenti potenti e robusti.","robots":{"index":"index","follow":"follow","max-snippet":"max-snippet:-1","max-image-preview":"max-image-preview:large","max-video-preview":"max-video-preview:-1"},"canonical":"https:\/\/www.accuratereviews.com\/it\/software-di-crittografia\/glasswire-recensione\/","og_locale":"it_IT","og_type":"article","og_title":"GlassWire: recensione software di crittografia - Accurate Reviews","og_description":"GlassWire: recensione piattaforma di monitoraggio e sicurezza della rete che fornisce alle aziende strumenti potenti e robusti.","og_url":"https:\/\/www.accuratereviews.com\/it\/software-di-crittografia\/glasswire-recensione\/","og_site_name":"Accurate Reviews","og_image":[{"width":229,"height":214,"url":"https:\/\/www.accuratereviews.com\/wp-content\/uploads\/2022\/11\/glasswire-logo.png","type":"image\/png"}],"twitter_card":"summary_large_image","twitter_misc":{"Tempo di lettura stimato":"4 minuti"},"schema":{"@context":"https:\/\/schema.org","@graph":[{"@type":"WebPage","@id":"https:\/\/www.accuratereviews.com\/it\/software-di-crittografia\/glasswire-recensione\/","url":"https:\/\/www.accuratereviews.com\/it\/software-di-crittografia\/glasswire-recensione\/","name":"GlassWire: recensione software di crittografia - Accurate Reviews","isPartOf":{"@id":"https:\/\/www.accuratereviews.com\/it\/#website"},"primaryImageOfPage":{"@id":"https:\/\/www.accuratereviews.com\/it\/software-di-crittografia\/glasswire-recensione\/#primaryimage"},"image":{"@id":"https:\/\/www.accuratereviews.com\/it\/software-di-crittografia\/glasswire-recensione\/#primaryimage"},"thumbnailUrl":"https:\/\/www.accuratereviews.com\/wp-content\/uploads\/2022\/11\/glasswire-logo.png","datePublished":"2022-11-04T08:28:17+00:00","description":"GlassWire: recensione piattaforma di monitoraggio e sicurezza della rete che fornisce alle aziende strumenti potenti e robusti.","breadcrumb":{"@id":"https:\/\/www.accuratereviews.com\/it\/software-di-crittografia\/glasswire-recensione\/#breadcrumb"},"inLanguage":"it-IT","potentialAction":[{"@type":"ReadAction","target":["https:\/\/www.accuratereviews.com\/it\/software-di-crittografia\/glasswire-recensione\/"]}]},{"@type":"ImageObject","inLanguage":"it-IT","@id":"https:\/\/www.accuratereviews.com\/it\/software-di-crittografia\/glasswire-recensione\/#primaryimage","url":"https:\/\/www.accuratereviews.com\/wp-content\/uploads\/2022\/11\/glasswire-logo.png","contentUrl":"https:\/\/www.accuratereviews.com\/wp-content\/uploads\/2022\/11\/glasswire-logo.png","width":229,"height":214},{"@type":"BreadcrumbList","@id":"https:\/\/www.accuratereviews.com\/it\/software-di-crittografia\/glasswire-recensione\/#breadcrumb","itemListElement":[{"@type":"ListItem","position":1,"name":"Home","item":"https:\/\/www.accuratereviews.com\/it\/"},{"@type":"ListItem","position":2,"name":"Software di crittografia","item":"https:\/\/www.accuratereviews.com\/it\/software-di-crittografia\/"},{"@type":"ListItem","position":3,"name":"GlassWire"}]},{"@type":"WebSite","@id":"https:\/\/www.accuratereviews.com\/it\/#website","url":"https:\/\/www.accuratereviews.com\/it\/","name":"Accurate Reviews","description":"","potentialAction":[{"@type":"SearchAction","target":{"@type":"EntryPoint","urlTemplate":"https:\/\/www.accuratereviews.com\/it\/?s={search_term_string}"},"query-input":{"@type":"PropertyValueSpecification","valueRequired":true,"valueName":"search_term_string"}}],"inLanguage":"it-IT"}]}},"_links":{"self":[{"href":"https:\/\/www.accuratereviews.com\/it\/wp-json\/wp\/v2\/pages\/63396","targetHints":{"allow":["GET"]}}],"collection":[{"href":"https:\/\/www.accuratereviews.com\/it\/wp-json\/wp\/v2\/pages"}],"about":[{"href":"https:\/\/www.accuratereviews.com\/it\/wp-json\/wp\/v2\/types\/page"}],"author":[{"embeddable":true,"href":"https:\/\/www.accuratereviews.com\/it\/wp-json\/wp\/v2\/users\/19"}],"replies":[{"embeddable":true,"href":"https:\/\/www.accuratereviews.com\/it\/wp-json\/wp\/v2\/comments?post=63396"}],"version-history":[{"count":8,"href":"https:\/\/www.accuratereviews.com\/it\/wp-json\/wp\/v2\/pages\/63396\/revisions"}],"predecessor-version":[{"id":63436,"href":"https:\/\/www.accuratereviews.com\/it\/wp-json\/wp\/v2\/pages\/63396\/revisions\/63436"}],"up":[{"embeddable":true,"href":"https:\/\/www.accuratereviews.com\/it\/wp-json\/wp\/v2\/pages\/62847"}],"wp:featuredmedia":[{"embeddable":true,"href":"https:\/\/www.accuratereviews.com\/it\/wp-json\/wp\/v2\/media\/63400"}],"wp:attachment":[{"href":"https:\/\/www.accuratereviews.com\/it\/wp-json\/wp\/v2\/media?parent=63396"}],"wp:term":[{"taxonomy":"category","embeddable":true,"href":"https:\/\/www.accuratereviews.com\/it\/wp-json\/wp\/v2\/categories?post=63396"},{"taxonomy":"post_tag","embeddable":true,"href":"https:\/\/www.accuratereviews.com\/it\/wp-json\/wp\/v2\/tags?post=63396"},{"taxonomy":"features","embeddable":true,"href":"https:\/\/www.accuratereviews.com\/it\/wp-json\/wp\/v2\/features?post=63396"}],"curies":[{"name":"wp","href":"https:\/\/api.w.org\/{rel}","templated":true}]}}