{"id":63412,"date":"2022-11-03T12:35:06","date_gmt":"2022-11-03T12:35:06","guid":{"rendered":"https:\/\/www.accuratereviews.com\/?page_id=63412"},"modified":"2022-11-07T17:16:17","modified_gmt":"2022-11-07T17:16:17","slug":"syxsense-recensione","status":"publish","type":"page","link":"https:\/\/www.accuratereviews.com\/it\/software-di-crittografia\/syxsense-recensione\/","title":{"rendered":"Syxsense"},"content":{"rendered":"<p><strong>Syxsense<\/strong> \u00e8 un <strong>software di crittografia<\/strong> che monitora il tuo ambiente, rileva gli aggiornamenti mancanti,\u00a0le errate configurazioni e risolve le vulnerabilit\u00e0 di sicurezza. Questa soluzione all-in-one offre dati in tempo reale sui cambiamenti di comportamento e di stato, garantisce l&#8217;automazione intelligente del flusso di lavoro e assicura una comunicazione 24\/7 tra gli endpoint e la console.<br \/>\n<strong>Syxsense<\/strong> \u00e8 basato su <strong>cloud<\/strong> e ospitato in Microsoft Azure, il che rende la trasmissione dei dati ancora pi\u00f9 sicura e da qualsiasi dispositivo:\u00a0computer desktop, laptop, server, macchine virtuali, dispositivi mobili e dispositivi IoT, in roaming e in remoto.<\/p>\n<h2>SYXSENSE &#8211; TUTORIAL<\/h2>\n<div id=\"fluid-wrapper-counter-1\" class=\"g1-fluid-wrapper \" style=\"width:686px;\">\n<div style=\"padding-bottom:56.268221574344%;\"><iframe loading=\"lazy\" title=\"Patching Demo | Syxsense | The Endpoint. Where Security Starts.\" width=\"686\" height=\"386\" src=\"https:\/\/www.youtube.com\/embed\/IEGWBqTgNiU?feature=oembed&amp;wmode=transparent&amp;autohide=1&amp;autoplay=0&amp;disablekb=0&amp;fs=1&amp;loop=0&amp;enablejsapi=1&amp;rel=0&amp;controls=2&amp;showinfo=0&amp;wmode=transparent&amp;autohide=2&amp;autoplay=0&amp;disablekb=0&amp;fs=1&amp;loop=0&amp;enablejsapi=1&amp;rel=0&amp;controls=2&amp;showinfo=1\" frameborder=\"0\" allow=\"accelerometer; autoplay; clipboard-write; encrypted-media; gyroscope; picture-in-picture\" allowfullscreen><\/iframe><\/div>\n<\/div>\n<h3>SYXSENSE &#8211; CARATTERISTICHE<\/h3>\n<ul>\n<li>L&#8217;agente leggero e reattivo fornisce un quadro chiaro del numero di endpoint presenti nella rete, anche se remoti, in roaming o nel cloud.<\/li>\n<li>Basato sul cloud e ospitato in Microsoft Azure, con supporto multipiattaforma per Windows, Mac, Linux, iOS e Android.<\/li>\n<li>Rileva le patch mancanti del sistema operativo e di terze parti, individua gruppi di dispositivi e distribuisce gli aggiornamenti.<\/li>\n<li>Monitora e rileva tutte le vulnerabilit\u00e0 che mettono a rischio l&#8217;ambiente, compresi i sistemi operativi, le terze parti e le configurazioni errate.<\/li>\n<li>Proteggi gli endpoint bloccando le minacce alla sicurezza prima che si diffondano al resto della rete.<\/li>\n<li>Crea flussi di lavoro che collegano i processi dall&#8217;inizio alla fine, dal rilevamento delle minacce alla loro risoluzione.<\/li>\n<li>Supporto completo multipiattaforma per dispositivi Windows, Mac, Linux, iOS e Android, con MDM incluso senza costi aggiuntivi.<\/li>\n<li>Accesso alla vasta libreria di modelli di workflow di rimedio Cortex precostituiti, che possono essere distribuiti con la semplice pressione di un pulsante.<\/li>\n<li>Sono disponibili rapporti sulle patch e una revisione trimestrale con il vostro account manager.<\/li>\n<li>Comunica con gli endpoint dalla vostra console Syxsense in tempo reale, 24 ore su 24, 7 giorni su 7, per evitare il rischio di una devastante violazione della sicurezza.<\/li>\n<\/ul>\n<h4>LE RECENSIONI DEGLI UTENTI<\/h4>\n<p><strong>Kerry &#8220;Uno strumento degno di nota in ogni arsenale di sicurezza&#8221;<\/strong><br \/>\nCommenti: Molto soddisfatto del prodotto, \u00e8 stato fondamentale per il nostro programma di sicurezza.<br \/>\nPro: Mi piace la possibilit\u00e0 di vedere gli aggiornamenti in un attimo e questo prodotto me lo permette. Non si perde tempo a cercare. Facile da usare. Molte, molte funzioni e ne vengono aggiunte sempre di pi\u00f9<br \/>\nContro: alcune delle funzioni pi\u00f9 avanzate avrebbero bisogno di una documentazione migliore.<\/p>\n<p><strong>Ajet &#8220;Un buon sistema per il patching dei server&#8221;<\/strong><br \/>\nCommenti: Lo usiamo da quasi 2 anni e siamo molto soddisfatti. Siamo in grado di patchare 1000+ server remoti.<br \/>\nPro: \u00e8 facile da configurare, \u00e8 basato sul cloud quindi non \u00e8 necessario impostare e configurare alcuna infrastruttura on-premise, pu\u00f2 applicare le patch ai server senza essere connessi localmente ad essi, ad esempio tramite vpn o sulla stessa subnet.<br \/>\nContro: non molto, funziona molto bene, a volte quando ci sono nuove funzionalit\u00e0 potrebbero interrompere alcune attivit\u00e0 e il supporto non \u00e8 veloce nel risolverle, ma questo non accade molto spesso.<\/p>\n<p><strong>Paul &#8220;Uno strumento essenziale per qualsiasi dipartimento IT&#8221;<\/strong><br \/>\nCommenti: Complessivamente lo consiglio a chiunque cerchi di tenere sotto controllo l&#8217;elemento sicurezza della propria rete. \u00c8 uno strumento essenziale per qualsiasi dipartimento IT.<br \/>\nPro: questo software vi permette, con una sola occhiata, di vedere esattamente a che punto siete con le patch su ogni dispositivo.<br \/>\nContro: a volte e raramente si possono avere problemi di sincronizzazione, ma il supporto \u00e8 sempre stato a disposizione per risolvere il problema e rapidamente.<\/p>\n","protected":false},"excerpt":{"rendered":"<p>Syxsense \u00e8 un software di crittografia che monitora il tuo ambiente, rileva gli aggiornamenti mancanti,\u00a0le errate configurazioni e risolve le vulnerabilit\u00e0 di sicurezza. Questa soluzione all-in-one offre dati in tempo reale sui cambiamenti di comportamento e di stato, garantisce l&#8217;automazione intelligente del flusso di lavoro e assicura una comunicazione 24\/7 tra gli endpoint e la console.<\/p>\n","protected":false},"author":17,"featured_media":63414,"parent":62847,"menu_order":0,"comment_status":"open","ping_status":"closed","template":"g1_template_page_review_new.php","meta":{"_acf_changed":false,"cwp_meta_box_check":"No","cwp_rev_product_name":"","cwp_rev_product_image":"","wppr_links":[],"cwp_rev_price":"","wppr_options":[],"wppr_pros":[],"wppr_cons":[],"_monsterinsights_skip_tracking":false,"_monsterinsights_sitenote_active":false,"_monsterinsights_sitenote_note":"","_monsterinsights_sitenote_category":0,"footnotes":""},"categories":[13617],"tags":[13619,730,724,13618,13614,794,13612,5750],"features":[],"class_list":{"0":"post-63412","1":"page","2":"type-page","3":"status-publish","4":"has-post-thumbnail","6":"category-software-crittografia-cat","7":"tag-app-di-crittografia","8":"tag-crittografia","9":"tag-crittografia-end-to-end","10":"tag-piattaforma-di-crittografia","11":"tag-programma-di-crittografia","12":"tag-sistema-di-crittografia","13":"tag-software-di-crittografia","14":"tag-software-per-scrittori"},"wppr_data":{"cwp_meta_box_check":"No"},"acf":[],"yoast_head":"<!-- This site is optimized with the Yoast SEO plugin v27.4 - https:\/\/yoast.com\/product\/yoast-seo-wordpress\/ -->\n<title>Syxsense: recensione software crittografia - Accurate Reviews<\/title>\n<meta name=\"description\" content=\"Syxsense: recensione del software di crittografia che rileva gli aggiornamenti mancanti e risolve le vulnerabilit\u00e0 di sicurezza.\" \/>\n<meta name=\"robots\" content=\"index, follow, max-snippet:-1, max-image-preview:large, max-video-preview:-1\" \/>\n<link rel=\"canonical\" href=\"https:\/\/www.accuratereviews.com\/it\/software-di-crittografia\/syxsense-recensione\/\" \/>\n<meta property=\"og:locale\" content=\"it_IT\" \/>\n<meta property=\"og:type\" content=\"article\" \/>\n<meta property=\"og:title\" content=\"Syxsense: recensione software crittografia - Accurate Reviews\" \/>\n<meta property=\"og:description\" content=\"Syxsense: recensione del software di crittografia che rileva gli aggiornamenti mancanti e risolve le vulnerabilit\u00e0 di sicurezza.\" \/>\n<meta property=\"og:url\" content=\"https:\/\/www.accuratereviews.com\/it\/software-di-crittografia\/syxsense-recensione\/\" \/>\n<meta property=\"og:site_name\" content=\"Accurate Reviews\" \/>\n<meta property=\"article:modified_time\" content=\"2022-11-07T17:16:17+00:00\" \/>\n<meta property=\"og:image\" content=\"https:\/\/www.accuratereviews.com\/wp-content\/uploads\/2022\/11\/Syxsense_logo-R_Horizontal_Blue_RGB.jpg\" \/>\n\t<meta property=\"og:image:width\" content=\"1200\" \/>\n\t<meta property=\"og:image:height\" content=\"627\" \/>\n\t<meta property=\"og:image:type\" content=\"image\/jpeg\" \/>\n<meta name=\"twitter:card\" content=\"summary_large_image\" \/>\n<meta name=\"twitter:label1\" content=\"Tempo di lettura stimato\" \/>\n\t<meta name=\"twitter:data1\" content=\"3 minuti\" \/>\n<script type=\"application\/ld+json\" class=\"yoast-schema-graph\">{\"@context\":\"https:\\\/\\\/schema.org\",\"@graph\":[{\"@type\":\"WebPage\",\"@id\":\"https:\\\/\\\/www.accuratereviews.com\\\/it\\\/software-di-crittografia\\\/syxsense-recensione\\\/\",\"url\":\"https:\\\/\\\/www.accuratereviews.com\\\/it\\\/software-di-crittografia\\\/syxsense-recensione\\\/\",\"name\":\"Syxsense: recensione software crittografia - Accurate Reviews\",\"isPartOf\":{\"@id\":\"https:\\\/\\\/www.accuratereviews.com\\\/it\\\/#website\"},\"primaryImageOfPage\":{\"@id\":\"https:\\\/\\\/www.accuratereviews.com\\\/it\\\/software-di-crittografia\\\/syxsense-recensione\\\/#primaryimage\"},\"image\":{\"@id\":\"https:\\\/\\\/www.accuratereviews.com\\\/it\\\/software-di-crittografia\\\/syxsense-recensione\\\/#primaryimage\"},\"thumbnailUrl\":\"https:\\\/\\\/www.accuratereviews.com\\\/wp-content\\\/uploads\\\/2022\\\/11\\\/Syxsense_logo-R_Horizontal_Blue_RGB.jpg\",\"datePublished\":\"2022-11-03T12:35:06+00:00\",\"dateModified\":\"2022-11-07T17:16:17+00:00\",\"description\":\"Syxsense: recensione del software di crittografia che rileva gli aggiornamenti mancanti e risolve le vulnerabilit\u00e0 di sicurezza.\",\"breadcrumb\":{\"@id\":\"https:\\\/\\\/www.accuratereviews.com\\\/it\\\/software-di-crittografia\\\/syxsense-recensione\\\/#breadcrumb\"},\"inLanguage\":\"it-IT\",\"potentialAction\":[{\"@type\":\"ReadAction\",\"target\":[\"https:\\\/\\\/www.accuratereviews.com\\\/it\\\/software-di-crittografia\\\/syxsense-recensione\\\/\"]}]},{\"@type\":\"ImageObject\",\"inLanguage\":\"it-IT\",\"@id\":\"https:\\\/\\\/www.accuratereviews.com\\\/it\\\/software-di-crittografia\\\/syxsense-recensione\\\/#primaryimage\",\"url\":\"https:\\\/\\\/www.accuratereviews.com\\\/wp-content\\\/uploads\\\/2022\\\/11\\\/Syxsense_logo-R_Horizontal_Blue_RGB.jpg\",\"contentUrl\":\"https:\\\/\\\/www.accuratereviews.com\\\/wp-content\\\/uploads\\\/2022\\\/11\\\/Syxsense_logo-R_Horizontal_Blue_RGB.jpg\",\"width\":1200,\"height\":627},{\"@type\":\"BreadcrumbList\",\"@id\":\"https:\\\/\\\/www.accuratereviews.com\\\/it\\\/software-di-crittografia\\\/syxsense-recensione\\\/#breadcrumb\",\"itemListElement\":[{\"@type\":\"ListItem\",\"position\":1,\"name\":\"Home\",\"item\":\"https:\\\/\\\/www.accuratereviews.com\\\/it\\\/\"},{\"@type\":\"ListItem\",\"position\":2,\"name\":\"Software di crittografia\",\"item\":\"https:\\\/\\\/www.accuratereviews.com\\\/it\\\/software-di-crittografia\\\/\"},{\"@type\":\"ListItem\",\"position\":3,\"name\":\"Syxsense\"}]},{\"@type\":\"WebSite\",\"@id\":\"https:\\\/\\\/www.accuratereviews.com\\\/it\\\/#website\",\"url\":\"https:\\\/\\\/www.accuratereviews.com\\\/it\\\/\",\"name\":\"Accurate Reviews\",\"description\":\"\",\"potentialAction\":[{\"@type\":\"SearchAction\",\"target\":{\"@type\":\"EntryPoint\",\"urlTemplate\":\"https:\\\/\\\/www.accuratereviews.com\\\/it\\\/?s={search_term_string}\"},\"query-input\":{\"@type\":\"PropertyValueSpecification\",\"valueRequired\":true,\"valueName\":\"search_term_string\"}}],\"inLanguage\":\"it-IT\"}]}<\/script>\n<!-- \/ Yoast SEO plugin. -->","yoast_head_json":{"title":"Syxsense: recensione software crittografia - Accurate Reviews","description":"Syxsense: recensione del software di crittografia che rileva gli aggiornamenti mancanti e risolve le vulnerabilit\u00e0 di sicurezza.","robots":{"index":"index","follow":"follow","max-snippet":"max-snippet:-1","max-image-preview":"max-image-preview:large","max-video-preview":"max-video-preview:-1"},"canonical":"https:\/\/www.accuratereviews.com\/it\/software-di-crittografia\/syxsense-recensione\/","og_locale":"it_IT","og_type":"article","og_title":"Syxsense: recensione software crittografia - Accurate Reviews","og_description":"Syxsense: recensione del software di crittografia che rileva gli aggiornamenti mancanti e risolve le vulnerabilit\u00e0 di sicurezza.","og_url":"https:\/\/www.accuratereviews.com\/it\/software-di-crittografia\/syxsense-recensione\/","og_site_name":"Accurate Reviews","article_modified_time":"2022-11-07T17:16:17+00:00","og_image":[{"width":1200,"height":627,"url":"https:\/\/www.accuratereviews.com\/wp-content\/uploads\/2022\/11\/Syxsense_logo-R_Horizontal_Blue_RGB.jpg","type":"image\/jpeg"}],"twitter_card":"summary_large_image","twitter_misc":{"Tempo di lettura stimato":"3 minuti"},"schema":{"@context":"https:\/\/schema.org","@graph":[{"@type":"WebPage","@id":"https:\/\/www.accuratereviews.com\/it\/software-di-crittografia\/syxsense-recensione\/","url":"https:\/\/www.accuratereviews.com\/it\/software-di-crittografia\/syxsense-recensione\/","name":"Syxsense: recensione software crittografia - Accurate Reviews","isPartOf":{"@id":"https:\/\/www.accuratereviews.com\/it\/#website"},"primaryImageOfPage":{"@id":"https:\/\/www.accuratereviews.com\/it\/software-di-crittografia\/syxsense-recensione\/#primaryimage"},"image":{"@id":"https:\/\/www.accuratereviews.com\/it\/software-di-crittografia\/syxsense-recensione\/#primaryimage"},"thumbnailUrl":"https:\/\/www.accuratereviews.com\/wp-content\/uploads\/2022\/11\/Syxsense_logo-R_Horizontal_Blue_RGB.jpg","datePublished":"2022-11-03T12:35:06+00:00","dateModified":"2022-11-07T17:16:17+00:00","description":"Syxsense: recensione del software di crittografia che rileva gli aggiornamenti mancanti e risolve le vulnerabilit\u00e0 di sicurezza.","breadcrumb":{"@id":"https:\/\/www.accuratereviews.com\/it\/software-di-crittografia\/syxsense-recensione\/#breadcrumb"},"inLanguage":"it-IT","potentialAction":[{"@type":"ReadAction","target":["https:\/\/www.accuratereviews.com\/it\/software-di-crittografia\/syxsense-recensione\/"]}]},{"@type":"ImageObject","inLanguage":"it-IT","@id":"https:\/\/www.accuratereviews.com\/it\/software-di-crittografia\/syxsense-recensione\/#primaryimage","url":"https:\/\/www.accuratereviews.com\/wp-content\/uploads\/2022\/11\/Syxsense_logo-R_Horizontal_Blue_RGB.jpg","contentUrl":"https:\/\/www.accuratereviews.com\/wp-content\/uploads\/2022\/11\/Syxsense_logo-R_Horizontal_Blue_RGB.jpg","width":1200,"height":627},{"@type":"BreadcrumbList","@id":"https:\/\/www.accuratereviews.com\/it\/software-di-crittografia\/syxsense-recensione\/#breadcrumb","itemListElement":[{"@type":"ListItem","position":1,"name":"Home","item":"https:\/\/www.accuratereviews.com\/it\/"},{"@type":"ListItem","position":2,"name":"Software di crittografia","item":"https:\/\/www.accuratereviews.com\/it\/software-di-crittografia\/"},{"@type":"ListItem","position":3,"name":"Syxsense"}]},{"@type":"WebSite","@id":"https:\/\/www.accuratereviews.com\/it\/#website","url":"https:\/\/www.accuratereviews.com\/it\/","name":"Accurate Reviews","description":"","potentialAction":[{"@type":"SearchAction","target":{"@type":"EntryPoint","urlTemplate":"https:\/\/www.accuratereviews.com\/it\/?s={search_term_string}"},"query-input":{"@type":"PropertyValueSpecification","valueRequired":true,"valueName":"search_term_string"}}],"inLanguage":"it-IT"}]}},"_links":{"self":[{"href":"https:\/\/www.accuratereviews.com\/it\/wp-json\/wp\/v2\/pages\/63412","targetHints":{"allow":["GET"]}}],"collection":[{"href":"https:\/\/www.accuratereviews.com\/it\/wp-json\/wp\/v2\/pages"}],"about":[{"href":"https:\/\/www.accuratereviews.com\/it\/wp-json\/wp\/v2\/types\/page"}],"author":[{"embeddable":true,"href":"https:\/\/www.accuratereviews.com\/it\/wp-json\/wp\/v2\/users\/17"}],"replies":[{"embeddable":true,"href":"https:\/\/www.accuratereviews.com\/it\/wp-json\/wp\/v2\/comments?post=63412"}],"version-history":[{"count":5,"href":"https:\/\/www.accuratereviews.com\/it\/wp-json\/wp\/v2\/pages\/63412\/revisions"}],"predecessor-version":[{"id":63600,"href":"https:\/\/www.accuratereviews.com\/it\/wp-json\/wp\/v2\/pages\/63412\/revisions\/63600"}],"up":[{"embeddable":true,"href":"https:\/\/www.accuratereviews.com\/it\/wp-json\/wp\/v2\/pages\/62847"}],"wp:featuredmedia":[{"embeddable":true,"href":"https:\/\/www.accuratereviews.com\/it\/wp-json\/wp\/v2\/media\/63414"}],"wp:attachment":[{"href":"https:\/\/www.accuratereviews.com\/it\/wp-json\/wp\/v2\/media?parent=63412"}],"wp:term":[{"taxonomy":"category","embeddable":true,"href":"https:\/\/www.accuratereviews.com\/it\/wp-json\/wp\/v2\/categories?post=63412"},{"taxonomy":"post_tag","embeddable":true,"href":"https:\/\/www.accuratereviews.com\/it\/wp-json\/wp\/v2\/tags?post=63412"},{"taxonomy":"features","embeddable":true,"href":"https:\/\/www.accuratereviews.com\/it\/wp-json\/wp\/v2\/features?post=63412"}],"curies":[{"name":"wp","href":"https:\/\/api.w.org\/{rel}","templated":true}]}}