{"id":63434,"date":"2022-11-04T14:11:11","date_gmt":"2022-11-04T14:11:11","guid":{"rendered":"https:\/\/www.accuratereviews.com\/?page_id=63434"},"modified":"2022-11-04T14:11:11","modified_gmt":"2022-11-04T14:11:11","slug":"hma-recensione","status":"publish","type":"page","link":"https:\/\/www.accuratereviews.com\/it\/software-di-crittografia\/hma-recensione\/","title":{"rendered":"HMA"},"content":{"rendered":"<p><strong>HMA<\/strong> (precedentemente noto come &#8220;<strong>HideMyAss<\/strong>&#8220;) \u00e8 un<strong> software di rete privata virtuale<\/strong> <strong>VPN,<\/strong>\u00a0progettato per aiutare le aziende di tutte le dimensioni a navigare in sicurezza sul web, ottenere l&#8217;accesso a siti bloccati e crittografare il traffico online. La piattaforma include un kill switch intelligente, che consente alle organizzazioni di limitare l&#8217;accesso a Internet quando la VPN si disconnette e di configurare l&#8217;avvio automatico per l&#8217;intera rete o applicazioni specifiche.\u00a0La funzionalit\u00e0 IP shuffle permette alle organizzazioni di navigare su siti web utilizzando indirizzi IP anonimi.<br \/>\nL&#8217;applicazione offre protezione contro IPV4, IPV6 e altre perdite di DNS (Domain Name System), garantendo la sicurezza da tentativi di hacking, malware e siti di phishing. Offre una serie di funzionalit\u00e0 come split tunneling, nessuna registrazione, connessioni multiple, crittografia a 256 bit, autenticazione SHA256, accesso multi-dispositivo e altro ancora. Le organizzazioni possono anche inviare file in blocco in modo sicuro utilizzando server ottimizzati peer-to-peer.<\/p>\n<h2>HMA &#8211; TUTORIAL<\/h2>\n<div id=\"fluid-wrapper-counter-1\" class=\"g1-fluid-wrapper \" style=\"width:686px;\">\n<div style=\"padding-bottom:56.268221574344%;\"><iframe loading=\"lazy\" title=\"How To Install Hide My Ass HMA VPN for Mac\" width=\"515\" height=\"386\" src=\"https:\/\/www.youtube.com\/embed\/NXRjnmzIEio?feature=oembed&amp;wmode=transparent&amp;autohide=1&amp;autoplay=0&amp;disablekb=0&amp;fs=1&amp;loop=0&amp;enablejsapi=1&amp;rel=0&amp;controls=2&amp;showinfo=0&amp;wmode=transparent&amp;autohide=2&amp;autoplay=0&amp;disablekb=0&amp;fs=1&amp;loop=0&amp;enablejsapi=1&amp;rel=0&amp;controls=2&amp;showinfo=1\" frameborder=\"0\" allow=\"accelerometer; autoplay; clipboard-write; encrypted-media; gyroscope; picture-in-picture\" allowfullscreen><\/iframe><\/div>\n<\/div>\n<h3>HMA &#8211; CARATTERISTICHE<\/h3>\n<ul>\n<li class=\"features-overview__title\"><strong>Kill Switch intelligente<\/strong>: in caso di interruzione della connessione VPN, la funzionalit\u00e0 intelligente Kill Switch previene l&#8217;esposizione online dei dati e della posizione disattivando automaticamente internet, cos\u00ec la tua VPN \u00e8 a prova di fughe di dati.<\/li>\n<li class=\"features-overview__title\"><strong>Split Tunneling: <\/strong>per alcune app la privacy \u00e8 indispensabile. Per altre un po&#8217; meno. Split Tunneling consente di scegliere in base alle specifiche esigenze quali app devono essere protette dalla VPN e quali invece possono connettersi direttamente al web e rimanere esposte.<\/li>\n<li class=\"features-overview__title\"><strong>IP casuale: <\/strong>grazie alla funzionalit\u00e0 IP casuale, puoi modificare rapidamente il tuo indirizzo IP, per evitare tracker, intrusi e qualsiasi altra insidia online.<\/li>\n<li class=\"features-overview__title\"><strong>Protezione avanzata a prova di fughe di dati:<\/strong> la soluzione\u00a0offre una protezione integrata contro le vulnerabilit\u00e0 dei protocolli IPv4 e IPv6 e altre violazioni del DNS, oltre a server senza log per la gestione delle richieste DNS: in questo modo, neanche un solo byte dei tuoi dati verr\u00e0 divulgato sul web.<\/li>\n<li class=\"features-overview__title\"><strong>Criptaggio di livello militare:\u00a0<\/strong>In Windows e Android, il sistema di criptaggio viene implementato utilizzando il protocollo OpenVPN in modalit\u00e0 Galois Counter (AES-256-GCM), con chiavi RSA a 4096 bit per l&#8217;handshake, autenticate tramite SHA256.<\/li>\n<li class=\"features-overview__title\"><strong>Regole di connessione automatica: <\/strong>ormai il mondo in cui viviamo \u00e8 sempre pi\u00f9 automatizzato&#8230; Decidi per quali reti vuoi che il programma venga avviato automaticamente e per quali invece la protezione della VPN non \u00e8 necessaria.<\/li>\n<li class=\"features-overview__title\"><strong>Server completamente criptati<\/strong>:\u00a0il sistema di criptaggio a 256 bit rende i tuoi dati inaccessibili per hacker e autorit\u00e0 governative.<\/li>\n<li class=\"features-overview__title\"><strong>Protezione DDoS<\/strong>: la piattaforma\u00a0garantisce l&#8217;integrit\u00e0 della connessione, prevenendo gli attacchi DDoS che causano il rallentamento dei dispositivi.<\/li>\n<li class=\"features-overview__title\"><strong>Porta la tua VPN sempre con te:\u00a0<\/strong>Non importa se ti connetti da PC, Mac o su un dispositivo Android, iOS o Android TV: \u00a0la tua privacy \u00e8 sempre al sicuro. E se installi la VPN nel router sar\u00e0 garantita anche in tutti i dispositivi smart di casa, persino se utilizzi pi\u00f9 connessioni simultanee.<\/li>\n<\/ul>\n<h4>LE RECENSIONI DEGLI UTENTI<\/h4>\n<p><strong>Wale&#8221;Una VPN con un buon rapporto qualit\u00e0-prezzo&#8221;<\/strong><br \/>\n<strong>Commenti<\/strong>: Il mio scopo principale per l&#8217;utilizzo di una VPN \u00e8 rimanere anonimo e accedere a contenuti con restrizioni geografiche; HMA risolve questo.<br \/>\n<strong>Pro<\/strong>: Inizialmente sono andato con HMA perch\u00e9 stavo cercando una VPN con un numero enorme di server in diversi paesi. Il prodotto ha controllato questa casella facilmente. A parte questo, la configurazione \u00e8 abbastanza semplice.<br \/>\n<strong>Contro<\/strong>: In una o due occasioni, ho notato che alcune posizioni dei server mostrate nel software erano effettivamente diverse da quelle riportate dai controllori IP. Alcuni degli indirizzi IP sono anche nella lista nera, ma questo \u00e8 un problema generale con la maggior parte delle VPN.<\/p>\n<p><strong>Francisco &#8220;Funziona come promesso e il piano per pi\u00f9 account \u00e8 abbastanza conveniente&#8221;<\/strong><br \/>\n<strong>Commenti<\/strong>: \u00c8 stato buono, l&#8217;app \u00e8 stabile e funziona come previsto.<br \/>\n<strong>Pro<\/strong>: \u00c8 super facile da usare, il kill switch funziona perfettamente ed \u00e8 molto facile scegliere e cambiare posizione. \u00c8 molto veloce connettersi ai server.<br \/>\n<strong>Contro<\/strong>: A volte si connette alla posizione desiderata tramite un server da qualche altra parte e pu\u00f2 causare problemi con il rilevamento della posizione di alcuni siti. Se ci\u00f2 accade \u00e8 molto facile connettersi direttamente forzando la posizione.<\/p>\n<p><strong>Themba&#8221;Perfetto per la privacy&#8221;<\/strong><br \/>\n<strong>Commenti<\/strong>: Stai al sicuro, prendi questa app e sii invisibile online..buono per individui e affari&#8230;. lo adoro<br \/>\n<strong>Pro<\/strong>: Questa VPN hidemyass \u00e8 la migliore app di sempre&#8230; per nascondere la tua posizione online cercando o commentando in modo anonimo lo adoro.<br \/>\n<strong>Contro<\/strong>: Posso vagare in modo anonimo sicuro senza essere notato dove ti trovi semplicemente passando alla posizione vpn di hidemyass &#8230; quindi mi piace questa app, do una valutazione di 10 stelle &#8230; la adoro<\/p>\n","protected":false},"excerpt":{"rendered":"<p>HMA (precedentemente noto come &#8220;HideMyAss&#8221;) \u00e8 un software di rete privata virtuale VPN, progettato per aiutare le aziende di tutte le dimensioni a navigare in sicurezza sul web, ottenere l&#8217;accesso a siti bloccati e crittografare il traffico online. La piattaforma include un kill switch intelligente, che consente alle organizzazioni di limitare l&#8217;accesso a Internet quando la VPN si disconnette e di configurare l&#8217;avvio automatico per l&#8217;intera rete o applicazioni specifiche.\u00a0<\/p>\n","protected":false},"author":19,"featured_media":63448,"parent":62847,"menu_order":0,"comment_status":"open","ping_status":"closed","template":"g1_template_page_review_new.php","meta":{"_acf_changed":false,"cwp_meta_box_check":"No","cwp_rev_product_name":"","cwp_rev_product_image":"","wppr_links":[],"cwp_rev_price":"","wppr_options":[],"wppr_pros":[],"wppr_cons":[],"_monsterinsights_skip_tracking":false,"_monsterinsights_sitenote_active":false,"_monsterinsights_sitenote_note":"","_monsterinsights_sitenote_category":0,"footnotes":""},"categories":[13617],"tags":[730,13611,13689,13687,13618,13614,13612,13613],"features":[],"class_list":{"0":"post-63434","1":"page","2":"type-page","3":"status-publish","4":"has-post-thumbnail","6":"category-software-crittografia-cat","7":"tag-crittografia","8":"tag-encryption-software","9":"tag-hidemyass","10":"tag-hma","11":"tag-piattaforma-di-crittografia","12":"tag-programma-di-crittografia","13":"tag-software-di-crittografia","14":"tag-soluzione-di-crittografia"},"wppr_data":{"cwp_meta_box_check":"No"},"acf":[],"yoast_head":"<!-- This site is optimized with the Yoast SEO plugin v27.4 - https:\/\/yoast.com\/product\/yoast-seo-wordpress\/ -->\n<title>HMA: recensione software crittografia - Accurate Reviews<\/title>\n<meta name=\"description\" content=\"HMA: recensione software di rete privata virtuale, progettato per aiutare le aziende di tutte le dimensioni a navigare in sicurezza sul web.\" \/>\n<meta name=\"robots\" content=\"index, follow, max-snippet:-1, max-image-preview:large, max-video-preview:-1\" \/>\n<link rel=\"canonical\" href=\"https:\/\/www.accuratereviews.com\/it\/software-di-crittografia\/hma-recensione\/\" \/>\n<meta property=\"og:locale\" content=\"it_IT\" \/>\n<meta property=\"og:type\" content=\"article\" \/>\n<meta property=\"og:title\" content=\"HMA: recensione software crittografia - Accurate Reviews\" \/>\n<meta property=\"og:description\" content=\"HMA: recensione software di rete privata virtuale, progettato per aiutare le aziende di tutte le dimensioni a navigare in sicurezza sul web.\" \/>\n<meta property=\"og:url\" content=\"https:\/\/www.accuratereviews.com\/it\/software-di-crittografia\/hma-recensione\/\" \/>\n<meta property=\"og:site_name\" content=\"Accurate Reviews\" \/>\n<meta property=\"og:image\" content=\"https:\/\/www.accuratereviews.com\/wp-content\/uploads\/2022\/11\/Hma.jpeg\" \/>\n\t<meta property=\"og:image:width\" content=\"600\" \/>\n\t<meta property=\"og:image:height\" content=\"600\" \/>\n\t<meta property=\"og:image:type\" content=\"image\/jpeg\" \/>\n<meta name=\"twitter:card\" content=\"summary_large_image\" \/>\n<meta name=\"twitter:label1\" content=\"Tempo di lettura stimato\" \/>\n\t<meta name=\"twitter:data1\" content=\"4 minuti\" \/>\n<script type=\"application\/ld+json\" class=\"yoast-schema-graph\">{\"@context\":\"https:\\\/\\\/schema.org\",\"@graph\":[{\"@type\":\"WebPage\",\"@id\":\"https:\\\/\\\/www.accuratereviews.com\\\/it\\\/software-di-crittografia\\\/hma-recensione\\\/\",\"url\":\"https:\\\/\\\/www.accuratereviews.com\\\/it\\\/software-di-crittografia\\\/hma-recensione\\\/\",\"name\":\"HMA: recensione software crittografia - Accurate Reviews\",\"isPartOf\":{\"@id\":\"https:\\\/\\\/www.accuratereviews.com\\\/it\\\/#website\"},\"primaryImageOfPage\":{\"@id\":\"https:\\\/\\\/www.accuratereviews.com\\\/it\\\/software-di-crittografia\\\/hma-recensione\\\/#primaryimage\"},\"image\":{\"@id\":\"https:\\\/\\\/www.accuratereviews.com\\\/it\\\/software-di-crittografia\\\/hma-recensione\\\/#primaryimage\"},\"thumbnailUrl\":\"https:\\\/\\\/www.accuratereviews.com\\\/wp-content\\\/uploads\\\/2022\\\/11\\\/Hma.jpeg\",\"datePublished\":\"2022-11-04T14:11:11+00:00\",\"description\":\"HMA: recensione software di rete privata virtuale, progettato per aiutare le aziende di tutte le dimensioni a navigare in sicurezza sul web.\",\"breadcrumb\":{\"@id\":\"https:\\\/\\\/www.accuratereviews.com\\\/it\\\/software-di-crittografia\\\/hma-recensione\\\/#breadcrumb\"},\"inLanguage\":\"it-IT\",\"potentialAction\":[{\"@type\":\"ReadAction\",\"target\":[\"https:\\\/\\\/www.accuratereviews.com\\\/it\\\/software-di-crittografia\\\/hma-recensione\\\/\"]}]},{\"@type\":\"ImageObject\",\"inLanguage\":\"it-IT\",\"@id\":\"https:\\\/\\\/www.accuratereviews.com\\\/it\\\/software-di-crittografia\\\/hma-recensione\\\/#primaryimage\",\"url\":\"https:\\\/\\\/www.accuratereviews.com\\\/wp-content\\\/uploads\\\/2022\\\/11\\\/Hma.jpeg\",\"contentUrl\":\"https:\\\/\\\/www.accuratereviews.com\\\/wp-content\\\/uploads\\\/2022\\\/11\\\/Hma.jpeg\",\"width\":600,\"height\":600},{\"@type\":\"BreadcrumbList\",\"@id\":\"https:\\\/\\\/www.accuratereviews.com\\\/it\\\/software-di-crittografia\\\/hma-recensione\\\/#breadcrumb\",\"itemListElement\":[{\"@type\":\"ListItem\",\"position\":1,\"name\":\"Home\",\"item\":\"https:\\\/\\\/www.accuratereviews.com\\\/it\\\/\"},{\"@type\":\"ListItem\",\"position\":2,\"name\":\"Software di crittografia\",\"item\":\"https:\\\/\\\/www.accuratereviews.com\\\/it\\\/software-di-crittografia\\\/\"},{\"@type\":\"ListItem\",\"position\":3,\"name\":\"HMA\"}]},{\"@type\":\"WebSite\",\"@id\":\"https:\\\/\\\/www.accuratereviews.com\\\/it\\\/#website\",\"url\":\"https:\\\/\\\/www.accuratereviews.com\\\/it\\\/\",\"name\":\"Accurate Reviews\",\"description\":\"\",\"potentialAction\":[{\"@type\":\"SearchAction\",\"target\":{\"@type\":\"EntryPoint\",\"urlTemplate\":\"https:\\\/\\\/www.accuratereviews.com\\\/it\\\/?s={search_term_string}\"},\"query-input\":{\"@type\":\"PropertyValueSpecification\",\"valueRequired\":true,\"valueName\":\"search_term_string\"}}],\"inLanguage\":\"it-IT\"}]}<\/script>\n<!-- \/ Yoast SEO plugin. -->","yoast_head_json":{"title":"HMA: recensione software crittografia - Accurate Reviews","description":"HMA: recensione software di rete privata virtuale, progettato per aiutare le aziende di tutte le dimensioni a navigare in sicurezza sul web.","robots":{"index":"index","follow":"follow","max-snippet":"max-snippet:-1","max-image-preview":"max-image-preview:large","max-video-preview":"max-video-preview:-1"},"canonical":"https:\/\/www.accuratereviews.com\/it\/software-di-crittografia\/hma-recensione\/","og_locale":"it_IT","og_type":"article","og_title":"HMA: recensione software crittografia - Accurate Reviews","og_description":"HMA: recensione software di rete privata virtuale, progettato per aiutare le aziende di tutte le dimensioni a navigare in sicurezza sul web.","og_url":"https:\/\/www.accuratereviews.com\/it\/software-di-crittografia\/hma-recensione\/","og_site_name":"Accurate Reviews","og_image":[{"width":600,"height":600,"url":"https:\/\/www.accuratereviews.com\/wp-content\/uploads\/2022\/11\/Hma.jpeg","type":"image\/jpeg"}],"twitter_card":"summary_large_image","twitter_misc":{"Tempo di lettura stimato":"4 minuti"},"schema":{"@context":"https:\/\/schema.org","@graph":[{"@type":"WebPage","@id":"https:\/\/www.accuratereviews.com\/it\/software-di-crittografia\/hma-recensione\/","url":"https:\/\/www.accuratereviews.com\/it\/software-di-crittografia\/hma-recensione\/","name":"HMA: recensione software crittografia - Accurate Reviews","isPartOf":{"@id":"https:\/\/www.accuratereviews.com\/it\/#website"},"primaryImageOfPage":{"@id":"https:\/\/www.accuratereviews.com\/it\/software-di-crittografia\/hma-recensione\/#primaryimage"},"image":{"@id":"https:\/\/www.accuratereviews.com\/it\/software-di-crittografia\/hma-recensione\/#primaryimage"},"thumbnailUrl":"https:\/\/www.accuratereviews.com\/wp-content\/uploads\/2022\/11\/Hma.jpeg","datePublished":"2022-11-04T14:11:11+00:00","description":"HMA: recensione software di rete privata virtuale, progettato per aiutare le aziende di tutte le dimensioni a navigare in sicurezza sul web.","breadcrumb":{"@id":"https:\/\/www.accuratereviews.com\/it\/software-di-crittografia\/hma-recensione\/#breadcrumb"},"inLanguage":"it-IT","potentialAction":[{"@type":"ReadAction","target":["https:\/\/www.accuratereviews.com\/it\/software-di-crittografia\/hma-recensione\/"]}]},{"@type":"ImageObject","inLanguage":"it-IT","@id":"https:\/\/www.accuratereviews.com\/it\/software-di-crittografia\/hma-recensione\/#primaryimage","url":"https:\/\/www.accuratereviews.com\/wp-content\/uploads\/2022\/11\/Hma.jpeg","contentUrl":"https:\/\/www.accuratereviews.com\/wp-content\/uploads\/2022\/11\/Hma.jpeg","width":600,"height":600},{"@type":"BreadcrumbList","@id":"https:\/\/www.accuratereviews.com\/it\/software-di-crittografia\/hma-recensione\/#breadcrumb","itemListElement":[{"@type":"ListItem","position":1,"name":"Home","item":"https:\/\/www.accuratereviews.com\/it\/"},{"@type":"ListItem","position":2,"name":"Software di crittografia","item":"https:\/\/www.accuratereviews.com\/it\/software-di-crittografia\/"},{"@type":"ListItem","position":3,"name":"HMA"}]},{"@type":"WebSite","@id":"https:\/\/www.accuratereviews.com\/it\/#website","url":"https:\/\/www.accuratereviews.com\/it\/","name":"Accurate Reviews","description":"","potentialAction":[{"@type":"SearchAction","target":{"@type":"EntryPoint","urlTemplate":"https:\/\/www.accuratereviews.com\/it\/?s={search_term_string}"},"query-input":{"@type":"PropertyValueSpecification","valueRequired":true,"valueName":"search_term_string"}}],"inLanguage":"it-IT"}]}},"_links":{"self":[{"href":"https:\/\/www.accuratereviews.com\/it\/wp-json\/wp\/v2\/pages\/63434","targetHints":{"allow":["GET"]}}],"collection":[{"href":"https:\/\/www.accuratereviews.com\/it\/wp-json\/wp\/v2\/pages"}],"about":[{"href":"https:\/\/www.accuratereviews.com\/it\/wp-json\/wp\/v2\/types\/page"}],"author":[{"embeddable":true,"href":"https:\/\/www.accuratereviews.com\/it\/wp-json\/wp\/v2\/users\/19"}],"replies":[{"embeddable":true,"href":"https:\/\/www.accuratereviews.com\/it\/wp-json\/wp\/v2\/comments?post=63434"}],"version-history":[{"count":7,"href":"https:\/\/www.accuratereviews.com\/it\/wp-json\/wp\/v2\/pages\/63434\/revisions"}],"predecessor-version":[{"id":63475,"href":"https:\/\/www.accuratereviews.com\/it\/wp-json\/wp\/v2\/pages\/63434\/revisions\/63475"}],"up":[{"embeddable":true,"href":"https:\/\/www.accuratereviews.com\/it\/wp-json\/wp\/v2\/pages\/62847"}],"wp:featuredmedia":[{"embeddable":true,"href":"https:\/\/www.accuratereviews.com\/it\/wp-json\/wp\/v2\/media\/63448"}],"wp:attachment":[{"href":"https:\/\/www.accuratereviews.com\/it\/wp-json\/wp\/v2\/media?parent=63434"}],"wp:term":[{"taxonomy":"category","embeddable":true,"href":"https:\/\/www.accuratereviews.com\/it\/wp-json\/wp\/v2\/categories?post=63434"},{"taxonomy":"post_tag","embeddable":true,"href":"https:\/\/www.accuratereviews.com\/it\/wp-json\/wp\/v2\/tags?post=63434"},{"taxonomy":"features","embeddable":true,"href":"https:\/\/www.accuratereviews.com\/it\/wp-json\/wp\/v2\/features?post=63434"}],"curies":[{"name":"wp","href":"https:\/\/api.w.org\/{rel}","templated":true}]}}