{"id":63437,"date":"2022-11-04T14:07:09","date_gmt":"2022-11-04T14:07:09","guid":{"rendered":"https:\/\/www.accuratereviews.com\/?page_id=63437"},"modified":"2022-11-07T07:17:02","modified_gmt":"2022-11-07T07:17:02","slug":"hotspot-shield-vpn-recensione","status":"publish","type":"page","link":"https:\/\/www.accuratereviews.com\/it\/software-di-crittografia\/hotspot-shield-vpn-recensione\/","title":{"rendered":"HotSpot Shield VPN"},"content":{"rendered":"<p><strong>HotSpot Shield VPN<\/strong> \u00e8 un&#8217;<strong>applicazione VPN<\/strong>, progettata per aiutare le aziende ad abilitare e accedere a contenuti bloccati a livello regionale o geografico. La <strong>VPN crittografa<\/strong> automaticamente i dati personali degli utenti per proteggere le informazioni riservate, garantire l&#8217;anonimato e mantenere la privacy sul web. Include anche una protezione malware, che consente alle aziende di rilevare automaticamente siti o contenuti dannosi. Il supporto \u00e8 esteso via email e altre misure online.<br \/>\nSfoglia e riproduci in streaming video, giochi, programmi, sport e film in tutta sicurezza ovunque con qualit\u00e0 HD. <strong>HotSpot Shield<\/strong> \u00e8 disponibile su Windows, Safari, Apple, Android, Chrome e Apple TV.<\/p>\n<h2>HOTSPOTVSHIELD VPN &#8211; TUTORIAL<\/h2>\n<div id=\"fluid-wrapper-counter-1\" class=\"g1-fluid-wrapper \" style=\"width:686px;\">\n<div style=\"padding-bottom:56.268221574344%;\"><iframe loading=\"lazy\" title=\"How to use Hotspot Shield VPN?\" width=\"686\" height=\"386\" src=\"https:\/\/www.youtube.com\/embed\/wvCop-gKrig?feature=oembed&amp;wmode=transparent&amp;autohide=1&amp;autoplay=0&amp;disablekb=0&amp;fs=1&amp;loop=0&amp;enablejsapi=1&amp;rel=0&amp;controls=2&amp;showinfo=0&amp;wmode=transparent&amp;autohide=2&amp;autoplay=0&amp;disablekb=0&amp;fs=1&amp;loop=0&amp;enablejsapi=1&amp;rel=0&amp;controls=2&amp;showinfo=1\" frameborder=\"0\" allow=\"accelerometer; autoplay; clipboard-write; encrypted-media; gyroscope; picture-in-picture\" allowfullscreen><\/iframe><\/div>\n<\/div>\n<h3>HOTSPOTVSHIELD VPN &#8211; CARATTERISTICHE<\/h3>\n<ul>\n<li><strong>Trasmetti tutto in streaming<\/strong>: con una larghezza di banda illimitata, puoi accedere a tutti i tuoi contenuti preferiti, come giochi, sport in diretta e siti di streaming, da qualsiasi dispositivo, ovunque. La soluzione garantisce velocit\u00e0 incredibili senza buffering.<\/li>\n<li><strong>Accedi a siti web e app<\/strong>: ottieni l&#8217;accesso a qualsiasi app o sito web che potrebbe essere limitato con un semplice clic di un pulsante. Fornisce accesso illimitato a siti come Facebook, Snapchat, YouTube, Skype e altri.<\/li>\n<li><strong>Naviga in modo anonimo<\/strong>: collegandoti a una VPN, puoi nascondere il tuo indirizzo IP e la tua posizione. Possiede oltre 3.200 server in pi\u00f9 di 73 paesi e non traccia, regista o memorizza nessuna delle tue informazioni di identificazione personale, incluso il tuo indirizzo IP.<\/li>\n<li><strong>Proteggi i tuoi dispositivi:<\/strong>\u00a0utilizza la migliore sicurezza di livello militare e la crittografia AES a 256 bit per garantire che i tuoi dati siano protetti, anche quando collegati a hotspot WiFi pubblici non protetti.<\/li>\n<li><strong>Evita la limitazione<\/strong>: con il programma connesso, il tuo provider di servizi internet non pu\u00f2 vedere quali siti web visiti, il che significa che alcuni servizi, come i siti di streaming, non verranno mai limitati.<\/li>\n<li><strong>Risparmiare<\/strong>: evita gli aumenti di prezzo in base alla tua posizione. Utilizzando una VPN per cambiare il tuo indirizzo IP e cambiare la tua posizione virtuale, puoi trovare offerte pi\u00f9 economiche su voli, pacchetti vacanza e altri beni e servizi.<\/li>\n<\/ul>\n<h4>LE RECENSIONI DEGLI UTENTI<\/h4>\n<p><strong>Tariq&#8221;La migliore VPN come estensione Chrome&#8221;<\/strong><br \/>\n<strong>Pro<\/strong>: Generalmente la maggior parte della VPN non funziona con l&#8217;estensione Chrome, ma la VPN con scudo hotspot \u00e8 sorprendente e ci consente di selezionare il paese desiderato come estensione.<br \/>\n<strong>Contro<\/strong>: A volte si disconnetteva automaticamente durante il lavoro.<\/p>\n<p><strong>Bugra&#8221;bs_hotspot&#8221;<\/strong><br \/>\n<strong>Commenti<\/strong>: Lo uso per accedere a siti vietati nel mio paese. Un programma molto utile nei paesi del terzo mondo dove non c&#8217;\u00e8 libert\u00e0.<br \/>\n<strong>Pro<\/strong>: \u00c8 positivo che altri paesi si colleghino all&#8217;indirizzo IP di Internet, questo \u00e8 il compito di molti paesi. Se sei un membro premium, la tua velocit\u00e0 di Internet sar\u00e0 molto alta.<br \/>\n<strong>Contro<\/strong>: l&#8217;applicazione a volte non funziona e la velocit\u00e0 di Internet sar\u00e0 molto lenta se non sei un membro premium<\/p>\n<p><strong>Nhan&#8221;Soluzione VPN gratuita e veloce&#8221;<\/strong><br \/>\n<strong>Pro<\/strong>: Hotspot Shield \u00e8 una delle soluzioni VPN pi\u00f9 veloci, ho notato poca o nessuna differenza tra la navigazione con e senza VPN. L&#8217;utente pu\u00f2 utilizzare Hotspot Shield per accedere a siti Web bloccati dall&#8217;ISP con una configurazione minima. Il progetto di installazione \u00e8 abbastanza semplice, anche l&#8217;interfaccia utente \u00e8 semplice e molto da usare.<br \/>\n<strong>Contro<\/strong>: Poich\u00e9 tutto il traffico scorre attraverso l&#8217;applicazione, gli utenti dovrebbero prestare attenzione quando utilizzano Hotspot Shield. Hotspot Shield non deve essere utilizzato quando si accede ad account\/siti web mission-critical.<\/p>\n","protected":false},"excerpt":{"rendered":"<p>HotSpot Shield VPN \u00e8 un&#8217;applicazione VPN, progettata per aiutare le aziende ad abilitare e accedere a contenuti bloccati a livello regionale o geografico. La VPN crittografa automaticamente i dati personali degli utenti per proteggere le informazioni riservate, garantire l&#8217;anonimato e mantenere la privacy sul web.<\/p>\n","protected":false},"author":19,"featured_media":63440,"parent":62847,"menu_order":0,"comment_status":"open","ping_status":"closed","template":"g1_template_page_review_new.php","meta":{"_acf_changed":false,"cwp_meta_box_check":"No","cwp_rev_product_name":"","cwp_rev_product_image":"","wppr_links":[],"cwp_rev_price":"","wppr_options":[],"wppr_pros":[],"wppr_cons":[],"_monsterinsights_skip_tracking":false,"_monsterinsights_sitenote_active":false,"_monsterinsights_sitenote_note":"","_monsterinsights_sitenote_category":0,"footnotes":""},"categories":[13617],"tags":[13619,13611,13688,13618,13614,13612,13613],"features":[],"class_list":{"0":"post-63437","1":"page","2":"type-page","3":"status-publish","4":"has-post-thumbnail","6":"category-software-crittografia-cat","7":"tag-app-di-crittografia","8":"tag-encryption-software","9":"tag-hotspot-shield-vpn","10":"tag-piattaforma-di-crittografia","11":"tag-programma-di-crittografia","12":"tag-software-di-crittografia","13":"tag-soluzione-di-crittografia"},"wppr_data":{"cwp_meta_box_check":"No"},"acf":[],"yoast_head":"<!-- This site is optimized with the Yoast SEO plugin v27.4 - https:\/\/yoast.com\/product\/yoast-seo-wordpress\/ -->\n<title>HotSpot Shield VPN: recensione software crittografia - AR<\/title>\n<meta name=\"description\" content=\"HotSpot Shield VPN: recensione app VPN progettata per aiutare le aziende ad abilitare e accedere a contenuti bloccati a livello regionale.\" \/>\n<meta name=\"robots\" content=\"index, follow, max-snippet:-1, max-image-preview:large, max-video-preview:-1\" \/>\n<link rel=\"canonical\" href=\"https:\/\/www.accuratereviews.com\/it\/software-di-crittografia\/hotspot-shield-vpn-recensione\/\" \/>\n<meta property=\"og:locale\" content=\"it_IT\" \/>\n<meta property=\"og:type\" content=\"article\" \/>\n<meta property=\"og:title\" content=\"HotSpot Shield VPN: recensione software crittografia - AR\" \/>\n<meta property=\"og:description\" content=\"HotSpot Shield VPN: recensione app VPN progettata per aiutare le aziende ad abilitare e accedere a contenuti bloccati a livello regionale.\" \/>\n<meta property=\"og:url\" content=\"https:\/\/www.accuratereviews.com\/it\/software-di-crittografia\/hotspot-shield-vpn-recensione\/\" \/>\n<meta property=\"og:site_name\" content=\"Accurate Reviews\" \/>\n<meta property=\"article:modified_time\" content=\"2022-11-07T07:17:02+00:00\" \/>\n<meta property=\"og:image\" content=\"https:\/\/www.accuratereviews.com\/wp-content\/uploads\/2022\/11\/hotspot-shield-logo.png\" \/>\n\t<meta property=\"og:image:width\" content=\"300\" \/>\n\t<meta property=\"og:image:height\" content=\"229\" \/>\n\t<meta property=\"og:image:type\" content=\"image\/png\" \/>\n<meta name=\"twitter:card\" content=\"summary_large_image\" \/>\n<meta name=\"twitter:label1\" content=\"Tempo di lettura stimato\" \/>\n\t<meta name=\"twitter:data1\" content=\"3 minuti\" \/>\n<script type=\"application\/ld+json\" class=\"yoast-schema-graph\">{\"@context\":\"https:\\\/\\\/schema.org\",\"@graph\":[{\"@type\":\"WebPage\",\"@id\":\"https:\\\/\\\/www.accuratereviews.com\\\/it\\\/software-di-crittografia\\\/hotspot-shield-vpn-recensione\\\/\",\"url\":\"https:\\\/\\\/www.accuratereviews.com\\\/it\\\/software-di-crittografia\\\/hotspot-shield-vpn-recensione\\\/\",\"name\":\"HotSpot Shield VPN: recensione software crittografia - AR\",\"isPartOf\":{\"@id\":\"https:\\\/\\\/www.accuratereviews.com\\\/it\\\/#website\"},\"primaryImageOfPage\":{\"@id\":\"https:\\\/\\\/www.accuratereviews.com\\\/it\\\/software-di-crittografia\\\/hotspot-shield-vpn-recensione\\\/#primaryimage\"},\"image\":{\"@id\":\"https:\\\/\\\/www.accuratereviews.com\\\/it\\\/software-di-crittografia\\\/hotspot-shield-vpn-recensione\\\/#primaryimage\"},\"thumbnailUrl\":\"https:\\\/\\\/www.accuratereviews.com\\\/wp-content\\\/uploads\\\/2022\\\/11\\\/hotspot-shield-logo.png\",\"datePublished\":\"2022-11-04T14:07:09+00:00\",\"dateModified\":\"2022-11-07T07:17:02+00:00\",\"description\":\"HotSpot Shield VPN: recensione app VPN progettata per aiutare le aziende ad abilitare e accedere a contenuti bloccati a livello regionale.\",\"breadcrumb\":{\"@id\":\"https:\\\/\\\/www.accuratereviews.com\\\/it\\\/software-di-crittografia\\\/hotspot-shield-vpn-recensione\\\/#breadcrumb\"},\"inLanguage\":\"it-IT\",\"potentialAction\":[{\"@type\":\"ReadAction\",\"target\":[\"https:\\\/\\\/www.accuratereviews.com\\\/it\\\/software-di-crittografia\\\/hotspot-shield-vpn-recensione\\\/\"]}]},{\"@type\":\"ImageObject\",\"inLanguage\":\"it-IT\",\"@id\":\"https:\\\/\\\/www.accuratereviews.com\\\/it\\\/software-di-crittografia\\\/hotspot-shield-vpn-recensione\\\/#primaryimage\",\"url\":\"https:\\\/\\\/www.accuratereviews.com\\\/wp-content\\\/uploads\\\/2022\\\/11\\\/hotspot-shield-logo.png\",\"contentUrl\":\"https:\\\/\\\/www.accuratereviews.com\\\/wp-content\\\/uploads\\\/2022\\\/11\\\/hotspot-shield-logo.png\",\"width\":300,\"height\":229},{\"@type\":\"BreadcrumbList\",\"@id\":\"https:\\\/\\\/www.accuratereviews.com\\\/it\\\/software-di-crittografia\\\/hotspot-shield-vpn-recensione\\\/#breadcrumb\",\"itemListElement\":[{\"@type\":\"ListItem\",\"position\":1,\"name\":\"Home\",\"item\":\"https:\\\/\\\/www.accuratereviews.com\\\/it\\\/\"},{\"@type\":\"ListItem\",\"position\":2,\"name\":\"Software di crittografia\",\"item\":\"https:\\\/\\\/www.accuratereviews.com\\\/it\\\/software-di-crittografia\\\/\"},{\"@type\":\"ListItem\",\"position\":3,\"name\":\"HotSpot Shield VPN\"}]},{\"@type\":\"WebSite\",\"@id\":\"https:\\\/\\\/www.accuratereviews.com\\\/it\\\/#website\",\"url\":\"https:\\\/\\\/www.accuratereviews.com\\\/it\\\/\",\"name\":\"Accurate Reviews\",\"description\":\"\",\"potentialAction\":[{\"@type\":\"SearchAction\",\"target\":{\"@type\":\"EntryPoint\",\"urlTemplate\":\"https:\\\/\\\/www.accuratereviews.com\\\/it\\\/?s={search_term_string}\"},\"query-input\":{\"@type\":\"PropertyValueSpecification\",\"valueRequired\":true,\"valueName\":\"search_term_string\"}}],\"inLanguage\":\"it-IT\"}]}<\/script>\n<!-- \/ Yoast SEO plugin. -->","yoast_head_json":{"title":"HotSpot Shield VPN: recensione software crittografia - AR","description":"HotSpot Shield VPN: recensione app VPN progettata per aiutare le aziende ad abilitare e accedere a contenuti bloccati a livello regionale.","robots":{"index":"index","follow":"follow","max-snippet":"max-snippet:-1","max-image-preview":"max-image-preview:large","max-video-preview":"max-video-preview:-1"},"canonical":"https:\/\/www.accuratereviews.com\/it\/software-di-crittografia\/hotspot-shield-vpn-recensione\/","og_locale":"it_IT","og_type":"article","og_title":"HotSpot Shield VPN: recensione software crittografia - AR","og_description":"HotSpot Shield VPN: recensione app VPN progettata per aiutare le aziende ad abilitare e accedere a contenuti bloccati a livello regionale.","og_url":"https:\/\/www.accuratereviews.com\/it\/software-di-crittografia\/hotspot-shield-vpn-recensione\/","og_site_name":"Accurate Reviews","article_modified_time":"2022-11-07T07:17:02+00:00","og_image":[{"width":300,"height":229,"url":"https:\/\/www.accuratereviews.com\/wp-content\/uploads\/2022\/11\/hotspot-shield-logo.png","type":"image\/png"}],"twitter_card":"summary_large_image","twitter_misc":{"Tempo di lettura stimato":"3 minuti"},"schema":{"@context":"https:\/\/schema.org","@graph":[{"@type":"WebPage","@id":"https:\/\/www.accuratereviews.com\/it\/software-di-crittografia\/hotspot-shield-vpn-recensione\/","url":"https:\/\/www.accuratereviews.com\/it\/software-di-crittografia\/hotspot-shield-vpn-recensione\/","name":"HotSpot Shield VPN: recensione software crittografia - AR","isPartOf":{"@id":"https:\/\/www.accuratereviews.com\/it\/#website"},"primaryImageOfPage":{"@id":"https:\/\/www.accuratereviews.com\/it\/software-di-crittografia\/hotspot-shield-vpn-recensione\/#primaryimage"},"image":{"@id":"https:\/\/www.accuratereviews.com\/it\/software-di-crittografia\/hotspot-shield-vpn-recensione\/#primaryimage"},"thumbnailUrl":"https:\/\/www.accuratereviews.com\/wp-content\/uploads\/2022\/11\/hotspot-shield-logo.png","datePublished":"2022-11-04T14:07:09+00:00","dateModified":"2022-11-07T07:17:02+00:00","description":"HotSpot Shield VPN: recensione app VPN progettata per aiutare le aziende ad abilitare e accedere a contenuti bloccati a livello regionale.","breadcrumb":{"@id":"https:\/\/www.accuratereviews.com\/it\/software-di-crittografia\/hotspot-shield-vpn-recensione\/#breadcrumb"},"inLanguage":"it-IT","potentialAction":[{"@type":"ReadAction","target":["https:\/\/www.accuratereviews.com\/it\/software-di-crittografia\/hotspot-shield-vpn-recensione\/"]}]},{"@type":"ImageObject","inLanguage":"it-IT","@id":"https:\/\/www.accuratereviews.com\/it\/software-di-crittografia\/hotspot-shield-vpn-recensione\/#primaryimage","url":"https:\/\/www.accuratereviews.com\/wp-content\/uploads\/2022\/11\/hotspot-shield-logo.png","contentUrl":"https:\/\/www.accuratereviews.com\/wp-content\/uploads\/2022\/11\/hotspot-shield-logo.png","width":300,"height":229},{"@type":"BreadcrumbList","@id":"https:\/\/www.accuratereviews.com\/it\/software-di-crittografia\/hotspot-shield-vpn-recensione\/#breadcrumb","itemListElement":[{"@type":"ListItem","position":1,"name":"Home","item":"https:\/\/www.accuratereviews.com\/it\/"},{"@type":"ListItem","position":2,"name":"Software di crittografia","item":"https:\/\/www.accuratereviews.com\/it\/software-di-crittografia\/"},{"@type":"ListItem","position":3,"name":"HotSpot Shield VPN"}]},{"@type":"WebSite","@id":"https:\/\/www.accuratereviews.com\/it\/#website","url":"https:\/\/www.accuratereviews.com\/it\/","name":"Accurate Reviews","description":"","potentialAction":[{"@type":"SearchAction","target":{"@type":"EntryPoint","urlTemplate":"https:\/\/www.accuratereviews.com\/it\/?s={search_term_string}"},"query-input":{"@type":"PropertyValueSpecification","valueRequired":true,"valueName":"search_term_string"}}],"inLanguage":"it-IT"}]}},"_links":{"self":[{"href":"https:\/\/www.accuratereviews.com\/it\/wp-json\/wp\/v2\/pages\/63437","targetHints":{"allow":["GET"]}}],"collection":[{"href":"https:\/\/www.accuratereviews.com\/it\/wp-json\/wp\/v2\/pages"}],"about":[{"href":"https:\/\/www.accuratereviews.com\/it\/wp-json\/wp\/v2\/types\/page"}],"author":[{"embeddable":true,"href":"https:\/\/www.accuratereviews.com\/it\/wp-json\/wp\/v2\/users\/19"}],"replies":[{"embeddable":true,"href":"https:\/\/www.accuratereviews.com\/it\/wp-json\/wp\/v2\/comments?post=63437"}],"version-history":[{"count":6,"href":"https:\/\/www.accuratereviews.com\/it\/wp-json\/wp\/v2\/pages\/63437\/revisions"}],"predecessor-version":[{"id":63487,"href":"https:\/\/www.accuratereviews.com\/it\/wp-json\/wp\/v2\/pages\/63437\/revisions\/63487"}],"up":[{"embeddable":true,"href":"https:\/\/www.accuratereviews.com\/it\/wp-json\/wp\/v2\/pages\/62847"}],"wp:featuredmedia":[{"embeddable":true,"href":"https:\/\/www.accuratereviews.com\/it\/wp-json\/wp\/v2\/media\/63440"}],"wp:attachment":[{"href":"https:\/\/www.accuratereviews.com\/it\/wp-json\/wp\/v2\/media?parent=63437"}],"wp:term":[{"taxonomy":"category","embeddable":true,"href":"https:\/\/www.accuratereviews.com\/it\/wp-json\/wp\/v2\/categories?post=63437"},{"taxonomy":"post_tag","embeddable":true,"href":"https:\/\/www.accuratereviews.com\/it\/wp-json\/wp\/v2\/tags?post=63437"},{"taxonomy":"features","embeddable":true,"href":"https:\/\/www.accuratereviews.com\/it\/wp-json\/wp\/v2\/features?post=63437"}],"curies":[{"name":"wp","href":"https:\/\/api.w.org\/{rel}","templated":true}]}}