{"id":63509,"date":"2022-11-07T17:15:25","date_gmt":"2022-11-07T17:15:25","guid":{"rendered":"https:\/\/www.accuratereviews.com\/?page_id=63509"},"modified":"2022-11-07T17:15:25","modified_gmt":"2022-11-07T17:15:25","slug":"automox-recensione","status":"publish","type":"page","link":"https:\/\/www.accuratereviews.com\/it\/software-di-crittografia\/automox-recensione\/","title":{"rendered":"Automox"},"content":{"rendered":"<p><strong>Automox<\/strong> \u00e8 una<strong> soluzione informatica<\/strong> e gestione delle patch, basata su <strong>cloud<\/strong>, che aiuta le aziende a semplificare la <strong>protezione degli endpoint<\/strong> e ridurre al minimo le<strong> minacce informatiche<\/strong> su tutti i dispositivi. La piattaforma centralizzata viene fornita con una dashboard amministrativa che consente agli utenti di ottenere una panoramica dei dispositivi che richiedono l&#8217;approvazione delle patch, gli aggiornamenti del sistema o la risoluzione dei problemi. Il programma\u00a0consente alle aziende di creare policy personalizzate per mantenere la conformit\u00e0 tra i processi e informare i clienti sulle patch imminenti inviando notifiche di emergenza. I manager possono configurare flussi di lavoro di approvazione, filtrare criteri in base a nomi o classificazioni di gravit\u00e0 e visualizzare le risorse software disponibili. Gli utenti possono utilizzare il registro delle attivit\u00e0 per monitorare le patch in corso e generare pi\u00f9 report su riepiloghi delle patch, dispositivi non conformi o impatti interni.<\/p>\n<h2>AUTOMOX &#8211; TUTORIAL<\/h2>\n<div id=\"fluid-wrapper-counter-1\" class=\"g1-fluid-wrapper \" style=\"width:686px;\">\n<div style=\"padding-bottom:56.268221574344%;\"><iframe loading=\"lazy\" title=\"How to Use Policies\" width=\"686\" height=\"386\" src=\"https:\/\/www.youtube.com\/embed\/xw_h-Ov0Nyk?feature=oembed&amp;wmode=transparent&amp;autohide=1&amp;autoplay=0&amp;disablekb=0&amp;fs=1&amp;loop=0&amp;enablejsapi=1&amp;rel=0&amp;controls=2&amp;showinfo=0&amp;wmode=transparent&amp;autohide=2&amp;autoplay=0&amp;disablekb=0&amp;fs=1&amp;loop=0&amp;enablejsapi=1&amp;rel=0&amp;controls=2&amp;showinfo=1\" frameborder=\"0\" allow=\"accelerometer; autoplay; clipboard-write; encrypted-media; gyroscope; picture-in-picture\" allowfullscreen><\/iframe><\/div>\n<\/div>\n<h3>AUTOMOX &#8211; CARATTERISTICHE<\/h3>\n<ul>\n<li><strong>Promuovi i risultati aziendali<\/strong>: visualizza tutti gli endpoint e le applicazioni da un&#8217;unica console. Sia gli amministratori che i proprietari di aziende possono prendere decisioni strategiche valide sulla base di una visione completa e in tempo reale dell&#8217;infrastruttura.<\/li>\n<li><strong>Agisci velocemente e applica la conformit\u00e0<\/strong>: identifica rapidamente le vulnerabilit\u00e0 e agisci rapidamente dove necessario. Mantieni la visibilit\u00e0 completa e il reporting end-to-end su tutti i tuoi endpoint per essere sempre pronto per l&#8217;audit.<\/li>\n<li><strong>Condivisione dei dati:<\/strong> semplifica la condivisione dei dati ed espandi le tue opinioni unendo i dati della soluzione con altre fonti di fornitori attraverso le partnership di settore e flussi di lavoro automatizzati.<\/li>\n<li><strong>Centralizza la gestione delle patch di terze parti<\/strong>: gestisci, configura e tieni traccia dell&#8217;inventario di terze parti, quindi correggi tutto in modo nativo da un&#8217;unica posizione. Aggiungi regolarmente nuovi fornitori di terze parti alla libreria.<\/li>\n<li><strong>Aumenta l&#8217;efficienza ITOps<\/strong>: automatizza le azioni ridondanti, connetti processi complessi e abilita l&#8217;orchestrazione tra team in modo che i tuoi gruppi ITOps possano dedicare pi\u00f9 tempo al lavoro strategico.<\/li>\n<li><strong>Riduci al minimo la fatica<\/strong>: smetti di sprecare cicli con strumenti on-premise obsoleti e complicati o VPN che non possono gestire, autenticare o proteggere efficacemente i dispositivi remoti. Controlla, convalida e proteggi i tuoi dispositivi senza vincoli locali.<\/li>\n<li><strong>Semplifica e ridimensiona la gestione degli endpoint<\/strong>: pianifica e automatizza rapidamente le distribuzioni delle patch, applica aggiornamenti, gestisci le configurazioni e distribuisci software a qualsiasi numero di dispositivi, indipendentemente dalla posizione. Ottieni patch il primo giorno con un&#8217;unica console e un&#8217;interfaccia utente intuitiva.<\/li>\n<li><strong>Taglia il costo e la complessit\u00e0<\/strong>: riduci il tuo sovraccarico operativo fino all&#8217;80% eliminando il costo di hardware, elettrodomestici, manutenzione e tempo e risorse dei dipendenti. Fai di pi\u00f9 con meno e risparmia tempo prezioso con l&#8217;accesso in tempo reale a tutti i dispositivi, ovunque nel mondo.<\/li>\n<li><strong>Elimina l&#8217;ansia da audit<\/strong>: ottieni un controllo granulare della configurazione di ogni dispositivo, su qualsiasi sistema operativo. Crea nuove policy o attingi dal catalogo Worklet nella console per applicare le policy a qualsiasi set di dispositivi con pochi clic.<\/li>\n<li><strong>Aumenta l&#8217;efficienza IT<\/strong>: risolvi i problemi con l&#8217;accesso immediato e diretto al dispositivo di un utente senza passare da una console all&#8217;altra, eliminando i colli di bottiglia non necessari nel completamento delle attivit\u00e0 IT.<\/li>\n<li><strong>Riduci i tempi di attesa dell&#8217;utente finale<\/strong>: una risoluzione pi\u00f9 rapida dei ticket significa che i dipendenti ricevono un&#8217;esperienza di service desk eccezionale e possono tornare rapidamente al proprio lavoro senza indugio.<\/li>\n<\/ul>\n<h4>LE RECENSIONI DEGLI UTENTI<\/h4>\n<p><strong>Jason&#8221;Esattamente quello di cui avevamo bisogno&#8221;<\/strong><br \/>\n<strong>Commenti<\/strong>: \u00c8 stata una bella esperienza e i loro team sono molto disponibili e reattivi.<br \/>\n<strong>Pro<\/strong>: Copre i pacchetti software pi\u00f9 popolari sul mercato e ci consente di affrontare tutto ci\u00f2 che non \u00e8 stato raccolto dai nostri altri prodotti<br \/>\n<strong>Contro<\/strong>: Ha bisogno di pi\u00f9 APi per alcune delle altre piattaforme che utilizziamo, ma sono sempre disposti ad accettare e aggiungere altri alla loro lista.<br \/>\n<strong>Zachary&#8221;Ottima gestione delle patch Affidabilit\u00e0 senza rivali&#8221;<\/strong><br \/>\n<strong>Commenti<\/strong>: Grande. Non abbiamo trovato un&#8217;altra soluzione che applichi le politiche delle patch in modo affidabile come Automox, per non parlare di rendere l&#8217;approvazione manuale delle patch tanto semplice quanto lo \u00e8.<br \/>\n<strong>Pro<\/strong>: Potente gestione delle patch e comprovata affidabilit\u00e0. Reportistica e applicazione delle politiche eccellenti.<br \/>\n<strong>Contro<\/strong>: La distribuzione del software pu\u00f2 essere leggermente pi\u00f9 complicata rispetto ad altre soluzioni in quanto richiede alcuni script per completare il processo. Tuttavia, vale la pena notare che il processo di scripting non \u00e8 particolarmente difficile ed \u00e8 ben documentato.<br \/>\n<strong>Gregory&#8221;Salvavita&#8221;<\/strong><br \/>\n<strong>Commenti<\/strong>: Abbiamo implementato Automox per aiutare l&#8217;applicazione di patch e la manutenzione di quasi 100 computer e 15 server in loco e basati su cloud. La maggior parte del personale si trovava in uno scenario di lavoro ibrido ufficio\/remoto, quindi i vecchi metodi di aggiornamento richiedevano molto tempo. Automox \u00e8 stato anche facile da implementare nel nostro ambiente BYOD. Risparmiato un&#8217;enorme quantit\u00e0 di tempo. Abbiamo provato altre soluzioni o moduli nel nostro RMM ma hanno richiesto un lavoro costante. Dedichiamo molto meno tempo alla gestione di Automox.<br \/>\n<strong>Pro<\/strong>: Apprezzato la facilit\u00e0 d&#8217;uso, i tempi di avvio rapidi e le risposte rapide da parte del team di supporto. L&#8217;utilizzo sia su Mac che su PC \u00e8 stato molto pi\u00f9 semplice rispetto ad altri sistemi.<br \/>\n<strong>Contro<\/strong>: Non ho ancora avuto una brutta esperienza.<\/p>\n","protected":false},"excerpt":{"rendered":"<p>Automox \u00e8 una soluzione informatica e gestione delle patch, basata su cloud, che aiuta le aziende a semplificare la protezione degli endpoint e ridurre al minimo le minacce informatiche su tutti i dispositivi. La piattaforma centralizzata viene fornita con una dashboard amministrativa che consente agli utenti di ottenere una panoramica dei dispositivi che richiedono l&#8217;approvazione delle patch, gli aggiornamenti del sistema o la risoluzione dei problemi.<\/p>\n","protected":false},"author":19,"featured_media":63521,"parent":62847,"menu_order":0,"comment_status":"open","ping_status":"closed","template":"g1_template_page_review_new.php","meta":{"_acf_changed":false,"cwp_meta_box_check":"Yes","cwp_rev_product_name":"","cwp_rev_product_image":"","wppr_links":[],"cwp_rev_price":"0.00","wppr_options":[],"wppr_pros":["","","","",""],"wppr_cons":["","","","",""],"_monsterinsights_skip_tracking":false,"_monsterinsights_sitenote_active":false,"_monsterinsights_sitenote_note":"","_monsterinsights_sitenote_category":0,"footnotes":""},"categories":[13617],"tags":[13619,13700,730,13611,13618,13614,13612,13613],"features":[],"class_list":{"0":"post-63509","1":"page","2":"type-page","3":"status-publish","4":"has-post-thumbnail","6":"category-software-crittografia-cat","7":"tag-app-di-crittografia","8":"tag-automox","9":"tag-crittografia","10":"tag-encryption-software","11":"tag-piattaforma-di-crittografia","12":"tag-programma-di-crittografia","13":"tag-software-di-crittografia","14":"tag-soluzione-di-crittografia"},"wppr_data":{"cwp_meta_box_check":"Yes","_wppr_review_template":"default","cwp_rev_product_image":"","cwp_image_link":"image","wppr_links":[],"cwp_rev_price":"0.00","wppr_pros":["","","","",""],"wppr_cons":["","","","",""],"wppr_rating":"0.00","wppr_options":[],"wppr_review_type":"Product","wppr_review_custom_fields":{"additionalProperty":"","additionalType":"","aggregateRating":"","alternateName":"","audience":"","award":"","awards":"","brand":"","color":"","depth":"","description":"","disambiguatingDescription":"","gtin12":"","gtin13":"","gtin14":"","gtin8":"","height":"","identifier":"","image":"","isAccessoryOrSparePartFor":"","isConsumableFor":"","isRelatedTo":"","isSimilarTo":"","itemCondition":"","logo":"","mainEntityOfPage":"","manufacturer":"","material":"","model":"","mpn":"","name":"","offers":"","potentialAction":"","productID":"","productionDate":"","purchaseDate":"","releaseDate":"","review":"","reviews":"","sameAs":"","sku":"","slogan":"","subjectOf":"","url":"","weight":"","width":""}},"acf":[],"yoast_head":"<!-- This site is optimized with the Yoast SEO plugin v27.4 - https:\/\/yoast.com\/product\/yoast-seo-wordpress\/ -->\n<title>Automox: recensione software crittografia - Accurate Reviews<\/title>\n<meta name=\"description\" content=\"Automox: recensione soluzione informatica e gestione delle patch che aiuta a semplificare la protezione degli endpoint e ridurre le minacce.\" \/>\n<meta name=\"robots\" content=\"index, follow, max-snippet:-1, max-image-preview:large, max-video-preview:-1\" \/>\n<link rel=\"canonical\" href=\"https:\/\/www.accuratereviews.com\/it\/software-di-crittografia\/automox-recensione\/\" \/>\n<meta property=\"og:locale\" content=\"it_IT\" \/>\n<meta property=\"og:type\" content=\"article\" \/>\n<meta property=\"og:title\" content=\"Automox: recensione software crittografia - Accurate Reviews\" \/>\n<meta property=\"og:description\" content=\"Automox: recensione soluzione informatica e gestione delle patch che aiuta a semplificare la protezione degli endpoint e ridurre le minacce.\" \/>\n<meta property=\"og:url\" content=\"https:\/\/www.accuratereviews.com\/it\/software-di-crittografia\/automox-recensione\/\" \/>\n<meta property=\"og:site_name\" content=\"Accurate Reviews\" \/>\n<meta property=\"og:image\" content=\"https:\/\/www.accuratereviews.com\/wp-content\/uploads\/2022\/11\/Automox.jpeg\" \/>\n\t<meta property=\"og:image:width\" content=\"400\" \/>\n\t<meta property=\"og:image:height\" content=\"400\" \/>\n\t<meta property=\"og:image:type\" content=\"image\/jpeg\" \/>\n<meta name=\"twitter:card\" content=\"summary_large_image\" \/>\n<meta name=\"twitter:label1\" content=\"Tempo di lettura stimato\" \/>\n\t<meta name=\"twitter:data1\" content=\"5 minuti\" \/>\n<script type=\"application\/ld+json\" class=\"yoast-schema-graph\">{\"@context\":\"https:\\\/\\\/schema.org\",\"@graph\":[{\"@type\":\"WebPage\",\"@id\":\"https:\\\/\\\/www.accuratereviews.com\\\/it\\\/software-di-crittografia\\\/automox-recensione\\\/\",\"url\":\"https:\\\/\\\/www.accuratereviews.com\\\/it\\\/software-di-crittografia\\\/automox-recensione\\\/\",\"name\":\"Automox: recensione software crittografia - Accurate Reviews\",\"isPartOf\":{\"@id\":\"https:\\\/\\\/www.accuratereviews.com\\\/it\\\/#website\"},\"primaryImageOfPage\":{\"@id\":\"https:\\\/\\\/www.accuratereviews.com\\\/it\\\/software-di-crittografia\\\/automox-recensione\\\/#primaryimage\"},\"image\":{\"@id\":\"https:\\\/\\\/www.accuratereviews.com\\\/it\\\/software-di-crittografia\\\/automox-recensione\\\/#primaryimage\"},\"thumbnailUrl\":\"https:\\\/\\\/www.accuratereviews.com\\\/wp-content\\\/uploads\\\/2022\\\/11\\\/Automox.jpeg\",\"datePublished\":\"2022-11-07T17:15:25+00:00\",\"description\":\"Automox: recensione soluzione informatica e gestione delle patch che aiuta a semplificare la protezione degli endpoint e ridurre le minacce.\",\"breadcrumb\":{\"@id\":\"https:\\\/\\\/www.accuratereviews.com\\\/it\\\/software-di-crittografia\\\/automox-recensione\\\/#breadcrumb\"},\"inLanguage\":\"it-IT\",\"potentialAction\":[{\"@type\":\"ReadAction\",\"target\":[\"https:\\\/\\\/www.accuratereviews.com\\\/it\\\/software-di-crittografia\\\/automox-recensione\\\/\"]}]},{\"@type\":\"ImageObject\",\"inLanguage\":\"it-IT\",\"@id\":\"https:\\\/\\\/www.accuratereviews.com\\\/it\\\/software-di-crittografia\\\/automox-recensione\\\/#primaryimage\",\"url\":\"https:\\\/\\\/www.accuratereviews.com\\\/wp-content\\\/uploads\\\/2022\\\/11\\\/Automox.jpeg\",\"contentUrl\":\"https:\\\/\\\/www.accuratereviews.com\\\/wp-content\\\/uploads\\\/2022\\\/11\\\/Automox.jpeg\",\"width\":400,\"height\":400},{\"@type\":\"BreadcrumbList\",\"@id\":\"https:\\\/\\\/www.accuratereviews.com\\\/it\\\/software-di-crittografia\\\/automox-recensione\\\/#breadcrumb\",\"itemListElement\":[{\"@type\":\"ListItem\",\"position\":1,\"name\":\"Home\",\"item\":\"https:\\\/\\\/www.accuratereviews.com\\\/it\\\/\"},{\"@type\":\"ListItem\",\"position\":2,\"name\":\"Software di crittografia\",\"item\":\"https:\\\/\\\/www.accuratereviews.com\\\/it\\\/software-di-crittografia\\\/\"},{\"@type\":\"ListItem\",\"position\":3,\"name\":\"Automox\"}]},{\"@type\":\"WebSite\",\"@id\":\"https:\\\/\\\/www.accuratereviews.com\\\/it\\\/#website\",\"url\":\"https:\\\/\\\/www.accuratereviews.com\\\/it\\\/\",\"name\":\"Accurate Reviews\",\"description\":\"\",\"potentialAction\":[{\"@type\":\"SearchAction\",\"target\":{\"@type\":\"EntryPoint\",\"urlTemplate\":\"https:\\\/\\\/www.accuratereviews.com\\\/it\\\/?s={search_term_string}\"},\"query-input\":{\"@type\":\"PropertyValueSpecification\",\"valueRequired\":true,\"valueName\":\"search_term_string\"}}],\"inLanguage\":\"it-IT\"}]}<\/script>\n<!-- \/ Yoast SEO plugin. -->","yoast_head_json":{"title":"Automox: recensione software crittografia - Accurate Reviews","description":"Automox: recensione soluzione informatica e gestione delle patch che aiuta a semplificare la protezione degli endpoint e ridurre le minacce.","robots":{"index":"index","follow":"follow","max-snippet":"max-snippet:-1","max-image-preview":"max-image-preview:large","max-video-preview":"max-video-preview:-1"},"canonical":"https:\/\/www.accuratereviews.com\/it\/software-di-crittografia\/automox-recensione\/","og_locale":"it_IT","og_type":"article","og_title":"Automox: recensione software crittografia - Accurate Reviews","og_description":"Automox: recensione soluzione informatica e gestione delle patch che aiuta a semplificare la protezione degli endpoint e ridurre le minacce.","og_url":"https:\/\/www.accuratereviews.com\/it\/software-di-crittografia\/automox-recensione\/","og_site_name":"Accurate Reviews","og_image":[{"width":400,"height":400,"url":"https:\/\/www.accuratereviews.com\/wp-content\/uploads\/2022\/11\/Automox.jpeg","type":"image\/jpeg"}],"twitter_card":"summary_large_image","twitter_misc":{"Tempo di lettura stimato":"5 minuti"},"schema":{"@context":"https:\/\/schema.org","@graph":[{"@type":"WebPage","@id":"https:\/\/www.accuratereviews.com\/it\/software-di-crittografia\/automox-recensione\/","url":"https:\/\/www.accuratereviews.com\/it\/software-di-crittografia\/automox-recensione\/","name":"Automox: recensione software crittografia - Accurate Reviews","isPartOf":{"@id":"https:\/\/www.accuratereviews.com\/it\/#website"},"primaryImageOfPage":{"@id":"https:\/\/www.accuratereviews.com\/it\/software-di-crittografia\/automox-recensione\/#primaryimage"},"image":{"@id":"https:\/\/www.accuratereviews.com\/it\/software-di-crittografia\/automox-recensione\/#primaryimage"},"thumbnailUrl":"https:\/\/www.accuratereviews.com\/wp-content\/uploads\/2022\/11\/Automox.jpeg","datePublished":"2022-11-07T17:15:25+00:00","description":"Automox: recensione soluzione informatica e gestione delle patch che aiuta a semplificare la protezione degli endpoint e ridurre le minacce.","breadcrumb":{"@id":"https:\/\/www.accuratereviews.com\/it\/software-di-crittografia\/automox-recensione\/#breadcrumb"},"inLanguage":"it-IT","potentialAction":[{"@type":"ReadAction","target":["https:\/\/www.accuratereviews.com\/it\/software-di-crittografia\/automox-recensione\/"]}]},{"@type":"ImageObject","inLanguage":"it-IT","@id":"https:\/\/www.accuratereviews.com\/it\/software-di-crittografia\/automox-recensione\/#primaryimage","url":"https:\/\/www.accuratereviews.com\/wp-content\/uploads\/2022\/11\/Automox.jpeg","contentUrl":"https:\/\/www.accuratereviews.com\/wp-content\/uploads\/2022\/11\/Automox.jpeg","width":400,"height":400},{"@type":"BreadcrumbList","@id":"https:\/\/www.accuratereviews.com\/it\/software-di-crittografia\/automox-recensione\/#breadcrumb","itemListElement":[{"@type":"ListItem","position":1,"name":"Home","item":"https:\/\/www.accuratereviews.com\/it\/"},{"@type":"ListItem","position":2,"name":"Software di crittografia","item":"https:\/\/www.accuratereviews.com\/it\/software-di-crittografia\/"},{"@type":"ListItem","position":3,"name":"Automox"}]},{"@type":"WebSite","@id":"https:\/\/www.accuratereviews.com\/it\/#website","url":"https:\/\/www.accuratereviews.com\/it\/","name":"Accurate Reviews","description":"","potentialAction":[{"@type":"SearchAction","target":{"@type":"EntryPoint","urlTemplate":"https:\/\/www.accuratereviews.com\/it\/?s={search_term_string}"},"query-input":{"@type":"PropertyValueSpecification","valueRequired":true,"valueName":"search_term_string"}}],"inLanguage":"it-IT"}]}},"_links":{"self":[{"href":"https:\/\/www.accuratereviews.com\/it\/wp-json\/wp\/v2\/pages\/63509","targetHints":{"allow":["GET"]}}],"collection":[{"href":"https:\/\/www.accuratereviews.com\/it\/wp-json\/wp\/v2\/pages"}],"about":[{"href":"https:\/\/www.accuratereviews.com\/it\/wp-json\/wp\/v2\/types\/page"}],"author":[{"embeddable":true,"href":"https:\/\/www.accuratereviews.com\/it\/wp-json\/wp\/v2\/users\/19"}],"replies":[{"embeddable":true,"href":"https:\/\/www.accuratereviews.com\/it\/wp-json\/wp\/v2\/comments?post=63509"}],"version-history":[{"count":11,"href":"https:\/\/www.accuratereviews.com\/it\/wp-json\/wp\/v2\/pages\/63509\/revisions"}],"predecessor-version":[{"id":63599,"href":"https:\/\/www.accuratereviews.com\/it\/wp-json\/wp\/v2\/pages\/63509\/revisions\/63599"}],"up":[{"embeddable":true,"href":"https:\/\/www.accuratereviews.com\/it\/wp-json\/wp\/v2\/pages\/62847"}],"wp:featuredmedia":[{"embeddable":true,"href":"https:\/\/www.accuratereviews.com\/it\/wp-json\/wp\/v2\/media\/63521"}],"wp:attachment":[{"href":"https:\/\/www.accuratereviews.com\/it\/wp-json\/wp\/v2\/media?parent=63509"}],"wp:term":[{"taxonomy":"category","embeddable":true,"href":"https:\/\/www.accuratereviews.com\/it\/wp-json\/wp\/v2\/categories?post=63509"},{"taxonomy":"post_tag","embeddable":true,"href":"https:\/\/www.accuratereviews.com\/it\/wp-json\/wp\/v2\/tags?post=63509"},{"taxonomy":"features","embeddable":true,"href":"https:\/\/www.accuratereviews.com\/it\/wp-json\/wp\/v2\/features?post=63509"}],"curies":[{"name":"wp","href":"https:\/\/api.w.org\/{rel}","templated":true}]}}