{"id":63570,"date":"2022-11-08T07:20:39","date_gmt":"2022-11-08T07:20:39","guid":{"rendered":"https:\/\/www.accuratereviews.com\/?page_id=63570"},"modified":"2022-11-08T07:20:39","modified_gmt":"2022-11-08T07:20:39","slug":"sealit-recensione","status":"publish","type":"page","link":"https:\/\/www.accuratereviews.com\/it\/software-di-crittografia\/sealit-recensione\/","title":{"rendered":"Sealit"},"content":{"rendered":"<p><strong>Sealit<\/strong> consente ai suoi utenti di assumere il pieno controllo dei propri dati, indipendentemente da dove vengono condivisi. La <strong>crittografia end-to-end<\/strong> offre agli utenti il \u200b\u200bcontrollo completo degli accessi e la gestione delle chiavi, proteggendo i processi di comunicazione e collaborazione per ogni azienda.<br \/>\nIl programma fornisce la crittografia di file e posta elettronica per <strong>Gmail e Microsoft Outlook<\/strong>, ideale sia per le piccole imprese che per i singoli utenti. Offre soluzioni che proteggono i dati indipendentemente dal fatto che vengano inviati, condivisi o salvati. I membri del personale possono gestire le chiavi di crittografia, impostare il controllo dell&#8217;accesso &#8211; concedere, aggiungere o revocare l&#8217;accesso ai tuoi dati in qualsiasi momento e gestire la scansione dei destinatari per essere avvisati quando i dati vengono condivisi con un \u00a0destinatario non verificato.<\/p>\n<h2>SEALIT &#8211; TUTORIAL<\/h2>\n<div id=\"fluid-wrapper-counter-1\" class=\"g1-fluid-wrapper \" style=\"width:686px;\">\n<div style=\"padding-bottom:56.268221574344%;\"><iframe loading=\"lazy\" title=\"Sealit Review - Prevent Data Leak By Sending Out Encrypted Emails &amp; Attachments with Mobile App\" width=\"686\" height=\"386\" src=\"https:\/\/www.youtube.com\/embed\/b7DFRPBGsG8?feature=oembed&amp;wmode=transparent&amp;autohide=1&amp;autoplay=0&amp;disablekb=0&amp;fs=1&amp;loop=0&amp;enablejsapi=1&amp;rel=0&amp;controls=2&amp;showinfo=0&amp;wmode=transparent&amp;autohide=2&amp;autoplay=0&amp;disablekb=0&amp;fs=1&amp;loop=0&amp;enablejsapi=1&amp;rel=0&amp;controls=2&amp;showinfo=1\" frameborder=\"0\" allow=\"accelerometer; autoplay; clipboard-write; encrypted-media; gyroscope; picture-in-picture\" allowfullscreen><\/iframe><\/div>\n<\/div>\n<h3>SEALIT &#8211; CARATTERISTICHE<\/h3>\n<ul>\n<li>Crittografie email illimitate<\/li>\n<li>Decrittazione biometrica illimitata<\/li>\n<li>Invita un numero illimitato di membri del team a unirsi<\/li>\n<li>Crittografie di file illimitate<\/li>\n<li>Gestione avanzata del team<\/li>\n<li>Panoramica dell&#8217;analisi della sicurezza delle attivit\u00e0 aziendali<\/li>\n<li>Componente aggiuntivo per Outlook e Gmail<\/li>\n<li>Sicurezza dei file su tutte le piattaforme<\/li>\n<li>Supporto tramite chat online<\/li>\n<li>Accademia Sealit avanzata<\/li>\n<li>Pannello di controllo<\/li>\n<li>Connessione IMAP per tutti gli altri provider di posta elettronica<\/li>\n<li>Supporto per la protezione della conformit\u00e0 &#8211; GDPR, CCPA, HIPAA, GLBA<\/li>\n<\/ul>\n<h4>LE RECENSIONI DEGLI UTENTI<\/h4>\n<p><strong>Elma&#8221;Ottieni Sealit &#8211; se vuoi proteggere le tue email e allegati&#8221;<\/strong><br \/>\n<strong>Pro<\/strong>: posso inviare email e allegati in tutta sicurezza senza temere che documenti importanti vengano dirottati lungo il percorso. In precedenza, ho inviato alcune fatture ai miei clienti, per un importo di 200.000 euro. In qualche modo, questo \u00e8 stato intercettato e un&#8217;azienda ha creato un nome e un indirizzo e-mail simili (con una lettera mancante), ha copiato la mia firma email e ha inviato una fattura al mio cliente. Il mio cliente mi ha chiamato e mi ha chiesto perch\u00e9 ho inviato una nuova fattura e perch\u00e9 i dati bancari sono diversi nella mia nuova fattura. Ci\u00f2 sarebbe stato facilmente evitato se avessi avuto un&#8217;applicazione come Sealit in quel momento. Lo abbiamo segnalato alle autorit\u00e0, ma non hanno mai preso provvedimenti.<br \/>\nContro: Niente. La squadra \u00e8 super. I limiti sono generosi. \u00c8 facile da usare. E ho la pace della mente. Cos&#8217;altro posso chiedere. Hanno risolto i miei problemi.<\/p>\n<p><strong>Jeremy&#8221;Quasi l\u00ec&#8221;<\/strong><br \/>\n<strong>Pro<\/strong>: Adoro la facilit\u00e0 di invio di messaggi crittografati.<br \/>\n<strong>Contro<\/strong>: Le grandi caratteristiche che mancano sono: la possibilit\u00e0 per i destinatari di leggere i messaggi senza configurare un account e anche la possibilit\u00e0 di rispondere ai messaggi crittografati.<\/p>\n<p><strong>Matthew &#8220;Soluzione facile e veloce per email sicure&#8221;<\/strong><br \/>\n<strong>Pro<\/strong>: la facilit\u00e0 d&#8217;uso e l&#8217;interfaccia utente elegante. Mi piace come usa il mio telefono per autenticarsi. L&#8217;app sembra a posto e la registrazione utilizzando il codice QR rende il processo molto veloce e fluido<br \/>\n<strong>Contro<\/strong>: Ha alcuni passaggi per configurarlo correttamente, ma non posso davvero lamentarmene dato che si tratta di un sistema sicuro. Non dovrebbe essere cos\u00ec facile.<\/p>\n","protected":false},"excerpt":{"rendered":"<p>Sealit consente ai suoi utenti di assumere il pieno controllo dei propri dati, indipendentemente da dove vengono condivisi. La crittografia end-to-end offre agli utenti il \u200b\u200bcontrollo completo degli accessi e la gestione delle chiavi, proteggendo i processi di comunicazione e collaborazione per ogni azienda.<\/p>\n","protected":false},"author":19,"featured_media":63581,"parent":62847,"menu_order":0,"comment_status":"open","ping_status":"closed","template":"g1_template_page_review_new.php","meta":{"_acf_changed":false,"cwp_meta_box_check":"No","cwp_rev_product_name":"","cwp_rev_product_image":"","wppr_links":[],"cwp_rev_price":"","wppr_options":[],"wppr_pros":[],"wppr_cons":[],"_monsterinsights_skip_tracking":false,"_monsterinsights_sitenote_active":false,"_monsterinsights_sitenote_note":"","_monsterinsights_sitenote_category":0,"footnotes":""},"categories":[13617],"tags":[13619,730,13611,13618,13614,13612,13613],"features":[],"class_list":{"0":"post-63570","1":"page","2":"type-page","3":"status-publish","4":"has-post-thumbnail","6":"category-software-crittografia-cat","7":"tag-app-di-crittografia","8":"tag-crittografia","9":"tag-encryption-software","10":"tag-piattaforma-di-crittografia","11":"tag-programma-di-crittografia","12":"tag-software-di-crittografia","13":"tag-soluzione-di-crittografia"},"wppr_data":{"cwp_meta_box_check":"No"},"acf":[],"yoast_head":"<!-- This site is optimized with the Yoast SEO plugin v27.4 - https:\/\/yoast.com\/product\/yoast-seo-wordpress\/ -->\n<title>Sealit: recensione software crittografia - Accurate Reviews<\/title>\n<meta name=\"description\" content=\"Sealit: recensione software di crittografia end-to-end che offre agli utenti il \u200b\u200bcontrollo completo degli accessi.\" \/>\n<meta name=\"robots\" content=\"index, follow, max-snippet:-1, max-image-preview:large, max-video-preview:-1\" \/>\n<link rel=\"canonical\" href=\"https:\/\/www.accuratereviews.com\/it\/software-di-crittografia\/sealit-recensione\/\" \/>\n<meta property=\"og:locale\" content=\"it_IT\" \/>\n<meta property=\"og:type\" content=\"article\" \/>\n<meta property=\"og:title\" content=\"Sealit: recensione software crittografia - Accurate Reviews\" \/>\n<meta property=\"og:description\" content=\"Sealit: recensione software di crittografia end-to-end che offre agli utenti il \u200b\u200bcontrollo completo degli accessi.\" \/>\n<meta property=\"og:url\" content=\"https:\/\/www.accuratereviews.com\/it\/software-di-crittografia\/sealit-recensione\/\" \/>\n<meta property=\"og:site_name\" content=\"Accurate Reviews\" \/>\n<meta property=\"og:image\" content=\"https:\/\/www.accuratereviews.com\/wp-content\/uploads\/2022\/11\/Sealit2.webp\" \/>\n\t<meta property=\"og:image:width\" content=\"270\" \/>\n\t<meta property=\"og:image:height\" content=\"270\" \/>\n\t<meta property=\"og:image:type\" content=\"image\/webp\" \/>\n<meta name=\"twitter:card\" content=\"summary_large_image\" \/>\n<meta name=\"twitter:label1\" content=\"Tempo di lettura stimato\" \/>\n\t<meta name=\"twitter:data1\" content=\"3 minuti\" \/>\n<script type=\"application\/ld+json\" class=\"yoast-schema-graph\">{\"@context\":\"https:\\\/\\\/schema.org\",\"@graph\":[{\"@type\":\"WebPage\",\"@id\":\"https:\\\/\\\/www.accuratereviews.com\\\/it\\\/software-di-crittografia\\\/sealit-recensione\\\/\",\"url\":\"https:\\\/\\\/www.accuratereviews.com\\\/it\\\/software-di-crittografia\\\/sealit-recensione\\\/\",\"name\":\"Sealit: recensione software crittografia - Accurate Reviews\",\"isPartOf\":{\"@id\":\"https:\\\/\\\/www.accuratereviews.com\\\/it\\\/#website\"},\"primaryImageOfPage\":{\"@id\":\"https:\\\/\\\/www.accuratereviews.com\\\/it\\\/software-di-crittografia\\\/sealit-recensione\\\/#primaryimage\"},\"image\":{\"@id\":\"https:\\\/\\\/www.accuratereviews.com\\\/it\\\/software-di-crittografia\\\/sealit-recensione\\\/#primaryimage\"},\"thumbnailUrl\":\"https:\\\/\\\/www.accuratereviews.com\\\/wp-content\\\/uploads\\\/2022\\\/11\\\/Sealit2.webp\",\"datePublished\":\"2022-11-08T07:20:39+00:00\",\"description\":\"Sealit: recensione software di crittografia end-to-end che offre agli utenti il \u200b\u200bcontrollo completo degli accessi.\",\"breadcrumb\":{\"@id\":\"https:\\\/\\\/www.accuratereviews.com\\\/it\\\/software-di-crittografia\\\/sealit-recensione\\\/#breadcrumb\"},\"inLanguage\":\"it-IT\",\"potentialAction\":[{\"@type\":\"ReadAction\",\"target\":[\"https:\\\/\\\/www.accuratereviews.com\\\/it\\\/software-di-crittografia\\\/sealit-recensione\\\/\"]}]},{\"@type\":\"ImageObject\",\"inLanguage\":\"it-IT\",\"@id\":\"https:\\\/\\\/www.accuratereviews.com\\\/it\\\/software-di-crittografia\\\/sealit-recensione\\\/#primaryimage\",\"url\":\"https:\\\/\\\/www.accuratereviews.com\\\/wp-content\\\/uploads\\\/2022\\\/11\\\/Sealit2.webp\",\"contentUrl\":\"https:\\\/\\\/www.accuratereviews.com\\\/wp-content\\\/uploads\\\/2022\\\/11\\\/Sealit2.webp\",\"width\":270,\"height\":270},{\"@type\":\"BreadcrumbList\",\"@id\":\"https:\\\/\\\/www.accuratereviews.com\\\/it\\\/software-di-crittografia\\\/sealit-recensione\\\/#breadcrumb\",\"itemListElement\":[{\"@type\":\"ListItem\",\"position\":1,\"name\":\"Home\",\"item\":\"https:\\\/\\\/www.accuratereviews.com\\\/it\\\/\"},{\"@type\":\"ListItem\",\"position\":2,\"name\":\"Software di crittografia\",\"item\":\"https:\\\/\\\/www.accuratereviews.com\\\/it\\\/software-di-crittografia\\\/\"},{\"@type\":\"ListItem\",\"position\":3,\"name\":\"Sealit\"}]},{\"@type\":\"WebSite\",\"@id\":\"https:\\\/\\\/www.accuratereviews.com\\\/it\\\/#website\",\"url\":\"https:\\\/\\\/www.accuratereviews.com\\\/it\\\/\",\"name\":\"Accurate Reviews\",\"description\":\"\",\"potentialAction\":[{\"@type\":\"SearchAction\",\"target\":{\"@type\":\"EntryPoint\",\"urlTemplate\":\"https:\\\/\\\/www.accuratereviews.com\\\/it\\\/?s={search_term_string}\"},\"query-input\":{\"@type\":\"PropertyValueSpecification\",\"valueRequired\":true,\"valueName\":\"search_term_string\"}}],\"inLanguage\":\"it-IT\"}]}<\/script>\n<!-- \/ Yoast SEO plugin. -->","yoast_head_json":{"title":"Sealit: recensione software crittografia - Accurate Reviews","description":"Sealit: recensione software di crittografia end-to-end che offre agli utenti il \u200b\u200bcontrollo completo degli accessi.","robots":{"index":"index","follow":"follow","max-snippet":"max-snippet:-1","max-image-preview":"max-image-preview:large","max-video-preview":"max-video-preview:-1"},"canonical":"https:\/\/www.accuratereviews.com\/it\/software-di-crittografia\/sealit-recensione\/","og_locale":"it_IT","og_type":"article","og_title":"Sealit: recensione software crittografia - Accurate Reviews","og_description":"Sealit: recensione software di crittografia end-to-end che offre agli utenti il \u200b\u200bcontrollo completo degli accessi.","og_url":"https:\/\/www.accuratereviews.com\/it\/software-di-crittografia\/sealit-recensione\/","og_site_name":"Accurate Reviews","og_image":[{"width":270,"height":270,"url":"https:\/\/www.accuratereviews.com\/wp-content\/uploads\/2022\/11\/Sealit2.webp","type":"image\/webp"}],"twitter_card":"summary_large_image","twitter_misc":{"Tempo di lettura stimato":"3 minuti"},"schema":{"@context":"https:\/\/schema.org","@graph":[{"@type":"WebPage","@id":"https:\/\/www.accuratereviews.com\/it\/software-di-crittografia\/sealit-recensione\/","url":"https:\/\/www.accuratereviews.com\/it\/software-di-crittografia\/sealit-recensione\/","name":"Sealit: recensione software crittografia - Accurate Reviews","isPartOf":{"@id":"https:\/\/www.accuratereviews.com\/it\/#website"},"primaryImageOfPage":{"@id":"https:\/\/www.accuratereviews.com\/it\/software-di-crittografia\/sealit-recensione\/#primaryimage"},"image":{"@id":"https:\/\/www.accuratereviews.com\/it\/software-di-crittografia\/sealit-recensione\/#primaryimage"},"thumbnailUrl":"https:\/\/www.accuratereviews.com\/wp-content\/uploads\/2022\/11\/Sealit2.webp","datePublished":"2022-11-08T07:20:39+00:00","description":"Sealit: recensione software di crittografia end-to-end che offre agli utenti il \u200b\u200bcontrollo completo degli accessi.","breadcrumb":{"@id":"https:\/\/www.accuratereviews.com\/it\/software-di-crittografia\/sealit-recensione\/#breadcrumb"},"inLanguage":"it-IT","potentialAction":[{"@type":"ReadAction","target":["https:\/\/www.accuratereviews.com\/it\/software-di-crittografia\/sealit-recensione\/"]}]},{"@type":"ImageObject","inLanguage":"it-IT","@id":"https:\/\/www.accuratereviews.com\/it\/software-di-crittografia\/sealit-recensione\/#primaryimage","url":"https:\/\/www.accuratereviews.com\/wp-content\/uploads\/2022\/11\/Sealit2.webp","contentUrl":"https:\/\/www.accuratereviews.com\/wp-content\/uploads\/2022\/11\/Sealit2.webp","width":270,"height":270},{"@type":"BreadcrumbList","@id":"https:\/\/www.accuratereviews.com\/it\/software-di-crittografia\/sealit-recensione\/#breadcrumb","itemListElement":[{"@type":"ListItem","position":1,"name":"Home","item":"https:\/\/www.accuratereviews.com\/it\/"},{"@type":"ListItem","position":2,"name":"Software di crittografia","item":"https:\/\/www.accuratereviews.com\/it\/software-di-crittografia\/"},{"@type":"ListItem","position":3,"name":"Sealit"}]},{"@type":"WebSite","@id":"https:\/\/www.accuratereviews.com\/it\/#website","url":"https:\/\/www.accuratereviews.com\/it\/","name":"Accurate Reviews","description":"","potentialAction":[{"@type":"SearchAction","target":{"@type":"EntryPoint","urlTemplate":"https:\/\/www.accuratereviews.com\/it\/?s={search_term_string}"},"query-input":{"@type":"PropertyValueSpecification","valueRequired":true,"valueName":"search_term_string"}}],"inLanguage":"it-IT"}]}},"_links":{"self":[{"href":"https:\/\/www.accuratereviews.com\/it\/wp-json\/wp\/v2\/pages\/63570","targetHints":{"allow":["GET"]}}],"collection":[{"href":"https:\/\/www.accuratereviews.com\/it\/wp-json\/wp\/v2\/pages"}],"about":[{"href":"https:\/\/www.accuratereviews.com\/it\/wp-json\/wp\/v2\/types\/page"}],"author":[{"embeddable":true,"href":"https:\/\/www.accuratereviews.com\/it\/wp-json\/wp\/v2\/users\/19"}],"replies":[{"embeddable":true,"href":"https:\/\/www.accuratereviews.com\/it\/wp-json\/wp\/v2\/comments?post=63570"}],"version-history":[{"count":6,"href":"https:\/\/www.accuratereviews.com\/it\/wp-json\/wp\/v2\/pages\/63570\/revisions"}],"predecessor-version":[{"id":63620,"href":"https:\/\/www.accuratereviews.com\/it\/wp-json\/wp\/v2\/pages\/63570\/revisions\/63620"}],"up":[{"embeddable":true,"href":"https:\/\/www.accuratereviews.com\/it\/wp-json\/wp\/v2\/pages\/62847"}],"wp:featuredmedia":[{"embeddable":true,"href":"https:\/\/www.accuratereviews.com\/it\/wp-json\/wp\/v2\/media\/63581"}],"wp:attachment":[{"href":"https:\/\/www.accuratereviews.com\/it\/wp-json\/wp\/v2\/media?parent=63570"}],"wp:term":[{"taxonomy":"category","embeddable":true,"href":"https:\/\/www.accuratereviews.com\/it\/wp-json\/wp\/v2\/categories?post=63570"},{"taxonomy":"post_tag","embeddable":true,"href":"https:\/\/www.accuratereviews.com\/it\/wp-json\/wp\/v2\/tags?post=63570"},{"taxonomy":"features","embeddable":true,"href":"https:\/\/www.accuratereviews.com\/it\/wp-json\/wp\/v2\/features?post=63570"}],"curies":[{"name":"wp","href":"https:\/\/api.w.org\/{rel}","templated":true}]}}