{"id":63588,"date":"2022-11-08T07:23:43","date_gmt":"2022-11-08T07:23:43","guid":{"rendered":"https:\/\/www.accuratereviews.com\/?page_id=63588"},"modified":"2022-11-08T07:23:43","modified_gmt":"2022-11-08T07:23:43","slug":"eventsentry-recensione","status":"publish","type":"page","link":"https:\/\/www.accuratereviews.com\/it\/software-di-crittografia\/eventsentry-recensione\/","title":{"rendered":"EventSentry"},"content":{"rendered":"<p><strong>EventSentry<\/strong> \u00e8 una soluzione ibrida SIEM (<strong>informazioni sulla sicurezza<\/strong> e gestione degli eventi) che offre alle aziende una gamma di strumenti tra cui: il monitoraggio del registro degli eventi, il reporting, il controllo dello stato, la gestione della conformit\u00e0, il monitoraggio della rete e dell&#8217;ambiente, il consolidamento dei dati, l&#8217;integrazione con Active Directory e altro ancora.\u00a0La funzione di monitoraggio del registro eventi all&#8217;interno della soluzione, consente agli utenti di tenere traccia degli eventi in tempo reale, filtrare i messaggi in base a parametri personalizzati e inviarli alle persone o ai luoghi pertinenti.<br \/>\nLa piattaforma facilita l&#8217;abbinamento di eventi in base a propriet\u00e0 come origine, categoria, messaggio, ID e altro, nonch\u00e9 caratteri jolly e abbinamento regolare.<strong> EventSentry<\/strong> pu\u00f2 essere utilizzato per monitorare lo stato del sistema in tempo reale e tenere traccia di hardware, tempo di attivit\u00e0, software, applicazioni, modifiche ai file, processi e altro ancora.<\/p>\n<h2>EVENTSENTRY &#8211; TUTORIAL<\/h2>\n<div id=\"fluid-wrapper-counter-1\" class=\"g1-fluid-wrapper \" style=\"width:686px;\">\n<div style=\"padding-bottom:56.268221574344%;\"><iframe loading=\"lazy\" title=\"EventSentry Reports\" width=\"686\" height=\"386\" src=\"https:\/\/www.youtube.com\/embed\/dyzvFcUtfNk?feature=oembed&amp;wmode=transparent&amp;autohide=1&amp;autoplay=0&amp;disablekb=0&amp;fs=1&amp;loop=0&amp;enablejsapi=1&amp;rel=0&amp;controls=2&amp;showinfo=0&amp;wmode=transparent&amp;autohide=2&amp;autoplay=0&amp;disablekb=0&amp;fs=1&amp;loop=0&amp;enablejsapi=1&amp;rel=0&amp;controls=2&amp;showinfo=1\" frameborder=\"0\" allow=\"accelerometer; autoplay; clipboard-write; encrypted-media; gyroscope; picture-in-picture\" allowfullscreen><\/iframe><\/div>\n<\/div>\n<h3>EVENTSENTRY &#8211; CARATTERISTICHE<\/h3>\n<ul>\n<li><strong>Dashboard flessibili<\/strong>: ti aiuta\u00a0a tenere d&#8217;occhio metriche importanti per assicurarti di rimanere aggiornato.<\/li>\n<li><strong>Segnalazione<\/strong>: include report pronti per l&#8217;esecuzione che possono essere pianificati, inviati tramite email o eseguiti su richiesta.<\/li>\n<li><strong>SIEM completo<\/strong>:\u00a0il programma include registro, FIM, AD e monitoraggio del traffico di rete in un unico prodotto.<\/li>\n<li><strong>Sicurezza<\/strong>: avvisa su processi sospetti, attivit\u00e0 di rete dannosa, scansioni delle porte e altro ancora.<\/li>\n<li><strong>Convalida<\/strong>:\u00a0approva le impostazioni di sicurezza sull&#8217;intera rete Windows rispetto alle impostazioni richieste e consigliate.<\/li>\n<\/ul>\n<h4>LE RECENSIONI DEGLI UTENTI<\/h4>\n<p><strong>Daron&#8221;Ottimo supporto clienti!&#8221;<\/strong><br \/>\n<strong>Commenti<\/strong>: EventSentry viene utilizzato qui per raccogliere registri eventi, individuare errori e tendenze nella nostra rete e problemi di sicurezza che devono essere ricondotti. lo abbiamo trovato molto utile nell&#8217;analisi della causa principale e nella risoluzione dei problemi di rete. il personale di supporto \u00e8 fantastico e non pu\u00f2 essere raccomandato abbastanza!<br \/>\n<strong>Pro<\/strong>: Il software stesso \u00e8 molto granulare e offre numerose opzioni di personalizzazione e ottimizzazione, i limiti sono infiniti!<br \/>\n<strong>Contro<\/strong>: l&#8217;unico inconveniente \u00e8 una grande curva di apprendimento, ma ci\u00f2 \u00e8 principalmente dovuto al livello di capacit\u00e0 tecniche del software, anche questo non \u00e8 un grosso problema in quanto il personale di supporto \u00e8 tra i pi\u00f9 esperti che io abbia mai sperimentato personalmente.<\/p>\n<p><strong>Eric&#8221;Utilizziamo questo strumento per il monitoraggio e l&#8217;automazione in tempo reale e abbiamo sviluppato il monitoraggio predittivo&#8221;<\/strong><br \/>\n<strong>Commenti<\/strong>: Abbiamo costruito una console di monitoraggio per accompagnare la dashboard e la console \u00e8 ci\u00f2 che utilizziamo il 98% delle volte. Abbiamo creato dozzine di plugin e applicazioni da utilizzare con e gestire EventSentry e abbiamo trasformato il risultato in un monitoraggio predittivo all&#8217;avanguardia.<br \/>\n<strong>Pro<\/strong>: Che tutti gli eventi possano essere monitorati, non solo quelli comuni.<br \/>\n<strong>Contro<\/strong>: Ha un&#8217;elevata curva di apprendimento, quindi devi essere un professionista impegnato che capisca i principi di sicurezza e rete sottostanti.<\/p>\n<p><strong>Jeff&#8221;Grande! Questo \u00e8 quello che stavi cercando. Sarai felice e sollevato.&#8221;<\/strong><br \/>\n<strong>Pro<\/strong>: Gestisci i tuoi delta? Questo \u00e8. Fatti furbo. Usa ES e dai un&#8217;occhiata ai delta. A parte la seriet\u00e0, questo strumento organizzer\u00e0 la tua vita degli eventi di registro.<br \/>\n<strong>Contro<\/strong>: Siate realistici, una volta introdotto questo software nella vostra routine, avrete sinceramente difficolt\u00e0 a lamentarvi di cosa NON potrebbe fare.<\/p>\n","protected":false},"excerpt":{"rendered":"<p>EventSentry \u00e8 una soluzione ibrida SIEM (informazioni sulla sicurezza e gestione degli eventi) che offre alle aziende una gamma di strumenti tra cui: il monitoraggio del registro degli eventi, il reporting, il controllo dello stato, la gestione della conformit\u00e0, il monitoraggio della rete e dell&#8217;ambiente, il consolidamento dei dati, l&#8217;integrazione con Active Directory e altro ancora.<\/p>\n","protected":false},"author":19,"featured_media":63590,"parent":62847,"menu_order":0,"comment_status":"open","ping_status":"closed","template":"g1_template_page_review_new.php","meta":{"_acf_changed":false,"cwp_meta_box_check":"Yes","cwp_rev_product_name":"","cwp_rev_product_image":"","wppr_links":[],"cwp_rev_price":"0.00","wppr_options":[],"wppr_pros":["","","","",""],"wppr_cons":["","","","",""],"_monsterinsights_skip_tracking":false,"_monsterinsights_sitenote_active":false,"_monsterinsights_sitenote_note":"","_monsterinsights_sitenote_category":0,"footnotes":""},"categories":[13617],"tags":[13619,730,13611,13618,13614,13612,13613],"features":[],"class_list":{"0":"post-63588","1":"page","2":"type-page","3":"status-publish","4":"has-post-thumbnail","6":"category-software-crittografia-cat","7":"tag-app-di-crittografia","8":"tag-crittografia","9":"tag-encryption-software","10":"tag-piattaforma-di-crittografia","11":"tag-programma-di-crittografia","12":"tag-software-di-crittografia","13":"tag-soluzione-di-crittografia"},"wppr_data":{"cwp_meta_box_check":"Yes","_wppr_review_template":"default","cwp_rev_product_image":"","cwp_image_link":"image","wppr_links":[],"cwp_rev_price":"0.00","wppr_pros":["","","","",""],"wppr_cons":["","","","",""],"wppr_rating":"0.00","wppr_options":[],"wppr_review_type":"Product","wppr_review_custom_fields":{"additionalProperty":"","additionalType":"","aggregateRating":"","alternateName":"","audience":"","award":"","awards":"","brand":"","color":"","depth":"","description":"","disambiguatingDescription":"","gtin12":"","gtin13":"","gtin14":"","gtin8":"","height":"","identifier":"","image":"","isAccessoryOrSparePartFor":"","isConsumableFor":"","isRelatedTo":"","isSimilarTo":"","itemCondition":"","logo":"","mainEntityOfPage":"","manufacturer":"","material":"","model":"","mpn":"","name":"","offers":"","potentialAction":"","productID":"","productionDate":"","purchaseDate":"","releaseDate":"","review":"","reviews":"","sameAs":"","sku":"","slogan":"","subjectOf":"","url":"","weight":"","width":""}},"acf":[],"yoast_head":"<!-- This site is optimized with the Yoast SEO plugin v27.4 - https:\/\/yoast.com\/product\/yoast-seo-wordpress\/ -->\n<title>EventSentry: recensione software crittografia - Accurate Reviews<\/title>\n<meta name=\"description\" content=\"EventSentry: recensione soluzione ibrida SIEM (informazioni sulla sicurezza e gestione degli eventi) che offre alle aziende molte funzionalit\u00e0\" \/>\n<meta name=\"robots\" content=\"index, follow, max-snippet:-1, max-image-preview:large, max-video-preview:-1\" \/>\n<link rel=\"canonical\" href=\"https:\/\/www.accuratereviews.com\/it\/software-di-crittografia\/eventsentry-recensione\/\" \/>\n<meta property=\"og:locale\" content=\"it_IT\" \/>\n<meta property=\"og:type\" content=\"article\" \/>\n<meta property=\"og:title\" content=\"EventSentry: recensione software crittografia - Accurate Reviews\" \/>\n<meta property=\"og:description\" content=\"EventSentry: recensione soluzione ibrida SIEM (informazioni sulla sicurezza e gestione degli eventi) che offre alle aziende molte funzionalit\u00e0\" \/>\n<meta property=\"og:url\" content=\"https:\/\/www.accuratereviews.com\/it\/software-di-crittografia\/eventsentry-recensione\/\" \/>\n<meta property=\"og:site_name\" content=\"Accurate Reviews\" \/>\n<meta property=\"og:image\" content=\"https:\/\/www.accuratereviews.com\/wp-content\/uploads\/2022\/11\/eventsentry.png\" \/>\n\t<meta property=\"og:image:width\" content=\"350\" \/>\n\t<meta property=\"og:image:height\" content=\"350\" \/>\n\t<meta property=\"og:image:type\" content=\"image\/png\" \/>\n<meta name=\"twitter:card\" content=\"summary_large_image\" \/>\n<meta name=\"twitter:label1\" content=\"Tempo di lettura stimato\" \/>\n\t<meta name=\"twitter:data1\" content=\"3 minuti\" \/>\n<script type=\"application\/ld+json\" class=\"yoast-schema-graph\">{\"@context\":\"https:\\\/\\\/schema.org\",\"@graph\":[{\"@type\":\"WebPage\",\"@id\":\"https:\\\/\\\/www.accuratereviews.com\\\/it\\\/software-di-crittografia\\\/eventsentry-recensione\\\/\",\"url\":\"https:\\\/\\\/www.accuratereviews.com\\\/it\\\/software-di-crittografia\\\/eventsentry-recensione\\\/\",\"name\":\"EventSentry: recensione software crittografia - Accurate Reviews\",\"isPartOf\":{\"@id\":\"https:\\\/\\\/www.accuratereviews.com\\\/it\\\/#website\"},\"primaryImageOfPage\":{\"@id\":\"https:\\\/\\\/www.accuratereviews.com\\\/it\\\/software-di-crittografia\\\/eventsentry-recensione\\\/#primaryimage\"},\"image\":{\"@id\":\"https:\\\/\\\/www.accuratereviews.com\\\/it\\\/software-di-crittografia\\\/eventsentry-recensione\\\/#primaryimage\"},\"thumbnailUrl\":\"https:\\\/\\\/www.accuratereviews.com\\\/wp-content\\\/uploads\\\/2022\\\/11\\\/eventsentry.png\",\"datePublished\":\"2022-11-08T07:23:43+00:00\",\"description\":\"EventSentry: recensione soluzione ibrida SIEM (informazioni sulla sicurezza e gestione degli eventi) che offre alle aziende molte funzionalit\u00e0\",\"breadcrumb\":{\"@id\":\"https:\\\/\\\/www.accuratereviews.com\\\/it\\\/software-di-crittografia\\\/eventsentry-recensione\\\/#breadcrumb\"},\"inLanguage\":\"it-IT\",\"potentialAction\":[{\"@type\":\"ReadAction\",\"target\":[\"https:\\\/\\\/www.accuratereviews.com\\\/it\\\/software-di-crittografia\\\/eventsentry-recensione\\\/\"]}]},{\"@type\":\"ImageObject\",\"inLanguage\":\"it-IT\",\"@id\":\"https:\\\/\\\/www.accuratereviews.com\\\/it\\\/software-di-crittografia\\\/eventsentry-recensione\\\/#primaryimage\",\"url\":\"https:\\\/\\\/www.accuratereviews.com\\\/wp-content\\\/uploads\\\/2022\\\/11\\\/eventsentry.png\",\"contentUrl\":\"https:\\\/\\\/www.accuratereviews.com\\\/wp-content\\\/uploads\\\/2022\\\/11\\\/eventsentry.png\",\"width\":350,\"height\":350},{\"@type\":\"BreadcrumbList\",\"@id\":\"https:\\\/\\\/www.accuratereviews.com\\\/it\\\/software-di-crittografia\\\/eventsentry-recensione\\\/#breadcrumb\",\"itemListElement\":[{\"@type\":\"ListItem\",\"position\":1,\"name\":\"Home\",\"item\":\"https:\\\/\\\/www.accuratereviews.com\\\/it\\\/\"},{\"@type\":\"ListItem\",\"position\":2,\"name\":\"Software di crittografia\",\"item\":\"https:\\\/\\\/www.accuratereviews.com\\\/it\\\/software-di-crittografia\\\/\"},{\"@type\":\"ListItem\",\"position\":3,\"name\":\"EventSentry\"}]},{\"@type\":\"WebSite\",\"@id\":\"https:\\\/\\\/www.accuratereviews.com\\\/it\\\/#website\",\"url\":\"https:\\\/\\\/www.accuratereviews.com\\\/it\\\/\",\"name\":\"Accurate Reviews\",\"description\":\"\",\"potentialAction\":[{\"@type\":\"SearchAction\",\"target\":{\"@type\":\"EntryPoint\",\"urlTemplate\":\"https:\\\/\\\/www.accuratereviews.com\\\/it\\\/?s={search_term_string}\"},\"query-input\":{\"@type\":\"PropertyValueSpecification\",\"valueRequired\":true,\"valueName\":\"search_term_string\"}}],\"inLanguage\":\"it-IT\"}]}<\/script>\n<!-- \/ Yoast SEO plugin. -->","yoast_head_json":{"title":"EventSentry: recensione software crittografia - Accurate Reviews","description":"EventSentry: recensione soluzione ibrida SIEM (informazioni sulla sicurezza e gestione degli eventi) che offre alle aziende molte funzionalit\u00e0","robots":{"index":"index","follow":"follow","max-snippet":"max-snippet:-1","max-image-preview":"max-image-preview:large","max-video-preview":"max-video-preview:-1"},"canonical":"https:\/\/www.accuratereviews.com\/it\/software-di-crittografia\/eventsentry-recensione\/","og_locale":"it_IT","og_type":"article","og_title":"EventSentry: recensione software crittografia - Accurate Reviews","og_description":"EventSentry: recensione soluzione ibrida SIEM (informazioni sulla sicurezza e gestione degli eventi) che offre alle aziende molte funzionalit\u00e0","og_url":"https:\/\/www.accuratereviews.com\/it\/software-di-crittografia\/eventsentry-recensione\/","og_site_name":"Accurate Reviews","og_image":[{"width":350,"height":350,"url":"https:\/\/www.accuratereviews.com\/wp-content\/uploads\/2022\/11\/eventsentry.png","type":"image\/png"}],"twitter_card":"summary_large_image","twitter_misc":{"Tempo di lettura stimato":"3 minuti"},"schema":{"@context":"https:\/\/schema.org","@graph":[{"@type":"WebPage","@id":"https:\/\/www.accuratereviews.com\/it\/software-di-crittografia\/eventsentry-recensione\/","url":"https:\/\/www.accuratereviews.com\/it\/software-di-crittografia\/eventsentry-recensione\/","name":"EventSentry: recensione software crittografia - Accurate Reviews","isPartOf":{"@id":"https:\/\/www.accuratereviews.com\/it\/#website"},"primaryImageOfPage":{"@id":"https:\/\/www.accuratereviews.com\/it\/software-di-crittografia\/eventsentry-recensione\/#primaryimage"},"image":{"@id":"https:\/\/www.accuratereviews.com\/it\/software-di-crittografia\/eventsentry-recensione\/#primaryimage"},"thumbnailUrl":"https:\/\/www.accuratereviews.com\/wp-content\/uploads\/2022\/11\/eventsentry.png","datePublished":"2022-11-08T07:23:43+00:00","description":"EventSentry: recensione soluzione ibrida SIEM (informazioni sulla sicurezza e gestione degli eventi) che offre alle aziende molte funzionalit\u00e0","breadcrumb":{"@id":"https:\/\/www.accuratereviews.com\/it\/software-di-crittografia\/eventsentry-recensione\/#breadcrumb"},"inLanguage":"it-IT","potentialAction":[{"@type":"ReadAction","target":["https:\/\/www.accuratereviews.com\/it\/software-di-crittografia\/eventsentry-recensione\/"]}]},{"@type":"ImageObject","inLanguage":"it-IT","@id":"https:\/\/www.accuratereviews.com\/it\/software-di-crittografia\/eventsentry-recensione\/#primaryimage","url":"https:\/\/www.accuratereviews.com\/wp-content\/uploads\/2022\/11\/eventsentry.png","contentUrl":"https:\/\/www.accuratereviews.com\/wp-content\/uploads\/2022\/11\/eventsentry.png","width":350,"height":350},{"@type":"BreadcrumbList","@id":"https:\/\/www.accuratereviews.com\/it\/software-di-crittografia\/eventsentry-recensione\/#breadcrumb","itemListElement":[{"@type":"ListItem","position":1,"name":"Home","item":"https:\/\/www.accuratereviews.com\/it\/"},{"@type":"ListItem","position":2,"name":"Software di crittografia","item":"https:\/\/www.accuratereviews.com\/it\/software-di-crittografia\/"},{"@type":"ListItem","position":3,"name":"EventSentry"}]},{"@type":"WebSite","@id":"https:\/\/www.accuratereviews.com\/it\/#website","url":"https:\/\/www.accuratereviews.com\/it\/","name":"Accurate Reviews","description":"","potentialAction":[{"@type":"SearchAction","target":{"@type":"EntryPoint","urlTemplate":"https:\/\/www.accuratereviews.com\/it\/?s={search_term_string}"},"query-input":{"@type":"PropertyValueSpecification","valueRequired":true,"valueName":"search_term_string"}}],"inLanguage":"it-IT"}]}},"_links":{"self":[{"href":"https:\/\/www.accuratereviews.com\/it\/wp-json\/wp\/v2\/pages\/63588","targetHints":{"allow":["GET"]}}],"collection":[{"href":"https:\/\/www.accuratereviews.com\/it\/wp-json\/wp\/v2\/pages"}],"about":[{"href":"https:\/\/www.accuratereviews.com\/it\/wp-json\/wp\/v2\/types\/page"}],"author":[{"embeddable":true,"href":"https:\/\/www.accuratereviews.com\/it\/wp-json\/wp\/v2\/users\/19"}],"replies":[{"embeddable":true,"href":"https:\/\/www.accuratereviews.com\/it\/wp-json\/wp\/v2\/comments?post=63588"}],"version-history":[{"count":6,"href":"https:\/\/www.accuratereviews.com\/it\/wp-json\/wp\/v2\/pages\/63588\/revisions"}],"predecessor-version":[{"id":63622,"href":"https:\/\/www.accuratereviews.com\/it\/wp-json\/wp\/v2\/pages\/63588\/revisions\/63622"}],"up":[{"embeddable":true,"href":"https:\/\/www.accuratereviews.com\/it\/wp-json\/wp\/v2\/pages\/62847"}],"wp:featuredmedia":[{"embeddable":true,"href":"https:\/\/www.accuratereviews.com\/it\/wp-json\/wp\/v2\/media\/63590"}],"wp:attachment":[{"href":"https:\/\/www.accuratereviews.com\/it\/wp-json\/wp\/v2\/media?parent=63588"}],"wp:term":[{"taxonomy":"category","embeddable":true,"href":"https:\/\/www.accuratereviews.com\/it\/wp-json\/wp\/v2\/categories?post=63588"},{"taxonomy":"post_tag","embeddable":true,"href":"https:\/\/www.accuratereviews.com\/it\/wp-json\/wp\/v2\/tags?post=63588"},{"taxonomy":"features","embeddable":true,"href":"https:\/\/www.accuratereviews.com\/it\/wp-json\/wp\/v2\/features?post=63588"}],"curies":[{"name":"wp","href":"https:\/\/api.w.org\/{rel}","templated":true}]}}