{"id":63623,"date":"2022-11-08T22:02:34","date_gmt":"2022-11-08T22:02:34","guid":{"rendered":"https:\/\/www.accuratereviews.com\/?page_id=63623"},"modified":"2022-11-10T11:56:23","modified_gmt":"2022-11-10T11:56:23","slug":"qualys-cloud-platform-recensione","status":"publish","type":"page","link":"https:\/\/www.accuratereviews.com\/it\/software-di-crittografia\/qualys-cloud-platform-recensione\/","title":{"rendered":"Qualys Cloud Platform"},"content":{"rendered":"<p><strong>Qualys Cloud Platform<\/strong> \u00e8 un <strong>software di crittografia<\/strong> che offre una valutazione continua e costante della postura globale dell&#8217;IT, della sicurezza e della conformit\u00e0, con una visibilit\u00e0 in 2 secondi su tutti gli asset IT, qualunque sia la loro postazione. Si tratta di una soluzione di sicurezza end-to-end completa che include la prioritizzazione automatica delle minacce, il patching, il monitoraggio, gli avvisi in tempo reale e ad altre funzionalit\u00e0 di risposta.<br \/>\nOgni volta che appaiono nuove vulnerabilit\u00e0 e minacce, attacchi o attivit\u00e0 sospette, <strong>Qualys Cloud Platform\u00a0<\/strong>ti invia delle notifiche che ti informano immediatamente per aiutarti ad agire subito.<\/p>\n<h2>QUALYS CLOUD PLATFORM &#8211; TUTORIAL<\/h2>\n<div id=\"fluid-wrapper-counter-1\" class=\"g1-fluid-wrapper \" style=\"width:686px;\">\n<div style=\"padding-bottom:56.268221574344%;\"><iframe loading=\"lazy\" title=\"Qualys Cloud Platform\" width=\"686\" height=\"386\" src=\"https:\/\/www.youtube.com\/embed\/DmvIXwilHqc?feature=oembed&amp;wmode=transparent&amp;autohide=1&amp;autoplay=0&amp;disablekb=0&amp;fs=1&amp;loop=0&amp;enablejsapi=1&amp;rel=0&amp;controls=2&amp;showinfo=0&amp;wmode=transparent&amp;autohide=2&amp;autoplay=0&amp;disablekb=0&amp;fs=1&amp;loop=0&amp;enablejsapi=1&amp;rel=0&amp;controls=2&amp;showinfo=1\" frameborder=\"0\" allow=\"accelerometer; autoplay; clipboard-write; encrypted-media; gyroscope; picture-in-picture\" allowfullscreen><\/iframe><\/div>\n<\/div>\n<h3>QUALYS CLOUD PLATFORM &#8211; CARATTERISTICHE<\/h3>\n<ul>\n<li><strong>Agenti cloud &#8211; server, endpoint, dispositivi mobili<\/strong>: funzionano ovunque. Il segreto della nostra visibilit\u00e0 continua.<\/li>\n<li><strong>Scanner remoti<\/strong>: scanner basati sul cloud per una visione del perimetro da parte degli hacker.<\/li>\n<li><strong>Scanner locali<\/strong>: scanner hardware on-premises per le reti interne<\/li>\n<li><strong>Scanner passivi<\/strong>: analisi dei dati di rete in tempo reale<\/li>\n<li><strong>Sensori out-of-band<\/strong>: sicurezza dei dispositivi altamente bloccati e delle reti air-gapped<\/li>\n<li><strong>Sensori per container<\/strong>: protezione degli ambienti container attraverso la costruzione, la spedizione e l&#8217;esecuzione.<\/li>\n<li><strong>Connettori cloud<\/strong>: raccolgono dati da piattaforme cloud e software di terze parti<\/li>\n<li><strong>Connettori SaaS<\/strong>: raccolgono dati dalle applicazioni SaaS pi\u00f9 diffuse.<\/li>\n<li><strong>API<\/strong>: raccolta di dati da terze parti, ad esempio feed di informazioni sulle minacce.<\/li>\n<\/ul>\n<h4>LE RECENSIONI DEGLI UTENTI<\/h4>\n<p><strong>Tejas &#8220;Ottimo strumento di scansione delle vulnerabilit\u00e0 basato sul cloud&#8221;.<\/strong><br \/>\nCommenti: Ottimo scanner di vulnerabilit\u00e0 per fornire risultati accurati sulle vulnerabilit\u00e0.<br \/>\nPro: Qualysguard esegue la scansione in base agli indirizzi IP piuttosto che agli URL. \u00c8 facilmente accessibile da qualsiasi luogo in quanto \u00e8 uno scanner basato su cloud. Qualysguard supporta la pianificazione della scansione per il sistema di destinazione in base a una data e un&#8217;ora particolari e inoltre riconosce e condivide la posta una volta completata la scansione. Pu\u00f2 anche eseguire la scansione e fornire le vulnerabilit\u00e0 secondo gli standard di conformit\u00e0 come PCI DSS.<br \/>\nContro: Qualysguard non supporta la scansione degli URL, in quanto \u00e8 sufficiente fornire l&#8217;indirizzo IP dell&#8217;URL per eseguire la scansione. Questo strumento potrebbe essere costoso per le organizzazioni di piccole dimensioni.<\/p>\n<p><strong>Tony. &#8220;Ottimo strumento per la scansione di sicurezza&#8221;<\/strong><br \/>\nCommenti: Abbiamo utilizzato Qualys per eseguire scansioni di sicurezza su tutti i server basati su Windows e Linux in fase di preparazione per il deployment, in modo da non avere vulnerabilit\u00e0 sui server che vengono portati sulle reti di produzione. Una bella sicurezza e responsabilit\u00e0 per noi come gruppo di distribuzione.<br \/>\nPro: comoda utility di scansione basata sul Web per la nostra azienda.<br \/>\nContro: spesso si verificavano problemi di password nel tentativo di utilizzare un account di gruppo.<\/p>\n<p><strong>Safi &#8220;Qualys VM&#8221;<\/strong><br \/>\nCommenti: Devono migliorare il prodotto. Facilit\u00e0 d&#8217;uso. Fare un focus group.<br \/>\nPro: La distribuzione degli agenti \u00e8 semplice. Il software offre molto se configurato correttamente. Non mi piace il modello dei servizi aggiuntivi.<br \/>\nContro: Falsi positivi. Se un aggiornamento software successivo corregge una vecchia vulnerabilit\u00e0, non \u00e8 necessario mostrare che l&#8217;asset \u00e8 vulnerabile. Le vulnerabilit\u00e0 che appaiono in Asset View sono diverse in Vuln View. Perch\u00e9? Il venditore si \u00e8 licenziato dopo la vendita, il che \u00e8 stato uno schifo. Il sostituto ha aiutato, ma non si \u00e8 concentrato su di noi.<\/p>\n","protected":false},"excerpt":{"rendered":"<p>Qualys Cloud Platform \u00e8 un software di crittografia che offre una valutazione continua e costante della postura globale dell&#8217;IT, della sicurezza e della conformit\u00e0, con una visibilit\u00e0 in 2 secondi su tutti gli asset IT, qualunque sia la loro postazione. Si tratta di una soluzione di sicurezza end-to-end completa che include la prioritizzazione automatica delle minacce, il patching, il monitoraggio, gli avvisi in tempo reale e ad altre funzionalit\u00e0 di risposta.<\/p>\n","protected":false},"author":17,"featured_media":63629,"parent":62847,"menu_order":0,"comment_status":"open","ping_status":"closed","template":"g1_template_page_review_new.php","meta":{"_acf_changed":false,"cwp_meta_box_check":"No","cwp_rev_product_name":"","cwp_rev_product_image":"","wppr_links":[],"cwp_rev_price":"","wppr_options":[],"wppr_pros":[],"wppr_cons":[],"_monsterinsights_skip_tracking":false,"_monsterinsights_sitenote_active":false,"_monsterinsights_sitenote_note":"","_monsterinsights_sitenote_category":0,"footnotes":""},"categories":[13617],"tags":[13616,724,13618,13614,13612,13613],"features":[],"class_list":{"0":"post-63623","1":"page","2":"type-page","3":"status-publish","4":"has-post-thumbnail","6":"category-software-crittografia-cat","7":"tag-app-crittografia","8":"tag-crittografia-end-to-end","9":"tag-piattaforma-di-crittografia","10":"tag-programma-di-crittografia","11":"tag-software-di-crittografia","12":"tag-soluzione-di-crittografia"},"wppr_data":{"cwp_meta_box_check":"No"},"acf":[],"yoast_head":"<!-- This site is optimized with the Yoast SEO plugin v27.4 - https:\/\/yoast.com\/product\/yoast-seo-wordpress\/ -->\n<title>Qualys Cloud Platform: recensione software - Accurate Reviews<\/title>\n<meta name=\"description\" content=\"Qualys Cloud Platform: recensione del software di crittografia che offre una valutazione continua e costante della postura globale dell&#039;IT.\" \/>\n<meta name=\"robots\" content=\"index, follow, max-snippet:-1, max-image-preview:large, max-video-preview:-1\" \/>\n<link rel=\"canonical\" href=\"https:\/\/www.accuratereviews.com\/it\/software-di-crittografia\/qualys-cloud-platform-recensione\/\" \/>\n<meta property=\"og:locale\" content=\"it_IT\" \/>\n<meta property=\"og:type\" content=\"article\" \/>\n<meta property=\"og:title\" content=\"Qualys Cloud Platform: recensione software - Accurate Reviews\" \/>\n<meta property=\"og:description\" content=\"Qualys Cloud Platform: recensione del software di crittografia che offre una valutazione continua e costante della postura globale dell&#039;IT.\" \/>\n<meta property=\"og:url\" content=\"https:\/\/www.accuratereviews.com\/it\/software-di-crittografia\/qualys-cloud-platform-recensione\/\" \/>\n<meta property=\"og:site_name\" content=\"Accurate Reviews\" \/>\n<meta property=\"article:modified_time\" content=\"2022-11-10T11:56:23+00:00\" \/>\n<meta property=\"og:image\" content=\"https:\/\/www.accuratereviews.com\/wp-content\/uploads\/2022\/11\/Unknown-1.png\" \/>\n\t<meta property=\"og:image:width\" content=\"635\" \/>\n\t<meta property=\"og:image:height\" content=\"200\" \/>\n\t<meta property=\"og:image:type\" content=\"image\/png\" \/>\n<meta name=\"twitter:card\" content=\"summary_large_image\" \/>\n<meta name=\"twitter:label1\" content=\"Tempo di lettura stimato\" \/>\n\t<meta name=\"twitter:data1\" content=\"3 minuti\" \/>\n<script type=\"application\/ld+json\" class=\"yoast-schema-graph\">{\"@context\":\"https:\\\/\\\/schema.org\",\"@graph\":[{\"@type\":\"WebPage\",\"@id\":\"https:\\\/\\\/www.accuratereviews.com\\\/it\\\/software-di-crittografia\\\/qualys-cloud-platform-recensione\\\/\",\"url\":\"https:\\\/\\\/www.accuratereviews.com\\\/it\\\/software-di-crittografia\\\/qualys-cloud-platform-recensione\\\/\",\"name\":\"Qualys Cloud Platform: recensione software - Accurate Reviews\",\"isPartOf\":{\"@id\":\"https:\\\/\\\/www.accuratereviews.com\\\/it\\\/#website\"},\"primaryImageOfPage\":{\"@id\":\"https:\\\/\\\/www.accuratereviews.com\\\/it\\\/software-di-crittografia\\\/qualys-cloud-platform-recensione\\\/#primaryimage\"},\"image\":{\"@id\":\"https:\\\/\\\/www.accuratereviews.com\\\/it\\\/software-di-crittografia\\\/qualys-cloud-platform-recensione\\\/#primaryimage\"},\"thumbnailUrl\":\"https:\\\/\\\/www.accuratereviews.com\\\/wp-content\\\/uploads\\\/2022\\\/11\\\/Unknown-1.png\",\"datePublished\":\"2022-11-08T22:02:34+00:00\",\"dateModified\":\"2022-11-10T11:56:23+00:00\",\"description\":\"Qualys Cloud Platform: recensione del software di crittografia che offre una valutazione continua e costante della postura globale dell'IT.\",\"breadcrumb\":{\"@id\":\"https:\\\/\\\/www.accuratereviews.com\\\/it\\\/software-di-crittografia\\\/qualys-cloud-platform-recensione\\\/#breadcrumb\"},\"inLanguage\":\"it-IT\",\"potentialAction\":[{\"@type\":\"ReadAction\",\"target\":[\"https:\\\/\\\/www.accuratereviews.com\\\/it\\\/software-di-crittografia\\\/qualys-cloud-platform-recensione\\\/\"]}]},{\"@type\":\"ImageObject\",\"inLanguage\":\"it-IT\",\"@id\":\"https:\\\/\\\/www.accuratereviews.com\\\/it\\\/software-di-crittografia\\\/qualys-cloud-platform-recensione\\\/#primaryimage\",\"url\":\"https:\\\/\\\/www.accuratereviews.com\\\/wp-content\\\/uploads\\\/2022\\\/11\\\/Unknown-1.png\",\"contentUrl\":\"https:\\\/\\\/www.accuratereviews.com\\\/wp-content\\\/uploads\\\/2022\\\/11\\\/Unknown-1.png\",\"width\":635,\"height\":200},{\"@type\":\"BreadcrumbList\",\"@id\":\"https:\\\/\\\/www.accuratereviews.com\\\/it\\\/software-di-crittografia\\\/qualys-cloud-platform-recensione\\\/#breadcrumb\",\"itemListElement\":[{\"@type\":\"ListItem\",\"position\":1,\"name\":\"Home\",\"item\":\"https:\\\/\\\/www.accuratereviews.com\\\/it\\\/\"},{\"@type\":\"ListItem\",\"position\":2,\"name\":\"Software di crittografia\",\"item\":\"https:\\\/\\\/www.accuratereviews.com\\\/it\\\/software-di-crittografia\\\/\"},{\"@type\":\"ListItem\",\"position\":3,\"name\":\"Qualys Cloud Platform\"}]},{\"@type\":\"WebSite\",\"@id\":\"https:\\\/\\\/www.accuratereviews.com\\\/it\\\/#website\",\"url\":\"https:\\\/\\\/www.accuratereviews.com\\\/it\\\/\",\"name\":\"Accurate Reviews\",\"description\":\"\",\"potentialAction\":[{\"@type\":\"SearchAction\",\"target\":{\"@type\":\"EntryPoint\",\"urlTemplate\":\"https:\\\/\\\/www.accuratereviews.com\\\/it\\\/?s={search_term_string}\"},\"query-input\":{\"@type\":\"PropertyValueSpecification\",\"valueRequired\":true,\"valueName\":\"search_term_string\"}}],\"inLanguage\":\"it-IT\"}]}<\/script>\n<!-- \/ Yoast SEO plugin. -->","yoast_head_json":{"title":"Qualys Cloud Platform: recensione software - Accurate Reviews","description":"Qualys Cloud Platform: recensione del software di crittografia che offre una valutazione continua e costante della postura globale dell'IT.","robots":{"index":"index","follow":"follow","max-snippet":"max-snippet:-1","max-image-preview":"max-image-preview:large","max-video-preview":"max-video-preview:-1"},"canonical":"https:\/\/www.accuratereviews.com\/it\/software-di-crittografia\/qualys-cloud-platform-recensione\/","og_locale":"it_IT","og_type":"article","og_title":"Qualys Cloud Platform: recensione software - Accurate Reviews","og_description":"Qualys Cloud Platform: recensione del software di crittografia che offre una valutazione continua e costante della postura globale dell'IT.","og_url":"https:\/\/www.accuratereviews.com\/it\/software-di-crittografia\/qualys-cloud-platform-recensione\/","og_site_name":"Accurate Reviews","article_modified_time":"2022-11-10T11:56:23+00:00","og_image":[{"width":635,"height":200,"url":"https:\/\/www.accuratereviews.com\/wp-content\/uploads\/2022\/11\/Unknown-1.png","type":"image\/png"}],"twitter_card":"summary_large_image","twitter_misc":{"Tempo di lettura stimato":"3 minuti"},"schema":{"@context":"https:\/\/schema.org","@graph":[{"@type":"WebPage","@id":"https:\/\/www.accuratereviews.com\/it\/software-di-crittografia\/qualys-cloud-platform-recensione\/","url":"https:\/\/www.accuratereviews.com\/it\/software-di-crittografia\/qualys-cloud-platform-recensione\/","name":"Qualys Cloud Platform: recensione software - Accurate Reviews","isPartOf":{"@id":"https:\/\/www.accuratereviews.com\/it\/#website"},"primaryImageOfPage":{"@id":"https:\/\/www.accuratereviews.com\/it\/software-di-crittografia\/qualys-cloud-platform-recensione\/#primaryimage"},"image":{"@id":"https:\/\/www.accuratereviews.com\/it\/software-di-crittografia\/qualys-cloud-platform-recensione\/#primaryimage"},"thumbnailUrl":"https:\/\/www.accuratereviews.com\/wp-content\/uploads\/2022\/11\/Unknown-1.png","datePublished":"2022-11-08T22:02:34+00:00","dateModified":"2022-11-10T11:56:23+00:00","description":"Qualys Cloud Platform: recensione del software di crittografia che offre una valutazione continua e costante della postura globale dell'IT.","breadcrumb":{"@id":"https:\/\/www.accuratereviews.com\/it\/software-di-crittografia\/qualys-cloud-platform-recensione\/#breadcrumb"},"inLanguage":"it-IT","potentialAction":[{"@type":"ReadAction","target":["https:\/\/www.accuratereviews.com\/it\/software-di-crittografia\/qualys-cloud-platform-recensione\/"]}]},{"@type":"ImageObject","inLanguage":"it-IT","@id":"https:\/\/www.accuratereviews.com\/it\/software-di-crittografia\/qualys-cloud-platform-recensione\/#primaryimage","url":"https:\/\/www.accuratereviews.com\/wp-content\/uploads\/2022\/11\/Unknown-1.png","contentUrl":"https:\/\/www.accuratereviews.com\/wp-content\/uploads\/2022\/11\/Unknown-1.png","width":635,"height":200},{"@type":"BreadcrumbList","@id":"https:\/\/www.accuratereviews.com\/it\/software-di-crittografia\/qualys-cloud-platform-recensione\/#breadcrumb","itemListElement":[{"@type":"ListItem","position":1,"name":"Home","item":"https:\/\/www.accuratereviews.com\/it\/"},{"@type":"ListItem","position":2,"name":"Software di crittografia","item":"https:\/\/www.accuratereviews.com\/it\/software-di-crittografia\/"},{"@type":"ListItem","position":3,"name":"Qualys Cloud Platform"}]},{"@type":"WebSite","@id":"https:\/\/www.accuratereviews.com\/it\/#website","url":"https:\/\/www.accuratereviews.com\/it\/","name":"Accurate Reviews","description":"","potentialAction":[{"@type":"SearchAction","target":{"@type":"EntryPoint","urlTemplate":"https:\/\/www.accuratereviews.com\/it\/?s={search_term_string}"},"query-input":{"@type":"PropertyValueSpecification","valueRequired":true,"valueName":"search_term_string"}}],"inLanguage":"it-IT"}]}},"_links":{"self":[{"href":"https:\/\/www.accuratereviews.com\/it\/wp-json\/wp\/v2\/pages\/63623","targetHints":{"allow":["GET"]}}],"collection":[{"href":"https:\/\/www.accuratereviews.com\/it\/wp-json\/wp\/v2\/pages"}],"about":[{"href":"https:\/\/www.accuratereviews.com\/it\/wp-json\/wp\/v2\/types\/page"}],"author":[{"embeddable":true,"href":"https:\/\/www.accuratereviews.com\/it\/wp-json\/wp\/v2\/users\/17"}],"replies":[{"embeddable":true,"href":"https:\/\/www.accuratereviews.com\/it\/wp-json\/wp\/v2\/comments?post=63623"}],"version-history":[{"count":4,"href":"https:\/\/www.accuratereviews.com\/it\/wp-json\/wp\/v2\/pages\/63623\/revisions"}],"predecessor-version":[{"id":63730,"href":"https:\/\/www.accuratereviews.com\/it\/wp-json\/wp\/v2\/pages\/63623\/revisions\/63730"}],"up":[{"embeddable":true,"href":"https:\/\/www.accuratereviews.com\/it\/wp-json\/wp\/v2\/pages\/62847"}],"wp:featuredmedia":[{"embeddable":true,"href":"https:\/\/www.accuratereviews.com\/it\/wp-json\/wp\/v2\/media\/63629"}],"wp:attachment":[{"href":"https:\/\/www.accuratereviews.com\/it\/wp-json\/wp\/v2\/media?parent=63623"}],"wp:term":[{"taxonomy":"category","embeddable":true,"href":"https:\/\/www.accuratereviews.com\/it\/wp-json\/wp\/v2\/categories?post=63623"},{"taxonomy":"post_tag","embeddable":true,"href":"https:\/\/www.accuratereviews.com\/it\/wp-json\/wp\/v2\/tags?post=63623"},{"taxonomy":"features","embeddable":true,"href":"https:\/\/www.accuratereviews.com\/it\/wp-json\/wp\/v2\/features?post=63623"}],"curies":[{"name":"wp","href":"https:\/\/api.w.org\/{rel}","templated":true}]}}