{"id":63648,"date":"2022-11-09T21:02:13","date_gmt":"2022-11-09T21:02:13","guid":{"rendered":"https:\/\/www.accuratereviews.com\/?page_id=63648"},"modified":"2022-11-09T21:05:17","modified_gmt":"2022-11-09T21:05:17","slug":"invicti-recensione","status":"publish","type":"page","link":"https:\/\/www.accuratereviews.com\/it\/software-di-crittografia\/invicti-recensione\/","title":{"rendered":"Invicti"},"content":{"rendered":"<div class=\"MainInfo_textContent__I_O_l\">\n<p><strong>Invicti<\/strong>, in precedenza conosciuto come <strong>Netsparker<\/strong>, \u00e8 una <strong>soluzione di sicurezza<\/strong> delle applicazioni web che identifica automaticamente XSS (cross-site scripting), SQL Injection e varie altre vulnerabilit\u00e0 e falle di sicurezza in tutti i siti, le applicazioni e i servizi online moderni.<br \/>\nIl software\u00a0offre strumenti per flussi di lavoro aziendali integrati che consentono agli utenti di scansionare da 500 a oltre 1000 applicazioni contemporaneamente. Gli utenti possono configurare ogni dettaglio della scansione di sicurezza, comprese le opzioni di attacco, i criteri di scansione, le opzioni HTTP e di autenticazione, le regole di riscrittura degli URL e altro ancora.<br \/>\nL&#8217;API REST basata sui servizi web della soluzione, permette agli utenti di attivare in remoto scansioni di vulnerabilit\u00e0 ovunque e in qualsiasi momento. Le organizzazioni possono anche integrare scansioni di sicurezza automatizzate nel proprio ambiente di sviluppo e avviare scansioni di vulnerabilit\u00e0 in tutte le fasi del ciclo di vita dello sviluppo del software.<\/p>\n<h2>INVICTI &#8211; TUTORIAL<\/h2>\n<div id=\"fluid-wrapper-counter-1\" class=\"g1-fluid-wrapper \" style=\"width:686px;\">\n<div style=\"padding-bottom:56.268221574344%;\"><iframe loading=\"lazy\" title=\"Introducing Invicti&#039;s industry-leading web application security solution\" width=\"686\" height=\"386\" src=\"https:\/\/www.youtube.com\/embed\/osd4a2h1hFY?feature=oembed&amp;wmode=transparent&amp;autohide=1&amp;autoplay=0&amp;disablekb=0&amp;fs=1&amp;loop=0&amp;enablejsapi=1&amp;rel=0&amp;controls=2&amp;showinfo=0&amp;wmode=transparent&amp;autohide=2&amp;autoplay=0&amp;disablekb=0&amp;fs=1&amp;loop=0&amp;enablejsapi=1&amp;rel=0&amp;controls=2&amp;showinfo=1\" frameborder=\"0\" allow=\"accelerometer; autoplay; clipboard-write; encrypted-media; gyroscope; picture-in-picture\" allowfullscreen><\/iframe><\/div>\n<\/div>\n<h3>INVICTI &#8211; CARATTERISTICHE<\/h3>\n<ul>\n<li><strong>Scoperta continua delle risorse web<\/strong>: mantieni automaticamente un inventario completo e aggiornato di tutti i tuoi siti, applicazioni e API<\/li>\n<li><strong>Tecnologie avanzate di scansione del sito<\/strong>: esegui la scansione di siti ricchi di script e altre applicazioni web che la maggior parte degli scanner non \u00e8 in grado di eseguire<\/li>\n<li><strong>Autenticazione facile da configurare<\/strong>:\u00a0esegui\u00a0la scansione della password e delle aree protette da MFA in cui altri scanner non funzionano<\/li>\n<li><strong>Opzioni di implementazione flessibili<\/strong>: scegli il tuo modello di distribuzione ideale per ogni ambiente.<\/li>\n<li><strong>Scansione completa<\/strong>: scansiona ogni parte dell&#8217;applicazione con la combinazione IAST + DAST<\/li>\n<li><strong>Analisi della composizione del software<\/strong>: continua a utilizzare i tuoi componenti open source senza sacrificare la sicurezza.<\/li>\n<li><strong>Strumenti avanzati di scansione manuale<\/strong>: ottieni gli strumenti necessari per la scansione manuale quando le scansioni automatiche non sono possibili<\/li>\n<li><strong>Monitoraggio della versione della tecnologia<\/strong>: scopri automaticamente tutte le tecnologie, i framework e le librerie che stai utilizzando e ricevi una notifica quando non sono aggiornati<\/li>\n<li><strong>Scansione basata su prove<\/strong>: elimina i falsi positivi che fanno perdere tempo<\/li>\n<li><strong>Risultati di scansione dettagliati:<\/strong> fornisci agli sviluppatori tutte le informazioni di cui hanno bisogno per risolvere ogni problema<\/li>\n<li><strong>Rilevamento delle vulnerabilit\u00e0<\/strong>: individua le posizioni esatte delle vulnerabilit\u00e0 in modo che gli sviluppatori non debbano cercarle<\/li>\n<li><strong>Dashboard, reporting e conformit\u00e0:<\/strong> ottieni il rapporto giusto per ogni stakeholder.<\/li>\n<\/ul>\n<h4>LE RECENSIONI DEGLI UTENTI<\/h4>\n<p><strong>Gianluca&#8221;Il miglior software per la gestione delle vulnerabilit\u00e0 delle applicazioni Web&#8221;<\/strong><br \/>\n<strong>Commenti<\/strong>: Lo uso come consulente per i miei clienti. Sono molto soddisfatto del prodotto e di come questo software aiuti il nostro cliente a controllare il livello di sicurezza delle applicazioni web. Aiutiamo anche i nostri clienti a costruire un piano di riparazione (attraverso il report \u00e8 molto facile e veloce eseguire tale operazione) e, tramite la soluzione, si verifica che tutte le riparazioni implementate siano in atto<br \/>\n<strong>Pro<\/strong>: Mi piace perch\u00e9 \u00e8 molto facile da usare, ma allo stesso tempo ha molte opzioni che consentono a un utente esperto di personalizzare il livello di scansione. Anche eseguire la scansione autenticata \u00e8 molto semplice (sono disponibili diverse opzioni). I modelli di rapporto sono diversi e soddisfano tutte le tue esigenze.<br \/>\n<strong>Contro<\/strong>: Quando si eseguono scansioni simultanee, si consumano molte risorse.<\/p>\n<p><strong>Patrick&#8221;Scansione continua delle vulnerabilit\u00e0&#8221;<\/strong><br \/>\n<strong>Commenti<\/strong>: Si distingue nello spazio come uno degli strumenti pi\u00f9 facili da usare. Sebbene OWASP ZAP sia uno strumento eccellente, NetSparker porta gli stessi principi al livello successivo e lo raggruppa in uno scanner per la sicurezza delle applicazioni facile da usare e di grande valore SaaS!<br \/>\n<strong>Pro<\/strong>: L&#8217;interfaccia utente \u00e8 di prim&#8217;ordine e facile da gestire. \u00c8 uno strumento altamente efficiente e personalizzabile che fornisce report approfonditi quando ne hai pi\u00f9 bisogno. Il team di supporto \u00e8 A+! Permette di generare pi\u00f9 tipi di report in base alle esigenze dei clienti.<br \/>\n<strong>Contro<\/strong>: I documenti erano un po&#8217; datati o non facili da seguire quando abbiamo iniziato a utilizzare il prodotto. Il supporto li ha costantemente migliorati e ora vanno benissimo.<\/p>\n<p><strong>Aanu&#8221;La sicurezza informatica resa pi\u00f9 semplice&#8221;<\/strong><br \/>\n<strong>Commenti<\/strong>: Ho iniziato a usare il programma quando ero un tirocinante presso un&#8217;azienda di sicurezza informatica, e l&#8217;ho usato ancora fino a quando ero un consulente associato (potevo assistere i clienti senza supervisione). Ci\u00f2 evidenzia la sua versatilit\u00e0 e facilit\u00e0 d&#8217;uso.<br \/>\n<strong>Pro<\/strong>: Pur essendo facile da usare, \u00e8 flessibile; offrendo diverse funzioni nella valutazione della vulnerabilit\u00e0 dal rilevamento delle vulnerabilit\u00e0 di base come le versioni obsolete delle app alla generazione di report in stile esecutivo dei risultati della scansione.<br \/>\n<strong>Contro<\/strong>: Diventa piuttosto lento quando si testano alcune vulnerabilit\u00e0 negli URL pi\u00f9 grandi.<\/p>\n<\/div>\n","protected":false},"excerpt":{"rendered":"<p>Invicti, in precedenza conosciuto come Netsparker, \u00e8 una soluzione di sicurezza delle applicazioni web che identifica automaticamente XSS (cross-site scripting), SQL Injection e varie altre vulnerabilit\u00e0 e falle di sicurezza in tutti i siti, le applicazioni e i servizi online moderni. Il software\u00a0offre strumenti per flussi di lavoro aziendali integrati che consentono agli utenti di scansionare da 500 a oltre 1000 applicazioni contemporaneamente.<\/p>\n","protected":false},"author":19,"featured_media":63649,"parent":62847,"menu_order":0,"comment_status":"open","ping_status":"closed","template":"g1_template_page_review_new.php","meta":{"_acf_changed":false,"cwp_meta_box_check":"Yes","cwp_rev_product_name":"","cwp_rev_product_image":"","wppr_links":[],"cwp_rev_price":"0.00","wppr_options":[{"name":"Usability","value":"0"},{"name":"Speed","value":"0"},{"name":"Features","value":"0"},{"name":"Support","value":"0"},{"name":"Pricing","value":"0"}],"wppr_pros":["","","","",""],"wppr_cons":["","","","",""],"_monsterinsights_skip_tracking":false,"_monsterinsights_sitenote_active":false,"_monsterinsights_sitenote_note":"","_monsterinsights_sitenote_category":0,"footnotes":""},"categories":[13617],"tags":[730,13611,13706,13618,13614,13612,13613],"features":[],"class_list":{"0":"post-63648","1":"page","2":"type-page","3":"status-publish","4":"has-post-thumbnail","6":"category-software-crittografia-cat","7":"tag-crittografia","8":"tag-encryption-software","9":"tag-invicti","10":"tag-piattaforma-di-crittografia","11":"tag-programma-di-crittografia","12":"tag-software-di-crittografia","13":"tag-soluzione-di-crittografia"},"wppr_data":{"cwp_meta_box_check":"Yes","_wppr_review_template":"default","cwp_rev_product_image":"","cwp_image_link":"image","wppr_links":[],"cwp_rev_price":"0.00","wppr_pros":["","","","",""],"wppr_cons":["","","","",""],"wppr_rating":"0.00","wppr_options":{"1":{"name":"Usability","value":"0"},"2":{"name":"Speed","value":"0"},"3":{"name":"Features","value":"0"},"4":{"name":"Support","value":"0"},"5":{"name":"Pricing","value":"0"}},"wppr_review_type":"Product","wppr_review_custom_fields":{"additionalProperty":"","additionalType":"","aggregateRating":"","alternateName":"","audience":"","award":"","awards":"","brand":"","color":"","depth":"","description":"","disambiguatingDescription":"","gtin12":"","gtin13":"","gtin14":"","gtin8":"","height":"","identifier":"","image":"","isAccessoryOrSparePartFor":"","isConsumableFor":"","isRelatedTo":"","isSimilarTo":"","itemCondition":"","logo":"","mainEntityOfPage":"","manufacturer":"","material":"","model":"","mpn":"","name":"","offers":"","potentialAction":"","productID":"","productionDate":"","purchaseDate":"","releaseDate":"","review":"","reviews":"","sameAs":"","sku":"","slogan":"","subjectOf":"","url":"","weight":"","width":""}},"acf":[],"yoast_head":"<!-- This site is optimized with the Yoast SEO plugin v27.4 - https:\/\/yoast.com\/product\/yoast-seo-wordpress\/ -->\n<title>Invicti: recensione software crittografia - Accurate Reviews<\/title>\n<meta name=\"description\" content=\"Invicti: recensione soluzione di sicurezza delle applicazioni web che identifica le vulnerabilit\u00e0 e falle di sicurezza in tutti i siti web.\" \/>\n<meta name=\"robots\" content=\"index, follow, max-snippet:-1, max-image-preview:large, max-video-preview:-1\" \/>\n<link rel=\"canonical\" href=\"https:\/\/www.accuratereviews.com\/it\/software-di-crittografia\/invicti-recensione\/\" \/>\n<meta property=\"og:locale\" content=\"it_IT\" \/>\n<meta property=\"og:type\" content=\"article\" \/>\n<meta property=\"og:title\" content=\"Invicti: recensione software crittografia - Accurate Reviews\" \/>\n<meta property=\"og:description\" content=\"Invicti: recensione soluzione di sicurezza delle applicazioni web che identifica le vulnerabilit\u00e0 e falle di sicurezza in tutti i siti web.\" \/>\n<meta property=\"og:url\" content=\"https:\/\/www.accuratereviews.com\/it\/software-di-crittografia\/invicti-recensione\/\" \/>\n<meta property=\"og:site_name\" content=\"Accurate Reviews\" \/>\n<meta property=\"article:modified_time\" content=\"2022-11-09T21:05:17+00:00\" \/>\n<meta property=\"og:image\" content=\"https:\/\/www.accuratereviews.com\/wp-content\/uploads\/2022\/11\/Invicti.jpeg\" \/>\n\t<meta property=\"og:image:width\" content=\"200\" \/>\n\t<meta property=\"og:image:height\" content=\"200\" \/>\n\t<meta property=\"og:image:type\" content=\"image\/jpeg\" \/>\n<meta name=\"twitter:card\" content=\"summary_large_image\" \/>\n<meta name=\"twitter:label1\" content=\"Tempo di lettura stimato\" \/>\n\t<meta name=\"twitter:data1\" content=\"4 minuti\" \/>\n<script type=\"application\/ld+json\" class=\"yoast-schema-graph\">{\"@context\":\"https:\\\/\\\/schema.org\",\"@graph\":[{\"@type\":\"WebPage\",\"@id\":\"https:\\\/\\\/www.accuratereviews.com\\\/it\\\/software-di-crittografia\\\/invicti-recensione\\\/\",\"url\":\"https:\\\/\\\/www.accuratereviews.com\\\/it\\\/software-di-crittografia\\\/invicti-recensione\\\/\",\"name\":\"Invicti: recensione software crittografia - Accurate Reviews\",\"isPartOf\":{\"@id\":\"https:\\\/\\\/www.accuratereviews.com\\\/it\\\/#website\"},\"primaryImageOfPage\":{\"@id\":\"https:\\\/\\\/www.accuratereviews.com\\\/it\\\/software-di-crittografia\\\/invicti-recensione\\\/#primaryimage\"},\"image\":{\"@id\":\"https:\\\/\\\/www.accuratereviews.com\\\/it\\\/software-di-crittografia\\\/invicti-recensione\\\/#primaryimage\"},\"thumbnailUrl\":\"https:\\\/\\\/www.accuratereviews.com\\\/wp-content\\\/uploads\\\/2022\\\/11\\\/Invicti.jpeg\",\"datePublished\":\"2022-11-09T21:02:13+00:00\",\"dateModified\":\"2022-11-09T21:05:17+00:00\",\"description\":\"Invicti: recensione soluzione di sicurezza delle applicazioni web che identifica le vulnerabilit\u00e0 e falle di sicurezza in tutti i siti web.\",\"breadcrumb\":{\"@id\":\"https:\\\/\\\/www.accuratereviews.com\\\/it\\\/software-di-crittografia\\\/invicti-recensione\\\/#breadcrumb\"},\"inLanguage\":\"it-IT\",\"potentialAction\":[{\"@type\":\"ReadAction\",\"target\":[\"https:\\\/\\\/www.accuratereviews.com\\\/it\\\/software-di-crittografia\\\/invicti-recensione\\\/\"]}]},{\"@type\":\"ImageObject\",\"inLanguage\":\"it-IT\",\"@id\":\"https:\\\/\\\/www.accuratereviews.com\\\/it\\\/software-di-crittografia\\\/invicti-recensione\\\/#primaryimage\",\"url\":\"https:\\\/\\\/www.accuratereviews.com\\\/wp-content\\\/uploads\\\/2022\\\/11\\\/Invicti.jpeg\",\"contentUrl\":\"https:\\\/\\\/www.accuratereviews.com\\\/wp-content\\\/uploads\\\/2022\\\/11\\\/Invicti.jpeg\",\"width\":200,\"height\":200},{\"@type\":\"BreadcrumbList\",\"@id\":\"https:\\\/\\\/www.accuratereviews.com\\\/it\\\/software-di-crittografia\\\/invicti-recensione\\\/#breadcrumb\",\"itemListElement\":[{\"@type\":\"ListItem\",\"position\":1,\"name\":\"Home\",\"item\":\"https:\\\/\\\/www.accuratereviews.com\\\/it\\\/\"},{\"@type\":\"ListItem\",\"position\":2,\"name\":\"Software di crittografia\",\"item\":\"https:\\\/\\\/www.accuratereviews.com\\\/it\\\/software-di-crittografia\\\/\"},{\"@type\":\"ListItem\",\"position\":3,\"name\":\"Invicti\"}]},{\"@type\":\"WebSite\",\"@id\":\"https:\\\/\\\/www.accuratereviews.com\\\/it\\\/#website\",\"url\":\"https:\\\/\\\/www.accuratereviews.com\\\/it\\\/\",\"name\":\"Accurate Reviews\",\"description\":\"\",\"potentialAction\":[{\"@type\":\"SearchAction\",\"target\":{\"@type\":\"EntryPoint\",\"urlTemplate\":\"https:\\\/\\\/www.accuratereviews.com\\\/it\\\/?s={search_term_string}\"},\"query-input\":{\"@type\":\"PropertyValueSpecification\",\"valueRequired\":true,\"valueName\":\"search_term_string\"}}],\"inLanguage\":\"it-IT\"}]}<\/script>\n<!-- \/ Yoast SEO plugin. -->","yoast_head_json":{"title":"Invicti: recensione software crittografia - Accurate Reviews","description":"Invicti: recensione soluzione di sicurezza delle applicazioni web che identifica le vulnerabilit\u00e0 e falle di sicurezza in tutti i siti web.","robots":{"index":"index","follow":"follow","max-snippet":"max-snippet:-1","max-image-preview":"max-image-preview:large","max-video-preview":"max-video-preview:-1"},"canonical":"https:\/\/www.accuratereviews.com\/it\/software-di-crittografia\/invicti-recensione\/","og_locale":"it_IT","og_type":"article","og_title":"Invicti: recensione software crittografia - Accurate Reviews","og_description":"Invicti: recensione soluzione di sicurezza delle applicazioni web che identifica le vulnerabilit\u00e0 e falle di sicurezza in tutti i siti web.","og_url":"https:\/\/www.accuratereviews.com\/it\/software-di-crittografia\/invicti-recensione\/","og_site_name":"Accurate Reviews","article_modified_time":"2022-11-09T21:05:17+00:00","og_image":[{"width":200,"height":200,"url":"https:\/\/www.accuratereviews.com\/wp-content\/uploads\/2022\/11\/Invicti.jpeg","type":"image\/jpeg"}],"twitter_card":"summary_large_image","twitter_misc":{"Tempo di lettura stimato":"4 minuti"},"schema":{"@context":"https:\/\/schema.org","@graph":[{"@type":"WebPage","@id":"https:\/\/www.accuratereviews.com\/it\/software-di-crittografia\/invicti-recensione\/","url":"https:\/\/www.accuratereviews.com\/it\/software-di-crittografia\/invicti-recensione\/","name":"Invicti: recensione software crittografia - Accurate Reviews","isPartOf":{"@id":"https:\/\/www.accuratereviews.com\/it\/#website"},"primaryImageOfPage":{"@id":"https:\/\/www.accuratereviews.com\/it\/software-di-crittografia\/invicti-recensione\/#primaryimage"},"image":{"@id":"https:\/\/www.accuratereviews.com\/it\/software-di-crittografia\/invicti-recensione\/#primaryimage"},"thumbnailUrl":"https:\/\/www.accuratereviews.com\/wp-content\/uploads\/2022\/11\/Invicti.jpeg","datePublished":"2022-11-09T21:02:13+00:00","dateModified":"2022-11-09T21:05:17+00:00","description":"Invicti: recensione soluzione di sicurezza delle applicazioni web che identifica le vulnerabilit\u00e0 e falle di sicurezza in tutti i siti web.","breadcrumb":{"@id":"https:\/\/www.accuratereviews.com\/it\/software-di-crittografia\/invicti-recensione\/#breadcrumb"},"inLanguage":"it-IT","potentialAction":[{"@type":"ReadAction","target":["https:\/\/www.accuratereviews.com\/it\/software-di-crittografia\/invicti-recensione\/"]}]},{"@type":"ImageObject","inLanguage":"it-IT","@id":"https:\/\/www.accuratereviews.com\/it\/software-di-crittografia\/invicti-recensione\/#primaryimage","url":"https:\/\/www.accuratereviews.com\/wp-content\/uploads\/2022\/11\/Invicti.jpeg","contentUrl":"https:\/\/www.accuratereviews.com\/wp-content\/uploads\/2022\/11\/Invicti.jpeg","width":200,"height":200},{"@type":"BreadcrumbList","@id":"https:\/\/www.accuratereviews.com\/it\/software-di-crittografia\/invicti-recensione\/#breadcrumb","itemListElement":[{"@type":"ListItem","position":1,"name":"Home","item":"https:\/\/www.accuratereviews.com\/it\/"},{"@type":"ListItem","position":2,"name":"Software di crittografia","item":"https:\/\/www.accuratereviews.com\/it\/software-di-crittografia\/"},{"@type":"ListItem","position":3,"name":"Invicti"}]},{"@type":"WebSite","@id":"https:\/\/www.accuratereviews.com\/it\/#website","url":"https:\/\/www.accuratereviews.com\/it\/","name":"Accurate Reviews","description":"","potentialAction":[{"@type":"SearchAction","target":{"@type":"EntryPoint","urlTemplate":"https:\/\/www.accuratereviews.com\/it\/?s={search_term_string}"},"query-input":{"@type":"PropertyValueSpecification","valueRequired":true,"valueName":"search_term_string"}}],"inLanguage":"it-IT"}]}},"_links":{"self":[{"href":"https:\/\/www.accuratereviews.com\/it\/wp-json\/wp\/v2\/pages\/63648","targetHints":{"allow":["GET"]}}],"collection":[{"href":"https:\/\/www.accuratereviews.com\/it\/wp-json\/wp\/v2\/pages"}],"about":[{"href":"https:\/\/www.accuratereviews.com\/it\/wp-json\/wp\/v2\/types\/page"}],"author":[{"embeddable":true,"href":"https:\/\/www.accuratereviews.com\/it\/wp-json\/wp\/v2\/users\/19"}],"replies":[{"embeddable":true,"href":"https:\/\/www.accuratereviews.com\/it\/wp-json\/wp\/v2\/comments?post=63648"}],"version-history":[{"count":8,"href":"https:\/\/www.accuratereviews.com\/it\/wp-json\/wp\/v2\/pages\/63648\/revisions"}],"predecessor-version":[{"id":63682,"href":"https:\/\/www.accuratereviews.com\/it\/wp-json\/wp\/v2\/pages\/63648\/revisions\/63682"}],"up":[{"embeddable":true,"href":"https:\/\/www.accuratereviews.com\/it\/wp-json\/wp\/v2\/pages\/62847"}],"wp:featuredmedia":[{"embeddable":true,"href":"https:\/\/www.accuratereviews.com\/it\/wp-json\/wp\/v2\/media\/63649"}],"wp:attachment":[{"href":"https:\/\/www.accuratereviews.com\/it\/wp-json\/wp\/v2\/media?parent=63648"}],"wp:term":[{"taxonomy":"category","embeddable":true,"href":"https:\/\/www.accuratereviews.com\/it\/wp-json\/wp\/v2\/categories?post=63648"},{"taxonomy":"post_tag","embeddable":true,"href":"https:\/\/www.accuratereviews.com\/it\/wp-json\/wp\/v2\/tags?post=63648"},{"taxonomy":"features","embeddable":true,"href":"https:\/\/www.accuratereviews.com\/it\/wp-json\/wp\/v2\/features?post=63648"}],"curies":[{"name":"wp","href":"https:\/\/api.w.org\/{rel}","templated":true}]}}