{"id":63683,"date":"2022-11-10T11:58:49","date_gmt":"2022-11-10T11:58:49","guid":{"rendered":"https:\/\/www.accuratereviews.com\/?page_id=63683"},"modified":"2022-11-10T11:58:49","modified_gmt":"2022-11-10T11:58:49","slug":"boxcryptor-recensione","status":"publish","type":"page","link":"https:\/\/www.accuratereviews.com\/it\/software-di-crittografia\/boxcryptor-recensione\/","title":{"rendered":"Boxcryptor"},"content":{"rendered":"<p><strong>Boxcryptor<\/strong> \u00e8 un <strong>software di crittografia<\/strong> che protegge i tuoi dati personali e quelli aziendali nel cloud, utilizzando OneDrive, SharePoint, Dropbox, Google Drive e altri ancora. Oltre ad essere intuitivo e semplice da usare, garantisce\u00a0i massimi standard di sicurezza a livello mondiale proteggendo i tuoi account con l&#8217;autenticazione a due fattori.<br \/>\nL&#8217;app mobile di <strong>Boxcryptor<\/strong>, disponibile per dispositivi iOS e Android, racchiude tutte le funzionalit\u00e0 del programma, dispone dell&#8217;impronta digitale o del riconoscimento facciale e utilizza la fotocamera per salvare automaticamente tutte le foto del tuo smartphone crittografate nel cloud o beneficiare di anteprime di immagini gi\u00e0 visualizzate.<\/p>\n<h2>BOXCRYPTOR &#8211; TUTORIAL<\/h2>\n<div id=\"fluid-wrapper-counter-1\" class=\"g1-fluid-wrapper \" style=\"width:686px;\">\n<div style=\"padding-bottom:56.268221574344%;\"><iframe loading=\"lazy\" title=\"Filename Encryption | Boxcryptor Tutorial\" width=\"686\" height=\"386\" src=\"https:\/\/www.youtube.com\/embed\/A24k46cL8Ms?feature=oembed&amp;wmode=transparent&amp;autohide=1&amp;autoplay=0&amp;disablekb=0&amp;fs=1&amp;loop=0&amp;enablejsapi=1&amp;rel=0&amp;controls=2&amp;showinfo=0&amp;wmode=transparent&amp;autohide=2&amp;autoplay=0&amp;disablekb=0&amp;fs=1&amp;loop=0&amp;enablejsapi=1&amp;rel=0&amp;controls=2&amp;showinfo=1\" frameborder=\"0\" allow=\"accelerometer; autoplay; clipboard-write; encrypted-media; gyroscope; picture-in-picture\" allowfullscreen><\/iframe><\/div>\n<\/div>\n<h3>BOXCRYPTOR &#8211; CARATTERISTICHE<\/h3>\n<ul>\n<li><strong>Crittografia end-to-end<\/strong>: crittografa i tuoi file direttamente sul dispositivo, quindi i dati vengono crittografati e protetti prima che vengano spostato nella memoria di tua scelta.<\/li>\n<li><strong>Disponibile su tutte le piattaforme<\/strong>: \u00e8 disponibile su Windows, macOS, iOS e Android.<\/li>\n<li><strong>Protezione delle postazioni di archiviazione<\/strong>: aggiunge sicurezza a pi\u00f9 di 30 cloud provider. Proteggi il tuo NAS, i file server e anche i tuoi dati locali.<\/li>\n<li><strong>Protezione dei file premium<\/strong>: garantisce la riservatezza delle informazioni mentre il cloud fornisce disponibilit\u00e0 e un&#8217;opzione di backup \u2014 una combinazione invincibile.<\/li>\n<li><strong>Sicurezza Made in Germany<\/strong>: \u00e8 un&#8217;azienda tedesca, la sede e i server si trovano in Germania. Il centro dati \u00e8 certificato ISO\/IEC 27001:2013.<\/li>\n<li><strong>Audit di sicurezza indipendente<\/strong>: \u00e8 stato verificato dalla societ\u00e0 di sicurezza indipendente Kudelski Security. La qualit\u00e0 e la sicurezza del software sono verificate.<\/li>\n<li><strong>Collaborazione sicura<\/strong>: collabora in modo sicuro con Boxcryptor, nel tuo team o con i tuoi partner, grazie alle funzioni di gruppo, alla crittografia Microsoft Teams o a Whisply.<\/li>\n<li><strong>Autenticazione sicura e semplice<\/strong>: conferma facoltativamente i tuoi accessi su un secondo dispositivo con 2FA. Gestisci pi\u00f9 facilmente gli utenti con il supporto SSO, SCIM o Active Directory.<\/li>\n<\/ul>\n<h4>LE RECENSIONI DEGLI UTENTI<\/h4>\n<p><strong>Allan &#8220;Offre opzioni di sicurezza avanzate&#8221;<\/strong><br \/>\nCommenti: Nel complesso, Boxcryptor \u00e8 stato un software straordinario. Nelle trattative con partner e clienti, menzionare Boxcryptor come uno dei nostri fornitori di servizi di sicurezza dei dati e dei file migliora sempre il livello di fiducia tra tutte le parti coinvolte. \u00a0Si tratta di un prodotto davvero eccezionale<br \/>\nPro: Il grado di sicurezza e crittografia fornito da Boxcryptor \u00e8 davvero impressionante per la sua fascia di prezzo. Con la crittografia end-to-end a conoscenza zero, siamo certi della massima sicurezza e protezione per i file sensibili e in uscita salvati sul cloud.<br \/>\nContro: L&#8217;unico problema che ho avuto con Boxcryptor \u00e8 stato il costo. Quindi, anche se era l&#8217;opzione migliore per il lavoro, non potevo permettermi di creare account per la mia attivit\u00e0 privata.<\/p>\n<p><strong>Alex &#8220;Rendi criptato il tuo servizio di archiviazione cloud&#8221;<\/strong><br \/>\nCommenti: Boxcryptor \u00e8 la mia unica e prima scelta quando si tratta di crittografia dei file sui servizi di cloud storage. Questo software \u00e8 gratuito, semplice, facile da usare e senza sforzo. L&#8217;installazione \u00e8 rapida e la configurazione richiede un paio di minuti. Ci\u00f2 che mi piace davvero \u00e8 il suo &#8220;provider a conoscenza zero&#8221;, che rende impossibile decifrare i miei file o le mie cartelle nel caso in cui dimentichi la password. Non \u00e8 presente un&#8217;opzione di reimpostazione della password, quindi assicuratevi di tenere la vostra password al sicuro. Il suo vero rapporto qualit\u00e0-prezzo.<br \/>\nPro: I file vengono crittografati nell&#8217;unit\u00e0 virtuale, Elevata sicurezza, Disponibile su tutte le piattaforme Windows, Mac e Chrome.<br \/>\nContro: Nessuna opzione di reimpostazione della password (il che rende impossibile l&#8217;hacking).<\/p>\n<p><strong>Doug &#8220;Ottima aggiunta a dropbox&#8221;<\/strong><br \/>\nPro: Mi piace la facilit\u00e0 di utilizzo in combinazione con dropbox.<br \/>\nContro: Bisogna pagare per oscurare i nomi dei file.<\/p>\n","protected":false},"excerpt":{"rendered":"<p>Boxcryptor \u00e8 un software di crittografia che protegge i tuoi dati personali e quelli aziendali nel cloud, utilizzando OneDrive, SharePoint, Dropbox, Google Drive e altri ancora. Oltre ad essere intuitivo e semplice da usare, garantisce\u00a0i massimi standard di sicurezza a livello mondiale proteggendo i tuoi account con l&#8217;autenticazione a due fattori.<\/p>\n","protected":false},"author":17,"featured_media":63684,"parent":62847,"menu_order":0,"comment_status":"open","ping_status":"closed","template":"g1_template_page_review_new.php","meta":{"_acf_changed":false,"cwp_meta_box_check":"No","cwp_rev_product_name":"","cwp_rev_product_image":"","wppr_links":[],"cwp_rev_price":"","wppr_options":[],"wppr_pros":[],"wppr_cons":[],"_monsterinsights_skip_tracking":false,"_monsterinsights_sitenote_active":false,"_monsterinsights_sitenote_note":"","_monsterinsights_sitenote_category":0,"footnotes":""},"categories":[13617],"tags":[13616,724,13618,13614,794,13612,13613],"features":[],"class_list":{"0":"post-63683","1":"page","2":"type-page","3":"status-publish","4":"has-post-thumbnail","6":"category-software-crittografia-cat","7":"tag-app-crittografia","8":"tag-crittografia-end-to-end","9":"tag-piattaforma-di-crittografia","10":"tag-programma-di-crittografia","11":"tag-sistema-di-crittografia","12":"tag-software-di-crittografia","13":"tag-soluzione-di-crittografia"},"wppr_data":{"cwp_meta_box_check":"No"},"acf":[],"yoast_head":"<!-- This site is optimized with the Yoast SEO plugin v27.4 - https:\/\/yoast.com\/product\/yoast-seo-wordpress\/ -->\n<title>Boxcryptor: recensione software crittografia - Accurate Reviews<\/title>\n<meta name=\"description\" content=\"Boxcryptor: recensione del software di crittografia che protegge i tuoi dati personali e quelli aziendali nel cloud.\" \/>\n<meta name=\"robots\" content=\"index, follow, max-snippet:-1, max-image-preview:large, max-video-preview:-1\" \/>\n<link rel=\"canonical\" href=\"https:\/\/www.accuratereviews.com\/it\/software-di-crittografia\/boxcryptor-recensione\/\" \/>\n<meta property=\"og:locale\" content=\"it_IT\" \/>\n<meta property=\"og:type\" content=\"article\" \/>\n<meta property=\"og:title\" content=\"Boxcryptor: recensione software crittografia - Accurate Reviews\" \/>\n<meta property=\"og:description\" content=\"Boxcryptor: recensione del software di crittografia che protegge i tuoi dati personali e quelli aziendali nel cloud.\" \/>\n<meta property=\"og:url\" content=\"https:\/\/www.accuratereviews.com\/it\/software-di-crittografia\/boxcryptor-recensione\/\" \/>\n<meta property=\"og:site_name\" content=\"Accurate Reviews\" \/>\n<meta property=\"og:image\" content=\"https:\/\/www.accuratereviews.com\/wp-content\/uploads\/2022\/11\/boxcryptor-logo.png\" \/>\n\t<meta property=\"og:image:width\" content=\"563\" \/>\n\t<meta property=\"og:image:height\" content=\"200\" \/>\n\t<meta property=\"og:image:type\" content=\"image\/png\" \/>\n<meta name=\"twitter:card\" content=\"summary_large_image\" \/>\n<meta name=\"twitter:label1\" content=\"Tempo di lettura stimato\" \/>\n\t<meta name=\"twitter:data1\" content=\"4 minuti\" \/>\n<script type=\"application\/ld+json\" class=\"yoast-schema-graph\">{\"@context\":\"https:\\\/\\\/schema.org\",\"@graph\":[{\"@type\":\"WebPage\",\"@id\":\"https:\\\/\\\/www.accuratereviews.com\\\/it\\\/software-di-crittografia\\\/boxcryptor-recensione\\\/\",\"url\":\"https:\\\/\\\/www.accuratereviews.com\\\/it\\\/software-di-crittografia\\\/boxcryptor-recensione\\\/\",\"name\":\"Boxcryptor: recensione software crittografia - Accurate Reviews\",\"isPartOf\":{\"@id\":\"https:\\\/\\\/www.accuratereviews.com\\\/it\\\/#website\"},\"primaryImageOfPage\":{\"@id\":\"https:\\\/\\\/www.accuratereviews.com\\\/it\\\/software-di-crittografia\\\/boxcryptor-recensione\\\/#primaryimage\"},\"image\":{\"@id\":\"https:\\\/\\\/www.accuratereviews.com\\\/it\\\/software-di-crittografia\\\/boxcryptor-recensione\\\/#primaryimage\"},\"thumbnailUrl\":\"https:\\\/\\\/www.accuratereviews.com\\\/wp-content\\\/uploads\\\/2022\\\/11\\\/boxcryptor-logo.png\",\"datePublished\":\"2022-11-10T11:58:49+00:00\",\"description\":\"Boxcryptor: recensione del software di crittografia che protegge i tuoi dati personali e quelli aziendali nel cloud.\",\"breadcrumb\":{\"@id\":\"https:\\\/\\\/www.accuratereviews.com\\\/it\\\/software-di-crittografia\\\/boxcryptor-recensione\\\/#breadcrumb\"},\"inLanguage\":\"it-IT\",\"potentialAction\":[{\"@type\":\"ReadAction\",\"target\":[\"https:\\\/\\\/www.accuratereviews.com\\\/it\\\/software-di-crittografia\\\/boxcryptor-recensione\\\/\"]}]},{\"@type\":\"ImageObject\",\"inLanguage\":\"it-IT\",\"@id\":\"https:\\\/\\\/www.accuratereviews.com\\\/it\\\/software-di-crittografia\\\/boxcryptor-recensione\\\/#primaryimage\",\"url\":\"https:\\\/\\\/www.accuratereviews.com\\\/wp-content\\\/uploads\\\/2022\\\/11\\\/boxcryptor-logo.png\",\"contentUrl\":\"https:\\\/\\\/www.accuratereviews.com\\\/wp-content\\\/uploads\\\/2022\\\/11\\\/boxcryptor-logo.png\",\"width\":563,\"height\":200},{\"@type\":\"BreadcrumbList\",\"@id\":\"https:\\\/\\\/www.accuratereviews.com\\\/it\\\/software-di-crittografia\\\/boxcryptor-recensione\\\/#breadcrumb\",\"itemListElement\":[{\"@type\":\"ListItem\",\"position\":1,\"name\":\"Home\",\"item\":\"https:\\\/\\\/www.accuratereviews.com\\\/it\\\/\"},{\"@type\":\"ListItem\",\"position\":2,\"name\":\"Software di crittografia\",\"item\":\"https:\\\/\\\/www.accuratereviews.com\\\/it\\\/software-di-crittografia\\\/\"},{\"@type\":\"ListItem\",\"position\":3,\"name\":\"Boxcryptor\"}]},{\"@type\":\"WebSite\",\"@id\":\"https:\\\/\\\/www.accuratereviews.com\\\/it\\\/#website\",\"url\":\"https:\\\/\\\/www.accuratereviews.com\\\/it\\\/\",\"name\":\"Accurate Reviews\",\"description\":\"\",\"potentialAction\":[{\"@type\":\"SearchAction\",\"target\":{\"@type\":\"EntryPoint\",\"urlTemplate\":\"https:\\\/\\\/www.accuratereviews.com\\\/it\\\/?s={search_term_string}\"},\"query-input\":{\"@type\":\"PropertyValueSpecification\",\"valueRequired\":true,\"valueName\":\"search_term_string\"}}],\"inLanguage\":\"it-IT\"}]}<\/script>\n<!-- \/ Yoast SEO plugin. -->","yoast_head_json":{"title":"Boxcryptor: recensione software crittografia - Accurate Reviews","description":"Boxcryptor: recensione del software di crittografia che protegge i tuoi dati personali e quelli aziendali nel cloud.","robots":{"index":"index","follow":"follow","max-snippet":"max-snippet:-1","max-image-preview":"max-image-preview:large","max-video-preview":"max-video-preview:-1"},"canonical":"https:\/\/www.accuratereviews.com\/it\/software-di-crittografia\/boxcryptor-recensione\/","og_locale":"it_IT","og_type":"article","og_title":"Boxcryptor: recensione software crittografia - Accurate Reviews","og_description":"Boxcryptor: recensione del software di crittografia che protegge i tuoi dati personali e quelli aziendali nel cloud.","og_url":"https:\/\/www.accuratereviews.com\/it\/software-di-crittografia\/boxcryptor-recensione\/","og_site_name":"Accurate Reviews","og_image":[{"width":563,"height":200,"url":"https:\/\/www.accuratereviews.com\/wp-content\/uploads\/2022\/11\/boxcryptor-logo.png","type":"image\/png"}],"twitter_card":"summary_large_image","twitter_misc":{"Tempo di lettura stimato":"4 minuti"},"schema":{"@context":"https:\/\/schema.org","@graph":[{"@type":"WebPage","@id":"https:\/\/www.accuratereviews.com\/it\/software-di-crittografia\/boxcryptor-recensione\/","url":"https:\/\/www.accuratereviews.com\/it\/software-di-crittografia\/boxcryptor-recensione\/","name":"Boxcryptor: recensione software crittografia - Accurate Reviews","isPartOf":{"@id":"https:\/\/www.accuratereviews.com\/it\/#website"},"primaryImageOfPage":{"@id":"https:\/\/www.accuratereviews.com\/it\/software-di-crittografia\/boxcryptor-recensione\/#primaryimage"},"image":{"@id":"https:\/\/www.accuratereviews.com\/it\/software-di-crittografia\/boxcryptor-recensione\/#primaryimage"},"thumbnailUrl":"https:\/\/www.accuratereviews.com\/wp-content\/uploads\/2022\/11\/boxcryptor-logo.png","datePublished":"2022-11-10T11:58:49+00:00","description":"Boxcryptor: recensione del software di crittografia che protegge i tuoi dati personali e quelli aziendali nel cloud.","breadcrumb":{"@id":"https:\/\/www.accuratereviews.com\/it\/software-di-crittografia\/boxcryptor-recensione\/#breadcrumb"},"inLanguage":"it-IT","potentialAction":[{"@type":"ReadAction","target":["https:\/\/www.accuratereviews.com\/it\/software-di-crittografia\/boxcryptor-recensione\/"]}]},{"@type":"ImageObject","inLanguage":"it-IT","@id":"https:\/\/www.accuratereviews.com\/it\/software-di-crittografia\/boxcryptor-recensione\/#primaryimage","url":"https:\/\/www.accuratereviews.com\/wp-content\/uploads\/2022\/11\/boxcryptor-logo.png","contentUrl":"https:\/\/www.accuratereviews.com\/wp-content\/uploads\/2022\/11\/boxcryptor-logo.png","width":563,"height":200},{"@type":"BreadcrumbList","@id":"https:\/\/www.accuratereviews.com\/it\/software-di-crittografia\/boxcryptor-recensione\/#breadcrumb","itemListElement":[{"@type":"ListItem","position":1,"name":"Home","item":"https:\/\/www.accuratereviews.com\/it\/"},{"@type":"ListItem","position":2,"name":"Software di crittografia","item":"https:\/\/www.accuratereviews.com\/it\/software-di-crittografia\/"},{"@type":"ListItem","position":3,"name":"Boxcryptor"}]},{"@type":"WebSite","@id":"https:\/\/www.accuratereviews.com\/it\/#website","url":"https:\/\/www.accuratereviews.com\/it\/","name":"Accurate Reviews","description":"","potentialAction":[{"@type":"SearchAction","target":{"@type":"EntryPoint","urlTemplate":"https:\/\/www.accuratereviews.com\/it\/?s={search_term_string}"},"query-input":{"@type":"PropertyValueSpecification","valueRequired":true,"valueName":"search_term_string"}}],"inLanguage":"it-IT"}]}},"_links":{"self":[{"href":"https:\/\/www.accuratereviews.com\/it\/wp-json\/wp\/v2\/pages\/63683","targetHints":{"allow":["GET"]}}],"collection":[{"href":"https:\/\/www.accuratereviews.com\/it\/wp-json\/wp\/v2\/pages"}],"about":[{"href":"https:\/\/www.accuratereviews.com\/it\/wp-json\/wp\/v2\/types\/page"}],"author":[{"embeddable":true,"href":"https:\/\/www.accuratereviews.com\/it\/wp-json\/wp\/v2\/users\/17"}],"replies":[{"embeddable":true,"href":"https:\/\/www.accuratereviews.com\/it\/wp-json\/wp\/v2\/comments?post=63683"}],"version-history":[{"count":4,"href":"https:\/\/www.accuratereviews.com\/it\/wp-json\/wp\/v2\/pages\/63683\/revisions"}],"predecessor-version":[{"id":63731,"href":"https:\/\/www.accuratereviews.com\/it\/wp-json\/wp\/v2\/pages\/63683\/revisions\/63731"}],"up":[{"embeddable":true,"href":"https:\/\/www.accuratereviews.com\/it\/wp-json\/wp\/v2\/pages\/62847"}],"wp:featuredmedia":[{"embeddable":true,"href":"https:\/\/www.accuratereviews.com\/it\/wp-json\/wp\/v2\/media\/63684"}],"wp:attachment":[{"href":"https:\/\/www.accuratereviews.com\/it\/wp-json\/wp\/v2\/media?parent=63683"}],"wp:term":[{"taxonomy":"category","embeddable":true,"href":"https:\/\/www.accuratereviews.com\/it\/wp-json\/wp\/v2\/categories?post=63683"},{"taxonomy":"post_tag","embeddable":true,"href":"https:\/\/www.accuratereviews.com\/it\/wp-json\/wp\/v2\/tags?post=63683"},{"taxonomy":"features","embeddable":true,"href":"https:\/\/www.accuratereviews.com\/it\/wp-json\/wp\/v2\/features?post=63683"}],"curies":[{"name":"wp","href":"https:\/\/api.w.org\/{rel}","templated":true}]}}