{"id":63692,"date":"2022-11-10T16:12:55","date_gmt":"2022-11-10T16:12:55","guid":{"rendered":"https:\/\/www.accuratereviews.com\/?page_id=63692"},"modified":"2022-11-10T17:22:49","modified_gmt":"2022-11-10T17:22:49","slug":"drivestrike-recensione","status":"publish","type":"page","link":"https:\/\/www.accuratereviews.com\/it\/software-di-crittografia\/drivestrike-recensione\/","title":{"rendered":"DriveStrike"},"content":{"rendered":"<p><strong>DriveStrike<\/strong> \u00e8 una<strong> soluzione di protezione dei dati<\/strong> e dei dispositivi, basata su <strong>cloud<\/strong>, che aiuta le aziende di tutte le dimensioni con sicurezza e conformit\u00e0 dei dati. Le caratteristiche principali includono la gestione degli incidenti, la gestione delle policy, il riconoscimento automatizzato dei dispositivi e il monitoraggio in tempo reale. Consente ai team IT di monitorare laptop Windows, telefoni e tablet Android, iPhone, iPad, MacBook e altro ancora.<br \/>\nLa piattaforma acquisisce informazioni sull&#8217;indirizzo IP pubblico e privato, la triangolazione wi-fi e le coordinate GPS e fornisce rapporti sulle miglia o sui chilometri percorsi. Aiuta gli utenti a localizzare i dispositivi smarriti o rubati. Gli amministratori possono utilizzare la funzionalit\u00e0 di blocco remoto per forzare un riavvio, disconnettere gli utenti da qualsiasi sessione corrente e inserire un blocco del firmware sul dispositivo.<\/p>\n<h2>DRIVESTRIKE &#8211; TUTORIAL<\/h2>\n<div id=\"fluid-wrapper-counter-1\" class=\"g1-fluid-wrapper \" style=\"width:686px;\">\n<div style=\"padding-bottom:56.268221574344%;\"><iframe loading=\"lazy\" title=\"DriveStrike SAML Setup with OneLogin\" width=\"686\" height=\"386\" src=\"https:\/\/www.youtube.com\/embed\/ekiP4K5ROgA?feature=oembed&amp;wmode=transparent&amp;autohide=1&amp;autoplay=0&amp;disablekb=0&amp;fs=1&amp;loop=0&amp;enablejsapi=1&amp;rel=0&amp;controls=2&amp;showinfo=0&amp;wmode=transparent&amp;autohide=2&amp;autoplay=0&amp;disablekb=0&amp;fs=1&amp;loop=0&amp;enablejsapi=1&amp;rel=0&amp;controls=2&amp;showinfo=1\" frameborder=\"0\" allow=\"accelerometer; autoplay; clipboard-write; encrypted-media; gyroscope; picture-in-picture\" allowfullscreen><\/iframe><\/div>\n<\/div>\n<h3>DRIVESTRIKE &#8211; CARATTERISTICHE<\/h3>\n<div class=\"QcsUad BDJ8fb BLojaf\" role=\"region\" aria-labelledby=\"ucj-5\">\n<div class=\"XL3Kf\">\n<div class=\"a8FIud X0rvP L6rCcb\">\n<div data-show-delay-ms=\"250\" data-append-to-body=\"false\" data-propagate-tooltip-mouseover-events=\"true\" data-anchor-corner=\"bottom-end\" data-enable-skip-handler=\"false\" data-popup-corner=\"top-end\">\n<div class=\"usGWQd\" aria-live=\"polite\">\n<div class=\"KkbLmb\">\n<div class=\"lRu31\">\n<ul>\n<li><strong>Cancellazione remota<\/strong>: cancella i dati protetti da qualsiasi dispositivo abilitato. Elimina immediatamente da remoto tutti i dati dai dispositivi compromessi per prevenire una violazione dei dati.<\/li>\n<li><strong>Posizione geografica<\/strong>: trova il tuo dispositivo smarrito o rubato in pochi istanti utilizzando i dati sulla posizione pi\u00f9 dettagliati disponibili e visualizza un display mappato e la cronologia delle posizioni del dispositivo.<\/li>\n<li><strong>Crittografia del disco<\/strong>: si\u00a0integra la crittografia BitLocker per le macchine Windows e aiuta con le distribuzioni di VeraCrypt.<\/li>\n<li><strong>Profilo di lavoro<\/strong>: mantieni i dati aziendali al sicuro cancellando il profilo di lavoro solo in modalit\u00e0 BYOD Android, lasciando intatte le informazioni personali dell&#8217;utente del dispositivo.<\/li>\n<li><strong>Turnover del personale<\/strong>: pulisci i dispositivi aziendali per riutilizzarli per i futuri dipendenti o per i dipendenti precedenti da conservare quando se ne vanno.<\/li>\n<li><strong>Chiavi di deposito a garanzia<\/strong>:\u00a0conserva una copia del file della chiave di ripristino per tutti i computer in cui BitLocker \u00e8 abilitato tramite la soluzione. Ci\u00f2 garantisce che gli amministratori dispongano di una chiave di crittografia per sbloccare i dati crittografati quando necessario.<\/li>\n<\/ul>\n<h4>LE RECENSIONI DEGLI UTENTI<\/h4>\n<p><strong>Charles &#8220;Drive Strike ti copre&#8221;<\/strong><br \/>\n<strong>Pro<\/strong>:\u00e8 stato facile da configurare e distribuire. La gestione di Bit-Locker. L&#8217;assistenza clienti.<br \/>\n<strong>Contro<\/strong>: Oltre ad alcuni problemi all&#8217;inizio, questo supporto ci aiuta rapidamente. Da allora non ho avuto alcun contro.<\/p>\n<p><strong>Jeff &#8220;Efficace, molto semplice da implementare e utilizzare. Ottimo prezzo!&#8221;<\/strong><br \/>\n<strong>Commenti<\/strong>: Non posso sottolineare quanto sia facile utilizzare questo strumento rispetto ad altri prodotti di gestione. E quando ho avuto bisogno di aiuto con una funzione, il loro supporto \u00e8 stato velocissimo nel contattarmi direttamente via email e telefono e ha risolto il mio problema in pochi minuti. Non troverai lo stesso livello di supporto con la maggior parte dei fornitori di strumenti di gestione IT.<br \/>\n<strong>Pro<\/strong>: Questa cosa fa esattamente quello che dice. \u00c8 semplicissimo da implementare e utilizzare. Se stai considerando qualcosa di pi\u00f9 complesso come l&#8217;implementazione di Microsoft Intune, ma in realt\u00e0 hai solo bisogno della funzionalit\u00e0 di blocco e cancellazione remota, prendi questo e non pensarci due volte.<br \/>\n<strong>Contro<\/strong>: Se i tuoi utenti Windows sono basati sul dominio, la funzione &#8220;blocco&#8221; non li bloccher\u00e0 davvero. MA il loro team di supporto pu\u00f2 configurare il tuo account con la possibilit\u00e0 di rimuovere il dispositivo dal dominio e quindi il blocco funzioner\u00e0.<\/p>\n<p><strong>Anthony &#8220;Supporto per DriveStrike&#8221;<\/strong><br \/>\n<strong>Pro<\/strong>: Un cliente aveva bisogno di aiuto per trovare una soluzione in grado di cancellare i dispositivi da remoto. Chiamato DriveStrike e in 3 ore ho avuto una demo e un preventivo in mano!<br \/>\n<strong>Contro<\/strong>: Niente finora. Ho sentito che \u00e8 stato facile da installare e il mio cliente \u00e8 felice!<\/p>\n<\/div>\n<\/div>\n<\/div>\n<\/div>\n<\/div>\n<\/div>\n<\/div>\n","protected":false},"excerpt":{"rendered":"<p>DriveStrike \u00e8 una soluzione di protezione dei dati e dei dispositivi, basata su cloud, che aiuta le aziende di tutte le dimensioni con sicurezza e conformit\u00e0 dei dati. Le caratteristiche principali includono la gestione degli incidenti, la gestione delle policy, il riconoscimento automatizzato dei dispositivi e il monitoraggio in tempo reale.<\/p>\n","protected":false},"author":19,"featured_media":63715,"parent":62847,"menu_order":0,"comment_status":"open","ping_status":"closed","template":"g1_template_page_review_new.php","meta":{"_acf_changed":false,"cwp_meta_box_check":"Yes","cwp_rev_product_name":"","cwp_rev_product_image":"","wppr_links":[],"cwp_rev_price":"0.00","wppr_options":[{"name":"Usability","value":"0"},{"name":"Speed","value":"0"},{"name":"Features","value":"0"},{"name":"Support","value":"0"},{"name":"Pricing","value":"0"}],"wppr_pros":["","","","",""],"wppr_cons":["","","","",""],"_monsterinsights_skip_tracking":false,"_monsterinsights_sitenote_active":false,"_monsterinsights_sitenote_note":"","_monsterinsights_sitenote_category":0,"footnotes":""},"categories":[13617],"tags":[13619,730,13709,13611,13618,13614,13612,13613],"features":[],"class_list":{"0":"post-63692","1":"page","2":"type-page","3":"status-publish","4":"has-post-thumbnail","6":"category-software-crittografia-cat","7":"tag-app-di-crittografia","8":"tag-crittografia","9":"tag-drivestrike","10":"tag-encryption-software","11":"tag-piattaforma-di-crittografia","12":"tag-programma-di-crittografia","13":"tag-software-di-crittografia","14":"tag-soluzione-di-crittografia"},"wppr_data":{"cwp_meta_box_check":"Yes","_wppr_review_template":"default","cwp_rev_product_image":"","cwp_image_link":"image","wppr_links":[],"cwp_rev_price":"0.00","wppr_pros":["","","","",""],"wppr_cons":["","","","",""],"wppr_rating":"0.00","wppr_options":{"1":{"name":"Usability","value":"0"},"2":{"name":"Speed","value":"0"},"3":{"name":"Features","value":"0"},"4":{"name":"Support","value":"0"},"5":{"name":"Pricing","value":"0"}},"wppr_review_type":"Product","wppr_review_custom_fields":{"additionalProperty":"","additionalType":"","aggregateRating":"","alternateName":"","audience":"","award":"","awards":"","brand":"","color":"","depth":"","description":"","disambiguatingDescription":"","gtin12":"","gtin13":"","gtin14":"","gtin8":"","height":"","identifier":"","image":"","isAccessoryOrSparePartFor":"","isConsumableFor":"","isRelatedTo":"","isSimilarTo":"","itemCondition":"","logo":"","mainEntityOfPage":"","manufacturer":"","material":"","model":"","mpn":"","name":"","offers":"","potentialAction":"","productID":"","productionDate":"","purchaseDate":"","releaseDate":"","review":"","reviews":"","sameAs":"","sku":"","slogan":"","subjectOf":"","url":"","weight":"","width":""}},"acf":[],"yoast_head":"<!-- This site is optimized with the Yoast SEO plugin v27.4 - https:\/\/yoast.com\/product\/yoast-seo-wordpress\/ -->\n<title>DriveStrike: recensione software crittografia - Accurate Reviews<\/title>\n<meta name=\"description\" content=\"DriveStrike: recensione soluzione di protezione dei dati e dei dispositivi, basata su cloud, che aiuta le aziende di tutte le dimensioni.\" \/>\n<meta name=\"robots\" content=\"index, follow, max-snippet:-1, max-image-preview:large, max-video-preview:-1\" \/>\n<link rel=\"canonical\" href=\"https:\/\/www.accuratereviews.com\/it\/software-di-crittografia\/drivestrike-recensione\/\" \/>\n<meta property=\"og:locale\" content=\"it_IT\" \/>\n<meta property=\"og:type\" content=\"article\" \/>\n<meta property=\"og:title\" content=\"DriveStrike: recensione software crittografia - Accurate Reviews\" \/>\n<meta property=\"og:description\" content=\"DriveStrike: recensione soluzione di protezione dei dati e dei dispositivi, basata su cloud, che aiuta le aziende di tutte le dimensioni.\" \/>\n<meta property=\"og:url\" content=\"https:\/\/www.accuratereviews.com\/it\/software-di-crittografia\/drivestrike-recensione\/\" \/>\n<meta property=\"og:site_name\" content=\"Accurate Reviews\" \/>\n<meta property=\"article:modified_time\" content=\"2022-11-10T17:22:49+00:00\" \/>\n<meta property=\"og:image\" content=\"https:\/\/www.accuratereviews.com\/wp-content\/uploads\/2022\/11\/DriveStrike.webp\" \/>\n\t<meta property=\"og:image:width\" content=\"1511\" \/>\n\t<meta property=\"og:image:height\" content=\"420\" \/>\n\t<meta property=\"og:image:type\" content=\"image\/webp\" \/>\n<meta name=\"twitter:card\" content=\"summary_large_image\" \/>\n<meta name=\"twitter:label1\" content=\"Tempo di lettura stimato\" \/>\n\t<meta name=\"twitter:data1\" content=\"4 minuti\" \/>\n<script type=\"application\/ld+json\" class=\"yoast-schema-graph\">{\"@context\":\"https:\\\/\\\/schema.org\",\"@graph\":[{\"@type\":\"WebPage\",\"@id\":\"https:\\\/\\\/www.accuratereviews.com\\\/it\\\/software-di-crittografia\\\/drivestrike-recensione\\\/\",\"url\":\"https:\\\/\\\/www.accuratereviews.com\\\/it\\\/software-di-crittografia\\\/drivestrike-recensione\\\/\",\"name\":\"DriveStrike: recensione software crittografia - Accurate Reviews\",\"isPartOf\":{\"@id\":\"https:\\\/\\\/www.accuratereviews.com\\\/it\\\/#website\"},\"primaryImageOfPage\":{\"@id\":\"https:\\\/\\\/www.accuratereviews.com\\\/it\\\/software-di-crittografia\\\/drivestrike-recensione\\\/#primaryimage\"},\"image\":{\"@id\":\"https:\\\/\\\/www.accuratereviews.com\\\/it\\\/software-di-crittografia\\\/drivestrike-recensione\\\/#primaryimage\"},\"thumbnailUrl\":\"https:\\\/\\\/www.accuratereviews.com\\\/wp-content\\\/uploads\\\/2022\\\/11\\\/DriveStrike.webp\",\"datePublished\":\"2022-11-10T16:12:55+00:00\",\"dateModified\":\"2022-11-10T17:22:49+00:00\",\"description\":\"DriveStrike: recensione soluzione di protezione dei dati e dei dispositivi, basata su cloud, che aiuta le aziende di tutte le dimensioni.\",\"breadcrumb\":{\"@id\":\"https:\\\/\\\/www.accuratereviews.com\\\/it\\\/software-di-crittografia\\\/drivestrike-recensione\\\/#breadcrumb\"},\"inLanguage\":\"it-IT\",\"potentialAction\":[{\"@type\":\"ReadAction\",\"target\":[\"https:\\\/\\\/www.accuratereviews.com\\\/it\\\/software-di-crittografia\\\/drivestrike-recensione\\\/\"]}]},{\"@type\":\"ImageObject\",\"inLanguage\":\"it-IT\",\"@id\":\"https:\\\/\\\/www.accuratereviews.com\\\/it\\\/software-di-crittografia\\\/drivestrike-recensione\\\/#primaryimage\",\"url\":\"https:\\\/\\\/www.accuratereviews.com\\\/wp-content\\\/uploads\\\/2022\\\/11\\\/DriveStrike.webp\",\"contentUrl\":\"https:\\\/\\\/www.accuratereviews.com\\\/wp-content\\\/uploads\\\/2022\\\/11\\\/DriveStrike.webp\",\"width\":1511,\"height\":420},{\"@type\":\"BreadcrumbList\",\"@id\":\"https:\\\/\\\/www.accuratereviews.com\\\/it\\\/software-di-crittografia\\\/drivestrike-recensione\\\/#breadcrumb\",\"itemListElement\":[{\"@type\":\"ListItem\",\"position\":1,\"name\":\"Home\",\"item\":\"https:\\\/\\\/www.accuratereviews.com\\\/it\\\/\"},{\"@type\":\"ListItem\",\"position\":2,\"name\":\"Software di crittografia\",\"item\":\"https:\\\/\\\/www.accuratereviews.com\\\/it\\\/software-di-crittografia\\\/\"},{\"@type\":\"ListItem\",\"position\":3,\"name\":\"DriveStrike\"}]},{\"@type\":\"WebSite\",\"@id\":\"https:\\\/\\\/www.accuratereviews.com\\\/it\\\/#website\",\"url\":\"https:\\\/\\\/www.accuratereviews.com\\\/it\\\/\",\"name\":\"Accurate Reviews\",\"description\":\"\",\"potentialAction\":[{\"@type\":\"SearchAction\",\"target\":{\"@type\":\"EntryPoint\",\"urlTemplate\":\"https:\\\/\\\/www.accuratereviews.com\\\/it\\\/?s={search_term_string}\"},\"query-input\":{\"@type\":\"PropertyValueSpecification\",\"valueRequired\":true,\"valueName\":\"search_term_string\"}}],\"inLanguage\":\"it-IT\"}]}<\/script>\n<!-- \/ Yoast SEO plugin. -->","yoast_head_json":{"title":"DriveStrike: recensione software crittografia - Accurate Reviews","description":"DriveStrike: recensione soluzione di protezione dei dati e dei dispositivi, basata su cloud, che aiuta le aziende di tutte le dimensioni.","robots":{"index":"index","follow":"follow","max-snippet":"max-snippet:-1","max-image-preview":"max-image-preview:large","max-video-preview":"max-video-preview:-1"},"canonical":"https:\/\/www.accuratereviews.com\/it\/software-di-crittografia\/drivestrike-recensione\/","og_locale":"it_IT","og_type":"article","og_title":"DriveStrike: recensione software crittografia - Accurate Reviews","og_description":"DriveStrike: recensione soluzione di protezione dei dati e dei dispositivi, basata su cloud, che aiuta le aziende di tutte le dimensioni.","og_url":"https:\/\/www.accuratereviews.com\/it\/software-di-crittografia\/drivestrike-recensione\/","og_site_name":"Accurate Reviews","article_modified_time":"2022-11-10T17:22:49+00:00","og_image":[{"width":1511,"height":420,"url":"https:\/\/www.accuratereviews.com\/wp-content\/uploads\/2022\/11\/DriveStrike.webp","type":"image\/webp"}],"twitter_card":"summary_large_image","twitter_misc":{"Tempo di lettura stimato":"4 minuti"},"schema":{"@context":"https:\/\/schema.org","@graph":[{"@type":"WebPage","@id":"https:\/\/www.accuratereviews.com\/it\/software-di-crittografia\/drivestrike-recensione\/","url":"https:\/\/www.accuratereviews.com\/it\/software-di-crittografia\/drivestrike-recensione\/","name":"DriveStrike: recensione software crittografia - Accurate Reviews","isPartOf":{"@id":"https:\/\/www.accuratereviews.com\/it\/#website"},"primaryImageOfPage":{"@id":"https:\/\/www.accuratereviews.com\/it\/software-di-crittografia\/drivestrike-recensione\/#primaryimage"},"image":{"@id":"https:\/\/www.accuratereviews.com\/it\/software-di-crittografia\/drivestrike-recensione\/#primaryimage"},"thumbnailUrl":"https:\/\/www.accuratereviews.com\/wp-content\/uploads\/2022\/11\/DriveStrike.webp","datePublished":"2022-11-10T16:12:55+00:00","dateModified":"2022-11-10T17:22:49+00:00","description":"DriveStrike: recensione soluzione di protezione dei dati e dei dispositivi, basata su cloud, che aiuta le aziende di tutte le dimensioni.","breadcrumb":{"@id":"https:\/\/www.accuratereviews.com\/it\/software-di-crittografia\/drivestrike-recensione\/#breadcrumb"},"inLanguage":"it-IT","potentialAction":[{"@type":"ReadAction","target":["https:\/\/www.accuratereviews.com\/it\/software-di-crittografia\/drivestrike-recensione\/"]}]},{"@type":"ImageObject","inLanguage":"it-IT","@id":"https:\/\/www.accuratereviews.com\/it\/software-di-crittografia\/drivestrike-recensione\/#primaryimage","url":"https:\/\/www.accuratereviews.com\/wp-content\/uploads\/2022\/11\/DriveStrike.webp","contentUrl":"https:\/\/www.accuratereviews.com\/wp-content\/uploads\/2022\/11\/DriveStrike.webp","width":1511,"height":420},{"@type":"BreadcrumbList","@id":"https:\/\/www.accuratereviews.com\/it\/software-di-crittografia\/drivestrike-recensione\/#breadcrumb","itemListElement":[{"@type":"ListItem","position":1,"name":"Home","item":"https:\/\/www.accuratereviews.com\/it\/"},{"@type":"ListItem","position":2,"name":"Software di crittografia","item":"https:\/\/www.accuratereviews.com\/it\/software-di-crittografia\/"},{"@type":"ListItem","position":3,"name":"DriveStrike"}]},{"@type":"WebSite","@id":"https:\/\/www.accuratereviews.com\/it\/#website","url":"https:\/\/www.accuratereviews.com\/it\/","name":"Accurate Reviews","description":"","potentialAction":[{"@type":"SearchAction","target":{"@type":"EntryPoint","urlTemplate":"https:\/\/www.accuratereviews.com\/it\/?s={search_term_string}"},"query-input":{"@type":"PropertyValueSpecification","valueRequired":true,"valueName":"search_term_string"}}],"inLanguage":"it-IT"}]}},"_links":{"self":[{"href":"https:\/\/www.accuratereviews.com\/it\/wp-json\/wp\/v2\/pages\/63692","targetHints":{"allow":["GET"]}}],"collection":[{"href":"https:\/\/www.accuratereviews.com\/it\/wp-json\/wp\/v2\/pages"}],"about":[{"href":"https:\/\/www.accuratereviews.com\/it\/wp-json\/wp\/v2\/types\/page"}],"author":[{"embeddable":true,"href":"https:\/\/www.accuratereviews.com\/it\/wp-json\/wp\/v2\/users\/19"}],"replies":[{"embeddable":true,"href":"https:\/\/www.accuratereviews.com\/it\/wp-json\/wp\/v2\/comments?post=63692"}],"version-history":[{"count":9,"href":"https:\/\/www.accuratereviews.com\/it\/wp-json\/wp\/v2\/pages\/63692\/revisions"}],"predecessor-version":[{"id":63773,"href":"https:\/\/www.accuratereviews.com\/it\/wp-json\/wp\/v2\/pages\/63692\/revisions\/63773"}],"up":[{"embeddable":true,"href":"https:\/\/www.accuratereviews.com\/it\/wp-json\/wp\/v2\/pages\/62847"}],"wp:featuredmedia":[{"embeddable":true,"href":"https:\/\/www.accuratereviews.com\/it\/wp-json\/wp\/v2\/media\/63715"}],"wp:attachment":[{"href":"https:\/\/www.accuratereviews.com\/it\/wp-json\/wp\/v2\/media?parent=63692"}],"wp:term":[{"taxonomy":"category","embeddable":true,"href":"https:\/\/www.accuratereviews.com\/it\/wp-json\/wp\/v2\/categories?post=63692"},{"taxonomy":"post_tag","embeddable":true,"href":"https:\/\/www.accuratereviews.com\/it\/wp-json\/wp\/v2\/tags?post=63692"},{"taxonomy":"features","embeddable":true,"href":"https:\/\/www.accuratereviews.com\/it\/wp-json\/wp\/v2\/features?post=63692"}],"curies":[{"name":"wp","href":"https:\/\/api.w.org\/{rel}","templated":true}]}}