{"id":63694,"date":"2022-11-10T17:32:11","date_gmt":"2022-11-10T17:32:11","guid":{"rendered":"https:\/\/www.accuratereviews.com\/?page_id=63694"},"modified":"2022-11-10T17:32:11","modified_gmt":"2022-11-10T17:32:11","slug":"rg-system-recensione","status":"publish","type":"page","link":"https:\/\/www.accuratereviews.com\/it\/software-di-crittografia\/rg-system-recensione\/","title":{"rendered":"RG System"},"content":{"rendered":"<p><strong>RG System<\/strong> \u00e8 una <strong>soluzione di crittografia<\/strong> che offre funzionalit\u00e0 RMM, backup e ripristino dei dati e sicurezza degli endpoint agli MSP e ai professionisti IT che necessitano di uno strumento efficiente che li aiuti a gestire facilmente le infrastrutture IT e garantire la continuit\u00e0 aziendale. Offre backup dei dati sia on-premise che su <strong>cloud<\/strong> insieme al ripristino di emergenza.<br \/>\nConsente agli amministratori di monitorare intere infrastrutture IT inclusi server, workstation, router, switch, stampanti e altro da un&#8217;unica schermata dalla dashboard. Lo strumento integrato di gestione delle patch consente agli amministratori di distribuire nuove applicazioni e aggiornamenti su pi\u00f9 workstation contemporaneamente da una console centrale.<br \/>\n<strong>RG System<\/strong> offre anche app mobili per utenti di dispositivi iOS e Android per accedere alla dashboard delle attivit\u00e0 e monitorare le prestazioni del sistema direttamente dai loro smartphone o tablet.<\/p>\n<h2>RG SYSTEM &#8211; TUTORIAL<\/h2>\n<div id=\"fluid-wrapper-counter-1\" class=\"g1-fluid-wrapper \" style=\"width:686px;\">\n<div style=\"padding-bottom:56.268221574344%;\"><iframe loading=\"lazy\" title=\"RG System - Make IT Easy!\" width=\"686\" height=\"386\" src=\"https:\/\/www.youtube.com\/embed\/VYZuMobXpFI?feature=oembed&amp;wmode=transparent&amp;autohide=1&amp;autoplay=0&amp;disablekb=0&amp;fs=1&amp;loop=0&amp;enablejsapi=1&amp;rel=0&amp;controls=2&amp;showinfo=0&amp;wmode=transparent&amp;autohide=2&amp;autoplay=0&amp;disablekb=0&amp;fs=1&amp;loop=0&amp;enablejsapi=1&amp;rel=0&amp;controls=2&amp;showinfo=1\" frameborder=\"0\" allow=\"accelerometer; autoplay; clipboard-write; encrypted-media; gyroscope; picture-in-picture\" allowfullscreen><\/iframe><\/div>\n<\/div>\n<h3>RG SYSTEM &#8211; CARATTERISTICHE<\/h3>\n<ul>\n<li><strong>Backup completo e automatizzato<\/strong>: file, database SQL, Oracle, ambiente Bare Metal Recovery\u2026 con questa soluzione offri ai tuoi clienti un servizio di backup completo e automatizzato.<\/li>\n<li><strong>Fare clic su ripristina<\/strong>: essere in grado di ripristinare rapidamente i dati dei tuoi clienti \u00e8 una questione di sopravvivenza. Con RG System, \u00e8 un&#8217;azione che si esegue in un un clic.<\/li>\n<li><strong>Fatturazione<\/strong>: l&#8217;algoritmo sviluppato dal software ti permette di avere una visione completa e precisa dei consumi di ogni tuo cliente per facilitarne la fatturazione.<\/li>\n<li><strong>Proattivit\u00e0<\/strong>: permette di anticipare gli incidenti per evitare problemi futuri ai propri clienti. L&#8217;MPS deve garantire il funzionamento ottimale delle infrastrutture informatiche dei propri clienti, quindi deve essere proattivo.<\/li>\n<li><strong>Automazione dei compiti<\/strong>: l&#8217;MSP opta il pi\u00f9 possibile per l&#8217;automazione dei propri compiti, l&#8217;obiettivo \u00e8 garantire stabilit\u00e0 nella gestione delle apparecchiature informatiche dei propri clienti e guadagnare<\/li>\n<\/ul>\n<h4>LE RECENSIONI DEGLI UTENTI<\/h4>\n<p><strong>Jonathan&#8221;Buon prodotto ma deve maturare&#8221;<\/strong><br \/>\n<strong>Commenti<\/strong>: nel complesso soddisfatto del prodotto, molto soddisfatto del supporto e dell&#8217;assistenza<br \/>\n<strong>Pro<\/strong>: Supporto eccellente, prodotto facile da usare e intuitivo, dashboard chiara<br \/>\n<strong>Contro<\/strong>: mancanza di funzionalit\u00e0 rispetto ad altri programmi. Migliorare la parte di aggiornamento di applicazioni di terze parti<\/p>\n<p><strong>Fr\u00e9d\u00e9ric&#8221;Una struttura infallibile&#8230;&#8221;<\/strong><br \/>\n<strong>Commenti<\/strong>: Dal punto di vista generale della salute delle mie apparecchiature informatiche, ho una visione pi\u00f9 ampia di alcuni compiti che avrei messo da parte senza RG System<br \/>\n<strong>Pro<\/strong>: L&#8217;attuazione dei vari processi di verifica e di allerta \u00e8 molto ben sviluppata.<br \/>\n<strong>Contro<\/strong>: Non ne ho, hai tutto ci\u00f2 che ti aspetti da questo tipo di software.<\/p>\n<p><strong>Guillaume&#8221;Grandioso ! &#8220;<\/strong><br \/>\n<strong>Commenti<\/strong>: Utilizzato all&#8217;inizio per il monitoraggio di Endpoint\/Server, RG \u00e8 diventato gradualmente uno strumento essenziale per la nostra parte di Helpdesk, monitoraggio e gestione remota.<br \/>\nCon gli ultimi eventi relativi al COVID-19, RG \u00e8 stato un partner essenziale nella nostra implementazione del telelavoro per i nostri dipendenti.\u00a0Oggi RG \u00e8 parte integrante della nostra gestione IT globale<br \/>\n<strong>Pro<\/strong>: Facilit\u00e0 di gestione, utilizzo, implementazione, riduzione dei tempi di elaborazione dell&#8217;Helpdesk, anticipazione e gestione delle problematiche informatiche con alert. Gestione utenti: permette di dare accesso &#8220;telecomandato&#8221; ad utenti esterni<br \/>\n<strong>Contro<\/strong>: L&#8217;agente MAC \u00e8 &#8220;pi\u00f9 leggero&#8221; di un agente Windows<\/p>\n","protected":false},"excerpt":{"rendered":"<p>RG System \u00e8 una soluzione di crittografia che offre funzionalit\u00e0 RMM, backup e ripristino dei dati e sicurezza degli endpoint agli MSP e ai professionisti IT che necessitano di uno strumento efficiente che li aiuti a gestire facilmente le infrastrutture IT e garantire la continuit\u00e0 aziendale. Offre backup dei dati sia on-premise che su cloud insieme al ripristino di emergenza.<\/p>\n","protected":false},"author":19,"featured_media":63707,"parent":62847,"menu_order":0,"comment_status":"open","ping_status":"closed","template":"g1_template_page_review_new.php","meta":{"_acf_changed":false,"cwp_meta_box_check":"Yes","cwp_rev_product_name":"","cwp_rev_product_image":"","wppr_links":[],"cwp_rev_price":"0.00","wppr_options":[{"name":"Usability","value":"0"},{"name":"Speed","value":"0"},{"name":"Features","value":"0"},{"name":"Support","value":"0"},{"name":"Pricing","value":"0"}],"wppr_pros":["","","","",""],"wppr_cons":["","","","",""],"_monsterinsights_skip_tracking":false,"_monsterinsights_sitenote_active":false,"_monsterinsights_sitenote_note":"","_monsterinsights_sitenote_category":0,"footnotes":""},"categories":[13617],"tags":[730,13618,13614,13708,13612,13613],"features":[],"class_list":{"0":"post-63694","1":"page","2":"type-page","3":"status-publish","4":"has-post-thumbnail","6":"category-software-crittografia-cat","7":"tag-crittografia","8":"tag-piattaforma-di-crittografia","9":"tag-programma-di-crittografia","10":"tag-rg-system","11":"tag-software-di-crittografia","12":"tag-soluzione-di-crittografia"},"wppr_data":{"cwp_meta_box_check":"Yes","_wppr_review_template":"default","cwp_rev_product_image":"","cwp_image_link":"image","wppr_links":[],"cwp_rev_price":"0.00","wppr_pros":["","","","",""],"wppr_cons":["","","","",""],"wppr_rating":"0.00","wppr_options":{"1":{"name":"Usability","value":"0"},"2":{"name":"Speed","value":"0"},"3":{"name":"Features","value":"0"},"4":{"name":"Support","value":"0"},"5":{"name":"Pricing","value":"0"}},"wppr_review_type":"Product","wppr_review_custom_fields":{"additionalProperty":"","additionalType":"","aggregateRating":"","alternateName":"","audience":"","award":"","awards":"","brand":"","color":"","depth":"","description":"","disambiguatingDescription":"","gtin12":"","gtin13":"","gtin14":"","gtin8":"","height":"","identifier":"","image":"","isAccessoryOrSparePartFor":"","isConsumableFor":"","isRelatedTo":"","isSimilarTo":"","itemCondition":"","logo":"","mainEntityOfPage":"","manufacturer":"","material":"","model":"","mpn":"","name":"","offers":"","potentialAction":"","productID":"","productionDate":"","purchaseDate":"","releaseDate":"","review":"","reviews":"","sameAs":"","sku":"","slogan":"","subjectOf":"","url":"","weight":"","width":""}},"acf":[],"yoast_head":"<!-- This site is optimized with the Yoast SEO plugin v27.4 - https:\/\/yoast.com\/product\/yoast-seo-wordpress\/ -->\n<title>RG System: recensione software crittografia - Accurate Reviews<\/title>\n<meta name=\"description\" content=\"RG System: recensione soluzione di crittografia che offre funzionalit\u00e0 RMM, backup e ripristino dei dati e sicurezza degli endpoint.\" \/>\n<meta name=\"robots\" content=\"index, follow, max-snippet:-1, max-image-preview:large, max-video-preview:-1\" \/>\n<link rel=\"canonical\" href=\"https:\/\/www.accuratereviews.com\/it\/software-di-crittografia\/rg-system-recensione\/\" \/>\n<meta property=\"og:locale\" content=\"it_IT\" \/>\n<meta property=\"og:type\" content=\"article\" \/>\n<meta property=\"og:title\" content=\"RG System: recensione software crittografia - Accurate Reviews\" \/>\n<meta property=\"og:description\" content=\"RG System: recensione soluzione di crittografia che offre funzionalit\u00e0 RMM, backup e ripristino dei dati e sicurezza degli endpoint.\" \/>\n<meta property=\"og:url\" content=\"https:\/\/www.accuratereviews.com\/it\/software-di-crittografia\/rg-system-recensione\/\" \/>\n<meta property=\"og:site_name\" content=\"Accurate Reviews\" \/>\n<meta property=\"og:image\" content=\"https:\/\/www.accuratereviews.com\/wp-content\/uploads\/2022\/11\/Screenshot-2022-11-10-alle-10.55.13.png\" \/>\n\t<meta property=\"og:image:width\" content=\"672\" \/>\n\t<meta property=\"og:image:height\" content=\"330\" \/>\n\t<meta property=\"og:image:type\" content=\"image\/png\" \/>\n<meta name=\"twitter:card\" content=\"summary_large_image\" \/>\n<meta name=\"twitter:label1\" content=\"Tempo di lettura stimato\" \/>\n\t<meta name=\"twitter:data1\" content=\"3 minuti\" \/>\n<script type=\"application\/ld+json\" class=\"yoast-schema-graph\">{\"@context\":\"https:\\\/\\\/schema.org\",\"@graph\":[{\"@type\":\"WebPage\",\"@id\":\"https:\\\/\\\/www.accuratereviews.com\\\/it\\\/software-di-crittografia\\\/rg-system-recensione\\\/\",\"url\":\"https:\\\/\\\/www.accuratereviews.com\\\/it\\\/software-di-crittografia\\\/rg-system-recensione\\\/\",\"name\":\"RG System: recensione software crittografia - Accurate Reviews\",\"isPartOf\":{\"@id\":\"https:\\\/\\\/www.accuratereviews.com\\\/it\\\/#website\"},\"primaryImageOfPage\":{\"@id\":\"https:\\\/\\\/www.accuratereviews.com\\\/it\\\/software-di-crittografia\\\/rg-system-recensione\\\/#primaryimage\"},\"image\":{\"@id\":\"https:\\\/\\\/www.accuratereviews.com\\\/it\\\/software-di-crittografia\\\/rg-system-recensione\\\/#primaryimage\"},\"thumbnailUrl\":\"https:\\\/\\\/www.accuratereviews.com\\\/wp-content\\\/uploads\\\/2022\\\/11\\\/Screenshot-2022-11-10-alle-10.55.13.png\",\"datePublished\":\"2022-11-10T17:32:11+00:00\",\"description\":\"RG System: recensione soluzione di crittografia che offre funzionalit\u00e0 RMM, backup e ripristino dei dati e sicurezza degli endpoint.\",\"breadcrumb\":{\"@id\":\"https:\\\/\\\/www.accuratereviews.com\\\/it\\\/software-di-crittografia\\\/rg-system-recensione\\\/#breadcrumb\"},\"inLanguage\":\"it-IT\",\"potentialAction\":[{\"@type\":\"ReadAction\",\"target\":[\"https:\\\/\\\/www.accuratereviews.com\\\/it\\\/software-di-crittografia\\\/rg-system-recensione\\\/\"]}]},{\"@type\":\"ImageObject\",\"inLanguage\":\"it-IT\",\"@id\":\"https:\\\/\\\/www.accuratereviews.com\\\/it\\\/software-di-crittografia\\\/rg-system-recensione\\\/#primaryimage\",\"url\":\"https:\\\/\\\/www.accuratereviews.com\\\/wp-content\\\/uploads\\\/2022\\\/11\\\/Screenshot-2022-11-10-alle-10.55.13.png\",\"contentUrl\":\"https:\\\/\\\/www.accuratereviews.com\\\/wp-content\\\/uploads\\\/2022\\\/11\\\/Screenshot-2022-11-10-alle-10.55.13.png\",\"width\":672,\"height\":330},{\"@type\":\"BreadcrumbList\",\"@id\":\"https:\\\/\\\/www.accuratereviews.com\\\/it\\\/software-di-crittografia\\\/rg-system-recensione\\\/#breadcrumb\",\"itemListElement\":[{\"@type\":\"ListItem\",\"position\":1,\"name\":\"Home\",\"item\":\"https:\\\/\\\/www.accuratereviews.com\\\/it\\\/\"},{\"@type\":\"ListItem\",\"position\":2,\"name\":\"Software di crittografia\",\"item\":\"https:\\\/\\\/www.accuratereviews.com\\\/it\\\/software-di-crittografia\\\/\"},{\"@type\":\"ListItem\",\"position\":3,\"name\":\"RG System\"}]},{\"@type\":\"WebSite\",\"@id\":\"https:\\\/\\\/www.accuratereviews.com\\\/it\\\/#website\",\"url\":\"https:\\\/\\\/www.accuratereviews.com\\\/it\\\/\",\"name\":\"Accurate Reviews\",\"description\":\"\",\"potentialAction\":[{\"@type\":\"SearchAction\",\"target\":{\"@type\":\"EntryPoint\",\"urlTemplate\":\"https:\\\/\\\/www.accuratereviews.com\\\/it\\\/?s={search_term_string}\"},\"query-input\":{\"@type\":\"PropertyValueSpecification\",\"valueRequired\":true,\"valueName\":\"search_term_string\"}}],\"inLanguage\":\"it-IT\"}]}<\/script>\n<!-- \/ Yoast SEO plugin. -->","yoast_head_json":{"title":"RG System: recensione software crittografia - Accurate Reviews","description":"RG System: recensione soluzione di crittografia che offre funzionalit\u00e0 RMM, backup e ripristino dei dati e sicurezza degli endpoint.","robots":{"index":"index","follow":"follow","max-snippet":"max-snippet:-1","max-image-preview":"max-image-preview:large","max-video-preview":"max-video-preview:-1"},"canonical":"https:\/\/www.accuratereviews.com\/it\/software-di-crittografia\/rg-system-recensione\/","og_locale":"it_IT","og_type":"article","og_title":"RG System: recensione software crittografia - Accurate Reviews","og_description":"RG System: recensione soluzione di crittografia che offre funzionalit\u00e0 RMM, backup e ripristino dei dati e sicurezza degli endpoint.","og_url":"https:\/\/www.accuratereviews.com\/it\/software-di-crittografia\/rg-system-recensione\/","og_site_name":"Accurate Reviews","og_image":[{"width":672,"height":330,"url":"https:\/\/www.accuratereviews.com\/wp-content\/uploads\/2022\/11\/Screenshot-2022-11-10-alle-10.55.13.png","type":"image\/png"}],"twitter_card":"summary_large_image","twitter_misc":{"Tempo di lettura stimato":"3 minuti"},"schema":{"@context":"https:\/\/schema.org","@graph":[{"@type":"WebPage","@id":"https:\/\/www.accuratereviews.com\/it\/software-di-crittografia\/rg-system-recensione\/","url":"https:\/\/www.accuratereviews.com\/it\/software-di-crittografia\/rg-system-recensione\/","name":"RG System: recensione software crittografia - Accurate Reviews","isPartOf":{"@id":"https:\/\/www.accuratereviews.com\/it\/#website"},"primaryImageOfPage":{"@id":"https:\/\/www.accuratereviews.com\/it\/software-di-crittografia\/rg-system-recensione\/#primaryimage"},"image":{"@id":"https:\/\/www.accuratereviews.com\/it\/software-di-crittografia\/rg-system-recensione\/#primaryimage"},"thumbnailUrl":"https:\/\/www.accuratereviews.com\/wp-content\/uploads\/2022\/11\/Screenshot-2022-11-10-alle-10.55.13.png","datePublished":"2022-11-10T17:32:11+00:00","description":"RG System: recensione soluzione di crittografia che offre funzionalit\u00e0 RMM, backup e ripristino dei dati e sicurezza degli endpoint.","breadcrumb":{"@id":"https:\/\/www.accuratereviews.com\/it\/software-di-crittografia\/rg-system-recensione\/#breadcrumb"},"inLanguage":"it-IT","potentialAction":[{"@type":"ReadAction","target":["https:\/\/www.accuratereviews.com\/it\/software-di-crittografia\/rg-system-recensione\/"]}]},{"@type":"ImageObject","inLanguage":"it-IT","@id":"https:\/\/www.accuratereviews.com\/it\/software-di-crittografia\/rg-system-recensione\/#primaryimage","url":"https:\/\/www.accuratereviews.com\/wp-content\/uploads\/2022\/11\/Screenshot-2022-11-10-alle-10.55.13.png","contentUrl":"https:\/\/www.accuratereviews.com\/wp-content\/uploads\/2022\/11\/Screenshot-2022-11-10-alle-10.55.13.png","width":672,"height":330},{"@type":"BreadcrumbList","@id":"https:\/\/www.accuratereviews.com\/it\/software-di-crittografia\/rg-system-recensione\/#breadcrumb","itemListElement":[{"@type":"ListItem","position":1,"name":"Home","item":"https:\/\/www.accuratereviews.com\/it\/"},{"@type":"ListItem","position":2,"name":"Software di crittografia","item":"https:\/\/www.accuratereviews.com\/it\/software-di-crittografia\/"},{"@type":"ListItem","position":3,"name":"RG System"}]},{"@type":"WebSite","@id":"https:\/\/www.accuratereviews.com\/it\/#website","url":"https:\/\/www.accuratereviews.com\/it\/","name":"Accurate Reviews","description":"","potentialAction":[{"@type":"SearchAction","target":{"@type":"EntryPoint","urlTemplate":"https:\/\/www.accuratereviews.com\/it\/?s={search_term_string}"},"query-input":{"@type":"PropertyValueSpecification","valueRequired":true,"valueName":"search_term_string"}}],"inLanguage":"it-IT"}]}},"_links":{"self":[{"href":"https:\/\/www.accuratereviews.com\/it\/wp-json\/wp\/v2\/pages\/63694","targetHints":{"allow":["GET"]}}],"collection":[{"href":"https:\/\/www.accuratereviews.com\/it\/wp-json\/wp\/v2\/pages"}],"about":[{"href":"https:\/\/www.accuratereviews.com\/it\/wp-json\/wp\/v2\/types\/page"}],"author":[{"embeddable":true,"href":"https:\/\/www.accuratereviews.com\/it\/wp-json\/wp\/v2\/users\/19"}],"replies":[{"embeddable":true,"href":"https:\/\/www.accuratereviews.com\/it\/wp-json\/wp\/v2\/comments?post=63694"}],"version-history":[{"count":9,"href":"https:\/\/www.accuratereviews.com\/it\/wp-json\/wp\/v2\/pages\/63694\/revisions"}],"predecessor-version":[{"id":63775,"href":"https:\/\/www.accuratereviews.com\/it\/wp-json\/wp\/v2\/pages\/63694\/revisions\/63775"}],"up":[{"embeddable":true,"href":"https:\/\/www.accuratereviews.com\/it\/wp-json\/wp\/v2\/pages\/62847"}],"wp:featuredmedia":[{"embeddable":true,"href":"https:\/\/www.accuratereviews.com\/it\/wp-json\/wp\/v2\/media\/63707"}],"wp:attachment":[{"href":"https:\/\/www.accuratereviews.com\/it\/wp-json\/wp\/v2\/media?parent=63694"}],"wp:term":[{"taxonomy":"category","embeddable":true,"href":"https:\/\/www.accuratereviews.com\/it\/wp-json\/wp\/v2\/categories?post=63694"},{"taxonomy":"post_tag","embeddable":true,"href":"https:\/\/www.accuratereviews.com\/it\/wp-json\/wp\/v2\/tags?post=63694"},{"taxonomy":"features","embeddable":true,"href":"https:\/\/www.accuratereviews.com\/it\/wp-json\/wp\/v2\/features?post=63694"}],"curies":[{"name":"wp","href":"https:\/\/api.w.org\/{rel}","templated":true}]}}