{"id":63896,"date":"2022-11-14T16:21:31","date_gmt":"2022-11-14T16:21:31","guid":{"rendered":"https:\/\/www.accuratereviews.com\/?page_id=63896"},"modified":"2022-11-15T09:38:14","modified_gmt":"2022-11-15T09:38:14","slug":"cisco-anyconnect-recensione","status":"publish","type":"page","link":"https:\/\/www.accuratereviews.com\/it\/software-vpn\/cisco-anyconnect-recensione\/","title":{"rendered":"Cisco AnyConnect"},"content":{"rendered":"<p><strong>Cisco AnyConnect<\/strong> \u00e8 un <strong>software di rete privata virtuale (VPN)<\/strong> progettato per fornire alla forza lavoro remota un accesso sicuro alla rete a livello aziendale su pi\u00f9 posizioni e dispositivi. Gli amministratori possono utilizzare la piattaforma per identificare i dettagli sull&#8217;utilizzo della rete ed eseguire automaticamente valutazioni degli endpoint per garantire la <strong>sicurezza dei dati<\/strong>. Consente di proteggere l&#8217;accesso VPN, verificare i dispositivi degli utenti tramite l&#8217;autenticazione a pi\u00f9 fattori e bloccare le minacce tra gli endpoint.<br \/>\nI team IT possono ottenere visibilit\u00e0 sui punti ciechi e sulle vulnerabilit\u00e0 della rete, generare report utilizzabili e rispondere ad attacchi di malware e comportamenti rischiosi degli utenti.\u00a0La piattaforma pu\u00f2 essere configurata per garantire una connessione di rete stabile durante i protocolli in corso per standby e modifiche dell&#8217;indirizzo IP.<\/p>\n<h2>CISCO ANYCONNECT &#8211; TUTORIAL<\/h2>\n<p>Vediamo come istallare questa <strong>VPN<\/strong> con Windows 10:<\/p>\n<div id=\"fluid-wrapper-counter-1\" class=\"g1-fluid-wrapper \" style=\"width:686px;\">\n<div style=\"padding-bottom:56.268221574344%;\"><iframe loading=\"lazy\" title=\"How To download  Install  &amp; Connect Cisco AnyConnect VPN Client on a Windows 10!\" width=\"686\" height=\"386\" src=\"https:\/\/www.youtube.com\/embed\/oaYFT8hBn1k?feature=oembed&amp;wmode=transparent&amp;autohide=1&amp;autoplay=0&amp;disablekb=0&amp;fs=1&amp;loop=0&amp;enablejsapi=1&amp;rel=0&amp;controls=2&amp;showinfo=0&amp;wmode=transparent&amp;autohide=2&amp;autoplay=0&amp;disablekb=0&amp;fs=1&amp;loop=0&amp;enablejsapi=1&amp;rel=0&amp;controls=2&amp;showinfo=1\" frameborder=\"0\" allow=\"accelerometer; autoplay; clipboard-write; encrypted-media; gyroscope; picture-in-picture\" allowfullscreen><\/iframe><\/div>\n<\/div>\n<h3>CISCO ANYCONNECT &#8211; CARATTERISTICHE<\/h3>\n<ul>\n<li><strong>Efficienza<\/strong>:\u00a0numerosi servizi in aggiunta alle funzionalit\u00e0 VPN tradizionali che consentono un accesso sicuro completo per i lavoratori a distanza.<\/li>\n<li><strong>Visibilit\u00e0<\/strong>: ottieni visibilit\u00e0 e controllo nella tua azienda per definire gli utenti e i dispositivi che accedono alla rete aziendale.<\/li>\n<li><strong>Automazione<\/strong>: automatizza i controlli continui e la correzione della posizione degli endpoint e la correzione dello stato di conformit\u00e0 e rafforzare la sicurezza.<\/li>\n<li><strong>Verifica degli utenti autorizzati<\/strong>: proteggi l&#8217;accesso alla VPN e ottieni visibilit\u00e0 sui dispositivi abilitando l&#8217;accesso a pi\u00f9 fattori per la verifica degli utenti.<\/li>\n<li><strong>Prevenzione delle minacce nel punto di ingresso<\/strong>: monitora tutti gli endpoint per bloccare rapidamente gli attacchi prima che ti colpiscano.<\/li>\n<li><strong>Protezione degli utenti anche quando non sono collegati alla VPN<\/strong>: proteggi gli utenti in pochi minuti quando e dove servono con il sistema di sicurezza flessibile basato su cloud.<\/li>\n<li><strong>Ottimizzazione della sicurezza con visibilit\u00e0 e analisi dei dati<\/strong>: identifica i punti ciechi e genera report dettagliati per scoprire dove la rete \u00e8 pi\u00f9 vulnerabile.<\/li>\n<li><strong>Ottieni visibilit\u00e0 sul traffico dei dispositivi iOS<\/strong>: ottimizza la visibilit\u00e0 sul traffico di rete dei dispositivi iOS e blocca le connessioni a siti malevoli.<\/li>\n<\/ul>\n<h4>LE RECENSIONI DEGLI UTENTI<\/h4>\n<p><strong>Leonardo&#8221;Ottimo VPN aziendale&#8221;<\/strong><br \/>\n<strong>Pro<\/strong>: Rapido e sicuro, il sistema di doppia chiave funziona molto bene<br \/>\n<strong>Contro<\/strong>: Non ho mai riscontrato grossi problemi o pecche nel software<\/p>\n<p><strong>Elif \u015fevval&#8221;grande sicurezza VPN&#8221;<\/strong><br \/>\n<strong>Commenti<\/strong>: lo adoro in generale<br \/>\n<strong>Pro<\/strong>: L&#8217;ho usato per la funzione vpn e posso dire di essere soddisfatto perch\u00e9 funziona in modo pi\u00f9 stabile e veloce rispetto ai vpn equivalenti sul mercato, puoi navigare con vpn senza rallentare la velocit\u00e0 di internet..<br \/>\n<strong>Contro<\/strong>: dato che utilizzo la funzione VPN, non voglio commentare troppo, ma posso dire che trovo la qualit\u00e0 complessiva estremamente efficace. Penso che non abbia una cattiva funzionalit\u00e0 o utilizzo, \u00e8 abbastanza piacevole e offre una sensazione di qualit\u00e0.<\/p>\n<p><strong>Guy&#8221;Ottimo software VPN. Molto consigliato&#8221;<\/strong><br \/>\n<strong>Pro<\/strong>: Questo software fornisce una connessione stabile e sicura<br \/>\n<strong>Contro<\/strong>: Cisco dovrebbe fornire la possibilit\u00e0 di riconnettersi prima che il tempo di connessione sia scaduto, per evitare disconnessioni ai server remoti.<\/p>\n","protected":false},"excerpt":{"rendered":"<p>Cisco AnyConnect \u00e8 un software di rete privata virtuale (VPN) progettato per fornire alla forza lavoro remota un accesso sicuro alla rete a livello aziendale su pi\u00f9 posizioni e dispositivi. Gli amministratori possono utilizzare la piattaforma per identificare i dettagli sull&#8217;utilizzo della rete ed eseguire automaticamente valutazioni degli endpoint per garantire la sicurezza dei dati.<\/p>\n","protected":false},"author":19,"featured_media":63897,"parent":63881,"menu_order":0,"comment_status":"open","ping_status":"closed","template":"g1_template_page_review_new.php","meta":{"_acf_changed":false,"cwp_meta_box_check":"No","cwp_rev_product_name":"","cwp_rev_product_image":"","wppr_links":[],"cwp_rev_price":"","wppr_options":[],"wppr_pros":[],"wppr_cons":[],"_monsterinsights_skip_tracking":false,"_monsterinsights_sitenote_active":false,"_monsterinsights_sitenote_note":"","_monsterinsights_sitenote_category":0,"footnotes":""},"categories":[13730],"tags":[13738,13735,13734,13742,13732,13733,13739,13681],"features":[],"class_list":{"0":"post-63896","1":"page","2":"type-page","3":"status-publish","4":"has-post-thumbnail","6":"category-software-vpn-cat","7":"tag-cisco-anyconnect","8":"tag-piattaforma-vpn","9":"tag-programma-vpn","10":"tag-rete-virtuale-privata","11":"tag-software-vpn","12":"tag-soluzione-vpn","13":"tag-virtual-private-network","14":"tag-vpn"},"wppr_data":{"cwp_meta_box_check":"No"},"acf":[],"yoast_head":"<!-- This site is optimized with the Yoast SEO plugin v27.4 - https:\/\/yoast.com\/product\/yoast-seo-wordpress\/ -->\n<title>Cisco AnyConnect: recensione software VPN - Accurate Reviews<\/title>\n<meta name=\"description\" content=\"Cisco AnyConnect: recensione software rete privata virtuale (VPN) progettato per fornire alla forza lavoro remota un accesso sicuro alla rete\" \/>\n<meta name=\"robots\" content=\"index, follow, max-snippet:-1, max-image-preview:large, max-video-preview:-1\" \/>\n<link rel=\"canonical\" href=\"https:\/\/www.accuratereviews.com\/it\/software-vpn\/cisco-anyconnect-recensione\/\" \/>\n<meta property=\"og:locale\" content=\"it_IT\" \/>\n<meta property=\"og:type\" content=\"article\" \/>\n<meta property=\"og:title\" content=\"Cisco AnyConnect: recensione software VPN - Accurate Reviews\" \/>\n<meta property=\"og:description\" content=\"Cisco AnyConnect: recensione software rete privata virtuale (VPN) progettato per fornire alla forza lavoro remota un accesso sicuro alla rete\" \/>\n<meta property=\"og:url\" content=\"https:\/\/www.accuratereviews.com\/it\/software-vpn\/cisco-anyconnect-recensione\/\" \/>\n<meta property=\"og:site_name\" content=\"Accurate Reviews\" \/>\n<meta property=\"article:modified_time\" content=\"2022-11-15T09:38:14+00:00\" \/>\n<meta property=\"og:image\" content=\"https:\/\/www.accuratereviews.com\/wp-content\/uploads\/2022\/11\/anyconnect.png\" \/>\n\t<meta property=\"og:image:width\" content=\"821\" \/>\n\t<meta property=\"og:image:height\" content=\"329\" \/>\n\t<meta property=\"og:image:type\" content=\"image\/png\" \/>\n<meta name=\"twitter:card\" content=\"summary_large_image\" \/>\n<meta name=\"twitter:label1\" content=\"Tempo di lettura stimato\" \/>\n\t<meta name=\"twitter:data1\" content=\"3 minuti\" \/>\n<script type=\"application\/ld+json\" class=\"yoast-schema-graph\">{\"@context\":\"https:\\\/\\\/schema.org\",\"@graph\":[{\"@type\":\"WebPage\",\"@id\":\"https:\\\/\\\/www.accuratereviews.com\\\/it\\\/software-vpn\\\/cisco-anyconnect-recensione\\\/\",\"url\":\"https:\\\/\\\/www.accuratereviews.com\\\/it\\\/software-vpn\\\/cisco-anyconnect-recensione\\\/\",\"name\":\"Cisco AnyConnect: recensione software VPN - Accurate Reviews\",\"isPartOf\":{\"@id\":\"https:\\\/\\\/www.accuratereviews.com\\\/it\\\/#website\"},\"primaryImageOfPage\":{\"@id\":\"https:\\\/\\\/www.accuratereviews.com\\\/it\\\/software-vpn\\\/cisco-anyconnect-recensione\\\/#primaryimage\"},\"image\":{\"@id\":\"https:\\\/\\\/www.accuratereviews.com\\\/it\\\/software-vpn\\\/cisco-anyconnect-recensione\\\/#primaryimage\"},\"thumbnailUrl\":\"https:\\\/\\\/www.accuratereviews.com\\\/wp-content\\\/uploads\\\/2022\\\/11\\\/anyconnect.png\",\"datePublished\":\"2022-11-14T16:21:31+00:00\",\"dateModified\":\"2022-11-15T09:38:14+00:00\",\"description\":\"Cisco AnyConnect: recensione software rete privata virtuale (VPN) progettato per fornire alla forza lavoro remota un accesso sicuro alla rete\",\"breadcrumb\":{\"@id\":\"https:\\\/\\\/www.accuratereviews.com\\\/it\\\/software-vpn\\\/cisco-anyconnect-recensione\\\/#breadcrumb\"},\"inLanguage\":\"it-IT\",\"potentialAction\":[{\"@type\":\"ReadAction\",\"target\":[\"https:\\\/\\\/www.accuratereviews.com\\\/it\\\/software-vpn\\\/cisco-anyconnect-recensione\\\/\"]}]},{\"@type\":\"ImageObject\",\"inLanguage\":\"it-IT\",\"@id\":\"https:\\\/\\\/www.accuratereviews.com\\\/it\\\/software-vpn\\\/cisco-anyconnect-recensione\\\/#primaryimage\",\"url\":\"https:\\\/\\\/www.accuratereviews.com\\\/wp-content\\\/uploads\\\/2022\\\/11\\\/anyconnect.png\",\"contentUrl\":\"https:\\\/\\\/www.accuratereviews.com\\\/wp-content\\\/uploads\\\/2022\\\/11\\\/anyconnect.png\",\"width\":821,\"height\":329},{\"@type\":\"BreadcrumbList\",\"@id\":\"https:\\\/\\\/www.accuratereviews.com\\\/it\\\/software-vpn\\\/cisco-anyconnect-recensione\\\/#breadcrumb\",\"itemListElement\":[{\"@type\":\"ListItem\",\"position\":1,\"name\":\"Home\",\"item\":\"https:\\\/\\\/www.accuratereviews.com\\\/it\\\/\"},{\"@type\":\"ListItem\",\"position\":2,\"name\":\"Software VPN\",\"item\":\"https:\\\/\\\/www.accuratereviews.com\\\/it\\\/software-vpn\\\/\"},{\"@type\":\"ListItem\",\"position\":3,\"name\":\"Cisco AnyConnect\"}]},{\"@type\":\"WebSite\",\"@id\":\"https:\\\/\\\/www.accuratereviews.com\\\/it\\\/#website\",\"url\":\"https:\\\/\\\/www.accuratereviews.com\\\/it\\\/\",\"name\":\"Accurate Reviews\",\"description\":\"\",\"potentialAction\":[{\"@type\":\"SearchAction\",\"target\":{\"@type\":\"EntryPoint\",\"urlTemplate\":\"https:\\\/\\\/www.accuratereviews.com\\\/it\\\/?s={search_term_string}\"},\"query-input\":{\"@type\":\"PropertyValueSpecification\",\"valueRequired\":true,\"valueName\":\"search_term_string\"}}],\"inLanguage\":\"it-IT\"}]}<\/script>\n<!-- \/ Yoast SEO plugin. -->","yoast_head_json":{"title":"Cisco AnyConnect: recensione software VPN - Accurate Reviews","description":"Cisco AnyConnect: recensione software rete privata virtuale (VPN) progettato per fornire alla forza lavoro remota un accesso sicuro alla rete","robots":{"index":"index","follow":"follow","max-snippet":"max-snippet:-1","max-image-preview":"max-image-preview:large","max-video-preview":"max-video-preview:-1"},"canonical":"https:\/\/www.accuratereviews.com\/it\/software-vpn\/cisco-anyconnect-recensione\/","og_locale":"it_IT","og_type":"article","og_title":"Cisco AnyConnect: recensione software VPN - Accurate Reviews","og_description":"Cisco AnyConnect: recensione software rete privata virtuale (VPN) progettato per fornire alla forza lavoro remota un accesso sicuro alla rete","og_url":"https:\/\/www.accuratereviews.com\/it\/software-vpn\/cisco-anyconnect-recensione\/","og_site_name":"Accurate Reviews","article_modified_time":"2022-11-15T09:38:14+00:00","og_image":[{"width":821,"height":329,"url":"https:\/\/www.accuratereviews.com\/wp-content\/uploads\/2022\/11\/anyconnect.png","type":"image\/png"}],"twitter_card":"summary_large_image","twitter_misc":{"Tempo di lettura stimato":"3 minuti"},"schema":{"@context":"https:\/\/schema.org","@graph":[{"@type":"WebPage","@id":"https:\/\/www.accuratereviews.com\/it\/software-vpn\/cisco-anyconnect-recensione\/","url":"https:\/\/www.accuratereviews.com\/it\/software-vpn\/cisco-anyconnect-recensione\/","name":"Cisco AnyConnect: recensione software VPN - Accurate Reviews","isPartOf":{"@id":"https:\/\/www.accuratereviews.com\/it\/#website"},"primaryImageOfPage":{"@id":"https:\/\/www.accuratereviews.com\/it\/software-vpn\/cisco-anyconnect-recensione\/#primaryimage"},"image":{"@id":"https:\/\/www.accuratereviews.com\/it\/software-vpn\/cisco-anyconnect-recensione\/#primaryimage"},"thumbnailUrl":"https:\/\/www.accuratereviews.com\/wp-content\/uploads\/2022\/11\/anyconnect.png","datePublished":"2022-11-14T16:21:31+00:00","dateModified":"2022-11-15T09:38:14+00:00","description":"Cisco AnyConnect: recensione software rete privata virtuale (VPN) progettato per fornire alla forza lavoro remota un accesso sicuro alla rete","breadcrumb":{"@id":"https:\/\/www.accuratereviews.com\/it\/software-vpn\/cisco-anyconnect-recensione\/#breadcrumb"},"inLanguage":"it-IT","potentialAction":[{"@type":"ReadAction","target":["https:\/\/www.accuratereviews.com\/it\/software-vpn\/cisco-anyconnect-recensione\/"]}]},{"@type":"ImageObject","inLanguage":"it-IT","@id":"https:\/\/www.accuratereviews.com\/it\/software-vpn\/cisco-anyconnect-recensione\/#primaryimage","url":"https:\/\/www.accuratereviews.com\/wp-content\/uploads\/2022\/11\/anyconnect.png","contentUrl":"https:\/\/www.accuratereviews.com\/wp-content\/uploads\/2022\/11\/anyconnect.png","width":821,"height":329},{"@type":"BreadcrumbList","@id":"https:\/\/www.accuratereviews.com\/it\/software-vpn\/cisco-anyconnect-recensione\/#breadcrumb","itemListElement":[{"@type":"ListItem","position":1,"name":"Home","item":"https:\/\/www.accuratereviews.com\/it\/"},{"@type":"ListItem","position":2,"name":"Software VPN","item":"https:\/\/www.accuratereviews.com\/it\/software-vpn\/"},{"@type":"ListItem","position":3,"name":"Cisco AnyConnect"}]},{"@type":"WebSite","@id":"https:\/\/www.accuratereviews.com\/it\/#website","url":"https:\/\/www.accuratereviews.com\/it\/","name":"Accurate Reviews","description":"","potentialAction":[{"@type":"SearchAction","target":{"@type":"EntryPoint","urlTemplate":"https:\/\/www.accuratereviews.com\/it\/?s={search_term_string}"},"query-input":{"@type":"PropertyValueSpecification","valueRequired":true,"valueName":"search_term_string"}}],"inLanguage":"it-IT"}]}},"_links":{"self":[{"href":"https:\/\/www.accuratereviews.com\/it\/wp-json\/wp\/v2\/pages\/63896","targetHints":{"allow":["GET"]}}],"collection":[{"href":"https:\/\/www.accuratereviews.com\/it\/wp-json\/wp\/v2\/pages"}],"about":[{"href":"https:\/\/www.accuratereviews.com\/it\/wp-json\/wp\/v2\/types\/page"}],"author":[{"embeddable":true,"href":"https:\/\/www.accuratereviews.com\/it\/wp-json\/wp\/v2\/users\/19"}],"replies":[{"embeddable":true,"href":"https:\/\/www.accuratereviews.com\/it\/wp-json\/wp\/v2\/comments?post=63896"}],"version-history":[{"count":11,"href":"https:\/\/www.accuratereviews.com\/it\/wp-json\/wp\/v2\/pages\/63896\/revisions"}],"predecessor-version":[{"id":63933,"href":"https:\/\/www.accuratereviews.com\/it\/wp-json\/wp\/v2\/pages\/63896\/revisions\/63933"}],"up":[{"embeddable":true,"href":"https:\/\/www.accuratereviews.com\/it\/wp-json\/wp\/v2\/pages\/63881"}],"wp:featuredmedia":[{"embeddable":true,"href":"https:\/\/www.accuratereviews.com\/it\/wp-json\/wp\/v2\/media\/63897"}],"wp:attachment":[{"href":"https:\/\/www.accuratereviews.com\/it\/wp-json\/wp\/v2\/media?parent=63896"}],"wp:term":[{"taxonomy":"category","embeddable":true,"href":"https:\/\/www.accuratereviews.com\/it\/wp-json\/wp\/v2\/categories?post=63896"},{"taxonomy":"post_tag","embeddable":true,"href":"https:\/\/www.accuratereviews.com\/it\/wp-json\/wp\/v2\/tags?post=63896"},{"taxonomy":"features","embeddable":true,"href":"https:\/\/www.accuratereviews.com\/it\/wp-json\/wp\/v2\/features?post=63896"}],"curies":[{"name":"wp","href":"https:\/\/api.w.org\/{rel}","templated":true}]}}