{"id":63903,"date":"2022-11-14T16:15:21","date_gmt":"2022-11-14T16:15:21","guid":{"rendered":"https:\/\/www.accuratereviews.com\/?page_id=63903"},"modified":"2022-11-15T09:37:30","modified_gmt":"2022-11-15T09:37:30","slug":"expressvpn-recensione","status":"publish","type":"page","link":"https:\/\/www.accuratereviews.com\/it\/software-vpn\/expressvpn-recensione\/","title":{"rendered":"ExpressVPN"},"content":{"rendered":"<p><strong>ExpressVPN<\/strong> \u00e8 un <strong>software di rete privata virtuale<\/strong> che aiuta le piccole imprese e i privati ad accedere a siti web, video e applicazioni censurati o bloccati tramite un server crittografato AES-256. La funzionalit\u00e0 di split tunneling VPN consente agli utenti di instradare il traffico del dispositivo limitato e specifico tramite VPN.\u00a0La funzionalit\u00e0 di protezione nasconde i dati sul traffico, le query DNS, l&#8217;attivit\u00e0 di navigazione e altri registri di connessione, consentendo agli utenti di mantenere l&#8217;anonimato. Inoltre permette agli addetti ai servizi IT di condurre test di velocit\u00e0 per identificare e scegliere le posizioni dei server pi\u00f9 veloci. Il modulo di mascheramento dell&#8217;indirizzo IP offre alle persone la possibilit\u00e0 di modificare l&#8217;indirizzo IP su pi\u00f9 dispositivi, inclusi PC, dispositivi mobili, router, console di gioco e smart TV.<br \/>\nLe aziende possono configurare la piattaforma in pi\u00f9 lingue, tra cui: inglese, spagnolo, francese, tedesco, italiano, coreano e altre.<\/p>\n<h2>EXPRESSVPN &#8211; TUTORIAL<\/h2>\n<div id=\"fluid-wrapper-counter-1\" class=\"g1-fluid-wrapper \" style=\"width:686px;\">\n<div style=\"padding-bottom:56.268221574344%;\"><iframe loading=\"lazy\" title=\"How to Use ExpressVPN in 2022 - The Only ExpressVPN Tutorial You&#039;ll Need! [Updated]\" width=\"686\" height=\"386\" src=\"https:\/\/www.youtube.com\/embed\/PyEGT1oMfFI?feature=oembed&amp;wmode=transparent&amp;autohide=1&amp;autoplay=0&amp;disablekb=0&amp;fs=1&amp;loop=0&amp;enablejsapi=1&amp;rel=0&amp;controls=2&amp;showinfo=0&amp;wmode=transparent&amp;autohide=2&amp;autoplay=0&amp;disablekb=0&amp;fs=1&amp;loop=0&amp;enablejsapi=1&amp;rel=0&amp;controls=2&amp;showinfo=1\" frameborder=\"0\" allow=\"accelerometer; autoplay; clipboard-write; encrypted-media; gyroscope; picture-in-picture\" allowfullscreen><\/iframe><\/div>\n<\/div>\n<h3>EXPRESSVPN &#8211; CARATTERISTICHE<\/h3>\n<ul>\n<li><strong>Cambia la tua posizione<\/strong>: utilizzando una VPN si cambia il proprio indirizzo IP, un numero univoco che identifica te e la tua posizione nel mondo. Con un nuovo indirizzo IP, \u00e8 possibile navigare in internet come se ci si trovasse nel Regno Unito, in Germania, Canada, Giappone o, in qualsiasi altro paese.<\/li>\n<li><strong>Proteggi la tua privacy<\/strong>: cambiando il tuo indirizzo IP puoi proteggere la tua identit\u00e0 su siti web, app e servizi che vogliono tracciare i tuoi movimenti. Le buone VPN come questa soluzione prevengono che il tuo gestore internet, di telefonia mobile o chiunque altro, intercetti la tua attivit\u00e0, grazie ad una cifratura potente.<\/li>\n<li><strong>Aumenta la tua sicurezza<\/strong>: l&#8217;uso della VPN ti protegge dalle diverse forme di hacking, tra cui lo sniffing dei pacchetti, le reti wi-fi malevoli e gli attacchi man-in-the-middle. Chi viaggia, lavora da remoto e chi si sposta continuamente, usa una rete privata virtuale ogni volta che si trova su una rete non affidabile come una Wi-Fi pubblica gratuita.<\/li>\n<li><strong>Sblocca i siti web<\/strong>:\u00a0Se ti trovi in un luogo del mondo che limita l&#8217;accesso a siti e servizi come Google, Wikipedia, YouTube o altri, utilizzando una VPN potrai accedere nuovamente a internet in piena libert\u00e0. \u00c8 anche possibile utilizzare una VPN per oltrepassare i firewall delle reti scolastiche o in ufficio.<\/li>\n<li><strong>Crittografia<\/strong>: i\u00a0dati all&#8217;interno del tunnel vengono crittografati in modo tale che solo il destinatario possa decrittografarli. Ci\u00f2 rende il contenuto del tuo traffico internet completamente nascosto, anche al tuo provider di servizi internet.<\/li>\n<\/ul>\n<h4>LE RECENSIONE DEGLI UTENTI<\/h4>\n<p><strong>Farzana&#8221;Strumento VPN definitivo.&#8221;<\/strong><br \/>\n<strong>Commenti<\/strong>: Devo condurre molte ricerche sul web per il mio lavoro. Questo strumento rende le cose molto pi\u00f9 semplici concedendomi l&#8217;accesso a siti web bloccati e assicurandomi di poter sempre svolgere il mio compito in completa privacy.<br \/>\n<strong>Pro<\/strong>: La velocit\u00e0 \u00e8 il fattore significativo. Questo non mi rallenta come facevano i miei precedenti prodotti VPN. La parte migliore \u00e8 che ha un numero enorme di server distribuiti in molte localit\u00e0 diverse, garantendo che io possa operare in modo indipendente.<br \/>\n<strong>Contro<\/strong>: Il costo \u00e8 stato l&#8217;unico problema che ho avuto. Un po&#8217; pi\u00f9 basso lo renderebbe molto pi\u00f9 attraente.<\/p>\n<p><strong>Simon&#8221;Solida opzione VPN&#8221;<\/strong><br \/>\n<strong>Commenti<\/strong>: Avendo utilizzato una serie di opzioni VPN in passato, stavo cercando una nuova opzione e mi sono imbattuto in alcuni consigli per ExpressVPN. Ho provato il prodotto mentre ero in viaggio e l&#8217;ho trovato molto semplice da usare e configurare. Ha anche opzioni per utenti poco frequenti che ti consentono di mantenere un account ma pagare solo per i mesi in cui hai bisogno del servizio.<br \/>\n<strong>Pro<\/strong>: Prezzo decente per utenti poco frequenti. Facilit\u00e0 di configurazione e implementazione.<br \/>\n<strong>Contro<\/strong>: C&#8217;era un software che avevo che non funzionava con ExpressVPN, non so perch\u00e9.<\/p>\n<p><strong>Devraj&#8221;Nessun compromesso con la privacy e la sicurezza dei dati&#8221;<\/strong><br \/>\n<strong>Commenti<\/strong>: Ho bisogno di navigare in alcuni siti con restrizioni geografiche come Hotstar e NetFlix e per questo ExpressVPN mi ha aiutato a navigare.<br \/>\n<strong>Pro<\/strong>: Server ultraveloce con supporto 24 ore su 24, 7 giorni su 7 e accessibile da pi\u00f9 dispositivi.<br \/>\n<strong>Contro<\/strong>: Non funziona bene sui dispositivi Android ma funziona bene su tutti gli altri dispositivi<\/p>\n","protected":false},"excerpt":{"rendered":"<p>ExpressVPN \u00e8 un software di rete privata virtuale che aiuta le piccole imprese e i privati ad accedere a siti web, video e applicazioni censurati o bloccati tramite un server crittografato AES-256. La funzionalit\u00e0 di split tunneling VPN consente agli utenti di instradare il traffico del dispositivo limitato e specifico tramite VPN.\u00a0<\/p>\n","protected":false},"author":19,"featured_media":63913,"parent":63881,"menu_order":0,"comment_status":"open","ping_status":"closed","template":"g1_template_page_review_new.php","meta":{"_acf_changed":false,"cwp_meta_box_check":"No","cwp_rev_product_name":"","cwp_rev_product_image":"","wppr_links":[],"cwp_rev_price":"","wppr_options":[],"wppr_pros":[],"wppr_cons":[],"_monsterinsights_skip_tracking":false,"_monsterinsights_sitenote_active":false,"_monsterinsights_sitenote_note":"","_monsterinsights_sitenote_category":0,"footnotes":""},"categories":[13730],"tags":[13741,13735,13734,13742,13732,13733,13739,13681],"features":[],"class_list":{"0":"post-63903","1":"page","2":"type-page","3":"status-publish","4":"has-post-thumbnail","6":"category-software-vpn-cat","7":"tag-expressvpn","8":"tag-piattaforma-vpn","9":"tag-programma-vpn","10":"tag-rete-virtuale-privata","11":"tag-software-vpn","12":"tag-soluzione-vpn","13":"tag-virtual-private-network","14":"tag-vpn"},"wppr_data":{"cwp_meta_box_check":"No"},"acf":[],"yoast_head":"<!-- This site is optimized with the Yoast SEO plugin v27.4 - https:\/\/yoast.com\/product\/yoast-seo-wordpress\/ -->\n<title>ExpressVPN: recensione software VPN - Accurate Reviews<\/title>\n<meta name=\"description\" content=\"ExpressVPN: recensione software di rete privata virtuale che aiuta ad accedere a siti web, video e applicazioni censurati o bloccati.\" \/>\n<meta name=\"robots\" content=\"index, follow, max-snippet:-1, max-image-preview:large, max-video-preview:-1\" \/>\n<link rel=\"canonical\" href=\"https:\/\/www.accuratereviews.com\/it\/software-vpn\/expressvpn-recensione\/\" \/>\n<meta property=\"og:locale\" content=\"it_IT\" \/>\n<meta property=\"og:type\" content=\"article\" \/>\n<meta property=\"og:title\" content=\"ExpressVPN: recensione software VPN - Accurate Reviews\" \/>\n<meta property=\"og:description\" content=\"ExpressVPN: recensione software di rete privata virtuale che aiuta ad accedere a siti web, video e applicazioni censurati o bloccati.\" \/>\n<meta property=\"og:url\" content=\"https:\/\/www.accuratereviews.com\/it\/software-vpn\/expressvpn-recensione\/\" \/>\n<meta property=\"og:site_name\" content=\"Accurate Reviews\" \/>\n<meta property=\"article:modified_time\" content=\"2022-11-15T09:37:30+00:00\" \/>\n<meta property=\"og:image\" content=\"https:\/\/www.accuratereviews.com\/wp-content\/uploads\/2022\/11\/ExpressVPN.png\" \/>\n\t<meta property=\"og:image:width\" content=\"700\" \/>\n\t<meta property=\"og:image:height\" content=\"394\" \/>\n\t<meta property=\"og:image:type\" content=\"image\/png\" \/>\n<meta name=\"twitter:card\" content=\"summary_large_image\" \/>\n<meta name=\"twitter:label1\" content=\"Tempo di lettura stimato\" \/>\n\t<meta name=\"twitter:data1\" content=\"4 minuti\" \/>\n<script type=\"application\/ld+json\" class=\"yoast-schema-graph\">{\"@context\":\"https:\\\/\\\/schema.org\",\"@graph\":[{\"@type\":\"WebPage\",\"@id\":\"https:\\\/\\\/www.accuratereviews.com\\\/it\\\/software-vpn\\\/expressvpn-recensione\\\/\",\"url\":\"https:\\\/\\\/www.accuratereviews.com\\\/it\\\/software-vpn\\\/expressvpn-recensione\\\/\",\"name\":\"ExpressVPN: recensione software VPN - Accurate Reviews\",\"isPartOf\":{\"@id\":\"https:\\\/\\\/www.accuratereviews.com\\\/it\\\/#website\"},\"primaryImageOfPage\":{\"@id\":\"https:\\\/\\\/www.accuratereviews.com\\\/it\\\/software-vpn\\\/expressvpn-recensione\\\/#primaryimage\"},\"image\":{\"@id\":\"https:\\\/\\\/www.accuratereviews.com\\\/it\\\/software-vpn\\\/expressvpn-recensione\\\/#primaryimage\"},\"thumbnailUrl\":\"https:\\\/\\\/www.accuratereviews.com\\\/wp-content\\\/uploads\\\/2022\\\/11\\\/ExpressVPN.png\",\"datePublished\":\"2022-11-14T16:15:21+00:00\",\"dateModified\":\"2022-11-15T09:37:30+00:00\",\"description\":\"ExpressVPN: recensione software di rete privata virtuale che aiuta ad accedere a siti web, video e applicazioni censurati o bloccati.\",\"breadcrumb\":{\"@id\":\"https:\\\/\\\/www.accuratereviews.com\\\/it\\\/software-vpn\\\/expressvpn-recensione\\\/#breadcrumb\"},\"inLanguage\":\"it-IT\",\"potentialAction\":[{\"@type\":\"ReadAction\",\"target\":[\"https:\\\/\\\/www.accuratereviews.com\\\/it\\\/software-vpn\\\/expressvpn-recensione\\\/\"]}]},{\"@type\":\"ImageObject\",\"inLanguage\":\"it-IT\",\"@id\":\"https:\\\/\\\/www.accuratereviews.com\\\/it\\\/software-vpn\\\/expressvpn-recensione\\\/#primaryimage\",\"url\":\"https:\\\/\\\/www.accuratereviews.com\\\/wp-content\\\/uploads\\\/2022\\\/11\\\/ExpressVPN.png\",\"contentUrl\":\"https:\\\/\\\/www.accuratereviews.com\\\/wp-content\\\/uploads\\\/2022\\\/11\\\/ExpressVPN.png\",\"width\":700,\"height\":394},{\"@type\":\"BreadcrumbList\",\"@id\":\"https:\\\/\\\/www.accuratereviews.com\\\/it\\\/software-vpn\\\/expressvpn-recensione\\\/#breadcrumb\",\"itemListElement\":[{\"@type\":\"ListItem\",\"position\":1,\"name\":\"Home\",\"item\":\"https:\\\/\\\/www.accuratereviews.com\\\/it\\\/\"},{\"@type\":\"ListItem\",\"position\":2,\"name\":\"Software VPN\",\"item\":\"https:\\\/\\\/www.accuratereviews.com\\\/it\\\/software-vpn\\\/\"},{\"@type\":\"ListItem\",\"position\":3,\"name\":\"ExpressVPN\"}]},{\"@type\":\"WebSite\",\"@id\":\"https:\\\/\\\/www.accuratereviews.com\\\/it\\\/#website\",\"url\":\"https:\\\/\\\/www.accuratereviews.com\\\/it\\\/\",\"name\":\"Accurate Reviews\",\"description\":\"\",\"potentialAction\":[{\"@type\":\"SearchAction\",\"target\":{\"@type\":\"EntryPoint\",\"urlTemplate\":\"https:\\\/\\\/www.accuratereviews.com\\\/it\\\/?s={search_term_string}\"},\"query-input\":{\"@type\":\"PropertyValueSpecification\",\"valueRequired\":true,\"valueName\":\"search_term_string\"}}],\"inLanguage\":\"it-IT\"}]}<\/script>\n<!-- \/ Yoast SEO plugin. -->","yoast_head_json":{"title":"ExpressVPN: recensione software VPN - Accurate Reviews","description":"ExpressVPN: recensione software di rete privata virtuale che aiuta ad accedere a siti web, video e applicazioni censurati o bloccati.","robots":{"index":"index","follow":"follow","max-snippet":"max-snippet:-1","max-image-preview":"max-image-preview:large","max-video-preview":"max-video-preview:-1"},"canonical":"https:\/\/www.accuratereviews.com\/it\/software-vpn\/expressvpn-recensione\/","og_locale":"it_IT","og_type":"article","og_title":"ExpressVPN: recensione software VPN - Accurate Reviews","og_description":"ExpressVPN: recensione software di rete privata virtuale che aiuta ad accedere a siti web, video e applicazioni censurati o bloccati.","og_url":"https:\/\/www.accuratereviews.com\/it\/software-vpn\/expressvpn-recensione\/","og_site_name":"Accurate Reviews","article_modified_time":"2022-11-15T09:37:30+00:00","og_image":[{"width":700,"height":394,"url":"https:\/\/www.accuratereviews.com\/wp-content\/uploads\/2022\/11\/ExpressVPN.png","type":"image\/png"}],"twitter_card":"summary_large_image","twitter_misc":{"Tempo di lettura stimato":"4 minuti"},"schema":{"@context":"https:\/\/schema.org","@graph":[{"@type":"WebPage","@id":"https:\/\/www.accuratereviews.com\/it\/software-vpn\/expressvpn-recensione\/","url":"https:\/\/www.accuratereviews.com\/it\/software-vpn\/expressvpn-recensione\/","name":"ExpressVPN: recensione software VPN - Accurate Reviews","isPartOf":{"@id":"https:\/\/www.accuratereviews.com\/it\/#website"},"primaryImageOfPage":{"@id":"https:\/\/www.accuratereviews.com\/it\/software-vpn\/expressvpn-recensione\/#primaryimage"},"image":{"@id":"https:\/\/www.accuratereviews.com\/it\/software-vpn\/expressvpn-recensione\/#primaryimage"},"thumbnailUrl":"https:\/\/www.accuratereviews.com\/wp-content\/uploads\/2022\/11\/ExpressVPN.png","datePublished":"2022-11-14T16:15:21+00:00","dateModified":"2022-11-15T09:37:30+00:00","description":"ExpressVPN: recensione software di rete privata virtuale che aiuta ad accedere a siti web, video e applicazioni censurati o bloccati.","breadcrumb":{"@id":"https:\/\/www.accuratereviews.com\/it\/software-vpn\/expressvpn-recensione\/#breadcrumb"},"inLanguage":"it-IT","potentialAction":[{"@type":"ReadAction","target":["https:\/\/www.accuratereviews.com\/it\/software-vpn\/expressvpn-recensione\/"]}]},{"@type":"ImageObject","inLanguage":"it-IT","@id":"https:\/\/www.accuratereviews.com\/it\/software-vpn\/expressvpn-recensione\/#primaryimage","url":"https:\/\/www.accuratereviews.com\/wp-content\/uploads\/2022\/11\/ExpressVPN.png","contentUrl":"https:\/\/www.accuratereviews.com\/wp-content\/uploads\/2022\/11\/ExpressVPN.png","width":700,"height":394},{"@type":"BreadcrumbList","@id":"https:\/\/www.accuratereviews.com\/it\/software-vpn\/expressvpn-recensione\/#breadcrumb","itemListElement":[{"@type":"ListItem","position":1,"name":"Home","item":"https:\/\/www.accuratereviews.com\/it\/"},{"@type":"ListItem","position":2,"name":"Software VPN","item":"https:\/\/www.accuratereviews.com\/it\/software-vpn\/"},{"@type":"ListItem","position":3,"name":"ExpressVPN"}]},{"@type":"WebSite","@id":"https:\/\/www.accuratereviews.com\/it\/#website","url":"https:\/\/www.accuratereviews.com\/it\/","name":"Accurate Reviews","description":"","potentialAction":[{"@type":"SearchAction","target":{"@type":"EntryPoint","urlTemplate":"https:\/\/www.accuratereviews.com\/it\/?s={search_term_string}"},"query-input":{"@type":"PropertyValueSpecification","valueRequired":true,"valueName":"search_term_string"}}],"inLanguage":"it-IT"}]}},"_links":{"self":[{"href":"https:\/\/www.accuratereviews.com\/it\/wp-json\/wp\/v2\/pages\/63903","targetHints":{"allow":["GET"]}}],"collection":[{"href":"https:\/\/www.accuratereviews.com\/it\/wp-json\/wp\/v2\/pages"}],"about":[{"href":"https:\/\/www.accuratereviews.com\/it\/wp-json\/wp\/v2\/types\/page"}],"author":[{"embeddable":true,"href":"https:\/\/www.accuratereviews.com\/it\/wp-json\/wp\/v2\/users\/19"}],"replies":[{"embeddable":true,"href":"https:\/\/www.accuratereviews.com\/it\/wp-json\/wp\/v2\/comments?post=63903"}],"version-history":[{"count":12,"href":"https:\/\/www.accuratereviews.com\/it\/wp-json\/wp\/v2\/pages\/63903\/revisions"}],"predecessor-version":[{"id":63931,"href":"https:\/\/www.accuratereviews.com\/it\/wp-json\/wp\/v2\/pages\/63903\/revisions\/63931"}],"up":[{"embeddable":true,"href":"https:\/\/www.accuratereviews.com\/it\/wp-json\/wp\/v2\/pages\/63881"}],"wp:featuredmedia":[{"embeddable":true,"href":"https:\/\/www.accuratereviews.com\/it\/wp-json\/wp\/v2\/media\/63913"}],"wp:attachment":[{"href":"https:\/\/www.accuratereviews.com\/it\/wp-json\/wp\/v2\/media?parent=63903"}],"wp:term":[{"taxonomy":"category","embeddable":true,"href":"https:\/\/www.accuratereviews.com\/it\/wp-json\/wp\/v2\/categories?post=63903"},{"taxonomy":"post_tag","embeddable":true,"href":"https:\/\/www.accuratereviews.com\/it\/wp-json\/wp\/v2\/tags?post=63903"},{"taxonomy":"features","embeddable":true,"href":"https:\/\/www.accuratereviews.com\/it\/wp-json\/wp\/v2\/features?post=63903"}],"curies":[{"name":"wp","href":"https:\/\/api.w.org\/{rel}","templated":true}]}}