{"id":63937,"date":"2022-11-15T19:52:15","date_gmt":"2022-11-15T19:52:15","guid":{"rendered":"https:\/\/www.accuratereviews.com\/?page_id=63937"},"modified":"2022-11-15T19:52:15","modified_gmt":"2022-11-15T19:52:15","slug":"forticlient-recensione","status":"publish","type":"page","link":"https:\/\/www.accuratereviews.com\/it\/software-vpn\/forticlient-recensione\/","title":{"rendered":"FortiClient"},"content":{"rendered":"<p><strong>FortiClient<\/strong> \u00e8 un <strong>software di protezione<\/strong> <strong>degli endpoint<\/strong> che aiuta le piccole e medie imprese a identificare e correggere gli attacchi dannosi su pi\u00f9 fronti, tra cui web, USB ed email. Il modulo di gestione dell&#8217;inventario software consente ai manager di monitorare tutto il software installato su un endpoint e rimuovere le applicazioni obsolete e indesiderate. Il programma\u00a0permette ai supervisori di eseguire scansioni su richiesta, in tempo reale o pianificate per rilevare e mettere in quarantena malware ed endpoint compromessi. Gli amministratori possono estrarre i dati degli utenti da Active Directory e configurare i diritti di accesso, impedendo a utenti specifici di aggiungere o eliminare informazioni critiche. La funzionalit\u00e0 di gestione delle vulnerabilit\u00e0 consente agli utenti di rilevare minacce e attacchi su sistemi operativi e applicazioni di terze parti. Utilizza inoltre la crittografia basata su SSL e l&#8217;autenticazione a due fattori per fornire un&#8217;esperienza utente sicura.<\/p>\n<h2>FORTICLIENT &#8211; TUTORIAL<\/h2>\n<div id=\"fluid-wrapper-counter-1\" class=\"g1-fluid-wrapper \" style=\"width:686px;\">\n<div style=\"padding-bottom:56.268221574344%;\"><iframe loading=\"lazy\" title=\"First Impression - FortiClient 6.0\" width=\"686\" height=\"386\" src=\"https:\/\/www.youtube.com\/embed\/tV8XhUVQ2Sc?feature=oembed&amp;wmode=transparent&amp;autohide=1&amp;autoplay=0&amp;disablekb=0&amp;fs=1&amp;loop=0&amp;enablejsapi=1&amp;rel=0&amp;controls=2&amp;showinfo=0&amp;wmode=transparent&amp;autohide=2&amp;autoplay=0&amp;disablekb=0&amp;fs=1&amp;loop=0&amp;enablejsapi=1&amp;rel=0&amp;controls=2&amp;showinfo=1\" frameborder=\"0\" allow=\"accelerometer; autoplay; clipboard-write; encrypted-media; gyroscope; picture-in-picture\" allowfullscreen><\/iframe><\/div>\n<\/div>\n<h3>FORTICLIENT &#8211; CARATTERISTICHE<\/h3>\n<ul>\n<li><strong>Crittografia assistita da hardware<\/strong>:\u00a0previene le interferenze e protegge i dati in transito ad alta velocit\u00e0.<\/li>\n<li><strong>Sicurezza scalabile<\/strong>: sicurezza scalabile perfettamente integrata con il routing.<\/li>\n<li><strong>Diversificazione VPN:<\/strong>\u00a0VPN diversificate basate su IPsec o SSL per offrire scelte di reti sicure e flessibili.<\/li>\n<li><strong>Sicurezza completa delle comunicazioni dati<\/strong>: protegge le comunicazioni tra utenti, tra computer e da utente a computer.<\/li>\n<li><strong>Integrazione nel security fabric<\/strong>: consente di condividere i dati di FortiTelemetry attraverso tunnel da sito a sito con la necessaria riservatezza.<\/li>\n<li><strong>Gestione unificata<\/strong>:\u00a0console di gestione unificata, semplificata e facile da usare, per gestire su larga scala VPN crittografate, routing ed NGFW.<\/li>\n<li><strong>Accesso sicuro al cloud<\/strong>: assicurati le migliori prestazioni e la sicurezza della tua rete in un unico dispositivo. Gestisci entrambi da un\u2019unica schermata e sfrutta le prestazioni e la sicurezza leader del settore di Fortinet, mentre i tuoi utenti possono restare sempre produttivi.<\/li>\n<\/ul>\n<h4>LE RECENSIONI DEGLI UTENTI<\/h4>\n<p><strong>Luca&#8221;Buona vpn&#8221;<\/strong><br \/>\n<strong>Commenti<\/strong>: comoda per connettersi alle macchine virtuali senza aver bisogno di ricordarsi ogni volta le credenziali<br \/>\n<strong>Pro<\/strong>: buona vpn con la possibilit\u00e0 di salvare le credenziali per pi\u00f9 server , aggiornamenti spesso disponibili e connessione stabile<br \/>\n<strong>Contro<\/strong>: non ho trovato problemi durante l&#8217;utilizzo di forticlient, la connessione \u00e8 sempre stabile e non ho bisogno di riavviare la vpn<\/p>\n<p><strong>Karan Preet &#8220;Uno dei migliori strumenti sul mercato e con una buona documentazione&#8221;<\/strong><br \/>\n<strong>Pro<\/strong>: La gestione remota degli utenti \u00e8 semplice, gli endpoint come laptop e dispositivi sono protetti bene e facilmente gestiti, le politiche di sicurezza sono facili da implementare<br \/>\n<strong>Contro<\/strong>: Il backend pu\u00f2 avere problemi di compatibilit\u00e0, gli utenti possono riscontrare problemi durante l&#8217;installazione a causa di requisiti complessi<\/p>\n<p><strong>Rachel&#8221;Sicurezza dei dati semplificata&#8221;<\/strong><br \/>\n<strong>Pro<\/strong>: Mi \u00e8 piaciuto il semplice accesso e l&#8217;autenticazione a due fattori funziona facilmente con un dispositivo mobile. Quando l&#8217;IT stava configurando i miei dispositivi aziendali, Forticlient VPN mi \u00e8 stato utile per fornire l&#8217;accesso all&#8217;unit\u00e0 aziendale per il mio lavoro completamente remoto.<br \/>\n<strong>Contro<\/strong>: Quando la connessione Internet viene persa, la VPN deve essere reimpostata: questo non \u00e8 un problema in s\u00e9, ma il software non ti informa si \u00e8 disconnesso. Il modo migliore per affrontare questo problema \u00e8 chiudere l&#8217;app e ricominciare. Questo errore si verifica anche al termine del periodo di autenticazione di 24 ore.<\/p>\n","protected":false},"excerpt":{"rendered":"<p>FortiClient \u00e8 un software di protezione degli endpoint che aiuta le piccole e medie imprese a identificare e correggere gli attacchi dannosi su pi\u00f9 vettori, tra cui web, USB ed email. Il modulo di gestione dell&#8217;inventario software consente ai manager di monitorare tutto il software installato su un endpoint e rimuovere le applicazioni obsolete e indesiderate.<\/p>\n","protected":false},"author":19,"featured_media":63961,"parent":63881,"menu_order":0,"comment_status":"open","ping_status":"closed","template":"g1_template_page_review_new.php","meta":{"_acf_changed":false,"cwp_meta_box_check":"No","cwp_rev_product_name":"","cwp_rev_product_image":"","wppr_links":[],"cwp_rev_price":"","wppr_options":[],"wppr_pros":[],"wppr_cons":[],"_monsterinsights_skip_tracking":false,"_monsterinsights_sitenote_active":false,"_monsterinsights_sitenote_note":"","_monsterinsights_sitenote_category":0,"footnotes":""},"categories":[13730],"tags":[13736,13751,13735,13734,13742,13732,13733,13681],"features":[],"class_list":{"0":"post-63937","1":"page","2":"type-page","3":"status-publish","4":"has-post-thumbnail","6":"category-software-vpn-cat","7":"tag-app-vpn","8":"tag-forticlient","9":"tag-piattaforma-vpn","10":"tag-programma-vpn","11":"tag-rete-virtuale-privata","12":"tag-software-vpn","13":"tag-soluzione-vpn","14":"tag-vpn"},"wppr_data":{"cwp_meta_box_check":"No"},"acf":[],"yoast_head":"<!-- This site is optimized with the Yoast SEO plugin v27.4 - https:\/\/yoast.com\/product\/yoast-seo-wordpress\/ -->\n<title>FortiClient: recensione software VPN - Accurate Reviews<\/title>\n<meta name=\"description\" content=\"FortiClient: recensione software di protezione degli endpoint che aiuta le imprese a identificare e correggere gli attacchi dannosi.\" \/>\n<meta name=\"robots\" content=\"index, follow, max-snippet:-1, max-image-preview:large, max-video-preview:-1\" \/>\n<link rel=\"canonical\" href=\"https:\/\/www.accuratereviews.com\/it\/software-vpn\/forticlient-recensione\/\" \/>\n<meta property=\"og:locale\" content=\"it_IT\" \/>\n<meta property=\"og:type\" content=\"article\" \/>\n<meta property=\"og:title\" content=\"FortiClient: recensione software VPN - Accurate Reviews\" \/>\n<meta property=\"og:description\" content=\"FortiClient: recensione software di protezione degli endpoint che aiuta le imprese a identificare e correggere gli attacchi dannosi.\" \/>\n<meta property=\"og:url\" content=\"https:\/\/www.accuratereviews.com\/it\/software-vpn\/forticlient-recensione\/\" \/>\n<meta property=\"og:site_name\" content=\"Accurate Reviews\" \/>\n<meta property=\"og:image\" content=\"https:\/\/www.accuratereviews.com\/wp-content\/uploads\/2022\/11\/FortiClient.jpeg\" \/>\n\t<meta property=\"og:image:width\" content=\"420\" \/>\n\t<meta property=\"og:image:height\" content=\"280\" \/>\n\t<meta property=\"og:image:type\" content=\"image\/jpeg\" \/>\n<meta name=\"twitter:card\" content=\"summary_large_image\" \/>\n<meta name=\"twitter:label1\" content=\"Tempo di lettura stimato\" \/>\n\t<meta name=\"twitter:data1\" content=\"3 minuti\" \/>\n<script type=\"application\/ld+json\" class=\"yoast-schema-graph\">{\"@context\":\"https:\\\/\\\/schema.org\",\"@graph\":[{\"@type\":\"WebPage\",\"@id\":\"https:\\\/\\\/www.accuratereviews.com\\\/it\\\/software-vpn\\\/forticlient-recensione\\\/\",\"url\":\"https:\\\/\\\/www.accuratereviews.com\\\/it\\\/software-vpn\\\/forticlient-recensione\\\/\",\"name\":\"FortiClient: recensione software VPN - Accurate Reviews\",\"isPartOf\":{\"@id\":\"https:\\\/\\\/www.accuratereviews.com\\\/it\\\/#website\"},\"primaryImageOfPage\":{\"@id\":\"https:\\\/\\\/www.accuratereviews.com\\\/it\\\/software-vpn\\\/forticlient-recensione\\\/#primaryimage\"},\"image\":{\"@id\":\"https:\\\/\\\/www.accuratereviews.com\\\/it\\\/software-vpn\\\/forticlient-recensione\\\/#primaryimage\"},\"thumbnailUrl\":\"https:\\\/\\\/www.accuratereviews.com\\\/wp-content\\\/uploads\\\/2022\\\/11\\\/FortiClient.jpeg\",\"datePublished\":\"2022-11-15T19:52:15+00:00\",\"description\":\"FortiClient: recensione software di protezione degli endpoint che aiuta le imprese a identificare e correggere gli attacchi dannosi.\",\"breadcrumb\":{\"@id\":\"https:\\\/\\\/www.accuratereviews.com\\\/it\\\/software-vpn\\\/forticlient-recensione\\\/#breadcrumb\"},\"inLanguage\":\"it-IT\",\"potentialAction\":[{\"@type\":\"ReadAction\",\"target\":[\"https:\\\/\\\/www.accuratereviews.com\\\/it\\\/software-vpn\\\/forticlient-recensione\\\/\"]}]},{\"@type\":\"ImageObject\",\"inLanguage\":\"it-IT\",\"@id\":\"https:\\\/\\\/www.accuratereviews.com\\\/it\\\/software-vpn\\\/forticlient-recensione\\\/#primaryimage\",\"url\":\"https:\\\/\\\/www.accuratereviews.com\\\/wp-content\\\/uploads\\\/2022\\\/11\\\/FortiClient.jpeg\",\"contentUrl\":\"https:\\\/\\\/www.accuratereviews.com\\\/wp-content\\\/uploads\\\/2022\\\/11\\\/FortiClient.jpeg\",\"width\":420,\"height\":280},{\"@type\":\"BreadcrumbList\",\"@id\":\"https:\\\/\\\/www.accuratereviews.com\\\/it\\\/software-vpn\\\/forticlient-recensione\\\/#breadcrumb\",\"itemListElement\":[{\"@type\":\"ListItem\",\"position\":1,\"name\":\"Home\",\"item\":\"https:\\\/\\\/www.accuratereviews.com\\\/it\\\/\"},{\"@type\":\"ListItem\",\"position\":2,\"name\":\"Software VPN\",\"item\":\"https:\\\/\\\/www.accuratereviews.com\\\/it\\\/software-vpn\\\/\"},{\"@type\":\"ListItem\",\"position\":3,\"name\":\"FortiClient\"}]},{\"@type\":\"WebSite\",\"@id\":\"https:\\\/\\\/www.accuratereviews.com\\\/it\\\/#website\",\"url\":\"https:\\\/\\\/www.accuratereviews.com\\\/it\\\/\",\"name\":\"Accurate Reviews\",\"description\":\"\",\"potentialAction\":[{\"@type\":\"SearchAction\",\"target\":{\"@type\":\"EntryPoint\",\"urlTemplate\":\"https:\\\/\\\/www.accuratereviews.com\\\/it\\\/?s={search_term_string}\"},\"query-input\":{\"@type\":\"PropertyValueSpecification\",\"valueRequired\":true,\"valueName\":\"search_term_string\"}}],\"inLanguage\":\"it-IT\"}]}<\/script>\n<!-- \/ Yoast SEO plugin. -->","yoast_head_json":{"title":"FortiClient: recensione software VPN - Accurate Reviews","description":"FortiClient: recensione software di protezione degli endpoint che aiuta le imprese a identificare e correggere gli attacchi dannosi.","robots":{"index":"index","follow":"follow","max-snippet":"max-snippet:-1","max-image-preview":"max-image-preview:large","max-video-preview":"max-video-preview:-1"},"canonical":"https:\/\/www.accuratereviews.com\/it\/software-vpn\/forticlient-recensione\/","og_locale":"it_IT","og_type":"article","og_title":"FortiClient: recensione software VPN - Accurate Reviews","og_description":"FortiClient: recensione software di protezione degli endpoint che aiuta le imprese a identificare e correggere gli attacchi dannosi.","og_url":"https:\/\/www.accuratereviews.com\/it\/software-vpn\/forticlient-recensione\/","og_site_name":"Accurate Reviews","og_image":[{"width":420,"height":280,"url":"https:\/\/www.accuratereviews.com\/wp-content\/uploads\/2022\/11\/FortiClient.jpeg","type":"image\/jpeg"}],"twitter_card":"summary_large_image","twitter_misc":{"Tempo di lettura stimato":"3 minuti"},"schema":{"@context":"https:\/\/schema.org","@graph":[{"@type":"WebPage","@id":"https:\/\/www.accuratereviews.com\/it\/software-vpn\/forticlient-recensione\/","url":"https:\/\/www.accuratereviews.com\/it\/software-vpn\/forticlient-recensione\/","name":"FortiClient: recensione software VPN - Accurate Reviews","isPartOf":{"@id":"https:\/\/www.accuratereviews.com\/it\/#website"},"primaryImageOfPage":{"@id":"https:\/\/www.accuratereviews.com\/it\/software-vpn\/forticlient-recensione\/#primaryimage"},"image":{"@id":"https:\/\/www.accuratereviews.com\/it\/software-vpn\/forticlient-recensione\/#primaryimage"},"thumbnailUrl":"https:\/\/www.accuratereviews.com\/wp-content\/uploads\/2022\/11\/FortiClient.jpeg","datePublished":"2022-11-15T19:52:15+00:00","description":"FortiClient: recensione software di protezione degli endpoint che aiuta le imprese a identificare e correggere gli attacchi dannosi.","breadcrumb":{"@id":"https:\/\/www.accuratereviews.com\/it\/software-vpn\/forticlient-recensione\/#breadcrumb"},"inLanguage":"it-IT","potentialAction":[{"@type":"ReadAction","target":["https:\/\/www.accuratereviews.com\/it\/software-vpn\/forticlient-recensione\/"]}]},{"@type":"ImageObject","inLanguage":"it-IT","@id":"https:\/\/www.accuratereviews.com\/it\/software-vpn\/forticlient-recensione\/#primaryimage","url":"https:\/\/www.accuratereviews.com\/wp-content\/uploads\/2022\/11\/FortiClient.jpeg","contentUrl":"https:\/\/www.accuratereviews.com\/wp-content\/uploads\/2022\/11\/FortiClient.jpeg","width":420,"height":280},{"@type":"BreadcrumbList","@id":"https:\/\/www.accuratereviews.com\/it\/software-vpn\/forticlient-recensione\/#breadcrumb","itemListElement":[{"@type":"ListItem","position":1,"name":"Home","item":"https:\/\/www.accuratereviews.com\/it\/"},{"@type":"ListItem","position":2,"name":"Software VPN","item":"https:\/\/www.accuratereviews.com\/it\/software-vpn\/"},{"@type":"ListItem","position":3,"name":"FortiClient"}]},{"@type":"WebSite","@id":"https:\/\/www.accuratereviews.com\/it\/#website","url":"https:\/\/www.accuratereviews.com\/it\/","name":"Accurate Reviews","description":"","potentialAction":[{"@type":"SearchAction","target":{"@type":"EntryPoint","urlTemplate":"https:\/\/www.accuratereviews.com\/it\/?s={search_term_string}"},"query-input":{"@type":"PropertyValueSpecification","valueRequired":true,"valueName":"search_term_string"}}],"inLanguage":"it-IT"}]}},"_links":{"self":[{"href":"https:\/\/www.accuratereviews.com\/it\/wp-json\/wp\/v2\/pages\/63937","targetHints":{"allow":["GET"]}}],"collection":[{"href":"https:\/\/www.accuratereviews.com\/it\/wp-json\/wp\/v2\/pages"}],"about":[{"href":"https:\/\/www.accuratereviews.com\/it\/wp-json\/wp\/v2\/types\/page"}],"author":[{"embeddable":true,"href":"https:\/\/www.accuratereviews.com\/it\/wp-json\/wp\/v2\/users\/19"}],"replies":[{"embeddable":true,"href":"https:\/\/www.accuratereviews.com\/it\/wp-json\/wp\/v2\/comments?post=63937"}],"version-history":[{"count":10,"href":"https:\/\/www.accuratereviews.com\/it\/wp-json\/wp\/v2\/pages\/63937\/revisions"}],"predecessor-version":[{"id":64005,"href":"https:\/\/www.accuratereviews.com\/it\/wp-json\/wp\/v2\/pages\/63937\/revisions\/64005"}],"up":[{"embeddable":true,"href":"https:\/\/www.accuratereviews.com\/it\/wp-json\/wp\/v2\/pages\/63881"}],"wp:featuredmedia":[{"embeddable":true,"href":"https:\/\/www.accuratereviews.com\/it\/wp-json\/wp\/v2\/media\/63961"}],"wp:attachment":[{"href":"https:\/\/www.accuratereviews.com\/it\/wp-json\/wp\/v2\/media?parent=63937"}],"wp:term":[{"taxonomy":"category","embeddable":true,"href":"https:\/\/www.accuratereviews.com\/it\/wp-json\/wp\/v2\/categories?post=63937"},{"taxonomy":"post_tag","embeddable":true,"href":"https:\/\/www.accuratereviews.com\/it\/wp-json\/wp\/v2\/tags?post=63937"},{"taxonomy":"features","embeddable":true,"href":"https:\/\/www.accuratereviews.com\/it\/wp-json\/wp\/v2\/features?post=63937"}],"curies":[{"name":"wp","href":"https:\/\/api.w.org\/{rel}","templated":true}]}}