{"id":63939,"date":"2022-11-15T19:55:42","date_gmt":"2022-11-15T19:55:42","guid":{"rendered":"https:\/\/www.accuratereviews.com\/?page_id=63939"},"modified":"2022-11-17T08:08:44","modified_gmt":"2022-11-17T08:08:44","slug":"openvpn-recensione","status":"publish","type":"page","link":"https:\/\/www.accuratereviews.com\/it\/software-vpn\/openvpn-recensione\/","title":{"rendered":"OpenVPN"},"content":{"rendered":"<p><strong>OpenVPN<\/strong> \u00e8 un <strong>software di rete privata virtuale<\/strong> che aiuta le aziende a creare connessioni point-to-point sicure.\u00a0Gli amministratori possono aggiungere e gestire reti, proteggere gli utenti dalle minacce e impedire loro di accedere a siti web sospetti. La sua soluzione Access Server offre molteplici modalit\u00e0 di autenticazione come RADIUS, LDAP, 2FA, controlla l&#8217;accesso tramite indirizzo IP, porta o protocollo e interconnette reti private tra vari siti.\u00a0La soluzione <strong>cloud<\/strong> di <strong>OpenVPN<\/strong> applica la connettivit\u00e0 full-mesh, instrada il traffico Internet, esegue il filtraggio dei contenuti basato su DNS e migliora la ridondanza attraverso diverse connessioni di rete.<\/p>\n<h2>OPENVPN &#8211; TUTORIAL<\/h2>\n<div id=\"fluid-wrapper-counter-1\" class=\"g1-fluid-wrapper \" style=\"width:686px;\">\n<div style=\"padding-bottom:56.268221574344%;\"><iframe loading=\"lazy\" title=\"[WINDOWS] - OpenVPN Server su Windows in bridge mode\" width=\"686\" height=\"386\" src=\"https:\/\/www.youtube.com\/embed\/Pe7LXoyCRUU?feature=oembed&amp;wmode=transparent&amp;autohide=1&amp;autoplay=0&amp;disablekb=0&amp;fs=1&amp;loop=0&amp;enablejsapi=1&amp;rel=0&amp;controls=2&amp;showinfo=0&amp;wmode=transparent&amp;autohide=2&amp;autoplay=0&amp;disablekb=0&amp;fs=1&amp;loop=0&amp;enablejsapi=1&amp;rel=0&amp;controls=2&amp;showinfo=1\" frameborder=\"0\" allow=\"accelerometer; autoplay; clipboard-write; encrypted-media; gyroscope; picture-in-picture\" allowfullscreen><\/iframe><\/div>\n<\/div>\n<h3>OPENVPN &#8211; CARATTERISTICHE<\/h3>\n<ul>\n<li><strong>Instradamento internet flessibile<\/strong>: non limitarti a incanalare il traffico verso risorse private sulle tue reti connesse; ottieni un controllo impareggiabile sull&#8217;instradamento del traffico internet per gruppo di utenti, rete o host.<\/li>\n<li><strong>Pi\u00f9 reti sovrapposte isolate<\/strong>:\u00a0combina utilit\u00e0 e usabilit\u00e0 superiori in modo da poter creare e gestire pi\u00f9 WPC (wide-area private cloud) da un singolo account Proprietario.<\/li>\n<li><strong>Instradamento del dominio basato sull&#8217;applicazione:<\/strong> riconoscimento del nome di dominio combinato con una sofisticata logica di routing in modo da poter definire i percorsi verso le reti connesse utilizzando i nomi di dominio.<\/li>\n<li><strong>Scudo informatico<\/strong>: questa funzionalit\u00e0 integrata \u00e8 una funzione IDS\/IPS e filtro dei contenuti personalizzabile e facile da usare che protegge l&#8217;accesso remoto.<\/li>\n<li><strong>Protezione cloud\/ZTNA:<\/strong> non sacrificare la sicurezza per i vantaggi del cloud. Crea una rete overlay privata mondiale dedicata, esclusivamente per il tuo utilizzo, con questo programma.<\/li>\n<li><strong>Selezione del gateway Internet<\/strong>: la selezione del gateway Internet consente di controllare quale rete privata funge da gateway internet per reti, server e dispositivi.<\/li>\n<li><strong>Sicurezza dell&#8217;IoT<\/strong>:\u00a0la soluzione supporta sia la comunicazione dei dispositivi ZTNA che IoT<\/li>\n<li><strong>Configurazione punta e clicca<\/strong>: utilizza le procedure guidate di amministrazione e configurazione basate sul web per connettere in modo rapido, semplice ed economico reti, dispositivi e server privati.<\/li>\n<\/ul>\n<h4>LE RECENSIONE DEGLI UTENTI<\/h4>\n<p><strong>Renan&#8221;VPN efficace&#8221;<\/strong><br \/>\n<strong>Commenti<\/strong>: Lo uso quotidianamente per eseguire accessi remoti ricorrenti.<br \/>\n<strong>Pro<\/strong>: Uno strumento molto semplice e sicuro per stabilire una connessione VPN e utilizzare le risorse in remoto da qualsiasi luogo.<br \/>\n<strong>Contro<\/strong>: Gli utenti che non hanno molta familiarit\u00e0 con alcune risorse di rete e nomenclatura potrebbero avere qualche difficolt\u00e0.<\/p>\n<p><strong>Angus&#8221;La migliore soluzione VPN open source&#8221;<\/strong><br \/>\n<strong>Commenti<\/strong>: OpenVPN \u00e8 probabilmente la migliore piattaforma VPN su Internet che pu\u00f2 essere liberamente utilizzata da chiunque. Se vuoi eseguire la tua VPN, questo \u00e8 il software di cui hai bisogno.<br \/>\n<strong>Pro<\/strong>: Uso OpenVPN da pi\u00f9 tempo di quanto possa ricordare, \u00e8 una solida piattaforma VPN su cui puoi creare la tua configurazione VPN. Lo uso per creare una VPN all&#8217;interno della nostra rete aziendale ed \u00e8 stato estremamente facile da configurare.<br \/>\n<strong>Contro<\/strong>: Mi sono scervellato, ma OpenVPN \u00e8 stato impeccabile per me. Non ho riscontrato bug o svantaggi da quando l&#8217;ho usato.<\/p>\n<p><strong>Amir &#8220;Uno standard nel mondo delle VPN!&#8221;<\/strong><br \/>\n<strong>Commenti<\/strong>: Suggerisco a tutti di averlo nei propri dispositivi perch\u00e9 a volte le app dei provider VPN riscontrano alcuni problemi, quindi \u00e8 necessario passare attraverso un modo manuale ed \u00e8 l&#8217;applicazione OpenVPN stessa. Sfortunatamente gli sviluppatori non supportano cos\u00ec tanto l&#8217;applicazione OpenVPN, nonostante il protocollo OpenVPN sia uno standard in questi giorni!<br \/>\n<strong>Pro<\/strong>: Quasi tutti i provider VPN hanno il protocollo OpenVPN e la maggior parte di essi fornisce sia TCP che UDP. \u00c8 veloce, affidabile e sicuro. L&#8217;applicazione \u00e8 facile da usare.<br \/>\n<strong>Contro<\/strong>: Sfortunatamente \u00e8 da molto tempo che l&#8217;applicazione OpenVPN \u00e8 la stessa di prima, non ci sono stati molti cambiamenti in essa. Le opzioni non sono molte. Il proxy supporta solo HTTP\/S. Non esiste l&#8217;opzione Always-On-VPN nella versione Android dell&#8217;applicazione.<\/p>\n","protected":false},"excerpt":{"rendered":"<p>OpenVPN \u00e8 un software di rete privata virtuale che aiuta le aziende a creare connessioni point-to-point sicure.\u00a0Gli amministratori possono aggiungere e gestire reti, proteggere gli utenti dalle minacce e impedire loro di accedere a siti web sospetti. La sua soluzione Access Server offre molteplici modalit\u00e0 di autenticazione come RADIUS, LDAP, 2FA, controlla l&#8217;accesso tramite indirizzo IP, porta o protocollo e interconnette reti private tra vari siti.<\/p>\n","protected":false},"author":19,"featured_media":63943,"parent":63881,"menu_order":0,"comment_status":"open","ping_status":"closed","template":"g1_template_page_review_new.php","meta":{"_acf_changed":false,"cwp_meta_box_check":"Yes","cwp_rev_product_name":"","cwp_rev_product_image":"","wppr_links":[],"cwp_rev_price":"0.00","wppr_options":[{"name":"Usability","value":"0"},{"name":"Speed","value":"0"},{"name":"Features","value":"0"},{"name":"Support","value":"0"},{"name":"Pricing","value":"0"}],"wppr_pros":["","","","",""],"wppr_cons":["","","","",""],"_monsterinsights_skip_tracking":false,"_monsterinsights_sitenote_active":false,"_monsterinsights_sitenote_note":"","_monsterinsights_sitenote_category":0,"footnotes":""},"categories":[13730],"tags":[13736,13752,13735,13734,13742,13732,13733,13681],"features":[],"class_list":{"0":"post-63939","1":"page","2":"type-page","3":"status-publish","4":"has-post-thumbnail","6":"category-software-vpn-cat","7":"tag-app-vpn","8":"tag-openvpn","9":"tag-piattaforma-vpn","10":"tag-programma-vpn","11":"tag-rete-virtuale-privata","12":"tag-software-vpn","13":"tag-soluzione-vpn","14":"tag-vpn"},"wppr_data":{"cwp_meta_box_check":"Yes","_wppr_review_template":"default","cwp_rev_product_image":"","cwp_image_link":"image","wppr_links":[],"cwp_rev_price":"0.00","wppr_pros":["","","","",""],"wppr_cons":["","","","",""],"wppr_rating":"0.00","wppr_options":{"1":{"name":"Usability","value":"0"},"2":{"name":"Speed","value":"0"},"3":{"name":"Features","value":"0"},"4":{"name":"Support","value":"0"},"5":{"name":"Pricing","value":"0"}},"wppr_review_type":"Product","wppr_review_custom_fields":{"additionalProperty":"","additionalType":"","aggregateRating":"","alternateName":"","audience":"","award":"","awards":"","brand":"","color":"","depth":"","description":"","disambiguatingDescription":"","gtin12":"","gtin13":"","gtin14":"","gtin8":"","height":"","identifier":"","image":"","isAccessoryOrSparePartFor":"","isConsumableFor":"","isRelatedTo":"","isSimilarTo":"","itemCondition":"","logo":"","mainEntityOfPage":"","manufacturer":"","material":"","model":"","mpn":"","name":"","offers":"","potentialAction":"","productID":"","productionDate":"","purchaseDate":"","releaseDate":"","review":"","reviews":"","sameAs":"","sku":"","slogan":"","subjectOf":"","url":"","weight":"","width":""}},"acf":[],"yoast_head":"<!-- This site is optimized with the Yoast SEO plugin v27.4 - https:\/\/yoast.com\/product\/yoast-seo-wordpress\/ -->\n<title>OpenVPN: recensione software VPN - Accurate Reviews<\/title>\n<meta name=\"description\" content=\"OpenVPN: recensione del software di rete privata virtuale che aiuta le aziende a creare connessioni point-to-point sicure.\u00a0\" \/>\n<meta name=\"robots\" content=\"index, follow, max-snippet:-1, max-image-preview:large, max-video-preview:-1\" \/>\n<link rel=\"canonical\" href=\"https:\/\/www.accuratereviews.com\/it\/software-vpn\/openvpn-recensione\/\" \/>\n<meta property=\"og:locale\" content=\"it_IT\" \/>\n<meta property=\"og:type\" content=\"article\" \/>\n<meta property=\"og:title\" content=\"OpenVPN: recensione software VPN - Accurate Reviews\" \/>\n<meta property=\"og:description\" content=\"OpenVPN: recensione del software di rete privata virtuale che aiuta le aziende a creare connessioni point-to-point sicure.\u00a0\" \/>\n<meta property=\"og:url\" content=\"https:\/\/www.accuratereviews.com\/it\/software-vpn\/openvpn-recensione\/\" \/>\n<meta property=\"og:site_name\" content=\"Accurate Reviews\" \/>\n<meta property=\"article:modified_time\" content=\"2022-11-17T08:08:44+00:00\" \/>\n<meta property=\"og:image\" content=\"https:\/\/www.accuratereviews.com\/wp-content\/uploads\/2022\/11\/OpenVPN-712x604-300x254-1.png\" \/>\n\t<meta property=\"og:image:width\" content=\"300\" \/>\n\t<meta property=\"og:image:height\" content=\"254\" \/>\n\t<meta property=\"og:image:type\" content=\"image\/png\" \/>\n<meta name=\"twitter:card\" content=\"summary_large_image\" \/>\n<meta name=\"twitter:label1\" content=\"Tempo di lettura stimato\" \/>\n\t<meta name=\"twitter:data1\" content=\"4 minuti\" \/>\n<script type=\"application\/ld+json\" class=\"yoast-schema-graph\">{\"@context\":\"https:\\\/\\\/schema.org\",\"@graph\":[{\"@type\":\"WebPage\",\"@id\":\"https:\\\/\\\/www.accuratereviews.com\\\/it\\\/software-vpn\\\/openvpn-recensione\\\/\",\"url\":\"https:\\\/\\\/www.accuratereviews.com\\\/it\\\/software-vpn\\\/openvpn-recensione\\\/\",\"name\":\"OpenVPN: recensione software VPN - Accurate Reviews\",\"isPartOf\":{\"@id\":\"https:\\\/\\\/www.accuratereviews.com\\\/it\\\/#website\"},\"primaryImageOfPage\":{\"@id\":\"https:\\\/\\\/www.accuratereviews.com\\\/it\\\/software-vpn\\\/openvpn-recensione\\\/#primaryimage\"},\"image\":{\"@id\":\"https:\\\/\\\/www.accuratereviews.com\\\/it\\\/software-vpn\\\/openvpn-recensione\\\/#primaryimage\"},\"thumbnailUrl\":\"https:\\\/\\\/www.accuratereviews.com\\\/wp-content\\\/uploads\\\/2022\\\/11\\\/OpenVPN-712x604-300x254-1.png\",\"datePublished\":\"2022-11-15T19:55:42+00:00\",\"dateModified\":\"2022-11-17T08:08:44+00:00\",\"description\":\"OpenVPN: recensione del software di rete privata virtuale che aiuta le aziende a creare connessioni point-to-point sicure.\u00a0\",\"breadcrumb\":{\"@id\":\"https:\\\/\\\/www.accuratereviews.com\\\/it\\\/software-vpn\\\/openvpn-recensione\\\/#breadcrumb\"},\"inLanguage\":\"it-IT\",\"potentialAction\":[{\"@type\":\"ReadAction\",\"target\":[\"https:\\\/\\\/www.accuratereviews.com\\\/it\\\/software-vpn\\\/openvpn-recensione\\\/\"]}]},{\"@type\":\"ImageObject\",\"inLanguage\":\"it-IT\",\"@id\":\"https:\\\/\\\/www.accuratereviews.com\\\/it\\\/software-vpn\\\/openvpn-recensione\\\/#primaryimage\",\"url\":\"https:\\\/\\\/www.accuratereviews.com\\\/wp-content\\\/uploads\\\/2022\\\/11\\\/OpenVPN-712x604-300x254-1.png\",\"contentUrl\":\"https:\\\/\\\/www.accuratereviews.com\\\/wp-content\\\/uploads\\\/2022\\\/11\\\/OpenVPN-712x604-300x254-1.png\",\"width\":300,\"height\":254},{\"@type\":\"BreadcrumbList\",\"@id\":\"https:\\\/\\\/www.accuratereviews.com\\\/it\\\/software-vpn\\\/openvpn-recensione\\\/#breadcrumb\",\"itemListElement\":[{\"@type\":\"ListItem\",\"position\":1,\"name\":\"Home\",\"item\":\"https:\\\/\\\/www.accuratereviews.com\\\/it\\\/\"},{\"@type\":\"ListItem\",\"position\":2,\"name\":\"Software VPN\",\"item\":\"https:\\\/\\\/www.accuratereviews.com\\\/it\\\/software-vpn\\\/\"},{\"@type\":\"ListItem\",\"position\":3,\"name\":\"OpenVPN\"}]},{\"@type\":\"WebSite\",\"@id\":\"https:\\\/\\\/www.accuratereviews.com\\\/it\\\/#website\",\"url\":\"https:\\\/\\\/www.accuratereviews.com\\\/it\\\/\",\"name\":\"Accurate Reviews\",\"description\":\"\",\"potentialAction\":[{\"@type\":\"SearchAction\",\"target\":{\"@type\":\"EntryPoint\",\"urlTemplate\":\"https:\\\/\\\/www.accuratereviews.com\\\/it\\\/?s={search_term_string}\"},\"query-input\":{\"@type\":\"PropertyValueSpecification\",\"valueRequired\":true,\"valueName\":\"search_term_string\"}}],\"inLanguage\":\"it-IT\"}]}<\/script>\n<!-- \/ Yoast SEO plugin. -->","yoast_head_json":{"title":"OpenVPN: recensione software VPN - Accurate Reviews","description":"OpenVPN: recensione del software di rete privata virtuale che aiuta le aziende a creare connessioni point-to-point sicure.\u00a0","robots":{"index":"index","follow":"follow","max-snippet":"max-snippet:-1","max-image-preview":"max-image-preview:large","max-video-preview":"max-video-preview:-1"},"canonical":"https:\/\/www.accuratereviews.com\/it\/software-vpn\/openvpn-recensione\/","og_locale":"it_IT","og_type":"article","og_title":"OpenVPN: recensione software VPN - Accurate Reviews","og_description":"OpenVPN: recensione del software di rete privata virtuale che aiuta le aziende a creare connessioni point-to-point sicure.\u00a0","og_url":"https:\/\/www.accuratereviews.com\/it\/software-vpn\/openvpn-recensione\/","og_site_name":"Accurate Reviews","article_modified_time":"2022-11-17T08:08:44+00:00","og_image":[{"width":300,"height":254,"url":"https:\/\/www.accuratereviews.com\/wp-content\/uploads\/2022\/11\/OpenVPN-712x604-300x254-1.png","type":"image\/png"}],"twitter_card":"summary_large_image","twitter_misc":{"Tempo di lettura stimato":"4 minuti"},"schema":{"@context":"https:\/\/schema.org","@graph":[{"@type":"WebPage","@id":"https:\/\/www.accuratereviews.com\/it\/software-vpn\/openvpn-recensione\/","url":"https:\/\/www.accuratereviews.com\/it\/software-vpn\/openvpn-recensione\/","name":"OpenVPN: recensione software VPN - Accurate Reviews","isPartOf":{"@id":"https:\/\/www.accuratereviews.com\/it\/#website"},"primaryImageOfPage":{"@id":"https:\/\/www.accuratereviews.com\/it\/software-vpn\/openvpn-recensione\/#primaryimage"},"image":{"@id":"https:\/\/www.accuratereviews.com\/it\/software-vpn\/openvpn-recensione\/#primaryimage"},"thumbnailUrl":"https:\/\/www.accuratereviews.com\/wp-content\/uploads\/2022\/11\/OpenVPN-712x604-300x254-1.png","datePublished":"2022-11-15T19:55:42+00:00","dateModified":"2022-11-17T08:08:44+00:00","description":"OpenVPN: recensione del software di rete privata virtuale che aiuta le aziende a creare connessioni point-to-point sicure.\u00a0","breadcrumb":{"@id":"https:\/\/www.accuratereviews.com\/it\/software-vpn\/openvpn-recensione\/#breadcrumb"},"inLanguage":"it-IT","potentialAction":[{"@type":"ReadAction","target":["https:\/\/www.accuratereviews.com\/it\/software-vpn\/openvpn-recensione\/"]}]},{"@type":"ImageObject","inLanguage":"it-IT","@id":"https:\/\/www.accuratereviews.com\/it\/software-vpn\/openvpn-recensione\/#primaryimage","url":"https:\/\/www.accuratereviews.com\/wp-content\/uploads\/2022\/11\/OpenVPN-712x604-300x254-1.png","contentUrl":"https:\/\/www.accuratereviews.com\/wp-content\/uploads\/2022\/11\/OpenVPN-712x604-300x254-1.png","width":300,"height":254},{"@type":"BreadcrumbList","@id":"https:\/\/www.accuratereviews.com\/it\/software-vpn\/openvpn-recensione\/#breadcrumb","itemListElement":[{"@type":"ListItem","position":1,"name":"Home","item":"https:\/\/www.accuratereviews.com\/it\/"},{"@type":"ListItem","position":2,"name":"Software VPN","item":"https:\/\/www.accuratereviews.com\/it\/software-vpn\/"},{"@type":"ListItem","position":3,"name":"OpenVPN"}]},{"@type":"WebSite","@id":"https:\/\/www.accuratereviews.com\/it\/#website","url":"https:\/\/www.accuratereviews.com\/it\/","name":"Accurate Reviews","description":"","potentialAction":[{"@type":"SearchAction","target":{"@type":"EntryPoint","urlTemplate":"https:\/\/www.accuratereviews.com\/it\/?s={search_term_string}"},"query-input":{"@type":"PropertyValueSpecification","valueRequired":true,"valueName":"search_term_string"}}],"inLanguage":"it-IT"}]}},"_links":{"self":[{"href":"https:\/\/www.accuratereviews.com\/it\/wp-json\/wp\/v2\/pages\/63939","targetHints":{"allow":["GET"]}}],"collection":[{"href":"https:\/\/www.accuratereviews.com\/it\/wp-json\/wp\/v2\/pages"}],"about":[{"href":"https:\/\/www.accuratereviews.com\/it\/wp-json\/wp\/v2\/types\/page"}],"author":[{"embeddable":true,"href":"https:\/\/www.accuratereviews.com\/it\/wp-json\/wp\/v2\/users\/19"}],"replies":[{"embeddable":true,"href":"https:\/\/www.accuratereviews.com\/it\/wp-json\/wp\/v2\/comments?post=63939"}],"version-history":[{"count":11,"href":"https:\/\/www.accuratereviews.com\/it\/wp-json\/wp\/v2\/pages\/63939\/revisions"}],"predecessor-version":[{"id":64106,"href":"https:\/\/www.accuratereviews.com\/it\/wp-json\/wp\/v2\/pages\/63939\/revisions\/64106"}],"up":[{"embeddable":true,"href":"https:\/\/www.accuratereviews.com\/it\/wp-json\/wp\/v2\/pages\/63881"}],"wp:featuredmedia":[{"embeddable":true,"href":"https:\/\/www.accuratereviews.com\/it\/wp-json\/wp\/v2\/media\/63943"}],"wp:attachment":[{"href":"https:\/\/www.accuratereviews.com\/it\/wp-json\/wp\/v2\/media?parent=63939"}],"wp:term":[{"taxonomy":"category","embeddable":true,"href":"https:\/\/www.accuratereviews.com\/it\/wp-json\/wp\/v2\/categories?post=63939"},{"taxonomy":"post_tag","embeddable":true,"href":"https:\/\/www.accuratereviews.com\/it\/wp-json\/wp\/v2\/tags?post=63939"},{"taxonomy":"features","embeddable":true,"href":"https:\/\/www.accuratereviews.com\/it\/wp-json\/wp\/v2\/features?post=63939"}],"curies":[{"name":"wp","href":"https:\/\/api.w.org\/{rel}","templated":true}]}}