{"id":63995,"date":"2022-11-15T19:49:10","date_gmt":"2022-11-15T19:49:10","guid":{"rendered":"https:\/\/www.accuratereviews.com\/?page_id=63995"},"modified":"2022-11-16T17:04:35","modified_gmt":"2022-11-16T17:04:35","slug":"windscribe-recensione","status":"publish","type":"page","link":"https:\/\/www.accuratereviews.com\/it\/software-vpn\/windscribe-recensione\/","title":{"rendered":"Windscribe"},"content":{"rendered":"<p class=\"h3 mb-1\"><strong>Windscribe<\/strong>\u00a0\u00e8 un <strong>software VPN<\/strong> che ti permette di mascherare il tuo indirizzo IP in modo tale da avere accesso illimitato e privato a siti di intrattenimento, notizie e contenuti bloccati in oltre 63 paesi diversi. Sono molti i governi che bloccano determinati contenuti in base alla posizione e tante le aziende che tracciano e vendono i tuoi dati personali. Per questo motivo \u00e8 essenziale aggiungere <strong>Windscribe<\/strong> al tuo browser, riprendendo cos\u00ec il controllo della tua privacy.<br \/>\nQuesto programma \u00e8 inoltre utile poich\u00e9 impedisce agli hacker di accedere e rubare i tuoi dati\u00a0quando usi il Wi-Fi pubblico, e blocca i fastidiosi inserzionisti che ti perseguitano online.<\/p>\n<h2>WINDSCRIBE &#8211; TUTORIAL<\/h2>\n<div id=\"fluid-wrapper-counter-1\" class=\"g1-fluid-wrapper \" style=\"width:686px;\">\n<div style=\"padding-bottom:56.268221574344%;\"><iframe loading=\"lazy\" title=\"Windscribe Explained\" width=\"686\" height=\"386\" src=\"https:\/\/www.youtube.com\/embed\/6BvEtiS5ga0?feature=oembed&amp;wmode=transparent&amp;autohide=1&amp;autoplay=0&amp;disablekb=0&amp;fs=1&amp;loop=0&amp;enablejsapi=1&amp;rel=0&amp;controls=2&amp;showinfo=0&amp;wmode=transparent&amp;autohide=2&amp;autoplay=0&amp;disablekb=0&amp;fs=1&amp;loop=0&amp;enablejsapi=1&amp;rel=0&amp;controls=2&amp;showinfo=1\" frameborder=\"0\" allow=\"accelerometer; autoplay; clipboard-write; encrypted-media; gyroscope; picture-in-picture\" allowfullscreen><\/iframe><\/div>\n<\/div>\n<h3>WINDSCRIBE &#8211; CARATTERISTICHE<\/h3>\n<ul>\n<li><strong>Grande rete<\/strong>: server in oltre 63 paesi e 110 citt\u00e0.<\/li>\n<li><strong>R.O.B.E.R.T.<\/strong>: blocca gli IP e i domini (annunci) di tua scelta su tutti i dispositivi.<\/li>\n<li><strong>Nessun registro di identificazione<\/strong>: non \u00e8 possibile identificare personalmente l&#8217;utente in base all&#8217;IP e al timestamp.<\/li>\n<li><strong>Crittografia pi\u00f9 forte<\/strong>: utilizza il cifrario AES-256 con autenticazione SHA512 e una chiave RSA a 4096 bit.<\/li>\n<li><strong>Generatori di configurazioni<\/strong>: generano configurazioni OpenVPN, IKEv2 e WireGuard\u00ae per tutti i dispositivi.<\/li>\n<li><strong>Client semplici<\/strong>: client minimalisti per tutte le piattaforme che rendono l&#8217;avvio dell&#8217;attivit\u00e0 un gioco da ragazzi.<\/li>\n<li><strong>IP statici<\/strong>: alcuni IP non sono destinati a cambiare, ma a rimanere invariati.<\/li>\n<li><strong>Port Forwarding<\/strong>: accesso sicuro alle risorse interne<\/li>\n<li><strong>Split Tunneling<\/strong>: scegli quali applicazioni passano attraverso la VPN e quali no.<\/li>\n<\/ul>\n<h4>LE RECENSIONI DEGLI UTENTI<\/h4>\n<p><strong>Ridwan &#8220;Posso continuare a navigare se Windscribe mi copre le spalle&#8221;.<\/strong><br \/>\nPro: Windscribe ha diversi server, quindi posso scegliere le citt\u00e0 se necessario. Ma quello che mi piace di Windscribe \u00e8 che, nel momento in cui lo accendo, nessun sito web riesce a trovare la mia posizione. Ho lavorato anche su siti che sono molto restrittivi per quanto riguarda la localizzazione.<br \/>\nContro: penso che dovrebbero aggiungere l&#8217;opzione di commutazione automatica se per qualche motivo il server collegato \u00e8 lento. Se l&#8217;auto-switching non \u00e8 possibile, fatemi sapere che posso passare a un server migliore. La loro visualizzazione grafica del carico del server \u00e8 ancora confusionaria.<\/p>\n<p><strong>Amir &#8220;Windscribe come VPN&#8221;<\/strong><br \/>\nCommenti: Lo uso da molto tempo, forse 4-5 anni. Purtroppo non ho pi\u00f9 intenzione di rinnovare il mio abbonamento perch\u00e9 non riesce a nascondere abbastanza la tua identit\u00e0 su internet.<br \/>\nPro: Windsribe ha un&#8217;interfaccia utente molto chiara, si riesce quasi a capire cosa sta succedendo. I protocolli di Windscribe VPN sono superiori a quelli della maggior parte delle VPN, inoltre offre diverse porte da provare. Ci sono molte posizioni per connettersi.<br \/>\nContro: non c&#8217;\u00e8 un&#8217;opzione di aggiornamento dei ping nell&#8217;app per PC, quindi non \u00e8 possibile aggiornare e vedere i ping freschi dei diversi server. Per farlo, \u00e8 necessario chiudere e riaprire completamente l&#8217;app. Non c&#8217;\u00e8 modo di connettersi a una posizione che non \u00e8 disponibile per voi.<\/p>\n<p><strong>Zachary &#8220;Windscribe \u00e8 incredibile&#8221;<\/strong><br \/>\nCommenti: Utilizzo Windscribe su tutti i miei dispositivi da quasi 2 anni e nel complesso sono molto soddisfatto. \u00c8 in effetti l&#8217;unica vpn che scelgo sempre rispetto alla concorrenza.<br \/>\nPro: la facilit\u00e0 di configurazione e di utilizzo. Ottimi prezzi. Velocit\u00e0 impressionante.<br \/>\nContro: potrebbe utilizzare pi\u00f9 server. Ha bisogno di un programma di affiliazione migliore.<\/p>\n","protected":false},"excerpt":{"rendered":"<p>Windscribe\u00a0\u00e8 un software VPN che ti permette di mascherare il tuo indirizzo IP in modo tale da avere accesso illimitato e privato a siti di intrattenimento, notizie e contenuti bloccati in oltre 63 paesi diversi. Sono molti i governi che bloccano determinati contenuti in base alla posizione e tante le aziende che tracciano e vendono i tuoi dati personali.<\/p>\n","protected":false},"author":17,"featured_media":63996,"parent":63881,"menu_order":0,"comment_status":"open","ping_status":"closed","template":"g1_template_page_review_new.php","meta":{"_acf_changed":false,"cwp_meta_box_check":"No","cwp_rev_product_name":"","cwp_rev_product_image":"","wppr_links":[],"cwp_rev_price":"","wppr_options":[],"wppr_pros":[],"wppr_cons":[],"_monsterinsights_skip_tracking":false,"_monsterinsights_sitenote_active":false,"_monsterinsights_sitenote_note":"","_monsterinsights_sitenote_category":0,"footnotes":""},"categories":[13730],"tags":[13736,13735,13734,13742,13732,13733,13739,13681],"features":[],"class_list":{"0":"post-63995","1":"page","2":"type-page","3":"status-publish","4":"has-post-thumbnail","6":"category-software-vpn-cat","7":"tag-app-vpn","8":"tag-piattaforma-vpn","9":"tag-programma-vpn","10":"tag-rete-virtuale-privata","11":"tag-software-vpn","12":"tag-soluzione-vpn","13":"tag-virtual-private-network","14":"tag-vpn"},"wppr_data":{"cwp_meta_box_check":"No"},"acf":[],"yoast_head":"<!-- This site is optimized with the Yoast SEO plugin v27.4 - https:\/\/yoast.com\/product\/yoast-seo-wordpress\/ -->\n<title>Windscribe: recensione software VPN - Accurate Reviews<\/title>\n<meta name=\"description\" content=\"Windscribe: recensione software VPN che mascherara il tuo indirizzo IP per accedere a siti di intrattenimento, notizie e contenuti bloccati.\" \/>\n<meta name=\"robots\" content=\"index, follow, max-snippet:-1, max-image-preview:large, max-video-preview:-1\" \/>\n<link rel=\"canonical\" href=\"https:\/\/www.accuratereviews.com\/it\/software-vpn\/windscribe-recensione\/\" \/>\n<meta property=\"og:locale\" content=\"it_IT\" \/>\n<meta property=\"og:type\" content=\"article\" \/>\n<meta property=\"og:title\" content=\"Windscribe: recensione software VPN - Accurate Reviews\" \/>\n<meta property=\"og:description\" content=\"Windscribe: recensione software VPN che mascherara il tuo indirizzo IP per accedere a siti di intrattenimento, notizie e contenuti bloccati.\" \/>\n<meta property=\"og:url\" content=\"https:\/\/www.accuratereviews.com\/it\/software-vpn\/windscribe-recensione\/\" \/>\n<meta property=\"og:site_name\" content=\"Accurate Reviews\" \/>\n<meta property=\"article:modified_time\" content=\"2022-11-16T17:04:35+00:00\" \/>\n<meta property=\"og:image\" content=\"https:\/\/www.accuratereviews.com\/wp-content\/uploads\/2022\/11\/61MBBKvS1L.png\" \/>\n\t<meta property=\"og:image:width\" content=\"1024\" \/>\n\t<meta property=\"og:image:height\" content=\"500\" \/>\n\t<meta property=\"og:image:type\" content=\"image\/png\" \/>\n<meta name=\"twitter:card\" content=\"summary_large_image\" \/>\n<meta name=\"twitter:label1\" content=\"Tempo di lettura stimato\" \/>\n\t<meta name=\"twitter:data1\" content=\"3 minuti\" \/>\n<script type=\"application\/ld+json\" class=\"yoast-schema-graph\">{\"@context\":\"https:\\\/\\\/schema.org\",\"@graph\":[{\"@type\":\"WebPage\",\"@id\":\"https:\\\/\\\/www.accuratereviews.com\\\/it\\\/software-vpn\\\/windscribe-recensione\\\/\",\"url\":\"https:\\\/\\\/www.accuratereviews.com\\\/it\\\/software-vpn\\\/windscribe-recensione\\\/\",\"name\":\"Windscribe: recensione software VPN - Accurate Reviews\",\"isPartOf\":{\"@id\":\"https:\\\/\\\/www.accuratereviews.com\\\/it\\\/#website\"},\"primaryImageOfPage\":{\"@id\":\"https:\\\/\\\/www.accuratereviews.com\\\/it\\\/software-vpn\\\/windscribe-recensione\\\/#primaryimage\"},\"image\":{\"@id\":\"https:\\\/\\\/www.accuratereviews.com\\\/it\\\/software-vpn\\\/windscribe-recensione\\\/#primaryimage\"},\"thumbnailUrl\":\"https:\\\/\\\/www.accuratereviews.com\\\/wp-content\\\/uploads\\\/2022\\\/11\\\/61MBBKvS1L.png\",\"datePublished\":\"2022-11-15T19:49:10+00:00\",\"dateModified\":\"2022-11-16T17:04:35+00:00\",\"description\":\"Windscribe: recensione software VPN che mascherara il tuo indirizzo IP per accedere a siti di intrattenimento, notizie e contenuti bloccati.\",\"breadcrumb\":{\"@id\":\"https:\\\/\\\/www.accuratereviews.com\\\/it\\\/software-vpn\\\/windscribe-recensione\\\/#breadcrumb\"},\"inLanguage\":\"it-IT\",\"potentialAction\":[{\"@type\":\"ReadAction\",\"target\":[\"https:\\\/\\\/www.accuratereviews.com\\\/it\\\/software-vpn\\\/windscribe-recensione\\\/\"]}]},{\"@type\":\"ImageObject\",\"inLanguage\":\"it-IT\",\"@id\":\"https:\\\/\\\/www.accuratereviews.com\\\/it\\\/software-vpn\\\/windscribe-recensione\\\/#primaryimage\",\"url\":\"https:\\\/\\\/www.accuratereviews.com\\\/wp-content\\\/uploads\\\/2022\\\/11\\\/61MBBKvS1L.png\",\"contentUrl\":\"https:\\\/\\\/www.accuratereviews.com\\\/wp-content\\\/uploads\\\/2022\\\/11\\\/61MBBKvS1L.png\",\"width\":1024,\"height\":500},{\"@type\":\"BreadcrumbList\",\"@id\":\"https:\\\/\\\/www.accuratereviews.com\\\/it\\\/software-vpn\\\/windscribe-recensione\\\/#breadcrumb\",\"itemListElement\":[{\"@type\":\"ListItem\",\"position\":1,\"name\":\"Home\",\"item\":\"https:\\\/\\\/www.accuratereviews.com\\\/it\\\/\"},{\"@type\":\"ListItem\",\"position\":2,\"name\":\"Software VPN\",\"item\":\"https:\\\/\\\/www.accuratereviews.com\\\/it\\\/software-vpn\\\/\"},{\"@type\":\"ListItem\",\"position\":3,\"name\":\"Windscribe\"}]},{\"@type\":\"WebSite\",\"@id\":\"https:\\\/\\\/www.accuratereviews.com\\\/it\\\/#website\",\"url\":\"https:\\\/\\\/www.accuratereviews.com\\\/it\\\/\",\"name\":\"Accurate Reviews\",\"description\":\"\",\"potentialAction\":[{\"@type\":\"SearchAction\",\"target\":{\"@type\":\"EntryPoint\",\"urlTemplate\":\"https:\\\/\\\/www.accuratereviews.com\\\/it\\\/?s={search_term_string}\"},\"query-input\":{\"@type\":\"PropertyValueSpecification\",\"valueRequired\":true,\"valueName\":\"search_term_string\"}}],\"inLanguage\":\"it-IT\"}]}<\/script>\n<!-- \/ Yoast SEO plugin. -->","yoast_head_json":{"title":"Windscribe: recensione software VPN - Accurate Reviews","description":"Windscribe: recensione software VPN che mascherara il tuo indirizzo IP per accedere a siti di intrattenimento, notizie e contenuti bloccati.","robots":{"index":"index","follow":"follow","max-snippet":"max-snippet:-1","max-image-preview":"max-image-preview:large","max-video-preview":"max-video-preview:-1"},"canonical":"https:\/\/www.accuratereviews.com\/it\/software-vpn\/windscribe-recensione\/","og_locale":"it_IT","og_type":"article","og_title":"Windscribe: recensione software VPN - Accurate Reviews","og_description":"Windscribe: recensione software VPN che mascherara il tuo indirizzo IP per accedere a siti di intrattenimento, notizie e contenuti bloccati.","og_url":"https:\/\/www.accuratereviews.com\/it\/software-vpn\/windscribe-recensione\/","og_site_name":"Accurate Reviews","article_modified_time":"2022-11-16T17:04:35+00:00","og_image":[{"width":1024,"height":500,"url":"https:\/\/www.accuratereviews.com\/wp-content\/uploads\/2022\/11\/61MBBKvS1L.png","type":"image\/png"}],"twitter_card":"summary_large_image","twitter_misc":{"Tempo di lettura stimato":"3 minuti"},"schema":{"@context":"https:\/\/schema.org","@graph":[{"@type":"WebPage","@id":"https:\/\/www.accuratereviews.com\/it\/software-vpn\/windscribe-recensione\/","url":"https:\/\/www.accuratereviews.com\/it\/software-vpn\/windscribe-recensione\/","name":"Windscribe: recensione software VPN - Accurate Reviews","isPartOf":{"@id":"https:\/\/www.accuratereviews.com\/it\/#website"},"primaryImageOfPage":{"@id":"https:\/\/www.accuratereviews.com\/it\/software-vpn\/windscribe-recensione\/#primaryimage"},"image":{"@id":"https:\/\/www.accuratereviews.com\/it\/software-vpn\/windscribe-recensione\/#primaryimage"},"thumbnailUrl":"https:\/\/www.accuratereviews.com\/wp-content\/uploads\/2022\/11\/61MBBKvS1L.png","datePublished":"2022-11-15T19:49:10+00:00","dateModified":"2022-11-16T17:04:35+00:00","description":"Windscribe: recensione software VPN che mascherara il tuo indirizzo IP per accedere a siti di intrattenimento, notizie e contenuti bloccati.","breadcrumb":{"@id":"https:\/\/www.accuratereviews.com\/it\/software-vpn\/windscribe-recensione\/#breadcrumb"},"inLanguage":"it-IT","potentialAction":[{"@type":"ReadAction","target":["https:\/\/www.accuratereviews.com\/it\/software-vpn\/windscribe-recensione\/"]}]},{"@type":"ImageObject","inLanguage":"it-IT","@id":"https:\/\/www.accuratereviews.com\/it\/software-vpn\/windscribe-recensione\/#primaryimage","url":"https:\/\/www.accuratereviews.com\/wp-content\/uploads\/2022\/11\/61MBBKvS1L.png","contentUrl":"https:\/\/www.accuratereviews.com\/wp-content\/uploads\/2022\/11\/61MBBKvS1L.png","width":1024,"height":500},{"@type":"BreadcrumbList","@id":"https:\/\/www.accuratereviews.com\/it\/software-vpn\/windscribe-recensione\/#breadcrumb","itemListElement":[{"@type":"ListItem","position":1,"name":"Home","item":"https:\/\/www.accuratereviews.com\/it\/"},{"@type":"ListItem","position":2,"name":"Software VPN","item":"https:\/\/www.accuratereviews.com\/it\/software-vpn\/"},{"@type":"ListItem","position":3,"name":"Windscribe"}]},{"@type":"WebSite","@id":"https:\/\/www.accuratereviews.com\/it\/#website","url":"https:\/\/www.accuratereviews.com\/it\/","name":"Accurate Reviews","description":"","potentialAction":[{"@type":"SearchAction","target":{"@type":"EntryPoint","urlTemplate":"https:\/\/www.accuratereviews.com\/it\/?s={search_term_string}"},"query-input":{"@type":"PropertyValueSpecification","valueRequired":true,"valueName":"search_term_string"}}],"inLanguage":"it-IT"}]}},"_links":{"self":[{"href":"https:\/\/www.accuratereviews.com\/it\/wp-json\/wp\/v2\/pages\/63995","targetHints":{"allow":["GET"]}}],"collection":[{"href":"https:\/\/www.accuratereviews.com\/it\/wp-json\/wp\/v2\/pages"}],"about":[{"href":"https:\/\/www.accuratereviews.com\/it\/wp-json\/wp\/v2\/types\/page"}],"author":[{"embeddable":true,"href":"https:\/\/www.accuratereviews.com\/it\/wp-json\/wp\/v2\/users\/17"}],"replies":[{"embeddable":true,"href":"https:\/\/www.accuratereviews.com\/it\/wp-json\/wp\/v2\/comments?post=63995"}],"version-history":[{"count":5,"href":"https:\/\/www.accuratereviews.com\/it\/wp-json\/wp\/v2\/pages\/63995\/revisions"}],"predecessor-version":[{"id":64082,"href":"https:\/\/www.accuratereviews.com\/it\/wp-json\/wp\/v2\/pages\/63995\/revisions\/64082"}],"up":[{"embeddable":true,"href":"https:\/\/www.accuratereviews.com\/it\/wp-json\/wp\/v2\/pages\/63881"}],"wp:featuredmedia":[{"embeddable":true,"href":"https:\/\/www.accuratereviews.com\/it\/wp-json\/wp\/v2\/media\/63996"}],"wp:attachment":[{"href":"https:\/\/www.accuratereviews.com\/it\/wp-json\/wp\/v2\/media?parent=63995"}],"wp:term":[{"taxonomy":"category","embeddable":true,"href":"https:\/\/www.accuratereviews.com\/it\/wp-json\/wp\/v2\/categories?post=63995"},{"taxonomy":"post_tag","embeddable":true,"href":"https:\/\/www.accuratereviews.com\/it\/wp-json\/wp\/v2\/tags?post=63995"},{"taxonomy":"features","embeddable":true,"href":"https:\/\/www.accuratereviews.com\/it\/wp-json\/wp\/v2\/features?post=63995"}],"curies":[{"name":"wp","href":"https:\/\/api.w.org\/{rel}","templated":true}]}}