{"id":64039,"date":"2022-11-16T17:59:44","date_gmt":"2022-11-16T17:59:44","guid":{"rendered":"https:\/\/www.accuratereviews.com\/?page_id=64039"},"modified":"2022-11-16T22:39:44","modified_gmt":"2022-11-16T22:39:44","slug":"cyberghost-vpn-recensione","status":"publish","type":"page","link":"https:\/\/www.accuratereviews.com\/it\/software-vpn\/cyberghost-vpn-recensione\/","title":{"rendered":"CyberGhost VPN"},"content":{"rendered":"<p><strong>CyberGhost VPN<\/strong> \u00e8 progettato per aiutare le organizzazioni a semplificare le operazioni di <strong>navigazione anonima<\/strong> e crittografia dei dati tramite una piattaforma unificata. L&#8217;applicazione consente agli utenti di nascondere i propri indirizzi IP, accedere in modo sicuro ai wi-fi pubblici, elaborare transazioni online e reindirizzare il traffico attraverso un tunnel <strong>VPN crittografato<\/strong>.\u00a0Il programma consente ai professionisti di bloccare gli annunci pubblicitari, ignorare la geolocalizzazione HTML5 ed escludere siti web specifici dalla navigazione.<br \/>\nAltre funzionalit\u00e0 includono: protezione da fughe DNS, kill switch, supporto multilingue, gestione delle policy, controllo degli accessi, reportistica e altro ancora.<\/p>\n<h2>CYBERGHOST VPN &#8211; TUTORIAL<\/h2>\n<div id=\"fluid-wrapper-counter-1\" class=\"g1-fluid-wrapper \" style=\"width:686px;\">\n<div style=\"padding-bottom:56.268221574344%;\"><iframe loading=\"lazy\" title=\"Navigare anonimi tramite VPN scelta paese e gratis con CyberGhost\" width=\"686\" height=\"386\" src=\"https:\/\/www.youtube.com\/embed\/XbJL5jRlhn8?feature=oembed&amp;wmode=transparent&amp;autohide=1&amp;autoplay=0&amp;disablekb=0&amp;fs=1&amp;loop=0&amp;enablejsapi=1&amp;rel=0&amp;controls=2&amp;showinfo=0&amp;wmode=transparent&amp;autohide=2&amp;autoplay=0&amp;disablekb=0&amp;fs=1&amp;loop=0&amp;enablejsapi=1&amp;rel=0&amp;controls=2&amp;showinfo=1\" frameborder=\"0\" allow=\"accelerometer; autoplay; clipboard-write; encrypted-media; gyroscope; picture-in-picture\" allowfullscreen><\/iframe><\/div>\n<\/div>\n<h3>CYBERGHOST VPN &#8211; CARATTERISTICHE<\/h3>\n<ul>\n<li><strong>Zero rischi sulle reti wi-fi pubbliche<\/strong>: le reti wi-fi pubbliche ti lasciano esposto a minacce e attacchi online. la soluzione ti protegge dal furto di dati: le tante spie digitali non potranno vedere nessuna delle informazioni che condividi.<\/li>\n<li><strong>Un\u2019ottima compagna di viaggio<\/strong>: a\u00a0seconda della destinazione del tuo viaggio, potresti incorrere in limitazioni quando tenti l\u2019accesso ai tuoi servizi online preferiti. Con questa VPN al tuo fianco, potrai superare qualsiasi restrizione sui contenuti online.<\/li>\n<li><strong>Esperienza di gioco protetta<\/strong>:\u00a0Usare il programma per il gaming comporta l&#8217;assenza di restrizioni geografiche sui giochi e una maggior velocit\u00e0 della rete. Inoltre, sarai protetto da malware e attacchi DDoS (Distributed Denial of Service).<\/li>\n<li><strong>I tuoi programmi preferiti sempre con te:<\/strong>\u00a0\u00e8 utile per lo streaming di film, serie TV, concerti e notizie in diretta. Ottieni anche l\u2019accesso ai posti in prima fila per goderti gli eventi sportivi senza limitazioni.<\/li>\n<li><strong>Mascheramento dei dati personali<\/strong>: ogni giorno digiti password, scrivi email personali o aziendali e accedi al tuo conto bancario. Dovresti sempre proteggere con una VPN i tuoi preziosi dati.<\/li>\n<li><strong>Sicurezza nella condivisione di file via P2P<\/strong>: scaricare musica e film in modo sicuro e riservato sar\u00e0 un gioco da ragazzi con i server speciali che supportano le connessioni P2P. Potrai scaricare e aprire file torrent mantenendo l&#8217;anonimato.<\/li>\n<\/ul>\n<h4>LE RECENSIONI DEGLI UTENTI<\/h4>\n<p><strong>Angus&#8221;La prima VPN che abbia mai usato e che resiste alla prova del tempo&#8221;<\/strong><br \/>\n<strong>Commenti<\/strong>: CyberGhost \u00e8 un&#8217;ottima VPN sia che tu ne abbia bisogno per la privacy, per la visualizzazione di contenuti con restrizioni nazionali o semplicemente per la tranquillit\u00e0. Se non hai mai usato una VPN prima, \u00e8 molto facile iniziare.<br \/>\n<strong>Pro<\/strong>: Cyberghost \u00e8 la prima VPN che abbia mai usato, da allora si \u00e8 costruita una solida reputazione. Hanno una vasta gamma di server, grande latenza e un software che funziona. \u00c8 un ottimo software per chi ha bisogno di una VPN di base.<br \/>\n<strong>Contro<\/strong>: L&#8217;unico aspetto negativo che sentivo di avere con CyberGhost era che le loro politiche di registrazione sulla memorizzazione dei dati degli utenti non erano completamente chiare dal loro sito web.<\/p>\n<p><strong>Zbyszek&#8221;Recensione di CyberGhost VPN&#8221;<\/strong><br \/>\n<strong>Commenti<\/strong>: Ottima VPN personale che fornisce ulteriore sicurezza e possibilit\u00e0 di visualizzare contenuti diversi o locali da altri paesi<br \/>\n<strong>Pro<\/strong>: Facile da installare, facile da usare, molto economico<br \/>\n<strong>Contro<\/strong>: In realt\u00e0 non ho trovato una caratteristica che non mi piaccia. L&#8217;utilizzo di server esterni lo rende pi\u00f9 lento, ma \u00e8 a causa della latenza e non del software stesso.<\/p>\n<p><strong>Victor&#8221;\u00c8 una buona opzione per VPN e abbastanza economica&#8221;<\/strong><br \/>\n<strong>Pro<\/strong>: Abbastanza economico con cos\u00ec tante caratteristiche importanti.<br \/>\n<strong>Contro<\/strong>: Forse solo per il paese selezionato, non tutti i paesi sono disponibili in queste app VPN.<\/p>\n","protected":false},"excerpt":{"rendered":"<p>CyberGhost VPN \u00e8 progettato per aiutare le organizzazioni a semplificare le operazioni di navigazione anonima e crittografia dei dati tramite una piattaforma unificata. L&#8217;applicazione consente agli utenti di nascondere i propri indirizzi IP, accedere in modo sicuro ai wi-fi pubblici, elaborare transazioni online e reindirizzare il traffico attraverso un tunnel VPN crittografato.<\/p>\n","protected":false},"author":19,"featured_media":64041,"parent":63881,"menu_order":0,"comment_status":"open","ping_status":"closed","template":"g1_template_page_review_new.php","meta":{"_acf_changed":false,"cwp_meta_box_check":"Yes","cwp_rev_product_name":"","cwp_rev_product_image":"","wppr_links":[],"cwp_rev_price":"0.00","wppr_options":[{"name":"Usability","value":"0"},{"name":"Speed","value":"0"},{"name":"Features","value":"0"},{"name":"Support","value":"0"},{"name":"Pricing","value":"0"}],"wppr_pros":["","","","",""],"wppr_cons":["","","","",""],"_monsterinsights_skip_tracking":false,"_monsterinsights_sitenote_active":false,"_monsterinsights_sitenote_note":"","_monsterinsights_sitenote_category":0,"footnotes":""},"categories":[13730],"tags":[13766,13735,13734,13765,13732,13733,13739,13681],"features":[],"class_list":{"0":"post-64039","1":"page","2":"type-page","3":"status-publish","4":"has-post-thumbnail","6":"category-software-vpn-cat","7":"tag-cyberghost-vpn","8":"tag-piattaforma-vpn","9":"tag-programma-vpn","10":"tag-rete-privata-virtuale","11":"tag-software-vpn","12":"tag-soluzione-vpn","13":"tag-virtual-private-network","14":"tag-vpn"},"wppr_data":{"cwp_meta_box_check":"Yes","_wppr_review_template":"default","cwp_rev_product_image":"","cwp_image_link":"image","wppr_links":[],"cwp_rev_price":"0.00","wppr_pros":["","","","",""],"wppr_cons":["","","","",""],"wppr_rating":"0.00","wppr_options":{"1":{"name":"Usability","value":"0"},"2":{"name":"Speed","value":"0"},"3":{"name":"Features","value":"0"},"4":{"name":"Support","value":"0"},"5":{"name":"Pricing","value":"0"}},"wppr_review_type":"Product","wppr_review_custom_fields":{"additionalProperty":"","additionalType":"","aggregateRating":"","alternateName":"","audience":"","award":"","awards":"","brand":"","color":"","depth":"","description":"","disambiguatingDescription":"","gtin12":"","gtin13":"","gtin14":"","gtin8":"","height":"","identifier":"","image":"","isAccessoryOrSparePartFor":"","isConsumableFor":"","isRelatedTo":"","isSimilarTo":"","itemCondition":"","logo":"","mainEntityOfPage":"","manufacturer":"","material":"","model":"","mpn":"","name":"","offers":"","potentialAction":"","productID":"","productionDate":"","purchaseDate":"","releaseDate":"","review":"","reviews":"","sameAs":"","sku":"","slogan":"","subjectOf":"","url":"","weight":"","width":""}},"acf":[],"yoast_head":"<!-- This site is optimized with the Yoast SEO plugin v27.4 - https:\/\/yoast.com\/product\/yoast-seo-wordpress\/ -->\n<title>CyberGhost VPN: recensione software VPN - Accurate Reviews<\/title>\n<meta name=\"description\" content=\"CyberGhost VPN: recensione software VPN progettato per semplificare le operazioni di navigazione anonima e crittografia dei dati.\" \/>\n<meta name=\"robots\" content=\"index, follow, max-snippet:-1, max-image-preview:large, max-video-preview:-1\" \/>\n<link rel=\"canonical\" href=\"https:\/\/www.accuratereviews.com\/it\/software-vpn\/cyberghost-vpn-recensione\/\" \/>\n<meta property=\"og:locale\" content=\"it_IT\" \/>\n<meta property=\"og:type\" content=\"article\" \/>\n<meta property=\"og:title\" content=\"CyberGhost VPN: recensione software VPN - Accurate Reviews\" \/>\n<meta property=\"og:description\" content=\"CyberGhost VPN: recensione software VPN progettato per semplificare le operazioni di navigazione anonima e crittografia dei dati.\" \/>\n<meta property=\"og:url\" content=\"https:\/\/www.accuratereviews.com\/it\/software-vpn\/cyberghost-vpn-recensione\/\" \/>\n<meta property=\"og:site_name\" content=\"Accurate Reviews\" \/>\n<meta property=\"article:modified_time\" content=\"2022-11-16T22:39:44+00:00\" \/>\n<meta property=\"og:image\" content=\"https:\/\/www.accuratereviews.com\/wp-content\/uploads\/2022\/11\/cyberghost-vpn.png\" \/>\n\t<meta property=\"og:image:width\" content=\"350\" \/>\n\t<meta property=\"og:image:height\" content=\"350\" \/>\n\t<meta property=\"og:image:type\" content=\"image\/png\" \/>\n<meta name=\"twitter:card\" content=\"summary_large_image\" \/>\n<meta name=\"twitter:label1\" content=\"Tempo di lettura stimato\" \/>\n\t<meta name=\"twitter:data1\" content=\"3 minuti\" \/>\n<script type=\"application\/ld+json\" class=\"yoast-schema-graph\">{\"@context\":\"https:\\\/\\\/schema.org\",\"@graph\":[{\"@type\":\"WebPage\",\"@id\":\"https:\\\/\\\/www.accuratereviews.com\\\/it\\\/software-vpn\\\/cyberghost-vpn-recensione\\\/\",\"url\":\"https:\\\/\\\/www.accuratereviews.com\\\/it\\\/software-vpn\\\/cyberghost-vpn-recensione\\\/\",\"name\":\"CyberGhost VPN: recensione software VPN - Accurate Reviews\",\"isPartOf\":{\"@id\":\"https:\\\/\\\/www.accuratereviews.com\\\/it\\\/#website\"},\"primaryImageOfPage\":{\"@id\":\"https:\\\/\\\/www.accuratereviews.com\\\/it\\\/software-vpn\\\/cyberghost-vpn-recensione\\\/#primaryimage\"},\"image\":{\"@id\":\"https:\\\/\\\/www.accuratereviews.com\\\/it\\\/software-vpn\\\/cyberghost-vpn-recensione\\\/#primaryimage\"},\"thumbnailUrl\":\"https:\\\/\\\/www.accuratereviews.com\\\/wp-content\\\/uploads\\\/2022\\\/11\\\/cyberghost-vpn.png\",\"datePublished\":\"2022-11-16T17:59:44+00:00\",\"dateModified\":\"2022-11-16T22:39:44+00:00\",\"description\":\"CyberGhost VPN: recensione software VPN progettato per semplificare le operazioni di navigazione anonima e crittografia dei dati.\",\"breadcrumb\":{\"@id\":\"https:\\\/\\\/www.accuratereviews.com\\\/it\\\/software-vpn\\\/cyberghost-vpn-recensione\\\/#breadcrumb\"},\"inLanguage\":\"it-IT\",\"potentialAction\":[{\"@type\":\"ReadAction\",\"target\":[\"https:\\\/\\\/www.accuratereviews.com\\\/it\\\/software-vpn\\\/cyberghost-vpn-recensione\\\/\"]}]},{\"@type\":\"ImageObject\",\"inLanguage\":\"it-IT\",\"@id\":\"https:\\\/\\\/www.accuratereviews.com\\\/it\\\/software-vpn\\\/cyberghost-vpn-recensione\\\/#primaryimage\",\"url\":\"https:\\\/\\\/www.accuratereviews.com\\\/wp-content\\\/uploads\\\/2022\\\/11\\\/cyberghost-vpn.png\",\"contentUrl\":\"https:\\\/\\\/www.accuratereviews.com\\\/wp-content\\\/uploads\\\/2022\\\/11\\\/cyberghost-vpn.png\",\"width\":350,\"height\":350},{\"@type\":\"BreadcrumbList\",\"@id\":\"https:\\\/\\\/www.accuratereviews.com\\\/it\\\/software-vpn\\\/cyberghost-vpn-recensione\\\/#breadcrumb\",\"itemListElement\":[{\"@type\":\"ListItem\",\"position\":1,\"name\":\"Home\",\"item\":\"https:\\\/\\\/www.accuratereviews.com\\\/it\\\/\"},{\"@type\":\"ListItem\",\"position\":2,\"name\":\"Software VPN\",\"item\":\"https:\\\/\\\/www.accuratereviews.com\\\/it\\\/software-vpn\\\/\"},{\"@type\":\"ListItem\",\"position\":3,\"name\":\"CyberGhost VPN\"}]},{\"@type\":\"WebSite\",\"@id\":\"https:\\\/\\\/www.accuratereviews.com\\\/it\\\/#website\",\"url\":\"https:\\\/\\\/www.accuratereviews.com\\\/it\\\/\",\"name\":\"Accurate Reviews\",\"description\":\"\",\"potentialAction\":[{\"@type\":\"SearchAction\",\"target\":{\"@type\":\"EntryPoint\",\"urlTemplate\":\"https:\\\/\\\/www.accuratereviews.com\\\/it\\\/?s={search_term_string}\"},\"query-input\":{\"@type\":\"PropertyValueSpecification\",\"valueRequired\":true,\"valueName\":\"search_term_string\"}}],\"inLanguage\":\"it-IT\"}]}<\/script>\n<!-- \/ Yoast SEO plugin. -->","yoast_head_json":{"title":"CyberGhost VPN: recensione software VPN - Accurate Reviews","description":"CyberGhost VPN: recensione software VPN progettato per semplificare le operazioni di navigazione anonima e crittografia dei dati.","robots":{"index":"index","follow":"follow","max-snippet":"max-snippet:-1","max-image-preview":"max-image-preview:large","max-video-preview":"max-video-preview:-1"},"canonical":"https:\/\/www.accuratereviews.com\/it\/software-vpn\/cyberghost-vpn-recensione\/","og_locale":"it_IT","og_type":"article","og_title":"CyberGhost VPN: recensione software VPN - Accurate Reviews","og_description":"CyberGhost VPN: recensione software VPN progettato per semplificare le operazioni di navigazione anonima e crittografia dei dati.","og_url":"https:\/\/www.accuratereviews.com\/it\/software-vpn\/cyberghost-vpn-recensione\/","og_site_name":"Accurate Reviews","article_modified_time":"2022-11-16T22:39:44+00:00","og_image":[{"width":350,"height":350,"url":"https:\/\/www.accuratereviews.com\/wp-content\/uploads\/2022\/11\/cyberghost-vpn.png","type":"image\/png"}],"twitter_card":"summary_large_image","twitter_misc":{"Tempo di lettura stimato":"3 minuti"},"schema":{"@context":"https:\/\/schema.org","@graph":[{"@type":"WebPage","@id":"https:\/\/www.accuratereviews.com\/it\/software-vpn\/cyberghost-vpn-recensione\/","url":"https:\/\/www.accuratereviews.com\/it\/software-vpn\/cyberghost-vpn-recensione\/","name":"CyberGhost VPN: recensione software VPN - Accurate Reviews","isPartOf":{"@id":"https:\/\/www.accuratereviews.com\/it\/#website"},"primaryImageOfPage":{"@id":"https:\/\/www.accuratereviews.com\/it\/software-vpn\/cyberghost-vpn-recensione\/#primaryimage"},"image":{"@id":"https:\/\/www.accuratereviews.com\/it\/software-vpn\/cyberghost-vpn-recensione\/#primaryimage"},"thumbnailUrl":"https:\/\/www.accuratereviews.com\/wp-content\/uploads\/2022\/11\/cyberghost-vpn.png","datePublished":"2022-11-16T17:59:44+00:00","dateModified":"2022-11-16T22:39:44+00:00","description":"CyberGhost VPN: recensione software VPN progettato per semplificare le operazioni di navigazione anonima e crittografia dei dati.","breadcrumb":{"@id":"https:\/\/www.accuratereviews.com\/it\/software-vpn\/cyberghost-vpn-recensione\/#breadcrumb"},"inLanguage":"it-IT","potentialAction":[{"@type":"ReadAction","target":["https:\/\/www.accuratereviews.com\/it\/software-vpn\/cyberghost-vpn-recensione\/"]}]},{"@type":"ImageObject","inLanguage":"it-IT","@id":"https:\/\/www.accuratereviews.com\/it\/software-vpn\/cyberghost-vpn-recensione\/#primaryimage","url":"https:\/\/www.accuratereviews.com\/wp-content\/uploads\/2022\/11\/cyberghost-vpn.png","contentUrl":"https:\/\/www.accuratereviews.com\/wp-content\/uploads\/2022\/11\/cyberghost-vpn.png","width":350,"height":350},{"@type":"BreadcrumbList","@id":"https:\/\/www.accuratereviews.com\/it\/software-vpn\/cyberghost-vpn-recensione\/#breadcrumb","itemListElement":[{"@type":"ListItem","position":1,"name":"Home","item":"https:\/\/www.accuratereviews.com\/it\/"},{"@type":"ListItem","position":2,"name":"Software VPN","item":"https:\/\/www.accuratereviews.com\/it\/software-vpn\/"},{"@type":"ListItem","position":3,"name":"CyberGhost VPN"}]},{"@type":"WebSite","@id":"https:\/\/www.accuratereviews.com\/it\/#website","url":"https:\/\/www.accuratereviews.com\/it\/","name":"Accurate Reviews","description":"","potentialAction":[{"@type":"SearchAction","target":{"@type":"EntryPoint","urlTemplate":"https:\/\/www.accuratereviews.com\/it\/?s={search_term_string}"},"query-input":{"@type":"PropertyValueSpecification","valueRequired":true,"valueName":"search_term_string"}}],"inLanguage":"it-IT"}]}},"_links":{"self":[{"href":"https:\/\/www.accuratereviews.com\/it\/wp-json\/wp\/v2\/pages\/64039","targetHints":{"allow":["GET"]}}],"collection":[{"href":"https:\/\/www.accuratereviews.com\/it\/wp-json\/wp\/v2\/pages"}],"about":[{"href":"https:\/\/www.accuratereviews.com\/it\/wp-json\/wp\/v2\/types\/page"}],"author":[{"embeddable":true,"href":"https:\/\/www.accuratereviews.com\/it\/wp-json\/wp\/v2\/users\/19"}],"replies":[{"embeddable":true,"href":"https:\/\/www.accuratereviews.com\/it\/wp-json\/wp\/v2\/comments?post=64039"}],"version-history":[{"count":8,"href":"https:\/\/www.accuratereviews.com\/it\/wp-json\/wp\/v2\/pages\/64039\/revisions"}],"predecessor-version":[{"id":64098,"href":"https:\/\/www.accuratereviews.com\/it\/wp-json\/wp\/v2\/pages\/64039\/revisions\/64098"}],"up":[{"embeddable":true,"href":"https:\/\/www.accuratereviews.com\/it\/wp-json\/wp\/v2\/pages\/63881"}],"wp:featuredmedia":[{"embeddable":true,"href":"https:\/\/www.accuratereviews.com\/it\/wp-json\/wp\/v2\/media\/64041"}],"wp:attachment":[{"href":"https:\/\/www.accuratereviews.com\/it\/wp-json\/wp\/v2\/media?parent=64039"}],"wp:term":[{"taxonomy":"category","embeddable":true,"href":"https:\/\/www.accuratereviews.com\/it\/wp-json\/wp\/v2\/categories?post=64039"},{"taxonomy":"post_tag","embeddable":true,"href":"https:\/\/www.accuratereviews.com\/it\/wp-json\/wp\/v2\/tags?post=64039"},{"taxonomy":"features","embeddable":true,"href":"https:\/\/www.accuratereviews.com\/it\/wp-json\/wp\/v2\/features?post=64039"}],"curies":[{"name":"wp","href":"https:\/\/api.w.org\/{rel}","templated":true}]}}