{"id":64048,"date":"2022-11-16T17:58:26","date_gmt":"2022-11-16T17:58:26","guid":{"rendered":"https:\/\/www.accuratereviews.com\/?page_id=64048"},"modified":"2022-11-16T17:58:26","modified_gmt":"2022-11-16T17:58:26","slug":"ipvanish-recensione","status":"publish","type":"page","link":"https:\/\/www.accuratereviews.com\/it\/software-vpn\/ipvanish-recensione\/","title":{"rendered":"IPVanish"},"content":{"rendered":"<p><strong>IPVanish<\/strong> \u00e8 un <strong>software di rete privata virtuale (VPN)<\/strong> progettato per aiutare i privati e le aziende di tutte le dimensioni a proteggere le connessioni internet e proteggere i dati privati \u200b\u200bdal furto online e dall&#8217;accesso non autorizzato. La piattaforma consente di crittografare il traffico internet e le reti e stabilire indirizzi IP anonimi per accedere in modo sicuro a siti web e media online. La soluzione\u00a0offre funzionalit\u00e0 di archiviazione <strong>cloud<\/strong>, che permette alle aziende di eseguire il backup delle informazioni e archiviare, visualizzare e accedere a documenti, file multimediali e altri dati in un repository centralizzato per riferimenti futuri. Offre una serie di funzionalit\u00e0 come la crittografia dei dati, la sincronizzazione automatica, la cancellazione remota dei dati, la gestione degli accessi, la modifica dei file in-app, i server proxy, la privacy degli hotspot wi-fi e altro ancora.<\/p>\n<h2>IPVANISH &#8211; TUTORIAL<\/h2>\n<div id=\"fluid-wrapper-counter-1\" class=\"g1-fluid-wrapper \" style=\"width:686px;\">\n<div style=\"padding-bottom:56.268221574344%;\"><iframe loading=\"lazy\" title=\"Don&#039;t Use a VPN...it&#039;s not the ultimate security fix you&#039;ve been told\" width=\"686\" height=\"386\" src=\"https:\/\/www.youtube.com\/embed\/8x1BJCKwqpI?feature=oembed&amp;wmode=transparent&amp;autohide=1&amp;autoplay=0&amp;disablekb=0&amp;fs=1&amp;loop=0&amp;enablejsapi=1&amp;rel=0&amp;controls=2&amp;showinfo=0&amp;wmode=transparent&amp;autohide=2&amp;autoplay=0&amp;disablekb=0&amp;fs=1&amp;loop=0&amp;enablejsapi=1&amp;rel=0&amp;controls=2&amp;showinfo=1\" frameborder=\"0\" allow=\"accelerometer; autoplay; clipboard-write; encrypted-media; gyroscope; picture-in-picture\" allowfullscreen><\/iframe><\/div>\n<\/div>\n<h3>IPVANISH &#8211; CARATTERISTICHE<\/h3>\n<ul>\n<li><strong>Oltre 2.000 server in oltre 75 posizioni VPN<\/strong>: possiedono\u00a0e gestiscono oltre 2.000 server VPN in pi\u00f9 di 75 sedi VPN globali, offrendoti il \u200b\u200bpieno controllo della tua posizione online. Non importa dove ti trovi nel mondo, con questa soluzione \u00e8 disponibile una connessione VPN ad alta velocit\u00e0.<\/li>\n<li><strong>Accesso sicuro ai contenuti multimediali<\/strong>: mantieni privato il tuo consumo di contenuti multimediali e accedi in sicurezza ai siti web e ai servizi su cui fai affidamento, ogni volta che ne hai bisogno.<\/li>\n<li><strong>Indirizzi IP condivisi:<\/strong> aumenta il tuo anonimato e maschera la tua vera identit\u00e0 e posizione online con oltre 40.000 indirizzi IP. Questi IP sono condivisi tra gli abbonati in modo che nessuna attivit\u00e0 possa essere ricondotta ai singoli utenti.<\/li>\n<li><strong>Navigazione web crittografata<\/strong>: proteggi il tuo traffico internet da ficcanaso, attacchi Man-in-the-Middle, inserzionisti e altro ancora con standard di crittografia avanzati. Le connessioni VPN IPVanish proteggono il tuo traffico personale per rendere sicura qualsiasi connessione di rete.<\/li>\n<li><strong>Supporto 24 ore su 24, 7 giorni su 7:<\/strong> se hai bisogno di assistenza, il team di esperti di supporto \u00e8 disponibile 24 ore su 24, 7 giorni su 7, 365 giorni l&#8217;anno tramite live chat, email e telefono. Mantengono anche un database di conoscenza con domande frequenti e tutorial per tutte le tue esigenze.<\/li>\n<li><strong>VPN per ogni dispositivo<\/strong>: ottieni la protezione dei dati che meriti per ogni dispositivo che possiedi, con app VPN per tutte le principali piattaforme. Dal supporto VPN desktop a mobile, tablet, smart TV, dispositivi di streaming e persino router VPN.<\/li>\n<li><strong>Navigazione ad alta velocit\u00e0<\/strong>: goditi tutti i vantaggi di una VPN senza sacrificare la velocit\u00e0 nel processo.<\/li>\n<li><strong>Connessioni illimitate<\/strong>: la soluzione\u00a0protegge la tua privacy ogni volta che sei online, quindi offre un numero illimitato di connessioni per account. Ci\u00f2 significa che puoi connettere pi\u00f9 dispositivi contemporaneamente alla rete VPN.<\/li>\n<\/ul>\n<h4>LE RECENSIONI DEGLI UTENTI<\/h4>\n<p class=\"fw-bold mb-2\"><strong>Kevin&#8221;IPVanish protegge il tuo anonimato&#8221;<\/strong><br \/>\n<strong>Commenti<\/strong>: Ho utilizzato IPVanish come VPN per proteggere la mia identit\u00e0 negli ultimi 4-5 anni e l&#8217;ho sempre trovato molto semplice da usare. Non \u00e8 la VPN pi\u00f9 economica sul mercato, tuttavia ha pi\u00f9 funzionalit\u00e0 di molte, ci sono pi\u00f9 server in pi\u00f9 paesi rispetto alla maggior parte, il che rende facile navigare sul web in modo completamente anonimo. L&#8217;azienda non conserva i registri delle attivit\u00e0 e, in caso di perdita della connessione, la VPN pu\u00f2 essere configurata per disattivare completamente Internet fino a quando la VPN non viene ripristinata, un&#8217;ottima funzionalit\u00e0 di sicurezza. Consiglierei IPVanish rispetto a molti dei suoi concorrenti pi\u00f9 economici.<br \/>\n<strong>Pro<\/strong>: facilit\u00e0 d&#8217;uso, IPVanish \u00e8 una VPN relativamente semplice disponibile per desktop e dispositivi mobili.<br \/>\n<strong>Contro<\/strong>: la versione mobile del prodotto sembra uscire regolarmente.<\/p>\n<p><strong>Ed&#8221;Recensione VPN IPVanish&#8221;<\/strong><br \/>\n<strong>Commenti<\/strong>: La sicurezza, la privacy e un servizio affidabile con connessioni simultanee su tutti i dispositivi sono stati un grande vantaggio.<br \/>\n<strong>Pro<\/strong>: Questo servizio VPN offre oltre mille server anonimi in tutto il mondo. Sostenere di non tenere registri di traffico, il che \u00e8 ottimo per motivi di privacy. Si integra con tutti i dispositivi e fornisce una velocit\u00e0 molto veloce e affidabile a un prezzo ragionevole.<br \/>\n<strong>Contro<\/strong>: Non ho trovato nulla di cui lamentarmi.<\/p>\n<p><strong>Eitan&#8221;VPN a buon prezzo, veloce e sicura&#8221;<\/strong><br \/>\n<strong>Pro<\/strong>: IPVanish \u00e8 una delle VPN pi\u00f9 sicure che abbia mai usato, ha anche un ottimo prezzo e molto veloce<br \/>\n<strong>Contro<\/strong>: Penso che l&#8217;interfaccia utente dovrebbe essere ridisegnata, sembra vecchia.<\/p>\n","protected":false},"excerpt":{"rendered":"<p>IPVanish \u00e8 un software di rete privata virtuale (VPN) progettato per aiutare i privati e le aziende di tutte le dimensioni a proteggere le connessioni internet e proteggere i dati privati \u200b\u200bdal furto online e dall&#8217;accesso non autorizzato. La piattaforma consente di crittografare il traffico internet e le reti e stabilire indirizzi IP anonimi per accedere in modo sicuro a siti web e media online.<\/p>\n","protected":false},"author":19,"featured_media":64050,"parent":63881,"menu_order":0,"comment_status":"open","ping_status":"closed","template":"g1_template_page_review_new.php","meta":{"_acf_changed":false,"cwp_meta_box_check":"No","cwp_rev_product_name":"","cwp_rev_product_image":"","wppr_links":[],"cwp_rev_price":"","wppr_options":[],"wppr_pros":[],"wppr_cons":[],"_monsterinsights_skip_tracking":false,"_monsterinsights_sitenote_active":false,"_monsterinsights_sitenote_note":"","_monsterinsights_sitenote_category":0,"footnotes":""},"categories":[13730],"tags":[13736,13764,13735,13734,13765,13732,13733,13739,13681],"features":[],"class_list":{"0":"post-64048","1":"page","2":"type-page","3":"status-publish","4":"has-post-thumbnail","6":"category-software-vpn-cat","7":"tag-app-vpn","8":"tag-ipvanish","9":"tag-piattaforma-vpn","10":"tag-programma-vpn","11":"tag-rete-privata-virtuale","12":"tag-software-vpn","13":"tag-soluzione-vpn","14":"tag-virtual-private-network","15":"tag-vpn"},"wppr_data":{"cwp_meta_box_check":"No"},"acf":[],"yoast_head":"<!-- This site is optimized with the Yoast SEO plugin v27.4 - https:\/\/yoast.com\/product\/yoast-seo-wordpress\/ -->\n<title>IPVanish: recensione software VPN - Accurate Reviews<\/title>\n<meta name=\"description\" content=\"IPVanish: recensione software VPN progettato per aiutare i privati e le aziende di tutte le dimensioni a proteggere le connessioni internet\" \/>\n<meta name=\"robots\" content=\"index, follow, max-snippet:-1, max-image-preview:large, max-video-preview:-1\" \/>\n<link rel=\"canonical\" href=\"https:\/\/www.accuratereviews.com\/it\/software-vpn\/ipvanish-recensione\/\" \/>\n<meta property=\"og:locale\" content=\"it_IT\" \/>\n<meta property=\"og:type\" content=\"article\" \/>\n<meta property=\"og:title\" content=\"IPVanish: recensione software VPN - Accurate Reviews\" \/>\n<meta property=\"og:description\" content=\"IPVanish: recensione software VPN progettato per aiutare i privati e le aziende di tutte le dimensioni a proteggere le connessioni internet\" \/>\n<meta property=\"og:url\" content=\"https:\/\/www.accuratereviews.com\/it\/software-vpn\/ipvanish-recensione\/\" \/>\n<meta property=\"og:site_name\" content=\"Accurate Reviews\" \/>\n<meta property=\"og:image\" content=\"https:\/\/www.accuratereviews.com\/wp-content\/uploads\/2022\/11\/IPVanish.webp\" \/>\n\t<meta property=\"og:image:width\" content=\"600\" \/>\n\t<meta property=\"og:image:height\" content=\"600\" \/>\n\t<meta property=\"og:image:type\" content=\"image\/webp\" \/>\n<meta name=\"twitter:card\" content=\"summary_large_image\" \/>\n<meta name=\"twitter:label1\" content=\"Tempo di lettura stimato\" \/>\n\t<meta name=\"twitter:data1\" content=\"4 minuti\" \/>\n<script type=\"application\/ld+json\" class=\"yoast-schema-graph\">{\"@context\":\"https:\\\/\\\/schema.org\",\"@graph\":[{\"@type\":\"WebPage\",\"@id\":\"https:\\\/\\\/www.accuratereviews.com\\\/it\\\/software-vpn\\\/ipvanish-recensione\\\/\",\"url\":\"https:\\\/\\\/www.accuratereviews.com\\\/it\\\/software-vpn\\\/ipvanish-recensione\\\/\",\"name\":\"IPVanish: recensione software VPN - Accurate Reviews\",\"isPartOf\":{\"@id\":\"https:\\\/\\\/www.accuratereviews.com\\\/it\\\/#website\"},\"primaryImageOfPage\":{\"@id\":\"https:\\\/\\\/www.accuratereviews.com\\\/it\\\/software-vpn\\\/ipvanish-recensione\\\/#primaryimage\"},\"image\":{\"@id\":\"https:\\\/\\\/www.accuratereviews.com\\\/it\\\/software-vpn\\\/ipvanish-recensione\\\/#primaryimage\"},\"thumbnailUrl\":\"https:\\\/\\\/www.accuratereviews.com\\\/wp-content\\\/uploads\\\/2022\\\/11\\\/IPVanish.webp\",\"datePublished\":\"2022-11-16T17:58:26+00:00\",\"description\":\"IPVanish: recensione software VPN progettato per aiutare i privati e le aziende di tutte le dimensioni a proteggere le connessioni internet\",\"breadcrumb\":{\"@id\":\"https:\\\/\\\/www.accuratereviews.com\\\/it\\\/software-vpn\\\/ipvanish-recensione\\\/#breadcrumb\"},\"inLanguage\":\"it-IT\",\"potentialAction\":[{\"@type\":\"ReadAction\",\"target\":[\"https:\\\/\\\/www.accuratereviews.com\\\/it\\\/software-vpn\\\/ipvanish-recensione\\\/\"]}]},{\"@type\":\"ImageObject\",\"inLanguage\":\"it-IT\",\"@id\":\"https:\\\/\\\/www.accuratereviews.com\\\/it\\\/software-vpn\\\/ipvanish-recensione\\\/#primaryimage\",\"url\":\"https:\\\/\\\/www.accuratereviews.com\\\/wp-content\\\/uploads\\\/2022\\\/11\\\/IPVanish.webp\",\"contentUrl\":\"https:\\\/\\\/www.accuratereviews.com\\\/wp-content\\\/uploads\\\/2022\\\/11\\\/IPVanish.webp\",\"width\":600,\"height\":600},{\"@type\":\"BreadcrumbList\",\"@id\":\"https:\\\/\\\/www.accuratereviews.com\\\/it\\\/software-vpn\\\/ipvanish-recensione\\\/#breadcrumb\",\"itemListElement\":[{\"@type\":\"ListItem\",\"position\":1,\"name\":\"Home\",\"item\":\"https:\\\/\\\/www.accuratereviews.com\\\/it\\\/\"},{\"@type\":\"ListItem\",\"position\":2,\"name\":\"Software VPN\",\"item\":\"https:\\\/\\\/www.accuratereviews.com\\\/it\\\/software-vpn\\\/\"},{\"@type\":\"ListItem\",\"position\":3,\"name\":\"IPVanish\"}]},{\"@type\":\"WebSite\",\"@id\":\"https:\\\/\\\/www.accuratereviews.com\\\/it\\\/#website\",\"url\":\"https:\\\/\\\/www.accuratereviews.com\\\/it\\\/\",\"name\":\"Accurate Reviews\",\"description\":\"\",\"potentialAction\":[{\"@type\":\"SearchAction\",\"target\":{\"@type\":\"EntryPoint\",\"urlTemplate\":\"https:\\\/\\\/www.accuratereviews.com\\\/it\\\/?s={search_term_string}\"},\"query-input\":{\"@type\":\"PropertyValueSpecification\",\"valueRequired\":true,\"valueName\":\"search_term_string\"}}],\"inLanguage\":\"it-IT\"}]}<\/script>\n<!-- \/ Yoast SEO plugin. -->","yoast_head_json":{"title":"IPVanish: recensione software VPN - Accurate Reviews","description":"IPVanish: recensione software VPN progettato per aiutare i privati e le aziende di tutte le dimensioni a proteggere le connessioni internet","robots":{"index":"index","follow":"follow","max-snippet":"max-snippet:-1","max-image-preview":"max-image-preview:large","max-video-preview":"max-video-preview:-1"},"canonical":"https:\/\/www.accuratereviews.com\/it\/software-vpn\/ipvanish-recensione\/","og_locale":"it_IT","og_type":"article","og_title":"IPVanish: recensione software VPN - Accurate Reviews","og_description":"IPVanish: recensione software VPN progettato per aiutare i privati e le aziende di tutte le dimensioni a proteggere le connessioni internet","og_url":"https:\/\/www.accuratereviews.com\/it\/software-vpn\/ipvanish-recensione\/","og_site_name":"Accurate Reviews","og_image":[{"width":600,"height":600,"url":"https:\/\/www.accuratereviews.com\/wp-content\/uploads\/2022\/11\/IPVanish.webp","type":"image\/webp"}],"twitter_card":"summary_large_image","twitter_misc":{"Tempo di lettura stimato":"4 minuti"},"schema":{"@context":"https:\/\/schema.org","@graph":[{"@type":"WebPage","@id":"https:\/\/www.accuratereviews.com\/it\/software-vpn\/ipvanish-recensione\/","url":"https:\/\/www.accuratereviews.com\/it\/software-vpn\/ipvanish-recensione\/","name":"IPVanish: recensione software VPN - Accurate Reviews","isPartOf":{"@id":"https:\/\/www.accuratereviews.com\/it\/#website"},"primaryImageOfPage":{"@id":"https:\/\/www.accuratereviews.com\/it\/software-vpn\/ipvanish-recensione\/#primaryimage"},"image":{"@id":"https:\/\/www.accuratereviews.com\/it\/software-vpn\/ipvanish-recensione\/#primaryimage"},"thumbnailUrl":"https:\/\/www.accuratereviews.com\/wp-content\/uploads\/2022\/11\/IPVanish.webp","datePublished":"2022-11-16T17:58:26+00:00","description":"IPVanish: recensione software VPN progettato per aiutare i privati e le aziende di tutte le dimensioni a proteggere le connessioni internet","breadcrumb":{"@id":"https:\/\/www.accuratereviews.com\/it\/software-vpn\/ipvanish-recensione\/#breadcrumb"},"inLanguage":"it-IT","potentialAction":[{"@type":"ReadAction","target":["https:\/\/www.accuratereviews.com\/it\/software-vpn\/ipvanish-recensione\/"]}]},{"@type":"ImageObject","inLanguage":"it-IT","@id":"https:\/\/www.accuratereviews.com\/it\/software-vpn\/ipvanish-recensione\/#primaryimage","url":"https:\/\/www.accuratereviews.com\/wp-content\/uploads\/2022\/11\/IPVanish.webp","contentUrl":"https:\/\/www.accuratereviews.com\/wp-content\/uploads\/2022\/11\/IPVanish.webp","width":600,"height":600},{"@type":"BreadcrumbList","@id":"https:\/\/www.accuratereviews.com\/it\/software-vpn\/ipvanish-recensione\/#breadcrumb","itemListElement":[{"@type":"ListItem","position":1,"name":"Home","item":"https:\/\/www.accuratereviews.com\/it\/"},{"@type":"ListItem","position":2,"name":"Software VPN","item":"https:\/\/www.accuratereviews.com\/it\/software-vpn\/"},{"@type":"ListItem","position":3,"name":"IPVanish"}]},{"@type":"WebSite","@id":"https:\/\/www.accuratereviews.com\/it\/#website","url":"https:\/\/www.accuratereviews.com\/it\/","name":"Accurate Reviews","description":"","potentialAction":[{"@type":"SearchAction","target":{"@type":"EntryPoint","urlTemplate":"https:\/\/www.accuratereviews.com\/it\/?s={search_term_string}"},"query-input":{"@type":"PropertyValueSpecification","valueRequired":true,"valueName":"search_term_string"}}],"inLanguage":"it-IT"}]}},"_links":{"self":[{"href":"https:\/\/www.accuratereviews.com\/it\/wp-json\/wp\/v2\/pages\/64048","targetHints":{"allow":["GET"]}}],"collection":[{"href":"https:\/\/www.accuratereviews.com\/it\/wp-json\/wp\/v2\/pages"}],"about":[{"href":"https:\/\/www.accuratereviews.com\/it\/wp-json\/wp\/v2\/types\/page"}],"author":[{"embeddable":true,"href":"https:\/\/www.accuratereviews.com\/it\/wp-json\/wp\/v2\/users\/19"}],"replies":[{"embeddable":true,"href":"https:\/\/www.accuratereviews.com\/it\/wp-json\/wp\/v2\/comments?post=64048"}],"version-history":[{"count":8,"href":"https:\/\/www.accuratereviews.com\/it\/wp-json\/wp\/v2\/pages\/64048\/revisions"}],"predecessor-version":[{"id":64089,"href":"https:\/\/www.accuratereviews.com\/it\/wp-json\/wp\/v2\/pages\/64048\/revisions\/64089"}],"up":[{"embeddable":true,"href":"https:\/\/www.accuratereviews.com\/it\/wp-json\/wp\/v2\/pages\/63881"}],"wp:featuredmedia":[{"embeddable":true,"href":"https:\/\/www.accuratereviews.com\/it\/wp-json\/wp\/v2\/media\/64050"}],"wp:attachment":[{"href":"https:\/\/www.accuratereviews.com\/it\/wp-json\/wp\/v2\/media?parent=64048"}],"wp:term":[{"taxonomy":"category","embeddable":true,"href":"https:\/\/www.accuratereviews.com\/it\/wp-json\/wp\/v2\/categories?post=64048"},{"taxonomy":"post_tag","embeddable":true,"href":"https:\/\/www.accuratereviews.com\/it\/wp-json\/wp\/v2\/tags?post=64048"},{"taxonomy":"features","embeddable":true,"href":"https:\/\/www.accuratereviews.com\/it\/wp-json\/wp\/v2\/features?post=64048"}],"curies":[{"name":"wp","href":"https:\/\/api.w.org\/{rel}","templated":true}]}}