{"id":64060,"date":"2022-11-16T16:18:03","date_gmt":"2022-11-16T16:18:03","guid":{"rendered":"https:\/\/www.accuratereviews.com\/?page_id=64060"},"modified":"2022-11-16T17:01:58","modified_gmt":"2022-11-16T17:01:58","slug":"vyprvpn-recensione","status":"publish","type":"page","link":"https:\/\/www.accuratereviews.com\/it\/software-vpn\/vyprvpn-recensione\/","title":{"rendered":"VyprVPN"},"content":{"rendered":"<p class=\"h3 mb-1\"><strong>VyprVPN<\/strong> \u00e8 un <strong>software VPN<\/strong> che ti consente di cambiare il tuo indirizzo IP e\u00a0mascherare la tua posizione per avere accesso illimitato a Internet liberandoti dalla censura e dalla sorveglianza governativa. Dispone di server offuscati che nascondo la tua vera identit\u00e0, proteggendo il tuo traffico dalla fuga verso i server DNS del vostro ISP.<br \/>\nPu\u00f2 essere utilizzato su tutti i tuoi dispositivi in modo tale da proteggerli sempre 24 ore su 24, 7 giorni su 7. Grazie alla sua forte crittografia,\u00a0<strong>VyprVPN\u00a0<\/strong>\u00e8 in grado di mantenere le tue informazioni al sicuro da hacker, furti di identit\u00e0 e malware.<\/p>\n<h2>VYPRVPN &#8211; TUTORIAL<\/h2>\n<div id=\"fluid-wrapper-counter-1\" class=\"g1-fluid-wrapper \" style=\"width:686px;\">\n<div style=\"padding-bottom:56.268221574344%;\"><iframe loading=\"lazy\" title=\"How to Setup VyprVPN | Complete VyprVPN Setup Tutorial for Desktop and Mobile\" width=\"686\" height=\"386\" src=\"https:\/\/www.youtube.com\/embed\/7OTOTYjHptM?feature=oembed&amp;wmode=transparent&amp;autohide=1&amp;autoplay=0&amp;disablekb=0&amp;fs=1&amp;loop=0&amp;enablejsapi=1&amp;rel=0&amp;controls=2&amp;showinfo=0&amp;wmode=transparent&amp;autohide=2&amp;autoplay=0&amp;disablekb=0&amp;fs=1&amp;loop=0&amp;enablejsapi=1&amp;rel=0&amp;controls=2&amp;showinfo=1\" frameborder=\"0\" allow=\"accelerometer; autoplay; clipboard-write; encrypted-media; gyroscope; picture-in-picture\" allowfullscreen><\/iframe><\/div>\n<\/div>\n<h3>VYPRVPN &#8211; CARATTERISTICHE<\/h3>\n<ul>\n<li><strong>Split Tunneling<\/strong>: approfitta di pi\u00f9 sedi di server dividendo il tuo traffico internet con la funzione Split Tunneling. Trasmette in streaming da librerie di contenuti di tutto il mondo senza compromettere il tuo normale accesso a Internet.<\/li>\n<li><strong>DNS Leak Protection<\/strong>: protegge la tua privacy assicurandoti che il tuo DNS non venga divulgato a nessuna entit\u00e0. La funzione DNS Leak Protection rafforza la tua privacy assicurando che tutte le informazioni da e verso il tuo traffico non possano essere ricondotte a te.<\/li>\n<li><strong>No-Log VPN:<\/strong> significa che non memorizza alcun registro del tuo traffico, assicurandoti che la tua privacy non venga violata da nessun aggressore.<\/li>\n<li><strong>Protezione Wi-Fi pubblico<\/strong>: si connette automaticamente a VyprVPN ogni volta che si accede a una rete Wi-Fi sconosciuta. Le app VPN assicurano che la tua connessione sia sempre sicura e che tu sia protetto da hacker e malintenzionati.<\/li>\n<li><strong>Kill Switch<\/strong>: blocca automaticamente tutto il traffico internet e di rete quando VyprVPN si disconnette o viene disattivato. \u00c8 un potente strumento per garantire automaticamente la riservatezza delle vostre informazioni personali e del traffico peer-to-peer (P2P).<\/li>\n<\/ul>\n<h4>LE RECENSIONI DEGLI UTENTI<\/h4>\n<p><strong>David &#8220;La migliore VPN che ci sia &#8211; Cameleon Protocol \u00e8 l&#8217;unico protocollo che funziona nei posti che bloccano le VPN&#8221;<\/strong><br \/>\nCommenti: Vyprvpn \u00e8 la migliore VPN del pianeta, niente ci si avvicina. Fornisce una sicurezza incredibile con reti super stabili e grandi velocit\u00e0.<br \/>\nPro: &#8211; Super sicuro &#8211; Cameleon Protocol \u00e8 l&#8217;unico protocollo che funziona in luoghi che bloccano le VPN, fidatevi di me che ho provato tutti i servizi VPN l\u00e0 fuori &#8211; Super stabile &#8211; Supporto incredibile &#8211; Ottimo quando si imposta un VyprVPN Router APP su un router<br \/>\nContro: &#8211; non molto &#8211; il prezzo \u00e8 un po &#8216;pi\u00f9 costoso di alcuni, sarebbe bello se avessero un piano a vita o qualcosa per offrire sconti pi\u00f9 consistenti per gli utenti a vita<\/p>\n<p><strong>Eugenio &#8220;Informazioni su VyprVPN&#8221;<\/strong><br \/>\nCommenti: All&#8217;inizio ero soddisfatto del servizio, tuttavia ho notato che ho iniziato ad avere problemi di compatibilit\u00e0 con i protocolli di connettivit\u00e0 dell&#8217;account Google, quindi ho optato per cercare un altro servizio VPN.<br \/>\nPro: sviluppano una tecnologia e dei protocolli VPN proprietari (ovviamente utilizzano anche i protocolli VPN pi\u00f9 comuni e sicuri condivisi con altre VPN).<br \/>\nContro: Il prezzo del servizio, a mio avviso, \u00e8 elevato rispetto ad altri provider con una migliore reputazione sul mercato; ho inoltre riscontrato che non \u00e8 compatibile al 100% con i protocolli di connettivit\u00e0 degli account Google.<\/p>\n<p><strong>Parisa &#8220;Buona soluzione VPN con velocit\u00e0 adeguata&#8221;<\/strong><br \/>\nCommenti: Soluzioni VPN efficienti, affidabili e di facile utilizzo<br \/>\nPro: Ho provato molte VPN nel corso degli anni e ho trovato che Vypr \u00e8 abbastanza affidabile e fornisce velocit\u00e0 discrete. Non \u00e8 la soluzione pi\u00f9 complessa in circolazione, ma fa il suo lavoro e lo fa bene.<br \/>\nContro: Vorrei che l&#8217;app offrisse maggiori opzioni di personalizzazione e flessibilit\u00e0. Forse \u00e8 un po&#8217; troppo semplice, ma funziona&#8230;<\/p>\n","protected":false},"excerpt":{"rendered":"<p>VyprVPN \u00e8 un software VPN che ti consente di cambiare il tuo indirizzo IP e\u00a0mascherare la tua posizione per avere accesso illimitato a Internet liberandoti dalla censura e dalla sorveglianza governativa. Dispone di server offuscati che nascondo la tua vera identit\u00e0, proteggendo il tuo traffico dalla fuga verso i server DNS del vostro ISP.<\/p>\n","protected":false},"author":17,"featured_media":64066,"parent":63881,"menu_order":0,"comment_status":"open","ping_status":"closed","template":"g1_template_page_review_new.php","meta":{"_acf_changed":false,"cwp_meta_box_check":"No","cwp_rev_product_name":"","cwp_rev_product_image":"","wppr_links":[],"cwp_rev_price":"","wppr_options":[],"wppr_pros":[],"wppr_cons":[],"_monsterinsights_skip_tracking":false,"_monsterinsights_sitenote_active":false,"_monsterinsights_sitenote_note":"","_monsterinsights_sitenote_category":0,"footnotes":""},"categories":[13730],"tags":[13736,13735,13734,13732,13733],"features":[],"class_list":{"0":"post-64060","1":"page","2":"type-page","3":"status-publish","4":"has-post-thumbnail","6":"category-software-vpn-cat","7":"tag-app-vpn","8":"tag-piattaforma-vpn","9":"tag-programma-vpn","10":"tag-software-vpn","11":"tag-soluzione-vpn"},"wppr_data":{"cwp_meta_box_check":"No"},"acf":[],"yoast_head":"<!-- This site is optimized with the Yoast SEO plugin v27.4 - https:\/\/yoast.com\/product\/yoast-seo-wordpress\/ -->\n<title>VyprVPN: recensione software VPN - Accurate Reviews<\/title>\n<meta name=\"description\" content=\"VyprVPN: recensione del software VPN che ti consente di cambiare il tuo indirizzo IP per avere accesso illimitato a Internet.\" \/>\n<meta name=\"robots\" content=\"index, follow, max-snippet:-1, max-image-preview:large, max-video-preview:-1\" \/>\n<link rel=\"canonical\" href=\"https:\/\/www.accuratereviews.com\/it\/software-vpn\/vyprvpn-recensione\/\" \/>\n<meta property=\"og:locale\" content=\"it_IT\" \/>\n<meta property=\"og:type\" content=\"article\" \/>\n<meta property=\"og:title\" content=\"VyprVPN: recensione software VPN - Accurate Reviews\" \/>\n<meta property=\"og:description\" content=\"VyprVPN: recensione del software VPN che ti consente di cambiare il tuo indirizzo IP per avere accesso illimitato a Internet.\" \/>\n<meta property=\"og:url\" content=\"https:\/\/www.accuratereviews.com\/it\/software-vpn\/vyprvpn-recensione\/\" \/>\n<meta property=\"og:site_name\" content=\"Accurate Reviews\" \/>\n<meta property=\"article:modified_time\" content=\"2022-11-16T17:01:58+00:00\" \/>\n<meta property=\"og:image\" content=\"https:\/\/www.accuratereviews.com\/wp-content\/uploads\/2022\/11\/Unknown.jpeg\" \/>\n\t<meta property=\"og:image:width\" content=\"916\" \/>\n\t<meta property=\"og:image:height\" content=\"200\" \/>\n\t<meta property=\"og:image:type\" content=\"image\/jpeg\" \/>\n<meta name=\"twitter:card\" content=\"summary_large_image\" \/>\n<meta name=\"twitter:label1\" content=\"Tempo di lettura stimato\" \/>\n\t<meta name=\"twitter:data1\" content=\"4 minuti\" \/>\n<script type=\"application\/ld+json\" class=\"yoast-schema-graph\">{\"@context\":\"https:\\\/\\\/schema.org\",\"@graph\":[{\"@type\":\"WebPage\",\"@id\":\"https:\\\/\\\/www.accuratereviews.com\\\/it\\\/software-vpn\\\/vyprvpn-recensione\\\/\",\"url\":\"https:\\\/\\\/www.accuratereviews.com\\\/it\\\/software-vpn\\\/vyprvpn-recensione\\\/\",\"name\":\"VyprVPN: recensione software VPN - Accurate Reviews\",\"isPartOf\":{\"@id\":\"https:\\\/\\\/www.accuratereviews.com\\\/it\\\/#website\"},\"primaryImageOfPage\":{\"@id\":\"https:\\\/\\\/www.accuratereviews.com\\\/it\\\/software-vpn\\\/vyprvpn-recensione\\\/#primaryimage\"},\"image\":{\"@id\":\"https:\\\/\\\/www.accuratereviews.com\\\/it\\\/software-vpn\\\/vyprvpn-recensione\\\/#primaryimage\"},\"thumbnailUrl\":\"https:\\\/\\\/www.accuratereviews.com\\\/wp-content\\\/uploads\\\/2022\\\/11\\\/Unknown.jpeg\",\"datePublished\":\"2022-11-16T16:18:03+00:00\",\"dateModified\":\"2022-11-16T17:01:58+00:00\",\"description\":\"VyprVPN: recensione del software VPN che ti consente di cambiare il tuo indirizzo IP per avere accesso illimitato a Internet.\",\"breadcrumb\":{\"@id\":\"https:\\\/\\\/www.accuratereviews.com\\\/it\\\/software-vpn\\\/vyprvpn-recensione\\\/#breadcrumb\"},\"inLanguage\":\"it-IT\",\"potentialAction\":[{\"@type\":\"ReadAction\",\"target\":[\"https:\\\/\\\/www.accuratereviews.com\\\/it\\\/software-vpn\\\/vyprvpn-recensione\\\/\"]}]},{\"@type\":\"ImageObject\",\"inLanguage\":\"it-IT\",\"@id\":\"https:\\\/\\\/www.accuratereviews.com\\\/it\\\/software-vpn\\\/vyprvpn-recensione\\\/#primaryimage\",\"url\":\"https:\\\/\\\/www.accuratereviews.com\\\/wp-content\\\/uploads\\\/2022\\\/11\\\/Unknown.jpeg\",\"contentUrl\":\"https:\\\/\\\/www.accuratereviews.com\\\/wp-content\\\/uploads\\\/2022\\\/11\\\/Unknown.jpeg\",\"width\":916,\"height\":200},{\"@type\":\"BreadcrumbList\",\"@id\":\"https:\\\/\\\/www.accuratereviews.com\\\/it\\\/software-vpn\\\/vyprvpn-recensione\\\/#breadcrumb\",\"itemListElement\":[{\"@type\":\"ListItem\",\"position\":1,\"name\":\"Home\",\"item\":\"https:\\\/\\\/www.accuratereviews.com\\\/it\\\/\"},{\"@type\":\"ListItem\",\"position\":2,\"name\":\"Software VPN\",\"item\":\"https:\\\/\\\/www.accuratereviews.com\\\/it\\\/software-vpn\\\/\"},{\"@type\":\"ListItem\",\"position\":3,\"name\":\"VyprVPN\"}]},{\"@type\":\"WebSite\",\"@id\":\"https:\\\/\\\/www.accuratereviews.com\\\/it\\\/#website\",\"url\":\"https:\\\/\\\/www.accuratereviews.com\\\/it\\\/\",\"name\":\"Accurate Reviews\",\"description\":\"\",\"potentialAction\":[{\"@type\":\"SearchAction\",\"target\":{\"@type\":\"EntryPoint\",\"urlTemplate\":\"https:\\\/\\\/www.accuratereviews.com\\\/it\\\/?s={search_term_string}\"},\"query-input\":{\"@type\":\"PropertyValueSpecification\",\"valueRequired\":true,\"valueName\":\"search_term_string\"}}],\"inLanguage\":\"it-IT\"}]}<\/script>\n<!-- \/ Yoast SEO plugin. -->","yoast_head_json":{"title":"VyprVPN: recensione software VPN - Accurate Reviews","description":"VyprVPN: recensione del software VPN che ti consente di cambiare il tuo indirizzo IP per avere accesso illimitato a Internet.","robots":{"index":"index","follow":"follow","max-snippet":"max-snippet:-1","max-image-preview":"max-image-preview:large","max-video-preview":"max-video-preview:-1"},"canonical":"https:\/\/www.accuratereviews.com\/it\/software-vpn\/vyprvpn-recensione\/","og_locale":"it_IT","og_type":"article","og_title":"VyprVPN: recensione software VPN - Accurate Reviews","og_description":"VyprVPN: recensione del software VPN che ti consente di cambiare il tuo indirizzo IP per avere accesso illimitato a Internet.","og_url":"https:\/\/www.accuratereviews.com\/it\/software-vpn\/vyprvpn-recensione\/","og_site_name":"Accurate Reviews","article_modified_time":"2022-11-16T17:01:58+00:00","og_image":[{"width":916,"height":200,"url":"https:\/\/www.accuratereviews.com\/wp-content\/uploads\/2022\/11\/Unknown.jpeg","type":"image\/jpeg"}],"twitter_card":"summary_large_image","twitter_misc":{"Tempo di lettura stimato":"4 minuti"},"schema":{"@context":"https:\/\/schema.org","@graph":[{"@type":"WebPage","@id":"https:\/\/www.accuratereviews.com\/it\/software-vpn\/vyprvpn-recensione\/","url":"https:\/\/www.accuratereviews.com\/it\/software-vpn\/vyprvpn-recensione\/","name":"VyprVPN: recensione software VPN - Accurate Reviews","isPartOf":{"@id":"https:\/\/www.accuratereviews.com\/it\/#website"},"primaryImageOfPage":{"@id":"https:\/\/www.accuratereviews.com\/it\/software-vpn\/vyprvpn-recensione\/#primaryimage"},"image":{"@id":"https:\/\/www.accuratereviews.com\/it\/software-vpn\/vyprvpn-recensione\/#primaryimage"},"thumbnailUrl":"https:\/\/www.accuratereviews.com\/wp-content\/uploads\/2022\/11\/Unknown.jpeg","datePublished":"2022-11-16T16:18:03+00:00","dateModified":"2022-11-16T17:01:58+00:00","description":"VyprVPN: recensione del software VPN che ti consente di cambiare il tuo indirizzo IP per avere accesso illimitato a Internet.","breadcrumb":{"@id":"https:\/\/www.accuratereviews.com\/it\/software-vpn\/vyprvpn-recensione\/#breadcrumb"},"inLanguage":"it-IT","potentialAction":[{"@type":"ReadAction","target":["https:\/\/www.accuratereviews.com\/it\/software-vpn\/vyprvpn-recensione\/"]}]},{"@type":"ImageObject","inLanguage":"it-IT","@id":"https:\/\/www.accuratereviews.com\/it\/software-vpn\/vyprvpn-recensione\/#primaryimage","url":"https:\/\/www.accuratereviews.com\/wp-content\/uploads\/2022\/11\/Unknown.jpeg","contentUrl":"https:\/\/www.accuratereviews.com\/wp-content\/uploads\/2022\/11\/Unknown.jpeg","width":916,"height":200},{"@type":"BreadcrumbList","@id":"https:\/\/www.accuratereviews.com\/it\/software-vpn\/vyprvpn-recensione\/#breadcrumb","itemListElement":[{"@type":"ListItem","position":1,"name":"Home","item":"https:\/\/www.accuratereviews.com\/it\/"},{"@type":"ListItem","position":2,"name":"Software VPN","item":"https:\/\/www.accuratereviews.com\/it\/software-vpn\/"},{"@type":"ListItem","position":3,"name":"VyprVPN"}]},{"@type":"WebSite","@id":"https:\/\/www.accuratereviews.com\/it\/#website","url":"https:\/\/www.accuratereviews.com\/it\/","name":"Accurate Reviews","description":"","potentialAction":[{"@type":"SearchAction","target":{"@type":"EntryPoint","urlTemplate":"https:\/\/www.accuratereviews.com\/it\/?s={search_term_string}"},"query-input":{"@type":"PropertyValueSpecification","valueRequired":true,"valueName":"search_term_string"}}],"inLanguage":"it-IT"}]}},"_links":{"self":[{"href":"https:\/\/www.accuratereviews.com\/it\/wp-json\/wp\/v2\/pages\/64060","targetHints":{"allow":["GET"]}}],"collection":[{"href":"https:\/\/www.accuratereviews.com\/it\/wp-json\/wp\/v2\/pages"}],"about":[{"href":"https:\/\/www.accuratereviews.com\/it\/wp-json\/wp\/v2\/types\/page"}],"author":[{"embeddable":true,"href":"https:\/\/www.accuratereviews.com\/it\/wp-json\/wp\/v2\/users\/17"}],"replies":[{"embeddable":true,"href":"https:\/\/www.accuratereviews.com\/it\/wp-json\/wp\/v2\/comments?post=64060"}],"version-history":[{"count":5,"href":"https:\/\/www.accuratereviews.com\/it\/wp-json\/wp\/v2\/pages\/64060\/revisions"}],"predecessor-version":[{"id":64081,"href":"https:\/\/www.accuratereviews.com\/it\/wp-json\/wp\/v2\/pages\/64060\/revisions\/64081"}],"up":[{"embeddable":true,"href":"https:\/\/www.accuratereviews.com\/it\/wp-json\/wp\/v2\/pages\/63881"}],"wp:featuredmedia":[{"embeddable":true,"href":"https:\/\/www.accuratereviews.com\/it\/wp-json\/wp\/v2\/media\/64066"}],"wp:attachment":[{"href":"https:\/\/www.accuratereviews.com\/it\/wp-json\/wp\/v2\/media?parent=64060"}],"wp:term":[{"taxonomy":"category","embeddable":true,"href":"https:\/\/www.accuratereviews.com\/it\/wp-json\/wp\/v2\/categories?post=64060"},{"taxonomy":"post_tag","embeddable":true,"href":"https:\/\/www.accuratereviews.com\/it\/wp-json\/wp\/v2\/tags?post=64060"},{"taxonomy":"features","embeddable":true,"href":"https:\/\/www.accuratereviews.com\/it\/wp-json\/wp\/v2\/features?post=64060"}],"curies":[{"name":"wp","href":"https:\/\/api.w.org\/{rel}","templated":true}]}}