{"id":64112,"date":"2022-11-17T12:08:08","date_gmt":"2022-11-17T12:08:08","guid":{"rendered":"https:\/\/www.accuratereviews.com\/?page_id=64112"},"modified":"2022-11-18T12:12:41","modified_gmt":"2022-11-18T12:12:41","slug":"norton-secure-vpn-recensione","status":"publish","type":"page","link":"https:\/\/www.accuratereviews.com\/it\/software-vpn\/norton-secure-vpn-recensione\/","title":{"rendered":"Norton Secure VPN"},"content":{"rendered":"<p class=\"h3 mb-1\"><strong>Norton Secure VPN<\/strong>\u00a0\u00e8 un <strong>software VPN<\/strong> che si rivolge sia ai singoli individui che alle aziende che vogliono migliorare la loro sicurezza online, proteggendo le proprie informazioni personali\/aziendali come password, coordinate bancarie e carte di credito. Questi dati sono a rischio tutte le volte che ci si connette a una rete Wi-Fi pubblica da qualsiasi dispositivo, desktop o mobile. Per questo motivo \u00e8 necessario avere un programma che garantisca la sicurezza della tua connessione e che ti protegga da eventuali attacchi di hacker.<br \/>\n<strong>Norton Secure <\/strong>si impegna a garantire privacy e sicurezza offrendo sia una<strong> soluzione\u00a0VPN\u00a0<\/strong>che una soluzione antivirus, entrambe disponibili per Mac, Windows, dispositivi iOS e Android.<\/p>\n<h2>NORTON SECURE VPN &#8211; TUTORIAL<\/h2>\n<div id=\"fluid-wrapper-counter-1\" class=\"g1-fluid-wrapper \" style=\"width:686px;\">\n<div style=\"padding-bottom:56.268221574344%;\"><iframe loading=\"lazy\" title=\"Norton Secure VPN \u2013 Installation Walk-through &amp; Review | by @SolutionsReview\" width=\"686\" height=\"386\" src=\"https:\/\/www.youtube.com\/embed\/ropAne-qxIM?feature=oembed&amp;wmode=transparent&amp;autohide=1&amp;autoplay=0&amp;disablekb=0&amp;fs=1&amp;loop=0&amp;enablejsapi=1&amp;rel=0&amp;controls=2&amp;showinfo=0&amp;wmode=transparent&amp;autohide=2&amp;autoplay=0&amp;disablekb=0&amp;fs=1&amp;loop=0&amp;enablejsapi=1&amp;rel=0&amp;controls=2&amp;showinfo=1\" frameborder=\"0\" allow=\"accelerometer; autoplay; clipboard-write; encrypted-media; gyroscope; picture-in-picture\" allowfullscreen><\/iframe><\/div>\n<\/div>\n<h3>NORTON SECURE VPN &#8211; CARATTERISTICHE<\/h3>\n<ul>\n<li><strong>Rilevamento delle reti compromesse e non sicure<\/strong>: proteggi automaticamente la tua connessione se ti connetti a reti Wi-Fi sospette.<\/li>\n<li><strong>Accesso in movimento<\/strong>: connettiti in modo sicuro ai tuoi siti Web, video o app preferiti da casa o in movimento.<\/li>\n<li><strong>Navigazione anonima<\/strong>: mantieni l\u2019anonimato online. Aiuta a proteggere i tuoi dati attraverso un tunnel crittografato che maschera le tue attivit\u00e0 e impedisce ad hacker, gestori di telefonia mobile e provider di servizi Internet di accedere alle tue informazioni mentre il tuo dispositivo \u00e8 connesso al Wi-Fi.<\/li>\n<li><strong>Interruttore di sicurezza<\/strong>: se la connessione VPN si interrompe, disconnette automaticamente il dispositivo da Internet per tutelare la privacy. Solo per Windows e Android.<\/li>\n<li><strong>Split tunneling<\/strong>: scegli di proteggere e rendere anonimi i dati riservati senza perdere l&#8217;accesso ai servizi locali. Solo per Windows e Android.<\/li>\n<li><strong>Nessuna registrazione del traffico<\/strong>: la soluzione non traccia n\u00e9 memorizza le tue attivit\u00e0 online.<\/li>\n<\/ul>\n<h4>LE RECENSIONI DEGLI UTENTI<\/h4>\n<p><strong>Kevin &#8220;Rimanere sicuri e protetti online&#8221;<\/strong><br \/>\nPro: Norton Secure VPN \u00e8 facile da installare e configurare e si integra perfettamente con Internet Security Suite. Bastano un paio di clic per essere operativi.<br \/>\nContro: Alcuni dei server hanno un piccolo rallentamento della velocit\u00e0, ma nel complesso non ho riscontrato troppi problemi.<\/p>\n<p><strong>Rachelle &#8220;Un&#8217;opzione sicura per fare business all&#8217;estero&#8221;<\/strong><br \/>\nCommenti: Il servizio VPN ci permette di accedere a siti web ed email sicuri senza preoccuparci del traffico su reti non protette.<br \/>\nPro: Norton WiFi Privacy VPN aiuta a mantenere la connessione sicura quando si viaggia all&#8217;estero e ci si connette a reti non sicure.<br \/>\nContro: Alcuni siti web possono rilevare l&#8217;uso della VPN e bloccarla.<\/p>\n<p><strong>Jareth &#8220;Una navigazione internet sicura con una VPN&#8221;<\/strong><br \/>\nCommenti: La mia esperienza \u00e8 stata davvero buona, mi piace molto usare questo software<br \/>\nPro: Mi piace molto l&#8217;interfaccia di questo software, \u00e8 davvero facile da capire e da usare, cos\u00ec tutti possono usarlo in modo semplice e l&#8217;uso della VPN in questo software \u00e8 davvero buono. La mia connessione era molto buona e mi piace molto che si pu\u00f2 configurare per avere una connessione migliore e questo software ci d\u00e0 un sacco di strumenti e funzioni utili<br \/>\nContro: Il problema principale di questo software \u00e8 che alcuni strumenti e funzioni non sono del tutto utili, ma nel complesso \u00e8 un ottimo software.<\/p>\n","protected":false},"excerpt":{"rendered":"<p>Norton Secure VPN\u00a0\u00e8 un software VPN che si rivolge sia ai singoli individui che alle aziende che vogliono migliorare la loro sicurezza online, proteggendo le proprie informazioni personali\/aziendali come password, coordinate bancarie e carte di credito. Questi dati sono a rischio tutte le volte che ci si connette a una rete Wi-Fi pubblica da qualsiasi dispositivo, desktop o mobile.<\/p>\n","protected":false},"author":17,"featured_media":64114,"parent":63881,"menu_order":0,"comment_status":"open","ping_status":"closed","template":"g1_template_page_review_new.php","meta":{"_acf_changed":false,"cwp_meta_box_check":"No","cwp_rev_product_name":"","cwp_rev_product_image":"","wppr_links":[],"cwp_rev_price":"","wppr_options":[],"wppr_pros":[],"wppr_cons":[],"_monsterinsights_skip_tracking":false,"_monsterinsights_sitenote_active":false,"_monsterinsights_sitenote_note":"","_monsterinsights_sitenote_category":0,"footnotes":""},"categories":[13730],"tags":[13736,13735,13734,13732,13733,13681],"features":[],"class_list":{"0":"post-64112","1":"page","2":"type-page","3":"status-publish","4":"has-post-thumbnail","6":"category-software-vpn-cat","7":"tag-app-vpn","8":"tag-piattaforma-vpn","9":"tag-programma-vpn","10":"tag-software-vpn","11":"tag-soluzione-vpn","12":"tag-vpn"},"wppr_data":{"cwp_meta_box_check":"No"},"acf":[],"yoast_head":"<!-- This site is optimized with the Yoast SEO plugin v27.4 - https:\/\/yoast.com\/product\/yoast-seo-wordpress\/ -->\n<title>Norton Secure VPN: recensione software VPN - Accurate Reviews<\/title>\n<meta name=\"description\" content=\"Norton Secure VPN: recensione software VPN che si rivolge sia ai singoli individui che alle aziende che vogliono maggiore sicurezza online.\" \/>\n<meta name=\"robots\" content=\"index, follow, max-snippet:-1, max-image-preview:large, max-video-preview:-1\" \/>\n<link rel=\"canonical\" href=\"https:\/\/www.accuratereviews.com\/it\/software-vpn\/norton-secure-vpn-recensione\/\" \/>\n<meta property=\"og:locale\" content=\"it_IT\" \/>\n<meta property=\"og:type\" content=\"article\" \/>\n<meta property=\"og:title\" content=\"Norton Secure VPN: recensione software VPN - Accurate Reviews\" \/>\n<meta property=\"og:description\" content=\"Norton Secure VPN: recensione software VPN che si rivolge sia ai singoli individui che alle aziende che vogliono maggiore sicurezza online.\" \/>\n<meta property=\"og:url\" content=\"https:\/\/www.accuratereviews.com\/it\/software-vpn\/norton-secure-vpn-recensione\/\" \/>\n<meta property=\"og:site_name\" content=\"Accurate Reviews\" \/>\n<meta property=\"article:modified_time\" content=\"2022-11-18T12:12:41+00:00\" \/>\n<meta property=\"og:image\" content=\"https:\/\/www.accuratereviews.com\/wp-content\/uploads\/2022\/11\/nortonsecurevpnjpg-logo_image-default.png\" \/>\n\t<meta property=\"og:image:width\" content=\"360\" \/>\n\t<meta property=\"og:image:height\" content=\"360\" \/>\n\t<meta property=\"og:image:type\" content=\"image\/png\" \/>\n<meta name=\"twitter:card\" content=\"summary_large_image\" \/>\n<meta name=\"twitter:label1\" content=\"Tempo di lettura stimato\" \/>\n\t<meta name=\"twitter:data1\" content=\"3 minuti\" \/>\n<script type=\"application\/ld+json\" class=\"yoast-schema-graph\">{\"@context\":\"https:\\\/\\\/schema.org\",\"@graph\":[{\"@type\":\"WebPage\",\"@id\":\"https:\\\/\\\/www.accuratereviews.com\\\/it\\\/software-vpn\\\/norton-secure-vpn-recensione\\\/\",\"url\":\"https:\\\/\\\/www.accuratereviews.com\\\/it\\\/software-vpn\\\/norton-secure-vpn-recensione\\\/\",\"name\":\"Norton Secure VPN: recensione software VPN - Accurate Reviews\",\"isPartOf\":{\"@id\":\"https:\\\/\\\/www.accuratereviews.com\\\/it\\\/#website\"},\"primaryImageOfPage\":{\"@id\":\"https:\\\/\\\/www.accuratereviews.com\\\/it\\\/software-vpn\\\/norton-secure-vpn-recensione\\\/#primaryimage\"},\"image\":{\"@id\":\"https:\\\/\\\/www.accuratereviews.com\\\/it\\\/software-vpn\\\/norton-secure-vpn-recensione\\\/#primaryimage\"},\"thumbnailUrl\":\"https:\\\/\\\/www.accuratereviews.com\\\/wp-content\\\/uploads\\\/2022\\\/11\\\/nortonsecurevpnjpg-logo_image-default.png\",\"datePublished\":\"2022-11-17T12:08:08+00:00\",\"dateModified\":\"2022-11-18T12:12:41+00:00\",\"description\":\"Norton Secure VPN: recensione software VPN che si rivolge sia ai singoli individui che alle aziende che vogliono maggiore sicurezza online.\",\"breadcrumb\":{\"@id\":\"https:\\\/\\\/www.accuratereviews.com\\\/it\\\/software-vpn\\\/norton-secure-vpn-recensione\\\/#breadcrumb\"},\"inLanguage\":\"it-IT\",\"potentialAction\":[{\"@type\":\"ReadAction\",\"target\":[\"https:\\\/\\\/www.accuratereviews.com\\\/it\\\/software-vpn\\\/norton-secure-vpn-recensione\\\/\"]}]},{\"@type\":\"ImageObject\",\"inLanguage\":\"it-IT\",\"@id\":\"https:\\\/\\\/www.accuratereviews.com\\\/it\\\/software-vpn\\\/norton-secure-vpn-recensione\\\/#primaryimage\",\"url\":\"https:\\\/\\\/www.accuratereviews.com\\\/wp-content\\\/uploads\\\/2022\\\/11\\\/nortonsecurevpnjpg-logo_image-default.png\",\"contentUrl\":\"https:\\\/\\\/www.accuratereviews.com\\\/wp-content\\\/uploads\\\/2022\\\/11\\\/nortonsecurevpnjpg-logo_image-default.png\",\"width\":360,\"height\":360},{\"@type\":\"BreadcrumbList\",\"@id\":\"https:\\\/\\\/www.accuratereviews.com\\\/it\\\/software-vpn\\\/norton-secure-vpn-recensione\\\/#breadcrumb\",\"itemListElement\":[{\"@type\":\"ListItem\",\"position\":1,\"name\":\"Home\",\"item\":\"https:\\\/\\\/www.accuratereviews.com\\\/it\\\/\"},{\"@type\":\"ListItem\",\"position\":2,\"name\":\"Software VPN\",\"item\":\"https:\\\/\\\/www.accuratereviews.com\\\/it\\\/software-vpn\\\/\"},{\"@type\":\"ListItem\",\"position\":3,\"name\":\"Norton Secure VPN\"}]},{\"@type\":\"WebSite\",\"@id\":\"https:\\\/\\\/www.accuratereviews.com\\\/it\\\/#website\",\"url\":\"https:\\\/\\\/www.accuratereviews.com\\\/it\\\/\",\"name\":\"Accurate Reviews\",\"description\":\"\",\"potentialAction\":[{\"@type\":\"SearchAction\",\"target\":{\"@type\":\"EntryPoint\",\"urlTemplate\":\"https:\\\/\\\/www.accuratereviews.com\\\/it\\\/?s={search_term_string}\"},\"query-input\":{\"@type\":\"PropertyValueSpecification\",\"valueRequired\":true,\"valueName\":\"search_term_string\"}}],\"inLanguage\":\"it-IT\"}]}<\/script>\n<!-- \/ Yoast SEO plugin. -->","yoast_head_json":{"title":"Norton Secure VPN: recensione software VPN - Accurate Reviews","description":"Norton Secure VPN: recensione software VPN che si rivolge sia ai singoli individui che alle aziende che vogliono maggiore sicurezza online.","robots":{"index":"index","follow":"follow","max-snippet":"max-snippet:-1","max-image-preview":"max-image-preview:large","max-video-preview":"max-video-preview:-1"},"canonical":"https:\/\/www.accuratereviews.com\/it\/software-vpn\/norton-secure-vpn-recensione\/","og_locale":"it_IT","og_type":"article","og_title":"Norton Secure VPN: recensione software VPN - Accurate Reviews","og_description":"Norton Secure VPN: recensione software VPN che si rivolge sia ai singoli individui che alle aziende che vogliono maggiore sicurezza online.","og_url":"https:\/\/www.accuratereviews.com\/it\/software-vpn\/norton-secure-vpn-recensione\/","og_site_name":"Accurate Reviews","article_modified_time":"2022-11-18T12:12:41+00:00","og_image":[{"width":360,"height":360,"url":"https:\/\/www.accuratereviews.com\/wp-content\/uploads\/2022\/11\/nortonsecurevpnjpg-logo_image-default.png","type":"image\/png"}],"twitter_card":"summary_large_image","twitter_misc":{"Tempo di lettura stimato":"3 minuti"},"schema":{"@context":"https:\/\/schema.org","@graph":[{"@type":"WebPage","@id":"https:\/\/www.accuratereviews.com\/it\/software-vpn\/norton-secure-vpn-recensione\/","url":"https:\/\/www.accuratereviews.com\/it\/software-vpn\/norton-secure-vpn-recensione\/","name":"Norton Secure VPN: recensione software VPN - Accurate Reviews","isPartOf":{"@id":"https:\/\/www.accuratereviews.com\/it\/#website"},"primaryImageOfPage":{"@id":"https:\/\/www.accuratereviews.com\/it\/software-vpn\/norton-secure-vpn-recensione\/#primaryimage"},"image":{"@id":"https:\/\/www.accuratereviews.com\/it\/software-vpn\/norton-secure-vpn-recensione\/#primaryimage"},"thumbnailUrl":"https:\/\/www.accuratereviews.com\/wp-content\/uploads\/2022\/11\/nortonsecurevpnjpg-logo_image-default.png","datePublished":"2022-11-17T12:08:08+00:00","dateModified":"2022-11-18T12:12:41+00:00","description":"Norton Secure VPN: recensione software VPN che si rivolge sia ai singoli individui che alle aziende che vogliono maggiore sicurezza online.","breadcrumb":{"@id":"https:\/\/www.accuratereviews.com\/it\/software-vpn\/norton-secure-vpn-recensione\/#breadcrumb"},"inLanguage":"it-IT","potentialAction":[{"@type":"ReadAction","target":["https:\/\/www.accuratereviews.com\/it\/software-vpn\/norton-secure-vpn-recensione\/"]}]},{"@type":"ImageObject","inLanguage":"it-IT","@id":"https:\/\/www.accuratereviews.com\/it\/software-vpn\/norton-secure-vpn-recensione\/#primaryimage","url":"https:\/\/www.accuratereviews.com\/wp-content\/uploads\/2022\/11\/nortonsecurevpnjpg-logo_image-default.png","contentUrl":"https:\/\/www.accuratereviews.com\/wp-content\/uploads\/2022\/11\/nortonsecurevpnjpg-logo_image-default.png","width":360,"height":360},{"@type":"BreadcrumbList","@id":"https:\/\/www.accuratereviews.com\/it\/software-vpn\/norton-secure-vpn-recensione\/#breadcrumb","itemListElement":[{"@type":"ListItem","position":1,"name":"Home","item":"https:\/\/www.accuratereviews.com\/it\/"},{"@type":"ListItem","position":2,"name":"Software VPN","item":"https:\/\/www.accuratereviews.com\/it\/software-vpn\/"},{"@type":"ListItem","position":3,"name":"Norton Secure VPN"}]},{"@type":"WebSite","@id":"https:\/\/www.accuratereviews.com\/it\/#website","url":"https:\/\/www.accuratereviews.com\/it\/","name":"Accurate Reviews","description":"","potentialAction":[{"@type":"SearchAction","target":{"@type":"EntryPoint","urlTemplate":"https:\/\/www.accuratereviews.com\/it\/?s={search_term_string}"},"query-input":{"@type":"PropertyValueSpecification","valueRequired":true,"valueName":"search_term_string"}}],"inLanguage":"it-IT"}]}},"_links":{"self":[{"href":"https:\/\/www.accuratereviews.com\/it\/wp-json\/wp\/v2\/pages\/64112","targetHints":{"allow":["GET"]}}],"collection":[{"href":"https:\/\/www.accuratereviews.com\/it\/wp-json\/wp\/v2\/pages"}],"about":[{"href":"https:\/\/www.accuratereviews.com\/it\/wp-json\/wp\/v2\/types\/page"}],"author":[{"embeddable":true,"href":"https:\/\/www.accuratereviews.com\/it\/wp-json\/wp\/v2\/users\/17"}],"replies":[{"embeddable":true,"href":"https:\/\/www.accuratereviews.com\/it\/wp-json\/wp\/v2\/comments?post=64112"}],"version-history":[{"count":6,"href":"https:\/\/www.accuratereviews.com\/it\/wp-json\/wp\/v2\/pages\/64112\/revisions"}],"predecessor-version":[{"id":64201,"href":"https:\/\/www.accuratereviews.com\/it\/wp-json\/wp\/v2\/pages\/64112\/revisions\/64201"}],"up":[{"embeddable":true,"href":"https:\/\/www.accuratereviews.com\/it\/wp-json\/wp\/v2\/pages\/63881"}],"wp:featuredmedia":[{"embeddable":true,"href":"https:\/\/www.accuratereviews.com\/it\/wp-json\/wp\/v2\/media\/64114"}],"wp:attachment":[{"href":"https:\/\/www.accuratereviews.com\/it\/wp-json\/wp\/v2\/media?parent=64112"}],"wp:term":[{"taxonomy":"category","embeddable":true,"href":"https:\/\/www.accuratereviews.com\/it\/wp-json\/wp\/v2\/categories?post=64112"},{"taxonomy":"post_tag","embeddable":true,"href":"https:\/\/www.accuratereviews.com\/it\/wp-json\/wp\/v2\/tags?post=64112"},{"taxonomy":"features","embeddable":true,"href":"https:\/\/www.accuratereviews.com\/it\/wp-json\/wp\/v2\/features?post=64112"}],"curies":[{"name":"wp","href":"https:\/\/api.w.org\/{rel}","templated":true}]}}