{"id":64121,"date":"2022-11-17T12:14:47","date_gmt":"2022-11-17T12:14:47","guid":{"rendered":"https:\/\/www.accuratereviews.com\/?page_id=64121"},"modified":"2022-11-30T09:02:32","modified_gmt":"2022-11-30T09:02:32","slug":"perimeter-81-recensione","status":"publish","type":"page","link":"https:\/\/www.accuratereviews.com\/it\/software-vpn\/perimeter-81-recensione\/","title":{"rendered":"Perimeter 81"},"content":{"rendered":"<p><strong>Perimeter 81<\/strong> \u00e8 una <strong>soluzione di sicurezza informatica di rete<\/strong> leader che offre accesso remoto sicuro e funzionalit\u00e0 di rete gestite su un <strong>cloud<\/strong> multi-tenant, altamente scalabile, per le organizzazioni di tutto il mondo. Si integra perfettamente con i principali provider di servizi (Azure, AWS, GCP), consentendoti di proteggere le risorse nel cloud e in locale.<br \/>\nCon funzionalit\u00e0 come Firewall as a Service, Device Posture Check, Web Filtering e altro ancora, puoi proteggere e gestire la tua rete in pochi clic. Ottieni visibilit\u00e0 istantanea e mantieni l&#8217;efficienza della rete con una visualizzazione dinamica dell&#8217;utilizzo della rete. Proteggi automaticamente le connessioni wi-fi del tuo team, sia che viaggino per affari o che lavorino da un bar utilizzando una connessione pubblica.<\/p>\n<h2>PERIMETER81 &#8211; TUTORIAL<\/h2>\n<div id=\"fluid-wrapper-counter-1\" class=\"g1-fluid-wrapper \" style=\"width:686px;\">\n<div style=\"padding-bottom:56.268221574344%;\"><iframe loading=\"lazy\" title=\"ZTNA: Secure Remote Access for Businesses\" width=\"515\" height=\"386\" src=\"https:\/\/www.youtube.com\/embed\/thkPbEMkAhU?feature=oembed&amp;wmode=transparent&amp;autohide=1&amp;autoplay=0&amp;disablekb=0&amp;fs=1&amp;loop=0&amp;enablejsapi=1&amp;rel=0&amp;controls=2&amp;showinfo=0&amp;wmode=transparent&amp;autohide=2&amp;autoplay=0&amp;disablekb=0&amp;fs=1&amp;loop=0&amp;enablejsapi=1&amp;rel=0&amp;controls=2&amp;showinfo=1\" frameborder=\"0\" allow=\"accelerometer; autoplay; clipboard-write; encrypted-media; gyroscope; picture-in-picture\" allowfullscreen><\/iframe><\/div>\n<\/div>\n<h3>PERIMETER81 &#8211; CARATTERISTICHE<\/h3>\n<ul>\n<li><strong>Filtraggio Web SWG<\/strong>: controlla l&#8217;accesso ai siti web e blocca i siti dannosi con le regole di Web Filtering.<\/li>\n<li><strong>Tunnel diviso<\/strong>: mantieni simultaneamente connessioni crittografate a risorse interne private e connessioni non crittografate a Internet aperto, per una sicurezza di rete pi\u00f9 sofisticata.<\/li>\n<li><strong>Interconnettivit\u00e0 da sito a sito<\/strong>: interconnetti senza soluzione di continuit\u00e0 gli ambienti cloud e on-premise, gli utenti e i diversi rami della rete.<\/li>\n<li><strong>Autenticazione a pi\u00f9 fattori (2FA\/MFA)<\/strong>: applica l&#8217;autenticazione a 2 fattori tramite sms o applicazione mobile quando i dipendenti tentano di accedere, cementando ulteriormente l&#8217;accesso sicuro.<\/li>\n<li><strong>Agenti multipiattaforma<\/strong>: garantisci l&#8217;accesso Zero Trust su dispositivi iOS e Android e desktop PC, Linux e Mac con agenti di facile utilizzo.<\/li>\n<li><strong>Gestione dell&#8217;identit\u00e0<\/strong>: abilita l&#8217;accesso Single Sign-On e l&#8217;autenticazione a due fattori e crea criteri di accesso e sicurezza personalizzati in base al ruolo o all&#8217;identit\u00e0 dell&#8217;utente.<\/li>\n<li><strong>Crittografia<\/strong>: la soluzione\u00a0salvaguarda i tuoi dati utilizzando la crittografia AES-256 a livello di banca e connessioni SSL individuali da utente ad app.<\/li>\n<li><strong>Filtraggio DNS<\/strong>: mantieni una forza lavoro sicura e produttiva bloccando l&#8217;accesso degli utenti a diversi siti web e filtrando i contenuti inappropriati.<\/li>\n<li><strong>Console di gestione cloud<\/strong>: definisci e gestisci facilmente la rete della tua organizzazione da un&#8217;unica posizione con una console di gestione intuitiva.<\/li>\n<li><strong>Accesso senza agenti<\/strong>: fornisci agli appaltatori di terze parti e ad altro personale che necessita di un accesso limitato alle applicazioni connessioni private solo per singole applicazioni, tramite il loro browser locale.<\/li>\n<\/ul>\n<h4>LE RECENSIONE DEGLI UTENTI<\/h4>\n<p><strong>M\u00e5rten&#8221;Utente felice di Perimeter 81&#8243;<\/strong><br \/>\n<strong>Commenti<\/strong>: Facile da usare e ottimo supporto.<br \/>\n<strong>Pro<\/strong>: Il supporto \u00e8 stato fantastico quando abbiamo avuto problemi o problemi. Un&#8217;altra cosa era quanto fosse facile farlo funzionare con le nostre reti di Azure esistenti.<br \/>\n<strong>Contro<\/strong>: I nostri utenti Windows non sono stati cos\u00ec contenti del resto di noi che usano Mac, ma non vogliono tornare alla soluzione OpenVPN che usavamo prima<\/p>\n<p><strong>Barry&#8221;Wow solo Wow&#8221;<\/strong><br \/>\n<strong>Pro<\/strong>: Facile da usare e molto affidabile<br \/>\n<strong>Contro<\/strong>: Ancora niente. Finora \u00e8 stato incredibile<\/p>\n<p><strong>Andrew&#8221;Facilit\u00e0 d&#8217;uso e aggiornamenti rapidi per garantire la sicurezza&#8221;<\/strong><br \/>\n<strong>Pro<\/strong>: La facilit\u00e0 d&#8217;uso su Mac, premo un pulsante e seleziono la VPN su cui desidero essere, quindi vado al lavoro: il passaggio \u00e8 impeccabile soprattutto durante una riunione!<br \/>\n<strong>Contro<\/strong>: Niente, nel mio ruolo attuale la funzionalit\u00e0 \u00e8 la cosa pi\u00f9 importante e la facilit\u00e0 d&#8217;uso e di spiegazione ai compagni di squadra<\/p>\n","protected":false},"excerpt":{"rendered":"<p>Perimeter 81 \u00e8 una soluzione di sicurezza informatica di rete leader che offre accesso remoto sicuro e funzionalit\u00e0 di rete gestite su un cloud multi-tenant, altamente scalabile, per le organizzazioni di tutto il mondo. Si integra perfettamente con i principali provider di servizi (Azure, AWS, GCP), consentendoti di proteggere le risorse nel cloud e in locale.<\/p>\n","protected":false},"author":19,"featured_media":64125,"parent":63881,"menu_order":0,"comment_status":"open","ping_status":"closed","template":"g1_template_page_review_new.php","meta":{"_acf_changed":false,"cwp_meta_box_check":"No","cwp_rev_product_name":"","cwp_rev_product_image":"","wppr_links":[],"cwp_rev_price":"","wppr_options":[],"wppr_pros":[],"wppr_cons":[],"_monsterinsights_skip_tracking":false,"_monsterinsights_sitenote_active":false,"_monsterinsights_sitenote_note":"","_monsterinsights_sitenote_category":0,"footnotes":""},"categories":[13730],"tags":[13772,13735,13734,13742,13732,13733,13739,13681],"features":[],"class_list":{"0":"post-64121","1":"page","2":"type-page","3":"status-publish","4":"has-post-thumbnail","6":"category-software-vpn-cat","7":"tag-perimeter-81","8":"tag-piattaforma-vpn","9":"tag-programma-vpn","10":"tag-rete-virtuale-privata","11":"tag-software-vpn","12":"tag-soluzione-vpn","13":"tag-virtual-private-network","14":"tag-vpn"},"wppr_data":{"cwp_meta_box_check":"No"},"acf":[],"yoast_head":"<!-- This site is optimized with the Yoast SEO plugin v27.4 - https:\/\/yoast.com\/product\/yoast-seo-wordpress\/ -->\n<title>Perimeter 81: recensione software VPN - Accurate Reviews<\/title>\n<meta name=\"description\" content=\"Perimeter 81: recensione soluzione sicurezza informatica di rete leader che offre accesso remoto sicuro e funzionalit\u00e0 di rete su cloud multi-tenant.\" \/>\n<meta name=\"robots\" content=\"index, follow, max-snippet:-1, max-image-preview:large, max-video-preview:-1\" \/>\n<link rel=\"canonical\" href=\"https:\/\/www.accuratereviews.com\/it\/software-vpn\/perimeter-81-recensione\/\" \/>\n<meta property=\"og:locale\" content=\"it_IT\" \/>\n<meta property=\"og:type\" content=\"article\" \/>\n<meta property=\"og:title\" content=\"Perimeter 81: recensione software VPN - Accurate Reviews\" \/>\n<meta property=\"og:description\" content=\"Perimeter 81: recensione soluzione sicurezza informatica di rete leader che offre accesso remoto sicuro e funzionalit\u00e0 di rete su cloud multi-tenant.\" \/>\n<meta property=\"og:url\" content=\"https:\/\/www.accuratereviews.com\/it\/software-vpn\/perimeter-81-recensione\/\" \/>\n<meta property=\"og:site_name\" content=\"Accurate Reviews\" \/>\n<meta property=\"article:modified_time\" content=\"2022-11-30T09:02:32+00:00\" \/>\n<meta property=\"og:image\" content=\"https:\/\/www.accuratereviews.com\/wp-content\/uploads\/2022\/11\/Perimeter-81.png\" \/>\n\t<meta property=\"og:image:width\" content=\"1000\" \/>\n\t<meta property=\"og:image:height\" content=\"750\" \/>\n\t<meta property=\"og:image:type\" content=\"image\/png\" \/>\n<meta name=\"twitter:card\" content=\"summary_large_image\" \/>\n<meta name=\"twitter:label1\" content=\"Tempo di lettura stimato\" \/>\n\t<meta name=\"twitter:data1\" content=\"3 minuti\" \/>\n<script type=\"application\/ld+json\" class=\"yoast-schema-graph\">{\"@context\":\"https:\\\/\\\/schema.org\",\"@graph\":[{\"@type\":\"WebPage\",\"@id\":\"https:\\\/\\\/www.accuratereviews.com\\\/it\\\/software-vpn\\\/perimeter-81-recensione\\\/\",\"url\":\"https:\\\/\\\/www.accuratereviews.com\\\/it\\\/software-vpn\\\/perimeter-81-recensione\\\/\",\"name\":\"Perimeter 81: recensione software VPN - Accurate Reviews\",\"isPartOf\":{\"@id\":\"https:\\\/\\\/www.accuratereviews.com\\\/it\\\/#website\"},\"primaryImageOfPage\":{\"@id\":\"https:\\\/\\\/www.accuratereviews.com\\\/it\\\/software-vpn\\\/perimeter-81-recensione\\\/#primaryimage\"},\"image\":{\"@id\":\"https:\\\/\\\/www.accuratereviews.com\\\/it\\\/software-vpn\\\/perimeter-81-recensione\\\/#primaryimage\"},\"thumbnailUrl\":\"https:\\\/\\\/www.accuratereviews.com\\\/wp-content\\\/uploads\\\/2022\\\/11\\\/Perimeter-81.png\",\"datePublished\":\"2022-11-17T12:14:47+00:00\",\"dateModified\":\"2022-11-30T09:02:32+00:00\",\"description\":\"Perimeter 81: recensione soluzione sicurezza informatica di rete leader che offre accesso remoto sicuro e funzionalit\u00e0 di rete su cloud multi-tenant.\",\"breadcrumb\":{\"@id\":\"https:\\\/\\\/www.accuratereviews.com\\\/it\\\/software-vpn\\\/perimeter-81-recensione\\\/#breadcrumb\"},\"inLanguage\":\"it-IT\",\"potentialAction\":[{\"@type\":\"ReadAction\",\"target\":[\"https:\\\/\\\/www.accuratereviews.com\\\/it\\\/software-vpn\\\/perimeter-81-recensione\\\/\"]}]},{\"@type\":\"ImageObject\",\"inLanguage\":\"it-IT\",\"@id\":\"https:\\\/\\\/www.accuratereviews.com\\\/it\\\/software-vpn\\\/perimeter-81-recensione\\\/#primaryimage\",\"url\":\"https:\\\/\\\/www.accuratereviews.com\\\/wp-content\\\/uploads\\\/2022\\\/11\\\/Perimeter-81.png\",\"contentUrl\":\"https:\\\/\\\/www.accuratereviews.com\\\/wp-content\\\/uploads\\\/2022\\\/11\\\/Perimeter-81.png\",\"width\":1000,\"height\":750},{\"@type\":\"BreadcrumbList\",\"@id\":\"https:\\\/\\\/www.accuratereviews.com\\\/it\\\/software-vpn\\\/perimeter-81-recensione\\\/#breadcrumb\",\"itemListElement\":[{\"@type\":\"ListItem\",\"position\":1,\"name\":\"Home\",\"item\":\"https:\\\/\\\/www.accuratereviews.com\\\/it\\\/\"},{\"@type\":\"ListItem\",\"position\":2,\"name\":\"Software VPN\",\"item\":\"https:\\\/\\\/www.accuratereviews.com\\\/it\\\/software-vpn\\\/\"},{\"@type\":\"ListItem\",\"position\":3,\"name\":\"Perimeter 81\"}]},{\"@type\":\"WebSite\",\"@id\":\"https:\\\/\\\/www.accuratereviews.com\\\/it\\\/#website\",\"url\":\"https:\\\/\\\/www.accuratereviews.com\\\/it\\\/\",\"name\":\"Accurate Reviews\",\"description\":\"\",\"potentialAction\":[{\"@type\":\"SearchAction\",\"target\":{\"@type\":\"EntryPoint\",\"urlTemplate\":\"https:\\\/\\\/www.accuratereviews.com\\\/it\\\/?s={search_term_string}\"},\"query-input\":{\"@type\":\"PropertyValueSpecification\",\"valueRequired\":true,\"valueName\":\"search_term_string\"}}],\"inLanguage\":\"it-IT\"}]}<\/script>\n<!-- \/ Yoast SEO plugin. -->","yoast_head_json":{"title":"Perimeter 81: recensione software VPN - Accurate Reviews","description":"Perimeter 81: recensione soluzione sicurezza informatica di rete leader che offre accesso remoto sicuro e funzionalit\u00e0 di rete su cloud multi-tenant.","robots":{"index":"index","follow":"follow","max-snippet":"max-snippet:-1","max-image-preview":"max-image-preview:large","max-video-preview":"max-video-preview:-1"},"canonical":"https:\/\/www.accuratereviews.com\/it\/software-vpn\/perimeter-81-recensione\/","og_locale":"it_IT","og_type":"article","og_title":"Perimeter 81: recensione software VPN - Accurate Reviews","og_description":"Perimeter 81: recensione soluzione sicurezza informatica di rete leader che offre accesso remoto sicuro e funzionalit\u00e0 di rete su cloud multi-tenant.","og_url":"https:\/\/www.accuratereviews.com\/it\/software-vpn\/perimeter-81-recensione\/","og_site_name":"Accurate Reviews","article_modified_time":"2022-11-30T09:02:32+00:00","og_image":[{"width":1000,"height":750,"url":"https:\/\/www.accuratereviews.com\/wp-content\/uploads\/2022\/11\/Perimeter-81.png","type":"image\/png"}],"twitter_card":"summary_large_image","twitter_misc":{"Tempo di lettura stimato":"3 minuti"},"schema":{"@context":"https:\/\/schema.org","@graph":[{"@type":"WebPage","@id":"https:\/\/www.accuratereviews.com\/it\/software-vpn\/perimeter-81-recensione\/","url":"https:\/\/www.accuratereviews.com\/it\/software-vpn\/perimeter-81-recensione\/","name":"Perimeter 81: recensione software VPN - Accurate Reviews","isPartOf":{"@id":"https:\/\/www.accuratereviews.com\/it\/#website"},"primaryImageOfPage":{"@id":"https:\/\/www.accuratereviews.com\/it\/software-vpn\/perimeter-81-recensione\/#primaryimage"},"image":{"@id":"https:\/\/www.accuratereviews.com\/it\/software-vpn\/perimeter-81-recensione\/#primaryimage"},"thumbnailUrl":"https:\/\/www.accuratereviews.com\/wp-content\/uploads\/2022\/11\/Perimeter-81.png","datePublished":"2022-11-17T12:14:47+00:00","dateModified":"2022-11-30T09:02:32+00:00","description":"Perimeter 81: recensione soluzione sicurezza informatica di rete leader che offre accesso remoto sicuro e funzionalit\u00e0 di rete su cloud multi-tenant.","breadcrumb":{"@id":"https:\/\/www.accuratereviews.com\/it\/software-vpn\/perimeter-81-recensione\/#breadcrumb"},"inLanguage":"it-IT","potentialAction":[{"@type":"ReadAction","target":["https:\/\/www.accuratereviews.com\/it\/software-vpn\/perimeter-81-recensione\/"]}]},{"@type":"ImageObject","inLanguage":"it-IT","@id":"https:\/\/www.accuratereviews.com\/it\/software-vpn\/perimeter-81-recensione\/#primaryimage","url":"https:\/\/www.accuratereviews.com\/wp-content\/uploads\/2022\/11\/Perimeter-81.png","contentUrl":"https:\/\/www.accuratereviews.com\/wp-content\/uploads\/2022\/11\/Perimeter-81.png","width":1000,"height":750},{"@type":"BreadcrumbList","@id":"https:\/\/www.accuratereviews.com\/it\/software-vpn\/perimeter-81-recensione\/#breadcrumb","itemListElement":[{"@type":"ListItem","position":1,"name":"Home","item":"https:\/\/www.accuratereviews.com\/it\/"},{"@type":"ListItem","position":2,"name":"Software VPN","item":"https:\/\/www.accuratereviews.com\/it\/software-vpn\/"},{"@type":"ListItem","position":3,"name":"Perimeter 81"}]},{"@type":"WebSite","@id":"https:\/\/www.accuratereviews.com\/it\/#website","url":"https:\/\/www.accuratereviews.com\/it\/","name":"Accurate Reviews","description":"","potentialAction":[{"@type":"SearchAction","target":{"@type":"EntryPoint","urlTemplate":"https:\/\/www.accuratereviews.com\/it\/?s={search_term_string}"},"query-input":{"@type":"PropertyValueSpecification","valueRequired":true,"valueName":"search_term_string"}}],"inLanguage":"it-IT"}]}},"_links":{"self":[{"href":"https:\/\/www.accuratereviews.com\/it\/wp-json\/wp\/v2\/pages\/64121","targetHints":{"allow":["GET"]}}],"collection":[{"href":"https:\/\/www.accuratereviews.com\/it\/wp-json\/wp\/v2\/pages"}],"about":[{"href":"https:\/\/www.accuratereviews.com\/it\/wp-json\/wp\/v2\/types\/page"}],"author":[{"embeddable":true,"href":"https:\/\/www.accuratereviews.com\/it\/wp-json\/wp\/v2\/users\/19"}],"replies":[{"embeddable":true,"href":"https:\/\/www.accuratereviews.com\/it\/wp-json\/wp\/v2\/comments?post=64121"}],"version-history":[{"count":12,"href":"https:\/\/www.accuratereviews.com\/it\/wp-json\/wp\/v2\/pages\/64121\/revisions"}],"predecessor-version":[{"id":64573,"href":"https:\/\/www.accuratereviews.com\/it\/wp-json\/wp\/v2\/pages\/64121\/revisions\/64573"}],"up":[{"embeddable":true,"href":"https:\/\/www.accuratereviews.com\/it\/wp-json\/wp\/v2\/pages\/63881"}],"wp:featuredmedia":[{"embeddable":true,"href":"https:\/\/www.accuratereviews.com\/it\/wp-json\/wp\/v2\/media\/64125"}],"wp:attachment":[{"href":"https:\/\/www.accuratereviews.com\/it\/wp-json\/wp\/v2\/media?parent=64121"}],"wp:term":[{"taxonomy":"category","embeddable":true,"href":"https:\/\/www.accuratereviews.com\/it\/wp-json\/wp\/v2\/categories?post=64121"},{"taxonomy":"post_tag","embeddable":true,"href":"https:\/\/www.accuratereviews.com\/it\/wp-json\/wp\/v2\/tags?post=64121"},{"taxonomy":"features","embeddable":true,"href":"https:\/\/www.accuratereviews.com\/it\/wp-json\/wp\/v2\/features?post=64121"}],"curies":[{"name":"wp","href":"https:\/\/api.w.org\/{rel}","templated":true}]}}