{"id":64187,"date":"2022-11-18T12:20:24","date_gmt":"2022-11-18T12:20:24","guid":{"rendered":"https:\/\/www.accuratereviews.com\/?page_id=64187"},"modified":"2022-11-18T12:20:24","modified_gmt":"2022-11-18T12:20:24","slug":"hideme-recensione","status":"publish","type":"page","link":"https:\/\/www.accuratereviews.com\/it\/software-vpn\/hideme-recensione\/","title":{"rendered":"HIDEme"},"content":{"rendered":"<p class=\"h5 fw-bold mb-2\"><strong>HIDEme<\/strong> \u00e8 un <strong>software VPN<\/strong> che protegge la tua privacy online offrendoti funzionalit\u00e0 avanzate come: protezione fughe IP avanzata, supporto IPv6, WireGuard, Split Tunneling, Stealth Guard e altro ancora. In assenza di una VPN, la tua navigazione sul web risulta sempre monitorata perch\u00e9 i siti che visiti conoscono il tuo indirizzo IP e la tua posizione reale. Con <strong>HIDEme<\/strong> invece, ti viene assegnato un indirizzo IP anonimo e dato l&#8217;accesso a un tunnel criptato appositamente per la tua attivit\u00e0 online. In questo modo potrai navigare in tutta tranquillit\u00e0 e sicurezza.<br \/>\nAccedi ai contenuti censurati e bloccati da governo,\u00a0societ\u00e0, ISP, organizzazioni e agenzie che stanno prendendo il controllo di Internet e monitorano tutte le tue attivit\u00e0.<\/p>\n<h2>HIDEME &#8211; TUTORIAL<\/h2>\n<div id=\"fluid-wrapper-counter-1\" class=\"g1-fluid-wrapper \" style=\"width:686px;\">\n<div style=\"padding-bottom:56.268221574344%;\"><iframe loading=\"lazy\" title=\"hide.me VPN - What Is hide.me VPN\" width=\"686\" height=\"386\" src=\"https:\/\/www.youtube.com\/embed\/TlFO8nbphTM?feature=oembed&amp;wmode=transparent&amp;autohide=1&amp;autoplay=0&amp;disablekb=0&amp;fs=1&amp;loop=0&amp;enablejsapi=1&amp;rel=0&amp;controls=2&amp;showinfo=0&amp;wmode=transparent&amp;autohide=2&amp;autoplay=0&amp;disablekb=0&amp;fs=1&amp;loop=0&amp;enablejsapi=1&amp;rel=0&amp;controls=2&amp;showinfo=1\" frameborder=\"0\" allow=\"accelerometer; autoplay; clipboard-write; encrypted-media; gyroscope; picture-in-picture\" allowfullscreen><\/iframe><\/div>\n<\/div>\n<h3>HIDEME &#8211; CARATTERISTICHE<\/h3>\n<ul>\n<li>Indirizzo IP anonimo<\/li>\n<li>Nessuna censura di internet<\/li>\n<li>Connessione criptata<\/li>\n<li>VPN per gaming<\/li>\n<li>Visualizzazione sport in streaming<\/li>\n<li>Bolt &#8211; Proxy veloce<\/li>\n<li>Protezione IP Leak<\/li>\n<li>Supporto IPv6<\/li>\n<li>Supporto mobile<\/li>\n<li>Multihop<\/li>\n<li>Niente registri dati<\/li>\n<li>Split Tunneling<\/li>\n<li>Stealth Guard<\/li>\n<li>DNS senza censura<\/li>\n<li>WireGuard<\/li>\n<\/ul>\n<h4>LE RECENSIONI DEGLI UTENTI<\/h4>\n<p><strong>Feldriana &#8220;Massima sicurezza quando uso Internet a lavoro&#8221;.<\/strong><br \/>\nPro: uno strumento che mi fa sentire al sicuro. \u00c8 un software che ho iniziato a usare da poco tempo, mi sento sicura perch\u00e9 ha un sistema di crittografia dei dati abbastanza affidabile. La velocit\u00e0 non \u00e8 il suo punto di forza, ma \u00e8 tra le migliori che ho usato, inoltre la sua interfaccia \u00e8 abbastanza amichevole e la sua usabilit\u00e0 \u00e8 abbastanza intuitiva.<br \/>\nContro: come ho gi\u00e0 detto, penso che le connessioni possano essere migliorate in termini di velocit\u00e0. Questa osservazione pu\u00f2 essere presa in considerazione dal dipartimento tecnico di Hide.me per essere migliorata.<\/p>\n<p><strong>Milagros &#8220;Provider VPN di facile installazione e configurazione&#8221;<\/strong><br \/>\nPro: offre due piani di servizio e una versione gratuita, ha un buon tempo di risposta rispetto ad altri, configurazione facile e veloce, buon supporto.<br \/>\nContro: Nella versione gratuita ha solo 3 server VPN, \u00e8 un&#8217;applicazione che soddisfa tutte le mie esigenze, \u00e8 l&#8217;applicazione giusta se state cercando un programma semplice da usare.<\/p>\n<p><strong>Marco &#8220;Buona VPN ma non la migliore&#8221;<\/strong><br \/>\nPro: Possibilit\u00e0 di gestire gli IP virtuali scegliendo da una lista di numerosi paesi del mondo (nazioni). Facilit\u00e0 d&#8217;uso<br \/>\nContro: A volte va in conflitto con le credenziali della rete windows e bisogna reimpostare tutto perdendo molto tempo.<\/p>\n","protected":false},"excerpt":{"rendered":"<p>HIDEme \u00e8 un software VPN che protegge la tua privacy online, offrendoti funzionalit\u00e0 avanzate come: protezione fughe IP avanzata, supporto IPv6, WireGuard, Split Tunneling, Stealth Guard e altro ancora. In assenza di una VPN, la tua navigazione sul web risulta sempre monitorata perch\u00e9 i siti che visiti conoscono il tuo indirizzo IP e la tua posizione reale.<\/p>\n","protected":false},"author":17,"featured_media":64189,"parent":63881,"menu_order":0,"comment_status":"open","ping_status":"closed","template":"g1_template_page_review_new.php","meta":{"_acf_changed":false,"cwp_meta_box_check":"No","cwp_rev_product_name":"","cwp_rev_product_image":"","wppr_links":[],"cwp_rev_price":"","wppr_options":[],"wppr_pros":[],"wppr_cons":[],"_monsterinsights_skip_tracking":false,"_monsterinsights_sitenote_active":false,"_monsterinsights_sitenote_note":"","_monsterinsights_sitenote_category":0,"footnotes":""},"categories":[13730],"tags":[13736,13735,13734,13732,13733,13681],"features":[],"class_list":{"0":"post-64187","1":"page","2":"type-page","3":"status-publish","4":"has-post-thumbnail","6":"category-software-vpn-cat","7":"tag-app-vpn","8":"tag-piattaforma-vpn","9":"tag-programma-vpn","10":"tag-software-vpn","11":"tag-soluzione-vpn","12":"tag-vpn"},"wppr_data":{"cwp_meta_box_check":"No"},"acf":[],"yoast_head":"<!-- This site is optimized with the Yoast SEO plugin v27.4 - https:\/\/yoast.com\/product\/yoast-seo-wordpress\/ -->\n<title>HIDEme: recensione software VPN - Accurate Reviews<\/title>\n<meta name=\"description\" content=\"HIDEme: recensione del software VPN che protegge la tua privacy e la tua sicurezza online, offrendoti funzionalit\u00e0 avanzate.\" \/>\n<meta name=\"robots\" content=\"index, follow, max-snippet:-1, max-image-preview:large, max-video-preview:-1\" \/>\n<link rel=\"canonical\" href=\"https:\/\/www.accuratereviews.com\/it\/software-vpn\/hideme-recensione\/\" \/>\n<meta property=\"og:locale\" content=\"it_IT\" \/>\n<meta property=\"og:type\" content=\"article\" \/>\n<meta property=\"og:title\" content=\"HIDEme: recensione software VPN - Accurate Reviews\" \/>\n<meta property=\"og:description\" content=\"HIDEme: recensione del software VPN che protegge la tua privacy e la tua sicurezza online, offrendoti funzionalit\u00e0 avanzate.\" \/>\n<meta property=\"og:url\" content=\"https:\/\/www.accuratereviews.com\/it\/software-vpn\/hideme-recensione\/\" \/>\n<meta property=\"og:site_name\" content=\"Accurate Reviews\" \/>\n<meta property=\"og:image\" content=\"https:\/\/www.accuratereviews.com\/wp-content\/uploads\/2022\/11\/hide-me.png\" \/>\n\t<meta property=\"og:image:width\" content=\"1000\" \/>\n\t<meta property=\"og:image:height\" content=\"564\" \/>\n\t<meta property=\"og:image:type\" content=\"image\/png\" \/>\n<meta name=\"twitter:card\" content=\"summary_large_image\" \/>\n<meta name=\"twitter:label1\" content=\"Tempo di lettura stimato\" \/>\n\t<meta name=\"twitter:data1\" content=\"2 minuti\" \/>\n<script type=\"application\/ld+json\" class=\"yoast-schema-graph\">{\"@context\":\"https:\\\/\\\/schema.org\",\"@graph\":[{\"@type\":\"WebPage\",\"@id\":\"https:\\\/\\\/www.accuratereviews.com\\\/it\\\/software-vpn\\\/hideme-recensione\\\/\",\"url\":\"https:\\\/\\\/www.accuratereviews.com\\\/it\\\/software-vpn\\\/hideme-recensione\\\/\",\"name\":\"HIDEme: recensione software VPN - Accurate Reviews\",\"isPartOf\":{\"@id\":\"https:\\\/\\\/www.accuratereviews.com\\\/it\\\/#website\"},\"primaryImageOfPage\":{\"@id\":\"https:\\\/\\\/www.accuratereviews.com\\\/it\\\/software-vpn\\\/hideme-recensione\\\/#primaryimage\"},\"image\":{\"@id\":\"https:\\\/\\\/www.accuratereviews.com\\\/it\\\/software-vpn\\\/hideme-recensione\\\/#primaryimage\"},\"thumbnailUrl\":\"https:\\\/\\\/www.accuratereviews.com\\\/wp-content\\\/uploads\\\/2022\\\/11\\\/hide-me.png\",\"datePublished\":\"2022-11-18T12:20:24+00:00\",\"description\":\"HIDEme: recensione del software VPN che protegge la tua privacy e la tua sicurezza online, offrendoti funzionalit\u00e0 avanzate.\",\"breadcrumb\":{\"@id\":\"https:\\\/\\\/www.accuratereviews.com\\\/it\\\/software-vpn\\\/hideme-recensione\\\/#breadcrumb\"},\"inLanguage\":\"it-IT\",\"potentialAction\":[{\"@type\":\"ReadAction\",\"target\":[\"https:\\\/\\\/www.accuratereviews.com\\\/it\\\/software-vpn\\\/hideme-recensione\\\/\"]}]},{\"@type\":\"ImageObject\",\"inLanguage\":\"it-IT\",\"@id\":\"https:\\\/\\\/www.accuratereviews.com\\\/it\\\/software-vpn\\\/hideme-recensione\\\/#primaryimage\",\"url\":\"https:\\\/\\\/www.accuratereviews.com\\\/wp-content\\\/uploads\\\/2022\\\/11\\\/hide-me.png\",\"contentUrl\":\"https:\\\/\\\/www.accuratereviews.com\\\/wp-content\\\/uploads\\\/2022\\\/11\\\/hide-me.png\",\"width\":1000,\"height\":564},{\"@type\":\"BreadcrumbList\",\"@id\":\"https:\\\/\\\/www.accuratereviews.com\\\/it\\\/software-vpn\\\/hideme-recensione\\\/#breadcrumb\",\"itemListElement\":[{\"@type\":\"ListItem\",\"position\":1,\"name\":\"Home\",\"item\":\"https:\\\/\\\/www.accuratereviews.com\\\/it\\\/\"},{\"@type\":\"ListItem\",\"position\":2,\"name\":\"Software VPN\",\"item\":\"https:\\\/\\\/www.accuratereviews.com\\\/it\\\/software-vpn\\\/\"},{\"@type\":\"ListItem\",\"position\":3,\"name\":\"HIDEme\"}]},{\"@type\":\"WebSite\",\"@id\":\"https:\\\/\\\/www.accuratereviews.com\\\/it\\\/#website\",\"url\":\"https:\\\/\\\/www.accuratereviews.com\\\/it\\\/\",\"name\":\"Accurate Reviews\",\"description\":\"\",\"potentialAction\":[{\"@type\":\"SearchAction\",\"target\":{\"@type\":\"EntryPoint\",\"urlTemplate\":\"https:\\\/\\\/www.accuratereviews.com\\\/it\\\/?s={search_term_string}\"},\"query-input\":{\"@type\":\"PropertyValueSpecification\",\"valueRequired\":true,\"valueName\":\"search_term_string\"}}],\"inLanguage\":\"it-IT\"}]}<\/script>\n<!-- \/ Yoast SEO plugin. -->","yoast_head_json":{"title":"HIDEme: recensione software VPN - Accurate Reviews","description":"HIDEme: recensione del software VPN che protegge la tua privacy e la tua sicurezza online, offrendoti funzionalit\u00e0 avanzate.","robots":{"index":"index","follow":"follow","max-snippet":"max-snippet:-1","max-image-preview":"max-image-preview:large","max-video-preview":"max-video-preview:-1"},"canonical":"https:\/\/www.accuratereviews.com\/it\/software-vpn\/hideme-recensione\/","og_locale":"it_IT","og_type":"article","og_title":"HIDEme: recensione software VPN - Accurate Reviews","og_description":"HIDEme: recensione del software VPN che protegge la tua privacy e la tua sicurezza online, offrendoti funzionalit\u00e0 avanzate.","og_url":"https:\/\/www.accuratereviews.com\/it\/software-vpn\/hideme-recensione\/","og_site_name":"Accurate Reviews","og_image":[{"width":1000,"height":564,"url":"https:\/\/www.accuratereviews.com\/wp-content\/uploads\/2022\/11\/hide-me.png","type":"image\/png"}],"twitter_card":"summary_large_image","twitter_misc":{"Tempo di lettura stimato":"2 minuti"},"schema":{"@context":"https:\/\/schema.org","@graph":[{"@type":"WebPage","@id":"https:\/\/www.accuratereviews.com\/it\/software-vpn\/hideme-recensione\/","url":"https:\/\/www.accuratereviews.com\/it\/software-vpn\/hideme-recensione\/","name":"HIDEme: recensione software VPN - Accurate Reviews","isPartOf":{"@id":"https:\/\/www.accuratereviews.com\/it\/#website"},"primaryImageOfPage":{"@id":"https:\/\/www.accuratereviews.com\/it\/software-vpn\/hideme-recensione\/#primaryimage"},"image":{"@id":"https:\/\/www.accuratereviews.com\/it\/software-vpn\/hideme-recensione\/#primaryimage"},"thumbnailUrl":"https:\/\/www.accuratereviews.com\/wp-content\/uploads\/2022\/11\/hide-me.png","datePublished":"2022-11-18T12:20:24+00:00","description":"HIDEme: recensione del software VPN che protegge la tua privacy e la tua sicurezza online, offrendoti funzionalit\u00e0 avanzate.","breadcrumb":{"@id":"https:\/\/www.accuratereviews.com\/it\/software-vpn\/hideme-recensione\/#breadcrumb"},"inLanguage":"it-IT","potentialAction":[{"@type":"ReadAction","target":["https:\/\/www.accuratereviews.com\/it\/software-vpn\/hideme-recensione\/"]}]},{"@type":"ImageObject","inLanguage":"it-IT","@id":"https:\/\/www.accuratereviews.com\/it\/software-vpn\/hideme-recensione\/#primaryimage","url":"https:\/\/www.accuratereviews.com\/wp-content\/uploads\/2022\/11\/hide-me.png","contentUrl":"https:\/\/www.accuratereviews.com\/wp-content\/uploads\/2022\/11\/hide-me.png","width":1000,"height":564},{"@type":"BreadcrumbList","@id":"https:\/\/www.accuratereviews.com\/it\/software-vpn\/hideme-recensione\/#breadcrumb","itemListElement":[{"@type":"ListItem","position":1,"name":"Home","item":"https:\/\/www.accuratereviews.com\/it\/"},{"@type":"ListItem","position":2,"name":"Software VPN","item":"https:\/\/www.accuratereviews.com\/it\/software-vpn\/"},{"@type":"ListItem","position":3,"name":"HIDEme"}]},{"@type":"WebSite","@id":"https:\/\/www.accuratereviews.com\/it\/#website","url":"https:\/\/www.accuratereviews.com\/it\/","name":"Accurate Reviews","description":"","potentialAction":[{"@type":"SearchAction","target":{"@type":"EntryPoint","urlTemplate":"https:\/\/www.accuratereviews.com\/it\/?s={search_term_string}"},"query-input":{"@type":"PropertyValueSpecification","valueRequired":true,"valueName":"search_term_string"}}],"inLanguage":"it-IT"}]}},"_links":{"self":[{"href":"https:\/\/www.accuratereviews.com\/it\/wp-json\/wp\/v2\/pages\/64187","targetHints":{"allow":["GET"]}}],"collection":[{"href":"https:\/\/www.accuratereviews.com\/it\/wp-json\/wp\/v2\/pages"}],"about":[{"href":"https:\/\/www.accuratereviews.com\/it\/wp-json\/wp\/v2\/types\/page"}],"author":[{"embeddable":true,"href":"https:\/\/www.accuratereviews.com\/it\/wp-json\/wp\/v2\/users\/17"}],"replies":[{"embeddable":true,"href":"https:\/\/www.accuratereviews.com\/it\/wp-json\/wp\/v2\/comments?post=64187"}],"version-history":[{"count":3,"href":"https:\/\/www.accuratereviews.com\/it\/wp-json\/wp\/v2\/pages\/64187\/revisions"}],"predecessor-version":[{"id":64198,"href":"https:\/\/www.accuratereviews.com\/it\/wp-json\/wp\/v2\/pages\/64187\/revisions\/64198"}],"up":[{"embeddable":true,"href":"https:\/\/www.accuratereviews.com\/it\/wp-json\/wp\/v2\/pages\/63881"}],"wp:featuredmedia":[{"embeddable":true,"href":"https:\/\/www.accuratereviews.com\/it\/wp-json\/wp\/v2\/media\/64189"}],"wp:attachment":[{"href":"https:\/\/www.accuratereviews.com\/it\/wp-json\/wp\/v2\/media?parent=64187"}],"wp:term":[{"taxonomy":"category","embeddable":true,"href":"https:\/\/www.accuratereviews.com\/it\/wp-json\/wp\/v2\/categories?post=64187"},{"taxonomy":"post_tag","embeddable":true,"href":"https:\/\/www.accuratereviews.com\/it\/wp-json\/wp\/v2\/tags?post=64187"},{"taxonomy":"features","embeddable":true,"href":"https:\/\/www.accuratereviews.com\/it\/wp-json\/wp\/v2\/features?post=64187"}],"curies":[{"name":"wp","href":"https:\/\/api.w.org\/{rel}","templated":true}]}}