{"id":64220,"date":"2022-11-21T11:26:07","date_gmt":"2022-11-21T11:26:07","guid":{"rendered":"https:\/\/www.accuratereviews.com\/?page_id=64220"},"modified":"2022-11-21T11:26:07","modified_gmt":"2022-11-21T11:26:07","slug":"fastestvpn-recensione","status":"publish","type":"page","link":"https:\/\/www.accuratereviews.com\/it\/software-vpn\/fastestvpn-recensione\/","title":{"rendered":"FastestVPN"},"content":{"rendered":"<p class=\"h3 mb-1\"><strong>FastestVPN<\/strong> \u00e8 un <strong>software VPN<\/strong> che ti permette di navigare e connetterti a tutte le reti, anche quelle pubbliche, in totale sicurezza. Il Wi-Fi pubblico \u00e8 la rete pi\u00f9 comunemente usata da tutti, in biblioteca, al ristorante, in aeroporto o in hotel, ma \u00e8 anche quella pi\u00f9 pericolosa poich\u00e9 vi rende vulnerabili al furto di dati e password da parte di hacker esperti. Ecco perch\u00e9 \u00e8 fondamentale scegliere un provider VPN che vi garantisca la protezione dei dati crittografando la vostra connessione.<br \/>\nGrazie ai server VPN di\u00a0<strong>FastestVPN<\/strong>, anche all&#8217;estero potrai accedere a tutti i contenuti che vuoi e avere la stessa protezione su oltre 20 piattaforme.<\/p>\n<h2>FASTESTVPN &#8211; TUTORIAL<\/h2>\n<div id=\"fluid-wrapper-counter-1\" class=\"g1-fluid-wrapper \" style=\"width:686px;\">\n<div style=\"padding-bottom:56.268221574344%;\"><iframe loading=\"lazy\" title=\"FastestVPN Full review and Honest Tutorial - 2020\" width=\"686\" height=\"386\" src=\"https:\/\/www.youtube.com\/embed\/nnIsj3wB9us?feature=oembed&amp;wmode=transparent&amp;autohide=1&amp;autoplay=0&amp;disablekb=0&amp;fs=1&amp;loop=0&amp;enablejsapi=1&amp;rel=0&amp;controls=2&amp;showinfo=0&amp;wmode=transparent&amp;autohide=2&amp;autoplay=0&amp;disablekb=0&amp;fs=1&amp;loop=0&amp;enablejsapi=1&amp;rel=0&amp;controls=2&amp;showinfo=1\" frameborder=\"0\" allow=\"accelerometer; autoplay; clipboard-write; encrypted-media; gyroscope; picture-in-picture\" allowfullscreen><\/iframe><\/div>\n<\/div>\n<h3>FASTESTVPN &#8211; CARATTERSTICHE<\/h3>\n<ul>\n<li><strong>Compatibilit\u00e0 con oltre 20 dispositivi<\/strong>: \u00e8 compatibile con oltre 20 dispositivi come Xbox, Roku, PS4, Kodi, Linux e altri ancora.<\/li>\n<li><strong>Smart Tunneling<\/strong>: instrada automaticamente il traffico selezionato con la VPN anche quando l&#8217;app non \u00e8 aperta.<\/li>\n<li><strong>10 connessioni simultanee<\/strong>: connetti fino a 10 dispositivi e utilizzali simultaneamente con un unico abbonamento FastestVPN.<\/li>\n<li><strong>Protezione DNS Leak<\/strong>: un DNS leak invia le tue richieste internet al di fuori del tunnel VPN, esponendo il tuo IP. FastestVPN garantisce un&#8217;elevata sicurezza grazie alla protezione DNS leak integrata.<\/li>\n<li><strong>Internet Kill Switch<\/strong>: impedisce che la tua identit\u00e0 trapeli. Termina la connessione a Internet nel caso in cui si perda la connessione al server VPN.<\/li>\n<li><strong>Protocolli multipli<\/strong>: la soluzione ha diversi protocolli disponibili, come OpenVPN, IKEv2, IPSec, OpenConnect, L2TP e altri ancora. Scegli i protocolli migliori per proteggere la tua rete.<\/li>\n<li><strong>Smart Connect<\/strong>: connessione immediata con il server migliore con un semplice clic.<\/li>\n<li><strong>Firewall NAT<\/strong>: bloccando il traffico in entrata non richiesto, la funzione di FastestVPN fornisce un ulteriore livello di sicurezza.<\/li>\n<li><strong>Sicurezza Wi-Fi<\/strong>: condivisione sicura di informazioni sensibili e transazioni online su qualsiasi rete Wi-Fi pubblica.<\/li>\n<li><strong>Crittografia AES a 256 bit<\/strong>: protegge i tuoi dati con una crittografia AES a 256 bit di livello militare, riconosciuta dai professionisti della sicurezza di tutto il mondo.<\/li>\n<\/ul>\n<h4>LE RECENSIONI DEGLI UTENTI<\/h4>\n<p><strong>Erna &#8220;La VPN pi\u00f9 veloce per i viaggi&#8221;<\/strong><br \/>\nCommenti: Molto buono. Felice del mio acquisto e continuer\u00f2 ad usarlo sia nel Regno Unito che all&#8217;estero.<br \/>\nPro: funziona, sono stato in grado di accedere a tutto ci\u00f2 di cui avevo bisogno dall&#8217;estero, anche Prime e BBC Iplayer. Uno dei miei collaboratori ha acquistato un abbonamento a vita, ha avuto un prezzo molto ragionevole ed \u00e8 stato facile da accedere e utilizzare.<br \/>\nContro: niente. Funziona e fa tutto ci\u00f2 di cui ho bisogno. Funziona anche sul mio telefono ogni giorno, anche se di tanto in tanto blocca il caricamento di una pagina e quindi lo disabilito.<\/p>\n<p><strong>Ilfad &#8220;Per le offerte che si possono trovare FastestVPN \u00e8 davvero buona&#8221;.<\/strong><br \/>\nPro: Server in tutto il mondo, blocca gli annunci per voi ed \u00e8 facile da usare<br \/>\nContro: Alcuni server possono essere lenti e per cambiare server bisogna disconnettersi manualmente dal primo<\/p>\n<p><strong>Omar &#8220;Uno strumento facile, ma indispensabile&#8221;<\/strong><br \/>\nCommenti: ho provato molte VPN, ma questa \u00e8 quella che uso veramente e che user\u00f2 in futuro<br \/>\nPro: una VPN \u00e8 sempre uno strumento da utilizzare per navigare liberamente in internet, e FastestVPN \u00e8 all&#8217;altezza del suo nome<br \/>\nContro: il prezzo \u00e8 di livello medio-alto, ma credo che possano darci qualsiasi altro servizio per cui ne valga la pena.<\/p>\n","protected":false},"excerpt":{"rendered":"<p>FastestVPN \u00e8 un software VPN che ti permette di navigare e connetterti a tutte le reti, anche quelle pubbliche, in totale sicurezza. Il Wi-Fi pubblico \u00e8 la rete pi\u00f9 comunemente usata da tutti, in biblioteca, al ristorante, in aeroporto o in hotel, ma \u00e8 anche quella pi\u00f9 pericolosa poich\u00e9 vi rende vulnerabili al furto di dati e password da parte di hacker esperti.<\/p>\n","protected":false},"author":17,"featured_media":64221,"parent":63881,"menu_order":0,"comment_status":"open","ping_status":"closed","template":"g1_template_page_review_new.php","meta":{"_acf_changed":false,"cwp_meta_box_check":"No","cwp_rev_product_name":"","cwp_rev_product_image":"","wppr_links":[],"cwp_rev_price":"","wppr_options":[],"wppr_pros":[],"wppr_cons":[],"_monsterinsights_skip_tracking":false,"_monsterinsights_sitenote_active":false,"_monsterinsights_sitenote_note":"","_monsterinsights_sitenote_category":0,"footnotes":""},"categories":[13730],"tags":[13736,13735,13734,13732,13733,13681],"features":[],"class_list":{"0":"post-64220","1":"page","2":"type-page","3":"status-publish","4":"has-post-thumbnail","6":"category-software-vpn-cat","7":"tag-app-vpn","8":"tag-piattaforma-vpn","9":"tag-programma-vpn","10":"tag-software-vpn","11":"tag-soluzione-vpn","12":"tag-vpn"},"wppr_data":{"cwp_meta_box_check":"No"},"acf":[],"yoast_head":"<!-- This site is optimized with the Yoast SEO plugin v27.4 - https:\/\/yoast.com\/product\/yoast-seo-wordpress\/ -->\n<title>FastestVPN: recensione software VPN - Accurate Reviews<\/title>\n<meta name=\"description\" content=\"FastestVPN \u00e8 un software VPN che ti permette di navigare e connetterti a tutte le reti, anche quelle pubbliche, in totale sicurezza.\" \/>\n<meta name=\"robots\" content=\"index, follow, max-snippet:-1, max-image-preview:large, max-video-preview:-1\" \/>\n<link rel=\"canonical\" href=\"https:\/\/www.accuratereviews.com\/it\/software-vpn\/fastestvpn-recensione\/\" \/>\n<meta property=\"og:locale\" content=\"it_IT\" \/>\n<meta property=\"og:type\" content=\"article\" \/>\n<meta property=\"og:title\" content=\"FastestVPN: recensione software VPN - Accurate Reviews\" \/>\n<meta property=\"og:description\" content=\"FastestVPN \u00e8 un software VPN che ti permette di navigare e connetterti a tutte le reti, anche quelle pubbliche, in totale sicurezza.\" \/>\n<meta property=\"og:url\" content=\"https:\/\/www.accuratereviews.com\/it\/software-vpn\/fastestvpn-recensione\/\" \/>\n<meta property=\"og:site_name\" content=\"Accurate Reviews\" \/>\n<meta property=\"og:image\" content=\"https:\/\/www.accuratereviews.com\/wp-content\/uploads\/2022\/11\/fastestvpn.png\" \/>\n\t<meta property=\"og:image:width\" content=\"1000\" \/>\n\t<meta property=\"og:image:height\" content=\"564\" \/>\n\t<meta property=\"og:image:type\" content=\"image\/png\" \/>\n<meta name=\"twitter:card\" content=\"summary_large_image\" \/>\n<meta name=\"twitter:label1\" content=\"Tempo di lettura stimato\" \/>\n\t<meta name=\"twitter:data1\" content=\"3 minuti\" \/>\n<script type=\"application\/ld+json\" class=\"yoast-schema-graph\">{\"@context\":\"https:\\\/\\\/schema.org\",\"@graph\":[{\"@type\":\"WebPage\",\"@id\":\"https:\\\/\\\/www.accuratereviews.com\\\/it\\\/software-vpn\\\/fastestvpn-recensione\\\/\",\"url\":\"https:\\\/\\\/www.accuratereviews.com\\\/it\\\/software-vpn\\\/fastestvpn-recensione\\\/\",\"name\":\"FastestVPN: recensione software VPN - Accurate Reviews\",\"isPartOf\":{\"@id\":\"https:\\\/\\\/www.accuratereviews.com\\\/it\\\/#website\"},\"primaryImageOfPage\":{\"@id\":\"https:\\\/\\\/www.accuratereviews.com\\\/it\\\/software-vpn\\\/fastestvpn-recensione\\\/#primaryimage\"},\"image\":{\"@id\":\"https:\\\/\\\/www.accuratereviews.com\\\/it\\\/software-vpn\\\/fastestvpn-recensione\\\/#primaryimage\"},\"thumbnailUrl\":\"https:\\\/\\\/www.accuratereviews.com\\\/wp-content\\\/uploads\\\/2022\\\/11\\\/fastestvpn.png\",\"datePublished\":\"2022-11-21T11:26:07+00:00\",\"description\":\"FastestVPN \u00e8 un software VPN che ti permette di navigare e connetterti a tutte le reti, anche quelle pubbliche, in totale sicurezza.\",\"breadcrumb\":{\"@id\":\"https:\\\/\\\/www.accuratereviews.com\\\/it\\\/software-vpn\\\/fastestvpn-recensione\\\/#breadcrumb\"},\"inLanguage\":\"it-IT\",\"potentialAction\":[{\"@type\":\"ReadAction\",\"target\":[\"https:\\\/\\\/www.accuratereviews.com\\\/it\\\/software-vpn\\\/fastestvpn-recensione\\\/\"]}]},{\"@type\":\"ImageObject\",\"inLanguage\":\"it-IT\",\"@id\":\"https:\\\/\\\/www.accuratereviews.com\\\/it\\\/software-vpn\\\/fastestvpn-recensione\\\/#primaryimage\",\"url\":\"https:\\\/\\\/www.accuratereviews.com\\\/wp-content\\\/uploads\\\/2022\\\/11\\\/fastestvpn.png\",\"contentUrl\":\"https:\\\/\\\/www.accuratereviews.com\\\/wp-content\\\/uploads\\\/2022\\\/11\\\/fastestvpn.png\",\"width\":1000,\"height\":564},{\"@type\":\"BreadcrumbList\",\"@id\":\"https:\\\/\\\/www.accuratereviews.com\\\/it\\\/software-vpn\\\/fastestvpn-recensione\\\/#breadcrumb\",\"itemListElement\":[{\"@type\":\"ListItem\",\"position\":1,\"name\":\"Home\",\"item\":\"https:\\\/\\\/www.accuratereviews.com\\\/it\\\/\"},{\"@type\":\"ListItem\",\"position\":2,\"name\":\"Software VPN\",\"item\":\"https:\\\/\\\/www.accuratereviews.com\\\/it\\\/software-vpn\\\/\"},{\"@type\":\"ListItem\",\"position\":3,\"name\":\"FastestVPN\"}]},{\"@type\":\"WebSite\",\"@id\":\"https:\\\/\\\/www.accuratereviews.com\\\/it\\\/#website\",\"url\":\"https:\\\/\\\/www.accuratereviews.com\\\/it\\\/\",\"name\":\"Accurate Reviews\",\"description\":\"\",\"potentialAction\":[{\"@type\":\"SearchAction\",\"target\":{\"@type\":\"EntryPoint\",\"urlTemplate\":\"https:\\\/\\\/www.accuratereviews.com\\\/it\\\/?s={search_term_string}\"},\"query-input\":{\"@type\":\"PropertyValueSpecification\",\"valueRequired\":true,\"valueName\":\"search_term_string\"}}],\"inLanguage\":\"it-IT\"}]}<\/script>\n<!-- \/ Yoast SEO plugin. -->","yoast_head_json":{"title":"FastestVPN: recensione software VPN - Accurate Reviews","description":"FastestVPN \u00e8 un software VPN che ti permette di navigare e connetterti a tutte le reti, anche quelle pubbliche, in totale sicurezza.","robots":{"index":"index","follow":"follow","max-snippet":"max-snippet:-1","max-image-preview":"max-image-preview:large","max-video-preview":"max-video-preview:-1"},"canonical":"https:\/\/www.accuratereviews.com\/it\/software-vpn\/fastestvpn-recensione\/","og_locale":"it_IT","og_type":"article","og_title":"FastestVPN: recensione software VPN - Accurate Reviews","og_description":"FastestVPN \u00e8 un software VPN che ti permette di navigare e connetterti a tutte le reti, anche quelle pubbliche, in totale sicurezza.","og_url":"https:\/\/www.accuratereviews.com\/it\/software-vpn\/fastestvpn-recensione\/","og_site_name":"Accurate Reviews","og_image":[{"width":1000,"height":564,"url":"https:\/\/www.accuratereviews.com\/wp-content\/uploads\/2022\/11\/fastestvpn.png","type":"image\/png"}],"twitter_card":"summary_large_image","twitter_misc":{"Tempo di lettura stimato":"3 minuti"},"schema":{"@context":"https:\/\/schema.org","@graph":[{"@type":"WebPage","@id":"https:\/\/www.accuratereviews.com\/it\/software-vpn\/fastestvpn-recensione\/","url":"https:\/\/www.accuratereviews.com\/it\/software-vpn\/fastestvpn-recensione\/","name":"FastestVPN: recensione software VPN - Accurate Reviews","isPartOf":{"@id":"https:\/\/www.accuratereviews.com\/it\/#website"},"primaryImageOfPage":{"@id":"https:\/\/www.accuratereviews.com\/it\/software-vpn\/fastestvpn-recensione\/#primaryimage"},"image":{"@id":"https:\/\/www.accuratereviews.com\/it\/software-vpn\/fastestvpn-recensione\/#primaryimage"},"thumbnailUrl":"https:\/\/www.accuratereviews.com\/wp-content\/uploads\/2022\/11\/fastestvpn.png","datePublished":"2022-11-21T11:26:07+00:00","description":"FastestVPN \u00e8 un software VPN che ti permette di navigare e connetterti a tutte le reti, anche quelle pubbliche, in totale sicurezza.","breadcrumb":{"@id":"https:\/\/www.accuratereviews.com\/it\/software-vpn\/fastestvpn-recensione\/#breadcrumb"},"inLanguage":"it-IT","potentialAction":[{"@type":"ReadAction","target":["https:\/\/www.accuratereviews.com\/it\/software-vpn\/fastestvpn-recensione\/"]}]},{"@type":"ImageObject","inLanguage":"it-IT","@id":"https:\/\/www.accuratereviews.com\/it\/software-vpn\/fastestvpn-recensione\/#primaryimage","url":"https:\/\/www.accuratereviews.com\/wp-content\/uploads\/2022\/11\/fastestvpn.png","contentUrl":"https:\/\/www.accuratereviews.com\/wp-content\/uploads\/2022\/11\/fastestvpn.png","width":1000,"height":564},{"@type":"BreadcrumbList","@id":"https:\/\/www.accuratereviews.com\/it\/software-vpn\/fastestvpn-recensione\/#breadcrumb","itemListElement":[{"@type":"ListItem","position":1,"name":"Home","item":"https:\/\/www.accuratereviews.com\/it\/"},{"@type":"ListItem","position":2,"name":"Software VPN","item":"https:\/\/www.accuratereviews.com\/it\/software-vpn\/"},{"@type":"ListItem","position":3,"name":"FastestVPN"}]},{"@type":"WebSite","@id":"https:\/\/www.accuratereviews.com\/it\/#website","url":"https:\/\/www.accuratereviews.com\/it\/","name":"Accurate Reviews","description":"","potentialAction":[{"@type":"SearchAction","target":{"@type":"EntryPoint","urlTemplate":"https:\/\/www.accuratereviews.com\/it\/?s={search_term_string}"},"query-input":{"@type":"PropertyValueSpecification","valueRequired":true,"valueName":"search_term_string"}}],"inLanguage":"it-IT"}]}},"_links":{"self":[{"href":"https:\/\/www.accuratereviews.com\/it\/wp-json\/wp\/v2\/pages\/64220","targetHints":{"allow":["GET"]}}],"collection":[{"href":"https:\/\/www.accuratereviews.com\/it\/wp-json\/wp\/v2\/pages"}],"about":[{"href":"https:\/\/www.accuratereviews.com\/it\/wp-json\/wp\/v2\/types\/page"}],"author":[{"embeddable":true,"href":"https:\/\/www.accuratereviews.com\/it\/wp-json\/wp\/v2\/users\/17"}],"replies":[{"embeddable":true,"href":"https:\/\/www.accuratereviews.com\/it\/wp-json\/wp\/v2\/comments?post=64220"}],"version-history":[{"count":4,"href":"https:\/\/www.accuratereviews.com\/it\/wp-json\/wp\/v2\/pages\/64220\/revisions"}],"predecessor-version":[{"id":64261,"href":"https:\/\/www.accuratereviews.com\/it\/wp-json\/wp\/v2\/pages\/64220\/revisions\/64261"}],"up":[{"embeddable":true,"href":"https:\/\/www.accuratereviews.com\/it\/wp-json\/wp\/v2\/pages\/63881"}],"wp:featuredmedia":[{"embeddable":true,"href":"https:\/\/www.accuratereviews.com\/it\/wp-json\/wp\/v2\/media\/64221"}],"wp:attachment":[{"href":"https:\/\/www.accuratereviews.com\/it\/wp-json\/wp\/v2\/media?parent=64220"}],"wp:term":[{"taxonomy":"category","embeddable":true,"href":"https:\/\/www.accuratereviews.com\/it\/wp-json\/wp\/v2\/categories?post=64220"},{"taxonomy":"post_tag","embeddable":true,"href":"https:\/\/www.accuratereviews.com\/it\/wp-json\/wp\/v2\/tags?post=64220"},{"taxonomy":"features","embeddable":true,"href":"https:\/\/www.accuratereviews.com\/it\/wp-json\/wp\/v2\/features?post=64220"}],"curies":[{"name":"wp","href":"https:\/\/api.w.org\/{rel}","templated":true}]}}