{"id":64228,"date":"2022-11-21T13:13:42","date_gmt":"2022-11-21T13:13:42","guid":{"rendered":"https:\/\/www.accuratereviews.com\/?page_id=64228"},"modified":"2022-11-22T13:16:52","modified_gmt":"2022-11-22T13:16:52","slug":"protonvpn-recensione","status":"publish","type":"page","link":"https:\/\/www.accuratereviews.com\/it\/software-vpn\/protonvpn-recensione\/","title":{"rendered":"ProtonVPN"},"content":{"rendered":"<p><strong>ProtonVPN<\/strong> \u00e8 una <strong>soluzione VPN svizzera<\/strong> che offre connessioni ad alta velocit\u00e0 fino a 10 Gbit\/s, non registra l&#8217;attivit\u00e0 dell&#8217;utente ed \u00e8 disponibile su tutti i dispositivi. Tutte le connessioni di rete sono crittografate con AES-256 o ChaCha20. Con <strong>Perfect Forward Secrecy, <\/strong>nel caso in cui la chiave di crittografia per qualsiasi sessione successiva dovesse essere compromessa, i dati rimarrebbero comunque protetti perch\u00e9 il protocollo VPN rispetta solo le suite di cifratura di crittografia.<br \/>\nPer proteggere i propri utenti dagli attacchi basati sulla rete, la soluzione si affida a un&#8217;architettura di base sicura che instrada tutto il traffico attraverso pi\u00f9 server prima di lasciare la rete. Tutti i server core sicuri sono gestiti nelle proprie reti e si trovano in solidi data center in Islanda, Svezia o Svizzera. Inoltre esiste anche NetShield ad blocker, la funzione di filtro DNS che blocca malware, tracker di siti Web e pubblicit\u00e0.<\/p>\n<h2>PROTONVPN &#8211; TUTORIAL<\/h2>\n<div id=\"fluid-wrapper-counter-1\" class=\"g1-fluid-wrapper \" style=\"width:686px;\">\n<div style=\"padding-bottom:56.268221574344%;\"><iframe loading=\"lazy\" title=\"How to sign up and install ProtonVPN for FREE - How to use ProtonVPN\" width=\"515\" height=\"386\" src=\"https:\/\/www.youtube.com\/embed\/of_ezvLD3JU?feature=oembed&amp;wmode=transparent&amp;autohide=1&amp;autoplay=0&amp;disablekb=0&amp;fs=1&amp;loop=0&amp;enablejsapi=1&amp;rel=0&amp;controls=2&amp;showinfo=0&amp;wmode=transparent&amp;autohide=2&amp;autoplay=0&amp;disablekb=0&amp;fs=1&amp;loop=0&amp;enablejsapi=1&amp;rel=0&amp;controls=2&amp;showinfo=1\" frameborder=\"0\" allow=\"accelerometer; autoplay; clipboard-write; encrypted-media; gyroscope; picture-in-picture\" allowfullscreen><\/iframe><\/div>\n<\/div>\n<h3>PROTONVPN &#8211; CARATTERISTICHE<\/h3>\n<div class=\"row everyone\">\n<div class=\"col-lg-4 text-left\">\n<ul>\n<li><strong>Trasparenza<\/strong>: a\u00a0differenza di altri servizi VPN, la soluzione garantisce la piena trasparenza, cos\u00ec sai chi sta eseguendo il servizio. L&#8217;obiettivo \u00e8 quello di migliorare la sicurezza e la privacy di Internet.<\/li>\n<li><strong>Crittografia forte<\/strong>:\u00a0utilizza solo la pi\u00f9 alta crittografia per proteggere la tua connessione Internet. Ci\u00f2 significa che tutto il traffico di rete viene crittografato con AES-256, lo scambio di chiavi viene effettuato con RSA a 4096 bit e HMAC con SHA384 viene utilizzato per l&#8217;autenticazione dei messaggi.<\/li>\n<li><strong>Comunit\u00e0<\/strong>: il software\u00a0\u00e8 supportato dalla community e la community \u00e8 tutta per voi. Offre assistenza professionale ai clienti di tutta la comunit\u00e0 compresi gli utenti gratuiti.<\/li>\n<li><strong>Privacy e sicurezza per tutti<\/strong>: la missione \u00e8 rendere la sicurezza online e la privacy accessibili a tutti. Per contribuire a raggiungere questo obiettivo, fornisce una VPN gratuita in modo che tutti possano accedere in modo sicuro e privato ad Internet.<\/li>\n<li><strong>Open source<\/strong>: le\u00a0app sono open source al 100%, quindi chiunque pu\u00f2 esaminare il codice. Questa trasparenza significa che puoi avere fiducia che le applicazioni stanno facendo quello che devono fare, e solo quello.<\/li>\n<\/ul>\n<\/div>\n<\/div>\n<h4>LE RECENSIONI DEGLI UTENTI<\/h4>\n<p><strong>Lucy&#8221;Un&#8217;ottima VPN&#8221;<\/strong><br \/>\n<strong>Commenti<\/strong>: Una soluzione VPN molto conveniente. Mi piace.<br \/>\n<strong>Pro<\/strong>: Proton VPN offre una vasta gamma di posizioni server in tutto il mondo. Una delle grandi funzionalit\u00e0 offerte \u00e8 Secure Core che instrada le connessioni Internet tramite i server di Proton. Ci si aspetterebbe un rallentamento della velocit\u00e0 di Internet, ma Proton VPN non rallenta cos\u00ec tanto la velocit\u00e0. Si pu\u00f2 sempre optare per il nuovo servizio integrato nel cloud e accedere a un account di posta elettronica sicuro a basso costo.<br \/>\n<strong>Contro<\/strong>: Non offre molte posizioni dei server nei paesi africani. Potevo accedere solo a due paesi, ad es. Sudafrica e Nigeria. Per un continente con oltre 54 paesi, questo \u00e8 inaccettabile.<\/p>\n<p><strong>Disha&#8221;Recensione di ProtonVPN&#8221;<\/strong><br \/>\n<strong>Pro<\/strong>: Le migliori caratteristiche del software sono:1. Fornisce grande privacy e sicurezza consentendo al contempo un&#8217;esperienza di navigazione senza interruzioni. 2. Crittografia forte: molto utile per me perch\u00e9 mi piace guardare film e documentari regionali. 3 Registri dati &#8211; Grande promessa di nessun registro dati da parte dell&#8217;azienda 4. Velocit\u00e0 molto elevata 5. Copre una vasta demografia di circa 60+ paesi<br \/>\n<strong>Contro<\/strong>: Alcune cose che non mi sono piaciute del software sono:1. Sono inclini ad alcuni blocchi VPN. Questo rallenta l&#8217;intera esperienza di navigazione. 2. \u00c8 stato un po&#8217; difficile da configurare sia sul laptop che sul tablet. 3. Se provi a contattare il supporto, \u00e8 un po&#8217; difficile entrare in contatto con il team di supporto.<\/p>\n<p><strong>Laurent&#8221;La sicurezza di una VPN veloce&#8221;<\/strong><br \/>\n<strong>Commenti<\/strong>: \u00c8 la mia prima scelta per navigare in Internet. Sono sicuro che non hanno raccolto i miei dati di utilizzo privato. Protetto da VPN sin dal primo utilizzo<br \/>\n<strong>Pro<\/strong>: Proton VPN \u00e8 molto veloce da usare, dopo la prima connessione in meno di 1 minuto la VPN e si attiva.<br \/>\n<strong>Contro<\/strong>: L&#8217;unico inconveniente di Proton VPN \u00e8 che devi pagare per avere funzionalit\u00e0 premium, cosa non possibile per tutti perch\u00e9 alcune persone non possono pagare su Internet.<\/p>\n","protected":false},"excerpt":{"rendered":"<p>ProtonVPN \u00e8 una soluzione VPN svizzera che offre connessioni ad alta velocit\u00e0 fino a 10 Gbit\/s, non registra l&#8217;attivit\u00e0 dell&#8217;utente ed \u00e8 disponibile su tutti i dispositivi. Tutte le connessioni di rete sono crittografate con AES-256 o ChaCha20.<\/p>\n","protected":false},"author":19,"featured_media":64245,"parent":63881,"menu_order":0,"comment_status":"open","ping_status":"closed","template":"g1_template_page_review_new.php","meta":{"_acf_changed":false,"cwp_meta_box_check":"No","cwp_rev_product_name":"","cwp_rev_product_image":"","wppr_links":[],"cwp_rev_price":"","wppr_options":[],"wppr_pros":[],"wppr_cons":[],"_monsterinsights_skip_tracking":false,"_monsterinsights_sitenote_active":false,"_monsterinsights_sitenote_note":"","_monsterinsights_sitenote_category":0,"footnotes":""},"categories":[13730],"tags":[13736,13735,13734,13778,13765,13732,13733,13739,13681],"features":[],"class_list":{"0":"post-64228","1":"page","2":"type-page","3":"status-publish","4":"has-post-thumbnail","6":"category-software-vpn-cat","7":"tag-app-vpn","8":"tag-piattaforma-vpn","9":"tag-programma-vpn","10":"tag-protonvpn","11":"tag-rete-privata-virtuale","12":"tag-software-vpn","13":"tag-soluzione-vpn","14":"tag-virtual-private-network","15":"tag-vpn"},"wppr_data":{"cwp_meta_box_check":"No"},"acf":[],"yoast_head":"<!-- This site is optimized with the Yoast SEO plugin v27.4 - https:\/\/yoast.com\/product\/yoast-seo-wordpress\/ -->\n<title>ProtonVPN: recensione software VPN - Accurate Reviews<\/title>\n<meta name=\"description\" content=\"ProtonVPN: recensione soluzione VPN che offre connessioni ad alta velocit\u00e0 e non registra attivit\u00e0 dell&#039;utente.\" \/>\n<meta name=\"robots\" content=\"index, follow, max-snippet:-1, max-image-preview:large, max-video-preview:-1\" \/>\n<link rel=\"canonical\" href=\"https:\/\/www.accuratereviews.com\/it\/software-vpn\/protonvpn-recensione\/\" \/>\n<meta property=\"og:locale\" content=\"it_IT\" \/>\n<meta property=\"og:type\" content=\"article\" \/>\n<meta property=\"og:title\" content=\"ProtonVPN: recensione software VPN - Accurate Reviews\" \/>\n<meta property=\"og:description\" content=\"ProtonVPN: recensione soluzione VPN che offre connessioni ad alta velocit\u00e0 e non registra attivit\u00e0 dell&#039;utente.\" \/>\n<meta property=\"og:url\" content=\"https:\/\/www.accuratereviews.com\/it\/software-vpn\/protonvpn-recensione\/\" \/>\n<meta property=\"og:site_name\" content=\"Accurate Reviews\" \/>\n<meta property=\"article:modified_time\" content=\"2022-11-22T13:16:52+00:00\" \/>\n<meta property=\"og:image\" content=\"https:\/\/www.accuratereviews.com\/wp-content\/uploads\/2022\/11\/protonvpn-logo-square.png\" \/>\n\t<meta property=\"og:image:width\" content=\"600\" \/>\n\t<meta property=\"og:image:height\" content=\"600\" \/>\n\t<meta property=\"og:image:type\" content=\"image\/png\" \/>\n<meta name=\"twitter:card\" content=\"summary_large_image\" \/>\n<meta name=\"twitter:label1\" content=\"Tempo di lettura stimato\" \/>\n\t<meta name=\"twitter:data1\" content=\"4 minuti\" \/>\n<script type=\"application\/ld+json\" class=\"yoast-schema-graph\">{\"@context\":\"https:\\\/\\\/schema.org\",\"@graph\":[{\"@type\":\"WebPage\",\"@id\":\"https:\\\/\\\/www.accuratereviews.com\\\/it\\\/software-vpn\\\/protonvpn-recensione\\\/\",\"url\":\"https:\\\/\\\/www.accuratereviews.com\\\/it\\\/software-vpn\\\/protonvpn-recensione\\\/\",\"name\":\"ProtonVPN: recensione software VPN - Accurate Reviews\",\"isPartOf\":{\"@id\":\"https:\\\/\\\/www.accuratereviews.com\\\/it\\\/#website\"},\"primaryImageOfPage\":{\"@id\":\"https:\\\/\\\/www.accuratereviews.com\\\/it\\\/software-vpn\\\/protonvpn-recensione\\\/#primaryimage\"},\"image\":{\"@id\":\"https:\\\/\\\/www.accuratereviews.com\\\/it\\\/software-vpn\\\/protonvpn-recensione\\\/#primaryimage\"},\"thumbnailUrl\":\"https:\\\/\\\/www.accuratereviews.com\\\/wp-content\\\/uploads\\\/2022\\\/11\\\/protonvpn-logo-square.png\",\"datePublished\":\"2022-11-21T13:13:42+00:00\",\"dateModified\":\"2022-11-22T13:16:52+00:00\",\"description\":\"ProtonVPN: recensione soluzione VPN che offre connessioni ad alta velocit\u00e0 e non registra attivit\u00e0 dell'utente.\",\"breadcrumb\":{\"@id\":\"https:\\\/\\\/www.accuratereviews.com\\\/it\\\/software-vpn\\\/protonvpn-recensione\\\/#breadcrumb\"},\"inLanguage\":\"it-IT\",\"potentialAction\":[{\"@type\":\"ReadAction\",\"target\":[\"https:\\\/\\\/www.accuratereviews.com\\\/it\\\/software-vpn\\\/protonvpn-recensione\\\/\"]}]},{\"@type\":\"ImageObject\",\"inLanguage\":\"it-IT\",\"@id\":\"https:\\\/\\\/www.accuratereviews.com\\\/it\\\/software-vpn\\\/protonvpn-recensione\\\/#primaryimage\",\"url\":\"https:\\\/\\\/www.accuratereviews.com\\\/wp-content\\\/uploads\\\/2022\\\/11\\\/protonvpn-logo-square.png\",\"contentUrl\":\"https:\\\/\\\/www.accuratereviews.com\\\/wp-content\\\/uploads\\\/2022\\\/11\\\/protonvpn-logo-square.png\",\"width\":600,\"height\":600},{\"@type\":\"BreadcrumbList\",\"@id\":\"https:\\\/\\\/www.accuratereviews.com\\\/it\\\/software-vpn\\\/protonvpn-recensione\\\/#breadcrumb\",\"itemListElement\":[{\"@type\":\"ListItem\",\"position\":1,\"name\":\"Home\",\"item\":\"https:\\\/\\\/www.accuratereviews.com\\\/it\\\/\"},{\"@type\":\"ListItem\",\"position\":2,\"name\":\"Software VPN\",\"item\":\"https:\\\/\\\/www.accuratereviews.com\\\/it\\\/software-vpn\\\/\"},{\"@type\":\"ListItem\",\"position\":3,\"name\":\"ProtonVPN\"}]},{\"@type\":\"WebSite\",\"@id\":\"https:\\\/\\\/www.accuratereviews.com\\\/it\\\/#website\",\"url\":\"https:\\\/\\\/www.accuratereviews.com\\\/it\\\/\",\"name\":\"Accurate Reviews\",\"description\":\"\",\"potentialAction\":[{\"@type\":\"SearchAction\",\"target\":{\"@type\":\"EntryPoint\",\"urlTemplate\":\"https:\\\/\\\/www.accuratereviews.com\\\/it\\\/?s={search_term_string}\"},\"query-input\":{\"@type\":\"PropertyValueSpecification\",\"valueRequired\":true,\"valueName\":\"search_term_string\"}}],\"inLanguage\":\"it-IT\"}]}<\/script>\n<!-- \/ Yoast SEO plugin. -->","yoast_head_json":{"title":"ProtonVPN: recensione software VPN - Accurate Reviews","description":"ProtonVPN: recensione soluzione VPN che offre connessioni ad alta velocit\u00e0 e non registra attivit\u00e0 dell'utente.","robots":{"index":"index","follow":"follow","max-snippet":"max-snippet:-1","max-image-preview":"max-image-preview:large","max-video-preview":"max-video-preview:-1"},"canonical":"https:\/\/www.accuratereviews.com\/it\/software-vpn\/protonvpn-recensione\/","og_locale":"it_IT","og_type":"article","og_title":"ProtonVPN: recensione software VPN - Accurate Reviews","og_description":"ProtonVPN: recensione soluzione VPN che offre connessioni ad alta velocit\u00e0 e non registra attivit\u00e0 dell'utente.","og_url":"https:\/\/www.accuratereviews.com\/it\/software-vpn\/protonvpn-recensione\/","og_site_name":"Accurate Reviews","article_modified_time":"2022-11-22T13:16:52+00:00","og_image":[{"width":600,"height":600,"url":"https:\/\/www.accuratereviews.com\/wp-content\/uploads\/2022\/11\/protonvpn-logo-square.png","type":"image\/png"}],"twitter_card":"summary_large_image","twitter_misc":{"Tempo di lettura stimato":"4 minuti"},"schema":{"@context":"https:\/\/schema.org","@graph":[{"@type":"WebPage","@id":"https:\/\/www.accuratereviews.com\/it\/software-vpn\/protonvpn-recensione\/","url":"https:\/\/www.accuratereviews.com\/it\/software-vpn\/protonvpn-recensione\/","name":"ProtonVPN: recensione software VPN - Accurate Reviews","isPartOf":{"@id":"https:\/\/www.accuratereviews.com\/it\/#website"},"primaryImageOfPage":{"@id":"https:\/\/www.accuratereviews.com\/it\/software-vpn\/protonvpn-recensione\/#primaryimage"},"image":{"@id":"https:\/\/www.accuratereviews.com\/it\/software-vpn\/protonvpn-recensione\/#primaryimage"},"thumbnailUrl":"https:\/\/www.accuratereviews.com\/wp-content\/uploads\/2022\/11\/protonvpn-logo-square.png","datePublished":"2022-11-21T13:13:42+00:00","dateModified":"2022-11-22T13:16:52+00:00","description":"ProtonVPN: recensione soluzione VPN che offre connessioni ad alta velocit\u00e0 e non registra attivit\u00e0 dell'utente.","breadcrumb":{"@id":"https:\/\/www.accuratereviews.com\/it\/software-vpn\/protonvpn-recensione\/#breadcrumb"},"inLanguage":"it-IT","potentialAction":[{"@type":"ReadAction","target":["https:\/\/www.accuratereviews.com\/it\/software-vpn\/protonvpn-recensione\/"]}]},{"@type":"ImageObject","inLanguage":"it-IT","@id":"https:\/\/www.accuratereviews.com\/it\/software-vpn\/protonvpn-recensione\/#primaryimage","url":"https:\/\/www.accuratereviews.com\/wp-content\/uploads\/2022\/11\/protonvpn-logo-square.png","contentUrl":"https:\/\/www.accuratereviews.com\/wp-content\/uploads\/2022\/11\/protonvpn-logo-square.png","width":600,"height":600},{"@type":"BreadcrumbList","@id":"https:\/\/www.accuratereviews.com\/it\/software-vpn\/protonvpn-recensione\/#breadcrumb","itemListElement":[{"@type":"ListItem","position":1,"name":"Home","item":"https:\/\/www.accuratereviews.com\/it\/"},{"@type":"ListItem","position":2,"name":"Software VPN","item":"https:\/\/www.accuratereviews.com\/it\/software-vpn\/"},{"@type":"ListItem","position":3,"name":"ProtonVPN"}]},{"@type":"WebSite","@id":"https:\/\/www.accuratereviews.com\/it\/#website","url":"https:\/\/www.accuratereviews.com\/it\/","name":"Accurate Reviews","description":"","potentialAction":[{"@type":"SearchAction","target":{"@type":"EntryPoint","urlTemplate":"https:\/\/www.accuratereviews.com\/it\/?s={search_term_string}"},"query-input":{"@type":"PropertyValueSpecification","valueRequired":true,"valueName":"search_term_string"}}],"inLanguage":"it-IT"}]}},"_links":{"self":[{"href":"https:\/\/www.accuratereviews.com\/it\/wp-json\/wp\/v2\/pages\/64228","targetHints":{"allow":["GET"]}}],"collection":[{"href":"https:\/\/www.accuratereviews.com\/it\/wp-json\/wp\/v2\/pages"}],"about":[{"href":"https:\/\/www.accuratereviews.com\/it\/wp-json\/wp\/v2\/types\/page"}],"author":[{"embeddable":true,"href":"https:\/\/www.accuratereviews.com\/it\/wp-json\/wp\/v2\/users\/19"}],"replies":[{"embeddable":true,"href":"https:\/\/www.accuratereviews.com\/it\/wp-json\/wp\/v2\/comments?post=64228"}],"version-history":[{"count":16,"href":"https:\/\/www.accuratereviews.com\/it\/wp-json\/wp\/v2\/pages\/64228\/revisions"}],"predecessor-version":[{"id":64262,"href":"https:\/\/www.accuratereviews.com\/it\/wp-json\/wp\/v2\/pages\/64228\/revisions\/64262"}],"up":[{"embeddable":true,"href":"https:\/\/www.accuratereviews.com\/it\/wp-json\/wp\/v2\/pages\/63881"}],"wp:featuredmedia":[{"embeddable":true,"href":"https:\/\/www.accuratereviews.com\/it\/wp-json\/wp\/v2\/media\/64245"}],"wp:attachment":[{"href":"https:\/\/www.accuratereviews.com\/it\/wp-json\/wp\/v2\/media?parent=64228"}],"wp:term":[{"taxonomy":"category","embeddable":true,"href":"https:\/\/www.accuratereviews.com\/it\/wp-json\/wp\/v2\/categories?post=64228"},{"taxonomy":"post_tag","embeddable":true,"href":"https:\/\/www.accuratereviews.com\/it\/wp-json\/wp\/v2\/tags?post=64228"},{"taxonomy":"features","embeddable":true,"href":"https:\/\/www.accuratereviews.com\/it\/wp-json\/wp\/v2\/features?post=64228"}],"curies":[{"name":"wp","href":"https:\/\/api.w.org\/{rel}","templated":true}]}}