{"id":64231,"date":"2022-11-21T13:20:56","date_gmt":"2022-11-21T13:20:56","guid":{"rendered":"https:\/\/www.accuratereviews.com\/?page_id=64231"},"modified":"2022-11-21T13:20:56","modified_gmt":"2022-11-21T13:20:56","slug":"torguard-vpn-recensione","status":"publish","type":"page","link":"https:\/\/www.accuratereviews.com\/it\/software-vpn\/torguard-vpn-recensione\/","title":{"rendered":"TorGuard VPN"},"content":{"rendered":"<p><strong>TorGuard VPN<\/strong> consente alle aziende di<strong> proteggere le proprie identit\u00e0<\/strong> online con la sua sicurezza online veloce e affidabile. Il programma protegge gli indirizzi IP mascherandoli completamente dall&#8217;accesso di terze parti e crittografa tutto il traffico che passa attraverso il browser.\u00a0Gli utenti possono reindirizzare le attivit\u00e0 online attraverso pi\u00f9 server proxy disponibili senza conservare alcun registro delle attivit\u00e0.<br \/>\nIl software fornisce una modalit\u00e0 invisibile per i siti web durante la modalit\u00e0 online e apre siti illimitati o download non identificati.\u00a0<strong>TorGuard<\/strong> aiuta a bloccare gli annunci pubblicitari, ignora la geolocalizzazione HTML5 ed esclude siti Web specifici dalla navigazione. Pu\u00f2 essere installato su qualsiasi sistema operativo inclusi Windows, Mac, Linux, Android e iOS.<\/p>\n<h2>TORGUARD VPN &#8211; TUTORIAL<\/h2>\n<div id=\"fluid-wrapper-counter-1\" class=\"g1-fluid-wrapper \" style=\"width:686px;\">\n<div style=\"padding-bottom:56.268221574344%;\"><iframe loading=\"lazy\" title=\"How to Use TorGuard VPN Android 2021 - Beginner Guide + Tips \/ Tricks\" width=\"686\" height=\"386\" src=\"https:\/\/www.youtube.com\/embed\/W00RyQ5RhtQ?feature=oembed&amp;wmode=transparent&amp;autohide=1&amp;autoplay=0&amp;disablekb=0&amp;fs=1&amp;loop=0&amp;enablejsapi=1&amp;rel=0&amp;controls=2&amp;showinfo=0&amp;wmode=transparent&amp;autohide=2&amp;autoplay=0&amp;disablekb=0&amp;fs=1&amp;loop=0&amp;enablejsapi=1&amp;rel=0&amp;controls=2&amp;showinfo=1\" frameborder=\"0\" allow=\"accelerometer; autoplay; clipboard-write; encrypted-media; gyroscope; picture-in-picture\" allowfullscreen><\/iframe><\/div>\n<\/div>\n<h3>TORGUARD VPN &#8211; CARATTERISTICHE<\/h3>\n<ul>\n<li><strong>App VPN facile da usare<\/strong>: installa il programma in pochi minuti su router Wi-Fi compatibile con Windows, Mac, Linux, iOS, Android e VPN.<\/li>\n<li><strong>Opzioni di sicurezza professionale<\/strong>: il software \u00e8 preconfigurato per proteggere i tuoi dati con crittografia AES a 256 bit, blocco delle perdite DNS\/IPV6\/WebRTC, kill switch e altro<\/li>\n<li><strong>Sempre veloce, mai in sovraccarico<\/strong>:\u00a0offre una vasta rete di oltre 3000 server VPN globali in oltre 50 paesi. Ottieni larghezza di banda illimitata e zero throttling in qualsiasi parte del mondo<\/li>\n<li><strong>Protocolli VPN invisibili<\/strong>: bypassa i rigidi blocchi VPN con l&#8217;accesso invisibile SSL Stealth VPN.<\/li>\n<li><strong>Naviga sul web senza restrizioni<\/strong>: trasmetti in streaming i tuoi contenuti preferiti e scaricali in modo anonimo. Nasconde il tuo indirizzo IP in modo che tu possa rimanere privato<\/li>\n<li><strong>Garanzia di rimborso:<\/strong>\u00a0prova il programma senza rischi. Se non supera le tue aspettative, ricevi un rimborso del 100% entro 7 giorni, senza fare domande.<\/li>\n<\/ul>\n<h4>LE RECENSIONI DEGLI UTENTI<\/h4>\n<p><strong>Samantha&#8221;Il servizio VPN Torguard \u00e8 una delizia&#8221;<\/strong><br \/>\n<strong>Pro<\/strong>: Torguard rende la comprensione e l&#8217;uso della VPN per la privacy molto semplice e diretta.<br \/>\n<strong>Contro<\/strong>: Le posizioni effettive per le scelte VPN e Proxy sono limitate<\/p>\n<p><strong>Bryan&#8221;Grande protezione per un ottimo prezzo&#8221;<\/strong><br \/>\n<strong>Commenti<\/strong>: Esperienza fantastica senza problemi, funziona alla grande<br \/>\n<strong>Pro<\/strong>: Questo software \u00e8 fantastico perch\u00e9 offre un&#8217;ottima protezione a un prezzo accessibile. Navigazione web molto sicura, altamente sottovalutata. Velocit\u00e0 di download impareggiabili.<br \/>\n<strong>Contro<\/strong>: L&#8217;unico svantaggio sarebbe l&#8217;aspetto, ma sono solo io a scegliere<\/p>\n<p><strong>Ameen&#8221;Il miglior software VPN in circolazione&#8221;<\/strong><br \/>\n<strong>Commenti<\/strong>: Utilizzo questo software principalmente per test e simulazioni di query sui motori di ricerca, funziona alla grande!<br \/>\n<strong>Pro<\/strong>: Facile da usare &#8211; Accesso a un&#8217;ampia gamma di server VPN in tutto il mondo &#8211; Prezzi ragionevoli<br \/>\n<strong>Contro<\/strong>: Potrebbe migliorare un po&#8217; l&#8217;aspetto dell&#8217;interfaccia e rilasciare un&#8217;app mobile se non l&#8217;hanno ancora fatto.<\/p>\n","protected":false},"excerpt":{"rendered":"<p>TorGuard VPN consente alle aziende di proteggere le proprie identit\u00e0 online con la sua sicurezza online veloce e affidabile. Il programma protegge gli indirizzi IP mascherandoli completamente dall&#8217;accesso di terze parti e crittografa tutto il traffico che passa attraverso il browser.\u00a0Gli utenti possono reindirizzare le attivit\u00e0 online attraverso pi\u00f9 server proxy disponibili senza conservare alcun registro delle attivit\u00e0.<\/p>\n","protected":false},"author":19,"featured_media":64232,"parent":63881,"menu_order":0,"comment_status":"open","ping_status":"closed","template":"g1_template_page_review_new.php","meta":{"_acf_changed":false,"cwp_meta_box_check":"Yes","cwp_rev_product_name":"","cwp_rev_product_image":"","wppr_links":[],"cwp_rev_price":"0.00","wppr_options":[{"name":"Usability","value":"0"},{"name":"Speed","value":"0"},{"name":"Features","value":"0"},{"name":"Support","value":"0"},{"name":"Pricing","value":"0"}],"wppr_pros":["","","","",""],"wppr_cons":["","","","",""],"_monsterinsights_skip_tracking":false,"_monsterinsights_sitenote_active":false,"_monsterinsights_sitenote_note":"","_monsterinsights_sitenote_category":0,"footnotes":""},"categories":[13730],"tags":[13736,13735,13734,13765,13732,13733,13779,13739,13681],"features":[],"class_list":{"0":"post-64231","1":"page","2":"type-page","3":"status-publish","4":"has-post-thumbnail","6":"category-software-vpn-cat","7":"tag-app-vpn","8":"tag-piattaforma-vpn","9":"tag-programma-vpn","10":"tag-rete-privata-virtuale","11":"tag-software-vpn","12":"tag-soluzione-vpn","13":"tag-torguard-vpn","14":"tag-virtual-private-network","15":"tag-vpn"},"wppr_data":{"cwp_meta_box_check":"Yes","_wppr_review_template":"default","cwp_rev_product_image":"","cwp_image_link":"image","wppr_links":[],"cwp_rev_price":"0.00","wppr_pros":["","","","",""],"wppr_cons":["","","","",""],"wppr_rating":"0.00","wppr_options":{"1":{"name":"Usability","value":"0"},"2":{"name":"Speed","value":"0"},"3":{"name":"Features","value":"0"},"4":{"name":"Support","value":"0"},"5":{"name":"Pricing","value":"0"}},"wppr_review_type":"Product","wppr_review_custom_fields":{"additionalProperty":"","additionalType":"","aggregateRating":"","alternateName":"","audience":"","award":"","awards":"","brand":"","color":"","depth":"","description":"","disambiguatingDescription":"","gtin12":"","gtin13":"","gtin14":"","gtin8":"","height":"","identifier":"","image":"","isAccessoryOrSparePartFor":"","isConsumableFor":"","isRelatedTo":"","isSimilarTo":"","itemCondition":"","logo":"","mainEntityOfPage":"","manufacturer":"","material":"","model":"","mpn":"","name":"","offers":"","potentialAction":"","productID":"","productionDate":"","purchaseDate":"","releaseDate":"","review":"","reviews":"","sameAs":"","sku":"","slogan":"","subjectOf":"","url":"","weight":"","width":""}},"acf":[],"yoast_head":"<!-- This site is optimized with the Yoast SEO plugin v27.4 - https:\/\/yoast.com\/product\/yoast-seo-wordpress\/ -->\n<title>TorGuard VPN: recensione software VPN - Accurate Reviews<\/title>\n<meta name=\"description\" content=\"TorGuard VPN: recensione software VPN che consente alle aziende di proteggere le proprie identit\u00e0 online in totale sicurezza.\" \/>\n<meta name=\"robots\" content=\"index, follow, max-snippet:-1, max-image-preview:large, max-video-preview:-1\" \/>\n<link rel=\"canonical\" href=\"https:\/\/www.accuratereviews.com\/it\/software-vpn\/torguard-vpn-recensione\/\" \/>\n<meta property=\"og:locale\" content=\"it_IT\" \/>\n<meta property=\"og:type\" content=\"article\" \/>\n<meta property=\"og:title\" content=\"TorGuard VPN: recensione software VPN - Accurate Reviews\" \/>\n<meta property=\"og:description\" content=\"TorGuard VPN: recensione software VPN che consente alle aziende di proteggere le proprie identit\u00e0 online in totale sicurezza.\" \/>\n<meta property=\"og:url\" content=\"https:\/\/www.accuratereviews.com\/it\/software-vpn\/torguard-vpn-recensione\/\" \/>\n<meta property=\"og:site_name\" content=\"Accurate Reviews\" \/>\n<meta property=\"og:image\" content=\"https:\/\/www.accuratereviews.com\/wp-content\/uploads\/2022\/11\/torguard-logo.png\" \/>\n\t<meta property=\"og:image:width\" content=\"300\" \/>\n\t<meta property=\"og:image:height\" content=\"250\" \/>\n\t<meta property=\"og:image:type\" content=\"image\/png\" \/>\n<meta name=\"twitter:card\" content=\"summary_large_image\" \/>\n<meta name=\"twitter:label1\" content=\"Tempo di lettura stimato\" \/>\n\t<meta name=\"twitter:data1\" content=\"3 minuti\" \/>\n<script type=\"application\/ld+json\" class=\"yoast-schema-graph\">{\"@context\":\"https:\\\/\\\/schema.org\",\"@graph\":[{\"@type\":\"WebPage\",\"@id\":\"https:\\\/\\\/www.accuratereviews.com\\\/it\\\/software-vpn\\\/torguard-vpn-recensione\\\/\",\"url\":\"https:\\\/\\\/www.accuratereviews.com\\\/it\\\/software-vpn\\\/torguard-vpn-recensione\\\/\",\"name\":\"TorGuard VPN: recensione software VPN - Accurate Reviews\",\"isPartOf\":{\"@id\":\"https:\\\/\\\/www.accuratereviews.com\\\/it\\\/#website\"},\"primaryImageOfPage\":{\"@id\":\"https:\\\/\\\/www.accuratereviews.com\\\/it\\\/software-vpn\\\/torguard-vpn-recensione\\\/#primaryimage\"},\"image\":{\"@id\":\"https:\\\/\\\/www.accuratereviews.com\\\/it\\\/software-vpn\\\/torguard-vpn-recensione\\\/#primaryimage\"},\"thumbnailUrl\":\"https:\\\/\\\/www.accuratereviews.com\\\/wp-content\\\/uploads\\\/2022\\\/11\\\/torguard-logo.png\",\"datePublished\":\"2022-11-21T13:20:56+00:00\",\"description\":\"TorGuard VPN: recensione software VPN che consente alle aziende di proteggere le proprie identit\u00e0 online in totale sicurezza.\",\"breadcrumb\":{\"@id\":\"https:\\\/\\\/www.accuratereviews.com\\\/it\\\/software-vpn\\\/torguard-vpn-recensione\\\/#breadcrumb\"},\"inLanguage\":\"it-IT\",\"potentialAction\":[{\"@type\":\"ReadAction\",\"target\":[\"https:\\\/\\\/www.accuratereviews.com\\\/it\\\/software-vpn\\\/torguard-vpn-recensione\\\/\"]}]},{\"@type\":\"ImageObject\",\"inLanguage\":\"it-IT\",\"@id\":\"https:\\\/\\\/www.accuratereviews.com\\\/it\\\/software-vpn\\\/torguard-vpn-recensione\\\/#primaryimage\",\"url\":\"https:\\\/\\\/www.accuratereviews.com\\\/wp-content\\\/uploads\\\/2022\\\/11\\\/torguard-logo.png\",\"contentUrl\":\"https:\\\/\\\/www.accuratereviews.com\\\/wp-content\\\/uploads\\\/2022\\\/11\\\/torguard-logo.png\",\"width\":300,\"height\":250},{\"@type\":\"BreadcrumbList\",\"@id\":\"https:\\\/\\\/www.accuratereviews.com\\\/it\\\/software-vpn\\\/torguard-vpn-recensione\\\/#breadcrumb\",\"itemListElement\":[{\"@type\":\"ListItem\",\"position\":1,\"name\":\"Home\",\"item\":\"https:\\\/\\\/www.accuratereviews.com\\\/it\\\/\"},{\"@type\":\"ListItem\",\"position\":2,\"name\":\"Software VPN\",\"item\":\"https:\\\/\\\/www.accuratereviews.com\\\/it\\\/software-vpn\\\/\"},{\"@type\":\"ListItem\",\"position\":3,\"name\":\"TorGuard VPN\"}]},{\"@type\":\"WebSite\",\"@id\":\"https:\\\/\\\/www.accuratereviews.com\\\/it\\\/#website\",\"url\":\"https:\\\/\\\/www.accuratereviews.com\\\/it\\\/\",\"name\":\"Accurate Reviews\",\"description\":\"\",\"potentialAction\":[{\"@type\":\"SearchAction\",\"target\":{\"@type\":\"EntryPoint\",\"urlTemplate\":\"https:\\\/\\\/www.accuratereviews.com\\\/it\\\/?s={search_term_string}\"},\"query-input\":{\"@type\":\"PropertyValueSpecification\",\"valueRequired\":true,\"valueName\":\"search_term_string\"}}],\"inLanguage\":\"it-IT\"}]}<\/script>\n<!-- \/ Yoast SEO plugin. -->","yoast_head_json":{"title":"TorGuard VPN: recensione software VPN - Accurate Reviews","description":"TorGuard VPN: recensione software VPN che consente alle aziende di proteggere le proprie identit\u00e0 online in totale sicurezza.","robots":{"index":"index","follow":"follow","max-snippet":"max-snippet:-1","max-image-preview":"max-image-preview:large","max-video-preview":"max-video-preview:-1"},"canonical":"https:\/\/www.accuratereviews.com\/it\/software-vpn\/torguard-vpn-recensione\/","og_locale":"it_IT","og_type":"article","og_title":"TorGuard VPN: recensione software VPN - Accurate Reviews","og_description":"TorGuard VPN: recensione software VPN che consente alle aziende di proteggere le proprie identit\u00e0 online in totale sicurezza.","og_url":"https:\/\/www.accuratereviews.com\/it\/software-vpn\/torguard-vpn-recensione\/","og_site_name":"Accurate Reviews","og_image":[{"width":300,"height":250,"url":"https:\/\/www.accuratereviews.com\/wp-content\/uploads\/2022\/11\/torguard-logo.png","type":"image\/png"}],"twitter_card":"summary_large_image","twitter_misc":{"Tempo di lettura stimato":"3 minuti"},"schema":{"@context":"https:\/\/schema.org","@graph":[{"@type":"WebPage","@id":"https:\/\/www.accuratereviews.com\/it\/software-vpn\/torguard-vpn-recensione\/","url":"https:\/\/www.accuratereviews.com\/it\/software-vpn\/torguard-vpn-recensione\/","name":"TorGuard VPN: recensione software VPN - Accurate Reviews","isPartOf":{"@id":"https:\/\/www.accuratereviews.com\/it\/#website"},"primaryImageOfPage":{"@id":"https:\/\/www.accuratereviews.com\/it\/software-vpn\/torguard-vpn-recensione\/#primaryimage"},"image":{"@id":"https:\/\/www.accuratereviews.com\/it\/software-vpn\/torguard-vpn-recensione\/#primaryimage"},"thumbnailUrl":"https:\/\/www.accuratereviews.com\/wp-content\/uploads\/2022\/11\/torguard-logo.png","datePublished":"2022-11-21T13:20:56+00:00","description":"TorGuard VPN: recensione software VPN che consente alle aziende di proteggere le proprie identit\u00e0 online in totale sicurezza.","breadcrumb":{"@id":"https:\/\/www.accuratereviews.com\/it\/software-vpn\/torguard-vpn-recensione\/#breadcrumb"},"inLanguage":"it-IT","potentialAction":[{"@type":"ReadAction","target":["https:\/\/www.accuratereviews.com\/it\/software-vpn\/torguard-vpn-recensione\/"]}]},{"@type":"ImageObject","inLanguage":"it-IT","@id":"https:\/\/www.accuratereviews.com\/it\/software-vpn\/torguard-vpn-recensione\/#primaryimage","url":"https:\/\/www.accuratereviews.com\/wp-content\/uploads\/2022\/11\/torguard-logo.png","contentUrl":"https:\/\/www.accuratereviews.com\/wp-content\/uploads\/2022\/11\/torguard-logo.png","width":300,"height":250},{"@type":"BreadcrumbList","@id":"https:\/\/www.accuratereviews.com\/it\/software-vpn\/torguard-vpn-recensione\/#breadcrumb","itemListElement":[{"@type":"ListItem","position":1,"name":"Home","item":"https:\/\/www.accuratereviews.com\/it\/"},{"@type":"ListItem","position":2,"name":"Software VPN","item":"https:\/\/www.accuratereviews.com\/it\/software-vpn\/"},{"@type":"ListItem","position":3,"name":"TorGuard VPN"}]},{"@type":"WebSite","@id":"https:\/\/www.accuratereviews.com\/it\/#website","url":"https:\/\/www.accuratereviews.com\/it\/","name":"Accurate Reviews","description":"","potentialAction":[{"@type":"SearchAction","target":{"@type":"EntryPoint","urlTemplate":"https:\/\/www.accuratereviews.com\/it\/?s={search_term_string}"},"query-input":{"@type":"PropertyValueSpecification","valueRequired":true,"valueName":"search_term_string"}}],"inLanguage":"it-IT"}]}},"_links":{"self":[{"href":"https:\/\/www.accuratereviews.com\/it\/wp-json\/wp\/v2\/pages\/64231","targetHints":{"allow":["GET"]}}],"collection":[{"href":"https:\/\/www.accuratereviews.com\/it\/wp-json\/wp\/v2\/pages"}],"about":[{"href":"https:\/\/www.accuratereviews.com\/it\/wp-json\/wp\/v2\/types\/page"}],"author":[{"embeddable":true,"href":"https:\/\/www.accuratereviews.com\/it\/wp-json\/wp\/v2\/users\/19"}],"replies":[{"embeddable":true,"href":"https:\/\/www.accuratereviews.com\/it\/wp-json\/wp\/v2\/comments?post=64231"}],"version-history":[{"count":10,"href":"https:\/\/www.accuratereviews.com\/it\/wp-json\/wp\/v2\/pages\/64231\/revisions"}],"predecessor-version":[{"id":64265,"href":"https:\/\/www.accuratereviews.com\/it\/wp-json\/wp\/v2\/pages\/64231\/revisions\/64265"}],"up":[{"embeddable":true,"href":"https:\/\/www.accuratereviews.com\/it\/wp-json\/wp\/v2\/pages\/63881"}],"wp:featuredmedia":[{"embeddable":true,"href":"https:\/\/www.accuratereviews.com\/it\/wp-json\/wp\/v2\/media\/64232"}],"wp:attachment":[{"href":"https:\/\/www.accuratereviews.com\/it\/wp-json\/wp\/v2\/media?parent=64231"}],"wp:term":[{"taxonomy":"category","embeddable":true,"href":"https:\/\/www.accuratereviews.com\/it\/wp-json\/wp\/v2\/categories?post=64231"},{"taxonomy":"post_tag","embeddable":true,"href":"https:\/\/www.accuratereviews.com\/it\/wp-json\/wp\/v2\/tags?post=64231"},{"taxonomy":"features","embeddable":true,"href":"https:\/\/www.accuratereviews.com\/it\/wp-json\/wp\/v2\/features?post=64231"}],"curies":[{"name":"wp","href":"https:\/\/api.w.org\/{rel}","templated":true}]}}