{"id":64269,"date":"2022-11-23T08:50:37","date_gmt":"2022-11-23T08:50:37","guid":{"rendered":"https:\/\/www.accuratereviews.com\/?page_id=64269"},"modified":"2022-11-23T08:50:37","modified_gmt":"2022-11-23T08:50:37","slug":"goose-vpn-recensione","status":"publish","type":"page","link":"https:\/\/www.accuratereviews.com\/it\/software-vpn\/goose-vpn-recensione\/","title":{"rendered":"GOOSE VPN"},"content":{"rendered":"<p><strong>GOOSE VPN<\/strong> \u00e8 un <strong>servizio di rete privata virtuale<\/strong>, creato per proteggere i suoi utenti e tenerli al sicuro su internet creando un tunnel sicuro tra il loro dispositivo e tutto ci\u00f2 che fanno online. La <strong>VPN<\/strong> aiuta a garantire la privacy dell&#8217;utente su internet crittografando la connessione tra il dispositivo dell&#8217;utente e i server utilizzando una crittografia a 256 bit ad alta resistenza per proteggere i propri dati. Permetti\u00a0agli utenti di navigare liberamente utilizzando gli hotspot Wi-Fi pubblici senza il pericolo di essere violati o monitorati o di subire il furto di dati come informazioni sulla carta di credito, password, email o foto personali. Reindirizzando tutto il traffico Internet attraverso un tunnel profondamente crittografato, gli utenti possono navigare in Internet e accedere ai siti web senza essere registrati dal browser e garantire la propria privacy.<\/p>\n<h2>GOOSE VPN &#8211; TUTORIAL<\/h2>\n<div id=\"fluid-wrapper-counter-1\" class=\"g1-fluid-wrapper \" style=\"width:686px;\">\n<div style=\"padding-bottom:56.268221574344%;\"><iframe loading=\"lazy\" title=\"How to install the Chrome extension? - GOOSE VPN\" width=\"686\" height=\"386\" src=\"https:\/\/www.youtube.com\/embed\/0m-jRkFGQnY?feature=oembed&amp;wmode=transparent&amp;autohide=1&amp;autoplay=0&amp;disablekb=0&amp;fs=1&amp;loop=0&amp;enablejsapi=1&amp;rel=0&amp;controls=2&amp;showinfo=0&amp;wmode=transparent&amp;autohide=2&amp;autoplay=0&amp;disablekb=0&amp;fs=1&amp;loop=0&amp;enablejsapi=1&amp;rel=0&amp;controls=2&amp;showinfo=1\" frameborder=\"0\" allow=\"accelerometer; autoplay; clipboard-write; encrypted-media; gyroscope; picture-in-picture\" allowfullscreen><\/iframe><\/div>\n<\/div>\n<h3>GOOSE VPN &#8211; CARATTERISTICHE<\/h3>\n<ul>\n<li><strong>Riservatezza<\/strong>: la soluzione\u00a0cambia la tua posizione e il tuo indirizzo IP. Puoi scegliere tra una qualsiasi delle posizioni server in tutto il mondo. Garantisce la tua privacy su Internet.<\/li>\n<li><strong>Sicurezza<\/strong>: utilizza una crittografia avanzata a 256 bit per proteggere i tuoi dati. Naviga senza preoccupazioni tramite gli hotspot Wi-Fi e sappi che non verrai violato o controllato.<\/li>\n<li><strong>Accesso a tutto<\/strong>:\u00a0ti consente di trasmettere in streaming ci\u00f2 che desideri con tutti i tuoi dispositivi. Abbiamo una rete ottimizzata in modo che tu possa sempre guardare i tuoi programmi preferiti, in patria e all&#8217;estero.<\/li>\n<li><strong>Supporto<\/strong>: Il supporto personale \u00e8 disponibile 24 ore su 24, 7 giorni su 7.<\/li>\n<li><strong>Nessun limite di download e upload<\/strong>: Puoi eseguire lo streaming quanto vuoi, senza dover rinunciare alla qualit\u00e0 e alla velocit\u00e0.<\/li>\n<li><strong>Usa la soluzione su un numero illimitato di dispositivi:<\/strong>\u00a0puoi eseguire lo streaming su pi\u00f9 dispositivi contemporaneamente.<\/li>\n<\/ul>\n<h4>LE RECENSIONI DEGLI UTENTI<\/h4>\n<p><strong>Md&#8221;Una VPN sotto il radar&#8221;<\/strong><br \/>\n<strong>Commenti<\/strong>: Nel complesso, nonostante non sia molto conosciuto, questo servizio VPN sembra una VPN pi\u00f9 grande con pochi inconvenienti di cui parlare.<br \/>\n<strong>Pro<\/strong>: La VPN \u00e8 una VPN a prezzo ragionevole. Finora mi ha fornito un buon servizio per un servizio VPN non di flusso principale. Anche la facilit\u00e0 d&#8217;uso della VPN \u00e8 stata buona. Mi \u00e8 sembrato estremamente facile da usare.<br \/>\n<strong>Contro<\/strong>: Ci sono una mancanza di funzionalit\u00e0 su questa VPN rispetto ai concorrenti. Questa \u00e8 anche una VPN meno conosciuta, il che significa che la sua fiducia con i consumatori \u00e8 minore.<\/p>\n<p><strong>Pamela&#8221;La migliore sicurezza per la navigazione in Internet&#8221;<\/strong><br \/>\n<strong>Pro<\/strong>: Uso Goose VPN da un po&#8217; e non ho avuto problemi, lo uso principalmente per guardare le serie su Netflix che non sono uscite nel mio paese e per accedere ad altri siti web che non mi permettono l&#8217;accesso .<br \/>\n<strong>Contro<\/strong>: Mi piace usare Goose, non ho avuto una brutta esperienza con loro.<\/p>\n<p><strong>Edison&#8221;La migliore sicurezza a basso costo&#8221;<\/strong><br \/>\n<strong>Commenti<\/strong>: Ho avuto una buona esperienza con questa VPN, la uso quotidianamente per navigare senza restrizioni, posso guardare serie su Netflix che non sono state lanciate nel mio paese e guardare contenuti TV in diretta da altri paesi.<br \/>\n<strong>Pro<\/strong>: Posso usarlo su tutti i miei dispositivi, lo porto sul cellulare e sul portatile, mi tiene sempre protetto.<br \/>\n<strong>Contro<\/strong>: Non ho lamentele su questo vpn, l&#8217;ip funziona sempre al di sopra dell&#8217;80% di sicurezza, il supporto \u00e8 sempre attento ad aiutare.<\/p>\n","protected":false},"excerpt":{"rendered":"<p>GOOSE VPN \u00e8 un servizio di rete privata virtuale creato per proteggere i suoi utenti e tenerli al sicuro su internet creando un tunnel sicuro tra il loro dispositivo e tutto ci\u00f2 che fanno online. La VPN aiuta a garantire la privacy dell&#8217;utente su internet crittografando la connessione tra il dispositivo dell&#8217;utente e i server utilizzando una crittografia a 256 bit ad alta resistenza per proteggere i propri dati.<\/p>\n","protected":false},"author":19,"featured_media":64274,"parent":63881,"menu_order":0,"comment_status":"open","ping_status":"closed","template":"g1_template_page_review_new.php","meta":{"_acf_changed":false,"cwp_meta_box_check":"Yes","cwp_rev_product_name":"","cwp_rev_product_image":"","wppr_links":[],"cwp_rev_price":"0.00","wppr_options":[{"name":"Usability","value":"0"},{"name":"Speed","value":"0"},{"name":"Features","value":"0"},{"name":"Support","value":"0"},{"name":"Pricing","value":"0"}],"wppr_pros":["","","","",""],"wppr_cons":["","","","",""],"_monsterinsights_skip_tracking":false,"_monsterinsights_sitenote_active":false,"_monsterinsights_sitenote_note":"","_monsterinsights_sitenote_category":0,"footnotes":""},"categories":[13730],"tags":[13736,13780,13735,13734,13742,13732,13733,13739,13681],"features":[],"class_list":{"0":"post-64269","1":"page","2":"type-page","3":"status-publish","4":"has-post-thumbnail","6":"category-software-vpn-cat","7":"tag-app-vpn","8":"tag-goose-vpn","9":"tag-piattaforma-vpn","10":"tag-programma-vpn","11":"tag-rete-virtuale-privata","12":"tag-software-vpn","13":"tag-soluzione-vpn","14":"tag-virtual-private-network","15":"tag-vpn"},"wppr_data":{"cwp_meta_box_check":"Yes","_wppr_review_template":"default","cwp_rev_product_image":"","cwp_image_link":"image","wppr_links":[],"cwp_rev_price":"0.00","wppr_pros":["","","","",""],"wppr_cons":["","","","",""],"wppr_rating":"0.00","wppr_options":{"1":{"name":"Usability","value":"0"},"2":{"name":"Speed","value":"0"},"3":{"name":"Features","value":"0"},"4":{"name":"Support","value":"0"},"5":{"name":"Pricing","value":"0"}},"wppr_review_type":"Product","wppr_review_custom_fields":{"additionalProperty":"","additionalType":"","aggregateRating":"","alternateName":"","audience":"","award":"","awards":"","brand":"","color":"","depth":"","description":"","disambiguatingDescription":"","gtin12":"","gtin13":"","gtin14":"","gtin8":"","height":"","identifier":"","image":"","isAccessoryOrSparePartFor":"","isConsumableFor":"","isRelatedTo":"","isSimilarTo":"","itemCondition":"","logo":"","mainEntityOfPage":"","manufacturer":"","material":"","model":"","mpn":"","name":"","offers":"","potentialAction":"","productID":"","productionDate":"","purchaseDate":"","releaseDate":"","review":"","reviews":"","sameAs":"","sku":"","slogan":"","subjectOf":"","url":"","weight":"","width":""}},"acf":[],"yoast_head":"<!-- This site is optimized with the Yoast SEO plugin v27.4 - https:\/\/yoast.com\/product\/yoast-seo-wordpress\/ -->\n<title>GOOSE VPN: recensione software VPN - Accurate Reviews<\/title>\n<meta name=\"description\" content=\"GOOSE VPN: recensione servizio di rete privata virtuale, creato per proteggere i suoi utenti e tenerli al sicuro su internet.\" \/>\n<meta name=\"robots\" content=\"index, follow, max-snippet:-1, max-image-preview:large, max-video-preview:-1\" \/>\n<link rel=\"canonical\" href=\"https:\/\/www.accuratereviews.com\/it\/software-vpn\/goose-vpn-recensione\/\" \/>\n<meta property=\"og:locale\" content=\"it_IT\" \/>\n<meta property=\"og:type\" content=\"article\" \/>\n<meta property=\"og:title\" content=\"GOOSE VPN: recensione software VPN - Accurate Reviews\" \/>\n<meta property=\"og:description\" content=\"GOOSE VPN: recensione servizio di rete privata virtuale, creato per proteggere i suoi utenti e tenerli al sicuro su internet.\" \/>\n<meta property=\"og:url\" content=\"https:\/\/www.accuratereviews.com\/it\/software-vpn\/goose-vpn-recensione\/\" \/>\n<meta property=\"og:site_name\" content=\"Accurate Reviews\" \/>\n<meta property=\"og:image\" content=\"https:\/\/www.accuratereviews.com\/wp-content\/uploads\/2022\/11\/GOOSE-VPN.png\" \/>\n\t<meta property=\"og:image:width\" content=\"300\" \/>\n\t<meta property=\"og:image:height\" content=\"254\" \/>\n\t<meta property=\"og:image:type\" content=\"image\/png\" \/>\n<meta name=\"twitter:card\" content=\"summary_large_image\" \/>\n<meta name=\"twitter:label1\" content=\"Tempo di lettura stimato\" \/>\n\t<meta name=\"twitter:data1\" content=\"3 minuti\" \/>\n<script type=\"application\/ld+json\" class=\"yoast-schema-graph\">{\"@context\":\"https:\\\/\\\/schema.org\",\"@graph\":[{\"@type\":\"WebPage\",\"@id\":\"https:\\\/\\\/www.accuratereviews.com\\\/it\\\/software-vpn\\\/goose-vpn-recensione\\\/\",\"url\":\"https:\\\/\\\/www.accuratereviews.com\\\/it\\\/software-vpn\\\/goose-vpn-recensione\\\/\",\"name\":\"GOOSE VPN: recensione software VPN - Accurate Reviews\",\"isPartOf\":{\"@id\":\"https:\\\/\\\/www.accuratereviews.com\\\/it\\\/#website\"},\"primaryImageOfPage\":{\"@id\":\"https:\\\/\\\/www.accuratereviews.com\\\/it\\\/software-vpn\\\/goose-vpn-recensione\\\/#primaryimage\"},\"image\":{\"@id\":\"https:\\\/\\\/www.accuratereviews.com\\\/it\\\/software-vpn\\\/goose-vpn-recensione\\\/#primaryimage\"},\"thumbnailUrl\":\"https:\\\/\\\/www.accuratereviews.com\\\/wp-content\\\/uploads\\\/2022\\\/11\\\/GOOSE-VPN.png\",\"datePublished\":\"2022-11-23T08:50:37+00:00\",\"description\":\"GOOSE VPN: recensione servizio di rete privata virtuale, creato per proteggere i suoi utenti e tenerli al sicuro su internet.\",\"breadcrumb\":{\"@id\":\"https:\\\/\\\/www.accuratereviews.com\\\/it\\\/software-vpn\\\/goose-vpn-recensione\\\/#breadcrumb\"},\"inLanguage\":\"it-IT\",\"potentialAction\":[{\"@type\":\"ReadAction\",\"target\":[\"https:\\\/\\\/www.accuratereviews.com\\\/it\\\/software-vpn\\\/goose-vpn-recensione\\\/\"]}]},{\"@type\":\"ImageObject\",\"inLanguage\":\"it-IT\",\"@id\":\"https:\\\/\\\/www.accuratereviews.com\\\/it\\\/software-vpn\\\/goose-vpn-recensione\\\/#primaryimage\",\"url\":\"https:\\\/\\\/www.accuratereviews.com\\\/wp-content\\\/uploads\\\/2022\\\/11\\\/GOOSE-VPN.png\",\"contentUrl\":\"https:\\\/\\\/www.accuratereviews.com\\\/wp-content\\\/uploads\\\/2022\\\/11\\\/GOOSE-VPN.png\",\"width\":300,\"height\":254},{\"@type\":\"BreadcrumbList\",\"@id\":\"https:\\\/\\\/www.accuratereviews.com\\\/it\\\/software-vpn\\\/goose-vpn-recensione\\\/#breadcrumb\",\"itemListElement\":[{\"@type\":\"ListItem\",\"position\":1,\"name\":\"Home\",\"item\":\"https:\\\/\\\/www.accuratereviews.com\\\/it\\\/\"},{\"@type\":\"ListItem\",\"position\":2,\"name\":\"Software VPN\",\"item\":\"https:\\\/\\\/www.accuratereviews.com\\\/it\\\/software-vpn\\\/\"},{\"@type\":\"ListItem\",\"position\":3,\"name\":\"GOOSE VPN\"}]},{\"@type\":\"WebSite\",\"@id\":\"https:\\\/\\\/www.accuratereviews.com\\\/it\\\/#website\",\"url\":\"https:\\\/\\\/www.accuratereviews.com\\\/it\\\/\",\"name\":\"Accurate Reviews\",\"description\":\"\",\"potentialAction\":[{\"@type\":\"SearchAction\",\"target\":{\"@type\":\"EntryPoint\",\"urlTemplate\":\"https:\\\/\\\/www.accuratereviews.com\\\/it\\\/?s={search_term_string}\"},\"query-input\":{\"@type\":\"PropertyValueSpecification\",\"valueRequired\":true,\"valueName\":\"search_term_string\"}}],\"inLanguage\":\"it-IT\"}]}<\/script>\n<!-- \/ Yoast SEO plugin. -->","yoast_head_json":{"title":"GOOSE VPN: recensione software VPN - Accurate Reviews","description":"GOOSE VPN: recensione servizio di rete privata virtuale, creato per proteggere i suoi utenti e tenerli al sicuro su internet.","robots":{"index":"index","follow":"follow","max-snippet":"max-snippet:-1","max-image-preview":"max-image-preview:large","max-video-preview":"max-video-preview:-1"},"canonical":"https:\/\/www.accuratereviews.com\/it\/software-vpn\/goose-vpn-recensione\/","og_locale":"it_IT","og_type":"article","og_title":"GOOSE VPN: recensione software VPN - Accurate Reviews","og_description":"GOOSE VPN: recensione servizio di rete privata virtuale, creato per proteggere i suoi utenti e tenerli al sicuro su internet.","og_url":"https:\/\/www.accuratereviews.com\/it\/software-vpn\/goose-vpn-recensione\/","og_site_name":"Accurate Reviews","og_image":[{"width":300,"height":254,"url":"https:\/\/www.accuratereviews.com\/wp-content\/uploads\/2022\/11\/GOOSE-VPN.png","type":"image\/png"}],"twitter_card":"summary_large_image","twitter_misc":{"Tempo di lettura stimato":"3 minuti"},"schema":{"@context":"https:\/\/schema.org","@graph":[{"@type":"WebPage","@id":"https:\/\/www.accuratereviews.com\/it\/software-vpn\/goose-vpn-recensione\/","url":"https:\/\/www.accuratereviews.com\/it\/software-vpn\/goose-vpn-recensione\/","name":"GOOSE VPN: recensione software VPN - Accurate Reviews","isPartOf":{"@id":"https:\/\/www.accuratereviews.com\/it\/#website"},"primaryImageOfPage":{"@id":"https:\/\/www.accuratereviews.com\/it\/software-vpn\/goose-vpn-recensione\/#primaryimage"},"image":{"@id":"https:\/\/www.accuratereviews.com\/it\/software-vpn\/goose-vpn-recensione\/#primaryimage"},"thumbnailUrl":"https:\/\/www.accuratereviews.com\/wp-content\/uploads\/2022\/11\/GOOSE-VPN.png","datePublished":"2022-11-23T08:50:37+00:00","description":"GOOSE VPN: recensione servizio di rete privata virtuale, creato per proteggere i suoi utenti e tenerli al sicuro su internet.","breadcrumb":{"@id":"https:\/\/www.accuratereviews.com\/it\/software-vpn\/goose-vpn-recensione\/#breadcrumb"},"inLanguage":"it-IT","potentialAction":[{"@type":"ReadAction","target":["https:\/\/www.accuratereviews.com\/it\/software-vpn\/goose-vpn-recensione\/"]}]},{"@type":"ImageObject","inLanguage":"it-IT","@id":"https:\/\/www.accuratereviews.com\/it\/software-vpn\/goose-vpn-recensione\/#primaryimage","url":"https:\/\/www.accuratereviews.com\/wp-content\/uploads\/2022\/11\/GOOSE-VPN.png","contentUrl":"https:\/\/www.accuratereviews.com\/wp-content\/uploads\/2022\/11\/GOOSE-VPN.png","width":300,"height":254},{"@type":"BreadcrumbList","@id":"https:\/\/www.accuratereviews.com\/it\/software-vpn\/goose-vpn-recensione\/#breadcrumb","itemListElement":[{"@type":"ListItem","position":1,"name":"Home","item":"https:\/\/www.accuratereviews.com\/it\/"},{"@type":"ListItem","position":2,"name":"Software VPN","item":"https:\/\/www.accuratereviews.com\/it\/software-vpn\/"},{"@type":"ListItem","position":3,"name":"GOOSE VPN"}]},{"@type":"WebSite","@id":"https:\/\/www.accuratereviews.com\/it\/#website","url":"https:\/\/www.accuratereviews.com\/it\/","name":"Accurate Reviews","description":"","potentialAction":[{"@type":"SearchAction","target":{"@type":"EntryPoint","urlTemplate":"https:\/\/www.accuratereviews.com\/it\/?s={search_term_string}"},"query-input":{"@type":"PropertyValueSpecification","valueRequired":true,"valueName":"search_term_string"}}],"inLanguage":"it-IT"}]}},"_links":{"self":[{"href":"https:\/\/www.accuratereviews.com\/it\/wp-json\/wp\/v2\/pages\/64269","targetHints":{"allow":["GET"]}}],"collection":[{"href":"https:\/\/www.accuratereviews.com\/it\/wp-json\/wp\/v2\/pages"}],"about":[{"href":"https:\/\/www.accuratereviews.com\/it\/wp-json\/wp\/v2\/types\/page"}],"author":[{"embeddable":true,"href":"https:\/\/www.accuratereviews.com\/it\/wp-json\/wp\/v2\/users\/19"}],"replies":[{"embeddable":true,"href":"https:\/\/www.accuratereviews.com\/it\/wp-json\/wp\/v2\/comments?post=64269"}],"version-history":[{"count":7,"href":"https:\/\/www.accuratereviews.com\/it\/wp-json\/wp\/v2\/pages\/64269\/revisions"}],"predecessor-version":[{"id":64334,"href":"https:\/\/www.accuratereviews.com\/it\/wp-json\/wp\/v2\/pages\/64269\/revisions\/64334"}],"up":[{"embeddable":true,"href":"https:\/\/www.accuratereviews.com\/it\/wp-json\/wp\/v2\/pages\/63881"}],"wp:featuredmedia":[{"embeddable":true,"href":"https:\/\/www.accuratereviews.com\/it\/wp-json\/wp\/v2\/media\/64274"}],"wp:attachment":[{"href":"https:\/\/www.accuratereviews.com\/it\/wp-json\/wp\/v2\/media?parent=64269"}],"wp:term":[{"taxonomy":"category","embeddable":true,"href":"https:\/\/www.accuratereviews.com\/it\/wp-json\/wp\/v2\/categories?post=64269"},{"taxonomy":"post_tag","embeddable":true,"href":"https:\/\/www.accuratereviews.com\/it\/wp-json\/wp\/v2\/tags?post=64269"},{"taxonomy":"features","embeddable":true,"href":"https:\/\/www.accuratereviews.com\/it\/wp-json\/wp\/v2\/features?post=64269"}],"curies":[{"name":"wp","href":"https:\/\/api.w.org\/{rel}","templated":true}]}}