{"id":64318,"date":"2022-11-24T08:09:03","date_gmt":"2022-11-24T08:09:03","guid":{"rendered":"https:\/\/www.accuratereviews.com\/?page_id=64318"},"modified":"2022-11-24T08:09:03","modified_gmt":"2022-11-24T08:09:03","slug":"nordlayer-recensione","status":"publish","type":"page","link":"https:\/\/www.accuratereviews.com\/it\/software-vpn\/nordlayer-recensione\/","title":{"rendered":"NordLayer"},"content":{"rendered":"<p><strong>NordLayer<\/strong> \u00e8 una <strong>soluzione di accesso remoto sicuro<\/strong> alla rete, basata su <strong>cloud<\/strong>, progettata per le aziende per aiutarle a implementare un modello di approccio Zero Trust.\u00a0Il prodotto per la sicurezza informatica aziendale \u00e8 sviluppato per ridurre la complessit\u00e0 della scalabilit\u00e0 e dell&#8217;integrazione, fornendo aggiornamenti dell&#8217;infrastruttura senza hardware.<br \/>\nCon l&#8217;aiuto della piattaforma unificata di<strong> NordLayer<\/strong>, gli amministratori IT sono in grado di gestire e monitorare i processi di sicurezza in corso all&#8217;interno dell&#8217;organizzazione tramite funzionalit\u00e0 di controllo dell&#8217;accesso alla rete come la lista consentita degli IP. Inoltre fornisce supporto tecnico completo 24 ore su 24, 7 giorni su 7 e dispone di un centro assistenza online dedicato per rispondere a domande tecniche sull&#8217;implementazione e sulla distribuzione o per assistere nella risoluzione dei problemi.<\/p>\n<h2>NORDLAYER &#8211; TUTORIAL<\/h2>\n<div id=\"fluid-wrapper-counter-1\" class=\"g1-fluid-wrapper \" style=\"width:686px;\">\n<div style=\"padding-bottom:56.268221574344%;\"><iframe loading=\"lazy\" title=\"NordLayer Tutorial - How To Use NordLayer For Beginners\" width=\"686\" height=\"386\" src=\"https:\/\/www.youtube.com\/embed\/P3LbqhtQ8lM?feature=oembed&amp;wmode=transparent&amp;autohide=1&amp;autoplay=0&amp;disablekb=0&amp;fs=1&amp;loop=0&amp;enablejsapi=1&amp;rel=0&amp;controls=2&amp;showinfo=0&amp;wmode=transparent&amp;autohide=2&amp;autoplay=0&amp;disablekb=0&amp;fs=1&amp;loop=0&amp;enablejsapi=1&amp;rel=0&amp;controls=2&amp;showinfo=1\" frameborder=\"0\" allow=\"accelerometer; autoplay; clipboard-write; encrypted-media; gyroscope; picture-in-picture\" allowfullscreen><\/iframe><\/div>\n<\/div>\n<h2>NORDLAYER &#8211; CARATTERISTICHE<\/h2>\n<ul>\n<li><strong>2FA<\/strong>: fornisci un ulteriore livello di protezione sul tuo dispositivo impostando l&#8217;autenticazione a pi\u00f9 fattori per accedere alla soluzione.<\/li>\n<li><strong>SSO<\/strong>: il Single Sign-On ti consente di utilizzare un set di credenziali di sicurezza per accedere a pi\u00f9 applicazioni cloud<\/li>\n<li><strong>Autenticazione biometrica<\/strong>: imposta un ulteriore livello di sicurezza attraverso il riconoscimento facciale e la scansione delle impronte digitali<\/li>\n<li><strong>Connessione automatica<\/strong>: la soluzione\u00a0pu\u00f2 essere impostata per connettersi automaticamente a un server VPN non appena viene rilevata una connessione Internet<\/li>\n<li><strong>Segmentazione della rete<\/strong>: attraverso il controllo dell&#8217;accesso alla rete, \u00e8 possibile impostare le autorizzazioni utente per limitare l&#8217;accesso a risorse specifiche<\/li>\n<li><strong>Da sito a sito<\/strong>: connettiti alla tua LAN aziendale interna in modo sicuro tramite gateway privati \u200b\u200bvirtuali<\/li>\n<li><strong>Gateway condivisi<\/strong>: connettiti in modo sicuro da qualsiasi luogo con uno dei server in 30 localit\u00e0 in tutto il mondo<\/li>\n<li><strong>Crittografia AES a 256 bit<\/strong>:\u00a0utilizza la crittografia del tunnel di livello militare per nascondere il traffico e l&#8217;attivit\u00e0 online agli utenti su Internet aperto<\/li>\n<li><strong>Gateway privati \u200b\u200bvirtuali<\/strong>: approfitta delle migliori prestazioni e abilita la lista consentita degli IP per impostare i controlli di accesso<\/li>\n<li><strong>MinacciaBlocco<\/strong>: protegge i tuoi utenti e dispositivi da malware, ransomware e virus<\/li>\n<li><strong>DNS personalizzato<\/strong>: seleziona il tuo server DNS preferito elaborazione delle richieste rapidamente, maggiore affidabilit\u00e0 del server e protezione dal phishing<\/li>\n<li><strong>IP dedicato \/ IP fisso<\/strong>: imposta posizioni virtuali per la tua organizzazione e impedisci l&#8217;accesso non autorizzato ai dati<\/li>\n<li><strong>Accesso remoto intelligente<\/strong>: condividi i file da endpoint a endpoint quando pi\u00f9 dispositivi utente sono connessi alla soluzione<\/li>\n<\/ul>\n<h4>LE RECENSIONI DEGLI UTENTI<\/h4>\n<p><strong>Sean &#8220;Tutti i pezzi migliori della versione personale&#8221;<\/strong><br \/>\n<strong>Pro<\/strong>: Utente di lunga data della versione personale di NordVPN. L&#8217;opzione Teams offre il meglio del loro servizio con l&#8217;obiettivo di renderlo facile da usare per tutti i membri del team.<br \/>\n<strong>Contro<\/strong>: Non mi viene in mente niente. L&#8217;IP del gateway condiviso canadese rimanda al Sud Africa&#8230; che \u00e8 solo l&#8217;opinione di Microsoft.<\/p>\n<p><strong>Raymond &#8220;VPN per tutto!&#8221;<\/strong><br \/>\n<strong>Commenti<\/strong>: Nel complesso, per gli utenti che necessitano di una VPN per lavori leggeri, la prova gratuita pu\u00f2 essere l&#8217;opzione migliore. Tuttavia, per chiunque abbia bisogno di una VPN per lavori pesanti, \u00e8 necessario un abbonamento. Entrambe le opzioni sono molto buone.<br \/>\n<strong>Pro<\/strong>: Questa VPN \u00e8 disponibile su iOS, Android, Windows e macOS. Questo mi aiuta a installare la stessa VPN con un&#8217;ottima connessione per tutti i miei dispositivi. Anche per una prova gratuita, NordVPN offre la migliore connessione stabile per l&#8217;utente di molti paesi da selezionare come indirizzo IP.<br \/>\n<strong>Contro<\/strong>: Nella prova gratuita possono essere selezionati solo diversi paesi. A volte in modalit\u00e0 di prova gratuita, la velocit\u00e0 di connessione pu\u00f2 essere davvero lenta.<\/p>\n<p><strong>Deborah &#8220;NordVPN per la protezione&#8221;<\/strong><br \/>\n<strong>Pro<\/strong>: Sono un utente personale di NordVPN. Sebbene il mio router di casa fornisca sicurezza, volevo un ulteriore livello di sicurezza per me e la mia famiglia. Questo mi permette di sentirmi pi\u00f9 sicuro, in particolare quando utilizziamo i nostri smartphone al di fuori della nostra connessione Internet domestica.<br \/>\n<strong>Contro<\/strong>: \u00c8 fastidioso dover continuare a connettersi ogni volta e c&#8217;\u00e8 un po&#8217; di rallentamento dei dati sullo smartphone, ma \u00e8 una situazione con cui conviver\u00f2 per avere la sicurezza che desidero.<\/p>\n","protected":false},"excerpt":{"rendered":"<p>NordLayer \u00e8 una soluzione di accesso remoto sicuro alla rete, basata su cloud, progettata per le aziende per aiutarle a implementare un modello di approccio Zero Trust.\u00a0Il prodotto per la sicurezza informatica aziendale \u00e8 sviluppato per ridurre la complessit\u00e0 della scalabilit\u00e0 e dell&#8217;integrazione, fornendo aggiornamenti dell&#8217;infrastruttura senza hardware.<\/p>\n","protected":false},"author":19,"featured_media":64319,"parent":63881,"menu_order":0,"comment_status":"open","ping_status":"closed","template":"g1_template_page_review_new.php","meta":{"_acf_changed":false,"cwp_meta_box_check":"Yes","cwp_rev_product_name":"","cwp_rev_product_image":"","wppr_links":[],"cwp_rev_price":"0.00","wppr_options":[{"name":"Usability","value":"0"},{"name":"Speed","value":"0"},{"name":"Features","value":"0"},{"name":"Support","value":"0"},{"name":"Pricing","value":"0"}],"wppr_pros":["","","","",""],"wppr_cons":["","","","",""],"_monsterinsights_skip_tracking":false,"_monsterinsights_sitenote_active":false,"_monsterinsights_sitenote_note":"","_monsterinsights_sitenote_category":0,"footnotes":""},"categories":[13730],"tags":[13736,13787,13735,13734,13765,13732,13733,13739,13681],"features":[],"class_list":{"0":"post-64318","1":"page","2":"type-page","3":"status-publish","4":"has-post-thumbnail","6":"category-software-vpn-cat","7":"tag-app-vpn","8":"tag-nordlayer","9":"tag-piattaforma-vpn","10":"tag-programma-vpn","11":"tag-rete-privata-virtuale","12":"tag-software-vpn","13":"tag-soluzione-vpn","14":"tag-virtual-private-network","15":"tag-vpn"},"wppr_data":{"cwp_meta_box_check":"Yes","_wppr_review_template":"default","cwp_rev_product_image":"","cwp_image_link":"image","wppr_links":[],"cwp_rev_price":"0.00","wppr_pros":["","","","",""],"wppr_cons":["","","","",""],"wppr_rating":"0.00","wppr_options":{"1":{"name":"Usability","value":"0"},"2":{"name":"Speed","value":"0"},"3":{"name":"Features","value":"0"},"4":{"name":"Support","value":"0"},"5":{"name":"Pricing","value":"0"}},"wppr_review_type":"Product","wppr_review_custom_fields":{"additionalProperty":"","additionalType":"","aggregateRating":"","alternateName":"","audience":"","award":"","awards":"","brand":"","color":"","depth":"","description":"","disambiguatingDescription":"","gtin12":"","gtin13":"","gtin14":"","gtin8":"","height":"","identifier":"","image":"","isAccessoryOrSparePartFor":"","isConsumableFor":"","isRelatedTo":"","isSimilarTo":"","itemCondition":"","logo":"","mainEntityOfPage":"","manufacturer":"","material":"","model":"","mpn":"","name":"","offers":"","potentialAction":"","productID":"","productionDate":"","purchaseDate":"","releaseDate":"","review":"","reviews":"","sameAs":"","sku":"","slogan":"","subjectOf":"","url":"","weight":"","width":""}},"acf":[],"yoast_head":"<!-- This site is optimized with the Yoast SEO plugin v27.4 - https:\/\/yoast.com\/product\/yoast-seo-wordpress\/ -->\n<title>NordLayer: recensione software VPN - Accurate Reviews<\/title>\n<meta name=\"description\" content=\"NordLayer: recensione soluzione di accesso remoto sicuro alla rete, progettata per implementare un modello di approccio Zero Trust.\" \/>\n<meta name=\"robots\" content=\"index, follow, max-snippet:-1, max-image-preview:large, max-video-preview:-1\" \/>\n<link rel=\"canonical\" href=\"https:\/\/www.accuratereviews.com\/it\/software-vpn\/nordlayer-recensione\/\" \/>\n<meta property=\"og:locale\" content=\"it_IT\" \/>\n<meta property=\"og:type\" content=\"article\" \/>\n<meta property=\"og:title\" content=\"NordLayer: recensione software VPN - Accurate Reviews\" \/>\n<meta property=\"og:description\" content=\"NordLayer: recensione soluzione di accesso remoto sicuro alla rete, progettata per implementare un modello di approccio Zero Trust.\" \/>\n<meta property=\"og:url\" content=\"https:\/\/www.accuratereviews.com\/it\/software-vpn\/nordlayer-recensione\/\" \/>\n<meta property=\"og:site_name\" content=\"Accurate Reviews\" \/>\n<meta property=\"og:image\" content=\"https:\/\/www.accuratereviews.com\/wp-content\/uploads\/2022\/11\/NordLayer.png\" \/>\n\t<meta property=\"og:image:width\" content=\"512\" \/>\n\t<meta property=\"og:image:height\" content=\"512\" \/>\n\t<meta property=\"og:image:type\" content=\"image\/png\" \/>\n<meta name=\"twitter:card\" content=\"summary_large_image\" \/>\n<meta name=\"twitter:label1\" content=\"Tempo di lettura stimato\" \/>\n\t<meta name=\"twitter:data1\" content=\"2 minuti\" \/>\n<script type=\"application\/ld+json\" class=\"yoast-schema-graph\">{\"@context\":\"https:\\\/\\\/schema.org\",\"@graph\":[{\"@type\":\"WebPage\",\"@id\":\"https:\\\/\\\/www.accuratereviews.com\\\/it\\\/software-vpn\\\/nordlayer-recensione\\\/\",\"url\":\"https:\\\/\\\/www.accuratereviews.com\\\/it\\\/software-vpn\\\/nordlayer-recensione\\\/\",\"name\":\"NordLayer: recensione software VPN - Accurate Reviews\",\"isPartOf\":{\"@id\":\"https:\\\/\\\/www.accuratereviews.com\\\/it\\\/#website\"},\"primaryImageOfPage\":{\"@id\":\"https:\\\/\\\/www.accuratereviews.com\\\/it\\\/software-vpn\\\/nordlayer-recensione\\\/#primaryimage\"},\"image\":{\"@id\":\"https:\\\/\\\/www.accuratereviews.com\\\/it\\\/software-vpn\\\/nordlayer-recensione\\\/#primaryimage\"},\"thumbnailUrl\":\"https:\\\/\\\/www.accuratereviews.com\\\/wp-content\\\/uploads\\\/2022\\\/11\\\/NordLayer.png\",\"datePublished\":\"2022-11-24T08:09:03+00:00\",\"description\":\"NordLayer: recensione soluzione di accesso remoto sicuro alla rete, progettata per implementare un modello di approccio Zero Trust.\",\"breadcrumb\":{\"@id\":\"https:\\\/\\\/www.accuratereviews.com\\\/it\\\/software-vpn\\\/nordlayer-recensione\\\/#breadcrumb\"},\"inLanguage\":\"it-IT\",\"potentialAction\":[{\"@type\":\"ReadAction\",\"target\":[\"https:\\\/\\\/www.accuratereviews.com\\\/it\\\/software-vpn\\\/nordlayer-recensione\\\/\"]}]},{\"@type\":\"ImageObject\",\"inLanguage\":\"it-IT\",\"@id\":\"https:\\\/\\\/www.accuratereviews.com\\\/it\\\/software-vpn\\\/nordlayer-recensione\\\/#primaryimage\",\"url\":\"https:\\\/\\\/www.accuratereviews.com\\\/wp-content\\\/uploads\\\/2022\\\/11\\\/NordLayer.png\",\"contentUrl\":\"https:\\\/\\\/www.accuratereviews.com\\\/wp-content\\\/uploads\\\/2022\\\/11\\\/NordLayer.png\",\"width\":512,\"height\":512},{\"@type\":\"BreadcrumbList\",\"@id\":\"https:\\\/\\\/www.accuratereviews.com\\\/it\\\/software-vpn\\\/nordlayer-recensione\\\/#breadcrumb\",\"itemListElement\":[{\"@type\":\"ListItem\",\"position\":1,\"name\":\"Home\",\"item\":\"https:\\\/\\\/www.accuratereviews.com\\\/it\\\/\"},{\"@type\":\"ListItem\",\"position\":2,\"name\":\"Software VPN\",\"item\":\"https:\\\/\\\/www.accuratereviews.com\\\/it\\\/software-vpn\\\/\"},{\"@type\":\"ListItem\",\"position\":3,\"name\":\"NordLayer\"}]},{\"@type\":\"WebSite\",\"@id\":\"https:\\\/\\\/www.accuratereviews.com\\\/it\\\/#website\",\"url\":\"https:\\\/\\\/www.accuratereviews.com\\\/it\\\/\",\"name\":\"Accurate Reviews\",\"description\":\"\",\"potentialAction\":[{\"@type\":\"SearchAction\",\"target\":{\"@type\":\"EntryPoint\",\"urlTemplate\":\"https:\\\/\\\/www.accuratereviews.com\\\/it\\\/?s={search_term_string}\"},\"query-input\":{\"@type\":\"PropertyValueSpecification\",\"valueRequired\":true,\"valueName\":\"search_term_string\"}}],\"inLanguage\":\"it-IT\"}]}<\/script>\n<!-- \/ Yoast SEO plugin. -->","yoast_head_json":{"title":"NordLayer: recensione software VPN - Accurate Reviews","description":"NordLayer: recensione soluzione di accesso remoto sicuro alla rete, progettata per implementare un modello di approccio Zero Trust.","robots":{"index":"index","follow":"follow","max-snippet":"max-snippet:-1","max-image-preview":"max-image-preview:large","max-video-preview":"max-video-preview:-1"},"canonical":"https:\/\/www.accuratereviews.com\/it\/software-vpn\/nordlayer-recensione\/","og_locale":"it_IT","og_type":"article","og_title":"NordLayer: recensione software VPN - Accurate Reviews","og_description":"NordLayer: recensione soluzione di accesso remoto sicuro alla rete, progettata per implementare un modello di approccio Zero Trust.","og_url":"https:\/\/www.accuratereviews.com\/it\/software-vpn\/nordlayer-recensione\/","og_site_name":"Accurate Reviews","og_image":[{"width":512,"height":512,"url":"https:\/\/www.accuratereviews.com\/wp-content\/uploads\/2022\/11\/NordLayer.png","type":"image\/png"}],"twitter_card":"summary_large_image","twitter_misc":{"Tempo di lettura stimato":"2 minuti"},"schema":{"@context":"https:\/\/schema.org","@graph":[{"@type":"WebPage","@id":"https:\/\/www.accuratereviews.com\/it\/software-vpn\/nordlayer-recensione\/","url":"https:\/\/www.accuratereviews.com\/it\/software-vpn\/nordlayer-recensione\/","name":"NordLayer: recensione software VPN - Accurate Reviews","isPartOf":{"@id":"https:\/\/www.accuratereviews.com\/it\/#website"},"primaryImageOfPage":{"@id":"https:\/\/www.accuratereviews.com\/it\/software-vpn\/nordlayer-recensione\/#primaryimage"},"image":{"@id":"https:\/\/www.accuratereviews.com\/it\/software-vpn\/nordlayer-recensione\/#primaryimage"},"thumbnailUrl":"https:\/\/www.accuratereviews.com\/wp-content\/uploads\/2022\/11\/NordLayer.png","datePublished":"2022-11-24T08:09:03+00:00","description":"NordLayer: recensione soluzione di accesso remoto sicuro alla rete, progettata per implementare un modello di approccio Zero Trust.","breadcrumb":{"@id":"https:\/\/www.accuratereviews.com\/it\/software-vpn\/nordlayer-recensione\/#breadcrumb"},"inLanguage":"it-IT","potentialAction":[{"@type":"ReadAction","target":["https:\/\/www.accuratereviews.com\/it\/software-vpn\/nordlayer-recensione\/"]}]},{"@type":"ImageObject","inLanguage":"it-IT","@id":"https:\/\/www.accuratereviews.com\/it\/software-vpn\/nordlayer-recensione\/#primaryimage","url":"https:\/\/www.accuratereviews.com\/wp-content\/uploads\/2022\/11\/NordLayer.png","contentUrl":"https:\/\/www.accuratereviews.com\/wp-content\/uploads\/2022\/11\/NordLayer.png","width":512,"height":512},{"@type":"BreadcrumbList","@id":"https:\/\/www.accuratereviews.com\/it\/software-vpn\/nordlayer-recensione\/#breadcrumb","itemListElement":[{"@type":"ListItem","position":1,"name":"Home","item":"https:\/\/www.accuratereviews.com\/it\/"},{"@type":"ListItem","position":2,"name":"Software VPN","item":"https:\/\/www.accuratereviews.com\/it\/software-vpn\/"},{"@type":"ListItem","position":3,"name":"NordLayer"}]},{"@type":"WebSite","@id":"https:\/\/www.accuratereviews.com\/it\/#website","url":"https:\/\/www.accuratereviews.com\/it\/","name":"Accurate Reviews","description":"","potentialAction":[{"@type":"SearchAction","target":{"@type":"EntryPoint","urlTemplate":"https:\/\/www.accuratereviews.com\/it\/?s={search_term_string}"},"query-input":{"@type":"PropertyValueSpecification","valueRequired":true,"valueName":"search_term_string"}}],"inLanguage":"it-IT"}]}},"_links":{"self":[{"href":"https:\/\/www.accuratereviews.com\/it\/wp-json\/wp\/v2\/pages\/64318","targetHints":{"allow":["GET"]}}],"collection":[{"href":"https:\/\/www.accuratereviews.com\/it\/wp-json\/wp\/v2\/pages"}],"about":[{"href":"https:\/\/www.accuratereviews.com\/it\/wp-json\/wp\/v2\/types\/page"}],"author":[{"embeddable":true,"href":"https:\/\/www.accuratereviews.com\/it\/wp-json\/wp\/v2\/users\/19"}],"replies":[{"embeddable":true,"href":"https:\/\/www.accuratereviews.com\/it\/wp-json\/wp\/v2\/comments?post=64318"}],"version-history":[{"count":12,"href":"https:\/\/www.accuratereviews.com\/it\/wp-json\/wp\/v2\/pages\/64318\/revisions"}],"predecessor-version":[{"id":64377,"href":"https:\/\/www.accuratereviews.com\/it\/wp-json\/wp\/v2\/pages\/64318\/revisions\/64377"}],"up":[{"embeddable":true,"href":"https:\/\/www.accuratereviews.com\/it\/wp-json\/wp\/v2\/pages\/63881"}],"wp:featuredmedia":[{"embeddable":true,"href":"https:\/\/www.accuratereviews.com\/it\/wp-json\/wp\/v2\/media\/64319"}],"wp:attachment":[{"href":"https:\/\/www.accuratereviews.com\/it\/wp-json\/wp\/v2\/media?parent=64318"}],"wp:term":[{"taxonomy":"category","embeddable":true,"href":"https:\/\/www.accuratereviews.com\/it\/wp-json\/wp\/v2\/categories?post=64318"},{"taxonomy":"post_tag","embeddable":true,"href":"https:\/\/www.accuratereviews.com\/it\/wp-json\/wp\/v2\/tags?post=64318"},{"taxonomy":"features","embeddable":true,"href":"https:\/\/www.accuratereviews.com\/it\/wp-json\/wp\/v2\/features?post=64318"}],"curies":[{"name":"wp","href":"https:\/\/api.w.org\/{rel}","templated":true}]}}