{"id":64348,"date":"2022-11-23T11:31:05","date_gmt":"2022-11-23T11:31:05","guid":{"rendered":"https:\/\/www.accuratereviews.com\/?page_id=64348"},"modified":"2022-11-23T11:31:42","modified_gmt":"2022-11-23T11:31:42","slug":"cactusvpn-recensione","status":"publish","type":"page","link":"https:\/\/www.accuratereviews.com\/it\/software-vpn\/cactusvpn-recensione\/","title":{"rendered":"CactusVPN"},"content":{"rendered":"<p><strong>CactusVPN<\/strong> \u00e8 un <strong>software VPN<\/strong> che offre applicazioni di facile utilizzo per tutti i tuoi dispositivi, desktop (Windows e Mac), mobile (Android e iOS) e per la TV (Android TV e Fire TV). Bypassa i firewall governativi o scolastici con VPN su ICMP e DNS e accedi a contenuti bloccati in pochi secondi.<br \/>\nCollegati ai server di <strong>CactusVP<\/strong>, configura le tue connessioni in pochi secondi e inizia a utilizzare le numerose funzionalit\u00e0 di protezione dalle perdite DNS, tunneling diviso, riconversione automatica in caso di caduta della connessione, kill switch e altro ancora.<\/p>\n<h2>CACTUSVPN &#8211; TUTORIAL<\/h2>\n<div id=\"fluid-wrapper-counter-1\" class=\"g1-fluid-wrapper \" style=\"width:686px;\">\n<div style=\"padding-bottom:56.268221574344%;\"><iframe loading=\"lazy\" title=\"CactusVPN Software for Mac Setup Tutorial\" width=\"686\" height=\"386\" src=\"https:\/\/www.youtube.com\/embed\/vMuXOfbaOI0?feature=oembed&amp;wmode=transparent&amp;autohide=1&amp;autoplay=0&amp;disablekb=0&amp;fs=1&amp;loop=0&amp;enablejsapi=1&amp;rel=0&amp;controls=2&amp;showinfo=0&amp;wmode=transparent&amp;autohide=2&amp;autoplay=0&amp;disablekb=0&amp;fs=1&amp;loop=0&amp;enablejsapi=1&amp;rel=0&amp;controls=2&amp;showinfo=1\" frameborder=\"0\" allow=\"accelerometer; autoplay; clipboard-write; encrypted-media; gyroscope; picture-in-picture\" allowfullscreen><\/iframe><\/div>\n<\/div>\n<h3>CACTUSVPN &#8211; CARATTERISTICHE<\/h3>\n<ul>\n<li><strong>Proteggi la tua privacy<\/strong>: nascondi il tuo indirizzo IP per impedire ai siti web e ai fastidiosi inserzionisti di tracciare le tue impronte digitali.<\/li>\n<li><strong>Proteggi i tuoi dati<\/strong>: anonimizza tutto il tuo traffico con una crittografia di livello militare per impedire a ISP, governi e hacker di vedere ci\u00f2 che fai sul web.<\/li>\n<li><strong>Bypassa tutte le restrizioni<\/strong>: sblocca tutti i siti web pi\u00f9 popolari che volete, d\u00ec addio alla censura governativa e aggira i firewall al lavoro o a scuola.<\/li>\n<li><strong>Crittografia end-to-end<\/strong>: impedisci a chiunque di monitorare il tuo traffico rendendolo indecifrabile grazie alla crittografia di livello militare (AES-256 per la maggior parte dei protocolli).<\/li>\n<li><strong>7 protocolli VPN<\/strong>: configurate le vostre connessioni come volete. Scegliete tra OpenVPN (TCP e UDP), Wireguard\u00ae, SSTP, SoftEther, IKEv2, L2TP\/IPSec e PPTP.<\/li>\n<li><strong>Nessun registro garantito<\/strong>: non conserva alcun registro (nemmeno il vostro indirizzo IP) e garantisce di non condividere le tue informazioni con terzi.<\/li>\n<\/ul>\n<h4>LE RECENSIONI DEGLI UTENTI<\/h4>\n<p><strong>Scott &#8220;VPN veloce e facile, Smart DNS molto interessante&#8221;<\/strong><br \/>\nCommenti: Avevo bisogno di una VPN solida e conveniente per ovvie ragioni, e il mio abbonamento annuale a HMA, anche se ancora attivo, continuava a bloccarsi sul mio PC. Ho trovato Cactus attraverso Emsisoft e sono stati fantastici. Non solo posso essere certo che gli scambi tra il mio computer e ogni sito che visito sono protetti dall&#8217;inizio alla fine, ma ho anche un&#8217;incredibile privacy grazie a CactusVPN. Inoltre, la loro funzione Smart DNS sembra accelerare notevolmente la mia navigazione sul web, cosa di cui all&#8217;inizio dubitavo.<br \/>\nPro: Questo sembra essere uno dei pacchetti software VPN pi\u00f9 semplici disponibili, e non potrebbe essere pi\u00f9 facile da usare, quindi questo deve essere il mio PRO numero uno su CactusVPN. Sono anche un grande fan di come i loro abbonamenti sono impostati, consentendo di frammentare le loro caratteristiche o di ottenerle tutte con uno sconto, piuttosto che forzare cose che non mi servono. Hanno anche molti pi\u00f9 siti VPN compatibili con il P2P rispetto alla maggior parte dei loro concorrenti. Hanno anche uno dei migliori siti web e dashboard di account che abbia mai visto.<br \/>\nContro: Un solo giorno di prova non \u00e8 sufficiente per una valutazione adeguata, quindi questo \u00e8 il mio pi\u00f9 grande punto a sfavore. Vorrei anche che avessero un po&#8217; pi\u00f9 di informazioni e\/o impostazioni per la loro funzione Smart DNS, che trovo interessante ma di cui non so molto personalmente.<\/p>\n<p><strong>Sakhile &#8220;Rapida occhiata a cactus vpn&#8221;<\/strong><br \/>\nCommenti: doveva essere in grado di dare agli utenti finali l&#8217;accesso alla nostra base dati cloud e garantire una connessione sicura<br \/>\nPro: il prodotto \u00e8 facile da installare e molto semplice da utilizzare, offre una buona protezione<br \/>\nContro: alcuni dispositivi su X36 bit funzionano lentamente una volta che la vpn \u00e8 stata caricata<\/p>\n<p><strong>Danette &#8220;Cactus VPN&#8221;<\/strong><br \/>\nCommenti: Esperienza complessivamente molto buona.<br \/>\nPro: facile da usare e da capire.<br \/>\nContro: L&#8217;assistenza non \u00e8 pi\u00f9 utile come un tempo.<\/p>\n","protected":false},"excerpt":{"rendered":"<p>CactusVPN \u00e8 un software VPN che offre applicazioni di facile utilizzo per tutti i tuoi dispositivi, desktop (Windows e Mac), mobile (Android e iOS) e per la TV (Android TV e Fire TV). Bypassa i firewall governativi o scolastici con VPN su ICMP e DNS e accedi a contenuti bloccati in pochi secondi.<\/p>\n","protected":false},"author":17,"featured_media":64349,"parent":63881,"menu_order":0,"comment_status":"open","ping_status":"closed","template":"g1_template_page_review_new.php","meta":{"_acf_changed":false,"cwp_meta_box_check":"No","cwp_rev_product_name":"","cwp_rev_product_image":"","wppr_links":[],"cwp_rev_price":"","wppr_options":[],"wppr_pros":[],"wppr_cons":[],"_monsterinsights_skip_tracking":false,"_monsterinsights_sitenote_active":false,"_monsterinsights_sitenote_note":"","_monsterinsights_sitenote_category":0,"footnotes":""},"categories":[13730],"tags":[13736,13735,13734,13732,13733,13681],"features":[],"class_list":{"0":"post-64348","1":"page","2":"type-page","3":"status-publish","4":"has-post-thumbnail","6":"category-software-vpn-cat","7":"tag-app-vpn","8":"tag-piattaforma-vpn","9":"tag-programma-vpn","10":"tag-software-vpn","11":"tag-soluzione-vpn","12":"tag-vpn"},"wppr_data":{"cwp_meta_box_check":"No"},"acf":[],"yoast_head":"<!-- This site is optimized with the Yoast SEO plugin v27.4 - https:\/\/yoast.com\/product\/yoast-seo-wordpress\/ -->\n<title>CactusVPN: recensione software VPN - Accurate Reviews<\/title>\n<meta name=\"description\" content=\"CactusVPN: recensione del software VPN che offre applicazioni di facile utilizzo per tutti i tuoi dispositivi, desktop, mobile e per la TV.\" \/>\n<meta name=\"robots\" content=\"index, follow, max-snippet:-1, max-image-preview:large, max-video-preview:-1\" \/>\n<link rel=\"canonical\" href=\"https:\/\/www.accuratereviews.com\/it\/software-vpn\/cactusvpn-recensione\/\" \/>\n<meta property=\"og:locale\" content=\"it_IT\" \/>\n<meta property=\"og:type\" content=\"article\" \/>\n<meta property=\"og:title\" content=\"CactusVPN: recensione software VPN - Accurate Reviews\" \/>\n<meta property=\"og:description\" content=\"CactusVPN: recensione del software VPN che offre applicazioni di facile utilizzo per tutti i tuoi dispositivi, desktop, mobile e per la TV.\" \/>\n<meta property=\"og:url\" content=\"https:\/\/www.accuratereviews.com\/it\/software-vpn\/cactusvpn-recensione\/\" \/>\n<meta property=\"og:site_name\" content=\"Accurate Reviews\" \/>\n<meta property=\"article:modified_time\" content=\"2022-11-23T11:31:42+00:00\" \/>\n<meta property=\"og:image\" content=\"https:\/\/www.accuratereviews.com\/wp-content\/uploads\/2022\/11\/logo-light-background.png\" \/>\n\t<meta property=\"og:image:width\" content=\"1075\" \/>\n\t<meta property=\"og:image:height\" content=\"335\" \/>\n\t<meta property=\"og:image:type\" content=\"image\/png\" \/>\n<meta name=\"twitter:card\" content=\"summary_large_image\" \/>\n<meta name=\"twitter:label1\" content=\"Tempo di lettura stimato\" \/>\n\t<meta name=\"twitter:data1\" content=\"4 minuti\" \/>\n<script type=\"application\/ld+json\" class=\"yoast-schema-graph\">{\"@context\":\"https:\\\/\\\/schema.org\",\"@graph\":[{\"@type\":\"WebPage\",\"@id\":\"https:\\\/\\\/www.accuratereviews.com\\\/it\\\/software-vpn\\\/cactusvpn-recensione\\\/\",\"url\":\"https:\\\/\\\/www.accuratereviews.com\\\/it\\\/software-vpn\\\/cactusvpn-recensione\\\/\",\"name\":\"CactusVPN: recensione software VPN - Accurate Reviews\",\"isPartOf\":{\"@id\":\"https:\\\/\\\/www.accuratereviews.com\\\/it\\\/#website\"},\"primaryImageOfPage\":{\"@id\":\"https:\\\/\\\/www.accuratereviews.com\\\/it\\\/software-vpn\\\/cactusvpn-recensione\\\/#primaryimage\"},\"image\":{\"@id\":\"https:\\\/\\\/www.accuratereviews.com\\\/it\\\/software-vpn\\\/cactusvpn-recensione\\\/#primaryimage\"},\"thumbnailUrl\":\"https:\\\/\\\/www.accuratereviews.com\\\/wp-content\\\/uploads\\\/2022\\\/11\\\/logo-light-background.png\",\"datePublished\":\"2022-11-23T11:31:05+00:00\",\"dateModified\":\"2022-11-23T11:31:42+00:00\",\"description\":\"CactusVPN: recensione del software VPN che offre applicazioni di facile utilizzo per tutti i tuoi dispositivi, desktop, mobile e per la TV.\",\"breadcrumb\":{\"@id\":\"https:\\\/\\\/www.accuratereviews.com\\\/it\\\/software-vpn\\\/cactusvpn-recensione\\\/#breadcrumb\"},\"inLanguage\":\"it-IT\",\"potentialAction\":[{\"@type\":\"ReadAction\",\"target\":[\"https:\\\/\\\/www.accuratereviews.com\\\/it\\\/software-vpn\\\/cactusvpn-recensione\\\/\"]}]},{\"@type\":\"ImageObject\",\"inLanguage\":\"it-IT\",\"@id\":\"https:\\\/\\\/www.accuratereviews.com\\\/it\\\/software-vpn\\\/cactusvpn-recensione\\\/#primaryimage\",\"url\":\"https:\\\/\\\/www.accuratereviews.com\\\/wp-content\\\/uploads\\\/2022\\\/11\\\/logo-light-background.png\",\"contentUrl\":\"https:\\\/\\\/www.accuratereviews.com\\\/wp-content\\\/uploads\\\/2022\\\/11\\\/logo-light-background.png\",\"width\":1075,\"height\":335},{\"@type\":\"BreadcrumbList\",\"@id\":\"https:\\\/\\\/www.accuratereviews.com\\\/it\\\/software-vpn\\\/cactusvpn-recensione\\\/#breadcrumb\",\"itemListElement\":[{\"@type\":\"ListItem\",\"position\":1,\"name\":\"Home\",\"item\":\"https:\\\/\\\/www.accuratereviews.com\\\/it\\\/\"},{\"@type\":\"ListItem\",\"position\":2,\"name\":\"Software VPN\",\"item\":\"https:\\\/\\\/www.accuratereviews.com\\\/it\\\/software-vpn\\\/\"},{\"@type\":\"ListItem\",\"position\":3,\"name\":\"CactusVPN\"}]},{\"@type\":\"WebSite\",\"@id\":\"https:\\\/\\\/www.accuratereviews.com\\\/it\\\/#website\",\"url\":\"https:\\\/\\\/www.accuratereviews.com\\\/it\\\/\",\"name\":\"Accurate Reviews\",\"description\":\"\",\"potentialAction\":[{\"@type\":\"SearchAction\",\"target\":{\"@type\":\"EntryPoint\",\"urlTemplate\":\"https:\\\/\\\/www.accuratereviews.com\\\/it\\\/?s={search_term_string}\"},\"query-input\":{\"@type\":\"PropertyValueSpecification\",\"valueRequired\":true,\"valueName\":\"search_term_string\"}}],\"inLanguage\":\"it-IT\"}]}<\/script>\n<!-- \/ Yoast SEO plugin. -->","yoast_head_json":{"title":"CactusVPN: recensione software VPN - Accurate Reviews","description":"CactusVPN: recensione del software VPN che offre applicazioni di facile utilizzo per tutti i tuoi dispositivi, desktop, mobile e per la TV.","robots":{"index":"index","follow":"follow","max-snippet":"max-snippet:-1","max-image-preview":"max-image-preview:large","max-video-preview":"max-video-preview:-1"},"canonical":"https:\/\/www.accuratereviews.com\/it\/software-vpn\/cactusvpn-recensione\/","og_locale":"it_IT","og_type":"article","og_title":"CactusVPN: recensione software VPN - Accurate Reviews","og_description":"CactusVPN: recensione del software VPN che offre applicazioni di facile utilizzo per tutti i tuoi dispositivi, desktop, mobile e per la TV.","og_url":"https:\/\/www.accuratereviews.com\/it\/software-vpn\/cactusvpn-recensione\/","og_site_name":"Accurate Reviews","article_modified_time":"2022-11-23T11:31:42+00:00","og_image":[{"width":1075,"height":335,"url":"https:\/\/www.accuratereviews.com\/wp-content\/uploads\/2022\/11\/logo-light-background.png","type":"image\/png"}],"twitter_card":"summary_large_image","twitter_misc":{"Tempo di lettura stimato":"4 minuti"},"schema":{"@context":"https:\/\/schema.org","@graph":[{"@type":"WebPage","@id":"https:\/\/www.accuratereviews.com\/it\/software-vpn\/cactusvpn-recensione\/","url":"https:\/\/www.accuratereviews.com\/it\/software-vpn\/cactusvpn-recensione\/","name":"CactusVPN: recensione software VPN - Accurate Reviews","isPartOf":{"@id":"https:\/\/www.accuratereviews.com\/it\/#website"},"primaryImageOfPage":{"@id":"https:\/\/www.accuratereviews.com\/it\/software-vpn\/cactusvpn-recensione\/#primaryimage"},"image":{"@id":"https:\/\/www.accuratereviews.com\/it\/software-vpn\/cactusvpn-recensione\/#primaryimage"},"thumbnailUrl":"https:\/\/www.accuratereviews.com\/wp-content\/uploads\/2022\/11\/logo-light-background.png","datePublished":"2022-11-23T11:31:05+00:00","dateModified":"2022-11-23T11:31:42+00:00","description":"CactusVPN: recensione del software VPN che offre applicazioni di facile utilizzo per tutti i tuoi dispositivi, desktop, mobile e per la TV.","breadcrumb":{"@id":"https:\/\/www.accuratereviews.com\/it\/software-vpn\/cactusvpn-recensione\/#breadcrumb"},"inLanguage":"it-IT","potentialAction":[{"@type":"ReadAction","target":["https:\/\/www.accuratereviews.com\/it\/software-vpn\/cactusvpn-recensione\/"]}]},{"@type":"ImageObject","inLanguage":"it-IT","@id":"https:\/\/www.accuratereviews.com\/it\/software-vpn\/cactusvpn-recensione\/#primaryimage","url":"https:\/\/www.accuratereviews.com\/wp-content\/uploads\/2022\/11\/logo-light-background.png","contentUrl":"https:\/\/www.accuratereviews.com\/wp-content\/uploads\/2022\/11\/logo-light-background.png","width":1075,"height":335},{"@type":"BreadcrumbList","@id":"https:\/\/www.accuratereviews.com\/it\/software-vpn\/cactusvpn-recensione\/#breadcrumb","itemListElement":[{"@type":"ListItem","position":1,"name":"Home","item":"https:\/\/www.accuratereviews.com\/it\/"},{"@type":"ListItem","position":2,"name":"Software VPN","item":"https:\/\/www.accuratereviews.com\/it\/software-vpn\/"},{"@type":"ListItem","position":3,"name":"CactusVPN"}]},{"@type":"WebSite","@id":"https:\/\/www.accuratereviews.com\/it\/#website","url":"https:\/\/www.accuratereviews.com\/it\/","name":"Accurate Reviews","description":"","potentialAction":[{"@type":"SearchAction","target":{"@type":"EntryPoint","urlTemplate":"https:\/\/www.accuratereviews.com\/it\/?s={search_term_string}"},"query-input":{"@type":"PropertyValueSpecification","valueRequired":true,"valueName":"search_term_string"}}],"inLanguage":"it-IT"}]}},"_links":{"self":[{"href":"https:\/\/www.accuratereviews.com\/it\/wp-json\/wp\/v2\/pages\/64348","targetHints":{"allow":["GET"]}}],"collection":[{"href":"https:\/\/www.accuratereviews.com\/it\/wp-json\/wp\/v2\/pages"}],"about":[{"href":"https:\/\/www.accuratereviews.com\/it\/wp-json\/wp\/v2\/types\/page"}],"author":[{"embeddable":true,"href":"https:\/\/www.accuratereviews.com\/it\/wp-json\/wp\/v2\/users\/17"}],"replies":[{"embeddable":true,"href":"https:\/\/www.accuratereviews.com\/it\/wp-json\/wp\/v2\/comments?post=64348"}],"version-history":[{"count":3,"href":"https:\/\/www.accuratereviews.com\/it\/wp-json\/wp\/v2\/pages\/64348\/revisions"}],"predecessor-version":[{"id":64364,"href":"https:\/\/www.accuratereviews.com\/it\/wp-json\/wp\/v2\/pages\/64348\/revisions\/64364"}],"up":[{"embeddable":true,"href":"https:\/\/www.accuratereviews.com\/it\/wp-json\/wp\/v2\/pages\/63881"}],"wp:featuredmedia":[{"embeddable":true,"href":"https:\/\/www.accuratereviews.com\/it\/wp-json\/wp\/v2\/media\/64349"}],"wp:attachment":[{"href":"https:\/\/www.accuratereviews.com\/it\/wp-json\/wp\/v2\/media?parent=64348"}],"wp:term":[{"taxonomy":"category","embeddable":true,"href":"https:\/\/www.accuratereviews.com\/it\/wp-json\/wp\/v2\/categories?post=64348"},{"taxonomy":"post_tag","embeddable":true,"href":"https:\/\/www.accuratereviews.com\/it\/wp-json\/wp\/v2\/tags?post=64348"},{"taxonomy":"features","embeddable":true,"href":"https:\/\/www.accuratereviews.com\/it\/wp-json\/wp\/v2\/features?post=64348"}],"curies":[{"name":"wp","href":"https:\/\/api.w.org\/{rel}","templated":true}]}}