{"id":64391,"date":"2022-11-24T18:03:59","date_gmt":"2022-11-24T18:03:59","guid":{"rendered":"https:\/\/www.accuratereviews.com\/?page_id=64391"},"modified":"2022-11-29T16:58:47","modified_gmt":"2022-11-29T16:58:47","slug":"utunnel-vpn-recensione","status":"publish","type":"page","link":"https:\/\/www.accuratereviews.com\/it\/software-vpn\/utunnel-vpn-recensione\/","title":{"rendered":"UTunnel VPN"},"content":{"rendered":"<p class=\"h3 mb-2\"><strong>UTunnel VPN<\/strong>\u00a0\u00e8 un <strong>software VPN<\/strong> flessibile e altamente sicuro che si rivolge sia ad aziende che a privati, andando incontro alle esigenze di tutti. Con il tuo server VON dedicato, potrai evitare quelli pubblici condivisi ottenendo maggiore sicurezza grazie anche al supporto di Single Sign-On, all&#8217;autenticazione a pi\u00f9 fattori e al controllo dell&#8217;accesso basato sul team.<br \/>\nPotrai configurare <strong>UTunnel VPN<\/strong>\u00a0in modo semplice e veloce, richiedendo l&#8217;installazione del server sul tuo cloud provider. Dispone di integrazioni con i pi\u00f9 noti provider come: DigitalOcean, Linode, UpCloud, Hetzner, Vultr e Kamatera, che offrono un&#8217;ampia scelta di oltre 30 sedi sparse in tutto il mondo.<\/p>\n<h2>UTUNNEL VPN &#8211; TUTORIAL<\/h2>\n<div id=\"fluid-wrapper-counter-1\" class=\"g1-fluid-wrapper \" style=\"width:686px;\">\n<div style=\"padding-bottom:56.268221574344%;\"><iframe loading=\"lazy\" title=\"How To Setup your own Cloud VPN Server using UTunnel VPN\" width=\"686\" height=\"386\" src=\"https:\/\/www.youtube.com\/embed\/VoZ6F-NcvWA?feature=oembed&amp;wmode=transparent&amp;autohide=1&amp;autoplay=0&amp;disablekb=0&amp;fs=1&amp;loop=0&amp;enablejsapi=1&amp;rel=0&amp;controls=2&amp;showinfo=0&amp;wmode=transparent&amp;autohide=2&amp;autoplay=0&amp;disablekb=0&amp;fs=1&amp;loop=0&amp;enablejsapi=1&amp;rel=0&amp;controls=2&amp;showinfo=1\" frameborder=\"0\" allow=\"accelerometer; autoplay; clipboard-write; encrypted-media; gyroscope; picture-in-picture\" allowfullscreen><\/iframe><\/div>\n<\/div>\n<h3>UTUNNEL VPN &#8211; CARATTERISTICHE<\/h3>\n<ul>\n<li><strong>Fai da te<\/strong>: aspettare l&#8217;assistenza \u00e8 faticoso e per questo il team ha progettato UTunnel VPN pensando proprio a voi. Chiunque abbia conoscenze tecniche minime o nulle pu\u00f2 creare un server VPN.<\/li>\n<li><strong>Software VPN<\/strong>: non \u00e8 pi\u00f9 necessario un hardware VPN costoso e difficile da scalare. Fornisce una soluzione flessibile che consente di impostare la VPN in pochi minuti con una configurazione minima.<\/li>\n<li><strong>Disponibilit\u00e0 a livello globale<\/strong>: i cloud provider partner consentono di distribuire i server VPN in oltre 30 localit\u00e0 in tutto il mondo. Inoltre, potete portare il vostro server cloud ovunque nel mondo.<\/li>\n<li><strong>Funzionalit\u00e0 di prim&#8217;ordine<\/strong>: offre una serie di funzionalit\u00e0 avanzate come l&#8217;autenticazione a 2 fattori, il DNS e il firewall integrati, lo split tunneling, ecc. che la rendono una soluzione VPN completa.<\/li>\n<li><strong>Configurazione on-premise semplice<\/strong>: il team ha ridotto la complessit\u00e0 della configurazione e della gestione di un server VPN on-premise. Non \u00e8 pi\u00f9 necessario utilizzare la riga di comando dopo la configurazione iniziale.<\/li>\n<li><strong>Supporto tecnico<\/strong> <strong>esperto<\/strong>: gli esperti tecnici ti aiuteranno a risolvere tutte le tue domande e ti assicureranno un&#8217;esperienza perfetta con UTunnel VPN.<\/li>\n<\/ul>\n","protected":false},"excerpt":{"rendered":"<p>UTunnel VPN\u00a0\u00e8 un software VPN flessibile e altamente sicuro che si rivolge sia ad aziende che a privati, andando incontro alle esigenze di tutti. Con il tuo server VON dedicato, potrai evitare quelli pubblici condivisi ottenendo maggiore sicurezza grazie anche al supporto di Single Sign-On, all&#8217;autenticazione a pi\u00f9 fattori e al controllo dell&#8217;accesso basato sul team.<\/p>\n","protected":false},"author":17,"featured_media":64393,"parent":63881,"menu_order":0,"comment_status":"open","ping_status":"closed","template":"g1_template_page_review_new.php","meta":{"_acf_changed":false,"cwp_meta_box_check":"No","cwp_rev_product_name":"","cwp_rev_product_image":"","wppr_links":[],"cwp_rev_price":"","wppr_options":[],"wppr_pros":[],"wppr_cons":[],"_monsterinsights_skip_tracking":false,"_monsterinsights_sitenote_active":false,"_monsterinsights_sitenote_note":"","_monsterinsights_sitenote_category":0,"footnotes":""},"categories":[13730],"tags":[13736,13735,13734,13732,13733,13681],"features":[],"class_list":{"0":"post-64391","1":"page","2":"type-page","3":"status-publish","4":"has-post-thumbnail","6":"category-software-vpn-cat","7":"tag-app-vpn","8":"tag-piattaforma-vpn","9":"tag-programma-vpn","10":"tag-software-vpn","11":"tag-soluzione-vpn","12":"tag-vpn"},"wppr_data":{"cwp_meta_box_check":"No"},"acf":[],"yoast_head":"<!-- This site is optimized with the Yoast SEO plugin v27.4 - https:\/\/yoast.com\/product\/yoast-seo-wordpress\/ -->\n<title>UTunnel VPN: recensione software VPN - Accurate Reviews<\/title>\n<meta name=\"description\" content=\"UTunnel VPN: recensione del software VPN flessibile e altamente sicuro che si rivolge sia ad aziende che a privati.\" \/>\n<meta name=\"robots\" content=\"index, follow, max-snippet:-1, max-image-preview:large, max-video-preview:-1\" \/>\n<link rel=\"canonical\" href=\"https:\/\/www.accuratereviews.com\/it\/software-vpn\/utunnel-vpn-recensione\/\" \/>\n<meta property=\"og:locale\" content=\"it_IT\" \/>\n<meta property=\"og:type\" content=\"article\" \/>\n<meta property=\"og:title\" content=\"UTunnel VPN: recensione software VPN - Accurate Reviews\" \/>\n<meta property=\"og:description\" content=\"UTunnel VPN: recensione del software VPN flessibile e altamente sicuro che si rivolge sia ad aziende che a privati.\" \/>\n<meta property=\"og:url\" content=\"https:\/\/www.accuratereviews.com\/it\/software-vpn\/utunnel-vpn-recensione\/\" \/>\n<meta property=\"og:site_name\" content=\"Accurate Reviews\" \/>\n<meta property=\"article:modified_time\" content=\"2022-11-29T16:58:47+00:00\" \/>\n<meta property=\"og:image\" content=\"https:\/\/www.accuratereviews.com\/wp-content\/uploads\/2022\/11\/utunnel-vpn.png\" \/>\n\t<meta property=\"og:image:width\" content=\"364\" \/>\n\t<meta property=\"og:image:height\" content=\"364\" \/>\n\t<meta property=\"og:image:type\" content=\"image\/png\" \/>\n<meta name=\"twitter:card\" content=\"summary_large_image\" \/>\n<meta name=\"twitter:label1\" content=\"Tempo di lettura stimato\" \/>\n\t<meta name=\"twitter:data1\" content=\"2 minuti\" \/>\n<script type=\"application\/ld+json\" class=\"yoast-schema-graph\">{\"@context\":\"https:\\\/\\\/schema.org\",\"@graph\":[{\"@type\":\"WebPage\",\"@id\":\"https:\\\/\\\/www.accuratereviews.com\\\/it\\\/software-vpn\\\/utunnel-vpn-recensione\\\/\",\"url\":\"https:\\\/\\\/www.accuratereviews.com\\\/it\\\/software-vpn\\\/utunnel-vpn-recensione\\\/\",\"name\":\"UTunnel VPN: recensione software VPN - Accurate Reviews\",\"isPartOf\":{\"@id\":\"https:\\\/\\\/www.accuratereviews.com\\\/it\\\/#website\"},\"primaryImageOfPage\":{\"@id\":\"https:\\\/\\\/www.accuratereviews.com\\\/it\\\/software-vpn\\\/utunnel-vpn-recensione\\\/#primaryimage\"},\"image\":{\"@id\":\"https:\\\/\\\/www.accuratereviews.com\\\/it\\\/software-vpn\\\/utunnel-vpn-recensione\\\/#primaryimage\"},\"thumbnailUrl\":\"https:\\\/\\\/www.accuratereviews.com\\\/wp-content\\\/uploads\\\/2022\\\/11\\\/utunnel-vpn.png\",\"datePublished\":\"2022-11-24T18:03:59+00:00\",\"dateModified\":\"2022-11-29T16:58:47+00:00\",\"description\":\"UTunnel VPN: recensione del software VPN flessibile e altamente sicuro che si rivolge sia ad aziende che a privati.\",\"breadcrumb\":{\"@id\":\"https:\\\/\\\/www.accuratereviews.com\\\/it\\\/software-vpn\\\/utunnel-vpn-recensione\\\/#breadcrumb\"},\"inLanguage\":\"it-IT\",\"potentialAction\":[{\"@type\":\"ReadAction\",\"target\":[\"https:\\\/\\\/www.accuratereviews.com\\\/it\\\/software-vpn\\\/utunnel-vpn-recensione\\\/\"]}]},{\"@type\":\"ImageObject\",\"inLanguage\":\"it-IT\",\"@id\":\"https:\\\/\\\/www.accuratereviews.com\\\/it\\\/software-vpn\\\/utunnel-vpn-recensione\\\/#primaryimage\",\"url\":\"https:\\\/\\\/www.accuratereviews.com\\\/wp-content\\\/uploads\\\/2022\\\/11\\\/utunnel-vpn.png\",\"contentUrl\":\"https:\\\/\\\/www.accuratereviews.com\\\/wp-content\\\/uploads\\\/2022\\\/11\\\/utunnel-vpn.png\",\"width\":364,\"height\":364},{\"@type\":\"BreadcrumbList\",\"@id\":\"https:\\\/\\\/www.accuratereviews.com\\\/it\\\/software-vpn\\\/utunnel-vpn-recensione\\\/#breadcrumb\",\"itemListElement\":[{\"@type\":\"ListItem\",\"position\":1,\"name\":\"Home\",\"item\":\"https:\\\/\\\/www.accuratereviews.com\\\/it\\\/\"},{\"@type\":\"ListItem\",\"position\":2,\"name\":\"Software VPN\",\"item\":\"https:\\\/\\\/www.accuratereviews.com\\\/it\\\/software-vpn\\\/\"},{\"@type\":\"ListItem\",\"position\":3,\"name\":\"UTunnel VPN\"}]},{\"@type\":\"WebSite\",\"@id\":\"https:\\\/\\\/www.accuratereviews.com\\\/it\\\/#website\",\"url\":\"https:\\\/\\\/www.accuratereviews.com\\\/it\\\/\",\"name\":\"Accurate Reviews\",\"description\":\"\",\"potentialAction\":[{\"@type\":\"SearchAction\",\"target\":{\"@type\":\"EntryPoint\",\"urlTemplate\":\"https:\\\/\\\/www.accuratereviews.com\\\/it\\\/?s={search_term_string}\"},\"query-input\":{\"@type\":\"PropertyValueSpecification\",\"valueRequired\":true,\"valueName\":\"search_term_string\"}}],\"inLanguage\":\"it-IT\"}]}<\/script>\n<!-- \/ Yoast SEO plugin. -->","yoast_head_json":{"title":"UTunnel VPN: recensione software VPN - Accurate Reviews","description":"UTunnel VPN: recensione del software VPN flessibile e altamente sicuro che si rivolge sia ad aziende che a privati.","robots":{"index":"index","follow":"follow","max-snippet":"max-snippet:-1","max-image-preview":"max-image-preview:large","max-video-preview":"max-video-preview:-1"},"canonical":"https:\/\/www.accuratereviews.com\/it\/software-vpn\/utunnel-vpn-recensione\/","og_locale":"it_IT","og_type":"article","og_title":"UTunnel VPN: recensione software VPN - Accurate Reviews","og_description":"UTunnel VPN: recensione del software VPN flessibile e altamente sicuro che si rivolge sia ad aziende che a privati.","og_url":"https:\/\/www.accuratereviews.com\/it\/software-vpn\/utunnel-vpn-recensione\/","og_site_name":"Accurate Reviews","article_modified_time":"2022-11-29T16:58:47+00:00","og_image":[{"width":364,"height":364,"url":"https:\/\/www.accuratereviews.com\/wp-content\/uploads\/2022\/11\/utunnel-vpn.png","type":"image\/png"}],"twitter_card":"summary_large_image","twitter_misc":{"Tempo di lettura stimato":"2 minuti"},"schema":{"@context":"https:\/\/schema.org","@graph":[{"@type":"WebPage","@id":"https:\/\/www.accuratereviews.com\/it\/software-vpn\/utunnel-vpn-recensione\/","url":"https:\/\/www.accuratereviews.com\/it\/software-vpn\/utunnel-vpn-recensione\/","name":"UTunnel VPN: recensione software VPN - Accurate Reviews","isPartOf":{"@id":"https:\/\/www.accuratereviews.com\/it\/#website"},"primaryImageOfPage":{"@id":"https:\/\/www.accuratereviews.com\/it\/software-vpn\/utunnel-vpn-recensione\/#primaryimage"},"image":{"@id":"https:\/\/www.accuratereviews.com\/it\/software-vpn\/utunnel-vpn-recensione\/#primaryimage"},"thumbnailUrl":"https:\/\/www.accuratereviews.com\/wp-content\/uploads\/2022\/11\/utunnel-vpn.png","datePublished":"2022-11-24T18:03:59+00:00","dateModified":"2022-11-29T16:58:47+00:00","description":"UTunnel VPN: recensione del software VPN flessibile e altamente sicuro che si rivolge sia ad aziende che a privati.","breadcrumb":{"@id":"https:\/\/www.accuratereviews.com\/it\/software-vpn\/utunnel-vpn-recensione\/#breadcrumb"},"inLanguage":"it-IT","potentialAction":[{"@type":"ReadAction","target":["https:\/\/www.accuratereviews.com\/it\/software-vpn\/utunnel-vpn-recensione\/"]}]},{"@type":"ImageObject","inLanguage":"it-IT","@id":"https:\/\/www.accuratereviews.com\/it\/software-vpn\/utunnel-vpn-recensione\/#primaryimage","url":"https:\/\/www.accuratereviews.com\/wp-content\/uploads\/2022\/11\/utunnel-vpn.png","contentUrl":"https:\/\/www.accuratereviews.com\/wp-content\/uploads\/2022\/11\/utunnel-vpn.png","width":364,"height":364},{"@type":"BreadcrumbList","@id":"https:\/\/www.accuratereviews.com\/it\/software-vpn\/utunnel-vpn-recensione\/#breadcrumb","itemListElement":[{"@type":"ListItem","position":1,"name":"Home","item":"https:\/\/www.accuratereviews.com\/it\/"},{"@type":"ListItem","position":2,"name":"Software VPN","item":"https:\/\/www.accuratereviews.com\/it\/software-vpn\/"},{"@type":"ListItem","position":3,"name":"UTunnel VPN"}]},{"@type":"WebSite","@id":"https:\/\/www.accuratereviews.com\/it\/#website","url":"https:\/\/www.accuratereviews.com\/it\/","name":"Accurate Reviews","description":"","potentialAction":[{"@type":"SearchAction","target":{"@type":"EntryPoint","urlTemplate":"https:\/\/www.accuratereviews.com\/it\/?s={search_term_string}"},"query-input":{"@type":"PropertyValueSpecification","valueRequired":true,"valueName":"search_term_string"}}],"inLanguage":"it-IT"}]}},"_links":{"self":[{"href":"https:\/\/www.accuratereviews.com\/it\/wp-json\/wp\/v2\/pages\/64391","targetHints":{"allow":["GET"]}}],"collection":[{"href":"https:\/\/www.accuratereviews.com\/it\/wp-json\/wp\/v2\/pages"}],"about":[{"href":"https:\/\/www.accuratereviews.com\/it\/wp-json\/wp\/v2\/types\/page"}],"author":[{"embeddable":true,"href":"https:\/\/www.accuratereviews.com\/it\/wp-json\/wp\/v2\/users\/17"}],"replies":[{"embeddable":true,"href":"https:\/\/www.accuratereviews.com\/it\/wp-json\/wp\/v2\/comments?post=64391"}],"version-history":[{"count":6,"href":"https:\/\/www.accuratereviews.com\/it\/wp-json\/wp\/v2\/pages\/64391\/revisions"}],"predecessor-version":[{"id":64516,"href":"https:\/\/www.accuratereviews.com\/it\/wp-json\/wp\/v2\/pages\/64391\/revisions\/64516"}],"up":[{"embeddable":true,"href":"https:\/\/www.accuratereviews.com\/it\/wp-json\/wp\/v2\/pages\/63881"}],"wp:featuredmedia":[{"embeddable":true,"href":"https:\/\/www.accuratereviews.com\/it\/wp-json\/wp\/v2\/media\/64393"}],"wp:attachment":[{"href":"https:\/\/www.accuratereviews.com\/it\/wp-json\/wp\/v2\/media?parent=64391"}],"wp:term":[{"taxonomy":"category","embeddable":true,"href":"https:\/\/www.accuratereviews.com\/it\/wp-json\/wp\/v2\/categories?post=64391"},{"taxonomy":"post_tag","embeddable":true,"href":"https:\/\/www.accuratereviews.com\/it\/wp-json\/wp\/v2\/tags?post=64391"},{"taxonomy":"features","embeddable":true,"href":"https:\/\/www.accuratereviews.com\/it\/wp-json\/wp\/v2\/features?post=64391"}],"curies":[{"name":"wp","href":"https:\/\/api.w.org\/{rel}","templated":true}]}}