{"id":64488,"date":"2022-11-29T16:57:57","date_gmt":"2022-11-29T16:57:57","guid":{"rendered":"https:\/\/www.accuratereviews.com\/?page_id=64488"},"modified":"2022-11-29T17:05:15","modified_gmt":"2022-11-29T17:05:15","slug":"spl-vpn-recensione","status":"publish","type":"page","link":"https:\/\/www.accuratereviews.com\/it\/software-vpn\/spl-vpn-recensione\/","title":{"rendered":"SPL VPN"},"content":{"rendered":"<p><strong>SPL VPN<\/strong> \u00e8 un&#8217;<strong>applicazione VPN<\/strong> per Android che offre una soluzione definitiva a tutti i tuoi problemi di privacy. Nasconde il tuo indirizzo IP e protegge la tua identit\u00e0 durante la navigazione su Internet. Prova l&#8217;<strong>app VPN lite<\/strong> sicura, illimitata e con la connessione superveloce con un solo tocco. Oltre a ci\u00f2, non \u00e8 richiesta alcuna registrazione.<br \/>\nSarai completamente protetto e anonimo, lontano dagli occhi indiscreti del governo e dei criminali informatici (hacker). Nessuno potr\u00e0 pi\u00f9 controllare ci\u00f2 che fai online. Goditi internet ad alta velocit\u00e0 e streaming video con l&#8217;aiuto di migliaia di server in tutto il mondo. Scarica subito l&#8217;applicazione <strong>SPL VPN<\/strong> e approfitta delle sue offerte. \u00c8 completamente gratuita.<\/p>\n<h2>SPL VPN &#8211; TUTORIAL<\/h2>\n<div id=\"fluid-wrapper-counter-1\" class=\"g1-fluid-wrapper \" style=\"width:686px;\">\n<div style=\"padding-bottom:56.268221574344%;\"><iframe loading=\"lazy\" title=\"SPL VPN Introduction\" width=\"686\" height=\"386\" src=\"https:\/\/www.youtube.com\/embed\/g2EJLMAkPE0?feature=oembed&amp;wmode=transparent&amp;autohide=1&amp;autoplay=0&amp;disablekb=0&amp;fs=1&amp;loop=0&amp;enablejsapi=1&amp;rel=0&amp;controls=2&amp;showinfo=0&amp;wmode=transparent&amp;autohide=2&amp;autoplay=0&amp;disablekb=0&amp;fs=1&amp;loop=0&amp;enablejsapi=1&amp;rel=0&amp;controls=2&amp;showinfo=1\" frameborder=\"0\" allow=\"accelerometer; autoplay; clipboard-write; encrypted-media; gyroscope; picture-in-picture\" allowfullscreen><\/iframe><\/div>\n<\/div>\n<h3>SPL VPN &#8211; CARATTERISTICHE<\/h3>\n<ul>\n<li><strong>Utilizzo illimitato<\/strong>: nessun limite di larghezza di banda, nessun limite di velocit\u00e0 e nessun limite di tempo di connessione sono necessari per guardare i tuoi video e film preferiti online.<\/li>\n<li><strong>Nessuna registrazione-Zero registro<\/strong>: i\u00a0server VPN sono costantemente aggiornati. Non \u00e8 necessario registrarsi; scarica semplicemente l&#8217;app e connettiti a uno dei server.<\/li>\n<li><strong>Internet ad alta velocit\u00e0<\/strong>:\u00a0Non sei pi\u00f9 vincolato alla velocit\u00e0 del tuo ISP. Goditi una navigazione ininterrotta con i server velocissimi. Scarica i file in pochi secondi!<\/li>\n<li><strong>Approfitta di contenuti globali<\/strong>: modificando la tua posizione virtuale, SPL ti consente di evitare la censura e di accedere ai contenuti disponibili in altre parti del mondo.<\/li>\n<li><strong>Obbligatorio nessun criterio di registrazione<\/strong>: ci\u00f2 che distingue il programma dagli altri \u00e8 che non espone nessuna delle tue informazioni a terzi.<\/li>\n<li><strong>Sblocca in modo sicuro qualsiasi sito web\/app:<\/strong>\u00a0\u00e8 un browser proxy che ti consente di sbloccare tutti i siti web in modo anonimo e proteggere i tuoi dati dagli hacker.<\/li>\n<\/ul>\n<h4>LE RECENSIONI DEGLI UTENTI<\/h4>\n<p><strong>Areej &#8220;Davvero un&#8217;ottima app se stai cercando una VPN gratuita illimitata per Android&#8221;<\/strong><br \/>\n<strong>Commenti<\/strong>: Sono un normale utente VPN e ho sempre provato diverse VPN. Ma dal momento che ho usato spl vpn posso affermare che funziona davvero bene per me.<br \/>\n<strong>Pro<\/strong>: Miglior vpn per chiamate voip Android e accesso a contenuti bloccati su internet, Nessuna iscrizione o dettagli richiesti da inserire, basta un clic per collegarsi a vpn e si ottiene un accesso gratuito illimitato.<br \/>\n<strong>Contro<\/strong>: Gli annunci vengono visualizzati, ma solo quando ti connetti e ti disconnetti.<\/p>\n<p><strong>Sreelakshmi&#8221;Applicazione eccellente&#8221;<\/strong><br \/>\n<strong>Commenti<\/strong>: Ottima app. Grazie team per questa fantastica app.<br \/>\n<strong>Pro<\/strong>: Questa \u00e8 una delle VPN migliori e pi\u00f9 affidabili al mondo con oltre mille server in tutto il mondo. \u00e8 assolutamente gratuita e illimitata! Possiamo accedere a tutto su Internet con larghezza di banda illimitata. Forniscono una crittografia di livello militare per proteggere i nostri dati e la nostra identit\u00e0 online. Non sarai insoddisfatto delle prestazioni di SPL VPN. Come utente, posso garantire questa affermazione.<br \/>\n<strong>Contro<\/strong>: Sono irritato da cos\u00ec tante pubblicit\u00e0 durante l&#8217;utilizzo di questa app. Tranne questo problema, SPL \u00e8 la scelta migliore per tutti!<\/p>\n<p><strong>Sangeetha&#8221;Accedi facilmente ai tuoi preferiti&#8221;<\/strong><br \/>\n<strong>Commenti<\/strong>: Esistono molti motivi diversi per utilizzare una VPN. Il motivo pi\u00f9 comune \u00e8 l&#8217;anonimato online in base al quale \u00e8 possibile accedere a Internet in uno spazio crittografato che protegge la privacy delle tue azioni e, pi\u00f9 specificamente, delle informazioni che invii online.<br \/>\n<strong>Pro<\/strong>: Una VPN SPL crittografa i dati e mantiene le attivit\u00e0 private pi\u00f9 sicure ovunque tu sia, sia che navighi sul web a casa, al lavoro o tramite Wi-Fi pubblico.<br \/>\n<strong>Contro<\/strong>: alcune VPN SPL possono rallentare la velocit\u00e0 di connessione in sovraccarico aggiungendo crittografia. A parte questo, ad altri potrebbe essere impedito l&#8217;accesso a determinati servizi come Netflix o determinati siti Web.<\/p>\n","protected":false},"excerpt":{"rendered":"<p>SPL VPN \u00e8 un&#8217;applicazione VPN per Android che offre una soluzione definitiva a tutti i tuoi problemi di privacy. Nasconde il tuo indirizzo IP e protegge la tua identit\u00e0 durante la navigazione su Internet. Prova l&#8217;app VPN lite sicura, illimitata e con la connessione superveloce con un solo tocco. Oltre a ci\u00f2, non \u00e8 richiesta alcuna registrazione.<\/p>\n","protected":false},"author":19,"featured_media":64491,"parent":63881,"menu_order":0,"comment_status":"open","ping_status":"closed","template":"g1_template_page_review_new.php","meta":{"_acf_changed":false,"cwp_meta_box_check":"Yes","cwp_rev_product_name":"","cwp_rev_product_image":"","wppr_links":[],"cwp_rev_price":"0.00","wppr_options":[{"name":"Usability","value":"0"},{"name":"Speed","value":"0"},{"name":"Features","value":"0"},{"name":"Support","value":"0"},{"name":"Pricing","value":"0"}],"wppr_pros":["","","","",""],"wppr_cons":["","","","",""],"_monsterinsights_skip_tracking":false,"_monsterinsights_sitenote_active":false,"_monsterinsights_sitenote_note":"","_monsterinsights_sitenote_category":0,"footnotes":""},"categories":[13730],"tags":[13736,13735,13734,13742,13732,13733,13808,13739],"features":[],"class_list":{"0":"post-64488","1":"page","2":"type-page","3":"status-publish","4":"has-post-thumbnail","6":"category-software-vpn-cat","7":"tag-app-vpn","8":"tag-piattaforma-vpn","9":"tag-programma-vpn","10":"tag-rete-virtuale-privata","11":"tag-software-vpn","12":"tag-soluzione-vpn","13":"tag-spl-vpn","14":"tag-virtual-private-network"},"wppr_data":{"cwp_meta_box_check":"Yes","_wppr_review_template":"default","cwp_rev_product_image":"","cwp_image_link":"image","wppr_links":[],"cwp_rev_price":"0.00","wppr_pros":["","","","",""],"wppr_cons":["","","","",""],"wppr_rating":"0.00","wppr_options":{"1":{"name":"Usability","value":"0"},"2":{"name":"Speed","value":"0"},"3":{"name":"Features","value":"0"},"4":{"name":"Support","value":"0"},"5":{"name":"Pricing","value":"0"}},"wppr_review_type":"Product","wppr_review_custom_fields":{"additionalProperty":"","additionalType":"","aggregateRating":"","alternateName":"","audience":"","award":"","awards":"","brand":"","color":"","depth":"","description":"","disambiguatingDescription":"","gtin12":"","gtin13":"","gtin14":"","gtin8":"","height":"","identifier":"","image":"","isAccessoryOrSparePartFor":"","isConsumableFor":"","isRelatedTo":"","isSimilarTo":"","itemCondition":"","logo":"","mainEntityOfPage":"","manufacturer":"","material":"","model":"","mpn":"","name":"","offers":"","potentialAction":"","productID":"","productionDate":"","purchaseDate":"","releaseDate":"","review":"","reviews":"","sameAs":"","sku":"","slogan":"","subjectOf":"","url":"","weight":"","width":""}},"acf":[],"yoast_head":"<!-- This site is optimized with the Yoast SEO plugin v27.4 - https:\/\/yoast.com\/product\/yoast-seo-wordpress\/ -->\n<title>SPL VPN: recensione software VPN - Accurate Reviews<\/title>\n<meta name=\"description\" content=\"SPL VPN: recensione applicazione VPN per Android che offre una soluzione definitiva a tutti i tuoi problemi di privacy.\" \/>\n<meta name=\"robots\" content=\"index, follow, max-snippet:-1, max-image-preview:large, max-video-preview:-1\" \/>\n<link rel=\"canonical\" href=\"https:\/\/www.accuratereviews.com\/it\/software-vpn\/spl-vpn-recensione\/\" \/>\n<meta property=\"og:locale\" content=\"it_IT\" \/>\n<meta property=\"og:type\" content=\"article\" \/>\n<meta property=\"og:title\" content=\"SPL VPN: recensione software VPN - Accurate Reviews\" \/>\n<meta property=\"og:description\" content=\"SPL VPN: recensione applicazione VPN per Android che offre una soluzione definitiva a tutti i tuoi problemi di privacy.\" \/>\n<meta property=\"og:url\" content=\"https:\/\/www.accuratereviews.com\/it\/software-vpn\/spl-vpn-recensione\/\" \/>\n<meta property=\"og:site_name\" content=\"Accurate Reviews\" \/>\n<meta property=\"article:modified_time\" content=\"2022-11-29T17:05:15+00:00\" \/>\n<meta property=\"og:image\" content=\"https:\/\/www.accuratereviews.com\/wp-content\/uploads\/2022\/11\/SPL-VPN.png\" \/>\n\t<meta property=\"og:image:width\" content=\"512\" \/>\n\t<meta property=\"og:image:height\" content=\"512\" \/>\n\t<meta property=\"og:image:type\" content=\"image\/png\" \/>\n<meta name=\"twitter:card\" content=\"summary_large_image\" \/>\n<meta name=\"twitter:label1\" content=\"Tempo di lettura stimato\" \/>\n\t<meta name=\"twitter:data1\" content=\"4 minuti\" \/>\n<script type=\"application\/ld+json\" class=\"yoast-schema-graph\">{\"@context\":\"https:\\\/\\\/schema.org\",\"@graph\":[{\"@type\":\"WebPage\",\"@id\":\"https:\\\/\\\/www.accuratereviews.com\\\/it\\\/software-vpn\\\/spl-vpn-recensione\\\/\",\"url\":\"https:\\\/\\\/www.accuratereviews.com\\\/it\\\/software-vpn\\\/spl-vpn-recensione\\\/\",\"name\":\"SPL VPN: recensione software VPN - Accurate Reviews\",\"isPartOf\":{\"@id\":\"https:\\\/\\\/www.accuratereviews.com\\\/it\\\/#website\"},\"primaryImageOfPage\":{\"@id\":\"https:\\\/\\\/www.accuratereviews.com\\\/it\\\/software-vpn\\\/spl-vpn-recensione\\\/#primaryimage\"},\"image\":{\"@id\":\"https:\\\/\\\/www.accuratereviews.com\\\/it\\\/software-vpn\\\/spl-vpn-recensione\\\/#primaryimage\"},\"thumbnailUrl\":\"https:\\\/\\\/www.accuratereviews.com\\\/wp-content\\\/uploads\\\/2022\\\/11\\\/SPL-VPN.png\",\"datePublished\":\"2022-11-29T16:57:57+00:00\",\"dateModified\":\"2022-11-29T17:05:15+00:00\",\"description\":\"SPL VPN: recensione applicazione VPN per Android che offre una soluzione definitiva a tutti i tuoi problemi di privacy.\",\"breadcrumb\":{\"@id\":\"https:\\\/\\\/www.accuratereviews.com\\\/it\\\/software-vpn\\\/spl-vpn-recensione\\\/#breadcrumb\"},\"inLanguage\":\"it-IT\",\"potentialAction\":[{\"@type\":\"ReadAction\",\"target\":[\"https:\\\/\\\/www.accuratereviews.com\\\/it\\\/software-vpn\\\/spl-vpn-recensione\\\/\"]}]},{\"@type\":\"ImageObject\",\"inLanguage\":\"it-IT\",\"@id\":\"https:\\\/\\\/www.accuratereviews.com\\\/it\\\/software-vpn\\\/spl-vpn-recensione\\\/#primaryimage\",\"url\":\"https:\\\/\\\/www.accuratereviews.com\\\/wp-content\\\/uploads\\\/2022\\\/11\\\/SPL-VPN.png\",\"contentUrl\":\"https:\\\/\\\/www.accuratereviews.com\\\/wp-content\\\/uploads\\\/2022\\\/11\\\/SPL-VPN.png\",\"width\":512,\"height\":512},{\"@type\":\"BreadcrumbList\",\"@id\":\"https:\\\/\\\/www.accuratereviews.com\\\/it\\\/software-vpn\\\/spl-vpn-recensione\\\/#breadcrumb\",\"itemListElement\":[{\"@type\":\"ListItem\",\"position\":1,\"name\":\"Home\",\"item\":\"https:\\\/\\\/www.accuratereviews.com\\\/it\\\/\"},{\"@type\":\"ListItem\",\"position\":2,\"name\":\"Software VPN\",\"item\":\"https:\\\/\\\/www.accuratereviews.com\\\/it\\\/software-vpn\\\/\"},{\"@type\":\"ListItem\",\"position\":3,\"name\":\"SPL VPN\"}]},{\"@type\":\"WebSite\",\"@id\":\"https:\\\/\\\/www.accuratereviews.com\\\/it\\\/#website\",\"url\":\"https:\\\/\\\/www.accuratereviews.com\\\/it\\\/\",\"name\":\"Accurate Reviews\",\"description\":\"\",\"potentialAction\":[{\"@type\":\"SearchAction\",\"target\":{\"@type\":\"EntryPoint\",\"urlTemplate\":\"https:\\\/\\\/www.accuratereviews.com\\\/it\\\/?s={search_term_string}\"},\"query-input\":{\"@type\":\"PropertyValueSpecification\",\"valueRequired\":true,\"valueName\":\"search_term_string\"}}],\"inLanguage\":\"it-IT\"}]}<\/script>\n<!-- \/ Yoast SEO plugin. -->","yoast_head_json":{"title":"SPL VPN: recensione software VPN - Accurate Reviews","description":"SPL VPN: recensione applicazione VPN per Android che offre una soluzione definitiva a tutti i tuoi problemi di privacy.","robots":{"index":"index","follow":"follow","max-snippet":"max-snippet:-1","max-image-preview":"max-image-preview:large","max-video-preview":"max-video-preview:-1"},"canonical":"https:\/\/www.accuratereviews.com\/it\/software-vpn\/spl-vpn-recensione\/","og_locale":"it_IT","og_type":"article","og_title":"SPL VPN: recensione software VPN - Accurate Reviews","og_description":"SPL VPN: recensione applicazione VPN per Android che offre una soluzione definitiva a tutti i tuoi problemi di privacy.","og_url":"https:\/\/www.accuratereviews.com\/it\/software-vpn\/spl-vpn-recensione\/","og_site_name":"Accurate Reviews","article_modified_time":"2022-11-29T17:05:15+00:00","og_image":[{"width":512,"height":512,"url":"https:\/\/www.accuratereviews.com\/wp-content\/uploads\/2022\/11\/SPL-VPN.png","type":"image\/png"}],"twitter_card":"summary_large_image","twitter_misc":{"Tempo di lettura stimato":"4 minuti"},"schema":{"@context":"https:\/\/schema.org","@graph":[{"@type":"WebPage","@id":"https:\/\/www.accuratereviews.com\/it\/software-vpn\/spl-vpn-recensione\/","url":"https:\/\/www.accuratereviews.com\/it\/software-vpn\/spl-vpn-recensione\/","name":"SPL VPN: recensione software VPN - Accurate Reviews","isPartOf":{"@id":"https:\/\/www.accuratereviews.com\/it\/#website"},"primaryImageOfPage":{"@id":"https:\/\/www.accuratereviews.com\/it\/software-vpn\/spl-vpn-recensione\/#primaryimage"},"image":{"@id":"https:\/\/www.accuratereviews.com\/it\/software-vpn\/spl-vpn-recensione\/#primaryimage"},"thumbnailUrl":"https:\/\/www.accuratereviews.com\/wp-content\/uploads\/2022\/11\/SPL-VPN.png","datePublished":"2022-11-29T16:57:57+00:00","dateModified":"2022-11-29T17:05:15+00:00","description":"SPL VPN: recensione applicazione VPN per Android che offre una soluzione definitiva a tutti i tuoi problemi di privacy.","breadcrumb":{"@id":"https:\/\/www.accuratereviews.com\/it\/software-vpn\/spl-vpn-recensione\/#breadcrumb"},"inLanguage":"it-IT","potentialAction":[{"@type":"ReadAction","target":["https:\/\/www.accuratereviews.com\/it\/software-vpn\/spl-vpn-recensione\/"]}]},{"@type":"ImageObject","inLanguage":"it-IT","@id":"https:\/\/www.accuratereviews.com\/it\/software-vpn\/spl-vpn-recensione\/#primaryimage","url":"https:\/\/www.accuratereviews.com\/wp-content\/uploads\/2022\/11\/SPL-VPN.png","contentUrl":"https:\/\/www.accuratereviews.com\/wp-content\/uploads\/2022\/11\/SPL-VPN.png","width":512,"height":512},{"@type":"BreadcrumbList","@id":"https:\/\/www.accuratereviews.com\/it\/software-vpn\/spl-vpn-recensione\/#breadcrumb","itemListElement":[{"@type":"ListItem","position":1,"name":"Home","item":"https:\/\/www.accuratereviews.com\/it\/"},{"@type":"ListItem","position":2,"name":"Software VPN","item":"https:\/\/www.accuratereviews.com\/it\/software-vpn\/"},{"@type":"ListItem","position":3,"name":"SPL VPN"}]},{"@type":"WebSite","@id":"https:\/\/www.accuratereviews.com\/it\/#website","url":"https:\/\/www.accuratereviews.com\/it\/","name":"Accurate Reviews","description":"","potentialAction":[{"@type":"SearchAction","target":{"@type":"EntryPoint","urlTemplate":"https:\/\/www.accuratereviews.com\/it\/?s={search_term_string}"},"query-input":{"@type":"PropertyValueSpecification","valueRequired":true,"valueName":"search_term_string"}}],"inLanguage":"it-IT"}]}},"_links":{"self":[{"href":"https:\/\/www.accuratereviews.com\/it\/wp-json\/wp\/v2\/pages\/64488","targetHints":{"allow":["GET"]}}],"collection":[{"href":"https:\/\/www.accuratereviews.com\/it\/wp-json\/wp\/v2\/pages"}],"about":[{"href":"https:\/\/www.accuratereviews.com\/it\/wp-json\/wp\/v2\/types\/page"}],"author":[{"embeddable":true,"href":"https:\/\/www.accuratereviews.com\/it\/wp-json\/wp\/v2\/users\/19"}],"replies":[{"embeddable":true,"href":"https:\/\/www.accuratereviews.com\/it\/wp-json\/wp\/v2\/comments?post=64488"}],"version-history":[{"count":12,"href":"https:\/\/www.accuratereviews.com\/it\/wp-json\/wp\/v2\/pages\/64488\/revisions"}],"predecessor-version":[{"id":64519,"href":"https:\/\/www.accuratereviews.com\/it\/wp-json\/wp\/v2\/pages\/64488\/revisions\/64519"}],"up":[{"embeddable":true,"href":"https:\/\/www.accuratereviews.com\/it\/wp-json\/wp\/v2\/pages\/63881"}],"wp:featuredmedia":[{"embeddable":true,"href":"https:\/\/www.accuratereviews.com\/it\/wp-json\/wp\/v2\/media\/64491"}],"wp:attachment":[{"href":"https:\/\/www.accuratereviews.com\/it\/wp-json\/wp\/v2\/media?parent=64488"}],"wp:term":[{"taxonomy":"category","embeddable":true,"href":"https:\/\/www.accuratereviews.com\/it\/wp-json\/wp\/v2\/categories?post=64488"},{"taxonomy":"post_tag","embeddable":true,"href":"https:\/\/www.accuratereviews.com\/it\/wp-json\/wp\/v2\/tags?post=64488"},{"taxonomy":"features","embeddable":true,"href":"https:\/\/www.accuratereviews.com\/it\/wp-json\/wp\/v2\/features?post=64488"}],"curies":[{"name":"wp","href":"https:\/\/api.w.org\/{rel}","templated":true}]}}