{"id":64602,"date":"2022-12-01T12:53:40","date_gmt":"2022-12-01T12:53:40","guid":{"rendered":"https:\/\/www.accuratereviews.com\/?page_id=64602"},"modified":"2022-12-07T07:32:23","modified_gmt":"2022-12-07T07:32:23","slug":"google-chrome-recensione","status":"publish","type":"page","link":"https:\/\/www.accuratereviews.com\/it\/browser\/google-chrome-recensione\/","title":{"rendered":"Google Chrome"},"content":{"rendered":"<p><strong>Google Chrome<\/strong> \u00e8 un <strong>browser<\/strong> multipiattaforma sicuro che offre potenti funzionalit\u00e0 di ricerca avanzate e veloci.\u00a0Basato su <strong>Chromium<\/strong>, offre agli utenti la potenza di Google Apps come Google Pay, Google Assistant e Gmail, per rimanere produttivi e lavorare in modo pi\u00f9 efficiente.<br \/>\n<strong>Chrome<\/strong> consente inoltre agli utenti di personalizzare l&#8217;esperienza del browser con temi web ed estensioni.<\/p>\n<h2>GOOGLE CHROME &#8211; TUTORIAL<\/h2>\n<div id=\"fluid-wrapper-counter-1\" class=\"g1-fluid-wrapper \" style=\"width:686px;\">\n<div style=\"padding-bottom:56.268221574344%;\"><iframe loading=\"lazy\" title=\"\ud83d\udd25Le Migliori 8 Estensioni per Google Chrome nel 2022 - Estensioni MUST HAVE\" width=\"686\" height=\"386\" src=\"https:\/\/www.youtube.com\/embed\/Bu09heBUP8U?feature=oembed&amp;wmode=transparent&amp;autohide=1&amp;autoplay=0&amp;disablekb=0&amp;fs=1&amp;loop=0&amp;enablejsapi=1&amp;rel=0&amp;controls=2&amp;showinfo=0&amp;wmode=transparent&amp;autohide=2&amp;autoplay=0&amp;disablekb=0&amp;fs=1&amp;loop=0&amp;enablejsapi=1&amp;rel=0&amp;controls=2&amp;showinfo=1\" frameborder=\"0\" allow=\"accelerometer; autoplay; clipboard-write; encrypted-media; gyroscope; picture-in-picture\" allowfullscreen><\/iframe><\/div>\n<\/div>\n<h3>GOOGLE CHROME &#8211; CARATTERISTICHE<\/h3>\n<ul>\n<li class=\"chr-product-card__title chr-headline-3\"><strong>Gmail<\/strong>: con questa funzione\u00a0puoi controllare la tua casella Gmail, cercare i messaggi e persino rispondere alle email quando sei senza connessione a Internet.<\/li>\n<li class=\"chr-product-card__title chr-headline-3\"><strong>Documenti<\/strong>:\u00a0puoi creare, modificare e accedere ai file offline da Documenti, Presentazioni, Fogli e Drive.<\/li>\n<li class=\"chr-product-card__title chr-headline-3\"><strong>Google Pay<\/strong>: effettuare pagamenti \u00e8 sicuro e pratico con Google Pay. Accedi al browser per utilizzare facilmente i metodi di pagamento che hai salvato nel tuo Account Google.<\/li>\n<li class=\"chr-product-card__title chr-headline-3\"><strong>Traduttore: <\/strong>traduci un intero sito web con un solo clic. Accedi a Google Traduttore direttamente dalla barra di ricerca di Chrome, oppure fai clic con il pulsante destro del mouse su una delle pagine che vuoi tradurre.<\/li>\n<li class=\"chr-headline-3 chr-reversible__heading\"><strong>Strumenti rapidi e intuitivi per la navigazione:<\/strong> dal controllo delle password alla modalit\u00e0 Buio fino alla barra degli indirizzi di Google, il programma ti aiuta a svolgere le attivit\u00e0 e a mantenere la sicurezza online.<\/li>\n<li class=\"chr-headline-3 chr-reversible__heading\"><strong>Suggerimenti fondamentali che dovresti conoscere<\/strong>: sincronizza la soluzione su pi\u00f9 dispositivi, impara le scorciatoie da tastiera, organizza le schede e altro ancora con suggerimenti che ti aiuteranno a usare al meglio il tuo browser facendoti risparmiare tempo.<\/li>\n<li class=\"chr-headline-3 chr-reversible__heading\"><strong>Leggi articoli selezionati appositamente per te<\/strong>: quando utilizzi il tuo telefono, il browser porta alla tua attenzione articoli, blog e contenuti presenti sul web, su misura per i tuoi interessi.<\/li>\n<\/ul>\n<h4>LE RECENSIONI DEGLI UTENTI<\/h4>\n<p><strong>Alessia&#8221;Il miglior browser&#8221;<\/strong><br \/>\n<strong>Pro<\/strong>: Anni fa sui social girava un video divertente nel quale si confrontavano gli ultimi vent&#8217;anni e l&#8217;uso dei vari browser da parte degli utenti di tutto il mondo. Il dato pi\u00f9 significato \u00e8 che Chrome \u00e8 riuscito ad imporsi nelle preferenze di coloro che utilizzavano Internet Explorer e Mozilla. Praticamente \u00e8 diventato leader indiscusso a livello mondiale. Vieni mai? Penso che sia stato per la velocit\u00e0 di ricerca, per la grafica, per le marketing e di sicuro per una quantit\u00e0 di fattori che io non sono in grado di valutare. Ma ricordo che quando passai da Mozilla a Chrome (l&#8217;anno preciso non lo rammento ora, di sicuro prima del 2010) sentii subito la differenza e non abbandonai mai pi\u00f9 la scelta.<br \/>\n<strong>Contro<\/strong>: Non sono in grado di percepirne anche perch\u00e9 gli altri broswer sono nettamente inferiori&#8230; dunque \u00e8 una battaglia persa in partenza&#8230;<br \/>\n<strong>Alessandro&#8221;Il mio browser preferito&#8221;<\/strong><br \/>\n<strong>Commenti<\/strong>: Chrome offre poche sorprese. Dopo tutto, questo \u00e8 un software progettato per visualizzare le pagine Web. Chrome fa un ottimo lavoro nel passare in secondo piano: \u00e8 meravigliosamente minimalista.<br \/>\n<strong>Pro<\/strong>: Google Chrome \u00e8 veloce e molto efficiente. Fantastico che sincronizzi impostazioni e segnalibri tra computer e persino dispositivi diversi grazie alle versioni mobili del browser. Gli aggiornamenti non disturbano il funzionamento.<br \/>\n<strong>Contro<\/strong>: Trovo macchinoso addentrarsi nelle preferenze ed anche il solo cancellare cookies e cache<br \/>\n<strong>Francesca&#8221;Software veloce e intuitivo per fare tantissime ricerche&#8221;<\/strong><br \/>\n<strong>Pro<\/strong>: Intuitivo e molto veloce nel trovare tutto ci\u00f2 che ti serve, ben integrato con gli strumenti collaborativi per avere tutto a portata di mano e salvare link schede in un unico posto.<br \/>\n<strong>Contro<\/strong>: A volte se si salva un contenuto nei preferiti \u00e8 difficile da trovare e a volte non si salva e bisogna rifare la procedura. Per il resto nessun inconveniente da segnalare.<\/p>\n","protected":false},"excerpt":{"rendered":"<p>Google Chrome \u00e8 un browser multipiattaforma sicuro che offre la potenza delle funzionalit\u00e0 di ricerca avanzate e veloci.\u00a0Basato su Chromium offre agli utenti la potenza di Google Apps come Google Pay, Google Assistant e Gmail, per rimanere produttivi e lavorare in modo pi\u00f9 efficiente.<\/p>\n","protected":false},"author":19,"featured_media":64603,"parent":64530,"menu_order":0,"comment_status":"open","ping_status":"closed","template":"g1_template_page_review_new.php","meta":{"_acf_changed":false,"cwp_meta_box_check":"Yes","cwp_rev_product_name":"","cwp_rev_product_image":"","wppr_links":[],"cwp_rev_price":"0.00","wppr_options":[{"name":"Usability","value":"0"},{"name":"Speed","value":"0"},{"name":"Features","value":"0"},{"name":"Support","value":"0"},{"name":"Pricing","value":"0"}],"wppr_pros":["","","","",""],"wppr_cons":["","","","",""],"_monsterinsights_skip_tracking":false,"_monsterinsights_sitenote_active":false,"_monsterinsights_sitenote_note":"","_monsterinsights_sitenote_category":0,"footnotes":""},"categories":[13813],"tags":[13815,13828,428,429,13827,13825,13826],"features":[],"class_list":{"0":"post-64602","1":"page","2":"type-page","3":"status-publish","4":"has-post-thumbnail","6":"category-browser-categoria","7":"tag-browser","8":"tag-chromium","9":"tag-gmail","10":"tag-google-apps","11":"tag-google-assistant","12":"tag-google-chrome","13":"tag-google-pay"},"wppr_data":{"cwp_meta_box_check":"Yes","_wppr_review_template":"default","cwp_rev_product_image":"","cwp_image_link":"image","wppr_links":[],"cwp_rev_price":"0.00","wppr_pros":["","","","",""],"wppr_cons":["","","","",""],"wppr_rating":"0.00","wppr_options":{"1":{"name":"Usability","value":"0"},"2":{"name":"Speed","value":"0"},"3":{"name":"Features","value":"0"},"4":{"name":"Support","value":"0"},"5":{"name":"Pricing","value":"0"}},"wppr_review_type":"Product","wppr_review_custom_fields":{"additionalProperty":"","additionalType":"","aggregateRating":"","alternateName":"","audience":"","award":"","awards":"","brand":"","color":"","depth":"","description":"","disambiguatingDescription":"","gtin12":"","gtin13":"","gtin14":"","gtin8":"","height":"","identifier":"","image":"","isAccessoryOrSparePartFor":"","isConsumableFor":"","isRelatedTo":"","isSimilarTo":"","itemCondition":"","logo":"","mainEntityOfPage":"","manufacturer":"","material":"","model":"","mpn":"","name":"","offers":"","potentialAction":"","productID":"","productionDate":"","purchaseDate":"","releaseDate":"","review":"","reviews":"","sameAs":"","sku":"","slogan":"","subjectOf":"","url":"","weight":"","width":""}},"acf":[],"yoast_head":"<!-- This site is optimized with the Yoast SEO plugin v27.4 - https:\/\/yoast.com\/product\/yoast-seo-wordpress\/ -->\n<title>Google Chrome: recensione browser - Accurate Reviews<\/title>\n<meta name=\"description\" content=\"Google Chrome: recensione browser multipiattaforma sicuro che offre la potenza delle funzionalit\u00e0 di ricerca avanzate e veloci.\u00a0\" \/>\n<meta name=\"robots\" content=\"index, follow, max-snippet:-1, max-image-preview:large, max-video-preview:-1\" \/>\n<link rel=\"canonical\" href=\"https:\/\/www.accuratereviews.com\/it\/browser\/google-chrome-recensione\/\" \/>\n<meta property=\"og:locale\" content=\"it_IT\" \/>\n<meta property=\"og:type\" content=\"article\" \/>\n<meta property=\"og:title\" content=\"Google Chrome: recensione browser - Accurate Reviews\" \/>\n<meta property=\"og:description\" content=\"Google Chrome: recensione browser multipiattaforma sicuro che offre la potenza delle funzionalit\u00e0 di ricerca avanzate e veloci.\u00a0\" \/>\n<meta property=\"og:url\" content=\"https:\/\/www.accuratereviews.com\/it\/browser\/google-chrome-recensione\/\" \/>\n<meta property=\"og:site_name\" content=\"Accurate Reviews\" \/>\n<meta property=\"article:modified_time\" content=\"2022-12-07T07:32:23+00:00\" \/>\n<meta property=\"og:image\" content=\"https:\/\/www.accuratereviews.com\/wp-content\/uploads\/2022\/12\/google-chrome-logo-95B6A0B483-seeklogo.com_.png\" \/>\n\t<meta property=\"og:image:width\" content=\"299\" \/>\n\t<meta property=\"og:image:height\" content=\"300\" \/>\n\t<meta property=\"og:image:type\" content=\"image\/png\" \/>\n<meta name=\"twitter:card\" content=\"summary_large_image\" \/>\n<meta name=\"twitter:label1\" content=\"Tempo di lettura stimato\" \/>\n\t<meta name=\"twitter:data1\" content=\"4 minuti\" \/>\n<script type=\"application\/ld+json\" class=\"yoast-schema-graph\">{\"@context\":\"https:\\\/\\\/schema.org\",\"@graph\":[{\"@type\":\"WebPage\",\"@id\":\"https:\\\/\\\/www.accuratereviews.com\\\/it\\\/browser\\\/google-chrome-recensione\\\/\",\"url\":\"https:\\\/\\\/www.accuratereviews.com\\\/it\\\/browser\\\/google-chrome-recensione\\\/\",\"name\":\"Google Chrome: recensione browser - Accurate Reviews\",\"isPartOf\":{\"@id\":\"https:\\\/\\\/www.accuratereviews.com\\\/it\\\/#website\"},\"primaryImageOfPage\":{\"@id\":\"https:\\\/\\\/www.accuratereviews.com\\\/it\\\/browser\\\/google-chrome-recensione\\\/#primaryimage\"},\"image\":{\"@id\":\"https:\\\/\\\/www.accuratereviews.com\\\/it\\\/browser\\\/google-chrome-recensione\\\/#primaryimage\"},\"thumbnailUrl\":\"https:\\\/\\\/www.accuratereviews.com\\\/wp-content\\\/uploads\\\/2022\\\/12\\\/google-chrome-logo-95B6A0B483-seeklogo.com_.png\",\"datePublished\":\"2022-12-01T12:53:40+00:00\",\"dateModified\":\"2022-12-07T07:32:23+00:00\",\"description\":\"Google Chrome: recensione browser multipiattaforma sicuro che offre la potenza delle funzionalit\u00e0 di ricerca avanzate e veloci.\u00a0\",\"breadcrumb\":{\"@id\":\"https:\\\/\\\/www.accuratereviews.com\\\/it\\\/browser\\\/google-chrome-recensione\\\/#breadcrumb\"},\"inLanguage\":\"it-IT\",\"potentialAction\":[{\"@type\":\"ReadAction\",\"target\":[\"https:\\\/\\\/www.accuratereviews.com\\\/it\\\/browser\\\/google-chrome-recensione\\\/\"]}]},{\"@type\":\"ImageObject\",\"inLanguage\":\"it-IT\",\"@id\":\"https:\\\/\\\/www.accuratereviews.com\\\/it\\\/browser\\\/google-chrome-recensione\\\/#primaryimage\",\"url\":\"https:\\\/\\\/www.accuratereviews.com\\\/wp-content\\\/uploads\\\/2022\\\/12\\\/google-chrome-logo-95B6A0B483-seeklogo.com_.png\",\"contentUrl\":\"https:\\\/\\\/www.accuratereviews.com\\\/wp-content\\\/uploads\\\/2022\\\/12\\\/google-chrome-logo-95B6A0B483-seeklogo.com_.png\",\"width\":299,\"height\":300},{\"@type\":\"BreadcrumbList\",\"@id\":\"https:\\\/\\\/www.accuratereviews.com\\\/it\\\/browser\\\/google-chrome-recensione\\\/#breadcrumb\",\"itemListElement\":[{\"@type\":\"ListItem\",\"position\":1,\"name\":\"Home\",\"item\":\"https:\\\/\\\/www.accuratereviews.com\\\/it\\\/\"},{\"@type\":\"ListItem\",\"position\":2,\"name\":\"Browser\",\"item\":\"https:\\\/\\\/www.accuratereviews.com\\\/it\\\/browser\\\/\"},{\"@type\":\"ListItem\",\"position\":3,\"name\":\"Google Chrome\"}]},{\"@type\":\"WebSite\",\"@id\":\"https:\\\/\\\/www.accuratereviews.com\\\/it\\\/#website\",\"url\":\"https:\\\/\\\/www.accuratereviews.com\\\/it\\\/\",\"name\":\"Accurate Reviews\",\"description\":\"\",\"potentialAction\":[{\"@type\":\"SearchAction\",\"target\":{\"@type\":\"EntryPoint\",\"urlTemplate\":\"https:\\\/\\\/www.accuratereviews.com\\\/it\\\/?s={search_term_string}\"},\"query-input\":{\"@type\":\"PropertyValueSpecification\",\"valueRequired\":true,\"valueName\":\"search_term_string\"}}],\"inLanguage\":\"it-IT\"}]}<\/script>\n<!-- \/ Yoast SEO plugin. -->","yoast_head_json":{"title":"Google Chrome: recensione browser - Accurate Reviews","description":"Google Chrome: recensione browser multipiattaforma sicuro che offre la potenza delle funzionalit\u00e0 di ricerca avanzate e veloci.\u00a0","robots":{"index":"index","follow":"follow","max-snippet":"max-snippet:-1","max-image-preview":"max-image-preview:large","max-video-preview":"max-video-preview:-1"},"canonical":"https:\/\/www.accuratereviews.com\/it\/browser\/google-chrome-recensione\/","og_locale":"it_IT","og_type":"article","og_title":"Google Chrome: recensione browser - Accurate Reviews","og_description":"Google Chrome: recensione browser multipiattaforma sicuro che offre la potenza delle funzionalit\u00e0 di ricerca avanzate e veloci.\u00a0","og_url":"https:\/\/www.accuratereviews.com\/it\/browser\/google-chrome-recensione\/","og_site_name":"Accurate Reviews","article_modified_time":"2022-12-07T07:32:23+00:00","og_image":[{"width":299,"height":300,"url":"https:\/\/www.accuratereviews.com\/wp-content\/uploads\/2022\/12\/google-chrome-logo-95B6A0B483-seeklogo.com_.png","type":"image\/png"}],"twitter_card":"summary_large_image","twitter_misc":{"Tempo di lettura stimato":"4 minuti"},"schema":{"@context":"https:\/\/schema.org","@graph":[{"@type":"WebPage","@id":"https:\/\/www.accuratereviews.com\/it\/browser\/google-chrome-recensione\/","url":"https:\/\/www.accuratereviews.com\/it\/browser\/google-chrome-recensione\/","name":"Google Chrome: recensione browser - Accurate Reviews","isPartOf":{"@id":"https:\/\/www.accuratereviews.com\/it\/#website"},"primaryImageOfPage":{"@id":"https:\/\/www.accuratereviews.com\/it\/browser\/google-chrome-recensione\/#primaryimage"},"image":{"@id":"https:\/\/www.accuratereviews.com\/it\/browser\/google-chrome-recensione\/#primaryimage"},"thumbnailUrl":"https:\/\/www.accuratereviews.com\/wp-content\/uploads\/2022\/12\/google-chrome-logo-95B6A0B483-seeklogo.com_.png","datePublished":"2022-12-01T12:53:40+00:00","dateModified":"2022-12-07T07:32:23+00:00","description":"Google Chrome: recensione browser multipiattaforma sicuro che offre la potenza delle funzionalit\u00e0 di ricerca avanzate e veloci.\u00a0","breadcrumb":{"@id":"https:\/\/www.accuratereviews.com\/it\/browser\/google-chrome-recensione\/#breadcrumb"},"inLanguage":"it-IT","potentialAction":[{"@type":"ReadAction","target":["https:\/\/www.accuratereviews.com\/it\/browser\/google-chrome-recensione\/"]}]},{"@type":"ImageObject","inLanguage":"it-IT","@id":"https:\/\/www.accuratereviews.com\/it\/browser\/google-chrome-recensione\/#primaryimage","url":"https:\/\/www.accuratereviews.com\/wp-content\/uploads\/2022\/12\/google-chrome-logo-95B6A0B483-seeklogo.com_.png","contentUrl":"https:\/\/www.accuratereviews.com\/wp-content\/uploads\/2022\/12\/google-chrome-logo-95B6A0B483-seeklogo.com_.png","width":299,"height":300},{"@type":"BreadcrumbList","@id":"https:\/\/www.accuratereviews.com\/it\/browser\/google-chrome-recensione\/#breadcrumb","itemListElement":[{"@type":"ListItem","position":1,"name":"Home","item":"https:\/\/www.accuratereviews.com\/it\/"},{"@type":"ListItem","position":2,"name":"Browser","item":"https:\/\/www.accuratereviews.com\/it\/browser\/"},{"@type":"ListItem","position":3,"name":"Google Chrome"}]},{"@type":"WebSite","@id":"https:\/\/www.accuratereviews.com\/it\/#website","url":"https:\/\/www.accuratereviews.com\/it\/","name":"Accurate Reviews","description":"","potentialAction":[{"@type":"SearchAction","target":{"@type":"EntryPoint","urlTemplate":"https:\/\/www.accuratereviews.com\/it\/?s={search_term_string}"},"query-input":{"@type":"PropertyValueSpecification","valueRequired":true,"valueName":"search_term_string"}}],"inLanguage":"it-IT"}]}},"_links":{"self":[{"href":"https:\/\/www.accuratereviews.com\/it\/wp-json\/wp\/v2\/pages\/64602","targetHints":{"allow":["GET"]}}],"collection":[{"href":"https:\/\/www.accuratereviews.com\/it\/wp-json\/wp\/v2\/pages"}],"about":[{"href":"https:\/\/www.accuratereviews.com\/it\/wp-json\/wp\/v2\/types\/page"}],"author":[{"embeddable":true,"href":"https:\/\/www.accuratereviews.com\/it\/wp-json\/wp\/v2\/users\/19"}],"replies":[{"embeddable":true,"href":"https:\/\/www.accuratereviews.com\/it\/wp-json\/wp\/v2\/comments?post=64602"}],"version-history":[{"count":8,"href":"https:\/\/www.accuratereviews.com\/it\/wp-json\/wp\/v2\/pages\/64602\/revisions"}],"predecessor-version":[{"id":64739,"href":"https:\/\/www.accuratereviews.com\/it\/wp-json\/wp\/v2\/pages\/64602\/revisions\/64739"}],"up":[{"embeddable":true,"href":"https:\/\/www.accuratereviews.com\/it\/wp-json\/wp\/v2\/pages\/64530"}],"wp:featuredmedia":[{"embeddable":true,"href":"https:\/\/www.accuratereviews.com\/it\/wp-json\/wp\/v2\/media\/64603"}],"wp:attachment":[{"href":"https:\/\/www.accuratereviews.com\/it\/wp-json\/wp\/v2\/media?parent=64602"}],"wp:term":[{"taxonomy":"category","embeddable":true,"href":"https:\/\/www.accuratereviews.com\/it\/wp-json\/wp\/v2\/categories?post=64602"},{"taxonomy":"post_tag","embeddable":true,"href":"https:\/\/www.accuratereviews.com\/it\/wp-json\/wp\/v2\/tags?post=64602"},{"taxonomy":"features","embeddable":true,"href":"https:\/\/www.accuratereviews.com\/it\/wp-json\/wp\/v2\/features?post=64602"}],"curies":[{"name":"wp","href":"https:\/\/api.w.org\/{rel}","templated":true}]}}