{"id":64631,"date":"2022-12-02T15:35:51","date_gmt":"2022-12-02T15:35:51","guid":{"rendered":"https:\/\/www.accuratereviews.com\/?page_id=64631"},"modified":"2022-12-08T22:56:13","modified_gmt":"2022-12-08T22:56:13","slug":"microsoft-edge-recensione","status":"publish","type":"page","link":"https:\/\/www.accuratereviews.com\/it\/browser\/microsoft-edge-recensione\/","title":{"rendered":"Microsoft Edge"},"content":{"rendered":"<p><strong>Microsoft Edge<\/strong> \u00e8 il<strong> browser Web<\/strong> predefinito per il sistema operativo <strong>Microsoft<\/strong>. Progettato per fornire agli utenti il controllo totale sulle loro esperienze di navigazione, consentendo agli utenti di monitorare prestazioni, compatibilit\u00e0 e velocit\u00e0.\u00a0Per la protezione della navigazione, <strong>Microsoft Edge<\/strong> blocca automaticamente i tracker per aiutare gli utenti a proteggere la privacy e i dati online. Gli strumenti integrati di apprendimento e accessibilit\u00e0 consentono agli utenti di essere pi\u00f9 produttivi e di sfogliare i contenuti in modo pi\u00f9 efficiente.<\/p>\n<h2>MICROSOFT EDGE &#8211; TUTORIAL<\/h2>\n<div id=\"fluid-wrapper-counter-1\" class=\"g1-fluid-wrapper \" style=\"width:686px;\">\n<div style=\"padding-bottom:56.268221574344%;\"><iframe loading=\"lazy\" title=\"15 giorni con EDGE: FANTASTICO! Dovete provarlo!\" width=\"686\" height=\"386\" src=\"https:\/\/www.youtube.com\/embed\/cZ0g8pygX9U?feature=oembed&amp;wmode=transparent&amp;autohide=1&amp;autoplay=0&amp;disablekb=0&amp;fs=1&amp;loop=0&amp;enablejsapi=1&amp;rel=0&amp;controls=2&amp;showinfo=0&amp;wmode=transparent&amp;autohide=2&amp;autoplay=0&amp;disablekb=0&amp;fs=1&amp;loop=0&amp;enablejsapi=1&amp;rel=0&amp;controls=2&amp;showinfo=1\" frameborder=\"0\" allow=\"accelerometer; autoplay; clipboard-write; encrypted-media; gyroscope; picture-in-picture\" allowfullscreen><\/iframe><\/div>\n<\/div>\n<h3>MICROSOFT EDGE &#8211; CARATTERISTICHE<\/h3>\n<ul>\n<li><strong>Ottieni maggiori prestazioni<\/strong>:\u00a0progettato con la velocit\u00e0 e le prestazioni di prim&#8217;ordine di Chromium ed \u00e8 ottimizzato per lavorare al meglio con Windows.<\/li>\n<li><strong>Pi\u00f9 al sicuro online<\/strong>: le funzionalit\u00e0 di sicurezza come SmartScreen, Monitoraggio password, la ricerca InPrivate e la modalit\u00e0 Bambini, ti aiutano a proteggere l&#8217;esperienza online tua e dei tuoi cari.<\/li>\n<li class=\"c-heading\"><strong>Monitoraggio password:<\/strong> in caso di violazioni online, il browser ti avvisa e pu\u00f2 generare e archiviare password complesse sicure.<\/li>\n<li class=\"c-heading\"><strong>Prevenzione del rilevamento<\/strong>: ottieni maggiore controllo sui tuoi dati e vedi i tracker bloccati mentre esplori pagine web.<\/li>\n<li class=\"c-heading\"><strong>Phishing e malware<\/strong>: la solozione\u00a0offre il migliore sistema di protezione da phishing e malware su Windows 11\/10.<\/li>\n<li class=\"c-heading\"><strong>Un browser amico dei bambini<\/strong>:\u00a0ti aiuta a proteggere i tuoi figli online, con sicurezza integrata e design personalizzati creati solo per loro.<\/li>\n<li><strong>Sfrutta al meglio il tuo tempo online<\/strong>: le funzionalit\u00e0 di Raccolte, Schede verticali e Strumento di lettura immersiva ti aiutano a organizzare e sfruttare al meglio il tuo tempo mentre esplori, guardi, cerchi e condividi contenuti ed esegui altre attivit\u00e0 online.<\/li>\n<li><strong>Schede verticali:<\/strong> raggruppa e comprimi le schede per organizzare i tuoi contenuti e creare spazio sullo schermo per la tua concentrazione.<\/li>\n<li><strong>Raccolte<\/strong>: salva pi\u00f9 schede, organizza elenchi, condividi contenuti e sincronizza le tue raccolte fra i dispositivi.<\/li>\n<li><strong>Acquisizione web<\/strong>: acquisisci e contrassegna facilmente o aggiungi commenti ai tuoi screenshot di pagine web con la penna o il tocco.<\/li>\n<li><strong>Strumento di lettura immersiva<\/strong>: ottimizza la tua esperienza di lettura nel web e mantieni la concentrazione sul contenuto del tuo articolo o sito.<\/li>\n<\/ul>\n<h4>LE RECENSIONI DEGLI UTENTI<\/h4>\n<p><strong>Giacomo&#8221;Il navigatore che ha preso piede&#8221;<\/strong><br \/>\n<strong>Commenti<\/strong>: Complessivamente mi ha risolto e risolve molti problemi di compatibilit\u00e0 e soprattutto affianca Chrome quale valido sostituto di Firefox oramai inusabile.<br \/>\n<strong>Pro<\/strong>: La &#8220;piena&#8221; compatibilit\u00e0 con molte WEB APP, come ad esempio le Home Banking. La funzionalit\u00e0 che cerca e applica coupon se stai automaticamente facendo shopping ONLINE. Infine, il browser \u00e8 leggerissimo, integrato in MS WIN e quindi pure gratuito.<br \/>\n<strong>Contro<\/strong>: Sin ora non ho rilevato particolari inconvenienti<\/p>\n<p><strong>Matteo&#8221;Browser web Microsoft&#8221;<\/strong><br \/>\n<strong>Commenti<\/strong>: Ho usato per un periodo questo web browser su piattaforma Apple. Sono poi tornato a Safari esclusivamente per la maggiore integrazione estetica e funzionale su iPhone e iPad.<br \/>\n<strong>Pro<\/strong>: Il browser \u00e8 molto veloce e offre un&#8217;ottima compatibilit\u00e0 con i siti web.<br \/>\n<strong>Contro<\/strong>: Ad oggi non ho riscontato inconvenienti.<\/p>\n<p><strong>Luca&#8221;In rincorsa&#8221;<\/strong><br \/>\n<strong>Pro<\/strong>: Riguardo alla gestione della privacy Microsoft svolge sempre un lavoro eccellente, ottimo quindi per ricerche di lavoro.<br \/>\n<strong>Contro<\/strong>: Nonostante gli ultimi aggiornamenti abbiano dato finalmente nuova linfa ad un browser ormai quasi dimenticato da tutti, la velocit\u00e0 di sincronizzazione continua ancora a peccare, sono per\u00f2 fiducioso.<\/p>\n","protected":false},"excerpt":{"rendered":"<p>Microsoft Edge \u00e8 il browser Web predefinito per il sistema operativo Microsoft. Progettato per fornire agli utenti il controllo totale sulle loro esperienze di navigazione, consentendo agli utenti di monitorare prestazioni, compatibilit\u00e0 e velocit\u00e0.\u00a0Per la protezione della navigazione, Microsoft Edge blocca automaticamente i tracker per aiutare gli utenti a proteggere la privacy e i dati online.<\/p>\n","protected":false},"author":19,"featured_media":64647,"parent":64530,"menu_order":0,"comment_status":"open","ping_status":"closed","template":"g1_template_page_review_new.php","meta":{"_acf_changed":false,"cwp_meta_box_check":"Yes","cwp_rev_product_name":"","cwp_rev_product_image":"","wppr_links":[],"cwp_rev_price":"0.00","wppr_options":[{"name":"Usability","value":"0"},{"name":"Speed","value":"0"},{"name":"Features","value":"0"},{"name":"Support","value":"0"},{"name":"Pricing","value":"0"}],"wppr_pros":["","","","",""],"wppr_cons":["","","","",""],"_monsterinsights_skip_tracking":false,"_monsterinsights_sitenote_active":false,"_monsterinsights_sitenote_note":"","_monsterinsights_sitenote_category":0,"footnotes":""},"categories":[13813],"tags":[13815,13816,13832,13829,13833],"features":[],"class_list":{"0":"post-64631","1":"page","2":"type-page","3":"status-publish","4":"has-post-thumbnail","6":"category-browser-categoria","7":"tag-browser","8":"tag-browser-web","9":"tag-microsoft","10":"tag-microsoft-edge","11":"tag-navigazione-web"},"wppr_data":{"cwp_meta_box_check":"Yes","_wppr_review_template":"default","cwp_rev_product_image":"","cwp_image_link":"image","wppr_links":[],"cwp_rev_price":"0.00","wppr_pros":["","","","",""],"wppr_cons":["","","","",""],"wppr_rating":"0.00","wppr_options":{"1":{"name":"Usability","value":"0"},"2":{"name":"Speed","value":"0"},"3":{"name":"Features","value":"0"},"4":{"name":"Support","value":"0"},"5":{"name":"Pricing","value":"0"}},"wppr_review_type":"Product","wppr_review_custom_fields":{"additionalProperty":"","additionalType":"","aggregateRating":"","alternateName":"","audience":"","award":"","awards":"","brand":"","color":"","depth":"","description":"","disambiguatingDescription":"","gtin12":"","gtin13":"","gtin14":"","gtin8":"","height":"","identifier":"","image":"","isAccessoryOrSparePartFor":"","isConsumableFor":"","isRelatedTo":"","isSimilarTo":"","itemCondition":"","logo":"","mainEntityOfPage":"","manufacturer":"","material":"","model":"","mpn":"","name":"","offers":"","potentialAction":"","productID":"","productionDate":"","purchaseDate":"","releaseDate":"","review":"","reviews":"","sameAs":"","sku":"","slogan":"","subjectOf":"","url":"","weight":"","width":""}},"acf":[],"yoast_head":"<!-- This site is optimized with the Yoast SEO plugin v27.4 - https:\/\/yoast.com\/product\/yoast-seo-wordpress\/ -->\n<title>Microsoft Edge: recensione browser - Accurate Reviews<\/title>\n<meta name=\"description\" content=\"Microsoft Edge: recensione browser web predefinito progettato per fornire il controllo sulle loro esperienze di navigazione.\" \/>\n<meta name=\"robots\" content=\"index, follow, max-snippet:-1, max-image-preview:large, max-video-preview:-1\" \/>\n<link rel=\"canonical\" href=\"https:\/\/www.accuratereviews.com\/it\/browser\/microsoft-edge-recensione\/\" \/>\n<meta property=\"og:locale\" content=\"it_IT\" \/>\n<meta property=\"og:type\" content=\"article\" \/>\n<meta property=\"og:title\" content=\"Microsoft Edge: recensione browser - Accurate Reviews\" \/>\n<meta property=\"og:description\" content=\"Microsoft Edge: recensione browser web predefinito progettato per fornire il controllo sulle loro esperienze di navigazione.\" \/>\n<meta property=\"og:url\" content=\"https:\/\/www.accuratereviews.com\/it\/browser\/microsoft-edge-recensione\/\" \/>\n<meta property=\"og:site_name\" content=\"Accurate Reviews\" \/>\n<meta property=\"article:modified_time\" content=\"2022-12-08T22:56:13+00:00\" \/>\n<meta property=\"og:image\" content=\"https:\/\/www.accuratereviews.com\/wp-content\/uploads\/2022\/12\/Microsoft-Edge.png\" \/>\n\t<meta property=\"og:image:width\" content=\"512\" \/>\n\t<meta property=\"og:image:height\" content=\"512\" \/>\n\t<meta property=\"og:image:type\" content=\"image\/png\" \/>\n<meta name=\"twitter:card\" content=\"summary_large_image\" \/>\n<meta name=\"twitter:label1\" content=\"Tempo di lettura stimato\" \/>\n\t<meta name=\"twitter:data1\" content=\"3 minuti\" \/>\n<script type=\"application\/ld+json\" class=\"yoast-schema-graph\">{\"@context\":\"https:\\\/\\\/schema.org\",\"@graph\":[{\"@type\":\"WebPage\",\"@id\":\"https:\\\/\\\/www.accuratereviews.com\\\/it\\\/browser\\\/microsoft-edge-recensione\\\/\",\"url\":\"https:\\\/\\\/www.accuratereviews.com\\\/it\\\/browser\\\/microsoft-edge-recensione\\\/\",\"name\":\"Microsoft Edge: recensione browser - Accurate Reviews\",\"isPartOf\":{\"@id\":\"https:\\\/\\\/www.accuratereviews.com\\\/it\\\/#website\"},\"primaryImageOfPage\":{\"@id\":\"https:\\\/\\\/www.accuratereviews.com\\\/it\\\/browser\\\/microsoft-edge-recensione\\\/#primaryimage\"},\"image\":{\"@id\":\"https:\\\/\\\/www.accuratereviews.com\\\/it\\\/browser\\\/microsoft-edge-recensione\\\/#primaryimage\"},\"thumbnailUrl\":\"https:\\\/\\\/www.accuratereviews.com\\\/wp-content\\\/uploads\\\/2022\\\/12\\\/Microsoft-Edge.png\",\"datePublished\":\"2022-12-02T15:35:51+00:00\",\"dateModified\":\"2022-12-08T22:56:13+00:00\",\"description\":\"Microsoft Edge: recensione browser web predefinito progettato per fornire il controllo sulle loro esperienze di navigazione.\",\"breadcrumb\":{\"@id\":\"https:\\\/\\\/www.accuratereviews.com\\\/it\\\/browser\\\/microsoft-edge-recensione\\\/#breadcrumb\"},\"inLanguage\":\"it-IT\",\"potentialAction\":[{\"@type\":\"ReadAction\",\"target\":[\"https:\\\/\\\/www.accuratereviews.com\\\/it\\\/browser\\\/microsoft-edge-recensione\\\/\"]}]},{\"@type\":\"ImageObject\",\"inLanguage\":\"it-IT\",\"@id\":\"https:\\\/\\\/www.accuratereviews.com\\\/it\\\/browser\\\/microsoft-edge-recensione\\\/#primaryimage\",\"url\":\"https:\\\/\\\/www.accuratereviews.com\\\/wp-content\\\/uploads\\\/2022\\\/12\\\/Microsoft-Edge.png\",\"contentUrl\":\"https:\\\/\\\/www.accuratereviews.com\\\/wp-content\\\/uploads\\\/2022\\\/12\\\/Microsoft-Edge.png\",\"width\":512,\"height\":512},{\"@type\":\"BreadcrumbList\",\"@id\":\"https:\\\/\\\/www.accuratereviews.com\\\/it\\\/browser\\\/microsoft-edge-recensione\\\/#breadcrumb\",\"itemListElement\":[{\"@type\":\"ListItem\",\"position\":1,\"name\":\"Home\",\"item\":\"https:\\\/\\\/www.accuratereviews.com\\\/it\\\/\"},{\"@type\":\"ListItem\",\"position\":2,\"name\":\"Browser\",\"item\":\"https:\\\/\\\/www.accuratereviews.com\\\/it\\\/browser\\\/\"},{\"@type\":\"ListItem\",\"position\":3,\"name\":\"Microsoft Edge\"}]},{\"@type\":\"WebSite\",\"@id\":\"https:\\\/\\\/www.accuratereviews.com\\\/it\\\/#website\",\"url\":\"https:\\\/\\\/www.accuratereviews.com\\\/it\\\/\",\"name\":\"Accurate Reviews\",\"description\":\"\",\"potentialAction\":[{\"@type\":\"SearchAction\",\"target\":{\"@type\":\"EntryPoint\",\"urlTemplate\":\"https:\\\/\\\/www.accuratereviews.com\\\/it\\\/?s={search_term_string}\"},\"query-input\":{\"@type\":\"PropertyValueSpecification\",\"valueRequired\":true,\"valueName\":\"search_term_string\"}}],\"inLanguage\":\"it-IT\"}]}<\/script>\n<!-- \/ Yoast SEO plugin. -->","yoast_head_json":{"title":"Microsoft Edge: recensione browser - Accurate Reviews","description":"Microsoft Edge: recensione browser web predefinito progettato per fornire il controllo sulle loro esperienze di navigazione.","robots":{"index":"index","follow":"follow","max-snippet":"max-snippet:-1","max-image-preview":"max-image-preview:large","max-video-preview":"max-video-preview:-1"},"canonical":"https:\/\/www.accuratereviews.com\/it\/browser\/microsoft-edge-recensione\/","og_locale":"it_IT","og_type":"article","og_title":"Microsoft Edge: recensione browser - Accurate Reviews","og_description":"Microsoft Edge: recensione browser web predefinito progettato per fornire il controllo sulle loro esperienze di navigazione.","og_url":"https:\/\/www.accuratereviews.com\/it\/browser\/microsoft-edge-recensione\/","og_site_name":"Accurate Reviews","article_modified_time":"2022-12-08T22:56:13+00:00","og_image":[{"width":512,"height":512,"url":"https:\/\/www.accuratereviews.com\/wp-content\/uploads\/2022\/12\/Microsoft-Edge.png","type":"image\/png"}],"twitter_card":"summary_large_image","twitter_misc":{"Tempo di lettura stimato":"3 minuti"},"schema":{"@context":"https:\/\/schema.org","@graph":[{"@type":"WebPage","@id":"https:\/\/www.accuratereviews.com\/it\/browser\/microsoft-edge-recensione\/","url":"https:\/\/www.accuratereviews.com\/it\/browser\/microsoft-edge-recensione\/","name":"Microsoft Edge: recensione browser - Accurate Reviews","isPartOf":{"@id":"https:\/\/www.accuratereviews.com\/it\/#website"},"primaryImageOfPage":{"@id":"https:\/\/www.accuratereviews.com\/it\/browser\/microsoft-edge-recensione\/#primaryimage"},"image":{"@id":"https:\/\/www.accuratereviews.com\/it\/browser\/microsoft-edge-recensione\/#primaryimage"},"thumbnailUrl":"https:\/\/www.accuratereviews.com\/wp-content\/uploads\/2022\/12\/Microsoft-Edge.png","datePublished":"2022-12-02T15:35:51+00:00","dateModified":"2022-12-08T22:56:13+00:00","description":"Microsoft Edge: recensione browser web predefinito progettato per fornire il controllo sulle loro esperienze di navigazione.","breadcrumb":{"@id":"https:\/\/www.accuratereviews.com\/it\/browser\/microsoft-edge-recensione\/#breadcrumb"},"inLanguage":"it-IT","potentialAction":[{"@type":"ReadAction","target":["https:\/\/www.accuratereviews.com\/it\/browser\/microsoft-edge-recensione\/"]}]},{"@type":"ImageObject","inLanguage":"it-IT","@id":"https:\/\/www.accuratereviews.com\/it\/browser\/microsoft-edge-recensione\/#primaryimage","url":"https:\/\/www.accuratereviews.com\/wp-content\/uploads\/2022\/12\/Microsoft-Edge.png","contentUrl":"https:\/\/www.accuratereviews.com\/wp-content\/uploads\/2022\/12\/Microsoft-Edge.png","width":512,"height":512},{"@type":"BreadcrumbList","@id":"https:\/\/www.accuratereviews.com\/it\/browser\/microsoft-edge-recensione\/#breadcrumb","itemListElement":[{"@type":"ListItem","position":1,"name":"Home","item":"https:\/\/www.accuratereviews.com\/it\/"},{"@type":"ListItem","position":2,"name":"Browser","item":"https:\/\/www.accuratereviews.com\/it\/browser\/"},{"@type":"ListItem","position":3,"name":"Microsoft Edge"}]},{"@type":"WebSite","@id":"https:\/\/www.accuratereviews.com\/it\/#website","url":"https:\/\/www.accuratereviews.com\/it\/","name":"Accurate Reviews","description":"","potentialAction":[{"@type":"SearchAction","target":{"@type":"EntryPoint","urlTemplate":"https:\/\/www.accuratereviews.com\/it\/?s={search_term_string}"},"query-input":{"@type":"PropertyValueSpecification","valueRequired":true,"valueName":"search_term_string"}}],"inLanguage":"it-IT"}]}},"_links":{"self":[{"href":"https:\/\/www.accuratereviews.com\/it\/wp-json\/wp\/v2\/pages\/64631","targetHints":{"allow":["GET"]}}],"collection":[{"href":"https:\/\/www.accuratereviews.com\/it\/wp-json\/wp\/v2\/pages"}],"about":[{"href":"https:\/\/www.accuratereviews.com\/it\/wp-json\/wp\/v2\/types\/page"}],"author":[{"embeddable":true,"href":"https:\/\/www.accuratereviews.com\/it\/wp-json\/wp\/v2\/users\/19"}],"replies":[{"embeddable":true,"href":"https:\/\/www.accuratereviews.com\/it\/wp-json\/wp\/v2\/comments?post=64631"}],"version-history":[{"count":8,"href":"https:\/\/www.accuratereviews.com\/it\/wp-json\/wp\/v2\/pages\/64631\/revisions"}],"predecessor-version":[{"id":64787,"href":"https:\/\/www.accuratereviews.com\/it\/wp-json\/wp\/v2\/pages\/64631\/revisions\/64787"}],"up":[{"embeddable":true,"href":"https:\/\/www.accuratereviews.com\/it\/wp-json\/wp\/v2\/pages\/64530"}],"wp:featuredmedia":[{"embeddable":true,"href":"https:\/\/www.accuratereviews.com\/it\/wp-json\/wp\/v2\/media\/64647"}],"wp:attachment":[{"href":"https:\/\/www.accuratereviews.com\/it\/wp-json\/wp\/v2\/media?parent=64631"}],"wp:term":[{"taxonomy":"category","embeddable":true,"href":"https:\/\/www.accuratereviews.com\/it\/wp-json\/wp\/v2\/categories?post=64631"},{"taxonomy":"post_tag","embeddable":true,"href":"https:\/\/www.accuratereviews.com\/it\/wp-json\/wp\/v2\/tags?post=64631"},{"taxonomy":"features","embeddable":true,"href":"https:\/\/www.accuratereviews.com\/it\/wp-json\/wp\/v2\/features?post=64631"}],"curies":[{"name":"wp","href":"https:\/\/api.w.org\/{rel}","templated":true}]}}