{"id":64633,"date":"2022-12-02T15:36:16","date_gmt":"2022-12-02T15:36:16","guid":{"rendered":"https:\/\/www.accuratereviews.com\/?page_id=64633"},"modified":"2022-12-07T07:44:41","modified_gmt":"2022-12-07T07:44:41","slug":"brave-recensione","status":"publish","type":"page","link":"https:\/\/www.accuratereviews.com\/it\/browser\/brave-recensione\/","title":{"rendered":"Brave"},"content":{"rendered":"<p><strong>Brave<\/strong> \u00e8 un <strong>browser web<\/strong> sicuro, che fornisce l&#8217;integrazione IPFS per caricare i contenuti velocemente e implementare la sicurezza web totale, migliorando significativamente le esperienze di navigazione. La soluzione \u00e8 progettata per bloccare annunci e tracker dannosi su tutta la linea, caricando i principali siti di notizie fino a sei volte pi\u00f9 velocemente rispetto ad altri browser web.<br \/>\nPer l&#8217;anonimato, <strong>Brave<\/strong> consente agli utenti di utilizzare Tor nel browser per crittografare tutte le comunicazioni e mascherare la posizione e la cronologia.<\/p>\n<h2>BRAVE &#8211; TUTORIAL<\/h2>\n<div id=\"fluid-wrapper-counter-1\" class=\"g1-fluid-wrapper \" style=\"width:686px;\">\n<div style=\"padding-bottom:56.268221574344%;\"><iframe loading=\"lazy\" title=\"Brave browser Tutorial Ita\" width=\"686\" height=\"386\" src=\"https:\/\/www.youtube.com\/embed\/SiRhB1eoYOQ?feature=oembed&amp;wmode=transparent&amp;autohide=1&amp;autoplay=0&amp;disablekb=0&amp;fs=1&amp;loop=0&amp;enablejsapi=1&amp;rel=0&amp;controls=2&amp;showinfo=0&amp;wmode=transparent&amp;autohide=2&amp;autoplay=0&amp;disablekb=0&amp;fs=1&amp;loop=0&amp;enablejsapi=1&amp;rel=0&amp;controls=2&amp;showinfo=1\" frameborder=\"0\" allow=\"accelerometer; autoplay; clipboard-write; encrypted-media; gyroscope; picture-in-picture\" allowfullscreen><\/iframe><\/div>\n<\/div>\n<h3>BRAVE &#8211; CARATTERISTICHE<\/h3>\n<ul>\n<li><strong>Esegui le ricerche senza lasciare alcuna traccia<\/strong>: la ricerca\u00a0non tiene traccia delle tue attivit\u00e0, delle tue ricerche n\u00e9 dei tuoi clic. \u00c8 impossibile condividere, vendere o perdere i tuoi dati, semplicemente perch\u00e9 non li raccolgono affatto.<\/li>\n<li><strong>Ricerca indipendente<\/strong>: persino i motori di ricerca che si suppone siano \u201cneutrali\u201d o \u201cprivati\u201d fanno affidamento sulle Big Tech per ottenere risultati. Questo browser \u00e8 diverso. Ottiene risultati sulla base dell&#8217;indice creato da zero.<\/li>\n<li><strong>Vera trasparenza<\/strong>: la ricerca non utilizza metodi segreti o algoritmi che influenzano o censurano i risultati. Fa affidamento su donazioni anonime della community per affinare i risultati e su modelli di classificazione alternativi creati dalla community per garantire la diversit\u00e0.<\/li>\n<li><strong>Privacy a 360\u00b0<\/strong>:\u00a0il browser offre un\u2019integrazione all\u2019avanguardia tra ricerca privata e browser per la privacy: ci\u00f2 significa una protezione completa online, sia durante sia dopo l\u2019esecuzione delle ricerche.<\/li>\n<li><strong>Acquista, conserva, invia, scambia e connetti<\/strong>: conserva, gestisci e fai crescere il tuo portafoglio di criptovalute. Acquista con moneta fiat tramite Ramp Network o Wyre. Trova il miglior prezzo con le funzionalit\u00e0 integrate e multi-chain di Scambi Brave. E collegati alle DApp Web3. Tutto da un unico portafoglio.<\/li>\n<\/ul>\n<h4>LE RECENSIONI DEGLI UTENTI<\/h4>\n<p><strong>Luca&#8221;Sicuro come un leone&#8221;<\/strong><br \/>\n<strong>Pro<\/strong>: La sicurezza rappresenta il punto solido di Brave Browser e di questo se ne deve dare merito.<br \/>\n<strong>Contro<\/strong>: L&#8217;estrema sicurezza avvolte va a svantaggio della velocit\u00e0 ma certo tutto \u00e8 difficile averlo.<\/p>\n<p><strong>Tiago&#8221;Forse uno dei migliori browser sul mercato&#8221;<\/strong><br \/>\n<strong>Commenti<\/strong>: Ho iniziato a usare Brave a causa delle ricompense in criptovalute. Nel frattempo, l&#8217;ho trovato migliore di ogni altro browser che ho usato. Ha un&#8217;enorme variet\u00e0 di estensioni, blocca gli annunci e la maggior parte dei tracker ed \u00e8 un browser veloce nel complesso. Lo consiglio vivamente a tutti.<br \/>\n<strong>Pro<\/strong>: Brave \u00e8 molto intuitivo e la sua ricca variet\u00e0 di funzioni lo rende il mio browser preferito. Il client Tor incorporato, il blocco degli annunci e le ricompense crittografiche per l&#8217;utilizzo del browser (sotto forma di token BAT) sono alcune delle funzionalit\u00e0 che lo distinguono. \u00c8 anche super veloce e ha sempre funzionato perfettamente.<br \/>\n<strong>Contro<\/strong>: La versione mobile non \u00e8 cos\u00ec attraente e le persone potrebbero essere pi\u00f9 inclini a optare per i browser pi\u00f9 utilizzati per dispositivi mobili, come Safari e Chrome.<\/p>\n<p><strong>Leandro&#8221;Il miglior browser che abbia provato&#8221;<\/strong><br \/>\n<strong>Commenti<\/strong>: Lo uso da circa un anno e sono molto contento dell&#8217;esperienza, penso che lo user\u00f2 per molti altri anni.<br \/>\n<strong>Pro<\/strong>: Una cosa che amo di questo browser \u00e8 che ha un ad blocker integrato, per me \u00e8 molto utile e necessario. Un&#8217;altra cosa che mi piace \u00e8 il suo sistema di ricompensa per la visualizzazione di annunci, ovviamente non sono un sacco di soldi ma \u00e8 un gesto e aiuto molto carini.<br \/>\n<strong>Contro<\/strong>: Sinceramente stavo pensando da diversi minuti a qualcosa che non mi piace di questo browser ma non ho trovato nulla, mi ritengo molto soddisfatto, personalmente non vedo nulla da migliorare.<\/p>\n","protected":false},"excerpt":{"rendered":"<p>Brave \u00e8 un browser web sicuro, che fornisce l&#8217;integrazione IPFS per caricare i contenuti pi\u00f9 velocemente e implementare la sicurezza web totale, migliorando significativamente le esperienze di navigazione. La soluzione \u00e8 progettata per bloccare annunci e tracker dannosi su tutta la linea, caricando i principali siti di notizie fino a sei volte pi\u00f9 velocemente rispetto ad altri browser web.\u00a0<\/p>\n","protected":false},"author":19,"featured_media":64636,"parent":64530,"menu_order":0,"comment_status":"open","ping_status":"closed","template":"g1_template_page_review_new.php","meta":{"_acf_changed":false,"cwp_meta_box_check":"Yes","cwp_rev_product_name":"","cwp_rev_product_image":"","wppr_links":[],"cwp_rev_price":"0.00","wppr_options":[{"name":"Usability","value":"0"},{"name":"Speed","value":"0"},{"name":"Features","value":"0"},{"name":"Support","value":"0"},{"name":"Pricing","value":"0"}],"wppr_pros":["","","","",""],"wppr_cons":["","","","",""],"_monsterinsights_skip_tracking":false,"_monsterinsights_sitenote_active":false,"_monsterinsights_sitenote_note":"","_monsterinsights_sitenote_category":0,"footnotes":""},"categories":[13813],"tags":[13830,13815,13816,13831],"features":[],"class_list":{"0":"post-64633","1":"page","2":"type-page","3":"status-publish","4":"has-post-thumbnail","6":"category-browser-categoria","7":"tag-brave","8":"tag-browser","9":"tag-browser-web","10":"tag-navigazione-sicura"},"wppr_data":{"cwp_meta_box_check":"Yes","_wppr_review_template":"default","cwp_rev_product_image":"","cwp_image_link":"image","wppr_links":[],"cwp_rev_price":"0.00","wppr_pros":["","","","",""],"wppr_cons":["","","","",""],"wppr_rating":"0.00","wppr_options":{"1":{"name":"Usability","value":"0"},"2":{"name":"Speed","value":"0"},"3":{"name":"Features","value":"0"},"4":{"name":"Support","value":"0"},"5":{"name":"Pricing","value":"0"}},"wppr_review_type":"Product","wppr_review_custom_fields":{"additionalProperty":"","additionalType":"","aggregateRating":"","alternateName":"","audience":"","award":"","awards":"","brand":"","color":"","depth":"","description":"","disambiguatingDescription":"","gtin12":"","gtin13":"","gtin14":"","gtin8":"","height":"","identifier":"","image":"","isAccessoryOrSparePartFor":"","isConsumableFor":"","isRelatedTo":"","isSimilarTo":"","itemCondition":"","logo":"","mainEntityOfPage":"","manufacturer":"","material":"","model":"","mpn":"","name":"","offers":"","potentialAction":"","productID":"","productionDate":"","purchaseDate":"","releaseDate":"","review":"","reviews":"","sameAs":"","sku":"","slogan":"","subjectOf":"","url":"","weight":"","width":""}},"acf":[],"yoast_head":"<!-- This site is optimized with the Yoast SEO plugin v27.4 - https:\/\/yoast.com\/product\/yoast-seo-wordpress\/ -->\n<title>Brave: recensione browser - Accurate Reviews<\/title>\n<meta name=\"description\" content=\"Brave: recensione browser web sicuro, che fornisce l&#039;integrazione IPFS per caricare i contenuti velocemente e implementare la sicurezza web.\" \/>\n<meta name=\"robots\" content=\"index, follow, max-snippet:-1, max-image-preview:large, max-video-preview:-1\" \/>\n<link rel=\"canonical\" href=\"https:\/\/www.accuratereviews.com\/it\/browser\/brave-recensione\/\" \/>\n<meta property=\"og:locale\" content=\"it_IT\" \/>\n<meta property=\"og:type\" content=\"article\" \/>\n<meta property=\"og:title\" content=\"Brave: recensione browser - Accurate Reviews\" \/>\n<meta property=\"og:description\" content=\"Brave: recensione browser web sicuro, che fornisce l&#039;integrazione IPFS per caricare i contenuti velocemente e implementare la sicurezza web.\" \/>\n<meta property=\"og:url\" content=\"https:\/\/www.accuratereviews.com\/it\/browser\/brave-recensione\/\" \/>\n<meta property=\"og:site_name\" content=\"Accurate Reviews\" \/>\n<meta property=\"article:modified_time\" content=\"2022-12-07T07:44:41+00:00\" \/>\n<meta property=\"og:image\" content=\"https:\/\/www.accuratereviews.com\/wp-content\/uploads\/2022\/12\/brave.png\" \/>\n\t<meta property=\"og:image:width\" content=\"512\" \/>\n\t<meta property=\"og:image:height\" content=\"512\" \/>\n\t<meta property=\"og:image:type\" content=\"image\/png\" \/>\n<meta name=\"twitter:card\" content=\"summary_large_image\" \/>\n<meta name=\"twitter:label1\" content=\"Tempo di lettura stimato\" \/>\n\t<meta name=\"twitter:data1\" content=\"4 minuti\" \/>\n<script type=\"application\/ld+json\" class=\"yoast-schema-graph\">{\"@context\":\"https:\\\/\\\/schema.org\",\"@graph\":[{\"@type\":\"WebPage\",\"@id\":\"https:\\\/\\\/www.accuratereviews.com\\\/it\\\/browser\\\/brave-recensione\\\/\",\"url\":\"https:\\\/\\\/www.accuratereviews.com\\\/it\\\/browser\\\/brave-recensione\\\/\",\"name\":\"Brave: recensione browser - Accurate Reviews\",\"isPartOf\":{\"@id\":\"https:\\\/\\\/www.accuratereviews.com\\\/it\\\/#website\"},\"primaryImageOfPage\":{\"@id\":\"https:\\\/\\\/www.accuratereviews.com\\\/it\\\/browser\\\/brave-recensione\\\/#primaryimage\"},\"image\":{\"@id\":\"https:\\\/\\\/www.accuratereviews.com\\\/it\\\/browser\\\/brave-recensione\\\/#primaryimage\"},\"thumbnailUrl\":\"https:\\\/\\\/www.accuratereviews.com\\\/wp-content\\\/uploads\\\/2022\\\/12\\\/brave.png\",\"datePublished\":\"2022-12-02T15:36:16+00:00\",\"dateModified\":\"2022-12-07T07:44:41+00:00\",\"description\":\"Brave: recensione browser web sicuro, che fornisce l'integrazione IPFS per caricare i contenuti velocemente e implementare la sicurezza web.\",\"breadcrumb\":{\"@id\":\"https:\\\/\\\/www.accuratereviews.com\\\/it\\\/browser\\\/brave-recensione\\\/#breadcrumb\"},\"inLanguage\":\"it-IT\",\"potentialAction\":[{\"@type\":\"ReadAction\",\"target\":[\"https:\\\/\\\/www.accuratereviews.com\\\/it\\\/browser\\\/brave-recensione\\\/\"]}]},{\"@type\":\"ImageObject\",\"inLanguage\":\"it-IT\",\"@id\":\"https:\\\/\\\/www.accuratereviews.com\\\/it\\\/browser\\\/brave-recensione\\\/#primaryimage\",\"url\":\"https:\\\/\\\/www.accuratereviews.com\\\/wp-content\\\/uploads\\\/2022\\\/12\\\/brave.png\",\"contentUrl\":\"https:\\\/\\\/www.accuratereviews.com\\\/wp-content\\\/uploads\\\/2022\\\/12\\\/brave.png\",\"width\":512,\"height\":512},{\"@type\":\"BreadcrumbList\",\"@id\":\"https:\\\/\\\/www.accuratereviews.com\\\/it\\\/browser\\\/brave-recensione\\\/#breadcrumb\",\"itemListElement\":[{\"@type\":\"ListItem\",\"position\":1,\"name\":\"Home\",\"item\":\"https:\\\/\\\/www.accuratereviews.com\\\/it\\\/\"},{\"@type\":\"ListItem\",\"position\":2,\"name\":\"Browser\",\"item\":\"https:\\\/\\\/www.accuratereviews.com\\\/it\\\/browser\\\/\"},{\"@type\":\"ListItem\",\"position\":3,\"name\":\"Brave\"}]},{\"@type\":\"WebSite\",\"@id\":\"https:\\\/\\\/www.accuratereviews.com\\\/it\\\/#website\",\"url\":\"https:\\\/\\\/www.accuratereviews.com\\\/it\\\/\",\"name\":\"Accurate Reviews\",\"description\":\"\",\"potentialAction\":[{\"@type\":\"SearchAction\",\"target\":{\"@type\":\"EntryPoint\",\"urlTemplate\":\"https:\\\/\\\/www.accuratereviews.com\\\/it\\\/?s={search_term_string}\"},\"query-input\":{\"@type\":\"PropertyValueSpecification\",\"valueRequired\":true,\"valueName\":\"search_term_string\"}}],\"inLanguage\":\"it-IT\"}]}<\/script>\n<!-- \/ Yoast SEO plugin. -->","yoast_head_json":{"title":"Brave: recensione browser - Accurate Reviews","description":"Brave: recensione browser web sicuro, che fornisce l'integrazione IPFS per caricare i contenuti velocemente e implementare la sicurezza web.","robots":{"index":"index","follow":"follow","max-snippet":"max-snippet:-1","max-image-preview":"max-image-preview:large","max-video-preview":"max-video-preview:-1"},"canonical":"https:\/\/www.accuratereviews.com\/it\/browser\/brave-recensione\/","og_locale":"it_IT","og_type":"article","og_title":"Brave: recensione browser - Accurate Reviews","og_description":"Brave: recensione browser web sicuro, che fornisce l'integrazione IPFS per caricare i contenuti velocemente e implementare la sicurezza web.","og_url":"https:\/\/www.accuratereviews.com\/it\/browser\/brave-recensione\/","og_site_name":"Accurate Reviews","article_modified_time":"2022-12-07T07:44:41+00:00","og_image":[{"width":512,"height":512,"url":"https:\/\/www.accuratereviews.com\/wp-content\/uploads\/2022\/12\/brave.png","type":"image\/png"}],"twitter_card":"summary_large_image","twitter_misc":{"Tempo di lettura stimato":"4 minuti"},"schema":{"@context":"https:\/\/schema.org","@graph":[{"@type":"WebPage","@id":"https:\/\/www.accuratereviews.com\/it\/browser\/brave-recensione\/","url":"https:\/\/www.accuratereviews.com\/it\/browser\/brave-recensione\/","name":"Brave: recensione browser - Accurate Reviews","isPartOf":{"@id":"https:\/\/www.accuratereviews.com\/it\/#website"},"primaryImageOfPage":{"@id":"https:\/\/www.accuratereviews.com\/it\/browser\/brave-recensione\/#primaryimage"},"image":{"@id":"https:\/\/www.accuratereviews.com\/it\/browser\/brave-recensione\/#primaryimage"},"thumbnailUrl":"https:\/\/www.accuratereviews.com\/wp-content\/uploads\/2022\/12\/brave.png","datePublished":"2022-12-02T15:36:16+00:00","dateModified":"2022-12-07T07:44:41+00:00","description":"Brave: recensione browser web sicuro, che fornisce l'integrazione IPFS per caricare i contenuti velocemente e implementare la sicurezza web.","breadcrumb":{"@id":"https:\/\/www.accuratereviews.com\/it\/browser\/brave-recensione\/#breadcrumb"},"inLanguage":"it-IT","potentialAction":[{"@type":"ReadAction","target":["https:\/\/www.accuratereviews.com\/it\/browser\/brave-recensione\/"]}]},{"@type":"ImageObject","inLanguage":"it-IT","@id":"https:\/\/www.accuratereviews.com\/it\/browser\/brave-recensione\/#primaryimage","url":"https:\/\/www.accuratereviews.com\/wp-content\/uploads\/2022\/12\/brave.png","contentUrl":"https:\/\/www.accuratereviews.com\/wp-content\/uploads\/2022\/12\/brave.png","width":512,"height":512},{"@type":"BreadcrumbList","@id":"https:\/\/www.accuratereviews.com\/it\/browser\/brave-recensione\/#breadcrumb","itemListElement":[{"@type":"ListItem","position":1,"name":"Home","item":"https:\/\/www.accuratereviews.com\/it\/"},{"@type":"ListItem","position":2,"name":"Browser","item":"https:\/\/www.accuratereviews.com\/it\/browser\/"},{"@type":"ListItem","position":3,"name":"Brave"}]},{"@type":"WebSite","@id":"https:\/\/www.accuratereviews.com\/it\/#website","url":"https:\/\/www.accuratereviews.com\/it\/","name":"Accurate Reviews","description":"","potentialAction":[{"@type":"SearchAction","target":{"@type":"EntryPoint","urlTemplate":"https:\/\/www.accuratereviews.com\/it\/?s={search_term_string}"},"query-input":{"@type":"PropertyValueSpecification","valueRequired":true,"valueName":"search_term_string"}}],"inLanguage":"it-IT"}]}},"_links":{"self":[{"href":"https:\/\/www.accuratereviews.com\/it\/wp-json\/wp\/v2\/pages\/64633","targetHints":{"allow":["GET"]}}],"collection":[{"href":"https:\/\/www.accuratereviews.com\/it\/wp-json\/wp\/v2\/pages"}],"about":[{"href":"https:\/\/www.accuratereviews.com\/it\/wp-json\/wp\/v2\/types\/page"}],"author":[{"embeddable":true,"href":"https:\/\/www.accuratereviews.com\/it\/wp-json\/wp\/v2\/users\/19"}],"replies":[{"embeddable":true,"href":"https:\/\/www.accuratereviews.com\/it\/wp-json\/wp\/v2\/comments?post=64633"}],"version-history":[{"count":11,"href":"https:\/\/www.accuratereviews.com\/it\/wp-json\/wp\/v2\/pages\/64633\/revisions"}],"predecessor-version":[{"id":64746,"href":"https:\/\/www.accuratereviews.com\/it\/wp-json\/wp\/v2\/pages\/64633\/revisions\/64746"}],"up":[{"embeddable":true,"href":"https:\/\/www.accuratereviews.com\/it\/wp-json\/wp\/v2\/pages\/64530"}],"wp:featuredmedia":[{"embeddable":true,"href":"https:\/\/www.accuratereviews.com\/it\/wp-json\/wp\/v2\/media\/64636"}],"wp:attachment":[{"href":"https:\/\/www.accuratereviews.com\/it\/wp-json\/wp\/v2\/media?parent=64633"}],"wp:term":[{"taxonomy":"category","embeddable":true,"href":"https:\/\/www.accuratereviews.com\/it\/wp-json\/wp\/v2\/categories?post=64633"},{"taxonomy":"post_tag","embeddable":true,"href":"https:\/\/www.accuratereviews.com\/it\/wp-json\/wp\/v2\/tags?post=64633"},{"taxonomy":"features","embeddable":true,"href":"https:\/\/www.accuratereviews.com\/it\/wp-json\/wp\/v2\/features?post=64633"}],"curies":[{"name":"wp","href":"https:\/\/api.w.org\/{rel}","templated":true}]}}