{"id":64664,"date":"2022-12-05T11:18:48","date_gmt":"2022-12-05T11:18:48","guid":{"rendered":"https:\/\/www.accuratereviews.com\/?page_id=64664"},"modified":"2022-12-05T11:21:54","modified_gmt":"2022-12-05T11:21:54","slug":"safari-recensione","status":"publish","type":"page","link":"https:\/\/www.accuratereviews.com\/it\/browser\/safari-recensione\/","title":{"rendered":"Safari"},"content":{"rendered":"<p><strong>Safari<\/strong> \u00e8 il<strong> browser Web<\/strong> predefinito per i dispositivi Apple. Con velocit\u00e0 di caricamento elevate, maggiore efficienza energetica e protezione della privacy integrata, <strong>Safari<\/strong> \u00e8 un browser Web leader quando si tratta di una navigazione efficiente e sicura. Mette gli utenti al primo posto fornendo pi\u00f9 opzioni di personalizzazione, tra cui immagini di sfondo preferite ed estensioni che consentono agli utenti di navigare sul web nel modo desiderato.<\/p>\n<h2>SAFARI &#8211; TUTORIAL<\/h2>\n<div id=\"fluid-wrapper-counter-1\" class=\"g1-fluid-wrapper \" style=\"width:686px;\">\n<div style=\"padding-bottom:56.268221574344%;\"><iframe loading=\"lazy\" title=\"The ONLY Safari for iPhone Guide You Need!\" width=\"686\" height=\"386\" src=\"https:\/\/www.youtube.com\/embed\/_HTq5YamazY?feature=oembed&amp;wmode=transparent&amp;autohide=1&amp;autoplay=0&amp;disablekb=0&amp;fs=1&amp;loop=0&amp;enablejsapi=1&amp;rel=0&amp;controls=2&amp;showinfo=0&amp;wmode=transparent&amp;autohide=2&amp;autoplay=0&amp;disablekb=0&amp;fs=1&amp;loop=0&amp;enablejsapi=1&amp;rel=0&amp;controls=2&amp;showinfo=1\" frameborder=\"0\" allow=\"accelerometer; autoplay; clipboard-write; encrypted-media; gyroscope; picture-in-picture\" allowfullscreen><\/iframe><\/div>\n<\/div>\n<h3>SAFARI &#8211; CARATTERISTICHE<\/h3>\n<ul>\n<li><strong>Migliore efficienza energetica<\/strong>: ti consente di fare di pi\u00f9 online con una singola carica.<\/li>\n<li><strong>Streaming video 4K:<\/strong> guarda i tuoi programmi e film preferiti nella loro luce migliore. Safari supporta la riproduzione di video 4K HDR nel browser per YouTube, Netflix e Apple TV+.6 E funziona in modo efficiente per una maggiore durata della batteria<\/li>\n<li><strong>La privacy \u00e8 integrata<\/strong>.: la privacy online non \u00e8 solo qualcosa che dovresti sperare, \u00e8 qualcosa che dovresti aspettarti. Ecco perch\u00e9 Safari \u00e8 dotato di una tecnologia di protezione della privacy leader del settore integrata, tra cui Intelligent Tracking Prevention che identifica i tracker e aiuta a impedire loro di profilare o seguirti sul web. L&#8217;aggiornamento a iCloud+ ti offre ancora pi\u00f9 protezione della privacy, inclusa la possibilit\u00e0 di registrarti a siti web e servizi senza dover condividere il tuo indirizzo email personale.<\/li>\n<li><strong>Rapporto sulla privacy<\/strong>: il browser rende semplice vedere come la tua privacy \u00e8 protetta su tutti i siti web che visiti. Fai clic sul pulsante Rapporto sulla privacy nella barra degli strumenti per un&#8217;istantanea dei tracker tra siti attualmente a cui \u00e8 attualmente impedito di profilarti sul sito che stai visitando. Oppure visualizza un rapporto sulla privacy settimanale per vedere come Safari ti protegge mentre navighi nel tempo.<\/li>\n<li><strong>Inserendo il te nell&#8217;URL<\/strong>.: \u00e8 pi\u00f9 personalizzabile che mai. Organizza le tue schede in gruppi di schede in modo che sia facile passare da un interesse all&#8217;altro. Imposta un&#8217;immagine di sfondo personalizzata e perfeziona la finestra del browser con le tue funzionalit\u00e0 preferite, come Elenco di lettura, Preferiti, Schede iCloud e Suggerimenti di Siri. E le estensioni di terze parti per iPhone, iPad e Mac ti consentono di fare ancora di pi\u00f9 con Safari, cos\u00ec puoi navigare come vuoi su tutti i tuoi dispositivi.<\/li>\n<li><strong>Estensioni:<\/strong> le estensioni aggiungono funzionalit\u00e0 al tuo browser per aiutarti a esplorare il Web nel modo desiderato. Trova e aggiungi le tue estensioni preferite nella categoria Safari dedicata sull&#8217;App Store.<\/li>\n<li><strong>Progettato per aiutare il tuo flusso di lavoro<\/strong>: gli strumenti integrati creano un&#8217;esperienza di navigazione molto pi\u00f9 coinvolgente, intuitiva e immediata. Ottieni informazioni dettagliate su un soggetto in una foto con un solo clic, seleziona il testo all&#8217;interno di qualsiasi immagine, traduci istantaneamente un&#8217;intera pagina Web e prendi rapidamente appunti ovunque ti trovi su un sito, senza dover cambiare app.<\/li>\n<li><strong>Nota veloce<\/strong>: Notes \u00e8 la tua app preferita per catturare qualsiasi pensiero. E con la nuova funzione Quick Note, puoi annotare all&#8217;istante le idee mentre navighi sui siti web senza dover uscire da Safari.<\/li>\n<li><strong>Traduzione<\/strong>: traduci intere pagine web tra 18 lingue con un solo clic. Puoi anche tradurre il testo in immagini e video in pausa senza uscire da Safari.<\/li>\n<li><strong>Testo dal vivo<\/strong>: interagisci con il testo in qualsiasi immagine sul web utilizzando funzioni come copia e incolla, ricerca e translate.<\/li>\n<li><strong>Ricerca visiva<\/strong>: scopri rapidamente di pi\u00f9 su punti di riferimento, opere d&#8217;arte, razze di cani e altro ancora con solo una foto o un&#8217;immagine che trovi online.\u00a0 Estrai facilmente il soggetto di un&#8217;immagine da Safari, rimuovi lo sfondo e incollalo in Messaggi, Note o altre app.<\/li>\n<\/ul>\n<h4>LE RECENSIONI DEGLI UTENTI<\/h4>\n<div class=\"QcsUad BDJ8fb BLojaf\" role=\"region\" aria-labelledby=\"ucc-7\">\n<div class=\"usGWQd\" aria-live=\"polite\">\n<div class=\"KkbLmb\">\n<div class=\"lRu31\"><strong><span class=\"HwtZe\" lang=\"it\"><span class=\"jCAhz\"><span class=\"ryNqvb\">Federico&#8221;Essere al sicuro nel browser perfetto&#8221; <\/span><\/span><\/span><\/strong><\/div>\n<div class=\"lRu31\"><span class=\"HwtZe\" lang=\"it\"><span class=\"jCAhz\"><span class=\"ryNqvb\"><strong>Pro<\/strong>: Molta sicurezza e privacy grazie alla casa produttrice, \u00e8 facile bloccare cookie e tracker per tenere al sicuro le proprie informazioni. Inoltre non fa affidamento alle pubblicit\u00e0 per gli ingressi economici. <\/span><\/span><\/span><\/div>\n<div class=\"lRu31\"><span class=\"HwtZe\" lang=\"it\"><span class=\"jCAhz\"><span class=\"ryNqvb\"><strong>Contro<\/strong>: Molto difficile da usare, se non si ha mai usato un motore di ricerca Apple. \u00c8 chiaro che per essere al sicuro bisogna spendere tanto per avere un motore di ricerca al sicuro. Ma a basso costo c&#8217;\u00e8 ne sono di pi\u00f9 sicuri. <\/span><\/span><\/span><\/div>\n<div><\/div>\n<div class=\"lRu31\"><strong><span class=\"HwtZe\" lang=\"it\"><span class=\"jCAhz\"><span class=\"ryNqvb\">Francesca&#8221;Software unico nel suo genere&#8221; <\/span><\/span><\/span><\/strong><\/div>\n<div class=\"lRu31\"><span class=\"HwtZe\" lang=\"it\"><span class=\"jCAhz\"><span class=\"ryNqvb\"><strong>Pro<\/strong>: Software disponibile sui dispositivi Apple, per chi ama un&#8217;interfaccia veloce e dalle tante funzionalit\u00e0. Inoltre salva tutti i contenuti che cerchi e salvi nell&#8217;iCloud senza chiedere impostazioni da parte tua. <\/span><\/span><\/span><\/div>\n<div class=\"lRu31\"><span class=\"HwtZe\" lang=\"it\"><span class=\"jCAhz\"><span class=\"ryNqvb\"><strong>Contro<\/strong>: Si gestiscono le pagine salvate come se fossero diverse tra loro e non le mettono in cartelle separate se vuoi avere un ordine predefinito. <\/span><\/span><\/span><\/div>\n<div><\/div>\n<div class=\"lRu31\"><strong><span class=\"HwtZe\" lang=\"it\"><span class=\"jCAhz\"><span class=\"ryNqvb\">Luca&#8221;La bussola nel web&#8221; <\/span><\/span><\/span><\/strong><\/div>\n<div class=\"lRu31\"><span class=\"HwtZe\" lang=\"it\"><span class=\"jCAhz\"><span class=\"ryNqvb\"><strong>Pro<\/strong>: Il Software di casa Apple sempre attento a dove si finisce nel World Wild Web e per fortuna ci tutela da eventuali spiacevoli sorprese. <\/span><\/span><\/span><\/div>\n<div class=\"lRu31\"><span class=\"HwtZe\" lang=\"it\"><span class=\"jCAhz\"><span class=\"ryNqvb\"><strong>Contro<\/strong>: A volte l&#8217;estrema sicurezza creata da casa Apple crea disagi con siti che ritiene inadeguati ma che in realt\u00e0 non lo sono.<\/span><\/span><\/span><\/div>\n<\/div>\n<\/div>\n<\/div>\n","protected":false},"excerpt":{"rendered":"<p>Safari \u00e8 il browser Web predefinito per i dispositivi Apple. Con velocit\u00e0 di caricamento elevate, maggiore efficienza energetica e protezione della privacy integrata, Safari \u00e8 un browser Web leader quando si tratta di una navigazione efficiente e sicura.<\/p>\n","protected":false},"author":19,"featured_media":64686,"parent":64530,"menu_order":0,"comment_status":"open","ping_status":"closed","template":"g1_template_page_review_new.php","meta":{"_acf_changed":false,"cwp_meta_box_check":"No","cwp_rev_product_name":"","cwp_rev_product_image":"","wppr_links":[],"cwp_rev_price":"","wppr_options":[],"wppr_pros":[],"wppr_cons":[],"_monsterinsights_skip_tracking":false,"_monsterinsights_sitenote_active":false,"_monsterinsights_sitenote_note":"","_monsterinsights_sitenote_category":0,"footnotes":""},"categories":[13813],"tags":[13815,13816,523,13835,13836],"features":[],"class_list":{"0":"post-64664","1":"page","2":"type-page","3":"status-publish","4":"has-post-thumbnail","6":"category-browser-categoria","7":"tag-browser","8":"tag-browser-web","9":"tag-safari","10":"tag-sicuro","11":"tag-veloce"},"wppr_data":{"cwp_meta_box_check":"No"},"acf":[],"yoast_head":"<!-- This site is optimized with the Yoast SEO plugin v27.4 - https:\/\/yoast.com\/product\/yoast-seo-wordpress\/ -->\n<title>Safari: recensione browser - Accurate Reviews<\/title>\n<meta name=\"description\" content=\"Safari: recensione browser web predefinito per i dispositivi Apple leader quando si tratta di una navigazione efficiente e sicura.\" \/>\n<meta name=\"robots\" content=\"index, follow, max-snippet:-1, max-image-preview:large, max-video-preview:-1\" \/>\n<link rel=\"canonical\" href=\"https:\/\/www.accuratereviews.com\/it\/browser\/safari-recensione\/\" \/>\n<meta property=\"og:locale\" content=\"it_IT\" \/>\n<meta property=\"og:type\" content=\"article\" \/>\n<meta property=\"og:title\" content=\"Safari: recensione browser - Accurate Reviews\" \/>\n<meta property=\"og:description\" content=\"Safari: recensione browser web predefinito per i dispositivi Apple leader quando si tratta di una navigazione efficiente e sicura.\" \/>\n<meta property=\"og:url\" content=\"https:\/\/www.accuratereviews.com\/it\/browser\/safari-recensione\/\" \/>\n<meta property=\"og:site_name\" content=\"Accurate Reviews\" \/>\n<meta property=\"article:modified_time\" content=\"2022-12-05T11:21:54+00:00\" \/>\n<meta property=\"og:image\" content=\"https:\/\/www.accuratereviews.com\/wp-content\/uploads\/2022\/12\/safari-240.png\" \/>\n\t<meta property=\"og:image:width\" content=\"240\" \/>\n\t<meta property=\"og:image:height\" content=\"240\" \/>\n\t<meta property=\"og:image:type\" content=\"image\/png\" \/>\n<meta name=\"twitter:card\" content=\"summary_large_image\" \/>\n<meta name=\"twitter:label1\" content=\"Tempo di lettura stimato\" \/>\n\t<meta name=\"twitter:data1\" content=\"5 minuti\" \/>\n<script type=\"application\/ld+json\" class=\"yoast-schema-graph\">{\"@context\":\"https:\\\/\\\/schema.org\",\"@graph\":[{\"@type\":\"WebPage\",\"@id\":\"https:\\\/\\\/www.accuratereviews.com\\\/it\\\/browser\\\/safari-recensione\\\/\",\"url\":\"https:\\\/\\\/www.accuratereviews.com\\\/it\\\/browser\\\/safari-recensione\\\/\",\"name\":\"Safari: recensione browser - Accurate Reviews\",\"isPartOf\":{\"@id\":\"https:\\\/\\\/www.accuratereviews.com\\\/it\\\/#website\"},\"primaryImageOfPage\":{\"@id\":\"https:\\\/\\\/www.accuratereviews.com\\\/it\\\/browser\\\/safari-recensione\\\/#primaryimage\"},\"image\":{\"@id\":\"https:\\\/\\\/www.accuratereviews.com\\\/it\\\/browser\\\/safari-recensione\\\/#primaryimage\"},\"thumbnailUrl\":\"https:\\\/\\\/www.accuratereviews.com\\\/wp-content\\\/uploads\\\/2022\\\/12\\\/safari-240.png\",\"datePublished\":\"2022-12-05T11:18:48+00:00\",\"dateModified\":\"2022-12-05T11:21:54+00:00\",\"description\":\"Safari: recensione browser web predefinito per i dispositivi Apple leader quando si tratta di una navigazione efficiente e sicura.\",\"breadcrumb\":{\"@id\":\"https:\\\/\\\/www.accuratereviews.com\\\/it\\\/browser\\\/safari-recensione\\\/#breadcrumb\"},\"inLanguage\":\"it-IT\",\"potentialAction\":[{\"@type\":\"ReadAction\",\"target\":[\"https:\\\/\\\/www.accuratereviews.com\\\/it\\\/browser\\\/safari-recensione\\\/\"]}]},{\"@type\":\"ImageObject\",\"inLanguage\":\"it-IT\",\"@id\":\"https:\\\/\\\/www.accuratereviews.com\\\/it\\\/browser\\\/safari-recensione\\\/#primaryimage\",\"url\":\"https:\\\/\\\/www.accuratereviews.com\\\/wp-content\\\/uploads\\\/2022\\\/12\\\/safari-240.png\",\"contentUrl\":\"https:\\\/\\\/www.accuratereviews.com\\\/wp-content\\\/uploads\\\/2022\\\/12\\\/safari-240.png\",\"width\":240,\"height\":240},{\"@type\":\"BreadcrumbList\",\"@id\":\"https:\\\/\\\/www.accuratereviews.com\\\/it\\\/browser\\\/safari-recensione\\\/#breadcrumb\",\"itemListElement\":[{\"@type\":\"ListItem\",\"position\":1,\"name\":\"Home\",\"item\":\"https:\\\/\\\/www.accuratereviews.com\\\/it\\\/\"},{\"@type\":\"ListItem\",\"position\":2,\"name\":\"Browser\",\"item\":\"https:\\\/\\\/www.accuratereviews.com\\\/it\\\/browser\\\/\"},{\"@type\":\"ListItem\",\"position\":3,\"name\":\"Safari\"}]},{\"@type\":\"WebSite\",\"@id\":\"https:\\\/\\\/www.accuratereviews.com\\\/it\\\/#website\",\"url\":\"https:\\\/\\\/www.accuratereviews.com\\\/it\\\/\",\"name\":\"Accurate Reviews\",\"description\":\"\",\"potentialAction\":[{\"@type\":\"SearchAction\",\"target\":{\"@type\":\"EntryPoint\",\"urlTemplate\":\"https:\\\/\\\/www.accuratereviews.com\\\/it\\\/?s={search_term_string}\"},\"query-input\":{\"@type\":\"PropertyValueSpecification\",\"valueRequired\":true,\"valueName\":\"search_term_string\"}}],\"inLanguage\":\"it-IT\"}]}<\/script>\n<!-- \/ Yoast SEO plugin. -->","yoast_head_json":{"title":"Safari: recensione browser - Accurate Reviews","description":"Safari: recensione browser web predefinito per i dispositivi Apple leader quando si tratta di una navigazione efficiente e sicura.","robots":{"index":"index","follow":"follow","max-snippet":"max-snippet:-1","max-image-preview":"max-image-preview:large","max-video-preview":"max-video-preview:-1"},"canonical":"https:\/\/www.accuratereviews.com\/it\/browser\/safari-recensione\/","og_locale":"it_IT","og_type":"article","og_title":"Safari: recensione browser - Accurate Reviews","og_description":"Safari: recensione browser web predefinito per i dispositivi Apple leader quando si tratta di una navigazione efficiente e sicura.","og_url":"https:\/\/www.accuratereviews.com\/it\/browser\/safari-recensione\/","og_site_name":"Accurate Reviews","article_modified_time":"2022-12-05T11:21:54+00:00","og_image":[{"width":240,"height":240,"url":"https:\/\/www.accuratereviews.com\/wp-content\/uploads\/2022\/12\/safari-240.png","type":"image\/png"}],"twitter_card":"summary_large_image","twitter_misc":{"Tempo di lettura stimato":"5 minuti"},"schema":{"@context":"https:\/\/schema.org","@graph":[{"@type":"WebPage","@id":"https:\/\/www.accuratereviews.com\/it\/browser\/safari-recensione\/","url":"https:\/\/www.accuratereviews.com\/it\/browser\/safari-recensione\/","name":"Safari: recensione browser - Accurate Reviews","isPartOf":{"@id":"https:\/\/www.accuratereviews.com\/it\/#website"},"primaryImageOfPage":{"@id":"https:\/\/www.accuratereviews.com\/it\/browser\/safari-recensione\/#primaryimage"},"image":{"@id":"https:\/\/www.accuratereviews.com\/it\/browser\/safari-recensione\/#primaryimage"},"thumbnailUrl":"https:\/\/www.accuratereviews.com\/wp-content\/uploads\/2022\/12\/safari-240.png","datePublished":"2022-12-05T11:18:48+00:00","dateModified":"2022-12-05T11:21:54+00:00","description":"Safari: recensione browser web predefinito per i dispositivi Apple leader quando si tratta di una navigazione efficiente e sicura.","breadcrumb":{"@id":"https:\/\/www.accuratereviews.com\/it\/browser\/safari-recensione\/#breadcrumb"},"inLanguage":"it-IT","potentialAction":[{"@type":"ReadAction","target":["https:\/\/www.accuratereviews.com\/it\/browser\/safari-recensione\/"]}]},{"@type":"ImageObject","inLanguage":"it-IT","@id":"https:\/\/www.accuratereviews.com\/it\/browser\/safari-recensione\/#primaryimage","url":"https:\/\/www.accuratereviews.com\/wp-content\/uploads\/2022\/12\/safari-240.png","contentUrl":"https:\/\/www.accuratereviews.com\/wp-content\/uploads\/2022\/12\/safari-240.png","width":240,"height":240},{"@type":"BreadcrumbList","@id":"https:\/\/www.accuratereviews.com\/it\/browser\/safari-recensione\/#breadcrumb","itemListElement":[{"@type":"ListItem","position":1,"name":"Home","item":"https:\/\/www.accuratereviews.com\/it\/"},{"@type":"ListItem","position":2,"name":"Browser","item":"https:\/\/www.accuratereviews.com\/it\/browser\/"},{"@type":"ListItem","position":3,"name":"Safari"}]},{"@type":"WebSite","@id":"https:\/\/www.accuratereviews.com\/it\/#website","url":"https:\/\/www.accuratereviews.com\/it\/","name":"Accurate Reviews","description":"","potentialAction":[{"@type":"SearchAction","target":{"@type":"EntryPoint","urlTemplate":"https:\/\/www.accuratereviews.com\/it\/?s={search_term_string}"},"query-input":{"@type":"PropertyValueSpecification","valueRequired":true,"valueName":"search_term_string"}}],"inLanguage":"it-IT"}]}},"_links":{"self":[{"href":"https:\/\/www.accuratereviews.com\/it\/wp-json\/wp\/v2\/pages\/64664","targetHints":{"allow":["GET"]}}],"collection":[{"href":"https:\/\/www.accuratereviews.com\/it\/wp-json\/wp\/v2\/pages"}],"about":[{"href":"https:\/\/www.accuratereviews.com\/it\/wp-json\/wp\/v2\/types\/page"}],"author":[{"embeddable":true,"href":"https:\/\/www.accuratereviews.com\/it\/wp-json\/wp\/v2\/users\/19"}],"replies":[{"embeddable":true,"href":"https:\/\/www.accuratereviews.com\/it\/wp-json\/wp\/v2\/comments?post=64664"}],"version-history":[{"count":7,"href":"https:\/\/www.accuratereviews.com\/it\/wp-json\/wp\/v2\/pages\/64664\/revisions"}],"predecessor-version":[{"id":64695,"href":"https:\/\/www.accuratereviews.com\/it\/wp-json\/wp\/v2\/pages\/64664\/revisions\/64695"}],"up":[{"embeddable":true,"href":"https:\/\/www.accuratereviews.com\/it\/wp-json\/wp\/v2\/pages\/64530"}],"wp:featuredmedia":[{"embeddable":true,"href":"https:\/\/www.accuratereviews.com\/it\/wp-json\/wp\/v2\/media\/64686"}],"wp:attachment":[{"href":"https:\/\/www.accuratereviews.com\/it\/wp-json\/wp\/v2\/media?parent=64664"}],"wp:term":[{"taxonomy":"category","embeddable":true,"href":"https:\/\/www.accuratereviews.com\/it\/wp-json\/wp\/v2\/categories?post=64664"},{"taxonomy":"post_tag","embeddable":true,"href":"https:\/\/www.accuratereviews.com\/it\/wp-json\/wp\/v2\/tags?post=64664"},{"taxonomy":"features","embeddable":true,"href":"https:\/\/www.accuratereviews.com\/it\/wp-json\/wp\/v2\/features?post=64664"}],"curies":[{"name":"wp","href":"https:\/\/api.w.org\/{rel}","templated":true}]}}