{"id":64696,"date":"2022-12-06T17:02:43","date_gmt":"2022-12-06T17:02:43","guid":{"rendered":"https:\/\/www.accuratereviews.com\/?page_id=64696"},"modified":"2022-12-06T17:02:43","modified_gmt":"2022-12-06T17:02:43","slug":"tor-browser-recensione","status":"publish","type":"page","link":"https:\/\/www.accuratereviews.com\/it\/browser\/tor-browser-recensione\/","title":{"rendered":"Tor Browser"},"content":{"rendered":"<p><strong>Tor Browser<\/strong> \u00e8 un <strong>browser privato online<\/strong>, progettato per aiutare le aziende e gli individui a impedire a terzi indesiderati di guardare le loro attivit\u00e0 su Internet. Il sistema consente ai team di proteggere la propria identit\u00e0 e mantenere l&#8217;anonimato online, facendo passare il proprio traffico attraverso tre server separati prima di inviarlo alla destinazione. Permette alle aziende di visualizzare le informazioni sui concorrenti come fa il mercato, mantenere riservate le strategie e garantire la responsabilit\u00e0 all&#8217;interno dell&#8217;organizzazione.<br \/>\nAttivisti e informatori utilizzano<strong> Tor Browser<\/strong> in modo anonimo per segnalare abusi da luoghi pericolosi.<\/p>\n<h2>TOR BROWSER &#8211; TUTORIAL<\/h2>\n<div id=\"fluid-wrapper-counter-1\" class=\"g1-fluid-wrapper \" style=\"width:686px;\">\n<div style=\"padding-bottom:56.268221574344%;\"><iframe loading=\"lazy\" title=\"Tor Browser, cos&#039;\u00e8 e come funziona\" width=\"686\" height=\"386\" src=\"https:\/\/www.youtube.com\/embed\/44HSJJZBZs4?feature=oembed&amp;wmode=transparent&amp;autohide=1&amp;autoplay=0&amp;disablekb=0&amp;fs=1&amp;loop=0&amp;enablejsapi=1&amp;rel=0&amp;controls=2&amp;showinfo=0&amp;wmode=transparent&amp;autohide=2&amp;autoplay=0&amp;disablekb=0&amp;fs=1&amp;loop=0&amp;enablejsapi=1&amp;rel=0&amp;controls=2&amp;showinfo=1\" frameborder=\"0\" allow=\"accelerometer; autoplay; clipboard-write; encrypted-media; gyroscope; picture-in-picture\" allowfullscreen><\/iframe><\/div>\n<\/div>\n<h3>TOR BROWSER &#8211; CARATTERISTICHE<\/h3>\n<ul>\n<li>Il tuo provider di servizi internet, e chiunque sorvegli localmente la tua connessione, non sar\u00e0 in grado di tener traccia della tua attivit\u00e0 on-line, inclusi i nomi e gli indirizzi dei siti che visiti.<\/li>\n<li>Gli operatori dei siti internet e dei servizi che utilizzi, e chiunque li controlli, vedranno una connessione in entrata dalla rete Tor invece del tuo indirizzo internet (IP) reale, e non sapranno la tua identit\u00e0 a meno che tu non intenda identificarti esplicitamente.<\/li>\n<li>La modalit\u00e0 di navigazione privata abilitata automaticamente, il che significa che la cronologia, i dati dei moduli e i cookie non vengono salvati per impostazione predefinita. Tuttavia, puoi comunque salvare la cronologia di navigazione accedendo al menu delle impostazioni e abilitando manualmente la conservazione della cronologia o impostando regole personalizzate.<\/li>\n<li>Il lettore PDF ha un&#8217;interfaccia semplice con tutti i controlli standard per la navigazione, l&#8217;impaginazione e l&#8217;interazione con il documento. Il lettore PDF include un pannello laterale in cui vengono visualizzate verticalmente le miniature di ogni singola pagina, oltre ai controlli per la visualizzazione dei singoli allegati, livelli e struttura del documento.<\/li>\n<\/ul>\n<h4>LE RECENSIONI DEGLI UTENTI<\/h4>\n<p><strong>Luca &#8220;Privacy al top&#8221;<\/strong><br \/>\n<strong>Pro<\/strong>: fra le varie funzioni interessanti, quella di nascondere il tuo indirizzo IP rappresenta la pi\u00f9 interessante anche per la differenziazione dalla massa.<br \/>\n<strong>Contro<\/strong>: la velocit\u00e0 del browser non \u00e8 il suo cavallo di battaglia.<\/p>\n<p><strong>Zmel &#8220;esperienza navigatore&#8221;<\/strong><br \/>\n<strong>Pro<\/strong>: questo browser \u00e8 davvero molto particolare perch\u00e8 con esso \u00e8 davvero possibile addentrarsi nelle profondit\u00e0 del web per avere accesso ad informazioni inedite<br \/>\n<strong>Contro<\/strong>: quello che non mi piace di questo browser \u00e8 che \u00e8 davvero complicato da usare<\/p>\n<p><strong>Mas Idayu &#8220;Riservatezza assoluta per la navigazione in rete&#8221;<\/strong><br \/>\n<strong>Pro<\/strong>: Il browser TOR \u00e8 un browser eccezionale per la riservatezza poich\u00e9 include un&#8217;ampia gamma di opzioni per entrambi. A parte questo, apprezzo la facilit\u00e0 con cui posso eliminare gli annunci pubblicitari quando sono online.<br \/>\n<strong>Contro<\/strong>: Nonostante sia gratuito e open source, il principale svantaggio dell&#8217;adozione del browser TOR \u00e8 che non \u00e8 accessibile per dispositivi mobili come tablet e smartphone.<\/p>\n","protected":false},"excerpt":{"rendered":"<p>Tor Browser \u00e8 un browser privato online, progettato per aiutare le aziende e gli individui a impedire a terzi indesiderati di guardare le loro attivit\u00e0 su Internet. Il sistema consente ai team di proteggere la propria identit\u00e0 e mantenere l&#8217;anonimato online, facendo passare il proprio traffico attraverso tre server separati prima di inviarlo alla destinazione.<\/p>\n","protected":false},"author":19,"featured_media":64697,"parent":64530,"menu_order":0,"comment_status":"open","ping_status":"closed","template":"g1_template_page_review_new.php","meta":{"_acf_changed":false,"cwp_meta_box_check":"Yes","cwp_rev_product_name":"","cwp_rev_product_image":"","wppr_links":[],"cwp_rev_price":"0.00","wppr_options":[{"name":"Usability","value":"0"},{"name":"Speed","value":"0"},{"name":"Features","value":"0"},{"name":"Support","value":"0"},{"name":"Pricing","value":"0"}],"wppr_pros":["","","","",""],"wppr_cons":["","","","",""],"_monsterinsights_skip_tracking":false,"_monsterinsights_sitenote_active":false,"_monsterinsights_sitenote_note":"","_monsterinsights_sitenote_category":0,"footnotes":""},"categories":[13813],"tags":[13815,13816,13817,13818,13837],"features":[],"class_list":{"0":"post-64696","1":"page","2":"type-page","3":"status-publish","4":"has-post-thumbnail","6":"category-browser-categoria","7":"tag-browser","8":"tag-browser-web","9":"tag-navigatore","10":"tag-navigatore-web","11":"tag-tor-browser"},"wppr_data":{"cwp_meta_box_check":"Yes","_wppr_review_template":"default","cwp_rev_product_image":"","cwp_image_link":"image","wppr_links":[],"cwp_rev_price":"0.00","wppr_pros":["","","","",""],"wppr_cons":["","","","",""],"wppr_rating":"0.00","wppr_options":{"1":{"name":"Usability","value":"0"},"2":{"name":"Speed","value":"0"},"3":{"name":"Features","value":"0"},"4":{"name":"Support","value":"0"},"5":{"name":"Pricing","value":"0"}},"wppr_review_type":"Product","wppr_review_custom_fields":{"additionalProperty":"","additionalType":"","aggregateRating":"","alternateName":"","audience":"","award":"","awards":"","brand":"","color":"","depth":"","description":"","disambiguatingDescription":"","gtin12":"","gtin13":"","gtin14":"","gtin8":"","height":"","identifier":"","image":"","isAccessoryOrSparePartFor":"","isConsumableFor":"","isRelatedTo":"","isSimilarTo":"","itemCondition":"","logo":"","mainEntityOfPage":"","manufacturer":"","material":"","model":"","mpn":"","name":"","offers":"","potentialAction":"","productID":"","productionDate":"","purchaseDate":"","releaseDate":"","review":"","reviews":"","sameAs":"","sku":"","slogan":"","subjectOf":"","url":"","weight":"","width":""}},"acf":[],"yoast_head":"<!-- This site is optimized with the Yoast SEO plugin v27.4 - https:\/\/yoast.com\/product\/yoast-seo-wordpress\/ -->\n<title>Tor Browser: recensione browser - Accurate Reviews<\/title>\n<meta name=\"description\" content=\"Tor Browser: recensione del browser privato online, progettato per impedire a terzi indesiderati di guardare le proprie attivit\u00e0 su Internet.\" \/>\n<meta name=\"robots\" content=\"index, follow, max-snippet:-1, max-image-preview:large, max-video-preview:-1\" \/>\n<link rel=\"canonical\" href=\"https:\/\/www.accuratereviews.com\/it\/browser\/tor-browser-recensione\/\" \/>\n<meta property=\"og:locale\" content=\"it_IT\" \/>\n<meta property=\"og:type\" content=\"article\" \/>\n<meta property=\"og:title\" content=\"Tor Browser: recensione browser - Accurate Reviews\" \/>\n<meta property=\"og:description\" content=\"Tor Browser: recensione del browser privato online, progettato per impedire a terzi indesiderati di guardare le proprie attivit\u00e0 su Internet.\" \/>\n<meta property=\"og:url\" content=\"https:\/\/www.accuratereviews.com\/it\/browser\/tor-browser-recensione\/\" \/>\n<meta property=\"og:site_name\" content=\"Accurate Reviews\" \/>\n<meta property=\"og:image\" content=\"https:\/\/www.accuratereviews.com\/wp-content\/uploads\/2022\/12\/red-tor.webp\" \/>\n\t<meta property=\"og:image:width\" content=\"690\" \/>\n\t<meta property=\"og:image:height\" content=\"335\" \/>\n\t<meta property=\"og:image:type\" content=\"image\/webp\" \/>\n<meta name=\"twitter:card\" content=\"summary_large_image\" \/>\n<meta name=\"twitter:label1\" content=\"Tempo di lettura stimato\" \/>\n\t<meta name=\"twitter:data1\" content=\"3 minuti\" \/>\n<script type=\"application\/ld+json\" class=\"yoast-schema-graph\">{\"@context\":\"https:\\\/\\\/schema.org\",\"@graph\":[{\"@type\":\"WebPage\",\"@id\":\"https:\\\/\\\/www.accuratereviews.com\\\/it\\\/browser\\\/tor-browser-recensione\\\/\",\"url\":\"https:\\\/\\\/www.accuratereviews.com\\\/it\\\/browser\\\/tor-browser-recensione\\\/\",\"name\":\"Tor Browser: recensione browser - Accurate Reviews\",\"isPartOf\":{\"@id\":\"https:\\\/\\\/www.accuratereviews.com\\\/it\\\/#website\"},\"primaryImageOfPage\":{\"@id\":\"https:\\\/\\\/www.accuratereviews.com\\\/it\\\/browser\\\/tor-browser-recensione\\\/#primaryimage\"},\"image\":{\"@id\":\"https:\\\/\\\/www.accuratereviews.com\\\/it\\\/browser\\\/tor-browser-recensione\\\/#primaryimage\"},\"thumbnailUrl\":\"https:\\\/\\\/www.accuratereviews.com\\\/wp-content\\\/uploads\\\/2022\\\/12\\\/red-tor.webp\",\"datePublished\":\"2022-12-06T17:02:43+00:00\",\"description\":\"Tor Browser: recensione del browser privato online, progettato per impedire a terzi indesiderati di guardare le proprie attivit\u00e0 su Internet.\",\"breadcrumb\":{\"@id\":\"https:\\\/\\\/www.accuratereviews.com\\\/it\\\/browser\\\/tor-browser-recensione\\\/#breadcrumb\"},\"inLanguage\":\"it-IT\",\"potentialAction\":[{\"@type\":\"ReadAction\",\"target\":[\"https:\\\/\\\/www.accuratereviews.com\\\/it\\\/browser\\\/tor-browser-recensione\\\/\"]}]},{\"@type\":\"ImageObject\",\"inLanguage\":\"it-IT\",\"@id\":\"https:\\\/\\\/www.accuratereviews.com\\\/it\\\/browser\\\/tor-browser-recensione\\\/#primaryimage\",\"url\":\"https:\\\/\\\/www.accuratereviews.com\\\/wp-content\\\/uploads\\\/2022\\\/12\\\/red-tor.webp\",\"contentUrl\":\"https:\\\/\\\/www.accuratereviews.com\\\/wp-content\\\/uploads\\\/2022\\\/12\\\/red-tor.webp\",\"width\":690,\"height\":335},{\"@type\":\"BreadcrumbList\",\"@id\":\"https:\\\/\\\/www.accuratereviews.com\\\/it\\\/browser\\\/tor-browser-recensione\\\/#breadcrumb\",\"itemListElement\":[{\"@type\":\"ListItem\",\"position\":1,\"name\":\"Home\",\"item\":\"https:\\\/\\\/www.accuratereviews.com\\\/it\\\/\"},{\"@type\":\"ListItem\",\"position\":2,\"name\":\"Browser\",\"item\":\"https:\\\/\\\/www.accuratereviews.com\\\/it\\\/browser\\\/\"},{\"@type\":\"ListItem\",\"position\":3,\"name\":\"Tor Browser\"}]},{\"@type\":\"WebSite\",\"@id\":\"https:\\\/\\\/www.accuratereviews.com\\\/it\\\/#website\",\"url\":\"https:\\\/\\\/www.accuratereviews.com\\\/it\\\/\",\"name\":\"Accurate Reviews\",\"description\":\"\",\"potentialAction\":[{\"@type\":\"SearchAction\",\"target\":{\"@type\":\"EntryPoint\",\"urlTemplate\":\"https:\\\/\\\/www.accuratereviews.com\\\/it\\\/?s={search_term_string}\"},\"query-input\":{\"@type\":\"PropertyValueSpecification\",\"valueRequired\":true,\"valueName\":\"search_term_string\"}}],\"inLanguage\":\"it-IT\"}]}<\/script>\n<!-- \/ Yoast SEO plugin. -->","yoast_head_json":{"title":"Tor Browser: recensione browser - Accurate Reviews","description":"Tor Browser: recensione del browser privato online, progettato per impedire a terzi indesiderati di guardare le proprie attivit\u00e0 su Internet.","robots":{"index":"index","follow":"follow","max-snippet":"max-snippet:-1","max-image-preview":"max-image-preview:large","max-video-preview":"max-video-preview:-1"},"canonical":"https:\/\/www.accuratereviews.com\/it\/browser\/tor-browser-recensione\/","og_locale":"it_IT","og_type":"article","og_title":"Tor Browser: recensione browser - Accurate Reviews","og_description":"Tor Browser: recensione del browser privato online, progettato per impedire a terzi indesiderati di guardare le proprie attivit\u00e0 su Internet.","og_url":"https:\/\/www.accuratereviews.com\/it\/browser\/tor-browser-recensione\/","og_site_name":"Accurate Reviews","og_image":[{"width":690,"height":335,"url":"https:\/\/www.accuratereviews.com\/wp-content\/uploads\/2022\/12\/red-tor.webp","type":"image\/webp"}],"twitter_card":"summary_large_image","twitter_misc":{"Tempo di lettura stimato":"3 minuti"},"schema":{"@context":"https:\/\/schema.org","@graph":[{"@type":"WebPage","@id":"https:\/\/www.accuratereviews.com\/it\/browser\/tor-browser-recensione\/","url":"https:\/\/www.accuratereviews.com\/it\/browser\/tor-browser-recensione\/","name":"Tor Browser: recensione browser - Accurate Reviews","isPartOf":{"@id":"https:\/\/www.accuratereviews.com\/it\/#website"},"primaryImageOfPage":{"@id":"https:\/\/www.accuratereviews.com\/it\/browser\/tor-browser-recensione\/#primaryimage"},"image":{"@id":"https:\/\/www.accuratereviews.com\/it\/browser\/tor-browser-recensione\/#primaryimage"},"thumbnailUrl":"https:\/\/www.accuratereviews.com\/wp-content\/uploads\/2022\/12\/red-tor.webp","datePublished":"2022-12-06T17:02:43+00:00","description":"Tor Browser: recensione del browser privato online, progettato per impedire a terzi indesiderati di guardare le proprie attivit\u00e0 su Internet.","breadcrumb":{"@id":"https:\/\/www.accuratereviews.com\/it\/browser\/tor-browser-recensione\/#breadcrumb"},"inLanguage":"it-IT","potentialAction":[{"@type":"ReadAction","target":["https:\/\/www.accuratereviews.com\/it\/browser\/tor-browser-recensione\/"]}]},{"@type":"ImageObject","inLanguage":"it-IT","@id":"https:\/\/www.accuratereviews.com\/it\/browser\/tor-browser-recensione\/#primaryimage","url":"https:\/\/www.accuratereviews.com\/wp-content\/uploads\/2022\/12\/red-tor.webp","contentUrl":"https:\/\/www.accuratereviews.com\/wp-content\/uploads\/2022\/12\/red-tor.webp","width":690,"height":335},{"@type":"BreadcrumbList","@id":"https:\/\/www.accuratereviews.com\/it\/browser\/tor-browser-recensione\/#breadcrumb","itemListElement":[{"@type":"ListItem","position":1,"name":"Home","item":"https:\/\/www.accuratereviews.com\/it\/"},{"@type":"ListItem","position":2,"name":"Browser","item":"https:\/\/www.accuratereviews.com\/it\/browser\/"},{"@type":"ListItem","position":3,"name":"Tor Browser"}]},{"@type":"WebSite","@id":"https:\/\/www.accuratereviews.com\/it\/#website","url":"https:\/\/www.accuratereviews.com\/it\/","name":"Accurate Reviews","description":"","potentialAction":[{"@type":"SearchAction","target":{"@type":"EntryPoint","urlTemplate":"https:\/\/www.accuratereviews.com\/it\/?s={search_term_string}"},"query-input":{"@type":"PropertyValueSpecification","valueRequired":true,"valueName":"search_term_string"}}],"inLanguage":"it-IT"}]}},"_links":{"self":[{"href":"https:\/\/www.accuratereviews.com\/it\/wp-json\/wp\/v2\/pages\/64696","targetHints":{"allow":["GET"]}}],"collection":[{"href":"https:\/\/www.accuratereviews.com\/it\/wp-json\/wp\/v2\/pages"}],"about":[{"href":"https:\/\/www.accuratereviews.com\/it\/wp-json\/wp\/v2\/types\/page"}],"author":[{"embeddable":true,"href":"https:\/\/www.accuratereviews.com\/it\/wp-json\/wp\/v2\/users\/19"}],"replies":[{"embeddable":true,"href":"https:\/\/www.accuratereviews.com\/it\/wp-json\/wp\/v2\/comments?post=64696"}],"version-history":[{"count":8,"href":"https:\/\/www.accuratereviews.com\/it\/wp-json\/wp\/v2\/pages\/64696\/revisions"}],"predecessor-version":[{"id":64721,"href":"https:\/\/www.accuratereviews.com\/it\/wp-json\/wp\/v2\/pages\/64696\/revisions\/64721"}],"up":[{"embeddable":true,"href":"https:\/\/www.accuratereviews.com\/it\/wp-json\/wp\/v2\/pages\/64530"}],"wp:featuredmedia":[{"embeddable":true,"href":"https:\/\/www.accuratereviews.com\/it\/wp-json\/wp\/v2\/media\/64697"}],"wp:attachment":[{"href":"https:\/\/www.accuratereviews.com\/it\/wp-json\/wp\/v2\/media?parent=64696"}],"wp:term":[{"taxonomy":"category","embeddable":true,"href":"https:\/\/www.accuratereviews.com\/it\/wp-json\/wp\/v2\/categories?post=64696"},{"taxonomy":"post_tag","embeddable":true,"href":"https:\/\/www.accuratereviews.com\/it\/wp-json\/wp\/v2\/tags?post=64696"},{"taxonomy":"features","embeddable":true,"href":"https:\/\/www.accuratereviews.com\/it\/wp-json\/wp\/v2\/features?post=64696"}],"curies":[{"name":"wp","href":"https:\/\/api.w.org\/{rel}","templated":true}]}}