{"id":64703,"date":"2022-12-06T17:24:13","date_gmt":"2022-12-06T17:24:13","guid":{"rendered":"https:\/\/www.accuratereviews.com\/?page_id=64703"},"modified":"2022-12-06T17:24:13","modified_gmt":"2022-12-06T17:24:13","slug":"polypane-recensione","status":"publish","type":"page","link":"https:\/\/www.accuratereviews.com\/it\/browser\/polypane-recensione\/","title":{"rendered":"Polypane"},"content":{"rendered":"<p><strong>Polypane<\/strong> \u00e8 un<strong> browser autonomo<\/strong> per sviluppatori, basato su Chromium. Dispone di strumenti integrati per il responsive design, l&#8217;emulazione del dispositivo, i test di accessibilit\u00e0 e le prestazioni del sito web. Mostrando il tuo sito in pi\u00f9 finestre, tutte completamente sincronizzate, puoi sviluppare e testare il sito senza dover ridimensionare continuamente il browser.<br \/>\nOgni finestra supporta anche le proprie funzionalit\u00e0 di emulazione del dispositivo e di emulazione di query multimediali, semplificando ad esempio il test di un dispositivo iOS e Android o un tema in modalit\u00e0 chiara e scura, mantenendo tutto il resto completamente sincronizzato.<\/p>\n<h2>POLYPANE &#8211; TUTORIAL<\/h2>\n<div id=\"fluid-wrapper-counter-1\" class=\"g1-fluid-wrapper \" style=\"width:686px;\">\n<div style=\"padding-bottom:56.268221574344%;\"><iframe loading=\"lazy\" title=\"Getting started with Polypane\" width=\"686\" height=\"386\" src=\"https:\/\/www.youtube.com\/embed\/tdOKznrXuow?feature=oembed&amp;wmode=transparent&amp;autohide=1&amp;autoplay=0&amp;disablekb=0&amp;fs=1&amp;loop=0&amp;enablejsapi=1&amp;rel=0&amp;controls=2&amp;showinfo=0&amp;wmode=transparent&amp;autohide=2&amp;autoplay=0&amp;disablekb=0&amp;fs=1&amp;loop=0&amp;enablejsapi=1&amp;rel=0&amp;controls=2&amp;showinfo=1\" frameborder=\"0\" allow=\"accelerometer; autoplay; clipboard-write; encrypted-media; gyroscope; picture-in-picture\" allowfullscreen><\/iframe><\/div>\n<\/div>\n<h3>POLYPANE &#8211; CARATTERISTICHE<\/h3>\n<ul>\n<li>Visualizza le tue pagine in pi\u00f9 finestre contemporaneamente, tutte perfettamente sincronizzate mentre lavori su di esse.<\/li>\n<li>Oltre 80 diversi test di accessibilit\u00e0 e 25 diversi strumenti di debug per ispezionare la tua pagina.<\/li>\n<li>Le anteprime dei social media sono integrate nel browser in modo da poterle controllare anche per i siti locali.<\/li>\n<li>Emulazione completa di dispositivi e media query per testare le tue pagine come mai prima d&#8217;ora.<\/li>\n<li>Crea finestre basate sul CSS della pagina: il browser analizza automaticamente i tuoi stili ed estrae i punti di interruzione CSS da essi.<\/li>\n<li>Metti alla prova il tuo sito con diversi simulatori, dal daltonismo ai disturbi visivi, dal contrasto, alla modalit\u00e0 notturna e alla dislessia.<\/li>\n<\/ul>\n<h4>LE RECENSIONI DEGLI UTENTI<\/h4>\n<p><strong>hamza&#8221;mi piace usare polypane&#8221;<\/strong><br \/>\n<strong>Commenti<\/strong>: Lo adoro<br \/>\n<strong>Pro<\/strong>: facile da usare e mi piace sempre usarlo<br \/>\n<strong>Contro<\/strong>: niente di particolare ed \u00e8 molto economico per me<\/p>\n<p><strong>Elena&#8221;Sono felice di lavorare con polypane&#8221;<\/strong><br \/>\n<strong>Pro<\/strong>: Risparmia un&#8217;enorme quantit\u00e0 di tempo e ti consente di testare diversi dispositivi contemporaneamente. Offre un&#8217;ampia quantit\u00e0 di informazioni su vari aspetti dello sviluppo della pagina in un unico posto, semplice, intuitivo e veloce.<br \/>\n<strong>Contro<\/strong>: Lo sto usando da poco. Finora mi piace tutto. Sono positivamente impressionato dalla quantit\u00e0 di informazioni che fornisce.<\/p>\n<p><strong>Keri&#8221;Piattaforma di test del sito Web all-in-one rivoluzionaria&#8221;<\/strong><br \/>\n<strong>Commenti<\/strong>: Ha aumentato la mia efficienza e mi consente di eseguire test completi del sito Web con un&#8217;unica applicazione.<br \/>\n<strong>Pro<\/strong>: Non dovrai pi\u00f9 alternare tra varie app e altri siti Web per una variet\u00e0 di test. Posso fare tutto in Polypane. Dai test reattivi su vari browser al controllo dell&#8217;accessibilit\u00e0, questo software ti copre.<br \/>\n<strong>Contro<\/strong>: Nessun problema in questo momento. Polypane ha tutto ci\u00f2 di cui ho bisogno.<\/p>\n","protected":false},"excerpt":{"rendered":"<p>Polypane \u00e8 un browser autonomo per sviluppatori, basato su Chromium. Dispone di strumenti integrati per il responsive design, l&#8217;emulazione del dispositivo, i test di accessibilit\u00e0 e le prestazioni del sito web. Mostrando il tuo sito in pi\u00f9 finestre, tutte completamente sincronizzate, puoi sviluppare e testare il sito senza dover ridimensionare continuamente il browser.<\/p>\n","protected":false},"author":19,"featured_media":64705,"parent":64530,"menu_order":0,"comment_status":"open","ping_status":"closed","template":"g1_template_page_review_new.php","meta":{"_acf_changed":false,"cwp_meta_box_check":"Yes","cwp_rev_product_name":"","cwp_rev_product_image":"","wppr_links":[],"cwp_rev_price":"0.00","wppr_options":[{"name":"Usability","value":"0"},{"name":"Speed","value":"0"},{"name":"Features","value":"0"},{"name":"Support","value":"0"},{"name":"Pricing","value":"0"}],"wppr_pros":["","","","",""],"wppr_cons":["","","","",""],"_monsterinsights_skip_tracking":false,"_monsterinsights_sitenote_active":false,"_monsterinsights_sitenote_note":"","_monsterinsights_sitenote_category":0,"footnotes":""},"categories":[13813],"tags":[13815,13816,464,13838],"features":[],"class_list":{"0":"post-64703","1":"page","2":"type-page","3":"status-publish","4":"has-post-thumbnail","6":"category-browser-categoria","7":"tag-browser","8":"tag-browser-web","9":"tag-gratuito","10":"tag-polypane"},"wppr_data":{"cwp_meta_box_check":"Yes","_wppr_review_template":"default","cwp_rev_product_image":"","cwp_image_link":"image","wppr_links":[],"cwp_rev_price":"0.00","wppr_pros":["","","","",""],"wppr_cons":["","","","",""],"wppr_rating":"0.00","wppr_options":{"1":{"name":"Usability","value":"0"},"2":{"name":"Speed","value":"0"},"3":{"name":"Features","value":"0"},"4":{"name":"Support","value":"0"},"5":{"name":"Pricing","value":"0"}},"wppr_review_type":"Product","wppr_review_custom_fields":{"additionalProperty":"","additionalType":"","aggregateRating":"","alternateName":"","audience":"","award":"","awards":"","brand":"","color":"","depth":"","description":"","disambiguatingDescription":"","gtin12":"","gtin13":"","gtin14":"","gtin8":"","height":"","identifier":"","image":"","isAccessoryOrSparePartFor":"","isConsumableFor":"","isRelatedTo":"","isSimilarTo":"","itemCondition":"","logo":"","mainEntityOfPage":"","manufacturer":"","material":"","model":"","mpn":"","name":"","offers":"","potentialAction":"","productID":"","productionDate":"","purchaseDate":"","releaseDate":"","review":"","reviews":"","sameAs":"","sku":"","slogan":"","subjectOf":"","url":"","weight":"","width":""}},"acf":[],"yoast_head":"<!-- This site is optimized with the Yoast SEO plugin v27.4 - https:\/\/yoast.com\/product\/yoast-seo-wordpress\/ -->\n<title>Polypane: recensione browser - Accurate Reviews<\/title>\n<meta name=\"description\" content=\"Polypane: recensione browser autonomo per sviluppatori, basato su Chromium, che dispone di molteplici strumenti integrati.\" \/>\n<meta name=\"robots\" content=\"index, follow, max-snippet:-1, max-image-preview:large, max-video-preview:-1\" \/>\n<link rel=\"canonical\" href=\"https:\/\/www.accuratereviews.com\/it\/browser\/polypane-recensione\/\" \/>\n<meta property=\"og:locale\" content=\"it_IT\" \/>\n<meta property=\"og:type\" content=\"article\" \/>\n<meta property=\"og:title\" content=\"Polypane: recensione browser - Accurate Reviews\" \/>\n<meta property=\"og:description\" content=\"Polypane: recensione browser autonomo per sviluppatori, basato su Chromium, che dispone di molteplici strumenti integrati.\" \/>\n<meta property=\"og:url\" content=\"https:\/\/www.accuratereviews.com\/it\/browser\/polypane-recensione\/\" \/>\n<meta property=\"og:site_name\" content=\"Accurate Reviews\" \/>\n<meta property=\"og:image\" content=\"https:\/\/www.accuratereviews.com\/wp-content\/uploads\/2022\/12\/Polypane.jpg\" \/>\n\t<meta property=\"og:image:width\" content=\"225\" \/>\n\t<meta property=\"og:image:height\" content=\"225\" \/>\n\t<meta property=\"og:image:type\" content=\"image\/jpeg\" \/>\n<meta name=\"twitter:card\" content=\"summary_large_image\" \/>\n<meta name=\"twitter:label1\" content=\"Tempo di lettura stimato\" \/>\n\t<meta name=\"twitter:data1\" content=\"3 minuti\" \/>\n<script type=\"application\/ld+json\" class=\"yoast-schema-graph\">{\"@context\":\"https:\\\/\\\/schema.org\",\"@graph\":[{\"@type\":\"WebPage\",\"@id\":\"https:\\\/\\\/www.accuratereviews.com\\\/it\\\/browser\\\/polypane-recensione\\\/\",\"url\":\"https:\\\/\\\/www.accuratereviews.com\\\/it\\\/browser\\\/polypane-recensione\\\/\",\"name\":\"Polypane: recensione browser - Accurate Reviews\",\"isPartOf\":{\"@id\":\"https:\\\/\\\/www.accuratereviews.com\\\/it\\\/#website\"},\"primaryImageOfPage\":{\"@id\":\"https:\\\/\\\/www.accuratereviews.com\\\/it\\\/browser\\\/polypane-recensione\\\/#primaryimage\"},\"image\":{\"@id\":\"https:\\\/\\\/www.accuratereviews.com\\\/it\\\/browser\\\/polypane-recensione\\\/#primaryimage\"},\"thumbnailUrl\":\"https:\\\/\\\/www.accuratereviews.com\\\/wp-content\\\/uploads\\\/2022\\\/12\\\/Polypane.jpg\",\"datePublished\":\"2022-12-06T17:24:13+00:00\",\"description\":\"Polypane: recensione browser autonomo per sviluppatori, basato su Chromium, che dispone di molteplici strumenti integrati.\",\"breadcrumb\":{\"@id\":\"https:\\\/\\\/www.accuratereviews.com\\\/it\\\/browser\\\/polypane-recensione\\\/#breadcrumb\"},\"inLanguage\":\"it-IT\",\"potentialAction\":[{\"@type\":\"ReadAction\",\"target\":[\"https:\\\/\\\/www.accuratereviews.com\\\/it\\\/browser\\\/polypane-recensione\\\/\"]}]},{\"@type\":\"ImageObject\",\"inLanguage\":\"it-IT\",\"@id\":\"https:\\\/\\\/www.accuratereviews.com\\\/it\\\/browser\\\/polypane-recensione\\\/#primaryimage\",\"url\":\"https:\\\/\\\/www.accuratereviews.com\\\/wp-content\\\/uploads\\\/2022\\\/12\\\/Polypane.jpg\",\"contentUrl\":\"https:\\\/\\\/www.accuratereviews.com\\\/wp-content\\\/uploads\\\/2022\\\/12\\\/Polypane.jpg\",\"width\":225,\"height\":225},{\"@type\":\"BreadcrumbList\",\"@id\":\"https:\\\/\\\/www.accuratereviews.com\\\/it\\\/browser\\\/polypane-recensione\\\/#breadcrumb\",\"itemListElement\":[{\"@type\":\"ListItem\",\"position\":1,\"name\":\"Home\",\"item\":\"https:\\\/\\\/www.accuratereviews.com\\\/it\\\/\"},{\"@type\":\"ListItem\",\"position\":2,\"name\":\"Browser\",\"item\":\"https:\\\/\\\/www.accuratereviews.com\\\/it\\\/browser\\\/\"},{\"@type\":\"ListItem\",\"position\":3,\"name\":\"Polypane\"}]},{\"@type\":\"WebSite\",\"@id\":\"https:\\\/\\\/www.accuratereviews.com\\\/it\\\/#website\",\"url\":\"https:\\\/\\\/www.accuratereviews.com\\\/it\\\/\",\"name\":\"Accurate Reviews\",\"description\":\"\",\"potentialAction\":[{\"@type\":\"SearchAction\",\"target\":{\"@type\":\"EntryPoint\",\"urlTemplate\":\"https:\\\/\\\/www.accuratereviews.com\\\/it\\\/?s={search_term_string}\"},\"query-input\":{\"@type\":\"PropertyValueSpecification\",\"valueRequired\":true,\"valueName\":\"search_term_string\"}}],\"inLanguage\":\"it-IT\"}]}<\/script>\n<!-- \/ Yoast SEO plugin. -->","yoast_head_json":{"title":"Polypane: recensione browser - Accurate Reviews","description":"Polypane: recensione browser autonomo per sviluppatori, basato su Chromium, che dispone di molteplici strumenti integrati.","robots":{"index":"index","follow":"follow","max-snippet":"max-snippet:-1","max-image-preview":"max-image-preview:large","max-video-preview":"max-video-preview:-1"},"canonical":"https:\/\/www.accuratereviews.com\/it\/browser\/polypane-recensione\/","og_locale":"it_IT","og_type":"article","og_title":"Polypane: recensione browser - Accurate Reviews","og_description":"Polypane: recensione browser autonomo per sviluppatori, basato su Chromium, che dispone di molteplici strumenti integrati.","og_url":"https:\/\/www.accuratereviews.com\/it\/browser\/polypane-recensione\/","og_site_name":"Accurate Reviews","og_image":[{"width":225,"height":225,"url":"https:\/\/www.accuratereviews.com\/wp-content\/uploads\/2022\/12\/Polypane.jpg","type":"image\/jpeg"}],"twitter_card":"summary_large_image","twitter_misc":{"Tempo di lettura stimato":"3 minuti"},"schema":{"@context":"https:\/\/schema.org","@graph":[{"@type":"WebPage","@id":"https:\/\/www.accuratereviews.com\/it\/browser\/polypane-recensione\/","url":"https:\/\/www.accuratereviews.com\/it\/browser\/polypane-recensione\/","name":"Polypane: recensione browser - Accurate Reviews","isPartOf":{"@id":"https:\/\/www.accuratereviews.com\/it\/#website"},"primaryImageOfPage":{"@id":"https:\/\/www.accuratereviews.com\/it\/browser\/polypane-recensione\/#primaryimage"},"image":{"@id":"https:\/\/www.accuratereviews.com\/it\/browser\/polypane-recensione\/#primaryimage"},"thumbnailUrl":"https:\/\/www.accuratereviews.com\/wp-content\/uploads\/2022\/12\/Polypane.jpg","datePublished":"2022-12-06T17:24:13+00:00","description":"Polypane: recensione browser autonomo per sviluppatori, basato su Chromium, che dispone di molteplici strumenti integrati.","breadcrumb":{"@id":"https:\/\/www.accuratereviews.com\/it\/browser\/polypane-recensione\/#breadcrumb"},"inLanguage":"it-IT","potentialAction":[{"@type":"ReadAction","target":["https:\/\/www.accuratereviews.com\/it\/browser\/polypane-recensione\/"]}]},{"@type":"ImageObject","inLanguage":"it-IT","@id":"https:\/\/www.accuratereviews.com\/it\/browser\/polypane-recensione\/#primaryimage","url":"https:\/\/www.accuratereviews.com\/wp-content\/uploads\/2022\/12\/Polypane.jpg","contentUrl":"https:\/\/www.accuratereviews.com\/wp-content\/uploads\/2022\/12\/Polypane.jpg","width":225,"height":225},{"@type":"BreadcrumbList","@id":"https:\/\/www.accuratereviews.com\/it\/browser\/polypane-recensione\/#breadcrumb","itemListElement":[{"@type":"ListItem","position":1,"name":"Home","item":"https:\/\/www.accuratereviews.com\/it\/"},{"@type":"ListItem","position":2,"name":"Browser","item":"https:\/\/www.accuratereviews.com\/it\/browser\/"},{"@type":"ListItem","position":3,"name":"Polypane"}]},{"@type":"WebSite","@id":"https:\/\/www.accuratereviews.com\/it\/#website","url":"https:\/\/www.accuratereviews.com\/it\/","name":"Accurate Reviews","description":"","potentialAction":[{"@type":"SearchAction","target":{"@type":"EntryPoint","urlTemplate":"https:\/\/www.accuratereviews.com\/it\/?s={search_term_string}"},"query-input":{"@type":"PropertyValueSpecification","valueRequired":true,"valueName":"search_term_string"}}],"inLanguage":"it-IT"}]}},"_links":{"self":[{"href":"https:\/\/www.accuratereviews.com\/it\/wp-json\/wp\/v2\/pages\/64703","targetHints":{"allow":["GET"]}}],"collection":[{"href":"https:\/\/www.accuratereviews.com\/it\/wp-json\/wp\/v2\/pages"}],"about":[{"href":"https:\/\/www.accuratereviews.com\/it\/wp-json\/wp\/v2\/types\/page"}],"author":[{"embeddable":true,"href":"https:\/\/www.accuratereviews.com\/it\/wp-json\/wp\/v2\/users\/19"}],"replies":[{"embeddable":true,"href":"https:\/\/www.accuratereviews.com\/it\/wp-json\/wp\/v2\/comments?post=64703"}],"version-history":[{"count":8,"href":"https:\/\/www.accuratereviews.com\/it\/wp-json\/wp\/v2\/pages\/64703\/revisions"}],"predecessor-version":[{"id":64723,"href":"https:\/\/www.accuratereviews.com\/it\/wp-json\/wp\/v2\/pages\/64703\/revisions\/64723"}],"up":[{"embeddable":true,"href":"https:\/\/www.accuratereviews.com\/it\/wp-json\/wp\/v2\/pages\/64530"}],"wp:featuredmedia":[{"embeddable":true,"href":"https:\/\/www.accuratereviews.com\/it\/wp-json\/wp\/v2\/media\/64705"}],"wp:attachment":[{"href":"https:\/\/www.accuratereviews.com\/it\/wp-json\/wp\/v2\/media?parent=64703"}],"wp:term":[{"taxonomy":"category","embeddable":true,"href":"https:\/\/www.accuratereviews.com\/it\/wp-json\/wp\/v2\/categories?post=64703"},{"taxonomy":"post_tag","embeddable":true,"href":"https:\/\/www.accuratereviews.com\/it\/wp-json\/wp\/v2\/tags?post=64703"},{"taxonomy":"features","embeddable":true,"href":"https:\/\/www.accuratereviews.com\/it\/wp-json\/wp\/v2\/features?post=64703"}],"curies":[{"name":"wp","href":"https:\/\/api.w.org\/{rel}","templated":true}]}}