{"id":64815,"date":"2022-12-09T13:24:53","date_gmt":"2022-12-09T13:24:53","guid":{"rendered":"https:\/\/www.accuratereviews.com\/?page_id=64815"},"modified":"2022-12-09T16:30:37","modified_gmt":"2022-12-09T16:30:37","slug":"wavebox-recensione","status":"publish","type":"page","link":"https:\/\/www.accuratereviews.com\/it\/browser\/wavebox-recensione\/","title":{"rendered":"Wavebox"},"content":{"rendered":"<p><strong>Wavebox<\/strong> \u00e8 un <strong>browser Chromium<\/strong> che offre ai propri utenti una navigazione intuitiva, sicura e veloce. Dispone di schede ordine, spazi di lavoro flessibili e consente di accedervi con pi\u00f9 account in modo che tu possa stare sempre connesso a tutto senza usare profili o cambiare browser. Ti permette di lavorare in modo produttivo su Google Workspaces, Microsoft Teams, ClickUp, Monday, Atlassian, Asana, AirTable, Slack e altre app.<br \/>\n\u00c8 possibile utilizzare qualsiasi estensione del Chrome Web Store con\u00a0<strong>Wavebox<\/strong>, come Grammarly, Boomerang e Lastpass.<\/p>\n<h2>WAVEBOX &#8211; TUTORIAL<\/h2>\n<div id=\"fluid-wrapper-counter-1\" class=\"g1-fluid-wrapper \" style=\"width:686px;\">\n<div style=\"padding-bottom:56.268221574344%;\"><iframe loading=\"lazy\" title=\"Your first 5 minutes with Wavebox\" width=\"515\" height=\"386\" src=\"https:\/\/www.youtube.com\/embed\/PlOcERQzy_Q?feature=oembed&amp;wmode=transparent&amp;autohide=1&amp;autoplay=0&amp;disablekb=0&amp;fs=1&amp;loop=0&amp;enablejsapi=1&amp;rel=0&amp;controls=2&amp;showinfo=0&amp;wmode=transparent&amp;autohide=2&amp;autoplay=0&amp;disablekb=0&amp;fs=1&amp;loop=0&amp;enablejsapi=1&amp;rel=0&amp;controls=2&amp;showinfo=1\" frameborder=\"0\" allow=\"accelerometer; autoplay; clipboard-write; encrypted-media; gyroscope; picture-in-picture\" allowfullscreen><\/iframe><\/div>\n<\/div>\n<h3>WAVEBOX &#8211; CARATTERISTICHE<\/h3>\n<ul>\n<li><strong>Un unico luogo<\/strong>: immaginate di avere Notion, AirTable, ClickUp, Slack e tutti i vostri strumenti web quotidiani organizzati, sempre connessi e dove li avete lasciati. Questo \u00e8 Wavebox.<\/li>\n<li><strong>Bello e ordinato<\/strong>: il webdock offre un accesso rapido ai vostri strumenti preferiti. Fate clic su + nel webdock per creare un gruppo, aggiungere un&#8217;applicazione\/sito web\/URL o semplicemente sfogliare le schede. Aggiungete poi dei divisori pieghevoli per organizzare i gruppi, delle cartelle per organizzare le schede e trascinate a sinistra\/destra per passare dalla visualizzazione a icone a quella a elenco.<\/li>\n<li><strong>Flussi di lavoro per risparmiare tempo<\/strong>: \u00e8 possibile creare flussi di lavoro aggiungendo applicazioni\/siti web a ciascun gruppo. Aggiungete applicazioni come Google Calendar, Grammarly, Todoist e MailChimp alla barra degli strumenti orizzontale superiore e passate da una all&#8217;altra per completare il lavoro.<\/li>\n<li><strong>Menu e azioni rapide<\/strong>: passate il mouse su qualsiasi icona per visualizzare il menu a tendina, dove una miniatura recente vi ricorder\u00e0 cosa c&#8217;\u00e8 nella scheda. C&#8217;\u00e8 anche un elenco di pagine visitate di recente che si possono &#8220;appuntare&#8221; e l&#8217;opzione di &#8220;appuntare&#8221; e utilizzare di nuovo in un secondo momento.<\/li>\n<li><strong>Modalit\u00e0 Focus<\/strong>: utilizzare il pannello Modalit\u00e0 Focus per disattivare notifiche, badge e suoni per una selezione di app o per tutte.<\/li>\n<li><strong>Rimanete aggiornati su tutto nel browser<\/strong>: quando si tratta di gestire le notifiche, nessun altro browser si avvicina a Wavebox. Con l&#8217;aiuto di queste sei funzioni, sarete sempre aggiornati su ogni app e scheda.<\/li>\n<li><strong>Notifiche sul desktop<\/strong>: personalizzate le impostazioni delle notifiche sul desktop per tutte le app, compresi i suoni, e disattivate con la modalit\u00e0 Focus.<\/li>\n<li><strong>Conteggio dell&#8217;icona del vassoio<\/strong>: utilizzate l&#8217;icona del vassoio per tenere traccia del numero di messaggi non letti quando non siete in Wavebox. Personalizzate il layout e i colori.<\/li>\n<li><strong>Suoni di notifica<\/strong>: si pu\u00f2 sentire un suono per Trello e uno squittio per Slack; \u00e8 possibile selezionare un suono diverso per le app pi\u00f9 importanti.<\/li>\n<li><strong>Widget dello spazio di lavoro<\/strong>: create widget Wavebox Mini individuali per i vostri spazi di lavoro. I widget non letti possono essere personalizzati per gruppo\/app.<\/li>\n<\/ul>\n<h4>LE RECENSIONI DEGLI UTENTI<\/h4>\n<p><strong>Aravind Reddy &#8220;Decluttering della vita digitale&#8221;<\/strong><br \/>\nPRO: tutto ci\u00f2 che il prodotto offre comprende: 1. Contenitori per i cookie 2. Schermo diviso 3. Regole di apertura dei link 4. Gruppi, schede e organizzazione<br \/>\nCONTRO: non ho trovato nulla che non mi piaccia in questo prodotto.<\/p>\n<p><strong>Palash &#8220;Il miglior browser Alt in circolazione&#8221;<\/strong><br \/>\nCOMMENTI: prodotto fenomenale!<br \/>\nPRO: altamente configurabile. Possibilit\u00e0 di accedere a pi\u00f9 account dello stesso software (es. Outlook e Slack) e di raggruppare tali account nella stessa icona della barra laterale<br \/>\nCONTRO: il muting delle notifiche potrebbe essere difficile in alcuni casi<\/p>\n<p><strong>Matt &#8220;Semplifica il mio intero flusso di lavoro&#8221;<\/strong><br \/>\nPRO: Wavebox mi permette di organizzare facilmente tutte le app web che uso ogni giorno.<br \/>\nCONTRO: alcune funzioni sono difficili da scoprire, ma questo testimonia quanto sia ricco questo strumento.<\/p>\n","protected":false},"excerpt":{"rendered":"<p>Wavebox \u00e8 un browser Chromium che offre ai propri utenti una navigazione intuitiva, sicura e veloce. Dispone di schede ordine, spazi di lavoro flessibili e consente di accedervi con pi\u00f9 account in modo che tu possa stare sempre connesso a tutto senza usare profili o cambiare browser.<\/p>\n","protected":false},"author":17,"featured_media":64817,"parent":64530,"menu_order":0,"comment_status":"open","ping_status":"closed","template":"g1_template_page_review_new.php","meta":{"_acf_changed":false,"cwp_meta_box_check":"Yes","cwp_rev_product_name":"","cwp_rev_product_image":"","wppr_links":[],"cwp_rev_price":"0.00","wppr_options":[{"name":"Usability","value":"0"},{"name":"Speed","value":"0"},{"name":"Features","value":"0"},{"name":"Support","value":"0"},{"name":"Pricing","value":"0"}],"wppr_pros":["","","","",""],"wppr_cons":["","","","",""],"_monsterinsights_skip_tracking":false,"_monsterinsights_sitenote_active":false,"_monsterinsights_sitenote_note":"","_monsterinsights_sitenote_category":0,"footnotes":""},"categories":[13813],"tags":[13815,13816,13818,13831],"features":[],"class_list":{"0":"post-64815","1":"page","2":"type-page","3":"status-publish","4":"has-post-thumbnail","6":"category-browser-categoria","7":"tag-browser","8":"tag-browser-web","9":"tag-navigatore-web","10":"tag-navigazione-sicura"},"wppr_data":{"cwp_meta_box_check":"Yes","_wppr_review_template":"default","cwp_rev_product_image":"","cwp_image_link":"image","wppr_links":[],"cwp_rev_price":"0.00","wppr_pros":["","","","",""],"wppr_cons":["","","","",""],"wppr_rating":"0.00","wppr_options":{"1":{"name":"Usability","value":"0"},"2":{"name":"Speed","value":"0"},"3":{"name":"Features","value":"0"},"4":{"name":"Support","value":"0"},"5":{"name":"Pricing","value":"0"}},"wppr_review_type":"Product","wppr_review_custom_fields":{"additionalProperty":"","additionalType":"","aggregateRating":"","alternateName":"","audience":"","award":"","awards":"","brand":"","color":"","depth":"","description":"","disambiguatingDescription":"","gtin12":"","gtin13":"","gtin14":"","gtin8":"","height":"","identifier":"","image":"","isAccessoryOrSparePartFor":"","isConsumableFor":"","isRelatedTo":"","isSimilarTo":"","itemCondition":"","logo":"","mainEntityOfPage":"","manufacturer":"","material":"","model":"","mpn":"","name":"","offers":"","potentialAction":"","productID":"","productionDate":"","purchaseDate":"","releaseDate":"","review":"","reviews":"","sameAs":"","sku":"","slogan":"","subjectOf":"","url":"","weight":"","width":""}},"acf":[],"yoast_head":"<!-- This site is optimized with the Yoast SEO plugin v27.4 - https:\/\/yoast.com\/product\/yoast-seo-wordpress\/ -->\n<title>Wavebox: recensione browser - Accurate Reviews<\/title>\n<meta name=\"description\" content=\"Wavebox: recensione del browser Chromium che offre ai propri utenti una navigazione intuitiva, sicura e veloce.\" \/>\n<meta name=\"robots\" content=\"index, follow, max-snippet:-1, max-image-preview:large, max-video-preview:-1\" \/>\n<link rel=\"canonical\" href=\"https:\/\/www.accuratereviews.com\/it\/browser\/wavebox-recensione\/\" \/>\n<meta property=\"og:locale\" content=\"it_IT\" \/>\n<meta property=\"og:type\" content=\"article\" \/>\n<meta property=\"og:title\" content=\"Wavebox: recensione browser - Accurate Reviews\" \/>\n<meta property=\"og:description\" content=\"Wavebox: recensione del browser Chromium che offre ai propri utenti una navigazione intuitiva, sicura e veloce.\" \/>\n<meta property=\"og:url\" content=\"https:\/\/www.accuratereviews.com\/it\/browser\/wavebox-recensione\/\" \/>\n<meta property=\"og:site_name\" content=\"Accurate Reviews\" \/>\n<meta property=\"article:modified_time\" content=\"2022-12-09T16:30:37+00:00\" \/>\n<meta property=\"og:image\" content=\"https:\/\/www.accuratereviews.com\/wp-content\/uploads\/2022\/12\/Wavebox-Logo.jpg\" \/>\n\t<meta property=\"og:image:width\" content=\"396\" \/>\n\t<meta property=\"og:image:height\" content=\"338\" \/>\n\t<meta property=\"og:image:type\" content=\"image\/jpeg\" \/>\n<meta name=\"twitter:card\" content=\"summary_large_image\" \/>\n<meta name=\"twitter:label1\" content=\"Tempo di lettura stimato\" \/>\n\t<meta name=\"twitter:data1\" content=\"3 minuti\" \/>\n<script type=\"application\/ld+json\" class=\"yoast-schema-graph\">{\"@context\":\"https:\\\/\\\/schema.org\",\"@graph\":[{\"@type\":\"WebPage\",\"@id\":\"https:\\\/\\\/www.accuratereviews.com\\\/it\\\/browser\\\/wavebox-recensione\\\/\",\"url\":\"https:\\\/\\\/www.accuratereviews.com\\\/it\\\/browser\\\/wavebox-recensione\\\/\",\"name\":\"Wavebox: recensione browser - Accurate Reviews\",\"isPartOf\":{\"@id\":\"https:\\\/\\\/www.accuratereviews.com\\\/it\\\/#website\"},\"primaryImageOfPage\":{\"@id\":\"https:\\\/\\\/www.accuratereviews.com\\\/it\\\/browser\\\/wavebox-recensione\\\/#primaryimage\"},\"image\":{\"@id\":\"https:\\\/\\\/www.accuratereviews.com\\\/it\\\/browser\\\/wavebox-recensione\\\/#primaryimage\"},\"thumbnailUrl\":\"https:\\\/\\\/www.accuratereviews.com\\\/wp-content\\\/uploads\\\/2022\\\/12\\\/Wavebox-Logo.jpg\",\"datePublished\":\"2022-12-09T13:24:53+00:00\",\"dateModified\":\"2022-12-09T16:30:37+00:00\",\"description\":\"Wavebox: recensione del browser Chromium che offre ai propri utenti una navigazione intuitiva, sicura e veloce.\",\"breadcrumb\":{\"@id\":\"https:\\\/\\\/www.accuratereviews.com\\\/it\\\/browser\\\/wavebox-recensione\\\/#breadcrumb\"},\"inLanguage\":\"it-IT\",\"potentialAction\":[{\"@type\":\"ReadAction\",\"target\":[\"https:\\\/\\\/www.accuratereviews.com\\\/it\\\/browser\\\/wavebox-recensione\\\/\"]}]},{\"@type\":\"ImageObject\",\"inLanguage\":\"it-IT\",\"@id\":\"https:\\\/\\\/www.accuratereviews.com\\\/it\\\/browser\\\/wavebox-recensione\\\/#primaryimage\",\"url\":\"https:\\\/\\\/www.accuratereviews.com\\\/wp-content\\\/uploads\\\/2022\\\/12\\\/Wavebox-Logo.jpg\",\"contentUrl\":\"https:\\\/\\\/www.accuratereviews.com\\\/wp-content\\\/uploads\\\/2022\\\/12\\\/Wavebox-Logo.jpg\",\"width\":396,\"height\":338},{\"@type\":\"BreadcrumbList\",\"@id\":\"https:\\\/\\\/www.accuratereviews.com\\\/it\\\/browser\\\/wavebox-recensione\\\/#breadcrumb\",\"itemListElement\":[{\"@type\":\"ListItem\",\"position\":1,\"name\":\"Home\",\"item\":\"https:\\\/\\\/www.accuratereviews.com\\\/it\\\/\"},{\"@type\":\"ListItem\",\"position\":2,\"name\":\"Browser\",\"item\":\"https:\\\/\\\/www.accuratereviews.com\\\/it\\\/browser\\\/\"},{\"@type\":\"ListItem\",\"position\":3,\"name\":\"Wavebox\"}]},{\"@type\":\"WebSite\",\"@id\":\"https:\\\/\\\/www.accuratereviews.com\\\/it\\\/#website\",\"url\":\"https:\\\/\\\/www.accuratereviews.com\\\/it\\\/\",\"name\":\"Accurate Reviews\",\"description\":\"\",\"potentialAction\":[{\"@type\":\"SearchAction\",\"target\":{\"@type\":\"EntryPoint\",\"urlTemplate\":\"https:\\\/\\\/www.accuratereviews.com\\\/it\\\/?s={search_term_string}\"},\"query-input\":{\"@type\":\"PropertyValueSpecification\",\"valueRequired\":true,\"valueName\":\"search_term_string\"}}],\"inLanguage\":\"it-IT\"}]}<\/script>\n<!-- \/ Yoast SEO plugin. -->","yoast_head_json":{"title":"Wavebox: recensione browser - Accurate Reviews","description":"Wavebox: recensione del browser Chromium che offre ai propri utenti una navigazione intuitiva, sicura e veloce.","robots":{"index":"index","follow":"follow","max-snippet":"max-snippet:-1","max-image-preview":"max-image-preview:large","max-video-preview":"max-video-preview:-1"},"canonical":"https:\/\/www.accuratereviews.com\/it\/browser\/wavebox-recensione\/","og_locale":"it_IT","og_type":"article","og_title":"Wavebox: recensione browser - Accurate Reviews","og_description":"Wavebox: recensione del browser Chromium che offre ai propri utenti una navigazione intuitiva, sicura e veloce.","og_url":"https:\/\/www.accuratereviews.com\/it\/browser\/wavebox-recensione\/","og_site_name":"Accurate Reviews","article_modified_time":"2022-12-09T16:30:37+00:00","og_image":[{"width":396,"height":338,"url":"https:\/\/www.accuratereviews.com\/wp-content\/uploads\/2022\/12\/Wavebox-Logo.jpg","type":"image\/jpeg"}],"twitter_card":"summary_large_image","twitter_misc":{"Tempo di lettura stimato":"3 minuti"},"schema":{"@context":"https:\/\/schema.org","@graph":[{"@type":"WebPage","@id":"https:\/\/www.accuratereviews.com\/it\/browser\/wavebox-recensione\/","url":"https:\/\/www.accuratereviews.com\/it\/browser\/wavebox-recensione\/","name":"Wavebox: recensione browser - Accurate Reviews","isPartOf":{"@id":"https:\/\/www.accuratereviews.com\/it\/#website"},"primaryImageOfPage":{"@id":"https:\/\/www.accuratereviews.com\/it\/browser\/wavebox-recensione\/#primaryimage"},"image":{"@id":"https:\/\/www.accuratereviews.com\/it\/browser\/wavebox-recensione\/#primaryimage"},"thumbnailUrl":"https:\/\/www.accuratereviews.com\/wp-content\/uploads\/2022\/12\/Wavebox-Logo.jpg","datePublished":"2022-12-09T13:24:53+00:00","dateModified":"2022-12-09T16:30:37+00:00","description":"Wavebox: recensione del browser Chromium che offre ai propri utenti una navigazione intuitiva, sicura e veloce.","breadcrumb":{"@id":"https:\/\/www.accuratereviews.com\/it\/browser\/wavebox-recensione\/#breadcrumb"},"inLanguage":"it-IT","potentialAction":[{"@type":"ReadAction","target":["https:\/\/www.accuratereviews.com\/it\/browser\/wavebox-recensione\/"]}]},{"@type":"ImageObject","inLanguage":"it-IT","@id":"https:\/\/www.accuratereviews.com\/it\/browser\/wavebox-recensione\/#primaryimage","url":"https:\/\/www.accuratereviews.com\/wp-content\/uploads\/2022\/12\/Wavebox-Logo.jpg","contentUrl":"https:\/\/www.accuratereviews.com\/wp-content\/uploads\/2022\/12\/Wavebox-Logo.jpg","width":396,"height":338},{"@type":"BreadcrumbList","@id":"https:\/\/www.accuratereviews.com\/it\/browser\/wavebox-recensione\/#breadcrumb","itemListElement":[{"@type":"ListItem","position":1,"name":"Home","item":"https:\/\/www.accuratereviews.com\/it\/"},{"@type":"ListItem","position":2,"name":"Browser","item":"https:\/\/www.accuratereviews.com\/it\/browser\/"},{"@type":"ListItem","position":3,"name":"Wavebox"}]},{"@type":"WebSite","@id":"https:\/\/www.accuratereviews.com\/it\/#website","url":"https:\/\/www.accuratereviews.com\/it\/","name":"Accurate Reviews","description":"","potentialAction":[{"@type":"SearchAction","target":{"@type":"EntryPoint","urlTemplate":"https:\/\/www.accuratereviews.com\/it\/?s={search_term_string}"},"query-input":{"@type":"PropertyValueSpecification","valueRequired":true,"valueName":"search_term_string"}}],"inLanguage":"it-IT"}]}},"_links":{"self":[{"href":"https:\/\/www.accuratereviews.com\/it\/wp-json\/wp\/v2\/pages\/64815","targetHints":{"allow":["GET"]}}],"collection":[{"href":"https:\/\/www.accuratereviews.com\/it\/wp-json\/wp\/v2\/pages"}],"about":[{"href":"https:\/\/www.accuratereviews.com\/it\/wp-json\/wp\/v2\/types\/page"}],"author":[{"embeddable":true,"href":"https:\/\/www.accuratereviews.com\/it\/wp-json\/wp\/v2\/users\/17"}],"replies":[{"embeddable":true,"href":"https:\/\/www.accuratereviews.com\/it\/wp-json\/wp\/v2\/comments?post=64815"}],"version-history":[{"count":5,"href":"https:\/\/www.accuratereviews.com\/it\/wp-json\/wp\/v2\/pages\/64815\/revisions"}],"predecessor-version":[{"id":64840,"href":"https:\/\/www.accuratereviews.com\/it\/wp-json\/wp\/v2\/pages\/64815\/revisions\/64840"}],"up":[{"embeddable":true,"href":"https:\/\/www.accuratereviews.com\/it\/wp-json\/wp\/v2\/pages\/64530"}],"wp:featuredmedia":[{"embeddable":true,"href":"https:\/\/www.accuratereviews.com\/it\/wp-json\/wp\/v2\/media\/64817"}],"wp:attachment":[{"href":"https:\/\/www.accuratereviews.com\/it\/wp-json\/wp\/v2\/media?parent=64815"}],"wp:term":[{"taxonomy":"category","embeddable":true,"href":"https:\/\/www.accuratereviews.com\/it\/wp-json\/wp\/v2\/categories?post=64815"},{"taxonomy":"post_tag","embeddable":true,"href":"https:\/\/www.accuratereviews.com\/it\/wp-json\/wp\/v2\/tags?post=64815"},{"taxonomy":"features","embeddable":true,"href":"https:\/\/www.accuratereviews.com\/it\/wp-json\/wp\/v2\/features?post=64815"}],"curies":[{"name":"wp","href":"https:\/\/api.w.org\/{rel}","templated":true}]}}