{"id":64824,"date":"2022-12-09T16:29:10","date_gmt":"2022-12-09T16:29:10","guid":{"rendered":"https:\/\/www.accuratereviews.com\/?page_id=64824"},"modified":"2022-12-12T08:29:21","modified_gmt":"2022-12-12T08:29:21","slug":"focos-recensione","status":"publish","type":"page","link":"https:\/\/www.accuratereviews.com\/it\/browser\/focos-recensione\/","title":{"rendered":"Focos"},"content":{"rendered":"<p><strong>Focos<\/strong> \u00e8 un <strong>browser<\/strong> utilizzato sul posto di lavoro che d\u00e0 la priorit\u00e0 alla produttivit\u00e0 mantenendo tutte le comunicazioni e le applicazioni aziendali in un unico posto, riducendo le distrazioni web e spostandosi dentro e fuori le pagine. I team sono in grado di monitorare la produttivit\u00e0 delle loro applicazioni, aiutando le aziende a ridurre la spesa annuale per il software comprendendo le tendenze e ci\u00f2 che viene utilizzato. Gli utenti possono anche svolgere pi\u00f9 attivit\u00e0 utilizzando pi\u00f9 account senza doversi disconnettere.<\/p>\n<h2>FOCOS &#8211; TUTORIAL<\/h2>\n<div id=\"fluid-wrapper-counter-1\" class=\"g1-fluid-wrapper \" style=\"width:686px;\">\n<div style=\"padding-bottom:56.268221574344%;\"><iframe loading=\"lazy\" title=\"How Focos Works\" width=\"515\" height=\"386\" src=\"https:\/\/www.youtube.com\/embed\/CqgJ-ZOBbqA?feature=oembed&amp;wmode=transparent&amp;autohide=1&amp;autoplay=0&amp;disablekb=0&amp;fs=1&amp;loop=0&amp;enablejsapi=1&amp;rel=0&amp;controls=2&amp;showinfo=0&amp;wmode=transparent&amp;autohide=2&amp;autoplay=0&amp;disablekb=0&amp;fs=1&amp;loop=0&amp;enablejsapi=1&amp;rel=0&amp;controls=2&amp;showinfo=1\" frameborder=\"0\" allow=\"accelerometer; autoplay; clipboard-write; encrypted-media; gyroscope; picture-in-picture\" allowfullscreen><\/iframe><\/div>\n<\/div>\n<h3>FOCOS &#8211; CARATTERISTICHE<\/h3>\n<ul>\n<li><strong>Finire di fare le cose<\/strong>: niente pi\u00f9 distrazioni e notifiche. Lavora in un posto di lavoro calmo e produttivo.<\/li>\n<li><strong>Il tuo team, colleghi e lavoratori remoti in un unico posto<\/strong>: assicurati che tutti stiano visionando lo stesso foglio di lavoro con le app richieste dall&#8217;azienda o della scuola necessarie in un unico posto.<\/li>\n<li><strong>Pi\u00f9 account e app<\/strong>: usa pi\u00f9 account e app senza accedere e uscire e cambiare browser. Multitasking come un professionista.<\/li>\n<li><strong>App store e URL personalizzati<\/strong>: fai la tua scelta da un negozio selezionato delle migliori app. Aggiungi URL personalizzati per cambiare e ottimizzare il tuo posto di lavoro.<\/li>\n<li><strong>Download intelligenti<\/strong>: un luogo centralizzato per scaricare, trovare e inviare file tra diverse app.<\/li>\n<li><strong>Meno \u00e8 di pi\u00f9<\/strong>:\u00a0il browser \u00e8 pulito e minimale, piacevole per gli occhi e per la mente. Lavora in un ambiente calmo e privo di distrazioni.<\/li>\n<li><strong>Veloce e fluido<\/strong>: multitasking e passaggio da un&#8217;app all&#8217;altra senza interruzioni, utilizzando meno risorse di sistema rispetto al browser.<\/li>\n<\/ul>\n<h4>LE RECENSIONI DEGLI UTENTI<\/h4>\n<p><strong>Nurullah&#8221;Focos&#8221;<\/strong><br \/>\n<strong>Pro<\/strong>: In generale, \u00e8 bello ricevere notifiche su modifiche o email che si verificano in alcuni account a cui ho effettuato l&#8217;accesso in questo software.<br \/>\n<strong>Contro<\/strong>: Non ha troppe caratteristiche negative, ovviamente. Posso solo dire che \u00e8 aperto allo sviluppo. Inoltre, aveva molti bug, ma ora \u00e8 meglio<\/p>\n<p><strong>Arjun&#8221;Consigliato per tutti gli utenti che lavorano da remoto&#8221;<\/strong><br \/>\n<strong>Pro<\/strong>: Il software \u00e8 facile da usare e ha anche una delle migliori guide e team di supporto<br \/>\n<strong>Contro<\/strong>: Bisogna aggiungere altre integrazioni.<\/p>\n<p><strong>Ey\u00fcp&#8221;Focos&#8221;<\/strong><br \/>\n<strong>Pro<\/strong>: Le notifiche email sono molto belle. Anche la mia esperienza complessiva \u00e8 su un livello positivo. Anche i requisiti minimi di sistema sono abbastanza adeguati.<br \/>\n<strong>Contro<\/strong>: Sto riscontrando errori durante l&#8217;accesso ad alcuni siti. Penso che questi bug siano legati al software. Sarebbe bello se risolvessero questo problema.<\/p>\n","protected":false},"excerpt":{"rendered":"<p>Focos \u00e8 un browser utilizzato sul posto di lavoro che d\u00e0 la priorit\u00e0 alla produttivit\u00e0 mantenendo tutte le comunicazioni e le applicazioni aziendali in un unico posto, riducendo le distrazioni web e spostandosi dentro e fuori le pagine.<\/p>\n","protected":false},"author":19,"featured_media":64825,"parent":64530,"menu_order":0,"comment_status":"open","ping_status":"closed","template":"g1_template_page_review_new.php","meta":{"_acf_changed":false,"cwp_meta_box_check":"Yes","cwp_rev_product_name":"","cwp_rev_product_image":"","wppr_links":[],"cwp_rev_price":"0.00","wppr_options":[{"name":"Usability","value":"0"},{"name":"Speed","value":"0"},{"name":"Features","value":"0"},{"name":"Support","value":"0"},{"name":"Pricing","value":"0"}],"wppr_pros":["","","","",""],"wppr_cons":["","","","",""],"_monsterinsights_skip_tracking":false,"_monsterinsights_sitenote_active":false,"_monsterinsights_sitenote_note":"","_monsterinsights_sitenote_category":0,"footnotes":""},"categories":[13813],"tags":[13815,13816,13865,13817,13818],"features":[],"class_list":{"0":"post-64824","1":"page","2":"type-page","3":"status-publish","4":"has-post-thumbnail","6":"category-browser-categoria","7":"tag-browser","8":"tag-browser-web","9":"tag-focos","10":"tag-navigatore","11":"tag-navigatore-web"},"wppr_data":{"cwp_meta_box_check":"Yes","_wppr_review_template":"default","cwp_rev_product_image":"","cwp_image_link":"image","wppr_links":[],"cwp_rev_price":"0.00","wppr_pros":["","","","",""],"wppr_cons":["","","","",""],"wppr_rating":"0.00","wppr_options":{"1":{"name":"Usability","value":"0"},"2":{"name":"Speed","value":"0"},"3":{"name":"Features","value":"0"},"4":{"name":"Support","value":"0"},"5":{"name":"Pricing","value":"0"}},"wppr_review_type":"Product","wppr_review_custom_fields":{"additionalProperty":"","additionalType":"","aggregateRating":"","alternateName":"","audience":"","award":"","awards":"","brand":"","color":"","depth":"","description":"","disambiguatingDescription":"","gtin12":"","gtin13":"","gtin14":"","gtin8":"","height":"","identifier":"","image":"","isAccessoryOrSparePartFor":"","isConsumableFor":"","isRelatedTo":"","isSimilarTo":"","itemCondition":"","logo":"","mainEntityOfPage":"","manufacturer":"","material":"","model":"","mpn":"","name":"","offers":"","potentialAction":"","productID":"","productionDate":"","purchaseDate":"","releaseDate":"","review":"","reviews":"","sameAs":"","sku":"","slogan":"","subjectOf":"","url":"","weight":"","width":""}},"acf":[],"yoast_head":"<!-- This site is optimized with the Yoast SEO plugin v27.4 - https:\/\/yoast.com\/product\/yoast-seo-wordpress\/ -->\n<title>Focos: recensione browser - Accurate Reviews<\/title>\n<meta name=\"description\" content=\"Focos: recensione browser utilizzato sul posto di lavoro che d\u00e0 la priorit\u00e0 alla produttivit\u00e0 mantenendo tutte le comunicazioni aziendali in un unico posto.\" \/>\n<meta name=\"robots\" content=\"index, follow, max-snippet:-1, max-image-preview:large, max-video-preview:-1\" \/>\n<link rel=\"canonical\" href=\"https:\/\/www.accuratereviews.com\/it\/browser\/focos-recensione\/\" \/>\n<meta property=\"og:locale\" content=\"it_IT\" \/>\n<meta property=\"og:type\" content=\"article\" \/>\n<meta property=\"og:title\" content=\"Focos: recensione browser - Accurate Reviews\" \/>\n<meta property=\"og:description\" content=\"Focos: recensione browser utilizzato sul posto di lavoro che d\u00e0 la priorit\u00e0 alla produttivit\u00e0 mantenendo tutte le comunicazioni aziendali in un unico posto.\" \/>\n<meta property=\"og:url\" content=\"https:\/\/www.accuratereviews.com\/it\/browser\/focos-recensione\/\" \/>\n<meta property=\"og:site_name\" content=\"Accurate Reviews\" \/>\n<meta property=\"article:modified_time\" content=\"2022-12-12T08:29:21+00:00\" \/>\n<meta property=\"og:image\" content=\"https:\/\/www.accuratereviews.com\/wp-content\/uploads\/2022\/12\/focos.jpg\" \/>\n\t<meta property=\"og:image:width\" content=\"600\" \/>\n\t<meta property=\"og:image:height\" content=\"315\" \/>\n\t<meta property=\"og:image:type\" content=\"image\/jpeg\" \/>\n<meta name=\"twitter:card\" content=\"summary_large_image\" \/>\n<meta name=\"twitter:label1\" content=\"Tempo di lettura stimato\" \/>\n\t<meta name=\"twitter:data1\" content=\"3 minuti\" \/>\n<script type=\"application\/ld+json\" class=\"yoast-schema-graph\">{\"@context\":\"https:\\\/\\\/schema.org\",\"@graph\":[{\"@type\":\"WebPage\",\"@id\":\"https:\\\/\\\/www.accuratereviews.com\\\/it\\\/browser\\\/focos-recensione\\\/\",\"url\":\"https:\\\/\\\/www.accuratereviews.com\\\/it\\\/browser\\\/focos-recensione\\\/\",\"name\":\"Focos: recensione browser - Accurate Reviews\",\"isPartOf\":{\"@id\":\"https:\\\/\\\/www.accuratereviews.com\\\/it\\\/#website\"},\"primaryImageOfPage\":{\"@id\":\"https:\\\/\\\/www.accuratereviews.com\\\/it\\\/browser\\\/focos-recensione\\\/#primaryimage\"},\"image\":{\"@id\":\"https:\\\/\\\/www.accuratereviews.com\\\/it\\\/browser\\\/focos-recensione\\\/#primaryimage\"},\"thumbnailUrl\":\"https:\\\/\\\/www.accuratereviews.com\\\/wp-content\\\/uploads\\\/2022\\\/12\\\/focos.jpg\",\"datePublished\":\"2022-12-09T16:29:10+00:00\",\"dateModified\":\"2022-12-12T08:29:21+00:00\",\"description\":\"Focos: recensione browser utilizzato sul posto di lavoro che d\u00e0 la priorit\u00e0 alla produttivit\u00e0 mantenendo tutte le comunicazioni aziendali in un unico posto.\",\"breadcrumb\":{\"@id\":\"https:\\\/\\\/www.accuratereviews.com\\\/it\\\/browser\\\/focos-recensione\\\/#breadcrumb\"},\"inLanguage\":\"it-IT\",\"potentialAction\":[{\"@type\":\"ReadAction\",\"target\":[\"https:\\\/\\\/www.accuratereviews.com\\\/it\\\/browser\\\/focos-recensione\\\/\"]}]},{\"@type\":\"ImageObject\",\"inLanguage\":\"it-IT\",\"@id\":\"https:\\\/\\\/www.accuratereviews.com\\\/it\\\/browser\\\/focos-recensione\\\/#primaryimage\",\"url\":\"https:\\\/\\\/www.accuratereviews.com\\\/wp-content\\\/uploads\\\/2022\\\/12\\\/focos.jpg\",\"contentUrl\":\"https:\\\/\\\/www.accuratereviews.com\\\/wp-content\\\/uploads\\\/2022\\\/12\\\/focos.jpg\",\"width\":600,\"height\":315},{\"@type\":\"BreadcrumbList\",\"@id\":\"https:\\\/\\\/www.accuratereviews.com\\\/it\\\/browser\\\/focos-recensione\\\/#breadcrumb\",\"itemListElement\":[{\"@type\":\"ListItem\",\"position\":1,\"name\":\"Home\",\"item\":\"https:\\\/\\\/www.accuratereviews.com\\\/it\\\/\"},{\"@type\":\"ListItem\",\"position\":2,\"name\":\"Browser\",\"item\":\"https:\\\/\\\/www.accuratereviews.com\\\/it\\\/browser\\\/\"},{\"@type\":\"ListItem\",\"position\":3,\"name\":\"Focos\"}]},{\"@type\":\"WebSite\",\"@id\":\"https:\\\/\\\/www.accuratereviews.com\\\/it\\\/#website\",\"url\":\"https:\\\/\\\/www.accuratereviews.com\\\/it\\\/\",\"name\":\"Accurate Reviews\",\"description\":\"\",\"potentialAction\":[{\"@type\":\"SearchAction\",\"target\":{\"@type\":\"EntryPoint\",\"urlTemplate\":\"https:\\\/\\\/www.accuratereviews.com\\\/it\\\/?s={search_term_string}\"},\"query-input\":{\"@type\":\"PropertyValueSpecification\",\"valueRequired\":true,\"valueName\":\"search_term_string\"}}],\"inLanguage\":\"it-IT\"}]}<\/script>\n<!-- \/ Yoast SEO plugin. -->","yoast_head_json":{"title":"Focos: recensione browser - Accurate Reviews","description":"Focos: recensione browser utilizzato sul posto di lavoro che d\u00e0 la priorit\u00e0 alla produttivit\u00e0 mantenendo tutte le comunicazioni aziendali in un unico posto.","robots":{"index":"index","follow":"follow","max-snippet":"max-snippet:-1","max-image-preview":"max-image-preview:large","max-video-preview":"max-video-preview:-1"},"canonical":"https:\/\/www.accuratereviews.com\/it\/browser\/focos-recensione\/","og_locale":"it_IT","og_type":"article","og_title":"Focos: recensione browser - Accurate Reviews","og_description":"Focos: recensione browser utilizzato sul posto di lavoro che d\u00e0 la priorit\u00e0 alla produttivit\u00e0 mantenendo tutte le comunicazioni aziendali in un unico posto.","og_url":"https:\/\/www.accuratereviews.com\/it\/browser\/focos-recensione\/","og_site_name":"Accurate Reviews","article_modified_time":"2022-12-12T08:29:21+00:00","og_image":[{"width":600,"height":315,"url":"https:\/\/www.accuratereviews.com\/wp-content\/uploads\/2022\/12\/focos.jpg","type":"image\/jpeg"}],"twitter_card":"summary_large_image","twitter_misc":{"Tempo di lettura stimato":"3 minuti"},"schema":{"@context":"https:\/\/schema.org","@graph":[{"@type":"WebPage","@id":"https:\/\/www.accuratereviews.com\/it\/browser\/focos-recensione\/","url":"https:\/\/www.accuratereviews.com\/it\/browser\/focos-recensione\/","name":"Focos: recensione browser - Accurate Reviews","isPartOf":{"@id":"https:\/\/www.accuratereviews.com\/it\/#website"},"primaryImageOfPage":{"@id":"https:\/\/www.accuratereviews.com\/it\/browser\/focos-recensione\/#primaryimage"},"image":{"@id":"https:\/\/www.accuratereviews.com\/it\/browser\/focos-recensione\/#primaryimage"},"thumbnailUrl":"https:\/\/www.accuratereviews.com\/wp-content\/uploads\/2022\/12\/focos.jpg","datePublished":"2022-12-09T16:29:10+00:00","dateModified":"2022-12-12T08:29:21+00:00","description":"Focos: recensione browser utilizzato sul posto di lavoro che d\u00e0 la priorit\u00e0 alla produttivit\u00e0 mantenendo tutte le comunicazioni aziendali in un unico posto.","breadcrumb":{"@id":"https:\/\/www.accuratereviews.com\/it\/browser\/focos-recensione\/#breadcrumb"},"inLanguage":"it-IT","potentialAction":[{"@type":"ReadAction","target":["https:\/\/www.accuratereviews.com\/it\/browser\/focos-recensione\/"]}]},{"@type":"ImageObject","inLanguage":"it-IT","@id":"https:\/\/www.accuratereviews.com\/it\/browser\/focos-recensione\/#primaryimage","url":"https:\/\/www.accuratereviews.com\/wp-content\/uploads\/2022\/12\/focos.jpg","contentUrl":"https:\/\/www.accuratereviews.com\/wp-content\/uploads\/2022\/12\/focos.jpg","width":600,"height":315},{"@type":"BreadcrumbList","@id":"https:\/\/www.accuratereviews.com\/it\/browser\/focos-recensione\/#breadcrumb","itemListElement":[{"@type":"ListItem","position":1,"name":"Home","item":"https:\/\/www.accuratereviews.com\/it\/"},{"@type":"ListItem","position":2,"name":"Browser","item":"https:\/\/www.accuratereviews.com\/it\/browser\/"},{"@type":"ListItem","position":3,"name":"Focos"}]},{"@type":"WebSite","@id":"https:\/\/www.accuratereviews.com\/it\/#website","url":"https:\/\/www.accuratereviews.com\/it\/","name":"Accurate Reviews","description":"","potentialAction":[{"@type":"SearchAction","target":{"@type":"EntryPoint","urlTemplate":"https:\/\/www.accuratereviews.com\/it\/?s={search_term_string}"},"query-input":{"@type":"PropertyValueSpecification","valueRequired":true,"valueName":"search_term_string"}}],"inLanguage":"it-IT"}]}},"_links":{"self":[{"href":"https:\/\/www.accuratereviews.com\/it\/wp-json\/wp\/v2\/pages\/64824","targetHints":{"allow":["GET"]}}],"collection":[{"href":"https:\/\/www.accuratereviews.com\/it\/wp-json\/wp\/v2\/pages"}],"about":[{"href":"https:\/\/www.accuratereviews.com\/it\/wp-json\/wp\/v2\/types\/page"}],"author":[{"embeddable":true,"href":"https:\/\/www.accuratereviews.com\/it\/wp-json\/wp\/v2\/users\/19"}],"replies":[{"embeddable":true,"href":"https:\/\/www.accuratereviews.com\/it\/wp-json\/wp\/v2\/comments?post=64824"}],"version-history":[{"count":8,"href":"https:\/\/www.accuratereviews.com\/it\/wp-json\/wp\/v2\/pages\/64824\/revisions"}],"predecessor-version":[{"id":64850,"href":"https:\/\/www.accuratereviews.com\/it\/wp-json\/wp\/v2\/pages\/64824\/revisions\/64850"}],"up":[{"embeddable":true,"href":"https:\/\/www.accuratereviews.com\/it\/wp-json\/wp\/v2\/pages\/64530"}],"wp:featuredmedia":[{"embeddable":true,"href":"https:\/\/www.accuratereviews.com\/it\/wp-json\/wp\/v2\/media\/64825"}],"wp:attachment":[{"href":"https:\/\/www.accuratereviews.com\/it\/wp-json\/wp\/v2\/media?parent=64824"}],"wp:term":[{"taxonomy":"category","embeddable":true,"href":"https:\/\/www.accuratereviews.com\/it\/wp-json\/wp\/v2\/categories?post=64824"},{"taxonomy":"post_tag","embeddable":true,"href":"https:\/\/www.accuratereviews.com\/it\/wp-json\/wp\/v2\/tags?post=64824"},{"taxonomy":"features","embeddable":true,"href":"https:\/\/www.accuratereviews.com\/it\/wp-json\/wp\/v2\/features?post=64824"}],"curies":[{"name":"wp","href":"https:\/\/api.w.org\/{rel}","templated":true}]}}