{"id":64855,"date":"2022-12-12T17:55:22","date_gmt":"2022-12-12T17:55:22","guid":{"rendered":"https:\/\/www.accuratereviews.com\/?page_id=64855"},"modified":"2022-12-15T21:34:30","modified_gmt":"2022-12-15T21:34:30","slug":"remotehq-recensione","status":"publish","type":"page","link":"https:\/\/www.accuratereviews.com\/it\/browser\/remotehq-recensione\/","title":{"rendered":"RemoteHQ"},"content":{"rendered":"<p><strong>RemoteHQ<\/strong> sta rivoluzionando la navigazione web per i team con il <strong>browser remoto\u00a0<\/strong>multiplayer, basato su <strong>cloud<\/strong>. Ora puoi esplorare e modificare in collaborazione qualsiasi app web con il tuo team o i tuoi clienti. Considerala come una condivisione interattiva dello schermo.<br \/>\nCon <strong>RemoteHQ<\/strong>, le tue riunioni virtuali sono diventate molto pi\u00f9 collaborative. Apri la soluzione e tutti i partecipanti alla riunione possono lavorare &#8211; rivedere, modificare, creare &#8211; dalla stessa schermata, come se stessero lavorando fianco a fianco.\u00a0I team possono co-navigare sul web aggirando i problemi di comunicazione tra gli utenti e sostituendo la condivisione dello schermo.<\/p>\n<h2>REMOTEHQ &#8211; TUTORIAL<\/h2>\n<div id=\"fluid-wrapper-counter-1\" class=\"g1-fluid-wrapper \" style=\"width:686px;\">\n<div style=\"padding-bottom:56.268221574344%;\"><iframe loading=\"lazy\" title=\"How to Create a Workspace | RemoteHQ Tutorial\" width=\"686\" height=\"386\" src=\"https:\/\/www.youtube.com\/embed\/Vc1xtE9ZDhQ?feature=oembed&amp;wmode=transparent&amp;autohide=1&amp;autoplay=0&amp;disablekb=0&amp;fs=1&amp;loop=0&amp;enablejsapi=1&amp;rel=0&amp;controls=2&amp;showinfo=0&amp;wmode=transparent&amp;autohide=2&amp;autoplay=0&amp;disablekb=0&amp;fs=1&amp;loop=0&amp;enablejsapi=1&amp;rel=0&amp;controls=2&amp;showinfo=1\" frameborder=\"0\" allow=\"accelerometer; autoplay; clipboard-write; encrypted-media; gyroscope; picture-in-picture\" allowfullscreen><\/iframe><\/div>\n<\/div>\n<h3>REMOTEHQ &#8211; CARATTERISTICHE<\/h3>\n<ul>\n<li><strong>Istantanee del sito<\/strong>: scatta un&#8217;istantanea del sito in cui ti trovi attualmente<\/li>\n<li><strong>Cursore per tutti:<\/strong> sia tu che i tuoi ospiti potete vedere il cursore di tutti e controllare qualsiasi sito web contemporaneamente.<\/li>\n<li><strong>Sicurezza:<\/strong> la soluzione\u00a0si connette a un browser isolato nel cloud, mai al dispositivo dell&#8217;utente finale. Questo assicura che nessun malware possa influenzare i tuoi dati..<\/li>\n<li><strong>Incorpora il browser nel tuo sito web<\/strong>: utilizza la soluzione di co-browsing nel tuo CRM, nella tua app o nel sistema di risoluzione dei ticket e co-naviga su qualsiasi sito con i tuoi clienti.<\/li>\n<li><strong>Modello di autorizzazioni flessibili<\/strong>: limita ci\u00f2 che gli ospiti possono fare durante una sessione di co-browser per il controllo a livello aziendale.<\/li>\n<li><strong>Contratto di licenza personalizzato<\/strong>: hai esigenze particolari per la tua attivit\u00e0? Sono aperti per accordi di licenza personalizzati.<\/li>\n<li><strong>Supporto multischeda<\/strong>: apri e lavora su tutte le schede simultanee di cui hai bisogno.<\/li>\n<li><strong>Disposizione configurabile<\/strong>: puoi riposizionare tutte le code in sessione, adattare le disposizioni di Remote Browser e altre app alle tue esigenze.<\/li>\n<li><strong>Digitare<\/strong>: tu e i tuoi ospiti potete unirvi a qualsiasi sessione audio con la nostra opzione dial-in.<\/li>\n<li><strong>Registrazione della sessione<\/strong>: \u00e8\u00a0possibile registrare ogni sessione per un ulteriore utilizzo. Le registrazioni delle sessioni vengono salvate nei tuoi archivi in modo che tu possa tornarci in qualsiasi momento.<\/li>\n<li><strong>Trascrizione della sessione:<\/strong>\u00a0fornisce le trascrizioni delle sessioni. Smetti di concentrarti sul prendere appunti, concentrati sulla conversazione con il tuo cliente.<\/li>\n<li><strong>Chatta in tempo reale<\/strong>: ti fornisce la chat in tempo reale se per qualche motivo non riesci a connetterti conte chiamate. I messaggi di chat fanno parte degli archivi della sessione.<\/li>\n<li><strong>Reazioni<\/strong>:\u00a0arricchisci le interazioni con i tuoi clienti o studenti con reazioni.<\/li>\n<li><strong>Ospiti illimitati<\/strong>: puoi condividere il link della tua sessione con chiunque. Invita tutti gli ospiti necessari per le tue sessioni di co-browsing.<\/li>\n<li><strong>Condividi il layout<\/strong>: puoi preparare il layout per la tua sessione e poi forzarlo su altri partecipanti. In questo modo tutti saranno sulla stessa pagina.<\/li>\n<\/ul>\n<h4>LE RECENSIONI DEGLI UTENTI<\/h4>\n<p><strong>Mas Idayu&#8221;Gestisci facilmente l&#8217;ufficio virtuale&#8221;<\/strong><br \/>\n<strong>Pro<\/strong>: Il fatto che abbia la capacit\u00e0 di scalare per ospitare sia incontri tra 2 persone che convegni di massa \u00e8 un punto di forza significativo per me. Gli spazi di lavoro individuali o gli spazi sono altamente applicabili al posto di lavoro online. L&#8217;attenzione ai dettagli \u00e8 stata notevole, soprattutto nelle risposte e nelle trascrizioni. Poich\u00e9 ho cos\u00ec tante riunioni, apprezzo molto la funzione di sessione, che mi consente di rivedere le note precedenti in qualsiasi momento.<br \/>\n<strong>Contro<\/strong>: C&#8217;\u00e8 spazio per miglioramenti nella funzione di importazione. A causa della facilit\u00e0 con cui le copie potrebbero essere generate durante l&#8217;importazione, la procedura \u00e8 stata ridotta. Sarebbe fantastico se l&#8217;app per Android potesse utilizzare alcune piccole modifiche. Si verificano arresti anomali intermittenti e non \u00e8 possibile annullare una ricerca premendo il tasto Indietro.<\/p>\n<p><strong>Divya&#8221;Facile da usare e funzionale&#8221;<\/strong><br \/>\n<strong>Commenti<\/strong>: La piattaforma \u00e8 incredibilmente facile da usare e intuitiva. Non mi ci \u00e8 voluto molto per farmi capire. Ha reso la collaborazione da remoto molto pi\u00f9 semplice e veloce.<br \/>\n<strong>Pro<\/strong>: Mi piace avere un browser condiviso. Il fatto che ora qualsiasi URL possa essere co-controllato e io possa co-navigare con altre persone nella sessione ha cambiato l&#8217;area di lavoro remota per me. Mi piace anche che sia stato facile da imparare.<br \/>\n<strong>Contro<\/strong>: Non c&#8217;\u00e8 audio nel browser condiviso: questa funzione sarebbe utile!<\/p>\n<p><strong>Clio&#8221;Enorme aggiornamento alla mia esperienza di lavoro remoto.&#8221;<\/strong><br \/>\n<strong>Commenti<\/strong>: Adoro usare RemoteHQ e consiglierei a chiunque di provarlo. Ha davvero migliorato la mia esperienza di lavoro a distanza.<br \/>\n<strong>Pro<\/strong>: Browser condiviso! Uno strumento straordinario che mi consente di interagire con i clienti senza problemi. Non ho mai co-navigato con un team da remoto prima d&#8217;ora. Ora \u00e8 difficile tornare ad altre piattaforme video e alla condivisione dello schermo standard.<br \/>\n<strong>Contro<\/strong>: Quando i clienti non sanno cosa sia RemoteHQ, all&#8217;inizio c&#8217;\u00e8 uno scetticismo iniziale, ma adorano il prodotto dopo averlo visto in azione.<\/p>\n","protected":false},"excerpt":{"rendered":"<p>RemoteHQ sta rivoluzionando la navigazione web per i team con il browser remoto\u00a0multiplayer basato su cloud. Ora puoi esplorare e modificare in collaborazione qualsiasi app web con il tuo team o i tuoi clienti. Considerala come una condivisione interattiva dello schermo.<\/p>\n","protected":false},"author":19,"featured_media":64873,"parent":64530,"menu_order":0,"comment_status":"open","ping_status":"closed","template":"g1_template_page_review_new.php","meta":{"_acf_changed":false,"cwp_meta_box_check":"No","cwp_rev_product_name":"","cwp_rev_product_image":"","wppr_links":[],"cwp_rev_price":"","wppr_options":[],"wppr_pros":[],"wppr_cons":[],"_monsterinsights_skip_tracking":false,"_monsterinsights_sitenote_active":false,"_monsterinsights_sitenote_note":"","_monsterinsights_sitenote_category":0,"footnotes":""},"categories":[13813],"tags":[13815,13816,13817,13818,13869],"features":[],"class_list":{"0":"post-64855","1":"page","2":"type-page","3":"status-publish","4":"has-post-thumbnail","6":"category-browser-categoria","7":"tag-browser","8":"tag-browser-web","9":"tag-navigatore","10":"tag-navigatore-web","11":"tag-remotehq"},"wppr_data":{"cwp_meta_box_check":"No"},"acf":[],"yoast_head":"<!-- This site is optimized with the Yoast SEO plugin v27.4 - https:\/\/yoast.com\/product\/yoast-seo-wordpress\/ -->\n<title>RemoteHQ: recensione browser - Accurate Reviews<\/title>\n<meta name=\"description\" content=\"RemoteHQ: recensione browser che sta rivoluzionando la navigazione web per i team basato su cloud per la condivisioni di file e schermo.\" \/>\n<meta name=\"robots\" content=\"index, follow, max-snippet:-1, max-image-preview:large, max-video-preview:-1\" \/>\n<link rel=\"canonical\" href=\"https:\/\/www.accuratereviews.com\/it\/browser\/remotehq-recensione\/\" \/>\n<meta property=\"og:locale\" content=\"it_IT\" \/>\n<meta property=\"og:type\" content=\"article\" \/>\n<meta property=\"og:title\" content=\"RemoteHQ: recensione browser - Accurate Reviews\" \/>\n<meta property=\"og:description\" content=\"RemoteHQ: recensione browser che sta rivoluzionando la navigazione web per i team basato su cloud per la condivisioni di file e schermo.\" \/>\n<meta property=\"og:url\" content=\"https:\/\/www.accuratereviews.com\/it\/browser\/remotehq-recensione\/\" \/>\n<meta property=\"og:site_name\" content=\"Accurate Reviews\" \/>\n<meta property=\"article:modified_time\" content=\"2022-12-15T21:34:30+00:00\" \/>\n<meta property=\"og:image\" content=\"https:\/\/www.accuratereviews.com\/wp-content\/uploads\/2022\/12\/RemoteHQ.jpeg\" \/>\n\t<meta property=\"og:image:width\" content=\"580\" \/>\n\t<meta property=\"og:image:height\" content=\"362\" \/>\n\t<meta property=\"og:image:type\" content=\"image\/jpeg\" \/>\n<meta name=\"twitter:card\" content=\"summary_large_image\" \/>\n<meta name=\"twitter:label1\" content=\"Tempo di lettura stimato\" \/>\n\t<meta name=\"twitter:data1\" content=\"4 minuti\" \/>\n<script type=\"application\/ld+json\" class=\"yoast-schema-graph\">{\"@context\":\"https:\\\/\\\/schema.org\",\"@graph\":[{\"@type\":\"WebPage\",\"@id\":\"https:\\\/\\\/www.accuratereviews.com\\\/it\\\/browser\\\/remotehq-recensione\\\/\",\"url\":\"https:\\\/\\\/www.accuratereviews.com\\\/it\\\/browser\\\/remotehq-recensione\\\/\",\"name\":\"RemoteHQ: recensione browser - Accurate Reviews\",\"isPartOf\":{\"@id\":\"https:\\\/\\\/www.accuratereviews.com\\\/it\\\/#website\"},\"primaryImageOfPage\":{\"@id\":\"https:\\\/\\\/www.accuratereviews.com\\\/it\\\/browser\\\/remotehq-recensione\\\/#primaryimage\"},\"image\":{\"@id\":\"https:\\\/\\\/www.accuratereviews.com\\\/it\\\/browser\\\/remotehq-recensione\\\/#primaryimage\"},\"thumbnailUrl\":\"https:\\\/\\\/www.accuratereviews.com\\\/wp-content\\\/uploads\\\/2022\\\/12\\\/RemoteHQ.jpeg\",\"datePublished\":\"2022-12-12T17:55:22+00:00\",\"dateModified\":\"2022-12-15T21:34:30+00:00\",\"description\":\"RemoteHQ: recensione browser che sta rivoluzionando la navigazione web per i team basato su cloud per la condivisioni di file e schermo.\",\"breadcrumb\":{\"@id\":\"https:\\\/\\\/www.accuratereviews.com\\\/it\\\/browser\\\/remotehq-recensione\\\/#breadcrumb\"},\"inLanguage\":\"it-IT\",\"potentialAction\":[{\"@type\":\"ReadAction\",\"target\":[\"https:\\\/\\\/www.accuratereviews.com\\\/it\\\/browser\\\/remotehq-recensione\\\/\"]}]},{\"@type\":\"ImageObject\",\"inLanguage\":\"it-IT\",\"@id\":\"https:\\\/\\\/www.accuratereviews.com\\\/it\\\/browser\\\/remotehq-recensione\\\/#primaryimage\",\"url\":\"https:\\\/\\\/www.accuratereviews.com\\\/wp-content\\\/uploads\\\/2022\\\/12\\\/RemoteHQ.jpeg\",\"contentUrl\":\"https:\\\/\\\/www.accuratereviews.com\\\/wp-content\\\/uploads\\\/2022\\\/12\\\/RemoteHQ.jpeg\",\"width\":580,\"height\":362},{\"@type\":\"BreadcrumbList\",\"@id\":\"https:\\\/\\\/www.accuratereviews.com\\\/it\\\/browser\\\/remotehq-recensione\\\/#breadcrumb\",\"itemListElement\":[{\"@type\":\"ListItem\",\"position\":1,\"name\":\"Home\",\"item\":\"https:\\\/\\\/www.accuratereviews.com\\\/it\\\/\"},{\"@type\":\"ListItem\",\"position\":2,\"name\":\"Browser\",\"item\":\"https:\\\/\\\/www.accuratereviews.com\\\/it\\\/browser\\\/\"},{\"@type\":\"ListItem\",\"position\":3,\"name\":\"RemoteHQ\"}]},{\"@type\":\"WebSite\",\"@id\":\"https:\\\/\\\/www.accuratereviews.com\\\/it\\\/#website\",\"url\":\"https:\\\/\\\/www.accuratereviews.com\\\/it\\\/\",\"name\":\"Accurate Reviews\",\"description\":\"\",\"potentialAction\":[{\"@type\":\"SearchAction\",\"target\":{\"@type\":\"EntryPoint\",\"urlTemplate\":\"https:\\\/\\\/www.accuratereviews.com\\\/it\\\/?s={search_term_string}\"},\"query-input\":{\"@type\":\"PropertyValueSpecification\",\"valueRequired\":true,\"valueName\":\"search_term_string\"}}],\"inLanguage\":\"it-IT\"}]}<\/script>\n<!-- \/ Yoast SEO plugin. -->","yoast_head_json":{"title":"RemoteHQ: recensione browser - Accurate Reviews","description":"RemoteHQ: recensione browser che sta rivoluzionando la navigazione web per i team basato su cloud per la condivisioni di file e schermo.","robots":{"index":"index","follow":"follow","max-snippet":"max-snippet:-1","max-image-preview":"max-image-preview:large","max-video-preview":"max-video-preview:-1"},"canonical":"https:\/\/www.accuratereviews.com\/it\/browser\/remotehq-recensione\/","og_locale":"it_IT","og_type":"article","og_title":"RemoteHQ: recensione browser - Accurate Reviews","og_description":"RemoteHQ: recensione browser che sta rivoluzionando la navigazione web per i team basato su cloud per la condivisioni di file e schermo.","og_url":"https:\/\/www.accuratereviews.com\/it\/browser\/remotehq-recensione\/","og_site_name":"Accurate Reviews","article_modified_time":"2022-12-15T21:34:30+00:00","og_image":[{"width":580,"height":362,"url":"https:\/\/www.accuratereviews.com\/wp-content\/uploads\/2022\/12\/RemoteHQ.jpeg","type":"image\/jpeg"}],"twitter_card":"summary_large_image","twitter_misc":{"Tempo di lettura stimato":"4 minuti"},"schema":{"@context":"https:\/\/schema.org","@graph":[{"@type":"WebPage","@id":"https:\/\/www.accuratereviews.com\/it\/browser\/remotehq-recensione\/","url":"https:\/\/www.accuratereviews.com\/it\/browser\/remotehq-recensione\/","name":"RemoteHQ: recensione browser - Accurate Reviews","isPartOf":{"@id":"https:\/\/www.accuratereviews.com\/it\/#website"},"primaryImageOfPage":{"@id":"https:\/\/www.accuratereviews.com\/it\/browser\/remotehq-recensione\/#primaryimage"},"image":{"@id":"https:\/\/www.accuratereviews.com\/it\/browser\/remotehq-recensione\/#primaryimage"},"thumbnailUrl":"https:\/\/www.accuratereviews.com\/wp-content\/uploads\/2022\/12\/RemoteHQ.jpeg","datePublished":"2022-12-12T17:55:22+00:00","dateModified":"2022-12-15T21:34:30+00:00","description":"RemoteHQ: recensione browser che sta rivoluzionando la navigazione web per i team basato su cloud per la condivisioni di file e schermo.","breadcrumb":{"@id":"https:\/\/www.accuratereviews.com\/it\/browser\/remotehq-recensione\/#breadcrumb"},"inLanguage":"it-IT","potentialAction":[{"@type":"ReadAction","target":["https:\/\/www.accuratereviews.com\/it\/browser\/remotehq-recensione\/"]}]},{"@type":"ImageObject","inLanguage":"it-IT","@id":"https:\/\/www.accuratereviews.com\/it\/browser\/remotehq-recensione\/#primaryimage","url":"https:\/\/www.accuratereviews.com\/wp-content\/uploads\/2022\/12\/RemoteHQ.jpeg","contentUrl":"https:\/\/www.accuratereviews.com\/wp-content\/uploads\/2022\/12\/RemoteHQ.jpeg","width":580,"height":362},{"@type":"BreadcrumbList","@id":"https:\/\/www.accuratereviews.com\/it\/browser\/remotehq-recensione\/#breadcrumb","itemListElement":[{"@type":"ListItem","position":1,"name":"Home","item":"https:\/\/www.accuratereviews.com\/it\/"},{"@type":"ListItem","position":2,"name":"Browser","item":"https:\/\/www.accuratereviews.com\/it\/browser\/"},{"@type":"ListItem","position":3,"name":"RemoteHQ"}]},{"@type":"WebSite","@id":"https:\/\/www.accuratereviews.com\/it\/#website","url":"https:\/\/www.accuratereviews.com\/it\/","name":"Accurate Reviews","description":"","potentialAction":[{"@type":"SearchAction","target":{"@type":"EntryPoint","urlTemplate":"https:\/\/www.accuratereviews.com\/it\/?s={search_term_string}"},"query-input":{"@type":"PropertyValueSpecification","valueRequired":true,"valueName":"search_term_string"}}],"inLanguage":"it-IT"}]}},"_links":{"self":[{"href":"https:\/\/www.accuratereviews.com\/it\/wp-json\/wp\/v2\/pages\/64855","targetHints":{"allow":["GET"]}}],"collection":[{"href":"https:\/\/www.accuratereviews.com\/it\/wp-json\/wp\/v2\/pages"}],"about":[{"href":"https:\/\/www.accuratereviews.com\/it\/wp-json\/wp\/v2\/types\/page"}],"author":[{"embeddable":true,"href":"https:\/\/www.accuratereviews.com\/it\/wp-json\/wp\/v2\/users\/19"}],"replies":[{"embeddable":true,"href":"https:\/\/www.accuratereviews.com\/it\/wp-json\/wp\/v2\/comments?post=64855"}],"version-history":[{"count":5,"href":"https:\/\/www.accuratereviews.com\/it\/wp-json\/wp\/v2\/pages\/64855\/revisions"}],"predecessor-version":[{"id":65031,"href":"https:\/\/www.accuratereviews.com\/it\/wp-json\/wp\/v2\/pages\/64855\/revisions\/65031"}],"up":[{"embeddable":true,"href":"https:\/\/www.accuratereviews.com\/it\/wp-json\/wp\/v2\/pages\/64530"}],"wp:featuredmedia":[{"embeddable":true,"href":"https:\/\/www.accuratereviews.com\/it\/wp-json\/wp\/v2\/media\/64873"}],"wp:attachment":[{"href":"https:\/\/www.accuratereviews.com\/it\/wp-json\/wp\/v2\/media?parent=64855"}],"wp:term":[{"taxonomy":"category","embeddable":true,"href":"https:\/\/www.accuratereviews.com\/it\/wp-json\/wp\/v2\/categories?post=64855"},{"taxonomy":"post_tag","embeddable":true,"href":"https:\/\/www.accuratereviews.com\/it\/wp-json\/wp\/v2\/tags?post=64855"},{"taxonomy":"features","embeddable":true,"href":"https:\/\/www.accuratereviews.com\/it\/wp-json\/wp\/v2\/features?post=64855"}],"curies":[{"name":"wp","href":"https:\/\/api.w.org\/{rel}","templated":true}]}}