{"id":64858,"date":"2022-12-12T17:52:57","date_gmt":"2022-12-12T17:52:57","guid":{"rendered":"https:\/\/www.accuratereviews.com\/?page_id=64858"},"modified":"2022-12-12T17:52:57","modified_gmt":"2022-12-12T17:52:57","slug":"puffin-sercure-browser-recensione","status":"publish","type":"page","link":"https:\/\/www.accuratereviews.com\/it\/browser\/puffin-sercure-browser-recensione\/","title":{"rendered":"Puffin Sercure Browser"},"content":{"rendered":"<p><strong>Puffin Sercure Browser<\/strong>\u00a0potrebbe sembrare un normale <strong>browser<\/strong> a prima vista, ma si nasconde molto di pi\u00f9 dietro le quinte. Quando digiti un URL in un normale <strong>browser<\/strong>, un server web invia una cartella con codice HTML, CSS e JavaScript al browser dell&#8217;utente. Il motore del browser converte quindi questi elementi nella pagina web che stai tentando di visualizzare.<br \/>\n<strong>Puffin<\/strong> funziona in modo diverso, poich\u00e9 esegue il rendering dei siti web sul suo <strong>cloud<\/strong>. Questo approccio tecnologico avvantaggia gli utenti in un paio di modi: i\u00a0tuoi dati sono crittografati e quindi difficili da decifrare e\u00a0dal momento che non stai scaricando nulla sul tuo dispositivo, questo mitiga il rischio di incappare in malware o programmi potenzialmente indesiderati da siti Web non sicuri.<\/p>\n<h2>PUFFIN SERCURE BROWSER &#8211; TUTORIAL<\/h2>\n<div id=\"fluid-wrapper-counter-1\" class=\"g1-fluid-wrapper \" style=\"width:686px;\">\n<div style=\"padding-bottom:56.268221574344%;\"><iframe loading=\"lazy\" title=\"Puffin Incognito Browser: Protects users from geolocation tracking.\" width=\"686\" height=\"386\" src=\"https:\/\/www.youtube.com\/embed\/c1Wr6LoPCBw?feature=oembed&amp;wmode=transparent&amp;autohide=1&amp;autoplay=0&amp;disablekb=0&amp;fs=1&amp;loop=0&amp;enablejsapi=1&amp;rel=0&amp;controls=2&amp;showinfo=0&amp;wmode=transparent&amp;autohide=2&amp;autoplay=0&amp;disablekb=0&amp;fs=1&amp;loop=0&amp;enablejsapi=1&amp;rel=0&amp;controls=2&amp;showinfo=1\" frameborder=\"0\" allow=\"accelerometer; autoplay; clipboard-write; encrypted-media; gyroscope; picture-in-picture\" allowfullscreen><\/iframe><\/div>\n<\/div>\n<h3>PUFFIN SERCURE BROWSER &#8211; CARATTERISTICHE<\/h3>\n<ul>\n<li><strong>Salvaguarda i tuoi dispositivi<\/strong>: i\u00a0dispositivi sono altamente vulnerabili agli exploit informatici. Ovunque tu navighi, il programma far\u00e0 la guardia contro qualsiasi minaccia tu possa incontrare.<\/li>\n<li><strong>Previene le minacce alla sicurezza inform<\/strong>atica: l&#8217;architettura Zero Trust garantisce il 100% di isolamento del browser remoto. Gli hacker non possono infiltrarsi nei tuoi dispositivi se visiti siti web compromessi.<\/li>\n<li><strong>Intuitivo ed efficace<\/strong>: progettato pensando agli utenti con una migliore efficienza di elaborazione.<\/li>\n<\/ul>\n<h4><strong>LE RECENSIONI DEGLI UTENTI<\/strong><\/h4>\n<p><strong>Gianni&#8221;PUFFIN il browser web ideale per i dispositivi mobili&#8221;<\/strong><br \/>\n<strong>Commenti<\/strong>: Puffin aiuta a navigare sul Web velocemente, poich\u00e9 quando misuri la velocit\u00e0 di Internet in Speedtest, nota un&#8217;enorme differenza tra i principali browser sul mercato. Penso che dovrebbe avere pi\u00f9 pubblicit\u00e0 in modo che le persone lo conoscano dato che mi piace molto. L&#8217;installazione \u00e8 nata da tanti test con diversi browser e questo \u00e8 stato quello che ha superato tutte le mie aspettative.<br \/>\n<strong>Pro<\/strong>: Puffin funziona perfettamente, offre una navigazione privata ed \u00e8 un browser molto veloce<br \/>\n<strong>Contro<\/strong>: Gli sviluppatori dovrebbero implementare la funzione picture in picture che Puffin Incognito non ha, sarebbe anche bello se implementassero la modalit\u00e0 notturna<\/p>\n<p><strong>Ceon&#8221;Il browser veloce anche su connessioni a bassa velocit\u00e0.&#8221;<\/strong><br \/>\n<strong>Commenti<\/strong>: Questo software offre le prestazioni pi\u00f9 affidabili in generale, soprattutto in situazioni in cui la larghezza di banda \u00e8 ridotta o la velocit\u00e0 \u00e8 molto elevata ma la connessione \u00e8 fluttuante a causa del maltempo.<br \/>\n<strong>Pro<\/strong>: Il software non utilizza molti cookie di tracciamento per il suo utilizzo e non utilizza molta RAM pur offrendo prestazioni veloci.<br \/>\n<strong>Contro<\/strong>: Gli elementi scaricati a volte scompaiono dall&#8217;unit\u00e0 del dispositivo se l&#8217;elenco dei download sul browser viene cancellato. Il software importa anche bene le informazioni ma non sempre le esporta in modo accurato.<\/p>\n<p><strong>Jahid Hasan&#8221;Un browser basato sulla privacy&#8221;<\/strong><br \/>\n<strong>Commenti<\/strong>: Penso che il browser Puffin Secure sia una buona app. Ha caratteristiche davvero buone e l&#8217;interfaccia utente \u00e8 carina. Lo uso da un po&#8217; e non ho ancora avuto problemi. Consiglierei di scaricare il browser Puffin Secure a chiunque cerchi una nuova app di sicurezza o semplicemente perch\u00e9 a loro piace esplorare cose nuove.<br \/>\n<strong>Pro<\/strong>: Uso questo browser ormai da anni ed \u00e8 il migliore che ho trovato. \u00c8 veloce, facile da usare e ha un ottimo design. Ci sono sempre alcuni bug che emergono ogni tanto, ma per la maggior parte fa quello che mi serve.<br \/>\n<strong>Contro<\/strong>: Uso l&#8217;app sul mio telefono e la adoro! Dovresti assolutamente scaricarlo dall&#8217;App Store o dal Play Store. Ne vale la pena.<\/p>\n","protected":false},"excerpt":{"rendered":"<p>Puffin Sercure Browser\u00a0potrebbe sembrare un normale browser a prima vista, ma si nasconde molto di pi\u00f9 dietro le quinte. Quando digiti un URL in un normale browser, un server web invia una cartella con codice HTML, CSS e JavaScript al browser dell&#8217;utente. Il motore del browser converte quindi questi elementi nella pagina web che stai tentando di visualizzare.\u00a0<\/p>\n","protected":false},"author":19,"featured_media":64860,"parent":64530,"menu_order":0,"comment_status":"open","ping_status":"closed","template":"g1_template_page_review_new.php","meta":{"_acf_changed":false,"cwp_meta_box_check":"Yes","cwp_rev_product_name":"","cwp_rev_product_image":"","wppr_links":[],"cwp_rev_price":"0.00","wppr_options":[{"name":"Usability","value":"0"},{"name":"Speed","value":"0"},{"name":"Features","value":"0"},{"name":"Support","value":"0"},{"name":"Pricing","value":"0"}],"wppr_pros":["","","","",""],"wppr_cons":["","","","",""],"_monsterinsights_skip_tracking":false,"_monsterinsights_sitenote_active":false,"_monsterinsights_sitenote_note":"","_monsterinsights_sitenote_category":0,"footnotes":""},"categories":[13813],"tags":[13815,13816,13817,13818,13870],"features":[],"class_list":{"0":"post-64858","1":"page","2":"type-page","3":"status-publish","4":"has-post-thumbnail","6":"category-browser-categoria","7":"tag-browser","8":"tag-browser-web","9":"tag-navigatore","10":"tag-navigatore-web","11":"tag-puffin-sercure-browser"},"wppr_data":{"cwp_meta_box_check":"Yes","_wppr_review_template":"default","cwp_rev_product_image":"","cwp_image_link":"image","wppr_links":[],"cwp_rev_price":"0.00","wppr_pros":["","","","",""],"wppr_cons":["","","","",""],"wppr_rating":"0.00","wppr_options":{"1":{"name":"Usability","value":"0"},"2":{"name":"Speed","value":"0"},"3":{"name":"Features","value":"0"},"4":{"name":"Support","value":"0"},"5":{"name":"Pricing","value":"0"}},"wppr_review_type":"Product","wppr_review_custom_fields":{"additionalProperty":"","additionalType":"","aggregateRating":"","alternateName":"","audience":"","award":"","awards":"","brand":"","color":"","depth":"","description":"","disambiguatingDescription":"","gtin12":"","gtin13":"","gtin14":"","gtin8":"","height":"","identifier":"","image":"","isAccessoryOrSparePartFor":"","isConsumableFor":"","isRelatedTo":"","isSimilarTo":"","itemCondition":"","logo":"","mainEntityOfPage":"","manufacturer":"","material":"","model":"","mpn":"","name":"","offers":"","potentialAction":"","productID":"","productionDate":"","purchaseDate":"","releaseDate":"","review":"","reviews":"","sameAs":"","sku":"","slogan":"","subjectOf":"","url":"","weight":"","width":""}},"acf":[],"yoast_head":"<!-- This site is optimized with the Yoast SEO plugin v27.4 - https:\/\/yoast.com\/product\/yoast-seo-wordpress\/ -->\n<title>Puffin Sercure Browser: recensione browser - Accurate Reviews<\/title>\n<meta name=\"description\" content=\"Puffin Sercure Browser: recensione browser che\u00a0potrebbe sembrare una normale soluzione browser ma in realt\u00e0 \u00e8 molto di pi\u00f9.\" \/>\n<meta name=\"robots\" content=\"index, follow, max-snippet:-1, max-image-preview:large, max-video-preview:-1\" \/>\n<link rel=\"canonical\" href=\"https:\/\/www.accuratereviews.com\/it\/browser\/puffin-sercure-browser-recensione\/\" \/>\n<meta property=\"og:locale\" content=\"it_IT\" \/>\n<meta property=\"og:type\" content=\"article\" \/>\n<meta property=\"og:title\" content=\"Puffin Sercure Browser: recensione browser - Accurate Reviews\" \/>\n<meta property=\"og:description\" content=\"Puffin Sercure Browser: recensione browser che\u00a0potrebbe sembrare una normale soluzione browser ma in realt\u00e0 \u00e8 molto di pi\u00f9.\" \/>\n<meta property=\"og:url\" content=\"https:\/\/www.accuratereviews.com\/it\/browser\/puffin-sercure-browser-recensione\/\" \/>\n<meta property=\"og:site_name\" content=\"Accurate Reviews\" \/>\n<meta property=\"og:image\" content=\"https:\/\/www.accuratereviews.com\/wp-content\/uploads\/2022\/12\/Puffin-Secure-Browser.webp\" \/>\n\t<meta property=\"og:image:width\" content=\"364\" \/>\n\t<meta property=\"og:image:height\" content=\"364\" \/>\n\t<meta property=\"og:image:type\" content=\"image\/webp\" \/>\n<meta name=\"twitter:card\" content=\"summary_large_image\" \/>\n<meta name=\"twitter:label1\" content=\"Tempo di lettura stimato\" \/>\n\t<meta name=\"twitter:data1\" content=\"3 minuti\" \/>\n<script type=\"application\/ld+json\" class=\"yoast-schema-graph\">{\"@context\":\"https:\\\/\\\/schema.org\",\"@graph\":[{\"@type\":\"WebPage\",\"@id\":\"https:\\\/\\\/www.accuratereviews.com\\\/it\\\/browser\\\/puffin-sercure-browser-recensione\\\/\",\"url\":\"https:\\\/\\\/www.accuratereviews.com\\\/it\\\/browser\\\/puffin-sercure-browser-recensione\\\/\",\"name\":\"Puffin Sercure Browser: recensione browser - Accurate Reviews\",\"isPartOf\":{\"@id\":\"https:\\\/\\\/www.accuratereviews.com\\\/it\\\/#website\"},\"primaryImageOfPage\":{\"@id\":\"https:\\\/\\\/www.accuratereviews.com\\\/it\\\/browser\\\/puffin-sercure-browser-recensione\\\/#primaryimage\"},\"image\":{\"@id\":\"https:\\\/\\\/www.accuratereviews.com\\\/it\\\/browser\\\/puffin-sercure-browser-recensione\\\/#primaryimage\"},\"thumbnailUrl\":\"https:\\\/\\\/www.accuratereviews.com\\\/wp-content\\\/uploads\\\/2022\\\/12\\\/Puffin-Secure-Browser.webp\",\"datePublished\":\"2022-12-12T17:52:57+00:00\",\"description\":\"Puffin Sercure Browser: recensione browser che\u00a0potrebbe sembrare una normale soluzione browser ma in realt\u00e0 \u00e8 molto di pi\u00f9.\",\"breadcrumb\":{\"@id\":\"https:\\\/\\\/www.accuratereviews.com\\\/it\\\/browser\\\/puffin-sercure-browser-recensione\\\/#breadcrumb\"},\"inLanguage\":\"it-IT\",\"potentialAction\":[{\"@type\":\"ReadAction\",\"target\":[\"https:\\\/\\\/www.accuratereviews.com\\\/it\\\/browser\\\/puffin-sercure-browser-recensione\\\/\"]}]},{\"@type\":\"ImageObject\",\"inLanguage\":\"it-IT\",\"@id\":\"https:\\\/\\\/www.accuratereviews.com\\\/it\\\/browser\\\/puffin-sercure-browser-recensione\\\/#primaryimage\",\"url\":\"https:\\\/\\\/www.accuratereviews.com\\\/wp-content\\\/uploads\\\/2022\\\/12\\\/Puffin-Secure-Browser.webp\",\"contentUrl\":\"https:\\\/\\\/www.accuratereviews.com\\\/wp-content\\\/uploads\\\/2022\\\/12\\\/Puffin-Secure-Browser.webp\",\"width\":364,\"height\":364},{\"@type\":\"BreadcrumbList\",\"@id\":\"https:\\\/\\\/www.accuratereviews.com\\\/it\\\/browser\\\/puffin-sercure-browser-recensione\\\/#breadcrumb\",\"itemListElement\":[{\"@type\":\"ListItem\",\"position\":1,\"name\":\"Home\",\"item\":\"https:\\\/\\\/www.accuratereviews.com\\\/it\\\/\"},{\"@type\":\"ListItem\",\"position\":2,\"name\":\"Browser\",\"item\":\"https:\\\/\\\/www.accuratereviews.com\\\/it\\\/browser\\\/\"},{\"@type\":\"ListItem\",\"position\":3,\"name\":\"Puffin Sercure Browser\"}]},{\"@type\":\"WebSite\",\"@id\":\"https:\\\/\\\/www.accuratereviews.com\\\/it\\\/#website\",\"url\":\"https:\\\/\\\/www.accuratereviews.com\\\/it\\\/\",\"name\":\"Accurate Reviews\",\"description\":\"\",\"potentialAction\":[{\"@type\":\"SearchAction\",\"target\":{\"@type\":\"EntryPoint\",\"urlTemplate\":\"https:\\\/\\\/www.accuratereviews.com\\\/it\\\/?s={search_term_string}\"},\"query-input\":{\"@type\":\"PropertyValueSpecification\",\"valueRequired\":true,\"valueName\":\"search_term_string\"}}],\"inLanguage\":\"it-IT\"}]}<\/script>\n<!-- \/ Yoast SEO plugin. -->","yoast_head_json":{"title":"Puffin Sercure Browser: recensione browser - Accurate Reviews","description":"Puffin Sercure Browser: recensione browser che\u00a0potrebbe sembrare una normale soluzione browser ma in realt\u00e0 \u00e8 molto di pi\u00f9.","robots":{"index":"index","follow":"follow","max-snippet":"max-snippet:-1","max-image-preview":"max-image-preview:large","max-video-preview":"max-video-preview:-1"},"canonical":"https:\/\/www.accuratereviews.com\/it\/browser\/puffin-sercure-browser-recensione\/","og_locale":"it_IT","og_type":"article","og_title":"Puffin Sercure Browser: recensione browser - Accurate Reviews","og_description":"Puffin Sercure Browser: recensione browser che\u00a0potrebbe sembrare una normale soluzione browser ma in realt\u00e0 \u00e8 molto di pi\u00f9.","og_url":"https:\/\/www.accuratereviews.com\/it\/browser\/puffin-sercure-browser-recensione\/","og_site_name":"Accurate Reviews","og_image":[{"width":364,"height":364,"url":"https:\/\/www.accuratereviews.com\/wp-content\/uploads\/2022\/12\/Puffin-Secure-Browser.webp","type":"image\/webp"}],"twitter_card":"summary_large_image","twitter_misc":{"Tempo di lettura stimato":"3 minuti"},"schema":{"@context":"https:\/\/schema.org","@graph":[{"@type":"WebPage","@id":"https:\/\/www.accuratereviews.com\/it\/browser\/puffin-sercure-browser-recensione\/","url":"https:\/\/www.accuratereviews.com\/it\/browser\/puffin-sercure-browser-recensione\/","name":"Puffin Sercure Browser: recensione browser - Accurate Reviews","isPartOf":{"@id":"https:\/\/www.accuratereviews.com\/it\/#website"},"primaryImageOfPage":{"@id":"https:\/\/www.accuratereviews.com\/it\/browser\/puffin-sercure-browser-recensione\/#primaryimage"},"image":{"@id":"https:\/\/www.accuratereviews.com\/it\/browser\/puffin-sercure-browser-recensione\/#primaryimage"},"thumbnailUrl":"https:\/\/www.accuratereviews.com\/wp-content\/uploads\/2022\/12\/Puffin-Secure-Browser.webp","datePublished":"2022-12-12T17:52:57+00:00","description":"Puffin Sercure Browser: recensione browser che\u00a0potrebbe sembrare una normale soluzione browser ma in realt\u00e0 \u00e8 molto di pi\u00f9.","breadcrumb":{"@id":"https:\/\/www.accuratereviews.com\/it\/browser\/puffin-sercure-browser-recensione\/#breadcrumb"},"inLanguage":"it-IT","potentialAction":[{"@type":"ReadAction","target":["https:\/\/www.accuratereviews.com\/it\/browser\/puffin-sercure-browser-recensione\/"]}]},{"@type":"ImageObject","inLanguage":"it-IT","@id":"https:\/\/www.accuratereviews.com\/it\/browser\/puffin-sercure-browser-recensione\/#primaryimage","url":"https:\/\/www.accuratereviews.com\/wp-content\/uploads\/2022\/12\/Puffin-Secure-Browser.webp","contentUrl":"https:\/\/www.accuratereviews.com\/wp-content\/uploads\/2022\/12\/Puffin-Secure-Browser.webp","width":364,"height":364},{"@type":"BreadcrumbList","@id":"https:\/\/www.accuratereviews.com\/it\/browser\/puffin-sercure-browser-recensione\/#breadcrumb","itemListElement":[{"@type":"ListItem","position":1,"name":"Home","item":"https:\/\/www.accuratereviews.com\/it\/"},{"@type":"ListItem","position":2,"name":"Browser","item":"https:\/\/www.accuratereviews.com\/it\/browser\/"},{"@type":"ListItem","position":3,"name":"Puffin Sercure Browser"}]},{"@type":"WebSite","@id":"https:\/\/www.accuratereviews.com\/it\/#website","url":"https:\/\/www.accuratereviews.com\/it\/","name":"Accurate Reviews","description":"","potentialAction":[{"@type":"SearchAction","target":{"@type":"EntryPoint","urlTemplate":"https:\/\/www.accuratereviews.com\/it\/?s={search_term_string}"},"query-input":{"@type":"PropertyValueSpecification","valueRequired":true,"valueName":"search_term_string"}}],"inLanguage":"it-IT"}]}},"_links":{"self":[{"href":"https:\/\/www.accuratereviews.com\/it\/wp-json\/wp\/v2\/pages\/64858","targetHints":{"allow":["GET"]}}],"collection":[{"href":"https:\/\/www.accuratereviews.com\/it\/wp-json\/wp\/v2\/pages"}],"about":[{"href":"https:\/\/www.accuratereviews.com\/it\/wp-json\/wp\/v2\/types\/page"}],"author":[{"embeddable":true,"href":"https:\/\/www.accuratereviews.com\/it\/wp-json\/wp\/v2\/users\/19"}],"replies":[{"embeddable":true,"href":"https:\/\/www.accuratereviews.com\/it\/wp-json\/wp\/v2\/comments?post=64858"}],"version-history":[{"count":7,"href":"https:\/\/www.accuratereviews.com\/it\/wp-json\/wp\/v2\/pages\/64858\/revisions"}],"predecessor-version":[{"id":64881,"href":"https:\/\/www.accuratereviews.com\/it\/wp-json\/wp\/v2\/pages\/64858\/revisions\/64881"}],"up":[{"embeddable":true,"href":"https:\/\/www.accuratereviews.com\/it\/wp-json\/wp\/v2\/pages\/64530"}],"wp:featuredmedia":[{"embeddable":true,"href":"https:\/\/www.accuratereviews.com\/it\/wp-json\/wp\/v2\/media\/64860"}],"wp:attachment":[{"href":"https:\/\/www.accuratereviews.com\/it\/wp-json\/wp\/v2\/media?parent=64858"}],"wp:term":[{"taxonomy":"category","embeddable":true,"href":"https:\/\/www.accuratereviews.com\/it\/wp-json\/wp\/v2\/categories?post=64858"},{"taxonomy":"post_tag","embeddable":true,"href":"https:\/\/www.accuratereviews.com\/it\/wp-json\/wp\/v2\/tags?post=64858"},{"taxonomy":"features","embeddable":true,"href":"https:\/\/www.accuratereviews.com\/it\/wp-json\/wp\/v2\/features?post=64858"}],"curies":[{"name":"wp","href":"https:\/\/api.w.org\/{rel}","templated":true}]}}