{"id":6486,"date":"2016-06-15T10:37:22","date_gmt":"2016-06-15T10:37:22","guid":{"rendered":"http:\/\/www.accuratereviews.com\/it\/client-di-posta-i-migliori-software-lista\/postbox\/"},"modified":"2021-04-17T06:08:46","modified_gmt":"2021-04-17T06:08:46","slug":"postbox","status":"publish","type":"page","link":"https:\/\/www.accuratereviews.com\/it\/client-di-posta\/postbox\/","title":{"rendered":"Postbox"},"content":{"rendered":"<p><a href=\"http:\/\/www.accuratereviews.com\/wp-content\/uploads\/2016\/06\/Postbox.png\"><img loading=\"lazy\" decoding=\"async\" class=\"aligncenter size-full wp-image-4859\" src=\"http:\/\/www.accuratereviews.com\/wp-content\/uploads\/2016\/06\/Postbox.png\" alt=\"Postbox\" width=\"906\" height=\"770\" srcset=\"https:\/\/www.accuratereviews.com\/wp-content\/uploads\/2016\/06\/Postbox.png 906w, https:\/\/www.accuratereviews.com\/wp-content\/uploads\/2016\/06\/Postbox-300x255.png 300w, https:\/\/www.accuratereviews.com\/wp-content\/uploads\/2016\/06\/Postbox-768x653.png 768w, https:\/\/www.accuratereviews.com\/wp-content\/uploads\/2016\/06\/Postbox-147x125.png 147w, https:\/\/www.accuratereviews.com\/wp-content\/uploads\/2016\/06\/Postbox-50x42.png 50w, https:\/\/www.accuratereviews.com\/wp-content\/uploads\/2016\/06\/Postbox-636x541.png 636w, https:\/\/www.accuratereviews.com\/wp-content\/uploads\/2016\/06\/Postbox-320x272.png 320w, https:\/\/www.accuratereviews.com\/wp-content\/uploads\/2016\/06\/Postbox-239x203.png 239w\" sizes=\"auto, (max-width: 906px) 100vw, 906px\" \/><\/a><\/p>\n<p><strong>Postbox \u00e8 uno dei pi\u00f9 vecchi client per la posta elettronica alternativo<\/strong> ai classici <a href=\"https:\/\/www.accuratereviews.com\/it\/client-di-posta\/apple-mail\/\" target=\"_blank\" rel=\"noopener\">Mail<\/a> e <a href=\"https:\/\/www.accuratereviews.com\/it\/client-di-posta\/microsoft-outlook-2016\/\" target=\"_blank\" rel=\"noopener\">Outlook<\/a> inclusi in Mac e Windows. Una volta caratterizzato da un\u2019interfaccia piuttosto old-school, Postbox \u00e8 stato completamente ridisegnato, garantendo vantaggi anche per l\u2019usabilit\u00e0 e rendendolo un\u2019alternativa ancora pi\u00f9 valida.<\/p>\n<p>Rispetto ad <a href=\"https:\/\/www.accuratereviews.com\/it\/client-di-posta\/airmail\/\" target=\"_blank\" rel=\"noopener\">Airmail<\/a>, <strong>Postbox offre pi\u00f9 funzionalit\u00e0<\/strong> diventando un\u2019ottimo concorrente di Apple Mail su dispositivi macOS. Il client punta tutto su una gestione pi\u00f9 efficiente della posta elettronica grazie a funzionalit\u00e0 come \u201caccount groups\u201d, in grado di mischiare o separare gli account privati da quelli professionali. <strong>Postbox non ha interfaccia in lingua italiana<\/strong>.<\/p>\n<p><a href=\"https:\/\/www.accuratereviews.com\/email-client\/postbox\/\" title=\"Per una recensione pi\u00f9 approfondita vi rimandiamo a quella in lingua inglese\">Per una recensione pi\u00f9 approfondita vi rimandiamo a quella in lingua inglese<\/a>.<\/p>\n","protected":false},"excerpt":{"rendered":"<p>Postbox \u00e8 uno dei pi\u00f9 vecchi client per la posta elettronica alternativo ai classici Mail e Outlook. \u00c8 stato completamente ridisegnato, garantendo vantaggi anche per l\u2019usabilit\u00e0 e rendendolo un\u2019alternativa ancora pi\u00f9 valida.<\/p>\n","protected":false},"author":16,"featured_media":0,"parent":5913,"menu_order":10,"comment_status":"open","ping_status":"closed","template":"g1_template_page_review_new.php","meta":{"_acf_changed":false,"cwp_meta_box_check":"Yes","cwp_rev_product_name":"","cwp_rev_product_image":"","wppr_links":[],"cwp_rev_price":"","wppr_options":[],"wppr_pros":[],"wppr_cons":[],"_monsterinsights_skip_tracking":false,"_monsterinsights_sitenote_active":false,"_monsterinsights_sitenote_note":"","_monsterinsights_sitenote_category":0,"footnotes":""},"categories":[119,5675,5677],"tags":[],"features":[],"class_list":{"0":"post-6486","1":"page","2":"type-page","3":"status-publish","5":"category-i-migliori-client-di-posta","6":"category-client-di-posta-per-mac-categoria","7":"category-client-di-posta-per-windows-categoria"},"wppr_data":{"cwp_meta_box_check":"Yes","cwp_rev_product_name":"","cwp_rev_product_image":"","cwp_image_link":"image","cwp_rev_price":"","wppr_rating":"0.00"},"acf":[],"yoast_head":"<!-- This site is optimized with the Yoast SEO plugin v27.4 - https:\/\/yoast.com\/product\/yoast-seo-wordpress\/ -->\n<title>Postbox recensione migliore client di posta | Accurate Reviews<\/title>\n<meta name=\"description\" content=\"Postbox \u00e8 uno dei pi\u00f9 vecchi client per la posta elettronica alternativo ai classici Mail e Outlook inclusi su Mac o Windows.\" \/>\n<meta name=\"robots\" content=\"index, follow, max-snippet:-1, max-image-preview:large, max-video-preview:-1\" \/>\n<link rel=\"canonical\" href=\"https:\/\/www.accuratereviews.com\/it\/client-di-posta\/postbox\/\" \/>\n<meta property=\"og:locale\" content=\"it_IT\" \/>\n<meta property=\"og:type\" content=\"article\" \/>\n<meta property=\"og:title\" content=\"Postbox recensione migliore client di posta | Accurate Reviews\" \/>\n<meta property=\"og:description\" content=\"Postbox \u00e8 uno dei pi\u00f9 vecchi client per la posta elettronica alternativo ai classici Mail e Outlook inclusi su Mac o Windows.\" \/>\n<meta property=\"og:url\" content=\"https:\/\/www.accuratereviews.com\/it\/client-di-posta\/postbox\/\" \/>\n<meta property=\"og:site_name\" content=\"Accurate Reviews\" \/>\n<meta property=\"article:modified_time\" content=\"2021-04-17T06:08:46+00:00\" \/>\n<meta property=\"og:image\" content=\"http:\/\/www.accuratereviews.com\/wp-content\/uploads\/2016\/06\/Postbox.png\" \/>\n<meta name=\"twitter:card\" content=\"summary_large_image\" \/>\n<meta name=\"twitter:label1\" content=\"Tempo di lettura stimato\" \/>\n\t<meta name=\"twitter:data1\" content=\"1 minuto\" \/>\n<script type=\"application\/ld+json\" class=\"yoast-schema-graph\">{\"@context\":\"https:\\\/\\\/schema.org\",\"@graph\":[{\"@type\":\"WebPage\",\"@id\":\"https:\\\/\\\/www.accuratereviews.com\\\/it\\\/client-di-posta\\\/postbox\\\/\",\"url\":\"https:\\\/\\\/www.accuratereviews.com\\\/it\\\/client-di-posta\\\/postbox\\\/\",\"name\":\"Postbox recensione migliore client di posta | Accurate Reviews\",\"isPartOf\":{\"@id\":\"https:\\\/\\\/www.accuratereviews.com\\\/it\\\/#website\"},\"primaryImageOfPage\":{\"@id\":\"https:\\\/\\\/www.accuratereviews.com\\\/it\\\/client-di-posta\\\/postbox\\\/#primaryimage\"},\"image\":{\"@id\":\"https:\\\/\\\/www.accuratereviews.com\\\/it\\\/client-di-posta\\\/postbox\\\/#primaryimage\"},\"thumbnailUrl\":\"http:\\\/\\\/www.accuratereviews.com\\\/wp-content\\\/uploads\\\/2016\\\/06\\\/Postbox.png\",\"datePublished\":\"2016-06-15T10:37:22+00:00\",\"dateModified\":\"2021-04-17T06:08:46+00:00\",\"description\":\"Postbox \u00e8 uno dei pi\u00f9 vecchi client per la posta elettronica alternativo ai classici Mail e Outlook inclusi su Mac o Windows.\",\"breadcrumb\":{\"@id\":\"https:\\\/\\\/www.accuratereviews.com\\\/it\\\/client-di-posta\\\/postbox\\\/#breadcrumb\"},\"inLanguage\":\"it-IT\",\"potentialAction\":[{\"@type\":\"ReadAction\",\"target\":[\"https:\\\/\\\/www.accuratereviews.com\\\/it\\\/client-di-posta\\\/postbox\\\/\"]}]},{\"@type\":\"ImageObject\",\"inLanguage\":\"it-IT\",\"@id\":\"https:\\\/\\\/www.accuratereviews.com\\\/it\\\/client-di-posta\\\/postbox\\\/#primaryimage\",\"url\":\"http:\\\/\\\/www.accuratereviews.com\\\/wp-content\\\/uploads\\\/2016\\\/06\\\/Postbox.png\",\"contentUrl\":\"http:\\\/\\\/www.accuratereviews.com\\\/wp-content\\\/uploads\\\/2016\\\/06\\\/Postbox.png\"},{\"@type\":\"BreadcrumbList\",\"@id\":\"https:\\\/\\\/www.accuratereviews.com\\\/it\\\/client-di-posta\\\/postbox\\\/#breadcrumb\",\"itemListElement\":[{\"@type\":\"ListItem\",\"position\":1,\"name\":\"Home\",\"item\":\"https:\\\/\\\/www.accuratereviews.com\\\/it\\\/\"},{\"@type\":\"ListItem\",\"position\":2,\"name\":\"Client di posta\",\"item\":\"https:\\\/\\\/www.accuratereviews.com\\\/it\\\/client-di-posta\\\/\"},{\"@type\":\"ListItem\",\"position\":3,\"name\":\"Postbox\"}]},{\"@type\":\"WebSite\",\"@id\":\"https:\\\/\\\/www.accuratereviews.com\\\/it\\\/#website\",\"url\":\"https:\\\/\\\/www.accuratereviews.com\\\/it\\\/\",\"name\":\"Accurate Reviews\",\"description\":\"\",\"potentialAction\":[{\"@type\":\"SearchAction\",\"target\":{\"@type\":\"EntryPoint\",\"urlTemplate\":\"https:\\\/\\\/www.accuratereviews.com\\\/it\\\/?s={search_term_string}\"},\"query-input\":{\"@type\":\"PropertyValueSpecification\",\"valueRequired\":true,\"valueName\":\"search_term_string\"}}],\"inLanguage\":\"it-IT\"}]}<\/script>\n<!-- \/ Yoast SEO plugin. -->","yoast_head_json":{"title":"Postbox recensione migliore client di posta | Accurate Reviews","description":"Postbox \u00e8 uno dei pi\u00f9 vecchi client per la posta elettronica alternativo ai classici Mail e Outlook inclusi su Mac o Windows.","robots":{"index":"index","follow":"follow","max-snippet":"max-snippet:-1","max-image-preview":"max-image-preview:large","max-video-preview":"max-video-preview:-1"},"canonical":"https:\/\/www.accuratereviews.com\/it\/client-di-posta\/postbox\/","og_locale":"it_IT","og_type":"article","og_title":"Postbox recensione migliore client di posta | Accurate Reviews","og_description":"Postbox \u00e8 uno dei pi\u00f9 vecchi client per la posta elettronica alternativo ai classici Mail e Outlook inclusi su Mac o Windows.","og_url":"https:\/\/www.accuratereviews.com\/it\/client-di-posta\/postbox\/","og_site_name":"Accurate Reviews","article_modified_time":"2021-04-17T06:08:46+00:00","og_image":[{"url":"http:\/\/www.accuratereviews.com\/wp-content\/uploads\/2016\/06\/Postbox.png","type":"","width":"","height":""}],"twitter_card":"summary_large_image","twitter_misc":{"Tempo di lettura stimato":"1 minuto"},"schema":{"@context":"https:\/\/schema.org","@graph":[{"@type":"WebPage","@id":"https:\/\/www.accuratereviews.com\/it\/client-di-posta\/postbox\/","url":"https:\/\/www.accuratereviews.com\/it\/client-di-posta\/postbox\/","name":"Postbox recensione migliore client di posta | Accurate Reviews","isPartOf":{"@id":"https:\/\/www.accuratereviews.com\/it\/#website"},"primaryImageOfPage":{"@id":"https:\/\/www.accuratereviews.com\/it\/client-di-posta\/postbox\/#primaryimage"},"image":{"@id":"https:\/\/www.accuratereviews.com\/it\/client-di-posta\/postbox\/#primaryimage"},"thumbnailUrl":"http:\/\/www.accuratereviews.com\/wp-content\/uploads\/2016\/06\/Postbox.png","datePublished":"2016-06-15T10:37:22+00:00","dateModified":"2021-04-17T06:08:46+00:00","description":"Postbox \u00e8 uno dei pi\u00f9 vecchi client per la posta elettronica alternativo ai classici Mail e Outlook inclusi su Mac o Windows.","breadcrumb":{"@id":"https:\/\/www.accuratereviews.com\/it\/client-di-posta\/postbox\/#breadcrumb"},"inLanguage":"it-IT","potentialAction":[{"@type":"ReadAction","target":["https:\/\/www.accuratereviews.com\/it\/client-di-posta\/postbox\/"]}]},{"@type":"ImageObject","inLanguage":"it-IT","@id":"https:\/\/www.accuratereviews.com\/it\/client-di-posta\/postbox\/#primaryimage","url":"http:\/\/www.accuratereviews.com\/wp-content\/uploads\/2016\/06\/Postbox.png","contentUrl":"http:\/\/www.accuratereviews.com\/wp-content\/uploads\/2016\/06\/Postbox.png"},{"@type":"BreadcrumbList","@id":"https:\/\/www.accuratereviews.com\/it\/client-di-posta\/postbox\/#breadcrumb","itemListElement":[{"@type":"ListItem","position":1,"name":"Home","item":"https:\/\/www.accuratereviews.com\/it\/"},{"@type":"ListItem","position":2,"name":"Client di posta","item":"https:\/\/www.accuratereviews.com\/it\/client-di-posta\/"},{"@type":"ListItem","position":3,"name":"Postbox"}]},{"@type":"WebSite","@id":"https:\/\/www.accuratereviews.com\/it\/#website","url":"https:\/\/www.accuratereviews.com\/it\/","name":"Accurate Reviews","description":"","potentialAction":[{"@type":"SearchAction","target":{"@type":"EntryPoint","urlTemplate":"https:\/\/www.accuratereviews.com\/it\/?s={search_term_string}"},"query-input":{"@type":"PropertyValueSpecification","valueRequired":true,"valueName":"search_term_string"}}],"inLanguage":"it-IT"}]}},"_links":{"self":[{"href":"https:\/\/www.accuratereviews.com\/it\/wp-json\/wp\/v2\/pages\/6486","targetHints":{"allow":["GET"]}}],"collection":[{"href":"https:\/\/www.accuratereviews.com\/it\/wp-json\/wp\/v2\/pages"}],"about":[{"href":"https:\/\/www.accuratereviews.com\/it\/wp-json\/wp\/v2\/types\/page"}],"author":[{"embeddable":true,"href":"https:\/\/www.accuratereviews.com\/it\/wp-json\/wp\/v2\/users\/16"}],"replies":[{"embeddable":true,"href":"https:\/\/www.accuratereviews.com\/it\/wp-json\/wp\/v2\/comments?post=6486"}],"version-history":[{"count":4,"href":"https:\/\/www.accuratereviews.com\/it\/wp-json\/wp\/v2\/pages\/6486\/revisions"}],"predecessor-version":[{"id":40233,"href":"https:\/\/www.accuratereviews.com\/it\/wp-json\/wp\/v2\/pages\/6486\/revisions\/40233"}],"up":[{"embeddable":true,"href":"https:\/\/www.accuratereviews.com\/it\/wp-json\/wp\/v2\/pages\/5913"}],"wp:attachment":[{"href":"https:\/\/www.accuratereviews.com\/it\/wp-json\/wp\/v2\/media?parent=6486"}],"wp:term":[{"taxonomy":"category","embeddable":true,"href":"https:\/\/www.accuratereviews.com\/it\/wp-json\/wp\/v2\/categories?post=6486"},{"taxonomy":"post_tag","embeddable":true,"href":"https:\/\/www.accuratereviews.com\/it\/wp-json\/wp\/v2\/tags?post=6486"},{"taxonomy":"features","embeddable":true,"href":"https:\/\/www.accuratereviews.com\/it\/wp-json\/wp\/v2\/features?post=6486"}],"curies":[{"name":"wp","href":"https:\/\/api.w.org\/{rel}","templated":true}]}}