{"id":64885,"date":"2022-12-13T17:46:33","date_gmt":"2022-12-13T17:46:33","guid":{"rendered":"https:\/\/www.accuratereviews.com\/?page_id=64885"},"modified":"2022-12-13T17:46:33","modified_gmt":"2022-12-13T17:46:33","slug":"logii-browser-recensione","status":"publish","type":"page","link":"https:\/\/www.accuratereviews.com\/it\/browser\/logii-browser-recensione\/","title":{"rendered":"Logii Browser"},"content":{"rendered":"<p><strong>Logii Browser<\/strong> \u00e8 un<strong> browser multi-accesso e anti-rilevamento<\/strong> per gli esperti di marketing che consente agli utenti di utilizzare pi\u00f9 account pubblicitari senza essere riconosciuti e di accedere a siti che non registrano dati e cronologia. Con questo browser si possono creare pi\u00f9 profili, ognuno quindi potr\u00e0 avere il proprio ambiente.<br \/>\nCon <strong>Logii Browser<\/strong>, gli utenti possono condividere facilmente il proprio account con i membri del proprio team senza dover condividere le OTP o le password. Esegui l&#8217;accesso sui social media da pi\u00f9 postazioni.<\/p>\n<h2>LOGII BROWSER &#8211; TUTORIAL<\/h2>\n<div id=\"fluid-wrapper-counter-1\" class=\"g1-fluid-wrapper \" style=\"width:686px;\">\n<div style=\"padding-bottom:56.268221574344%;\"><iframe loading=\"lazy\" title=\"Logii Browser - Antidetect Browser (Multi-account, Multilogin Browser)\" width=\"686\" height=\"386\" src=\"https:\/\/www.youtube.com\/embed\/FB2Zg1ucyIc?list=PLHM_l9cKmKaMI1da0xjztd4yLuPzHCSp1\" frameborder=\"0\" allow=\"accelerometer; autoplay; clipboard-write; encrypted-media; gyroscope; picture-in-picture\" allowfullscreen><\/iframe><\/div>\n<\/div>\n<h3>LOGII BROWSER &#8211; CARATTERISTICHE<\/h3>\n<ul>\n<li>Nessuna conoscenza tecnica richiesta<\/li>\n<li>Non perdere ore ad accedere e disconnettersi con le OTP<\/li>\n<li>Non c&#8217;\u00e8 bisogno di cambiare i proxy pi\u00f9 e pi\u00f9 volte<\/li>\n<li>Ambiente di navigazione sicuro e unico per ogni ID<\/li>\n<li>Cookie mantenuti separatamente per ciascun ID<\/li>\n<li>Condividi gli account con un clic con team e collaboratori<\/li>\n<li>Gestione proxy integrata. Accedi da qualsiasi luogo<\/li>\n<li>Controllo della geolocalizzazione. Imposta la tua posizione ovunque<\/li>\n<li>Controllo dell&#8217;agente del browser e\u00a0risoluzione del browser<\/li>\n<li>Nessun dato condiviso tra i tuoi ID<\/li>\n<li>Esegui pi\u00f9 account fianco a fianco<\/li>\n<li>Facile da usare proprio come il tuo normale browser<\/li>\n<li>100% moderno e compatibile con gli standard<\/li>\n<li>Supporta fino a 10 account in esecuzione contemporaneamente<\/li>\n<li>Condividi facilmente gli account con il team senza condividere la password<\/li>\n<li>Controllo su tutti i parametri di navigazione importanti<\/li>\n<li>Navigazione sicura con pi\u00f9 account contemporaneamente<\/li>\n<li>Requisiti di larghezza di banda e memoria ridotti<\/li>\n<li>Interfaccia facile da usare con strumenti familiari<\/li>\n<li>Supporto per proxy separato per ogni account<\/li>\n<li>Browser facile da usare con tutte le funzionalit\u00e0 standard<\/li>\n<li>Installa su un massimo di 3 computer contemporaneamente<\/li>\n<li>Navigazione facile e veloce sulla tua rete o su proxy<\/li>\n<li>Funziona con tutti i sistemi proxy a pagamento e gratuiti in tutto il mondo<\/li>\n<li>Ha il supporto per le estensioni<\/li>\n<\/ul>\n<h4>LE RECENSIONI DEGLI UTENTI<\/h4>\n<p><strong>Jhon D.:&#8221;Logii SM&#8221;<\/strong><br \/>\n<strong>Commenti<\/strong>: Come ingegnere, questi software sono indispensabili per me, a differenza di altri, questo software mi facilita l&#8217;accesso ed \u00e8 un software di grande successo quando si tratta di confrontare e modificare pi\u00f9 di un&#8217;informazione.<br \/>\n<strong>Pro<\/strong>: Nonostante sia un software che ho appena iniziato ad usare, \u00e8 diventato un software a cui non posso rinunciare, \u00e8 diverso e l&#8217;assistenza clienti \u00e8 andata a buon fine, cos\u00ec come la scansione rapida delle scorciatoie necessarie e dei dati forniti dall&#8217;indirizzo .<br \/>\n<strong>Contro<\/strong>: Lo uso da poco tempo, ma finora non mi sono imbattuto in una funzionalit\u00e0 che mi infastidisce o che non mi piace.<\/p>\n<p><strong>Jhon D:&#8221;Forte browser di protezione della privacy&#8221;<\/strong><br \/>\n<strong>Pro<\/strong>: Il browser Logii \u00e8 un potente browser in grado di proteggere dal tracciamento con sistemi di fingerprinting anti-detect e anti-browser.<br \/>\n<strong>Contro<\/strong>: Logii \u00e8 ancora nuovo e presenta alcuni bug minori (connessione proxy persa, problema di accesso) che devono essere risolti.<\/p>\n<p><strong>Mas Idayu&#8221;Buona alternativa per un browser web&#8221;<\/strong><br \/>\n<strong>Pro<\/strong>: \u00c8 un browser semplice che ti offre tutto ci\u00f2 di cui hai bisogno e precisamente ci\u00f2 che promette, con solo le funzionalit\u00e0 di cui hai bisogno. Un Internet Explorer completo che \u00e8 stato costruito e ottimizzato non crea confusione fornendo molte possibilit\u00e0 di personalizzazione. Il sistema di estensione \u00e8 fantastico e la riservatezza che fornisce durante la navigazione \u00e8 essenziale, cos\u00ec come l&#8217;efficienza della ricerca su qualsiasi macchina.<br \/>\n<strong>Contro<\/strong>: La mancanza di funzionalit\u00e0 di Logii ne limita drasticamente l&#8217;usabilit\u00e0 per la navigazione sul web. Le capacit\u00e0 del browser sono fortemente limitate. Ci sono solo poche opzioni di privacy, la crittografia pi\u00f9 alta si trova solo su macchine Apple e il controllo dei segnalibri \u00e8 limitato a iCloud.<\/p>\n","protected":false},"excerpt":{"rendered":"<p>Logii Browser \u00e8 un browser multi-accesso e anti-rilevamento per gli esperti di marketing che consente agli utenti di utilizzare pi\u00f9 account pubblicitari senza essere riconosciuti e di accedere a siti che non registrano dati e cronologia. Con questo browser si possono creare pi\u00f9 profili, ognuno quindi potr\u00e0 avere il proprio ambiente.<\/p>\n","protected":false},"author":19,"featured_media":64894,"parent":64530,"menu_order":0,"comment_status":"open","ping_status":"closed","template":"g1_template_page_review_new.php","meta":{"_acf_changed":false,"cwp_meta_box_check":"Yes","cwp_rev_product_name":"","cwp_rev_product_image":"","wppr_links":[],"cwp_rev_price":"0.00","wppr_options":[{"name":"Usability","value":"0"},{"name":"Speed","value":"0"},{"name":"Features","value":"0"},{"name":"Support","value":"0"},{"name":"Pricing","value":"0"}],"wppr_pros":["","","","",""],"wppr_cons":["","","","",""],"_monsterinsights_skip_tracking":false,"_monsterinsights_sitenote_active":false,"_monsterinsights_sitenote_note":"","_monsterinsights_sitenote_category":0,"footnotes":""},"categories":[13813],"tags":[13815,13816,13871,13817,13818],"features":[],"class_list":{"0":"post-64885","1":"page","2":"type-page","3":"status-publish","4":"has-post-thumbnail","6":"category-browser-categoria","7":"tag-browser","8":"tag-browser-web","9":"tag-logii-browser","10":"tag-navigatore","11":"tag-navigatore-web"},"wppr_data":{"cwp_meta_box_check":"Yes","_wppr_review_template":"default","cwp_rev_product_image":"","cwp_image_link":"image","wppr_links":[],"cwp_rev_price":"0.00","wppr_pros":["","","","",""],"wppr_cons":["","","","",""],"wppr_rating":"0.00","wppr_options":{"1":{"name":"Usability","value":"0"},"2":{"name":"Speed","value":"0"},"3":{"name":"Features","value":"0"},"4":{"name":"Support","value":"0"},"5":{"name":"Pricing","value":"0"}},"wppr_review_type":"Product","wppr_review_custom_fields":{"additionalProperty":"","additionalType":"","aggregateRating":"","alternateName":"","audience":"","award":"","awards":"","brand":"","color":"","depth":"","description":"","disambiguatingDescription":"","gtin12":"","gtin13":"","gtin14":"","gtin8":"","height":"","identifier":"","image":"","isAccessoryOrSparePartFor":"","isConsumableFor":"","isRelatedTo":"","isSimilarTo":"","itemCondition":"","logo":"","mainEntityOfPage":"","manufacturer":"","material":"","model":"","mpn":"","name":"","offers":"","potentialAction":"","productID":"","productionDate":"","purchaseDate":"","releaseDate":"","review":"","reviews":"","sameAs":"","sku":"","slogan":"","subjectOf":"","url":"","weight":"","width":""}},"acf":[],"yoast_head":"<!-- This site is optimized with the Yoast SEO plugin v27.4 - https:\/\/yoast.com\/product\/yoast-seo-wordpress\/ -->\n<title>Logii Browser: recensione browser - Accurate Reviews<\/title>\n<meta name=\"description\" content=\"Logii Browser: recensione browser multi-accesso e anti-rilevamento per gli esperti di marketing per utilizzare pi\u00f9 account.\" \/>\n<meta name=\"robots\" content=\"index, follow, max-snippet:-1, max-image-preview:large, max-video-preview:-1\" \/>\n<link rel=\"canonical\" href=\"https:\/\/www.accuratereviews.com\/it\/browser\/logii-browser-recensione\/\" \/>\n<meta property=\"og:locale\" content=\"it_IT\" \/>\n<meta property=\"og:type\" content=\"article\" \/>\n<meta property=\"og:title\" content=\"Logii Browser: recensione browser - Accurate Reviews\" \/>\n<meta property=\"og:description\" content=\"Logii Browser: recensione browser multi-accesso e anti-rilevamento per gli esperti di marketing per utilizzare pi\u00f9 account.\" \/>\n<meta property=\"og:url\" content=\"https:\/\/www.accuratereviews.com\/it\/browser\/logii-browser-recensione\/\" \/>\n<meta property=\"og:site_name\" content=\"Accurate Reviews\" \/>\n<meta property=\"og:image\" content=\"https:\/\/www.accuratereviews.com\/wp-content\/uploads\/2022\/12\/logii-browser.png\" \/>\n\t<meta property=\"og:image:width\" content=\"600\" \/>\n\t<meta property=\"og:image:height\" content=\"315\" \/>\n\t<meta property=\"og:image:type\" content=\"image\/png\" \/>\n<meta name=\"twitter:card\" content=\"summary_large_image\" \/>\n<meta name=\"twitter:label1\" content=\"Tempo di lettura stimato\" \/>\n\t<meta name=\"twitter:data1\" content=\"4 minuti\" \/>\n<script type=\"application\/ld+json\" class=\"yoast-schema-graph\">{\"@context\":\"https:\\\/\\\/schema.org\",\"@graph\":[{\"@type\":\"WebPage\",\"@id\":\"https:\\\/\\\/www.accuratereviews.com\\\/it\\\/browser\\\/logii-browser-recensione\\\/\",\"url\":\"https:\\\/\\\/www.accuratereviews.com\\\/it\\\/browser\\\/logii-browser-recensione\\\/\",\"name\":\"Logii Browser: recensione browser - Accurate Reviews\",\"isPartOf\":{\"@id\":\"https:\\\/\\\/www.accuratereviews.com\\\/it\\\/#website\"},\"primaryImageOfPage\":{\"@id\":\"https:\\\/\\\/www.accuratereviews.com\\\/it\\\/browser\\\/logii-browser-recensione\\\/#primaryimage\"},\"image\":{\"@id\":\"https:\\\/\\\/www.accuratereviews.com\\\/it\\\/browser\\\/logii-browser-recensione\\\/#primaryimage\"},\"thumbnailUrl\":\"https:\\\/\\\/www.accuratereviews.com\\\/wp-content\\\/uploads\\\/2022\\\/12\\\/logii-browser.png\",\"datePublished\":\"2022-12-13T17:46:33+00:00\",\"description\":\"Logii Browser: recensione browser multi-accesso e anti-rilevamento per gli esperti di marketing per utilizzare pi\u00f9 account.\",\"breadcrumb\":{\"@id\":\"https:\\\/\\\/www.accuratereviews.com\\\/it\\\/browser\\\/logii-browser-recensione\\\/#breadcrumb\"},\"inLanguage\":\"it-IT\",\"potentialAction\":[{\"@type\":\"ReadAction\",\"target\":[\"https:\\\/\\\/www.accuratereviews.com\\\/it\\\/browser\\\/logii-browser-recensione\\\/\"]}]},{\"@type\":\"ImageObject\",\"inLanguage\":\"it-IT\",\"@id\":\"https:\\\/\\\/www.accuratereviews.com\\\/it\\\/browser\\\/logii-browser-recensione\\\/#primaryimage\",\"url\":\"https:\\\/\\\/www.accuratereviews.com\\\/wp-content\\\/uploads\\\/2022\\\/12\\\/logii-browser.png\",\"contentUrl\":\"https:\\\/\\\/www.accuratereviews.com\\\/wp-content\\\/uploads\\\/2022\\\/12\\\/logii-browser.png\",\"width\":600,\"height\":315},{\"@type\":\"BreadcrumbList\",\"@id\":\"https:\\\/\\\/www.accuratereviews.com\\\/it\\\/browser\\\/logii-browser-recensione\\\/#breadcrumb\",\"itemListElement\":[{\"@type\":\"ListItem\",\"position\":1,\"name\":\"Home\",\"item\":\"https:\\\/\\\/www.accuratereviews.com\\\/it\\\/\"},{\"@type\":\"ListItem\",\"position\":2,\"name\":\"Browser\",\"item\":\"https:\\\/\\\/www.accuratereviews.com\\\/it\\\/browser\\\/\"},{\"@type\":\"ListItem\",\"position\":3,\"name\":\"Logii Browser\"}]},{\"@type\":\"WebSite\",\"@id\":\"https:\\\/\\\/www.accuratereviews.com\\\/it\\\/#website\",\"url\":\"https:\\\/\\\/www.accuratereviews.com\\\/it\\\/\",\"name\":\"Accurate Reviews\",\"description\":\"\",\"potentialAction\":[{\"@type\":\"SearchAction\",\"target\":{\"@type\":\"EntryPoint\",\"urlTemplate\":\"https:\\\/\\\/www.accuratereviews.com\\\/it\\\/?s={search_term_string}\"},\"query-input\":{\"@type\":\"PropertyValueSpecification\",\"valueRequired\":true,\"valueName\":\"search_term_string\"}}],\"inLanguage\":\"it-IT\"}]}<\/script>\n<!-- \/ Yoast SEO plugin. -->","yoast_head_json":{"title":"Logii Browser: recensione browser - Accurate Reviews","description":"Logii Browser: recensione browser multi-accesso e anti-rilevamento per gli esperti di marketing per utilizzare pi\u00f9 account.","robots":{"index":"index","follow":"follow","max-snippet":"max-snippet:-1","max-image-preview":"max-image-preview:large","max-video-preview":"max-video-preview:-1"},"canonical":"https:\/\/www.accuratereviews.com\/it\/browser\/logii-browser-recensione\/","og_locale":"it_IT","og_type":"article","og_title":"Logii Browser: recensione browser - Accurate Reviews","og_description":"Logii Browser: recensione browser multi-accesso e anti-rilevamento per gli esperti di marketing per utilizzare pi\u00f9 account.","og_url":"https:\/\/www.accuratereviews.com\/it\/browser\/logii-browser-recensione\/","og_site_name":"Accurate Reviews","og_image":[{"width":600,"height":315,"url":"https:\/\/www.accuratereviews.com\/wp-content\/uploads\/2022\/12\/logii-browser.png","type":"image\/png"}],"twitter_card":"summary_large_image","twitter_misc":{"Tempo di lettura stimato":"4 minuti"},"schema":{"@context":"https:\/\/schema.org","@graph":[{"@type":"WebPage","@id":"https:\/\/www.accuratereviews.com\/it\/browser\/logii-browser-recensione\/","url":"https:\/\/www.accuratereviews.com\/it\/browser\/logii-browser-recensione\/","name":"Logii Browser: recensione browser - Accurate Reviews","isPartOf":{"@id":"https:\/\/www.accuratereviews.com\/it\/#website"},"primaryImageOfPage":{"@id":"https:\/\/www.accuratereviews.com\/it\/browser\/logii-browser-recensione\/#primaryimage"},"image":{"@id":"https:\/\/www.accuratereviews.com\/it\/browser\/logii-browser-recensione\/#primaryimage"},"thumbnailUrl":"https:\/\/www.accuratereviews.com\/wp-content\/uploads\/2022\/12\/logii-browser.png","datePublished":"2022-12-13T17:46:33+00:00","description":"Logii Browser: recensione browser multi-accesso e anti-rilevamento per gli esperti di marketing per utilizzare pi\u00f9 account.","breadcrumb":{"@id":"https:\/\/www.accuratereviews.com\/it\/browser\/logii-browser-recensione\/#breadcrumb"},"inLanguage":"it-IT","potentialAction":[{"@type":"ReadAction","target":["https:\/\/www.accuratereviews.com\/it\/browser\/logii-browser-recensione\/"]}]},{"@type":"ImageObject","inLanguage":"it-IT","@id":"https:\/\/www.accuratereviews.com\/it\/browser\/logii-browser-recensione\/#primaryimage","url":"https:\/\/www.accuratereviews.com\/wp-content\/uploads\/2022\/12\/logii-browser.png","contentUrl":"https:\/\/www.accuratereviews.com\/wp-content\/uploads\/2022\/12\/logii-browser.png","width":600,"height":315},{"@type":"BreadcrumbList","@id":"https:\/\/www.accuratereviews.com\/it\/browser\/logii-browser-recensione\/#breadcrumb","itemListElement":[{"@type":"ListItem","position":1,"name":"Home","item":"https:\/\/www.accuratereviews.com\/it\/"},{"@type":"ListItem","position":2,"name":"Browser","item":"https:\/\/www.accuratereviews.com\/it\/browser\/"},{"@type":"ListItem","position":3,"name":"Logii Browser"}]},{"@type":"WebSite","@id":"https:\/\/www.accuratereviews.com\/it\/#website","url":"https:\/\/www.accuratereviews.com\/it\/","name":"Accurate Reviews","description":"","potentialAction":[{"@type":"SearchAction","target":{"@type":"EntryPoint","urlTemplate":"https:\/\/www.accuratereviews.com\/it\/?s={search_term_string}"},"query-input":{"@type":"PropertyValueSpecification","valueRequired":true,"valueName":"search_term_string"}}],"inLanguage":"it-IT"}]}},"_links":{"self":[{"href":"https:\/\/www.accuratereviews.com\/it\/wp-json\/wp\/v2\/pages\/64885","targetHints":{"allow":["GET"]}}],"collection":[{"href":"https:\/\/www.accuratereviews.com\/it\/wp-json\/wp\/v2\/pages"}],"about":[{"href":"https:\/\/www.accuratereviews.com\/it\/wp-json\/wp\/v2\/types\/page"}],"author":[{"embeddable":true,"href":"https:\/\/www.accuratereviews.com\/it\/wp-json\/wp\/v2\/users\/19"}],"replies":[{"embeddable":true,"href":"https:\/\/www.accuratereviews.com\/it\/wp-json\/wp\/v2\/comments?post=64885"}],"version-history":[{"count":9,"href":"https:\/\/www.accuratereviews.com\/it\/wp-json\/wp\/v2\/pages\/64885\/revisions"}],"predecessor-version":[{"id":64922,"href":"https:\/\/www.accuratereviews.com\/it\/wp-json\/wp\/v2\/pages\/64885\/revisions\/64922"}],"up":[{"embeddable":true,"href":"https:\/\/www.accuratereviews.com\/it\/wp-json\/wp\/v2\/pages\/64530"}],"wp:featuredmedia":[{"embeddable":true,"href":"https:\/\/www.accuratereviews.com\/it\/wp-json\/wp\/v2\/media\/64894"}],"wp:attachment":[{"href":"https:\/\/www.accuratereviews.com\/it\/wp-json\/wp\/v2\/media?parent=64885"}],"wp:term":[{"taxonomy":"category","embeddable":true,"href":"https:\/\/www.accuratereviews.com\/it\/wp-json\/wp\/v2\/categories?post=64885"},{"taxonomy":"post_tag","embeddable":true,"href":"https:\/\/www.accuratereviews.com\/it\/wp-json\/wp\/v2\/tags?post=64885"},{"taxonomy":"features","embeddable":true,"href":"https:\/\/www.accuratereviews.com\/it\/wp-json\/wp\/v2\/features?post=64885"}],"curies":[{"name":"wp","href":"https:\/\/api.w.org\/{rel}","templated":true}]}}