{"id":64902,"date":"2022-12-13T18:17:46","date_gmt":"2022-12-13T18:17:46","guid":{"rendered":"https:\/\/www.accuratereviews.com\/?page_id=64902"},"modified":"2022-12-14T11:47:50","modified_gmt":"2022-12-14T11:47:50","slug":"epic-privacy-browser-recensione","status":"publish","type":"page","link":"https:\/\/www.accuratereviews.com\/it\/browser\/epic-privacy-browser-recensione\/","title":{"rendered":"Epic Privacy Browser"},"content":{"rendered":"<p class=\"h3 mb-2\"><strong>Epic Privacy Browser<\/strong> \u00e8\u00a0un <strong>browser web privato<\/strong> che permette a tutti, sia privati che aziende, di navigare su Internet e sui canali social in modo sicuro. Si impegna infatti nel tutelare la privacy dei propri utenti attivando una VPN gratuita che offre loro un server disponibile in 8 differenti paesi. Scegliendo questo strumento, nessuno potr\u00e0 tracciare ci\u00f2 che cercate.<br \/>\n<strong>Epic Privacy Browser <\/strong>blocca annunci, tracker, fingerprinting, cryptomining, segnalazione a ultrasuoni e altro ancora. Inoltre nasconde la tua posizione e ti permette di accedere a siti web bloccati da qualsiasi parte del mondo.<\/p>\n<h2>EPIC PRIVACY BROWSER &#8211; TUTORIAL<\/h2>\n<div id=\"fluid-wrapper-counter-1\" class=\"g1-fluid-wrapper \" style=\"width:686px;\">\n<div style=\"padding-bottom:56.268221574344%;\"><iframe loading=\"lazy\" title=\"HOW TO SETUP EPIC PRIVACY BROWSER AND VPN\" width=\"686\" height=\"386\" src=\"https:\/\/www.youtube.com\/embed\/wiv_GLFgB8I?feature=oembed&amp;wmode=transparent&amp;autohide=1&amp;autoplay=0&amp;disablekb=0&amp;fs=1&amp;loop=0&amp;enablejsapi=1&amp;rel=0&amp;controls=2&amp;showinfo=0&amp;wmode=transparent&amp;autohide=2&amp;autoplay=0&amp;disablekb=0&amp;fs=1&amp;loop=0&amp;enablejsapi=1&amp;rel=0&amp;controls=2&amp;showinfo=1\" frameborder=\"0\" allow=\"accelerometer; autoplay; clipboard-write; encrypted-media; gyroscope; picture-in-picture\" allowfullscreen><\/iframe><\/div>\n<\/div>\n<h3>EPIC PRIVACY BROWSER &#8211; CARATTERISTICHE<\/h3>\n<ul>\n<li>Barra degli indirizzi e tracciamento degli url rimossi<\/li>\n<li>Barra degli indirizzi basata su DB locale Suggerimento<\/li>\n<li>Nessun controllo degli URL<\/li>\n<li>Traduzione automatica rimossa<\/li>\n<li>Nessun URLTracker<\/li>\n<li>Nessuna cronologia.<\/li>\n<li>Nessuna cache web<\/li>\n<li>Nessun pre-fetching DNS<\/li>\n<li>Nessun cookie di terze parti<\/li>\n<li>Nessuna sincronizzazione con Google<\/li>\n<li>Nessun &#8220;Siti web pi\u00f9 visitati&#8221; automatico.<\/li>\n<li>Niente estensioni illegali<\/li>\n<li>Nessuna pagina di errore alternativa<\/li>\n<li>Blocco completo di annunci e tracker<\/li>\n<li>Proxy criptato con un solo clic<\/li>\n<\/ul>\n<h4>LE RECENSIONI DEGLI UTENTI<\/h4>\n<p><strong>Mas Idayu &#8220;Browser web anonimo&#8221;<\/strong><br \/>\nPro: la funzionalit\u00e0 VPN dell&#8217;applicazione \u00e8 eccellente. Non ho limiti geografici sulla mia capacit\u00e0 di accedere a qualsiasi sito web. Questo apre una vasta gamma di alternative di ricerca specifiche per ogni paese. Inoltre, si raccomanda di includere un proxy per il blocco degli annunci.<br \/>\nContro: Non ho mai avuto problemi con i risultati del motore di ricerca, la privacy della pagina, la segretezza delle query del nostro browser Tor e la velocit\u00e0 della funzionalit\u00e0 di ricerca.<\/p>\n<p><strong>Rahul &#8220;Browser indispensabile per la privacy&#8221;<\/strong><br \/>\nCommenti: Il browser \u00e8 davvero utile in termini di navigazione privata. Ne consiglio l&#8217;utilizzo.<br \/>\nPro: Il browser EPIC Privacy mi ha aiutato a navigare privatamente sui siti web che mi erano stati bloccati. \u00c8 anche utile per utilizzare i motori di ricerca per mostrare risultati non personalizzati. La VPN integrata \u00e8 davvero valida.<br \/>\nContro: Nessun aspetto negativo trovato finora. Tuttavia, l&#8217;interfaccia utente pu\u00f2 essere migliorata!<\/p>\n<p><strong>Arjun &#8220;Il miglior browser per le ricerche private&#8221;.<\/strong><br \/>\nAspetti positivi: Il meglio del software sono le funzioni proxy e privacy.<br \/>\nContro: Ci sono molte difficolt\u00e0 a lavorare con pi\u00f9 schede aperte.<\/p>\n","protected":false},"excerpt":{"rendered":"<p>Epic Privacy Browser \u00e8\u00a0un browser web privato che permette a tutti, sia privati che aziende, di navigare su Internet e sui canali social in modo sicuro. Si impegna infatti nel tutelare la privacy dei propri utenti attivando una VPN gratuita che offre loro un server disponibile in 8 differenti paesi. Scegliendo questo strumento, nessuno potr\u00e0 tracciare ci\u00f2 che cercate.<\/p>\n","protected":false},"author":17,"featured_media":64903,"parent":64530,"menu_order":0,"comment_status":"open","ping_status":"closed","template":"g1_template_page_review_new.php","meta":{"_acf_changed":false,"cwp_meta_box_check":"No","cwp_rev_product_name":"","cwp_rev_product_image":"","wppr_links":[],"cwp_rev_price":"","wppr_options":[],"wppr_pros":[],"wppr_cons":[],"_monsterinsights_skip_tracking":false,"_monsterinsights_sitenote_active":false,"_monsterinsights_sitenote_note":"","_monsterinsights_sitenote_category":0,"footnotes":""},"categories":[13813],"tags":[13815,13873,13831,13833,13874],"features":[],"class_list":{"0":"post-64902","1":"page","2":"type-page","3":"status-publish","4":"has-post-thumbnail","6":"category-browser-categoria","7":"tag-browser","8":"tag-browser-sicuro","9":"tag-navigazione-sicura","10":"tag-navigazione-web","11":"tag-web-browser-it"},"wppr_data":{"cwp_meta_box_check":"No"},"acf":[],"yoast_head":"<!-- This site is optimized with the Yoast SEO plugin v27.4 - https:\/\/yoast.com\/product\/yoast-seo-wordpress\/ -->\n<title>Epic Privacy Browser: recensione browser - Accurate Reviews<\/title>\n<meta name=\"description\" content=\"Epic Privacy Browser: recensione del browser web privato che permette a tutti di navigare su Internet in modo sicuro.\" \/>\n<meta name=\"robots\" content=\"index, follow, max-snippet:-1, max-image-preview:large, max-video-preview:-1\" \/>\n<link rel=\"canonical\" href=\"https:\/\/www.accuratereviews.com\/it\/browser\/epic-privacy-browser-recensione\/\" \/>\n<meta property=\"og:locale\" content=\"it_IT\" \/>\n<meta property=\"og:type\" content=\"article\" \/>\n<meta property=\"og:title\" content=\"Epic Privacy Browser: recensione browser - Accurate Reviews\" \/>\n<meta property=\"og:description\" content=\"Epic Privacy Browser: recensione del browser web privato che permette a tutti di navigare su Internet in modo sicuro.\" \/>\n<meta property=\"og:url\" content=\"https:\/\/www.accuratereviews.com\/it\/browser\/epic-privacy-browser-recensione\/\" \/>\n<meta property=\"og:site_name\" content=\"Accurate Reviews\" \/>\n<meta property=\"article:modified_time\" content=\"2022-12-14T11:47:50+00:00\" \/>\n<meta property=\"og:image\" content=\"https:\/\/www.accuratereviews.com\/wp-content\/uploads\/2022\/12\/unnamed.png\" \/>\n\t<meta property=\"og:image:width\" content=\"600\" \/>\n\t<meta property=\"og:image:height\" content=\"300\" \/>\n\t<meta property=\"og:image:type\" content=\"image\/png\" \/>\n<meta name=\"twitter:card\" content=\"summary_large_image\" \/>\n<meta name=\"twitter:label1\" content=\"Tempo di lettura stimato\" \/>\n\t<meta name=\"twitter:data1\" content=\"2 minuti\" \/>\n<script type=\"application\/ld+json\" class=\"yoast-schema-graph\">{\"@context\":\"https:\\\/\\\/schema.org\",\"@graph\":[{\"@type\":\"WebPage\",\"@id\":\"https:\\\/\\\/www.accuratereviews.com\\\/it\\\/browser\\\/epic-privacy-browser-recensione\\\/\",\"url\":\"https:\\\/\\\/www.accuratereviews.com\\\/it\\\/browser\\\/epic-privacy-browser-recensione\\\/\",\"name\":\"Epic Privacy Browser: recensione browser - Accurate Reviews\",\"isPartOf\":{\"@id\":\"https:\\\/\\\/www.accuratereviews.com\\\/it\\\/#website\"},\"primaryImageOfPage\":{\"@id\":\"https:\\\/\\\/www.accuratereviews.com\\\/it\\\/browser\\\/epic-privacy-browser-recensione\\\/#primaryimage\"},\"image\":{\"@id\":\"https:\\\/\\\/www.accuratereviews.com\\\/it\\\/browser\\\/epic-privacy-browser-recensione\\\/#primaryimage\"},\"thumbnailUrl\":\"https:\\\/\\\/www.accuratereviews.com\\\/wp-content\\\/uploads\\\/2022\\\/12\\\/unnamed.png\",\"datePublished\":\"2022-12-13T18:17:46+00:00\",\"dateModified\":\"2022-12-14T11:47:50+00:00\",\"description\":\"Epic Privacy Browser: recensione del browser web privato che permette a tutti di navigare su Internet in modo sicuro.\",\"breadcrumb\":{\"@id\":\"https:\\\/\\\/www.accuratereviews.com\\\/it\\\/browser\\\/epic-privacy-browser-recensione\\\/#breadcrumb\"},\"inLanguage\":\"it-IT\",\"potentialAction\":[{\"@type\":\"ReadAction\",\"target\":[\"https:\\\/\\\/www.accuratereviews.com\\\/it\\\/browser\\\/epic-privacy-browser-recensione\\\/\"]}]},{\"@type\":\"ImageObject\",\"inLanguage\":\"it-IT\",\"@id\":\"https:\\\/\\\/www.accuratereviews.com\\\/it\\\/browser\\\/epic-privacy-browser-recensione\\\/#primaryimage\",\"url\":\"https:\\\/\\\/www.accuratereviews.com\\\/wp-content\\\/uploads\\\/2022\\\/12\\\/unnamed.png\",\"contentUrl\":\"https:\\\/\\\/www.accuratereviews.com\\\/wp-content\\\/uploads\\\/2022\\\/12\\\/unnamed.png\",\"width\":600,\"height\":300},{\"@type\":\"BreadcrumbList\",\"@id\":\"https:\\\/\\\/www.accuratereviews.com\\\/it\\\/browser\\\/epic-privacy-browser-recensione\\\/#breadcrumb\",\"itemListElement\":[{\"@type\":\"ListItem\",\"position\":1,\"name\":\"Home\",\"item\":\"https:\\\/\\\/www.accuratereviews.com\\\/it\\\/\"},{\"@type\":\"ListItem\",\"position\":2,\"name\":\"Browser\",\"item\":\"https:\\\/\\\/www.accuratereviews.com\\\/it\\\/browser\\\/\"},{\"@type\":\"ListItem\",\"position\":3,\"name\":\"Epic Privacy Browser\"}]},{\"@type\":\"WebSite\",\"@id\":\"https:\\\/\\\/www.accuratereviews.com\\\/it\\\/#website\",\"url\":\"https:\\\/\\\/www.accuratereviews.com\\\/it\\\/\",\"name\":\"Accurate Reviews\",\"description\":\"\",\"potentialAction\":[{\"@type\":\"SearchAction\",\"target\":{\"@type\":\"EntryPoint\",\"urlTemplate\":\"https:\\\/\\\/www.accuratereviews.com\\\/it\\\/?s={search_term_string}\"},\"query-input\":{\"@type\":\"PropertyValueSpecification\",\"valueRequired\":true,\"valueName\":\"search_term_string\"}}],\"inLanguage\":\"it-IT\"}]}<\/script>\n<!-- \/ Yoast SEO plugin. -->","yoast_head_json":{"title":"Epic Privacy Browser: recensione browser - Accurate Reviews","description":"Epic Privacy Browser: recensione del browser web privato che permette a tutti di navigare su Internet in modo sicuro.","robots":{"index":"index","follow":"follow","max-snippet":"max-snippet:-1","max-image-preview":"max-image-preview:large","max-video-preview":"max-video-preview:-1"},"canonical":"https:\/\/www.accuratereviews.com\/it\/browser\/epic-privacy-browser-recensione\/","og_locale":"it_IT","og_type":"article","og_title":"Epic Privacy Browser: recensione browser - Accurate Reviews","og_description":"Epic Privacy Browser: recensione del browser web privato che permette a tutti di navigare su Internet in modo sicuro.","og_url":"https:\/\/www.accuratereviews.com\/it\/browser\/epic-privacy-browser-recensione\/","og_site_name":"Accurate Reviews","article_modified_time":"2022-12-14T11:47:50+00:00","og_image":[{"width":600,"height":300,"url":"https:\/\/www.accuratereviews.com\/wp-content\/uploads\/2022\/12\/unnamed.png","type":"image\/png"}],"twitter_card":"summary_large_image","twitter_misc":{"Tempo di lettura stimato":"2 minuti"},"schema":{"@context":"https:\/\/schema.org","@graph":[{"@type":"WebPage","@id":"https:\/\/www.accuratereviews.com\/it\/browser\/epic-privacy-browser-recensione\/","url":"https:\/\/www.accuratereviews.com\/it\/browser\/epic-privacy-browser-recensione\/","name":"Epic Privacy Browser: recensione browser - Accurate Reviews","isPartOf":{"@id":"https:\/\/www.accuratereviews.com\/it\/#website"},"primaryImageOfPage":{"@id":"https:\/\/www.accuratereviews.com\/it\/browser\/epic-privacy-browser-recensione\/#primaryimage"},"image":{"@id":"https:\/\/www.accuratereviews.com\/it\/browser\/epic-privacy-browser-recensione\/#primaryimage"},"thumbnailUrl":"https:\/\/www.accuratereviews.com\/wp-content\/uploads\/2022\/12\/unnamed.png","datePublished":"2022-12-13T18:17:46+00:00","dateModified":"2022-12-14T11:47:50+00:00","description":"Epic Privacy Browser: recensione del browser web privato che permette a tutti di navigare su Internet in modo sicuro.","breadcrumb":{"@id":"https:\/\/www.accuratereviews.com\/it\/browser\/epic-privacy-browser-recensione\/#breadcrumb"},"inLanguage":"it-IT","potentialAction":[{"@type":"ReadAction","target":["https:\/\/www.accuratereviews.com\/it\/browser\/epic-privacy-browser-recensione\/"]}]},{"@type":"ImageObject","inLanguage":"it-IT","@id":"https:\/\/www.accuratereviews.com\/it\/browser\/epic-privacy-browser-recensione\/#primaryimage","url":"https:\/\/www.accuratereviews.com\/wp-content\/uploads\/2022\/12\/unnamed.png","contentUrl":"https:\/\/www.accuratereviews.com\/wp-content\/uploads\/2022\/12\/unnamed.png","width":600,"height":300},{"@type":"BreadcrumbList","@id":"https:\/\/www.accuratereviews.com\/it\/browser\/epic-privacy-browser-recensione\/#breadcrumb","itemListElement":[{"@type":"ListItem","position":1,"name":"Home","item":"https:\/\/www.accuratereviews.com\/it\/"},{"@type":"ListItem","position":2,"name":"Browser","item":"https:\/\/www.accuratereviews.com\/it\/browser\/"},{"@type":"ListItem","position":3,"name":"Epic Privacy Browser"}]},{"@type":"WebSite","@id":"https:\/\/www.accuratereviews.com\/it\/#website","url":"https:\/\/www.accuratereviews.com\/it\/","name":"Accurate Reviews","description":"","potentialAction":[{"@type":"SearchAction","target":{"@type":"EntryPoint","urlTemplate":"https:\/\/www.accuratereviews.com\/it\/?s={search_term_string}"},"query-input":{"@type":"PropertyValueSpecification","valueRequired":true,"valueName":"search_term_string"}}],"inLanguage":"it-IT"}]}},"_links":{"self":[{"href":"https:\/\/www.accuratereviews.com\/it\/wp-json\/wp\/v2\/pages\/64902","targetHints":{"allow":["GET"]}}],"collection":[{"href":"https:\/\/www.accuratereviews.com\/it\/wp-json\/wp\/v2\/pages"}],"about":[{"href":"https:\/\/www.accuratereviews.com\/it\/wp-json\/wp\/v2\/types\/page"}],"author":[{"embeddable":true,"href":"https:\/\/www.accuratereviews.com\/it\/wp-json\/wp\/v2\/users\/17"}],"replies":[{"embeddable":true,"href":"https:\/\/www.accuratereviews.com\/it\/wp-json\/wp\/v2\/comments?post=64902"}],"version-history":[{"count":7,"href":"https:\/\/www.accuratereviews.com\/it\/wp-json\/wp\/v2\/pages\/64902\/revisions"}],"predecessor-version":[{"id":64978,"href":"https:\/\/www.accuratereviews.com\/it\/wp-json\/wp\/v2\/pages\/64902\/revisions\/64978"}],"up":[{"embeddable":true,"href":"https:\/\/www.accuratereviews.com\/it\/wp-json\/wp\/v2\/pages\/64530"}],"wp:featuredmedia":[{"embeddable":true,"href":"https:\/\/www.accuratereviews.com\/it\/wp-json\/wp\/v2\/media\/64903"}],"wp:attachment":[{"href":"https:\/\/www.accuratereviews.com\/it\/wp-json\/wp\/v2\/media?parent=64902"}],"wp:term":[{"taxonomy":"category","embeddable":true,"href":"https:\/\/www.accuratereviews.com\/it\/wp-json\/wp\/v2\/categories?post=64902"},{"taxonomy":"post_tag","embeddable":true,"href":"https:\/\/www.accuratereviews.com\/it\/wp-json\/wp\/v2\/tags?post=64902"},{"taxonomy":"features","embeddable":true,"href":"https:\/\/www.accuratereviews.com\/it\/wp-json\/wp\/v2\/features?post=64902"}],"curies":[{"name":"wp","href":"https:\/\/api.w.org\/{rel}","templated":true}]}}