{"id":6497,"date":"2016-06-14T09:36:19","date_gmt":"2016-06-14T09:36:19","guid":{"rendered":"http:\/\/www.accuratereviews.com\/it\/client-di-posta-i-migliori-software-lista\/unibox\/"},"modified":"2021-04-18T17:12:25","modified_gmt":"2021-04-18T17:12:25","slug":"unibox","status":"publish","type":"page","link":"https:\/\/www.accuratereviews.com\/it\/client-di-posta\/unibox\/","title":{"rendered":"Unibox"},"content":{"rendered":"<div id=\"attachment_4848\" style=\"width: 952px\" class=\"wp-caption alignright\"><img loading=\"lazy\" decoding=\"async\" aria-describedby=\"caption-attachment-4848\" class=\"size-full wp-image-4848\" src=\"http:\/\/www.accuratereviews.com\/wp-content\/uploads\/2016\/06\/unibox-mac.png\" alt=\"Unibox shows your messasges ordered by sender.\" width=\"942\" height=\"532\" srcset=\"https:\/\/www.accuratereviews.com\/wp-content\/uploads\/2016\/06\/unibox-mac.png 942w, https:\/\/www.accuratereviews.com\/wp-content\/uploads\/2016\/06\/unibox-mac-300x169.png 300w, https:\/\/www.accuratereviews.com\/wp-content\/uploads\/2016\/06\/unibox-mac-768x434.png 768w, https:\/\/www.accuratereviews.com\/wp-content\/uploads\/2016\/06\/unibox-mac-221x125.png 221w, https:\/\/www.accuratereviews.com\/wp-content\/uploads\/2016\/06\/unibox-mac-50x28.png 50w, https:\/\/www.accuratereviews.com\/wp-content\/uploads\/2016\/06\/unibox-mac-636x359.png 636w, https:\/\/www.accuratereviews.com\/wp-content\/uploads\/2016\/06\/unibox-mac-482x271.png 482w, https:\/\/www.accuratereviews.com\/wp-content\/uploads\/2016\/06\/unibox-mac-320x181.png 320w, https:\/\/www.accuratereviews.com\/wp-content\/uploads\/2016\/06\/unibox-mac-239x135.png 239w\" sizes=\"auto, (max-width: 942px) 100vw, 942px\" \/><p id=\"caption-attachment-4848\" class=\"wp-caption-text\">Unibox vi mostra le conversazioni in base al mittente.<\/p><\/div>\n<p><strong>Unibox propone un approccio completamente differente alle email<\/strong>, fornendo un client per la posta elettronica centrato sulla persona. Con un design molto curato, un\u2019interfaccia intuitiva e semplice da utilizzare, il client propone un\u2019interfaccia con un\u2019unica finestra. Unico nel suo genere, <strong>Unibox mostra le email raggruppate per contatto<\/strong>, invece che raggrupparle per messaggio. Viene visualizzato chi ha mandato l\u2019email in un dato giorno al posto del classico oggetto della mail.<\/p>\n<p>Cliccando poi sul nome di un mittente \u00e8 possibile vedere tutti i messaggi scambiati con esso: le precedenti conversazioni sono raggruppate ordinatamente per permetterci di ricordare di cosa parlavamo e con chi.<br \/>\nOgni nome appare solo una volta nell\u2019inbox, rendendo <strong>pi\u00f9 semplice la gestione dei contatti<\/strong>. Al primo colpo d\u2019occhio Unibox sembra pi\u00f9 un client per la messaggistica istantanea come iMessage.<\/p>\n<p>L\u2019interfaccia a finestra unica pu\u00f2 spiazzare, ma in realt\u00e0 \u00e8 molto semplice da maneggiare: con un singolo click o tap \u00e8 possibile passare avanti e indietro nel gruppo di messaggi arrivati da un contatto, oppure dare un\u2019occhiata agli allegati in quello specifico thread.<\/p>\n<p>\u00c8 possibile visualizzare gli allegati anche in modalit\u00e0 a tutto schermo. <strong>Il settaggio degli account IMAP \u00e8 alla portata anche degli utenti pi\u00f9 insp<\/strong>erti. Unibox supporta i pi\u00f9 celebri provider di posta elettronica come Google, iCloud, Yahoo e Outlook Exchange. Unibox \u00e8 disponibile per Mac, iPhone e iPad. La versione desktop per Mac costa 15.99\u20ac. \u00c8 disponibile una prova gratuita valida per 14 giorni.<\/p>\n","protected":false},"excerpt":{"rendered":"<p>Unibox propone un approccio completamente differente alle email, fornendo un client per la posta elettronica centrato sulla persona. Con un design molto curato, un\u2019interfaccia intuitiva e semplice da utilizzare, il client propone un\u2019interfaccia con un\u2019unica finestra.<\/p>\n","protected":false},"author":16,"featured_media":0,"parent":5913,"menu_order":12,"comment_status":"open","ping_status":"closed","template":"g1_template_page_review_new.php","meta":{"_acf_changed":false,"cwp_meta_box_check":"Yes","cwp_rev_product_name":"","cwp_rev_product_image":"","wppr_links":[],"cwp_rev_price":"","wppr_options":[],"wppr_pros":[],"wppr_cons":[],"_monsterinsights_skip_tracking":false,"_monsterinsights_sitenote_active":false,"_monsterinsights_sitenote_note":"","_monsterinsights_sitenote_category":0,"footnotes":""},"categories":[119,5594,5675],"tags":[],"features":[],"class_list":{"0":"post-6497","1":"page","2":"type-page","3":"status-publish","5":"category-i-migliori-client-di-posta","6":"category-client-di-posta-per-dispositivi-mobile-categoria","7":"category-client-di-posta-per-mac-categoria"},"wppr_data":{"cwp_meta_box_check":"Yes","cwp_rev_product_name":"","cwp_rev_product_image":"","cwp_image_link":"image","cwp_rev_price":"","wppr_rating":"0.00"},"acf":[],"yoast_head":"<!-- This site is optimized with the Yoast SEO plugin v27.4 - https:\/\/yoast.com\/product\/yoast-seo-wordpress\/ -->\n<title>Unibox recensione migliore client di posta per Mac | Accurate Reviews<\/title>\n<meta name=\"description\" content=\"All&#039;inizio Unibox sembra pi\u00f9 un client per la messaggistica istantanea come iMessage: Unibox mostra le email raggruppate per contatto anzich\u00e9 per messaggio.\" \/>\n<meta name=\"robots\" content=\"index, follow, max-snippet:-1, max-image-preview:large, max-video-preview:-1\" \/>\n<link rel=\"canonical\" href=\"https:\/\/www.accuratereviews.com\/it\/client-di-posta\/unibox\/\" \/>\n<meta property=\"og:locale\" content=\"it_IT\" \/>\n<meta property=\"og:type\" content=\"article\" \/>\n<meta property=\"og:title\" content=\"Unibox recensione migliore client di posta per Mac | Accurate Reviews\" \/>\n<meta property=\"og:description\" content=\"All&#039;inizio Unibox sembra pi\u00f9 un client per la messaggistica istantanea come iMessage: Unibox mostra le email raggruppate per contatto anzich\u00e9 per messaggio.\" \/>\n<meta property=\"og:url\" content=\"https:\/\/www.accuratereviews.com\/it\/client-di-posta\/unibox\/\" \/>\n<meta property=\"og:site_name\" content=\"Accurate Reviews\" \/>\n<meta property=\"article:modified_time\" content=\"2021-04-18T17:12:25+00:00\" \/>\n<meta property=\"og:image\" content=\"http:\/\/www.accuratereviews.com\/wp-content\/uploads\/2016\/06\/unibox-mac.png\" \/>\n<meta name=\"twitter:card\" content=\"summary_large_image\" \/>\n<meta name=\"twitter:label1\" content=\"Tempo di lettura stimato\" \/>\n\t<meta name=\"twitter:data1\" content=\"1 minuto\" \/>\n<script type=\"application\/ld+json\" class=\"yoast-schema-graph\">{\"@context\":\"https:\\\/\\\/schema.org\",\"@graph\":[{\"@type\":\"WebPage\",\"@id\":\"https:\\\/\\\/www.accuratereviews.com\\\/it\\\/client-di-posta\\\/unibox\\\/\",\"url\":\"https:\\\/\\\/www.accuratereviews.com\\\/it\\\/client-di-posta\\\/unibox\\\/\",\"name\":\"Unibox recensione migliore client di posta per Mac | Accurate Reviews\",\"isPartOf\":{\"@id\":\"https:\\\/\\\/www.accuratereviews.com\\\/it\\\/#website\"},\"primaryImageOfPage\":{\"@id\":\"https:\\\/\\\/www.accuratereviews.com\\\/it\\\/client-di-posta\\\/unibox\\\/#primaryimage\"},\"image\":{\"@id\":\"https:\\\/\\\/www.accuratereviews.com\\\/it\\\/client-di-posta\\\/unibox\\\/#primaryimage\"},\"thumbnailUrl\":\"http:\\\/\\\/www.accuratereviews.com\\\/wp-content\\\/uploads\\\/2016\\\/06\\\/unibox-mac.png\",\"datePublished\":\"2016-06-14T09:36:19+00:00\",\"dateModified\":\"2021-04-18T17:12:25+00:00\",\"description\":\"All'inizio Unibox sembra pi\u00f9 un client per la messaggistica istantanea come iMessage: Unibox mostra le email raggruppate per contatto anzich\u00e9 per messaggio.\",\"breadcrumb\":{\"@id\":\"https:\\\/\\\/www.accuratereviews.com\\\/it\\\/client-di-posta\\\/unibox\\\/#breadcrumb\"},\"inLanguage\":\"it-IT\",\"potentialAction\":[{\"@type\":\"ReadAction\",\"target\":[\"https:\\\/\\\/www.accuratereviews.com\\\/it\\\/client-di-posta\\\/unibox\\\/\"]}]},{\"@type\":\"ImageObject\",\"inLanguage\":\"it-IT\",\"@id\":\"https:\\\/\\\/www.accuratereviews.com\\\/it\\\/client-di-posta\\\/unibox\\\/#primaryimage\",\"url\":\"http:\\\/\\\/www.accuratereviews.com\\\/wp-content\\\/uploads\\\/2016\\\/06\\\/unibox-mac.png\",\"contentUrl\":\"http:\\\/\\\/www.accuratereviews.com\\\/wp-content\\\/uploads\\\/2016\\\/06\\\/unibox-mac.png\"},{\"@type\":\"BreadcrumbList\",\"@id\":\"https:\\\/\\\/www.accuratereviews.com\\\/it\\\/client-di-posta\\\/unibox\\\/#breadcrumb\",\"itemListElement\":[{\"@type\":\"ListItem\",\"position\":1,\"name\":\"Home\",\"item\":\"https:\\\/\\\/www.accuratereviews.com\\\/it\\\/\"},{\"@type\":\"ListItem\",\"position\":2,\"name\":\"Client di posta\",\"item\":\"https:\\\/\\\/www.accuratereviews.com\\\/it\\\/client-di-posta\\\/\"},{\"@type\":\"ListItem\",\"position\":3,\"name\":\"Unibox\"}]},{\"@type\":\"WebSite\",\"@id\":\"https:\\\/\\\/www.accuratereviews.com\\\/it\\\/#website\",\"url\":\"https:\\\/\\\/www.accuratereviews.com\\\/it\\\/\",\"name\":\"Accurate Reviews\",\"description\":\"\",\"potentialAction\":[{\"@type\":\"SearchAction\",\"target\":{\"@type\":\"EntryPoint\",\"urlTemplate\":\"https:\\\/\\\/www.accuratereviews.com\\\/it\\\/?s={search_term_string}\"},\"query-input\":{\"@type\":\"PropertyValueSpecification\",\"valueRequired\":true,\"valueName\":\"search_term_string\"}}],\"inLanguage\":\"it-IT\"}]}<\/script>\n<!-- \/ Yoast SEO plugin. -->","yoast_head_json":{"title":"Unibox recensione migliore client di posta per Mac | Accurate Reviews","description":"All'inizio Unibox sembra pi\u00f9 un client per la messaggistica istantanea come iMessage: Unibox mostra le email raggruppate per contatto anzich\u00e9 per messaggio.","robots":{"index":"index","follow":"follow","max-snippet":"max-snippet:-1","max-image-preview":"max-image-preview:large","max-video-preview":"max-video-preview:-1"},"canonical":"https:\/\/www.accuratereviews.com\/it\/client-di-posta\/unibox\/","og_locale":"it_IT","og_type":"article","og_title":"Unibox recensione migliore client di posta per Mac | Accurate Reviews","og_description":"All'inizio Unibox sembra pi\u00f9 un client per la messaggistica istantanea come iMessage: Unibox mostra le email raggruppate per contatto anzich\u00e9 per messaggio.","og_url":"https:\/\/www.accuratereviews.com\/it\/client-di-posta\/unibox\/","og_site_name":"Accurate Reviews","article_modified_time":"2021-04-18T17:12:25+00:00","og_image":[{"url":"http:\/\/www.accuratereviews.com\/wp-content\/uploads\/2016\/06\/unibox-mac.png","type":"","width":"","height":""}],"twitter_card":"summary_large_image","twitter_misc":{"Tempo di lettura stimato":"1 minuto"},"schema":{"@context":"https:\/\/schema.org","@graph":[{"@type":"WebPage","@id":"https:\/\/www.accuratereviews.com\/it\/client-di-posta\/unibox\/","url":"https:\/\/www.accuratereviews.com\/it\/client-di-posta\/unibox\/","name":"Unibox recensione migliore client di posta per Mac | Accurate Reviews","isPartOf":{"@id":"https:\/\/www.accuratereviews.com\/it\/#website"},"primaryImageOfPage":{"@id":"https:\/\/www.accuratereviews.com\/it\/client-di-posta\/unibox\/#primaryimage"},"image":{"@id":"https:\/\/www.accuratereviews.com\/it\/client-di-posta\/unibox\/#primaryimage"},"thumbnailUrl":"http:\/\/www.accuratereviews.com\/wp-content\/uploads\/2016\/06\/unibox-mac.png","datePublished":"2016-06-14T09:36:19+00:00","dateModified":"2021-04-18T17:12:25+00:00","description":"All'inizio Unibox sembra pi\u00f9 un client per la messaggistica istantanea come iMessage: Unibox mostra le email raggruppate per contatto anzich\u00e9 per messaggio.","breadcrumb":{"@id":"https:\/\/www.accuratereviews.com\/it\/client-di-posta\/unibox\/#breadcrumb"},"inLanguage":"it-IT","potentialAction":[{"@type":"ReadAction","target":["https:\/\/www.accuratereviews.com\/it\/client-di-posta\/unibox\/"]}]},{"@type":"ImageObject","inLanguage":"it-IT","@id":"https:\/\/www.accuratereviews.com\/it\/client-di-posta\/unibox\/#primaryimage","url":"http:\/\/www.accuratereviews.com\/wp-content\/uploads\/2016\/06\/unibox-mac.png","contentUrl":"http:\/\/www.accuratereviews.com\/wp-content\/uploads\/2016\/06\/unibox-mac.png"},{"@type":"BreadcrumbList","@id":"https:\/\/www.accuratereviews.com\/it\/client-di-posta\/unibox\/#breadcrumb","itemListElement":[{"@type":"ListItem","position":1,"name":"Home","item":"https:\/\/www.accuratereviews.com\/it\/"},{"@type":"ListItem","position":2,"name":"Client di posta","item":"https:\/\/www.accuratereviews.com\/it\/client-di-posta\/"},{"@type":"ListItem","position":3,"name":"Unibox"}]},{"@type":"WebSite","@id":"https:\/\/www.accuratereviews.com\/it\/#website","url":"https:\/\/www.accuratereviews.com\/it\/","name":"Accurate Reviews","description":"","potentialAction":[{"@type":"SearchAction","target":{"@type":"EntryPoint","urlTemplate":"https:\/\/www.accuratereviews.com\/it\/?s={search_term_string}"},"query-input":{"@type":"PropertyValueSpecification","valueRequired":true,"valueName":"search_term_string"}}],"inLanguage":"it-IT"}]}},"_links":{"self":[{"href":"https:\/\/www.accuratereviews.com\/it\/wp-json\/wp\/v2\/pages\/6497","targetHints":{"allow":["GET"]}}],"collection":[{"href":"https:\/\/www.accuratereviews.com\/it\/wp-json\/wp\/v2\/pages"}],"about":[{"href":"https:\/\/www.accuratereviews.com\/it\/wp-json\/wp\/v2\/types\/page"}],"author":[{"embeddable":true,"href":"https:\/\/www.accuratereviews.com\/it\/wp-json\/wp\/v2\/users\/16"}],"replies":[{"embeddable":true,"href":"https:\/\/www.accuratereviews.com\/it\/wp-json\/wp\/v2\/comments?post=6497"}],"version-history":[{"count":4,"href":"https:\/\/www.accuratereviews.com\/it\/wp-json\/wp\/v2\/pages\/6497\/revisions"}],"predecessor-version":[{"id":40242,"href":"https:\/\/www.accuratereviews.com\/it\/wp-json\/wp\/v2\/pages\/6497\/revisions\/40242"}],"up":[{"embeddable":true,"href":"https:\/\/www.accuratereviews.com\/it\/wp-json\/wp\/v2\/pages\/5913"}],"wp:attachment":[{"href":"https:\/\/www.accuratereviews.com\/it\/wp-json\/wp\/v2\/media?parent=6497"}],"wp:term":[{"taxonomy":"category","embeddable":true,"href":"https:\/\/www.accuratereviews.com\/it\/wp-json\/wp\/v2\/categories?post=6497"},{"taxonomy":"post_tag","embeddable":true,"href":"https:\/\/www.accuratereviews.com\/it\/wp-json\/wp\/v2\/tags?post=6497"},{"taxonomy":"features","embeddable":true,"href":"https:\/\/www.accuratereviews.com\/it\/wp-json\/wp\/v2\/features?post=6497"}],"curies":[{"name":"wp","href":"https:\/\/api.w.org\/{rel}","templated":true}]}}