{"id":65061,"date":"2022-12-16T14:34:45","date_gmt":"2022-12-16T14:34:45","guid":{"rendered":"https:\/\/www.accuratereviews.com\/?page_id=65061"},"modified":"2022-12-16T14:38:38","modified_gmt":"2022-12-16T14:38:38","slug":"chromium-recensione","status":"publish","type":"page","link":"https:\/\/www.accuratereviews.com\/it\/browser\/chromium-recensione\/","title":{"rendered":"Chromium"},"content":{"rendered":"<p><strong>Chromium<\/strong> \u00e8 un <strong>browser open source<\/strong> che ha dato vita ai browser pi\u00f9 utilizzati a livello globale: Google Chrome e Microsoft Edge. Si tratta di un progetto che nasce con l&#8217;obiettivo di offrire un modo pi\u00f9 semplice, sicuro e veloce per navigare in tranquillit\u00e0 sul web. Essendo libero il codice, permette a chiunque di apporre tutte le modifiche possibili al fine di personalizzare in base alle proprie esigenze.<br \/>\n<strong>Chromium<\/strong> viene costantemente aggiornato inserendo nuove funzionalit\u00e0 tutti i giorni, a differenza di Google Chrome che viene aggiornato mensilmente.<\/p>\n<h2>CHROMIUM &#8211; TUTORIAL<\/h2>\n<div id=\"fluid-wrapper-counter-1\" class=\"g1-fluid-wrapper \" style=\"width:686px;\">\n<div style=\"padding-bottom:56.268221574344%;\"><iframe loading=\"lazy\" title=\"Chromium OS &amp; Open Source\" width=\"686\" height=\"386\" src=\"https:\/\/www.youtube.com\/embed\/KA5RQv9mBoY?feature=oembed&amp;wmode=transparent&amp;autohide=1&amp;autoplay=0&amp;disablekb=0&amp;fs=1&amp;loop=0&amp;enablejsapi=1&amp;rel=0&amp;controls=2&amp;showinfo=0&amp;wmode=transparent&amp;autohide=2&amp;autoplay=0&amp;disablekb=0&amp;fs=1&amp;loop=0&amp;enablejsapi=1&amp;rel=0&amp;controls=2&amp;showinfo=1\" frameborder=\"0\" allow=\"accelerometer; autoplay; clipboard-write; encrypted-media; gyroscope; picture-in-picture\" allowfullscreen><\/iframe><\/div>\n<\/div>\n<h3>CHROMIUM &#8211; CARATTERISTICHE<\/h3>\n<ul>\n<li>Implementazione di uno standard esistente<\/li>\n<li>Sviluppatore web alle prese con la modifica del codice esistente<\/li>\n<li>Fasi di cambiamento<\/li>\n<li>Incubazione di nuove funzionalit\u00e0<\/li>\n<li>Rimozione di funzionalit\u00e0 gi\u00e0 presenti<\/li>\n<\/ul>\n<h4>LE RECENSIONI DEGLI UTENTI<\/h4>\n<p><strong>Abrar &#8220;Un browser nella media se confrontato con i grandi marchi&#8221;.<\/strong><br \/>\nCommenti: Nel complesso \u00e8 una versione leggera e pu\u00f2 essere utilizzata per la navigazione di base. \u00c8 un open source e la comunit\u00e0 \u00e8 abbastanza buona. Abbiamo le opzioni per limitare i dati, cancellare la cache e i cookie e gestire la cronologia e i download.<br \/>\nPro: Il motore di ricerca \u00e8 veloce e fornisce risultati accurati. Possiamo scaricare estensioni e plugin. Possiamo cambiare il tema, lo sfondo, ecc. La modalit\u00e0 in incognito \u00e8 utile quando si naviga in privato.<br \/>\nContro: Il software \u00e8 lento rispetto a Google Chrome. Mancano molte funzioni e opzioni di personalizzazione. Anche la velocit\u00e0 di navigazione \u00e8 un po&#8217; bassa. Ci sono anche problemi di privacy e sicurezza.<\/p>\n<p><strong>Thomas &#8220;Google Chrome, ma non gonfiato&#8221;<\/strong><br \/>\nPro: Chromium \u00e8 il cuore di Google Chrome e quindi utilizza meno RAM pur avendo la stessa stabilit\u00e0.<br \/>\nContro: Alcune funzioni davvero utili come i Google Services di Google Chrome mancano in Chromium<\/p>\n<p><strong>Arinze &#8220;Uso il browser Chromium come libero professionista&#8221;.<\/strong><br \/>\nCommenti: Mi piace la facilit\u00e0 di utilizzo del browser.<br \/>\nPro: Utilizzare il browser e lavorare con il software rende semplice la ricerca su Internet.<br \/>\nContro: C&#8217;\u00e8 sempre il problema del browser che si blocca e rallenta.<\/p>\n","protected":false},"excerpt":{"rendered":"<p>Chromium \u00e8 un browser open source che ha dato vita ai browser pi\u00f9 utilizzati a livello globale: Google Chrome e Microsoft Edge. Si tratta di un progetto che nasce con l&#8217;obiettivo di offrire un modo pi\u00f9 semplice, sicuro e veloce per navigare in tranquillit\u00e0 sul web. Essendo libero il codice, permette a chiunque di apporre tutte le modifiche possibili al fine di personalizzare in base alle proprie esigenze.<\/p>\n","protected":false},"author":17,"featured_media":65064,"parent":64530,"menu_order":0,"comment_status":"open","ping_status":"closed","template":"g1_template_page_review_new.php","meta":{"_acf_changed":false,"cwp_meta_box_check":"No","cwp_rev_product_name":"","cwp_rev_product_image":"","wppr_links":[],"cwp_rev_price":"","wppr_options":[],"wppr_pros":[],"wppr_cons":[],"_monsterinsights_skip_tracking":false,"_monsterinsights_sitenote_active":false,"_monsterinsights_sitenote_note":"","_monsterinsights_sitenote_category":0,"footnotes":""},"categories":[13813],"tags":[13815,13873,13816,13818,13831],"features":[],"class_list":{"0":"post-65061","1":"page","2":"type-page","3":"status-publish","4":"has-post-thumbnail","6":"category-browser-categoria","7":"tag-browser","8":"tag-browser-sicuro","9":"tag-browser-web","10":"tag-navigatore-web","11":"tag-navigazione-sicura"},"wppr_data":{"cwp_meta_box_check":"No"},"acf":[],"yoast_head":"<!-- This site is optimized with the Yoast SEO plugin v27.4 - https:\/\/yoast.com\/product\/yoast-seo-wordpress\/ -->\n<title>Chromium: recensione browser - Accurate Reviews<\/title>\n<meta name=\"description\" content=\"Chromium: recensione del browser open source che ha dato vita ai browser pi\u00f9 utilizzati a livello globale: Google Chrome e Microsoft Edge.\" \/>\n<meta name=\"robots\" content=\"index, follow, max-snippet:-1, max-image-preview:large, max-video-preview:-1\" \/>\n<link rel=\"canonical\" href=\"https:\/\/www.accuratereviews.com\/it\/browser\/chromium-recensione\/\" \/>\n<meta property=\"og:locale\" content=\"it_IT\" \/>\n<meta property=\"og:type\" content=\"article\" \/>\n<meta property=\"og:title\" content=\"Chromium: recensione browser - Accurate Reviews\" \/>\n<meta property=\"og:description\" content=\"Chromium: recensione del browser open source che ha dato vita ai browser pi\u00f9 utilizzati a livello globale: Google Chrome e Microsoft Edge.\" \/>\n<meta property=\"og:url\" content=\"https:\/\/www.accuratereviews.com\/it\/browser\/chromium-recensione\/\" \/>\n<meta property=\"og:site_name\" content=\"Accurate Reviews\" \/>\n<meta property=\"article:modified_time\" content=\"2022-12-16T14:38:38+00:00\" \/>\n<meta property=\"og:image\" content=\"https:\/\/www.accuratereviews.com\/wp-content\/uploads\/2022\/12\/img_0659.png.webp\" \/>\n\t<meta property=\"og:image:width\" content=\"578\" \/>\n\t<meta property=\"og:image:height\" content=\"379\" \/>\n\t<meta property=\"og:image:type\" content=\"image\/webp\" \/>\n<meta name=\"twitter:card\" content=\"summary_large_image\" \/>\n<meta name=\"twitter:label1\" content=\"Tempo di lettura stimato\" \/>\n\t<meta name=\"twitter:data1\" content=\"2 minuti\" \/>\n<script type=\"application\/ld+json\" class=\"yoast-schema-graph\">{\"@context\":\"https:\\\/\\\/schema.org\",\"@graph\":[{\"@type\":\"WebPage\",\"@id\":\"https:\\\/\\\/www.accuratereviews.com\\\/it\\\/browser\\\/chromium-recensione\\\/\",\"url\":\"https:\\\/\\\/www.accuratereviews.com\\\/it\\\/browser\\\/chromium-recensione\\\/\",\"name\":\"Chromium: recensione browser - Accurate Reviews\",\"isPartOf\":{\"@id\":\"https:\\\/\\\/www.accuratereviews.com\\\/it\\\/#website\"},\"primaryImageOfPage\":{\"@id\":\"https:\\\/\\\/www.accuratereviews.com\\\/it\\\/browser\\\/chromium-recensione\\\/#primaryimage\"},\"image\":{\"@id\":\"https:\\\/\\\/www.accuratereviews.com\\\/it\\\/browser\\\/chromium-recensione\\\/#primaryimage\"},\"thumbnailUrl\":\"https:\\\/\\\/www.accuratereviews.com\\\/wp-content\\\/uploads\\\/2022\\\/12\\\/img_0659.png.webp\",\"datePublished\":\"2022-12-16T14:34:45+00:00\",\"dateModified\":\"2022-12-16T14:38:38+00:00\",\"description\":\"Chromium: recensione del browser open source che ha dato vita ai browser pi\u00f9 utilizzati a livello globale: Google Chrome e Microsoft Edge.\",\"breadcrumb\":{\"@id\":\"https:\\\/\\\/www.accuratereviews.com\\\/it\\\/browser\\\/chromium-recensione\\\/#breadcrumb\"},\"inLanguage\":\"it-IT\",\"potentialAction\":[{\"@type\":\"ReadAction\",\"target\":[\"https:\\\/\\\/www.accuratereviews.com\\\/it\\\/browser\\\/chromium-recensione\\\/\"]}]},{\"@type\":\"ImageObject\",\"inLanguage\":\"it-IT\",\"@id\":\"https:\\\/\\\/www.accuratereviews.com\\\/it\\\/browser\\\/chromium-recensione\\\/#primaryimage\",\"url\":\"https:\\\/\\\/www.accuratereviews.com\\\/wp-content\\\/uploads\\\/2022\\\/12\\\/img_0659.png.webp\",\"contentUrl\":\"https:\\\/\\\/www.accuratereviews.com\\\/wp-content\\\/uploads\\\/2022\\\/12\\\/img_0659.png.webp\",\"width\":578,\"height\":379},{\"@type\":\"BreadcrumbList\",\"@id\":\"https:\\\/\\\/www.accuratereviews.com\\\/it\\\/browser\\\/chromium-recensione\\\/#breadcrumb\",\"itemListElement\":[{\"@type\":\"ListItem\",\"position\":1,\"name\":\"Home\",\"item\":\"https:\\\/\\\/www.accuratereviews.com\\\/it\\\/\"},{\"@type\":\"ListItem\",\"position\":2,\"name\":\"Browser\",\"item\":\"https:\\\/\\\/www.accuratereviews.com\\\/it\\\/browser\\\/\"},{\"@type\":\"ListItem\",\"position\":3,\"name\":\"Chromium\"}]},{\"@type\":\"WebSite\",\"@id\":\"https:\\\/\\\/www.accuratereviews.com\\\/it\\\/#website\",\"url\":\"https:\\\/\\\/www.accuratereviews.com\\\/it\\\/\",\"name\":\"Accurate Reviews\",\"description\":\"\",\"potentialAction\":[{\"@type\":\"SearchAction\",\"target\":{\"@type\":\"EntryPoint\",\"urlTemplate\":\"https:\\\/\\\/www.accuratereviews.com\\\/it\\\/?s={search_term_string}\"},\"query-input\":{\"@type\":\"PropertyValueSpecification\",\"valueRequired\":true,\"valueName\":\"search_term_string\"}}],\"inLanguage\":\"it-IT\"}]}<\/script>\n<!-- \/ Yoast SEO plugin. -->","yoast_head_json":{"title":"Chromium: recensione browser - Accurate Reviews","description":"Chromium: recensione del browser open source che ha dato vita ai browser pi\u00f9 utilizzati a livello globale: Google Chrome e Microsoft Edge.","robots":{"index":"index","follow":"follow","max-snippet":"max-snippet:-1","max-image-preview":"max-image-preview:large","max-video-preview":"max-video-preview:-1"},"canonical":"https:\/\/www.accuratereviews.com\/it\/browser\/chromium-recensione\/","og_locale":"it_IT","og_type":"article","og_title":"Chromium: recensione browser - Accurate Reviews","og_description":"Chromium: recensione del browser open source che ha dato vita ai browser pi\u00f9 utilizzati a livello globale: Google Chrome e Microsoft Edge.","og_url":"https:\/\/www.accuratereviews.com\/it\/browser\/chromium-recensione\/","og_site_name":"Accurate Reviews","article_modified_time":"2022-12-16T14:38:38+00:00","og_image":[{"width":578,"height":379,"url":"https:\/\/www.accuratereviews.com\/wp-content\/uploads\/2022\/12\/img_0659.png.webp","type":"image\/webp"}],"twitter_card":"summary_large_image","twitter_misc":{"Tempo di lettura stimato":"2 minuti"},"schema":{"@context":"https:\/\/schema.org","@graph":[{"@type":"WebPage","@id":"https:\/\/www.accuratereviews.com\/it\/browser\/chromium-recensione\/","url":"https:\/\/www.accuratereviews.com\/it\/browser\/chromium-recensione\/","name":"Chromium: recensione browser - Accurate Reviews","isPartOf":{"@id":"https:\/\/www.accuratereviews.com\/it\/#website"},"primaryImageOfPage":{"@id":"https:\/\/www.accuratereviews.com\/it\/browser\/chromium-recensione\/#primaryimage"},"image":{"@id":"https:\/\/www.accuratereviews.com\/it\/browser\/chromium-recensione\/#primaryimage"},"thumbnailUrl":"https:\/\/www.accuratereviews.com\/wp-content\/uploads\/2022\/12\/img_0659.png.webp","datePublished":"2022-12-16T14:34:45+00:00","dateModified":"2022-12-16T14:38:38+00:00","description":"Chromium: recensione del browser open source che ha dato vita ai browser pi\u00f9 utilizzati a livello globale: Google Chrome e Microsoft Edge.","breadcrumb":{"@id":"https:\/\/www.accuratereviews.com\/it\/browser\/chromium-recensione\/#breadcrumb"},"inLanguage":"it-IT","potentialAction":[{"@type":"ReadAction","target":["https:\/\/www.accuratereviews.com\/it\/browser\/chromium-recensione\/"]}]},{"@type":"ImageObject","inLanguage":"it-IT","@id":"https:\/\/www.accuratereviews.com\/it\/browser\/chromium-recensione\/#primaryimage","url":"https:\/\/www.accuratereviews.com\/wp-content\/uploads\/2022\/12\/img_0659.png.webp","contentUrl":"https:\/\/www.accuratereviews.com\/wp-content\/uploads\/2022\/12\/img_0659.png.webp","width":578,"height":379},{"@type":"BreadcrumbList","@id":"https:\/\/www.accuratereviews.com\/it\/browser\/chromium-recensione\/#breadcrumb","itemListElement":[{"@type":"ListItem","position":1,"name":"Home","item":"https:\/\/www.accuratereviews.com\/it\/"},{"@type":"ListItem","position":2,"name":"Browser","item":"https:\/\/www.accuratereviews.com\/it\/browser\/"},{"@type":"ListItem","position":3,"name":"Chromium"}]},{"@type":"WebSite","@id":"https:\/\/www.accuratereviews.com\/it\/#website","url":"https:\/\/www.accuratereviews.com\/it\/","name":"Accurate Reviews","description":"","potentialAction":[{"@type":"SearchAction","target":{"@type":"EntryPoint","urlTemplate":"https:\/\/www.accuratereviews.com\/it\/?s={search_term_string}"},"query-input":{"@type":"PropertyValueSpecification","valueRequired":true,"valueName":"search_term_string"}}],"inLanguage":"it-IT"}]}},"_links":{"self":[{"href":"https:\/\/www.accuratereviews.com\/it\/wp-json\/wp\/v2\/pages\/65061","targetHints":{"allow":["GET"]}}],"collection":[{"href":"https:\/\/www.accuratereviews.com\/it\/wp-json\/wp\/v2\/pages"}],"about":[{"href":"https:\/\/www.accuratereviews.com\/it\/wp-json\/wp\/v2\/types\/page"}],"author":[{"embeddable":true,"href":"https:\/\/www.accuratereviews.com\/it\/wp-json\/wp\/v2\/users\/17"}],"replies":[{"embeddable":true,"href":"https:\/\/www.accuratereviews.com\/it\/wp-json\/wp\/v2\/comments?post=65061"}],"version-history":[{"count":5,"href":"https:\/\/www.accuratereviews.com\/it\/wp-json\/wp\/v2\/pages\/65061\/revisions"}],"predecessor-version":[{"id":65074,"href":"https:\/\/www.accuratereviews.com\/it\/wp-json\/wp\/v2\/pages\/65061\/revisions\/65074"}],"up":[{"embeddable":true,"href":"https:\/\/www.accuratereviews.com\/it\/wp-json\/wp\/v2\/pages\/64530"}],"wp:featuredmedia":[{"embeddable":true,"href":"https:\/\/www.accuratereviews.com\/it\/wp-json\/wp\/v2\/media\/65064"}],"wp:attachment":[{"href":"https:\/\/www.accuratereviews.com\/it\/wp-json\/wp\/v2\/media?parent=65061"}],"wp:term":[{"taxonomy":"category","embeddable":true,"href":"https:\/\/www.accuratereviews.com\/it\/wp-json\/wp\/v2\/categories?post=65061"},{"taxonomy":"post_tag","embeddable":true,"href":"https:\/\/www.accuratereviews.com\/it\/wp-json\/wp\/v2\/tags?post=65061"},{"taxonomy":"features","embeddable":true,"href":"https:\/\/www.accuratereviews.com\/it\/wp-json\/wp\/v2\/features?post=65061"}],"curies":[{"name":"wp","href":"https:\/\/api.w.org\/{rel}","templated":true}]}}