{"id":65080,"date":"2022-12-19T12:54:01","date_gmt":"2022-12-19T12:54:01","guid":{"rendered":"https:\/\/www.accuratereviews.com\/?page_id=65080"},"modified":"2022-12-19T12:54:01","modified_gmt":"2022-12-19T12:54:01","slug":"mindmeister-recensione","status":"publish","type":"page","link":"https:\/\/www.accuratereviews.com\/it\/programmi-mappe-mentali\/mindmeister-recensione\/","title":{"rendered":"MindMeister"},"content":{"rendered":"<div class=\"QcsUad BDJ8fb BLojaf\">\n<div class=\"XL3Kf\">\n<div class=\"a8FIud X0rvP L6rCcb\">\n<div data-show-delay-ms=\"250\" data-append-to-body=\"false\" data-propagate-tooltip-mouseover-events=\"true\" data-anchor-corner=\"bottom-end\" data-enable-skip-handler=\"false\" data-popup-corner=\"top-end\">\n<div class=\"VfPpkd-Bz112c-RLmnJb\"><span class=\"ryNqvb\"><strong>MindMeister<\/strong> \u00e8 una soluzione, basata su <strong>cloud<\/strong>, che aiuta le aziende a gestire i flussi di innovazione attraverso il brainstorming, la collaborazione, la visualizzazione e altro ancora.<\/span> <span class=\"ryNqvb\">Le caratteristiche principali includono: classifica delle idee, monitoraggio dello stato, dashboard delle attivit\u00e0 e chat.<\/span><span class=\"jCAhz\"> <span class=\"ryNqvb\">La soluzione consente agli utenti di gestire risorse, documenti e collegamenti esterni per condividerli tra i team.<\/span><br \/>\n<span class=\"ryNqvb\">Viene fornito con uno strumento che consente alle aziende di visualizzare <strong>mappe mentali<\/strong> attraverso presentazioni ed esportarle tramite pi\u00f9 elementi.<\/span> <span class=\"ryNqvb\">Inoltre, il programma consente ai dipendenti e ad altre parti interessate di gestire sessioni di brainstorming online e di renderle accessibili ai membri del team remoti per fornire input.<\/span> <span class=\"ryNqvb\">Vengono offerte applicazioni mobili per dispositivi Android e iOS per gestire da remoto le attivit\u00e0 aziendali.<\/span><\/span><\/div>\n<h2>MINDMEISTER &#8211; TUTORIAL<\/h2>\n<div id=\"fluid-wrapper-counter-1\" class=\"g1-fluid-wrapper \" style=\"width:686px;\">\n<div style=\"padding-bottom:56.268221574344%;\"><iframe loading=\"lazy\" title=\"Introducing MindMeister: First Look at the New Mind Map Editor\" width=\"686\" height=\"386\" src=\"https:\/\/www.youtube.com\/embed\/LK031sB5sb8?feature=oembed&amp;wmode=transparent&amp;autohide=1&amp;autoplay=0&amp;disablekb=0&amp;fs=1&amp;loop=0&amp;enablejsapi=1&amp;rel=0&amp;controls=2&amp;showinfo=0&amp;wmode=transparent&amp;autohide=2&amp;autoplay=0&amp;disablekb=0&amp;fs=1&amp;loop=0&amp;enablejsapi=1&amp;rel=0&amp;controls=2&amp;showinfo=1\" frameborder=\"0\" allow=\"accelerometer; autoplay; clipboard-write; encrypted-media; gyroscope; picture-in-picture\" allowfullscreen><\/iframe><\/div>\n<\/div>\n<h3>MINDMEISTER &#8211; CARATTERISTICHE<\/h3>\n<ul>\n<li><strong>Bellissimi temi<\/strong>: esplora i temi progettati dalla soluzione per aggiungere colore e stile alle tue mappe, migliorando la leggibilit\u00e0 e la comprensione.<\/li>\n<li><strong>Layout di mappa misti<\/strong>: visualizza il contenuto in tre layout di mappa: vista mappa mentale, organigramma o elenco. Puoi persino utilizzare layout diversi sulla stessa pagina<\/li>\n<li><strong>Modelli:<\/strong> scegli il layout pi\u00f9 adatto alle tue esigenze. Esplora i modelli predefiniti di mappe mentali: una mappa per ogni occasione.<\/li>\n<li><strong>Scorciatoie da tastiera<\/strong>: aggiungi argomenti, formatta il testo e disponi la mappa senza toccare il mouse. La mappatura mentale non \u00e8 mai stata cos\u00ec facile.<\/li>\n<li><strong>Connessioni<\/strong>: mostra le relazioni tra due argomenti qualsiasi della mappa mentale. Personalizzare lo stile, la forma e l&#8217;inizio\/endpoint della linea di connessione.<\/li>\n<li><strong>Stilizzazione individuale dell&#8217;argomento<\/strong>: con le opzioni di stile degli argomenti, fai risaltare ogni argomento. Personalizza il riempimento e il tratto, la forma e altro ancora.<\/li>\n<li><strong>Stile della linea:<\/strong> visualizzare ed enfatizzare gli argomenti non \u00e8 mai stato cos\u00ec facile. Con gli stili di linea, puoi personalizzare ogni linea sulla mappa.<\/li>\n<li><strong>Immagini ed emoji<\/strong>: aggiungi a qualsiasi argomento della mappa immagini belle e colorate. Se preferisci le emoji, selezionale dal pannello per aggiungere un tocco personale.<\/li>\n<li><strong>Argomenti a posizionamento libero<\/strong>: posiziona gli argomenti sulla tua mappa mentale dove vuoi. Allega o sposta argomenti per personalizzare le mappe.<\/li>\n<li><strong>Sintassi Markdown<\/strong>: formatta il testo all&#8217;interno di argomenti, commenti e note della mappa mentale utilizzando gli input markdown.<\/li>\n<li><strong>Modalit\u00e0 contorno:<\/strong> passa dalla modalit\u00e0 visiva a quella lineare con Outline Mode. Visualizza le mappe mentali come elenchi puntati.<\/li>\n<li><strong>Note espandibili<\/strong>: immergiti pi\u00f9 a fondo con le note espandibili. Avendo pi\u00f9 spazio per le tue idee, puoi aggiungere ancora pi\u00f9 contesto agli argomenti della mappa.<\/li>\n<li><strong>Allegati:<\/strong> contesto senza disordine. Allega file alle mappe dall&#8217;archivio locale o collega a documenti, articoli e altro sul web.<\/li>\n<li><strong>App per cellulare<\/strong>: sempre e ovunque. Le app iOS e Android della soluzione facilitano la mappatura mentale collaborativa dal tuo dispositivo mobile.<\/li>\n<li><strong>Email di notifica:<\/strong> configura le notifiche email per scoprire quando una mappa \u00e8 stata modificata o se un commento richiede la tua attenzione.<\/li>\n<li><strong>Condividi il link<\/strong>: mostra le idee tramite il link di condivisione univoco della tua mappa. Hai commesso un errore? Genera un nuovo link per revocare l&#8217;accesso in qualsiasi momento.<\/li>\n<li><strong>Esporta<\/strong>: sviluppa e presenta mappe mentali con altri strumenti. Esporta in PDF, Microsoft Word, PowerPoint e altro ancora.<\/li>\n<li><strong>Gruppi di utenti<\/strong>: crea gruppi all&#8217;interno della tua organizzazione, ad esempio reparti o team di progetto, per semplificare l&#8217;archiviazione e la condivisione delle mappe.<\/li>\n<li><strong>Ruoli e permessi<\/strong>: scegli chi pu\u00f2 visualizzare e modificare le mappe impostando le autorizzazioni per utenti e gruppi. Puoi definire le autorizzazioni in modo granulare per ogni mappa.<\/li>\n<li><strong>Media incorporati:<\/strong> migliora le tue mappe mentali con allegati multimediali incorporati negli argomenti delle mappe, inclusi video, immagini, gif e collegamenti.<\/li>\n<\/ul>\n<h4>LE RECENSIONI DEGLI UTENTI<\/h4>\n<p><strong>Francesca &#8220;Sostegno nella memoria&#8221;<\/strong><br \/>\n<strong>Commenti<\/strong>: schematizzazione e possibilit\u00e0 di porre le informazioni in maniera gerarchica in forma anche &#8220;iconica&#8221;.<br \/>\n<strong>Pro<\/strong>: Il software mi \u00e8 piaciuto perch\u00e8 \u00e8 stato utile per i ragazzi con difficolt\u00e0 di apprendimento. Definire subito le informazioni prioritarie in maniera schematica.<br \/>\n<strong>Contro<\/strong>: No, lo sto ancora esplorando e non saprei identificare ancora cosa mi piace meno.<\/p>\n<p><strong>Andrew &#8220;Probabilmente il miglior strumento di mappatura mentale basato sul web&#8221;<\/strong><br \/>\n<strong>Pro<\/strong>: Sebbene siano disponibili molti strumenti di mappatura mentale offline, ce ne sono pochi buoni basati sul web. MindMeister eccelle davvero. \u00c8 molto utilizzabile e veloce con un buon set di funzionalit\u00e0. Se sei abituato a lavorare nel browser e ti piace avere i tuoi dati archiviati nel cloud in modo che siano disponibili da qualsiasi dispositivo, allora MindMeister \u00e8 un&#8217;ottima scelta. Ho utilizzato la maggior parte degli altri software di mappatura mentale e ne ho ancora alcuni installati sul mio Mac, ma continuo a tornare su MindMeister.<br \/>\n<strong>Contro<\/strong>: Non c&#8217;\u00e8 davvero nulla che non piaccia. Potrebbe volerci un po&#8217; di tempo prima che i nuovi utenti si abituino se sono abituati ad altri software di mappatura mentale, ma non dovrebbe volerci molto.<\/p>\n<p><strong>Amit&#8221;Recensione &#8211; MindMeister&#8221;<\/strong><br \/>\n<strong>Commenti<\/strong>: La fase di ideazione \u00e8 diventata pi\u00f9 chiara ed efficiente. Un must in un ambiente\/in posizioni in cui la pianificazione strategica \u00e8 prominente.<br \/>\n<strong>Pro<\/strong>: La facilit\u00e0 di mappare le idee in un flusso chiaro \u00e8 eccezionale; la parte migliore \u00e8 la personalizzazione che apporta alla gestione delle idee.<br \/>\n<strong>Contro<\/strong>: La personalizzazione \u00e8 ampia; rendendo difficile per i principianti acclimatarsi con il prodotto.<\/p>\n<\/div>\n<\/div>\n<\/div>\n<\/div>\n","protected":false},"excerpt":{"rendered":"<p>MindMeister \u00e8 una soluzione, basata su cloud, che aiuta le aziende a gestire i flussi di innovazione attraverso il brainstorming, la collaborazione, la visualizzazione e altro ancora. Le caratteristiche principali includono: classifica delle idee, monitoraggio dello stato, dashboard delle attivit\u00e0 e chat.<\/p>\n","protected":false},"author":19,"featured_media":65082,"parent":65102,"menu_order":0,"comment_status":"open","ping_status":"closed","template":"g1_template_page_review_new.php","meta":{"_acf_changed":false,"cwp_meta_box_check":"Yes","cwp_rev_product_name":"","cwp_rev_product_image":"","wppr_links":[],"cwp_rev_price":"0.00","wppr_options":[{"name":"Usability","value":"0"},{"name":"Speed","value":"0"},{"name":"Features","value":"0"},{"name":"Support","value":"0"},{"name":"Pricing","value":"0"}],"wppr_pros":["","","","",""],"wppr_cons":["","","","",""],"_monsterinsights_skip_tracking":false,"_monsterinsights_sitenote_active":false,"_monsterinsights_sitenote_note":"","_monsterinsights_sitenote_category":0,"footnotes":""},"categories":[13899],"tags":[13896,13901,13890,13905,13902,13904,13903],"features":[],"class_list":{"0":"post-65080","1":"page","2":"type-page","3":"status-publish","4":"has-post-thumbnail","6":"category-programmi-mappe-mentali-cat","7":"tag-collaborazione","8":"tag-mappe-mentali","9":"tag-mindmeister","10":"tag-piattaforma-per-mappe-mentali","11":"tag-programma-per-mappe-mentali","12":"tag-software-per-mappe-mentali","13":"tag-soluzione-per-mappe-mentali"},"wppr_data":{"cwp_meta_box_check":"Yes","_wppr_review_template":"default","cwp_rev_product_image":"","cwp_image_link":"image","wppr_links":[],"cwp_rev_price":"0.00","wppr_pros":["","","","",""],"wppr_cons":["","","","",""],"wppr_rating":"0.00","wppr_options":{"1":{"name":"Usability","value":"0"},"2":{"name":"Speed","value":"0"},"3":{"name":"Features","value":"0"},"4":{"name":"Support","value":"0"},"5":{"name":"Pricing","value":"0"}},"wppr_review_type":"Product","wppr_review_custom_fields":{"additionalProperty":"","additionalType":"","aggregateRating":"","alternateName":"","audience":"","award":"","awards":"","brand":"","color":"","depth":"","description":"","disambiguatingDescription":"","gtin12":"","gtin13":"","gtin14":"","gtin8":"","height":"","identifier":"","image":"","isAccessoryOrSparePartFor":"","isConsumableFor":"","isRelatedTo":"","isSimilarTo":"","itemCondition":"","logo":"","mainEntityOfPage":"","manufacturer":"","material":"","model":"","mpn":"","name":"","offers":"","potentialAction":"","productID":"","productionDate":"","purchaseDate":"","releaseDate":"","review":"","reviews":"","sameAs":"","sku":"","slogan":"","subjectOf":"","url":"","weight":"","width":""}},"acf":[],"yoast_head":"<!-- This site is optimized with the Yoast SEO plugin v27.4 - https:\/\/yoast.com\/product\/yoast-seo-wordpress\/ -->\n<title>MindMeister: recensione programma per mappe mentali<\/title>\n<meta name=\"description\" content=\"MindMeister: recensione soluzione che aiuta le aziende a gestire i flussi di pensiero con mappe mentali, brainstorming e collaborazione.\" \/>\n<meta name=\"robots\" content=\"index, follow, max-snippet:-1, max-image-preview:large, max-video-preview:-1\" \/>\n<link rel=\"canonical\" href=\"https:\/\/www.accuratereviews.com\/it\/programmi-mappe-mentali\/mindmeister-recensione\/\" \/>\n<meta property=\"og:locale\" content=\"it_IT\" \/>\n<meta property=\"og:type\" content=\"article\" \/>\n<meta property=\"og:title\" content=\"MindMeister: recensione programma per mappe mentali\" \/>\n<meta property=\"og:description\" content=\"MindMeister: recensione soluzione che aiuta le aziende a gestire i flussi di pensiero con mappe mentali, brainstorming e collaborazione.\" \/>\n<meta property=\"og:url\" content=\"https:\/\/www.accuratereviews.com\/it\/programmi-mappe-mentali\/mindmeister-recensione\/\" \/>\n<meta property=\"og:site_name\" content=\"Accurate Reviews\" \/>\n<meta property=\"og:image\" content=\"https:\/\/www.accuratereviews.com\/wp-content\/uploads\/2022\/12\/MindMeister.png\" \/>\n\t<meta property=\"og:image:width\" content=\"300\" \/>\n\t<meta property=\"og:image:height\" content=\"300\" \/>\n\t<meta property=\"og:image:type\" content=\"image\/png\" \/>\n<meta name=\"twitter:card\" content=\"summary_large_image\" \/>\n<meta name=\"twitter:label1\" content=\"Tempo di lettura stimato\" \/>\n\t<meta name=\"twitter:data1\" content=\"5 minuti\" \/>\n<script type=\"application\/ld+json\" class=\"yoast-schema-graph\">{\"@context\":\"https:\\\/\\\/schema.org\",\"@graph\":[{\"@type\":\"WebPage\",\"@id\":\"https:\\\/\\\/www.accuratereviews.com\\\/it\\\/programmi-mappe-mentali\\\/mindmeister-recensione\\\/\",\"url\":\"https:\\\/\\\/www.accuratereviews.com\\\/it\\\/programmi-mappe-mentali\\\/mindmeister-recensione\\\/\",\"name\":\"MindMeister: recensione programma per mappe mentali\",\"isPartOf\":{\"@id\":\"https:\\\/\\\/www.accuratereviews.com\\\/it\\\/#website\"},\"primaryImageOfPage\":{\"@id\":\"https:\\\/\\\/www.accuratereviews.com\\\/it\\\/programmi-mappe-mentali\\\/mindmeister-recensione\\\/#primaryimage\"},\"image\":{\"@id\":\"https:\\\/\\\/www.accuratereviews.com\\\/it\\\/programmi-mappe-mentali\\\/mindmeister-recensione\\\/#primaryimage\"},\"thumbnailUrl\":\"https:\\\/\\\/www.accuratereviews.com\\\/wp-content\\\/uploads\\\/2022\\\/12\\\/MindMeister.png\",\"datePublished\":\"2022-12-19T12:54:01+00:00\",\"description\":\"MindMeister: recensione soluzione che aiuta le aziende a gestire i flussi di pensiero con mappe mentali, brainstorming e collaborazione.\",\"breadcrumb\":{\"@id\":\"https:\\\/\\\/www.accuratereviews.com\\\/it\\\/programmi-mappe-mentali\\\/mindmeister-recensione\\\/#breadcrumb\"},\"inLanguage\":\"it-IT\",\"potentialAction\":[{\"@type\":\"ReadAction\",\"target\":[\"https:\\\/\\\/www.accuratereviews.com\\\/it\\\/programmi-mappe-mentali\\\/mindmeister-recensione\\\/\"]}]},{\"@type\":\"ImageObject\",\"inLanguage\":\"it-IT\",\"@id\":\"https:\\\/\\\/www.accuratereviews.com\\\/it\\\/programmi-mappe-mentali\\\/mindmeister-recensione\\\/#primaryimage\",\"url\":\"https:\\\/\\\/www.accuratereviews.com\\\/wp-content\\\/uploads\\\/2022\\\/12\\\/MindMeister.png\",\"contentUrl\":\"https:\\\/\\\/www.accuratereviews.com\\\/wp-content\\\/uploads\\\/2022\\\/12\\\/MindMeister.png\",\"width\":300,\"height\":300},{\"@type\":\"BreadcrumbList\",\"@id\":\"https:\\\/\\\/www.accuratereviews.com\\\/it\\\/programmi-mappe-mentali\\\/mindmeister-recensione\\\/#breadcrumb\",\"itemListElement\":[{\"@type\":\"ListItem\",\"position\":1,\"name\":\"Home\",\"item\":\"https:\\\/\\\/www.accuratereviews.com\\\/it\\\/\"},{\"@type\":\"ListItem\",\"position\":2,\"name\":\"Programmi per mappe mentali\",\"item\":\"https:\\\/\\\/www.accuratereviews.com\\\/it\\\/programmi-mappe-mentali\\\/\"},{\"@type\":\"ListItem\",\"position\":3,\"name\":\"MindMeister\"}]},{\"@type\":\"WebSite\",\"@id\":\"https:\\\/\\\/www.accuratereviews.com\\\/it\\\/#website\",\"url\":\"https:\\\/\\\/www.accuratereviews.com\\\/it\\\/\",\"name\":\"Accurate Reviews\",\"description\":\"\",\"potentialAction\":[{\"@type\":\"SearchAction\",\"target\":{\"@type\":\"EntryPoint\",\"urlTemplate\":\"https:\\\/\\\/www.accuratereviews.com\\\/it\\\/?s={search_term_string}\"},\"query-input\":{\"@type\":\"PropertyValueSpecification\",\"valueRequired\":true,\"valueName\":\"search_term_string\"}}],\"inLanguage\":\"it-IT\"}]}<\/script>\n<!-- \/ Yoast SEO plugin. -->","yoast_head_json":{"title":"MindMeister: recensione programma per mappe mentali","description":"MindMeister: recensione soluzione che aiuta le aziende a gestire i flussi di pensiero con mappe mentali, brainstorming e collaborazione.","robots":{"index":"index","follow":"follow","max-snippet":"max-snippet:-1","max-image-preview":"max-image-preview:large","max-video-preview":"max-video-preview:-1"},"canonical":"https:\/\/www.accuratereviews.com\/it\/programmi-mappe-mentali\/mindmeister-recensione\/","og_locale":"it_IT","og_type":"article","og_title":"MindMeister: recensione programma per mappe mentali","og_description":"MindMeister: recensione soluzione che aiuta le aziende a gestire i flussi di pensiero con mappe mentali, brainstorming e collaborazione.","og_url":"https:\/\/www.accuratereviews.com\/it\/programmi-mappe-mentali\/mindmeister-recensione\/","og_site_name":"Accurate Reviews","og_image":[{"width":300,"height":300,"url":"https:\/\/www.accuratereviews.com\/wp-content\/uploads\/2022\/12\/MindMeister.png","type":"image\/png"}],"twitter_card":"summary_large_image","twitter_misc":{"Tempo di lettura stimato":"5 minuti"},"schema":{"@context":"https:\/\/schema.org","@graph":[{"@type":"WebPage","@id":"https:\/\/www.accuratereviews.com\/it\/programmi-mappe-mentali\/mindmeister-recensione\/","url":"https:\/\/www.accuratereviews.com\/it\/programmi-mappe-mentali\/mindmeister-recensione\/","name":"MindMeister: recensione programma per mappe mentali","isPartOf":{"@id":"https:\/\/www.accuratereviews.com\/it\/#website"},"primaryImageOfPage":{"@id":"https:\/\/www.accuratereviews.com\/it\/programmi-mappe-mentali\/mindmeister-recensione\/#primaryimage"},"image":{"@id":"https:\/\/www.accuratereviews.com\/it\/programmi-mappe-mentali\/mindmeister-recensione\/#primaryimage"},"thumbnailUrl":"https:\/\/www.accuratereviews.com\/wp-content\/uploads\/2022\/12\/MindMeister.png","datePublished":"2022-12-19T12:54:01+00:00","description":"MindMeister: recensione soluzione che aiuta le aziende a gestire i flussi di pensiero con mappe mentali, brainstorming e collaborazione.","breadcrumb":{"@id":"https:\/\/www.accuratereviews.com\/it\/programmi-mappe-mentali\/mindmeister-recensione\/#breadcrumb"},"inLanguage":"it-IT","potentialAction":[{"@type":"ReadAction","target":["https:\/\/www.accuratereviews.com\/it\/programmi-mappe-mentali\/mindmeister-recensione\/"]}]},{"@type":"ImageObject","inLanguage":"it-IT","@id":"https:\/\/www.accuratereviews.com\/it\/programmi-mappe-mentali\/mindmeister-recensione\/#primaryimage","url":"https:\/\/www.accuratereviews.com\/wp-content\/uploads\/2022\/12\/MindMeister.png","contentUrl":"https:\/\/www.accuratereviews.com\/wp-content\/uploads\/2022\/12\/MindMeister.png","width":300,"height":300},{"@type":"BreadcrumbList","@id":"https:\/\/www.accuratereviews.com\/it\/programmi-mappe-mentali\/mindmeister-recensione\/#breadcrumb","itemListElement":[{"@type":"ListItem","position":1,"name":"Home","item":"https:\/\/www.accuratereviews.com\/it\/"},{"@type":"ListItem","position":2,"name":"Programmi per mappe mentali","item":"https:\/\/www.accuratereviews.com\/it\/programmi-mappe-mentali\/"},{"@type":"ListItem","position":3,"name":"MindMeister"}]},{"@type":"WebSite","@id":"https:\/\/www.accuratereviews.com\/it\/#website","url":"https:\/\/www.accuratereviews.com\/it\/","name":"Accurate Reviews","description":"","potentialAction":[{"@type":"SearchAction","target":{"@type":"EntryPoint","urlTemplate":"https:\/\/www.accuratereviews.com\/it\/?s={search_term_string}"},"query-input":{"@type":"PropertyValueSpecification","valueRequired":true,"valueName":"search_term_string"}}],"inLanguage":"it-IT"}]}},"_links":{"self":[{"href":"https:\/\/www.accuratereviews.com\/it\/wp-json\/wp\/v2\/pages\/65080","targetHints":{"allow":["GET"]}}],"collection":[{"href":"https:\/\/www.accuratereviews.com\/it\/wp-json\/wp\/v2\/pages"}],"about":[{"href":"https:\/\/www.accuratereviews.com\/it\/wp-json\/wp\/v2\/types\/page"}],"author":[{"embeddable":true,"href":"https:\/\/www.accuratereviews.com\/it\/wp-json\/wp\/v2\/users\/19"}],"replies":[{"embeddable":true,"href":"https:\/\/www.accuratereviews.com\/it\/wp-json\/wp\/v2\/comments?post=65080"}],"version-history":[{"count":9,"href":"https:\/\/www.accuratereviews.com\/it\/wp-json\/wp\/v2\/pages\/65080\/revisions"}],"predecessor-version":[{"id":65136,"href":"https:\/\/www.accuratereviews.com\/it\/wp-json\/wp\/v2\/pages\/65080\/revisions\/65136"}],"up":[{"embeddable":true,"href":"https:\/\/www.accuratereviews.com\/it\/wp-json\/wp\/v2\/pages\/65102"}],"wp:featuredmedia":[{"embeddable":true,"href":"https:\/\/www.accuratereviews.com\/it\/wp-json\/wp\/v2\/media\/65082"}],"wp:attachment":[{"href":"https:\/\/www.accuratereviews.com\/it\/wp-json\/wp\/v2\/media?parent=65080"}],"wp:term":[{"taxonomy":"category","embeddable":true,"href":"https:\/\/www.accuratereviews.com\/it\/wp-json\/wp\/v2\/categories?post=65080"},{"taxonomy":"post_tag","embeddable":true,"href":"https:\/\/www.accuratereviews.com\/it\/wp-json\/wp\/v2\/tags?post=65080"},{"taxonomy":"features","embeddable":true,"href":"https:\/\/www.accuratereviews.com\/it\/wp-json\/wp\/v2\/features?post=65080"}],"curies":[{"name":"wp","href":"https:\/\/api.w.org\/{rel}","templated":true}]}}