{"id":65155,"date":"2022-12-20T18:12:22","date_gmt":"2022-12-20T18:12:22","guid":{"rendered":"https:\/\/www.accuratereviews.com\/?page_id=65155"},"modified":"2022-12-20T18:12:22","modified_gmt":"2022-12-20T18:12:22","slug":"linkfacts-recensione","status":"publish","type":"page","link":"https:\/\/www.accuratereviews.com\/it\/programmi-mappe-mentali\/linkfacts-recensione\/","title":{"rendered":"LinkFacts"},"content":{"rendered":"<p><strong>LinkFacts<\/strong> \u00e8 un <strong>software per creare mappe mentali e concettuali<\/strong>\u00a0che ti permette di collegare idee, pensieri e informazioni provenienti da qualsiasi fonte. Inoltre consente di collegare siti web, foto, video e file PDF \u00a0a qualsiasi mappa mentale in modo contestuale. In questo modo tutte le vostre idee verranno archiviate e rimarranno al sicuro.\u00a0<strong>LinkFacts<\/strong>, infatti, \u00e8 pienamente conforme alla normativa EU-GDPR e vede come priorit\u00e0 assolute la privacy e la sicurezza online dei propri utenti.<\/p>\n<h2>LINKFACTS &#8211; TUTORIAL<\/h2>\n<div id=\"fluid-wrapper-counter-1\" class=\"g1-fluid-wrapper \" style=\"width:686px;\">\n<div style=\"padding-bottom:56.268221574344%;\"><iframe loading=\"lazy\" title=\"LinkFacts Tutorial - Working with Links\" width=\"686\" height=\"386\" src=\"https:\/\/www.youtube.com\/embed\/tEz6hWn6Wlk?feature=oembed&amp;wmode=transparent&amp;autohide=1&amp;autoplay=0&amp;disablekb=0&amp;fs=1&amp;loop=0&amp;enablejsapi=1&amp;rel=0&amp;controls=2&amp;showinfo=0&amp;wmode=transparent&amp;autohide=2&amp;autoplay=0&amp;disablekb=0&amp;fs=1&amp;loop=0&amp;enablejsapi=1&amp;rel=0&amp;controls=2&amp;showinfo=1\" frameborder=\"0\" allow=\"accelerometer; autoplay; clipboard-write; encrypted-media; gyroscope; picture-in-picture\" allowfullscreen><\/iframe><\/div>\n<\/div>\n<h3>LINKFACTS &#8211; CARATTERISTICHE<\/h3>\n<ul>\n<li><strong>Ricerca<\/strong>: i gruppi di ricerca raccolgono, organizzano, mappano, archiviano e condividono le conoscenze.<\/li>\n<li><strong>Istruzione e formazione<\/strong>: utilizza la mappatura semantica della mente e dei concetti per migliorare il pensiero visivo e le capacit\u00e0 analitiche degli studenti e aumenta il loro tasso di assimilazione.<\/li>\n<li><strong>Giornalismo e investigazione<\/strong>: indaga e raccogli conoscenze in modo visivo. Collabora in gruppo e pubblica i tuoi riferimenti con un clic. Costruisci la tua base di conoscenze personale o aziendale.<\/li>\n<li><strong>Governance aziendale<\/strong>: mappatura degli asset, mappatura degli stakeholder, governance aziendale e schede strategiche sono i casi d&#8217;uso che fanno s\u00ec che la piattaforma performante e sicura riveli il suo vero potenziale.<\/li>\n<li><strong>Mappatura concettuale<\/strong>: visualizza e chiarisci anche i concetti pi\u00f9 complessi con LinkFacts. Utilizza mappe concettuali logiche per collegare note adesive o forme per visualizzare le connessioni tra idee e argomenti.<\/li>\n<li><strong>Due diligence<\/strong>: che si tratti di investimenti, acquisizioni o fusioni di aziende, \u00e8 necessario impostare un processo di due diligence.<\/li>\n<\/ul>\n<h4>LE RECENSIONI DEGLI UTENTI<\/h4>\n<p><strong>Sven &#8220;Un nuovo modo di fare mappe mentali&#8221;<\/strong><br \/>\nCommenti: sono sempre stato un fan del mindmapping ma ero spesso frustrato dal fatto che fosse troppo 2D, non realmente collaborativo e piuttosto difficile da collegare ad altri documenti o file. Linkfacts ha risolto questi problemi e mi ha permesso di creare mappe multidimensionali e intelligenti.<br \/>\nPro: una delle caratteristiche migliori \u00e8 che ora i collegamenti link hanno specifiche e propriet\u00e0, il che significa che le connessioni diventano in qualche modo intelligenti rispetto a una semplice mappa mentale. Un&#8217;altra caratteristica interessante \u00e8 sicuramente la possibilit\u00e0 di avere un&#8217;enorme quantit\u00e0 di collegamenti e livelli diversi. Infine, ma non meno importante, la possibilit\u00e0 di collegarsi tra i grafici migliora molto la collaborazione.<br \/>\nContro: una volta che si inizia a lavorare con LinkFacts si scoprono molte idee che si vogliono ancora sviluppare &#8211; presumo che ci siano ancora molte nuove funzionalit\u00e0 in arrivo.<\/p>\n<p><strong>Alessandro &#8220;Il miglior software di mappatura mentale&#8221;<\/strong><br \/>\nCommenti: Servizio semplice e potente. Una community interessante dove posso seguire altri grafici o autori interessanti.<br \/>\nPro: Posso personalizzare il mio grafico in modo molto flessibile, e questo \u00e8 un grande vantaggio. Anche altri servizi mi danno la possibilit\u00e0 di creare mappe mentali, ma da nessuna parte posso configurarle in modo cos\u00ec flessibile come qui. Inoltre, l&#8217;interfaccia \u00e8 abbastanza semplice e facile da usare.<br \/>\nContro: Non ne vedo proprio. Ho provato molti servizi alternativi e non si avvicinano nemmeno alle capacit\u00e0 di Linkfacts.<\/p>\n<p><strong>Frederic &#8220;Potente e facile da usare&#8221;<\/strong><br \/>\nPro: strumento molto potente e facile da usare. Facile da creare, visualizzare e condividere i grafici<br \/>\nContro: app mobile prevista ma non ancora disponibile<\/p>\n","protected":false},"excerpt":{"rendered":"<p>LinkFacts \u00e8 un software per creare mappe mentali e concettuali\u00a0che ti permette di collegare idee, pensieri e informazioni provenienti da qualsiasi fonte. Inoltre consente di collegare siti web, foto, video e file PDF \u00a0a qualsiasi mappa mentale in modo contestuale. In questo modo tutte le vostre idee verranno archiviate e rimarranno al sicuro.<\/p>\n","protected":false},"author":17,"featured_media":65156,"parent":65102,"menu_order":0,"comment_status":"open","ping_status":"closed","template":"g1_template_page_review_new.php","meta":{"_acf_changed":false,"cwp_meta_box_check":"No","cwp_rev_product_name":"","cwp_rev_product_image":"","wppr_links":[],"cwp_rev_price":"","wppr_options":[],"wppr_pros":[],"wppr_cons":[],"_monsterinsights_skip_tracking":false,"_monsterinsights_sitenote_active":false,"_monsterinsights_sitenote_note":"","_monsterinsights_sitenote_category":0,"footnotes":""},"categories":[13899],"tags":[13901,13895,13894,13902,13904,13903],"features":[],"class_list":{"0":"post-65155","1":"page","2":"type-page","3":"status-publish","4":"has-post-thumbnail","6":"category-programmi-mappe-mentali-cat","7":"tag-mappe-mentali","8":"tag-piattaforma-mappatura-mentale","9":"tag-programma-mappatura-mentale","10":"tag-programma-per-mappe-mentali","11":"tag-software-per-mappe-mentali","12":"tag-soluzione-per-mappe-mentali"},"wppr_data":{"cwp_meta_box_check":"No"},"acf":[],"yoast_head":"<!-- This site is optimized with the Yoast SEO plugin v27.4 - https:\/\/yoast.com\/product\/yoast-seo-wordpress\/ -->\n<title>LinkFacts: recensione - Accurate Reviews<\/title>\n<meta name=\"description\" content=\"LinkFacts: recensione del software per creare mappe mentali e concettuali\u00a0che ti permette di collegare idee, pensieri e informazioni.\" \/>\n<meta name=\"robots\" content=\"index, follow, max-snippet:-1, max-image-preview:large, max-video-preview:-1\" \/>\n<link rel=\"canonical\" href=\"https:\/\/www.accuratereviews.com\/it\/programmi-mappe-mentali\/linkfacts-recensione\/\" \/>\n<meta property=\"og:locale\" content=\"it_IT\" \/>\n<meta property=\"og:type\" content=\"article\" \/>\n<meta property=\"og:title\" content=\"LinkFacts: recensione - Accurate Reviews\" \/>\n<meta property=\"og:description\" content=\"LinkFacts: recensione del software per creare mappe mentali e concettuali\u00a0che ti permette di collegare idee, pensieri e informazioni.\" \/>\n<meta property=\"og:url\" content=\"https:\/\/www.accuratereviews.com\/it\/programmi-mappe-mentali\/linkfacts-recensione\/\" \/>\n<meta property=\"og:site_name\" content=\"Accurate Reviews\" \/>\n<meta property=\"og:image\" content=\"https:\/\/www.accuratereviews.com\/wp-content\/uploads\/2022\/12\/Schermata-2022-12-20-alle-15.17.05.png\" \/>\n\t<meta property=\"og:image:width\" content=\"597\" \/>\n\t<meta property=\"og:image:height\" content=\"200\" \/>\n\t<meta property=\"og:image:type\" content=\"image\/png\" \/>\n<meta name=\"twitter:card\" content=\"summary_large_image\" \/>\n<meta name=\"twitter:label1\" content=\"Tempo di lettura stimato\" \/>\n\t<meta name=\"twitter:data1\" content=\"3 minuti\" \/>\n<script type=\"application\/ld+json\" class=\"yoast-schema-graph\">{\"@context\":\"https:\\\/\\\/schema.org\",\"@graph\":[{\"@type\":\"WebPage\",\"@id\":\"https:\\\/\\\/www.accuratereviews.com\\\/it\\\/programmi-mappe-mentali\\\/linkfacts-recensione\\\/\",\"url\":\"https:\\\/\\\/www.accuratereviews.com\\\/it\\\/programmi-mappe-mentali\\\/linkfacts-recensione\\\/\",\"name\":\"LinkFacts: recensione - Accurate Reviews\",\"isPartOf\":{\"@id\":\"https:\\\/\\\/www.accuratereviews.com\\\/it\\\/#website\"},\"primaryImageOfPage\":{\"@id\":\"https:\\\/\\\/www.accuratereviews.com\\\/it\\\/programmi-mappe-mentali\\\/linkfacts-recensione\\\/#primaryimage\"},\"image\":{\"@id\":\"https:\\\/\\\/www.accuratereviews.com\\\/it\\\/programmi-mappe-mentali\\\/linkfacts-recensione\\\/#primaryimage\"},\"thumbnailUrl\":\"https:\\\/\\\/www.accuratereviews.com\\\/wp-content\\\/uploads\\\/2022\\\/12\\\/Schermata-2022-12-20-alle-15.17.05.png\",\"datePublished\":\"2022-12-20T18:12:22+00:00\",\"description\":\"LinkFacts: recensione del software per creare mappe mentali e concettuali\u00a0che ti permette di collegare idee, pensieri e informazioni.\",\"breadcrumb\":{\"@id\":\"https:\\\/\\\/www.accuratereviews.com\\\/it\\\/programmi-mappe-mentali\\\/linkfacts-recensione\\\/#breadcrumb\"},\"inLanguage\":\"it-IT\",\"potentialAction\":[{\"@type\":\"ReadAction\",\"target\":[\"https:\\\/\\\/www.accuratereviews.com\\\/it\\\/programmi-mappe-mentali\\\/linkfacts-recensione\\\/\"]}]},{\"@type\":\"ImageObject\",\"inLanguage\":\"it-IT\",\"@id\":\"https:\\\/\\\/www.accuratereviews.com\\\/it\\\/programmi-mappe-mentali\\\/linkfacts-recensione\\\/#primaryimage\",\"url\":\"https:\\\/\\\/www.accuratereviews.com\\\/wp-content\\\/uploads\\\/2022\\\/12\\\/Schermata-2022-12-20-alle-15.17.05.png\",\"contentUrl\":\"https:\\\/\\\/www.accuratereviews.com\\\/wp-content\\\/uploads\\\/2022\\\/12\\\/Schermata-2022-12-20-alle-15.17.05.png\",\"width\":597,\"height\":200},{\"@type\":\"BreadcrumbList\",\"@id\":\"https:\\\/\\\/www.accuratereviews.com\\\/it\\\/programmi-mappe-mentali\\\/linkfacts-recensione\\\/#breadcrumb\",\"itemListElement\":[{\"@type\":\"ListItem\",\"position\":1,\"name\":\"Home\",\"item\":\"https:\\\/\\\/www.accuratereviews.com\\\/it\\\/\"},{\"@type\":\"ListItem\",\"position\":2,\"name\":\"Programmi per mappe mentali\",\"item\":\"https:\\\/\\\/www.accuratereviews.com\\\/it\\\/programmi-mappe-mentali\\\/\"},{\"@type\":\"ListItem\",\"position\":3,\"name\":\"LinkFacts\"}]},{\"@type\":\"WebSite\",\"@id\":\"https:\\\/\\\/www.accuratereviews.com\\\/it\\\/#website\",\"url\":\"https:\\\/\\\/www.accuratereviews.com\\\/it\\\/\",\"name\":\"Accurate Reviews\",\"description\":\"\",\"potentialAction\":[{\"@type\":\"SearchAction\",\"target\":{\"@type\":\"EntryPoint\",\"urlTemplate\":\"https:\\\/\\\/www.accuratereviews.com\\\/it\\\/?s={search_term_string}\"},\"query-input\":{\"@type\":\"PropertyValueSpecification\",\"valueRequired\":true,\"valueName\":\"search_term_string\"}}],\"inLanguage\":\"it-IT\"}]}<\/script>\n<!-- \/ Yoast SEO plugin. -->","yoast_head_json":{"title":"LinkFacts: recensione - Accurate Reviews","description":"LinkFacts: recensione del software per creare mappe mentali e concettuali\u00a0che ti permette di collegare idee, pensieri e informazioni.","robots":{"index":"index","follow":"follow","max-snippet":"max-snippet:-1","max-image-preview":"max-image-preview:large","max-video-preview":"max-video-preview:-1"},"canonical":"https:\/\/www.accuratereviews.com\/it\/programmi-mappe-mentali\/linkfacts-recensione\/","og_locale":"it_IT","og_type":"article","og_title":"LinkFacts: recensione - Accurate Reviews","og_description":"LinkFacts: recensione del software per creare mappe mentali e concettuali\u00a0che ti permette di collegare idee, pensieri e informazioni.","og_url":"https:\/\/www.accuratereviews.com\/it\/programmi-mappe-mentali\/linkfacts-recensione\/","og_site_name":"Accurate Reviews","og_image":[{"width":597,"height":200,"url":"https:\/\/www.accuratereviews.com\/wp-content\/uploads\/2022\/12\/Schermata-2022-12-20-alle-15.17.05.png","type":"image\/png"}],"twitter_card":"summary_large_image","twitter_misc":{"Tempo di lettura stimato":"3 minuti"},"schema":{"@context":"https:\/\/schema.org","@graph":[{"@type":"WebPage","@id":"https:\/\/www.accuratereviews.com\/it\/programmi-mappe-mentali\/linkfacts-recensione\/","url":"https:\/\/www.accuratereviews.com\/it\/programmi-mappe-mentali\/linkfacts-recensione\/","name":"LinkFacts: recensione - Accurate Reviews","isPartOf":{"@id":"https:\/\/www.accuratereviews.com\/it\/#website"},"primaryImageOfPage":{"@id":"https:\/\/www.accuratereviews.com\/it\/programmi-mappe-mentali\/linkfacts-recensione\/#primaryimage"},"image":{"@id":"https:\/\/www.accuratereviews.com\/it\/programmi-mappe-mentali\/linkfacts-recensione\/#primaryimage"},"thumbnailUrl":"https:\/\/www.accuratereviews.com\/wp-content\/uploads\/2022\/12\/Schermata-2022-12-20-alle-15.17.05.png","datePublished":"2022-12-20T18:12:22+00:00","description":"LinkFacts: recensione del software per creare mappe mentali e concettuali\u00a0che ti permette di collegare idee, pensieri e informazioni.","breadcrumb":{"@id":"https:\/\/www.accuratereviews.com\/it\/programmi-mappe-mentali\/linkfacts-recensione\/#breadcrumb"},"inLanguage":"it-IT","potentialAction":[{"@type":"ReadAction","target":["https:\/\/www.accuratereviews.com\/it\/programmi-mappe-mentali\/linkfacts-recensione\/"]}]},{"@type":"ImageObject","inLanguage":"it-IT","@id":"https:\/\/www.accuratereviews.com\/it\/programmi-mappe-mentali\/linkfacts-recensione\/#primaryimage","url":"https:\/\/www.accuratereviews.com\/wp-content\/uploads\/2022\/12\/Schermata-2022-12-20-alle-15.17.05.png","contentUrl":"https:\/\/www.accuratereviews.com\/wp-content\/uploads\/2022\/12\/Schermata-2022-12-20-alle-15.17.05.png","width":597,"height":200},{"@type":"BreadcrumbList","@id":"https:\/\/www.accuratereviews.com\/it\/programmi-mappe-mentali\/linkfacts-recensione\/#breadcrumb","itemListElement":[{"@type":"ListItem","position":1,"name":"Home","item":"https:\/\/www.accuratereviews.com\/it\/"},{"@type":"ListItem","position":2,"name":"Programmi per mappe mentali","item":"https:\/\/www.accuratereviews.com\/it\/programmi-mappe-mentali\/"},{"@type":"ListItem","position":3,"name":"LinkFacts"}]},{"@type":"WebSite","@id":"https:\/\/www.accuratereviews.com\/it\/#website","url":"https:\/\/www.accuratereviews.com\/it\/","name":"Accurate Reviews","description":"","potentialAction":[{"@type":"SearchAction","target":{"@type":"EntryPoint","urlTemplate":"https:\/\/www.accuratereviews.com\/it\/?s={search_term_string}"},"query-input":{"@type":"PropertyValueSpecification","valueRequired":true,"valueName":"search_term_string"}}],"inLanguage":"it-IT"}]}},"_links":{"self":[{"href":"https:\/\/www.accuratereviews.com\/it\/wp-json\/wp\/v2\/pages\/65155","targetHints":{"allow":["GET"]}}],"collection":[{"href":"https:\/\/www.accuratereviews.com\/it\/wp-json\/wp\/v2\/pages"}],"about":[{"href":"https:\/\/www.accuratereviews.com\/it\/wp-json\/wp\/v2\/types\/page"}],"author":[{"embeddable":true,"href":"https:\/\/www.accuratereviews.com\/it\/wp-json\/wp\/v2\/users\/17"}],"replies":[{"embeddable":true,"href":"https:\/\/www.accuratereviews.com\/it\/wp-json\/wp\/v2\/comments?post=65155"}],"version-history":[{"count":3,"href":"https:\/\/www.accuratereviews.com\/it\/wp-json\/wp\/v2\/pages\/65155\/revisions"}],"predecessor-version":[{"id":65197,"href":"https:\/\/www.accuratereviews.com\/it\/wp-json\/wp\/v2\/pages\/65155\/revisions\/65197"}],"up":[{"embeddable":true,"href":"https:\/\/www.accuratereviews.com\/it\/wp-json\/wp\/v2\/pages\/65102"}],"wp:featuredmedia":[{"embeddable":true,"href":"https:\/\/www.accuratereviews.com\/it\/wp-json\/wp\/v2\/media\/65156"}],"wp:attachment":[{"href":"https:\/\/www.accuratereviews.com\/it\/wp-json\/wp\/v2\/media?parent=65155"}],"wp:term":[{"taxonomy":"category","embeddable":true,"href":"https:\/\/www.accuratereviews.com\/it\/wp-json\/wp\/v2\/categories?post=65155"},{"taxonomy":"post_tag","embeddable":true,"href":"https:\/\/www.accuratereviews.com\/it\/wp-json\/wp\/v2\/tags?post=65155"},{"taxonomy":"features","embeddable":true,"href":"https:\/\/www.accuratereviews.com\/it\/wp-json\/wp\/v2\/features?post=65155"}],"curies":[{"name":"wp","href":"https:\/\/api.w.org\/{rel}","templated":true}]}}