{"id":65168,"date":"2022-12-20T18:12:36","date_gmt":"2022-12-20T18:12:36","guid":{"rendered":"https:\/\/www.accuratereviews.com\/?page_id=65168"},"modified":"2022-12-21T09:47:59","modified_gmt":"2022-12-21T09:47:59","slug":"visio-recensione","status":"publish","type":"page","link":"https:\/\/www.accuratereviews.com\/it\/programmi-mappe-mentali\/visio-recensione\/","title":{"rendered":"Visio"},"content":{"rendered":"<p><strong>Visio<\/strong> \u00e8 uno <strong>strumento per la creazione di diagrammi<\/strong>,\u00a0basato su cloud, progettato per favorire la collaborazione e collegare i dati in tempo reale con i flussi di lavoro aziendali. La piattaforma consente la comunicazione di informazioni complesse attraverso diagrammi collegati ai dati, organigrammi, planimetrie e altro ancora.<br \/>\n<strong>Visio<\/strong> offre una gamma di modelli predefiniti che possono essere modificati e personalizzati in base alle esigenze aziendali. Pu\u00f2 essere utilizzato per la visualizzazione dei dati, il brainstorming, la creazione di diagrammi UML, la mappatura dei processi, e altro ancora.<\/p>\n<h2>VISIO &#8211; TUTORIAL<\/h2>\n<div id=\"fluid-wrapper-counter-1\" class=\"g1-fluid-wrapper \" style=\"width:686px;\">\n<div style=\"padding-bottom:56.268221574344%;\"><iframe loading=\"lazy\" title=\"Microsoft Visio - Tutorial for Beginners in 13 MINUTES!  [ 2022 ]\" width=\"686\" height=\"386\" src=\"https:\/\/www.youtube.com\/embed\/gDkTSoLI-NY?feature=oembed&amp;wmode=transparent&amp;autohide=1&amp;autoplay=0&amp;disablekb=0&amp;fs=1&amp;loop=0&amp;enablejsapi=1&amp;rel=0&amp;controls=2&amp;showinfo=0&amp;wmode=transparent&amp;autohide=2&amp;autoplay=0&amp;disablekb=0&amp;fs=1&amp;loop=0&amp;enablejsapi=1&amp;rel=0&amp;controls=2&amp;showinfo=1\" frameborder=\"0\" allow=\"accelerometer; autoplay; clipboard-write; encrypted-media; gyroscope; picture-in-picture\" allowfullscreen><\/iframe><\/div>\n<\/div>\n<h3>VISIO &#8211; CARATTERISTICHE<\/h3>\n<ul>\n<li>Decine di modelli pronti all&#8217;uso, diagrammi di base e stencil<\/li>\n<li>Migliaia di forme personalizzabili<\/li>\n<li>Collaborazione in tempo reale sul Web e in Teams e OneDrive<\/li>\n<li>Visualizzazione di dati complessi tramite l&#8217;integrazione con Power BI<\/li>\n<li>Supporto per le funzionalit\u00e0 di accessibilit\u00e0, tra cui Assistente vocale, Verifica accessibilit\u00e0 e supporto per impostazioni di contrasto elevato<\/li>\n<li>Privacy e sicurezza di livello aziendale, compreso Information Rights Management\u200b\u200b\u200b<\/li>\n<li>Usa forme, colori e connettori personalizzabili per delineare le idee proposte dal tuo team in tempo reale.<\/li>\n<li>Ottimizza il diagramma di brainstorming al termine della sessione aggiungendo le gerarchie o eliminando la ridondanza. Collega direttamente singole forme a dati specifici e utili.<\/li>\n<li>Trasforma i dati dei fogli di calcolo Excel in intuitivi diagrammi<\/li>\n<li>Crea in tutta semplicit\u00e0 visualizzazioni personalizzate della tua attivit\u00e0 o scegli icone, colori e testi predefiniti con strumenti di visualizzazione dei dati.<\/li>\n<li>Semplifica la conformit\u00e0 visualizzando ciascuna fase e fattore di un processo, quindi identifica gli elementi da modificare o migliorare per soddisfare gli standard del settore.<\/li>\n<\/ul>\n<h4>LE RECENSIONI DEGLI UTENTI<\/h4>\n<p><strong>Fabio&#8221;Software completo per il disegno di diagrammi&#8221;<\/strong><br \/>\n<strong>Commenti<\/strong>: La mia esperienza nell&#8217;uso del prodotto \u00e8 molto limitata. Lo uso solo per fare diagrammi di reti informatiche e raramente per impiantistica. Ho letto delle sue notevoli potenzialit\u00e0, ma non ne ho mai avuto n\u00e9 il tempo n\u00e9 la necessit\u00e0 di provarle.<br \/>\n<strong>Pro<\/strong>: La facilit\u00e0 d&#8217;uso e la messa a disposizione di diverse forme da usare. La disponibilit\u00e0 di queste \u00e8 completa, abbiamo pi\u00f9 stili di forme e almeno per il mio campo (informatica) ho sempre trovato tutto. Altra caratteristica importante \u00e8 che esistono forme gi\u00e0 pronte, realizzate da diversi venditori.<br \/>\n<strong>Contro<\/strong>: Penso che un lato negativo sia il prezzo del prodotto, a mio avviso, oltre alle versioni in commercio, ce ne dovrebbe essere un&#8217;altra (p.e. lite) gratuita dove sia possibile solo fare dei diagrammi. Non mi risulta che esista.<\/p>\n<p><strong>Gianni&#8221;Visio per tutti&#8221;<\/strong><br \/>\n<strong>Pro<\/strong>: Da 10 anni utilizzo questo software e ritengo il suo punto di forza la facilit\u00e0 di implementazione e l&#8217;interfaccia intuitiva.<br \/>\n<strong>Contro<\/strong>: Forse un po&#8217; dispendioso per imparare le 1000 funzionalit\u00e0 che il prodotto ti fornisce<\/p>\n<p><strong>Luca&#8221;Ottimo prodotto diventato indispensabile per la creazione di mappe di rete&#8221;<\/strong><br \/>\n<strong>Commenti<\/strong>: mi aiuta quotidianamente nel mio lavoro<br \/>\n<strong>Pro<\/strong>: drag and drop degli elementi e connessione degli stessi. Facilissimo creare mappe<br \/>\n<strong>Contro<\/strong>: nessuno in particolare, un software indispensabile<\/p>\n","protected":false},"excerpt":{"rendered":"<p>Visio \u00e8 uno strumento per la creazione di diagrammi\u00a0basato su cloud, progettato per favorire la collaborazione e collegare i dati in tempo reale con i flussi di lavoro aziendali. La piattaforma consente la comunicazione di informazioni complesse attraverso diagrammi collegati ai dati, organigrammi, planimetrie e altro ancora.<\/p>\n","protected":false},"author":19,"featured_media":65184,"parent":65102,"menu_order":0,"comment_status":"open","ping_status":"closed","template":"g1_template_page_review_new.php","meta":{"_acf_changed":false,"cwp_meta_box_check":"Yes","cwp_rev_product_name":"","cwp_rev_product_image":"","wppr_links":[],"cwp_rev_price":"0.00","wppr_options":[{"name":"Usability","value":"0"},{"name":"Speed","value":"0"},{"name":"Features","value":"0"},{"name":"Support","value":"0"},{"name":"Pricing","value":"0"}],"wppr_pros":["","","","",""],"wppr_cons":["","","","",""],"_monsterinsights_skip_tracking":false,"_monsterinsights_sitenote_active":false,"_monsterinsights_sitenote_note":"","_monsterinsights_sitenote_category":0,"footnotes":""},"categories":[13899],"tags":[13896,13901,13905,13902,13904,13903,13926],"features":[],"class_list":{"0":"post-65168","1":"page","2":"type-page","3":"status-publish","4":"has-post-thumbnail","6":"category-programmi-mappe-mentali-cat","7":"tag-collaborazione","8":"tag-mappe-mentali","9":"tag-piattaforma-per-mappe-mentali","10":"tag-programma-per-mappe-mentali","11":"tag-software-per-mappe-mentali","12":"tag-soluzione-per-mappe-mentali","13":"tag-visio"},"wppr_data":{"cwp_meta_box_check":"Yes","_wppr_review_template":"default","cwp_rev_product_image":"","cwp_image_link":"image","wppr_links":[],"cwp_rev_price":"0.00","wppr_pros":["","","","",""],"wppr_cons":["","","","",""],"wppr_rating":"0.00","wppr_options":{"1":{"name":"Usability","value":"0"},"2":{"name":"Speed","value":"0"},"3":{"name":"Features","value":"0"},"4":{"name":"Support","value":"0"},"5":{"name":"Pricing","value":"0"}},"wppr_review_type":"Product","wppr_review_custom_fields":{"additionalProperty":"","additionalType":"","aggregateRating":"","alternateName":"","audience":"","award":"","awards":"","brand":"","color":"","depth":"","description":"","disambiguatingDescription":"","gtin12":"","gtin13":"","gtin14":"","gtin8":"","height":"","identifier":"","image":"","isAccessoryOrSparePartFor":"","isConsumableFor":"","isRelatedTo":"","isSimilarTo":"","itemCondition":"","logo":"","mainEntityOfPage":"","manufacturer":"","material":"","model":"","mpn":"","name":"","offers":"","potentialAction":"","productID":"","productionDate":"","purchaseDate":"","releaseDate":"","review":"","reviews":"","sameAs":"","sku":"","slogan":"","subjectOf":"","url":"","weight":"","width":""}},"acf":[],"yoast_head":"<!-- This site is optimized with the Yoast SEO plugin v27.4 - https:\/\/yoast.com\/product\/yoast-seo-wordpress\/ -->\n<title>Visio: recensione programma mappe mentali - Accurate Reviews<\/title>\n<meta name=\"description\" content=\"Visio: recensione strumento per la creazione di diagrammi\u00a0basato su cloud, progettato per favorire la collaborazione.\" \/>\n<meta name=\"robots\" content=\"index, follow, max-snippet:-1, max-image-preview:large, max-video-preview:-1\" \/>\n<link rel=\"canonical\" href=\"https:\/\/www.accuratereviews.com\/it\/programmi-mappe-mentali\/visio-recensione\/\" \/>\n<meta property=\"og:locale\" content=\"it_IT\" \/>\n<meta property=\"og:type\" content=\"article\" \/>\n<meta property=\"og:title\" content=\"Visio: recensione programma mappe mentali - Accurate Reviews\" \/>\n<meta property=\"og:description\" content=\"Visio: recensione strumento per la creazione di diagrammi\u00a0basato su cloud, progettato per favorire la collaborazione.\" \/>\n<meta property=\"og:url\" content=\"https:\/\/www.accuratereviews.com\/it\/programmi-mappe-mentali\/visio-recensione\/\" \/>\n<meta property=\"og:site_name\" content=\"Accurate Reviews\" \/>\n<meta property=\"article:modified_time\" content=\"2022-12-21T09:47:59+00:00\" \/>\n<meta property=\"og:image\" content=\"https:\/\/www.accuratereviews.com\/wp-content\/uploads\/2022\/12\/Visio.png\" \/>\n\t<meta property=\"og:image:width\" content=\"640\" \/>\n\t<meta property=\"og:image:height\" content=\"610\" \/>\n\t<meta property=\"og:image:type\" content=\"image\/png\" \/>\n<meta name=\"twitter:card\" content=\"summary_large_image\" \/>\n<meta name=\"twitter:label1\" content=\"Tempo di lettura stimato\" \/>\n\t<meta name=\"twitter:data1\" content=\"3 minuti\" \/>\n<script type=\"application\/ld+json\" class=\"yoast-schema-graph\">{\"@context\":\"https:\\\/\\\/schema.org\",\"@graph\":[{\"@type\":\"WebPage\",\"@id\":\"https:\\\/\\\/www.accuratereviews.com\\\/it\\\/programmi-mappe-mentali\\\/visio-recensione\\\/\",\"url\":\"https:\\\/\\\/www.accuratereviews.com\\\/it\\\/programmi-mappe-mentali\\\/visio-recensione\\\/\",\"name\":\"Visio: recensione programma mappe mentali - Accurate Reviews\",\"isPartOf\":{\"@id\":\"https:\\\/\\\/www.accuratereviews.com\\\/it\\\/#website\"},\"primaryImageOfPage\":{\"@id\":\"https:\\\/\\\/www.accuratereviews.com\\\/it\\\/programmi-mappe-mentali\\\/visio-recensione\\\/#primaryimage\"},\"image\":{\"@id\":\"https:\\\/\\\/www.accuratereviews.com\\\/it\\\/programmi-mappe-mentali\\\/visio-recensione\\\/#primaryimage\"},\"thumbnailUrl\":\"https:\\\/\\\/www.accuratereviews.com\\\/wp-content\\\/uploads\\\/2022\\\/12\\\/Visio.png\",\"datePublished\":\"2022-12-20T18:12:36+00:00\",\"dateModified\":\"2022-12-21T09:47:59+00:00\",\"description\":\"Visio: recensione strumento per la creazione di diagrammi\u00a0basato su cloud, progettato per favorire la collaborazione.\",\"breadcrumb\":{\"@id\":\"https:\\\/\\\/www.accuratereviews.com\\\/it\\\/programmi-mappe-mentali\\\/visio-recensione\\\/#breadcrumb\"},\"inLanguage\":\"it-IT\",\"potentialAction\":[{\"@type\":\"ReadAction\",\"target\":[\"https:\\\/\\\/www.accuratereviews.com\\\/it\\\/programmi-mappe-mentali\\\/visio-recensione\\\/\"]}]},{\"@type\":\"ImageObject\",\"inLanguage\":\"it-IT\",\"@id\":\"https:\\\/\\\/www.accuratereviews.com\\\/it\\\/programmi-mappe-mentali\\\/visio-recensione\\\/#primaryimage\",\"url\":\"https:\\\/\\\/www.accuratereviews.com\\\/wp-content\\\/uploads\\\/2022\\\/12\\\/Visio.png\",\"contentUrl\":\"https:\\\/\\\/www.accuratereviews.com\\\/wp-content\\\/uploads\\\/2022\\\/12\\\/Visio.png\",\"width\":640,\"height\":610},{\"@type\":\"BreadcrumbList\",\"@id\":\"https:\\\/\\\/www.accuratereviews.com\\\/it\\\/programmi-mappe-mentali\\\/visio-recensione\\\/#breadcrumb\",\"itemListElement\":[{\"@type\":\"ListItem\",\"position\":1,\"name\":\"Home\",\"item\":\"https:\\\/\\\/www.accuratereviews.com\\\/it\\\/\"},{\"@type\":\"ListItem\",\"position\":2,\"name\":\"Programmi per mappe mentali\",\"item\":\"https:\\\/\\\/www.accuratereviews.com\\\/it\\\/programmi-mappe-mentali\\\/\"},{\"@type\":\"ListItem\",\"position\":3,\"name\":\"Visio\"}]},{\"@type\":\"WebSite\",\"@id\":\"https:\\\/\\\/www.accuratereviews.com\\\/it\\\/#website\",\"url\":\"https:\\\/\\\/www.accuratereviews.com\\\/it\\\/\",\"name\":\"Accurate Reviews\",\"description\":\"\",\"potentialAction\":[{\"@type\":\"SearchAction\",\"target\":{\"@type\":\"EntryPoint\",\"urlTemplate\":\"https:\\\/\\\/www.accuratereviews.com\\\/it\\\/?s={search_term_string}\"},\"query-input\":{\"@type\":\"PropertyValueSpecification\",\"valueRequired\":true,\"valueName\":\"search_term_string\"}}],\"inLanguage\":\"it-IT\"}]}<\/script>\n<!-- \/ Yoast SEO plugin. -->","yoast_head_json":{"title":"Visio: recensione programma mappe mentali - Accurate Reviews","description":"Visio: recensione strumento per la creazione di diagrammi\u00a0basato su cloud, progettato per favorire la collaborazione.","robots":{"index":"index","follow":"follow","max-snippet":"max-snippet:-1","max-image-preview":"max-image-preview:large","max-video-preview":"max-video-preview:-1"},"canonical":"https:\/\/www.accuratereviews.com\/it\/programmi-mappe-mentali\/visio-recensione\/","og_locale":"it_IT","og_type":"article","og_title":"Visio: recensione programma mappe mentali - Accurate Reviews","og_description":"Visio: recensione strumento per la creazione di diagrammi\u00a0basato su cloud, progettato per favorire la collaborazione.","og_url":"https:\/\/www.accuratereviews.com\/it\/programmi-mappe-mentali\/visio-recensione\/","og_site_name":"Accurate Reviews","article_modified_time":"2022-12-21T09:47:59+00:00","og_image":[{"width":640,"height":610,"url":"https:\/\/www.accuratereviews.com\/wp-content\/uploads\/2022\/12\/Visio.png","type":"image\/png"}],"twitter_card":"summary_large_image","twitter_misc":{"Tempo di lettura stimato":"3 minuti"},"schema":{"@context":"https:\/\/schema.org","@graph":[{"@type":"WebPage","@id":"https:\/\/www.accuratereviews.com\/it\/programmi-mappe-mentali\/visio-recensione\/","url":"https:\/\/www.accuratereviews.com\/it\/programmi-mappe-mentali\/visio-recensione\/","name":"Visio: recensione programma mappe mentali - Accurate Reviews","isPartOf":{"@id":"https:\/\/www.accuratereviews.com\/it\/#website"},"primaryImageOfPage":{"@id":"https:\/\/www.accuratereviews.com\/it\/programmi-mappe-mentali\/visio-recensione\/#primaryimage"},"image":{"@id":"https:\/\/www.accuratereviews.com\/it\/programmi-mappe-mentali\/visio-recensione\/#primaryimage"},"thumbnailUrl":"https:\/\/www.accuratereviews.com\/wp-content\/uploads\/2022\/12\/Visio.png","datePublished":"2022-12-20T18:12:36+00:00","dateModified":"2022-12-21T09:47:59+00:00","description":"Visio: recensione strumento per la creazione di diagrammi\u00a0basato su cloud, progettato per favorire la collaborazione.","breadcrumb":{"@id":"https:\/\/www.accuratereviews.com\/it\/programmi-mappe-mentali\/visio-recensione\/#breadcrumb"},"inLanguage":"it-IT","potentialAction":[{"@type":"ReadAction","target":["https:\/\/www.accuratereviews.com\/it\/programmi-mappe-mentali\/visio-recensione\/"]}]},{"@type":"ImageObject","inLanguage":"it-IT","@id":"https:\/\/www.accuratereviews.com\/it\/programmi-mappe-mentali\/visio-recensione\/#primaryimage","url":"https:\/\/www.accuratereviews.com\/wp-content\/uploads\/2022\/12\/Visio.png","contentUrl":"https:\/\/www.accuratereviews.com\/wp-content\/uploads\/2022\/12\/Visio.png","width":640,"height":610},{"@type":"BreadcrumbList","@id":"https:\/\/www.accuratereviews.com\/it\/programmi-mappe-mentali\/visio-recensione\/#breadcrumb","itemListElement":[{"@type":"ListItem","position":1,"name":"Home","item":"https:\/\/www.accuratereviews.com\/it\/"},{"@type":"ListItem","position":2,"name":"Programmi per mappe mentali","item":"https:\/\/www.accuratereviews.com\/it\/programmi-mappe-mentali\/"},{"@type":"ListItem","position":3,"name":"Visio"}]},{"@type":"WebSite","@id":"https:\/\/www.accuratereviews.com\/it\/#website","url":"https:\/\/www.accuratereviews.com\/it\/","name":"Accurate Reviews","description":"","potentialAction":[{"@type":"SearchAction","target":{"@type":"EntryPoint","urlTemplate":"https:\/\/www.accuratereviews.com\/it\/?s={search_term_string}"},"query-input":{"@type":"PropertyValueSpecification","valueRequired":true,"valueName":"search_term_string"}}],"inLanguage":"it-IT"}]}},"_links":{"self":[{"href":"https:\/\/www.accuratereviews.com\/it\/wp-json\/wp\/v2\/pages\/65168","targetHints":{"allow":["GET"]}}],"collection":[{"href":"https:\/\/www.accuratereviews.com\/it\/wp-json\/wp\/v2\/pages"}],"about":[{"href":"https:\/\/www.accuratereviews.com\/it\/wp-json\/wp\/v2\/types\/page"}],"author":[{"embeddable":true,"href":"https:\/\/www.accuratereviews.com\/it\/wp-json\/wp\/v2\/users\/19"}],"replies":[{"embeddable":true,"href":"https:\/\/www.accuratereviews.com\/it\/wp-json\/wp\/v2\/comments?post=65168"}],"version-history":[{"count":12,"href":"https:\/\/www.accuratereviews.com\/it\/wp-json\/wp\/v2\/pages\/65168\/revisions"}],"predecessor-version":[{"id":65241,"href":"https:\/\/www.accuratereviews.com\/it\/wp-json\/wp\/v2\/pages\/65168\/revisions\/65241"}],"up":[{"embeddable":true,"href":"https:\/\/www.accuratereviews.com\/it\/wp-json\/wp\/v2\/pages\/65102"}],"wp:featuredmedia":[{"embeddable":true,"href":"https:\/\/www.accuratereviews.com\/it\/wp-json\/wp\/v2\/media\/65184"}],"wp:attachment":[{"href":"https:\/\/www.accuratereviews.com\/it\/wp-json\/wp\/v2\/media?parent=65168"}],"wp:term":[{"taxonomy":"category","embeddable":true,"href":"https:\/\/www.accuratereviews.com\/it\/wp-json\/wp\/v2\/categories?post=65168"},{"taxonomy":"post_tag","embeddable":true,"href":"https:\/\/www.accuratereviews.com\/it\/wp-json\/wp\/v2\/tags?post=65168"},{"taxonomy":"features","embeddable":true,"href":"https:\/\/www.accuratereviews.com\/it\/wp-json\/wp\/v2\/features?post=65168"}],"curies":[{"name":"wp","href":"https:\/\/api.w.org\/{rel}","templated":true}]}}