{"id":65170,"date":"2022-12-20T18:12:49","date_gmt":"2022-12-20T18:12:49","guid":{"rendered":"https:\/\/www.accuratereviews.com\/?page_id=65170"},"modified":"2022-12-21T09:42:48","modified_gmt":"2022-12-21T09:42:48","slug":"lucidspark-recensione","status":"publish","type":"page","link":"https:\/\/www.accuratereviews.com\/it\/programmi-mappe-mentali\/lucidspark-recensione\/","title":{"rendered":"Lucidspark"},"content":{"rendered":"<p><strong>Lucidspark<\/strong> \u00e8 uno <strong>strumento di collaborazione<\/strong>,\u00a0basato sul web, studiato per aiutare i team a collaborare su progetti e condividere idee. La <strong>piattaforma per mappe mentali<\/strong> offre agli utenti uno spazio adattabile per condividere idee, creare piani, collaborare a progetti, organizzare attivit\u00e0 e valutare idee.<br \/>\nCon <strong>Lucidspark<\/strong>, i team possono scambiare idee e collaborare in tempo reale con modifiche sincronizzate e aggiornamenti istantanei. Offre una gamma di funzionalit\u00e0 di collaborazione e brainstorming tra cui note adesive, commenti, strumenti di disegno a mano libera, timer integrato, votazioni positive e altro ancora. I team possono utilizzare i modelli di progetto predefiniti all&#8217;interno della soluzione per strutturare le loro sessioni di brainstorming, con modelli come una matrice 2&#215;2, una mappa del percorso del cliente o una roadmap del progetto.<\/p>\n<h2>LUCIDSPARK &#8211; TUTORIAL<\/h2>\n<div id=\"fluid-wrapper-counter-1\" class=\"g1-fluid-wrapper \" style=\"width:686px;\">\n<div style=\"padding-bottom:56.268221574344%;\"><iframe loading=\"lazy\" title=\"Welcome to Lucidspark\" width=\"686\" height=\"386\" src=\"https:\/\/www.youtube.com\/embed\/E62uCiChAh0?feature=oembed&amp;wmode=transparent&amp;autohide=1&amp;autoplay=0&amp;disablekb=0&amp;fs=1&amp;loop=0&amp;enablejsapi=1&amp;rel=0&amp;controls=2&amp;showinfo=0&amp;wmode=transparent&amp;autohide=2&amp;autoplay=0&amp;disablekb=0&amp;fs=1&amp;loop=0&amp;enablejsapi=1&amp;rel=0&amp;controls=2&amp;showinfo=1\" frameborder=\"0\" allow=\"accelerometer; autoplay; clipboard-write; encrypted-media; gyroscope; picture-in-picture\" allowfullscreen><\/iframe><\/div>\n<\/div>\n<h3>LUCIDSPARK &#8211; CARATTERISTICHE<\/h3>\n<ul>\n<li><strong>Tavole separate<\/strong>: migliora le sessioni di collaborazione suddividendo il team in gruppi pi\u00f9 piccoli per lavorare su Tavole separate. Quando hai finito, presenta il tuo lavoro a tutto il gruppo e sincronizzalo automaticamente con la tavola principale.<\/li>\n<li><strong>Timer<\/strong>: attira l&#8217;attenzione di tutti e focalizzala incorporando attivit\u00e0 di timeboxing. Il timer integrato mostra il conto alla rovescia sugli schermi di tutti, cos\u00ec puoi mantenere le attivit\u00e0 sempre in movimento.<\/li>\n<li><strong>Invita gli altri<\/strong>: un modo semplice per riunire tutti nello stesso punto della tua tavola. Non dovrai pi\u00f9 preoccuparti che un membro del tuo team non sappia dove guardare nella pagina.<\/li>\n<li><strong>Votazione<\/strong>: conteggia facilmente i voti sulle idee, visualizza i risultati e raggruppa le idee per numero di voti. \u00c8 un modo rapido per evidenziare le tendenze e individuare le idee pi\u00f9 promettenti.<\/li>\n<li><strong>Raccogli e ordina:<\/strong> lavora insieme ad altri per etichettare le idee in base alla priorit\u00e0 o al potenziale. Quindi, fai chiarezza e organizza automaticamente le idee di tutti con le funzioni Raccogli e Ordina.<\/li>\n<li><strong>Ideazione e brainstorming<\/strong>: registra la prossima idea grandiosa con l&#8217;aiuto di post-it, strumenti di disegno a mano libera e un&#8217;area di disegno illimitata.<\/li>\n<li><strong>Lavoro di squadra e collaborazione<\/strong>: ottieni il massimo dalle sessioni di lavoro collaborativo con le chat, le votazioni e il timer integrati nel prodotto, che aiutano a mantenere tutti coinvolti e impegnati.<\/li>\n<li><strong>Organizzazione e valutazione<\/strong>: trasforma le idee in strategia etichettando e raggruppando gli elementi, condividendo i feedback chiave e creando documenti pronti per la presentazione<\/li>\n<li><strong>Esperienza del cliente:<\/strong> collabora durante tutto il processo di ricerca degli utenti raccogliendo, visualizzando e condividendo le tue intuizioni tra i team.<\/li>\n<li><strong>Analisi strategica<\/strong>: passa in modo fluido dall&#8217;ideazione all&#8217;azione con tutto ci\u00f2 di cui hai bisogno per organizzare efficaci sessioni di strategia da remoto e stabilire i passaggi successivi.<\/li>\n<\/ul>\n<h4>LE RECENSIONI DEGLI UTENTI<\/h4>\n<p><strong>Tiffiny &#8220;Ottimo software per la creazione di diagrammi&#8221;<\/strong><br \/>\n<strong>Commenti<\/strong>: Questo software mi ha aiutato a preparare diagrammi e relazioni che non avrei avuto la possibilit\u00e0 di creare con altri prodotti.<br \/>\n<strong>Pro<\/strong>: Ho creato alcuni diagrammi e presentazioni con questo software. Sono stati accolti molto bene e sembrano molto professionali. \u00c8 molto pi\u00f9 facile da usare rispetto a Visio. Apprezzo l&#8217;ampia variet\u00e0 di modelli. Ho acquistato questo software a mie spese perch\u00e9 \u00e8 molto utile per me.<br \/>\n<strong>Contro<\/strong>: Non ho lamentele. Il software \u00e8 stato molto utile.<\/p>\n<p><strong>Alexandra&#8221;Ottimo strumento, soprattutto per il lavoro a distanza e la collaborazione&#8221;<\/strong><br \/>\n<strong>Commenti<\/strong>: L&#8217;esperienza complessiva \u00e8 stata fantastica.<br \/>\n<strong>Pro<\/strong>: Mi piace che sia estremamente facile immergersi e iniziare a usare subito. \u00c8 stato un ottimo strumento per il nostro team<br \/>\n<strong>Contro<\/strong>: Non ho nulla che sia un deterrente per questo prodotto. Funziona bene ed \u00e8 facile da usare.<\/p>\n<p><strong>Ashley&#8221; Una bomba quando si tratta di creare digitalmente diagrammi&#8221;<\/strong><br \/>\n<strong>Commenti<\/strong>: Fantastico, strepitoso.<br \/>\n<strong>Pro<\/strong>: Facile da adottare, grande funzionalit\u00e0 di condivisione.<br \/>\n<strong>Contro<\/strong>: Integrazione con altre app ed esportazione in altri formati.<\/p>\n","protected":false},"excerpt":{"rendered":"<p>Lucidspark \u00e8 uno strumento di collaborazione,\u00a0basato sul web, studiato per aiutare i team a collaborare su progetti e condividere idee. La piattaforma per mappe mentali offre agli utenti uno spazio adattabile per condividere idee, creare piani, collaborare a progetti, organizzare attivit\u00e0 e valutare idee.<\/p>\n","protected":false},"author":19,"featured_media":65173,"parent":65102,"menu_order":0,"comment_status":"open","ping_status":"closed","template":"g1_template_page_review_new.php","meta":{"_acf_changed":false,"cwp_meta_box_check":"Yes","cwp_rev_product_name":"","cwp_rev_product_image":"","wppr_links":[],"cwp_rev_price":"0.00","wppr_options":[{"name":"Usability","value":"0"},{"name":"Speed","value":"0"},{"name":"Features","value":"0"},{"name":"Support","value":"0"},{"name":"Pricing","value":"0"}],"wppr_pros":["","","","",""],"wppr_cons":["","","","",""],"_monsterinsights_skip_tracking":false,"_monsterinsights_sitenote_active":false,"_monsterinsights_sitenote_note":"","_monsterinsights_sitenote_category":0,"footnotes":""},"categories":[13899],"tags":[13896,13927,13901,13905,13902,13904,13903],"features":[],"class_list":{"0":"post-65170","1":"page","2":"type-page","3":"status-publish","4":"has-post-thumbnail","6":"category-programmi-mappe-mentali-cat","7":"tag-collaborazione","8":"tag-lucidspark","9":"tag-mappe-mentali","10":"tag-piattaforma-per-mappe-mentali","11":"tag-programma-per-mappe-mentali","12":"tag-software-per-mappe-mentali","13":"tag-soluzione-per-mappe-mentali"},"wppr_data":{"cwp_meta_box_check":"Yes","_wppr_review_template":"default","cwp_rev_product_image":"","cwp_image_link":"image","wppr_links":[],"cwp_rev_price":"0.00","wppr_pros":["","","","",""],"wppr_cons":["","","","",""],"wppr_rating":"0.00","wppr_options":{"1":{"name":"Usability","value":"0"},"2":{"name":"Speed","value":"0"},"3":{"name":"Features","value":"0"},"4":{"name":"Support","value":"0"},"5":{"name":"Pricing","value":"0"}},"wppr_review_type":"Product","wppr_review_custom_fields":{"additionalProperty":"","additionalType":"","aggregateRating":"","alternateName":"","audience":"","award":"","awards":"","brand":"","color":"","depth":"","description":"","disambiguatingDescription":"","gtin12":"","gtin13":"","gtin14":"","gtin8":"","height":"","identifier":"","image":"","isAccessoryOrSparePartFor":"","isConsumableFor":"","isRelatedTo":"","isSimilarTo":"","itemCondition":"","logo":"","mainEntityOfPage":"","manufacturer":"","material":"","model":"","mpn":"","name":"","offers":"","potentialAction":"","productID":"","productionDate":"","purchaseDate":"","releaseDate":"","review":"","reviews":"","sameAs":"","sku":"","slogan":"","subjectOf":"","url":"","weight":"","width":""}},"acf":[],"yoast_head":"<!-- This site is optimized with the Yoast SEO plugin v27.4 - https:\/\/yoast.com\/product\/yoast-seo-wordpress\/ -->\n<title>Lucidspark: recensione programma mappe mentali - AR<\/title>\n<meta name=\"description\" content=\"Lucidspark: recensione strumento di collaborazione,\u00a0basato sul web, studiato per aiutare i team a collaborare su progetti e condividere idee\" \/>\n<meta name=\"robots\" content=\"index, follow, max-snippet:-1, max-image-preview:large, max-video-preview:-1\" \/>\n<link rel=\"canonical\" href=\"https:\/\/www.accuratereviews.com\/it\/programmi-mappe-mentali\/lucidspark-recensione\/\" \/>\n<meta property=\"og:locale\" content=\"it_IT\" \/>\n<meta property=\"og:type\" content=\"article\" \/>\n<meta property=\"og:title\" content=\"Lucidspark: recensione programma mappe mentali - AR\" \/>\n<meta property=\"og:description\" content=\"Lucidspark: recensione strumento di collaborazione,\u00a0basato sul web, studiato per aiutare i team a collaborare su progetti e condividere idee\" \/>\n<meta property=\"og:url\" content=\"https:\/\/www.accuratereviews.com\/it\/programmi-mappe-mentali\/lucidspark-recensione\/\" \/>\n<meta property=\"og:site_name\" content=\"Accurate Reviews\" \/>\n<meta property=\"article:modified_time\" content=\"2022-12-21T09:42:48+00:00\" \/>\n<meta property=\"og:image\" content=\"https:\/\/www.accuratereviews.com\/wp-content\/uploads\/2022\/12\/Lucidspark.jpeg\" \/>\n\t<meta property=\"og:image:width\" content=\"225\" \/>\n\t<meta property=\"og:image:height\" content=\"225\" \/>\n\t<meta property=\"og:image:type\" content=\"image\/jpeg\" \/>\n<meta name=\"twitter:card\" content=\"summary_large_image\" \/>\n<meta name=\"twitter:label1\" content=\"Tempo di lettura stimato\" \/>\n\t<meta name=\"twitter:data1\" content=\"4 minuti\" \/>\n<script type=\"application\/ld+json\" class=\"yoast-schema-graph\">{\"@context\":\"https:\\\/\\\/schema.org\",\"@graph\":[{\"@type\":\"WebPage\",\"@id\":\"https:\\\/\\\/www.accuratereviews.com\\\/it\\\/programmi-mappe-mentali\\\/lucidspark-recensione\\\/\",\"url\":\"https:\\\/\\\/www.accuratereviews.com\\\/it\\\/programmi-mappe-mentali\\\/lucidspark-recensione\\\/\",\"name\":\"Lucidspark: recensione programma mappe mentali - AR\",\"isPartOf\":{\"@id\":\"https:\\\/\\\/www.accuratereviews.com\\\/it\\\/#website\"},\"primaryImageOfPage\":{\"@id\":\"https:\\\/\\\/www.accuratereviews.com\\\/it\\\/programmi-mappe-mentali\\\/lucidspark-recensione\\\/#primaryimage\"},\"image\":{\"@id\":\"https:\\\/\\\/www.accuratereviews.com\\\/it\\\/programmi-mappe-mentali\\\/lucidspark-recensione\\\/#primaryimage\"},\"thumbnailUrl\":\"https:\\\/\\\/www.accuratereviews.com\\\/wp-content\\\/uploads\\\/2022\\\/12\\\/Lucidspark.jpeg\",\"datePublished\":\"2022-12-20T18:12:49+00:00\",\"dateModified\":\"2022-12-21T09:42:48+00:00\",\"description\":\"Lucidspark: recensione strumento di collaborazione,\u00a0basato sul web, studiato per aiutare i team a collaborare su progetti e condividere idee\",\"breadcrumb\":{\"@id\":\"https:\\\/\\\/www.accuratereviews.com\\\/it\\\/programmi-mappe-mentali\\\/lucidspark-recensione\\\/#breadcrumb\"},\"inLanguage\":\"it-IT\",\"potentialAction\":[{\"@type\":\"ReadAction\",\"target\":[\"https:\\\/\\\/www.accuratereviews.com\\\/it\\\/programmi-mappe-mentali\\\/lucidspark-recensione\\\/\"]}]},{\"@type\":\"ImageObject\",\"inLanguage\":\"it-IT\",\"@id\":\"https:\\\/\\\/www.accuratereviews.com\\\/it\\\/programmi-mappe-mentali\\\/lucidspark-recensione\\\/#primaryimage\",\"url\":\"https:\\\/\\\/www.accuratereviews.com\\\/wp-content\\\/uploads\\\/2022\\\/12\\\/Lucidspark.jpeg\",\"contentUrl\":\"https:\\\/\\\/www.accuratereviews.com\\\/wp-content\\\/uploads\\\/2022\\\/12\\\/Lucidspark.jpeg\",\"width\":225,\"height\":225},{\"@type\":\"BreadcrumbList\",\"@id\":\"https:\\\/\\\/www.accuratereviews.com\\\/it\\\/programmi-mappe-mentali\\\/lucidspark-recensione\\\/#breadcrumb\",\"itemListElement\":[{\"@type\":\"ListItem\",\"position\":1,\"name\":\"Home\",\"item\":\"https:\\\/\\\/www.accuratereviews.com\\\/it\\\/\"},{\"@type\":\"ListItem\",\"position\":2,\"name\":\"Programmi per mappe mentali\",\"item\":\"https:\\\/\\\/www.accuratereviews.com\\\/it\\\/programmi-mappe-mentali\\\/\"},{\"@type\":\"ListItem\",\"position\":3,\"name\":\"Lucidspark\"}]},{\"@type\":\"WebSite\",\"@id\":\"https:\\\/\\\/www.accuratereviews.com\\\/it\\\/#website\",\"url\":\"https:\\\/\\\/www.accuratereviews.com\\\/it\\\/\",\"name\":\"Accurate Reviews\",\"description\":\"\",\"potentialAction\":[{\"@type\":\"SearchAction\",\"target\":{\"@type\":\"EntryPoint\",\"urlTemplate\":\"https:\\\/\\\/www.accuratereviews.com\\\/it\\\/?s={search_term_string}\"},\"query-input\":{\"@type\":\"PropertyValueSpecification\",\"valueRequired\":true,\"valueName\":\"search_term_string\"}}],\"inLanguage\":\"it-IT\"}]}<\/script>\n<!-- \/ Yoast SEO plugin. -->","yoast_head_json":{"title":"Lucidspark: recensione programma mappe mentali - AR","description":"Lucidspark: recensione strumento di collaborazione,\u00a0basato sul web, studiato per aiutare i team a collaborare su progetti e condividere idee","robots":{"index":"index","follow":"follow","max-snippet":"max-snippet:-1","max-image-preview":"max-image-preview:large","max-video-preview":"max-video-preview:-1"},"canonical":"https:\/\/www.accuratereviews.com\/it\/programmi-mappe-mentali\/lucidspark-recensione\/","og_locale":"it_IT","og_type":"article","og_title":"Lucidspark: recensione programma mappe mentali - AR","og_description":"Lucidspark: recensione strumento di collaborazione,\u00a0basato sul web, studiato per aiutare i team a collaborare su progetti e condividere idee","og_url":"https:\/\/www.accuratereviews.com\/it\/programmi-mappe-mentali\/lucidspark-recensione\/","og_site_name":"Accurate Reviews","article_modified_time":"2022-12-21T09:42:48+00:00","og_image":[{"width":225,"height":225,"url":"https:\/\/www.accuratereviews.com\/wp-content\/uploads\/2022\/12\/Lucidspark.jpeg","type":"image\/jpeg"}],"twitter_card":"summary_large_image","twitter_misc":{"Tempo di lettura stimato":"4 minuti"},"schema":{"@context":"https:\/\/schema.org","@graph":[{"@type":"WebPage","@id":"https:\/\/www.accuratereviews.com\/it\/programmi-mappe-mentali\/lucidspark-recensione\/","url":"https:\/\/www.accuratereviews.com\/it\/programmi-mappe-mentali\/lucidspark-recensione\/","name":"Lucidspark: recensione programma mappe mentali - AR","isPartOf":{"@id":"https:\/\/www.accuratereviews.com\/it\/#website"},"primaryImageOfPage":{"@id":"https:\/\/www.accuratereviews.com\/it\/programmi-mappe-mentali\/lucidspark-recensione\/#primaryimage"},"image":{"@id":"https:\/\/www.accuratereviews.com\/it\/programmi-mappe-mentali\/lucidspark-recensione\/#primaryimage"},"thumbnailUrl":"https:\/\/www.accuratereviews.com\/wp-content\/uploads\/2022\/12\/Lucidspark.jpeg","datePublished":"2022-12-20T18:12:49+00:00","dateModified":"2022-12-21T09:42:48+00:00","description":"Lucidspark: recensione strumento di collaborazione,\u00a0basato sul web, studiato per aiutare i team a collaborare su progetti e condividere idee","breadcrumb":{"@id":"https:\/\/www.accuratereviews.com\/it\/programmi-mappe-mentali\/lucidspark-recensione\/#breadcrumb"},"inLanguage":"it-IT","potentialAction":[{"@type":"ReadAction","target":["https:\/\/www.accuratereviews.com\/it\/programmi-mappe-mentali\/lucidspark-recensione\/"]}]},{"@type":"ImageObject","inLanguage":"it-IT","@id":"https:\/\/www.accuratereviews.com\/it\/programmi-mappe-mentali\/lucidspark-recensione\/#primaryimage","url":"https:\/\/www.accuratereviews.com\/wp-content\/uploads\/2022\/12\/Lucidspark.jpeg","contentUrl":"https:\/\/www.accuratereviews.com\/wp-content\/uploads\/2022\/12\/Lucidspark.jpeg","width":225,"height":225},{"@type":"BreadcrumbList","@id":"https:\/\/www.accuratereviews.com\/it\/programmi-mappe-mentali\/lucidspark-recensione\/#breadcrumb","itemListElement":[{"@type":"ListItem","position":1,"name":"Home","item":"https:\/\/www.accuratereviews.com\/it\/"},{"@type":"ListItem","position":2,"name":"Programmi per mappe mentali","item":"https:\/\/www.accuratereviews.com\/it\/programmi-mappe-mentali\/"},{"@type":"ListItem","position":3,"name":"Lucidspark"}]},{"@type":"WebSite","@id":"https:\/\/www.accuratereviews.com\/it\/#website","url":"https:\/\/www.accuratereviews.com\/it\/","name":"Accurate Reviews","description":"","potentialAction":[{"@type":"SearchAction","target":{"@type":"EntryPoint","urlTemplate":"https:\/\/www.accuratereviews.com\/it\/?s={search_term_string}"},"query-input":{"@type":"PropertyValueSpecification","valueRequired":true,"valueName":"search_term_string"}}],"inLanguage":"it-IT"}]}},"_links":{"self":[{"href":"https:\/\/www.accuratereviews.com\/it\/wp-json\/wp\/v2\/pages\/65170","targetHints":{"allow":["GET"]}}],"collection":[{"href":"https:\/\/www.accuratereviews.com\/it\/wp-json\/wp\/v2\/pages"}],"about":[{"href":"https:\/\/www.accuratereviews.com\/it\/wp-json\/wp\/v2\/types\/page"}],"author":[{"embeddable":true,"href":"https:\/\/www.accuratereviews.com\/it\/wp-json\/wp\/v2\/users\/19"}],"replies":[{"embeddable":true,"href":"https:\/\/www.accuratereviews.com\/it\/wp-json\/wp\/v2\/comments?post=65170"}],"version-history":[{"count":9,"href":"https:\/\/www.accuratereviews.com\/it\/wp-json\/wp\/v2\/pages\/65170\/revisions"}],"predecessor-version":[{"id":65239,"href":"https:\/\/www.accuratereviews.com\/it\/wp-json\/wp\/v2\/pages\/65170\/revisions\/65239"}],"up":[{"embeddable":true,"href":"https:\/\/www.accuratereviews.com\/it\/wp-json\/wp\/v2\/pages\/65102"}],"wp:featuredmedia":[{"embeddable":true,"href":"https:\/\/www.accuratereviews.com\/it\/wp-json\/wp\/v2\/media\/65173"}],"wp:attachment":[{"href":"https:\/\/www.accuratereviews.com\/it\/wp-json\/wp\/v2\/media?parent=65170"}],"wp:term":[{"taxonomy":"category","embeddable":true,"href":"https:\/\/www.accuratereviews.com\/it\/wp-json\/wp\/v2\/categories?post=65170"},{"taxonomy":"post_tag","embeddable":true,"href":"https:\/\/www.accuratereviews.com\/it\/wp-json\/wp\/v2\/tags?post=65170"},{"taxonomy":"features","embeddable":true,"href":"https:\/\/www.accuratereviews.com\/it\/wp-json\/wp\/v2\/features?post=65170"}],"curies":[{"name":"wp","href":"https:\/\/api.w.org\/{rel}","templated":true}]}}